{"id":11440,"date":"2021-11-12T19:54:05","date_gmt":"2021-11-12T19:54:05","guid":{"rendered":"https:\/\/u-intosai.org\/plattformen\/"},"modified":"2024-07-18T12:56:14","modified_gmt":"2024-07-18T09:56:14","slug":"plattformen","status":"publish","type":"page","link":"https:\/\/u-intosai.org\/de\/plattformen\/","title":{"rendered":"Plattformen"},"content":{"rendered":"<div class=\"wpb-content-wrapper\"><p>[vc_row][vc_column][vc_custom_heading text=&#8220;PLATTFORMEN&#8220; font_container=&#8220;tag:h1|text_align:left&#8220; use_theme_fonts=&#8220;yes&#8220;][vc_cta h2=&#8220;&#8220;]In diesem Abschnitt finden Sie Bildungsplattformen und sonstige Online-Bildungsprojekte der INTOSAI-Gemeinschaft und einzelner Oberster Rechnungskontrollbeh\u00f6rden (ORKB). Die hier aufgef\u00fchrten Ressourcen bilden eine reiche Wissensbasis f\u00fcr die gesamte Gemeinschaft und tragen zur F\u00f6rderung des Potentials der Wirtschaftspr\u00fcfer der Zukunft bei.<\/p>\n<p>Falls irgendwelche der Plattformen eine Anmeldung oder die Bereitstellung von Zugang erfordern, wenden Sie sich bitte an den Besitzer dieser Plattform.<\/p>\n<p>Wenn Sie in diesem Abschnitt Informationen zu Ihren Bildungsressourcen ver\u00f6ffentlichen m\u00f6chten, kontaktieren Sie uns bitte per E-Mail unter: u_intosai@ach.gov.ru[\/vc_cta][\/vc_column][\/vc_row][vc_row][vc_column][vc_masonry_grid post_type=&#8220;post&#8220; max_items=&#8220;30&#8243; show_filter=&#8220;yes&#8220; element_width=&#8220;3&#8243; gap=&#8220;35&#8243; order=&#8220;ASC&#8220; filter_default_title=&#8220;Alle Sprachen&#8220; item=&#8220;10969&#8243; css=&#8220;&#8220; grid_id=&#8220;vc_gid:1721296528505-198e594a-d1d1-3&#8243; taxonomies=&#8220;905&#8243; filter_source=&#8220;post_tag&#8220;][\/vc_column][\/vc_row]<\/p>\n<\/div>","protected":false},"excerpt":{"rendered":"<p>[vc_row][vc_column][vc_custom_heading text=&#8220;PLATTFORMEN&#8220; font_container=&#8220;tag:h1|text_align:left&#8220; use_theme_fonts=&#8220;yes&#8220;][vc_cta h2=&#8220;&#8220;]In diesem Abschnitt finden Sie Bildungsplattformen und sonstige Online-Bildungsprojekte der INTOSAI-Gemeinschaft und einzelner Oberster Rechnungskontrollbeh\u00f6rden (ORKB). Die hier aufgef\u00fchrten Ressourcen bilden eine reiche Wissensbasis f\u00fcr die gesamte Gemeinschaft und tragen zur F\u00f6rderung des Potentials der Wirtschaftspr\u00fcfer der Zukunft bei. Falls irgendwelche der Plattformen eine Anmeldung oder die Bereitstellung von Zugang erfordern, [&hellip;]<\/p>\n","protected":false},"author":1,"featured_media":0,"parent":0,"menu_order":0,"comment_status":"closed","ping_status":"closed","template":"","meta":{"_acf_changed":false,"pmpro_default_level":"","footnotes":""},"class_list":["post-11440","page","type-page","status-publish","hentry","pmpro-has-access"],"acf":[],"yoast_head":"<!-- This site is optimized with the Yoast SEO plugin v27.3 - https:\/\/yoast.com\/product\/yoast-seo-wordpress\/ -->\n<title>Plattformen | U-INTOSAI<\/title>\n<meta name=\"description\" content=\"Plattformen\" \/>\n<meta name=\"robots\" content=\"index, follow, max-snippet:-1, max-image-preview:large, max-video-preview:-1\" \/>\n<link rel=\"canonical\" href=\"https:\/\/u-intosai.org\/de\/plattformen\/\" \/>\n<meta property=\"og:locale\" content=\"de_DE\" \/>\n<meta property=\"og:type\" content=\"article\" \/>\n<meta property=\"og:title\" content=\"Plattformen | U-INTOSAI\" \/>\n<meta property=\"og:description\" content=\"Plattformen\" \/>\n<meta property=\"og:url\" content=\"https:\/\/u-intosai.org\/de\/plattformen\/\" \/>\n<meta property=\"og:site_name\" content=\"U-INTOSAI\" \/>\n<meta property=\"article:modified_time\" content=\"2024-07-18T09:56:14+00:00\" \/>\n<meta property=\"og:image\" content=\"https:\/\/u-intosai.org\/wp-content\/uploads\/2022\/01\/video-poster-11920x1080-1.jpg\" \/>\n\t<meta property=\"og:image:width\" content=\"1920\" \/>\n\t<meta property=\"og:image:height\" content=\"1080\" \/>\n\t<meta property=\"og:image:type\" content=\"image\/jpeg\" \/>\n<meta name=\"twitter:card\" content=\"summary_large_image\" \/>\n<meta name=\"twitter:site\" content=\"@Incosai2019\" \/>\n<meta name=\"twitter:label1\" content=\"Gesch\u00e4tzte Lesezeit\" \/>\n\t<meta name=\"twitter:data1\" content=\"1\u00a0Minute\" \/>\n<script type=\"application\/ld+json\" class=\"yoast-schema-graph\">{\"@context\":\"https:\\\/\\\/schema.org\",\"@graph\":[{\"@type\":\"WebPage\",\"@id\":\"https:\\\/\\\/u-intosai.org\\\/de\\\/plattformen\\\/\",\"url\":\"https:\\\/\\\/u-intosai.org\\\/de\\\/plattformen\\\/\",\"name\":\"Plattformen | U-INTOSAI\",\"isPartOf\":{\"@id\":\"https:\\\/\\\/u-intosai.org\\\/de\\\/#website\"},\"datePublished\":\"2021-11-12T19:54:05+00:00\",\"dateModified\":\"2024-07-18T09:56:14+00:00\",\"description\":\"Plattformen\",\"breadcrumb\":{\"@id\":\"https:\\\/\\\/u-intosai.org\\\/de\\\/plattformen\\\/#breadcrumb\"},\"inLanguage\":\"de\",\"potentialAction\":[{\"@type\":\"ReadAction\",\"target\":[\"https:\\\/\\\/u-intosai.org\\\/de\\\/plattformen\\\/\"]}]},{\"@type\":\"BreadcrumbList\",\"@id\":\"https:\\\/\\\/u-intosai.org\\\/de\\\/plattformen\\\/#breadcrumb\",\"itemListElement\":[{\"@type\":\"ListItem\",\"position\":1,\"name\":\"U-INTOSAI\",\"item\":\"https:\\\/\\\/u-intosai.org\\\/de\\\/\"},{\"@type\":\"ListItem\",\"position\":2,\"name\":\"Plattformen\"}]},{\"@type\":\"WebSite\",\"@id\":\"https:\\\/\\\/u-intosai.org\\\/de\\\/#website\",\"url\":\"https:\\\/\\\/u-intosai.org\\\/de\\\/\",\"name\":\"U-INTOSAI\",\"description\":\"U-INTOSAI is an open online educational platform for all INTOSAI members created as a unique space for exchanging experience and advanced knowledge.\",\"publisher\":{\"@id\":\"https:\\\/\\\/u-intosai.org\\\/de\\\/#organization\"},\"potentialAction\":[{\"@type\":\"SearchAction\",\"target\":{\"@type\":\"EntryPoint\",\"urlTemplate\":\"https:\\\/\\\/u-intosai.org\\\/de\\\/?s={search_term_string}\"},\"query-input\":{\"@type\":\"PropertyValueSpecification\",\"valueRequired\":true,\"valueName\":\"search_term_string\"}}],\"inLanguage\":\"de\"},{\"@type\":\"Organization\",\"@id\":\"https:\\\/\\\/u-intosai.org\\\/de\\\/#organization\",\"name\":\"U-INTOSAI \u2014 University of INTOSAI\",\"url\":\"https:\\\/\\\/u-intosai.org\\\/de\\\/\",\"logo\":{\"@type\":\"ImageObject\",\"inLanguage\":\"de\",\"@id\":\"https:\\\/\\\/u-intosai.org\\\/de\\\/#\\\/schema\\\/logo\\\/image\\\/\",\"url\":\"https:\\\/\\\/u-intosai.org\\\/wp-content\\\/uploads\\\/2021\\\/08\\\/miniu-intosai-logo.png\",\"contentUrl\":\"https:\\\/\\\/u-intosai.org\\\/wp-content\\\/uploads\\\/2021\\\/08\\\/miniu-intosai-logo.png\",\"width\":1000,\"height\":479,\"caption\":\"U-INTOSAI \u2014 University of INTOSAI\"},\"image\":{\"@id\":\"https:\\\/\\\/u-intosai.org\\\/de\\\/#\\\/schema\\\/logo\\\/image\\\/\"},\"sameAs\":[\"https:\\\/\\\/x.com\\\/Incosai2019\",\"https:\\\/\\\/www.youtube.com\\\/channel\\\/UCjD--8sXtgxoPrxRQ_rz5GQ\"]}]}<\/script>\n<!-- \/ Yoast SEO plugin. -->","yoast_head_json":{"title":"Plattformen | U-INTOSAI","description":"Plattformen","robots":{"index":"index","follow":"follow","max-snippet":"max-snippet:-1","max-image-preview":"max-image-preview:large","max-video-preview":"max-video-preview:-1"},"canonical":"https:\/\/u-intosai.org\/de\/plattformen\/","og_locale":"de_DE","og_type":"article","og_title":"Plattformen | U-INTOSAI","og_description":"Plattformen","og_url":"https:\/\/u-intosai.org\/de\/plattformen\/","og_site_name":"U-INTOSAI","article_modified_time":"2024-07-18T09:56:14+00:00","og_image":[{"width":1920,"height":1080,"url":"https:\/\/u-intosai.org\/wp-content\/uploads\/2022\/01\/video-poster-11920x1080-1.jpg","type":"image\/jpeg"}],"twitter_card":"summary_large_image","twitter_site":"@Incosai2019","twitter_misc":{"Gesch\u00e4tzte Lesezeit":"1\u00a0Minute"},"schema":{"@context":"https:\/\/schema.org","@graph":[{"@type":"WebPage","@id":"https:\/\/u-intosai.org\/de\/plattformen\/","url":"https:\/\/u-intosai.org\/de\/plattformen\/","name":"Plattformen | U-INTOSAI","isPartOf":{"@id":"https:\/\/u-intosai.org\/de\/#website"},"datePublished":"2021-11-12T19:54:05+00:00","dateModified":"2024-07-18T09:56:14+00:00","description":"Plattformen","breadcrumb":{"@id":"https:\/\/u-intosai.org\/de\/plattformen\/#breadcrumb"},"inLanguage":"de","potentialAction":[{"@type":"ReadAction","target":["https:\/\/u-intosai.org\/de\/plattformen\/"]}]},{"@type":"BreadcrumbList","@id":"https:\/\/u-intosai.org\/de\/plattformen\/#breadcrumb","itemListElement":[{"@type":"ListItem","position":1,"name":"U-INTOSAI","item":"https:\/\/u-intosai.org\/de\/"},{"@type":"ListItem","position":2,"name":"Plattformen"}]},{"@type":"WebSite","@id":"https:\/\/u-intosai.org\/de\/#website","url":"https:\/\/u-intosai.org\/de\/","name":"U-INTOSAI","description":"U-INTOSAI is an open online educational platform for all INTOSAI members created as a unique space for exchanging experience and advanced knowledge.","publisher":{"@id":"https:\/\/u-intosai.org\/de\/#organization"},"potentialAction":[{"@type":"SearchAction","target":{"@type":"EntryPoint","urlTemplate":"https:\/\/u-intosai.org\/de\/?s={search_term_string}"},"query-input":{"@type":"PropertyValueSpecification","valueRequired":true,"valueName":"search_term_string"}}],"inLanguage":"de"},{"@type":"Organization","@id":"https:\/\/u-intosai.org\/de\/#organization","name":"U-INTOSAI \u2014 University of INTOSAI","url":"https:\/\/u-intosai.org\/de\/","logo":{"@type":"ImageObject","inLanguage":"de","@id":"https:\/\/u-intosai.org\/de\/#\/schema\/logo\/image\/","url":"https:\/\/u-intosai.org\/wp-content\/uploads\/2021\/08\/miniu-intosai-logo.png","contentUrl":"https:\/\/u-intosai.org\/wp-content\/uploads\/2021\/08\/miniu-intosai-logo.png","width":1000,"height":479,"caption":"U-INTOSAI \u2014 University of INTOSAI"},"image":{"@id":"https:\/\/u-intosai.org\/de\/#\/schema\/logo\/image\/"},"sameAs":["https:\/\/x.com\/Incosai2019","https:\/\/www.youtube.com\/channel\/UCjD--8sXtgxoPrxRQ_rz5GQ"]}]}},"_links":{"self":[{"href":"https:\/\/u-intosai.org\/de\/wp-json\/wp\/v2\/pages\/11440","targetHints":{"allow":["GET"]}}],"collection":[{"href":"https:\/\/u-intosai.org\/de\/wp-json\/wp\/v2\/pages"}],"about":[{"href":"https:\/\/u-intosai.org\/de\/wp-json\/wp\/v2\/types\/page"}],"author":[{"embeddable":true,"href":"https:\/\/u-intosai.org\/de\/wp-json\/wp\/v2\/users\/1"}],"replies":[{"embeddable":true,"href":"https:\/\/u-intosai.org\/de\/wp-json\/wp\/v2\/comments?post=11440"}],"version-history":[{"count":5,"href":"https:\/\/u-intosai.org\/de\/wp-json\/wp\/v2\/pages\/11440\/revisions"}],"predecessor-version":[{"id":44152,"href":"https:\/\/u-intosai.org\/de\/wp-json\/wp\/v2\/pages\/11440\/revisions\/44152"}],"wp:attachment":[{"href":"https:\/\/u-intosai.org\/de\/wp-json\/wp\/v2\/media?parent=11440"}],"curies":[{"name":"wp","href":"https:\/\/api.w.org\/{rel}","templated":true}]}}