{"id":12545,"date":"2022-02-15T10:32:36","date_gmt":"2022-02-15T10:32:36","guid":{"rendered":"https:\/\/u-intosai.org\/podcasts\/die-oberste-rechnungskontrollbehoerde-von-thailand\/"},"modified":"2022-02-15T10:49:57","modified_gmt":"2022-02-15T10:49:57","slug":"die-oberste-rechnungskontrollbehoerde-von-thailand","status":"publish","type":"page","link":"https:\/\/u-intosai.org\/de\/podcasts\/die-oberste-rechnungskontrollbehoerde-von-thailand\/","title":{"rendered":"Die Oberste Rechnungskontrollbeh\u00f6rde von Thailand"},"content":{"rendered":"<div class=\"wpb-content-wrapper\"><p>[vc_row][vc_column][vc_custom_heading text=&#8220;Der Podcast \u201eBericht\u201c von der Obersten Rechnungskontrollbeh\u00f6rde des K\u00f6nigreichs Thailand&#8220; font_container=&#8220;tag:h1|text_align:left&#8220; use_theme_fonts=&#8220;yes&#8220;][vc_column_text]<\/p>\n<p><a href=\"https:\/\/sites.google.com\/view\/insideout20\/podcast\" target=\"_blank\" rel=\"noopener\">Der Podcast \u201eBericht\u201c von der Obersten Rechnungskontrollbeh\u00f6rde des K\u00f6nigreichs Thailand<\/a><\/p>\n<p>Die Oberste Rechnungskontrollbeh\u00f6rde des K\u00f6nigreichs Thailand ber\u00e4t und teilt Erfahrungen, die bei den ausl\u00e4ndischen Wirtschaftspr\u00fcfungen gesammelt wurden.<\/p>\n<p>Sprache \u2013 Thai<\/p>\n<p><iframe loading=\"lazy\" style=\"border-radius: 12px;\" src=\"https:\/\/open.spotify.com\/embed\/show\/6E0Bf7ALSj1812fptE3gpg?utm_source=generator\" width=\"100%\" height=\"232\" frameborder=\"0\" allowfullscreen=\"allowfullscreen\"><\/iframe>[\/vc_column_text][\/vc_column][\/vc_row]<\/p>\n<\/div>","protected":false},"excerpt":{"rendered":"<p>[vc_row][vc_column][vc_custom_heading text=&#8220;Der Podcast \u201eBericht\u201c von der Obersten Rechnungskontrollbeh\u00f6rde des K\u00f6nigreichs Thailand&#8220; font_container=&#8220;tag:h1|text_align:left&#8220; use_theme_fonts=&#8220;yes&#8220;][vc_column_text] Der Podcast \u201eBericht\u201c von der Obersten Rechnungskontrollbeh\u00f6rde des K\u00f6nigreichs Thailand Die Oberste Rechnungskontrollbeh\u00f6rde des K\u00f6nigreichs Thailand ber\u00e4t und teilt Erfahrungen, die bei den ausl\u00e4ndischen Wirtschaftspr\u00fcfungen gesammelt wurden. Sprache \u2013 Thai [\/vc_column_text][\/vc_column][\/vc_row]<\/p>\n","protected":false},"author":1,"featured_media":12531,"parent":7659,"menu_order":0,"comment_status":"closed","ping_status":"closed","template":"","meta":{"_acf_changed":false,"pmpro_default_level":"","footnotes":""},"class_list":["post-12545","page","type-page","status-publish","has-post-thumbnail","hentry","pmpro-has-access"],"acf":[],"yoast_head":"<!-- This site is optimized with the Yoast SEO plugin v27.3 - https:\/\/yoast.com\/product\/yoast-seo-wordpress\/ -->\n<title>Die Oberste Rechnungskontrollbeh\u00f6rde von Thailand | U-INTOSAI<\/title>\n<meta name=\"description\" content=\"Die Oberste Rechnungskontrollbeh\u00f6rde von Thailand\" \/>\n<meta name=\"robots\" content=\"index, follow, max-snippet:-1, max-image-preview:large, max-video-preview:-1\" \/>\n<link rel=\"canonical\" href=\"https:\/\/u-intosai.org\/de\/podcasts\/die-oberste-rechnungskontrollbehoerde-von-thailand\/\" \/>\n<meta property=\"og:locale\" content=\"de_DE\" \/>\n<meta property=\"og:type\" content=\"article\" \/>\n<meta property=\"og:title\" content=\"Die Oberste Rechnungskontrollbeh\u00f6rde von Thailand | U-INTOSAI\" \/>\n<meta property=\"og:description\" content=\"Die Oberste Rechnungskontrollbeh\u00f6rde von Thailand\" \/>\n<meta property=\"og:url\" content=\"https:\/\/u-intosai.org\/de\/podcasts\/die-oberste-rechnungskontrollbehoerde-von-thailand\/\" \/>\n<meta property=\"og:site_name\" content=\"U-INTOSAI\" \/>\n<meta property=\"article:modified_time\" content=\"2022-02-15T10:49:57+00:00\" \/>\n<meta property=\"og:image\" content=\"https:\/\/u-intosai.org\/wp-content\/uploads\/2022\/02\/1287659612234569651251.jpg\" \/>\n\t<meta property=\"og:image:width\" content=\"487\" \/>\n\t<meta property=\"og:image:height\" content=\"487\" \/>\n\t<meta property=\"og:image:type\" content=\"image\/jpeg\" \/>\n<meta name=\"twitter:card\" content=\"summary_large_image\" \/>\n<meta name=\"twitter:site\" content=\"@Incosai2019\" \/>\n<script type=\"application\/ld+json\" class=\"yoast-schema-graph\">{\"@context\":\"https:\\\/\\\/schema.org\",\"@graph\":[{\"@type\":\"WebPage\",\"@id\":\"https:\\\/\\\/u-intosai.org\\\/de\\\/podcasts\\\/die-oberste-rechnungskontrollbehoerde-von-thailand\\\/\",\"url\":\"https:\\\/\\\/u-intosai.org\\\/de\\\/podcasts\\\/die-oberste-rechnungskontrollbehoerde-von-thailand\\\/\",\"name\":\"Die Oberste Rechnungskontrollbeh\u00f6rde von Thailand | U-INTOSAI\",\"isPartOf\":{\"@id\":\"https:\\\/\\\/u-intosai.org\\\/de\\\/#website\"},\"primaryImageOfPage\":{\"@id\":\"https:\\\/\\\/u-intosai.org\\\/de\\\/podcasts\\\/die-oberste-rechnungskontrollbehoerde-von-thailand\\\/#primaryimage\"},\"image\":{\"@id\":\"https:\\\/\\\/u-intosai.org\\\/de\\\/podcasts\\\/die-oberste-rechnungskontrollbehoerde-von-thailand\\\/#primaryimage\"},\"thumbnailUrl\":\"https:\\\/\\\/u-intosai.org\\\/wp-content\\\/uploads\\\/2022\\\/02\\\/1287659612234569651251.jpg\",\"datePublished\":\"2022-02-15T10:32:36+00:00\",\"dateModified\":\"2022-02-15T10:49:57+00:00\",\"description\":\"Die Oberste Rechnungskontrollbeh\u00f6rde von Thailand\",\"breadcrumb\":{\"@id\":\"https:\\\/\\\/u-intosai.org\\\/de\\\/podcasts\\\/die-oberste-rechnungskontrollbehoerde-von-thailand\\\/#breadcrumb\"},\"inLanguage\":\"de\",\"potentialAction\":[{\"@type\":\"ReadAction\",\"target\":[\"https:\\\/\\\/u-intosai.org\\\/de\\\/podcasts\\\/die-oberste-rechnungskontrollbehoerde-von-thailand\\\/\"]}]},{\"@type\":\"ImageObject\",\"inLanguage\":\"de\",\"@id\":\"https:\\\/\\\/u-intosai.org\\\/de\\\/podcasts\\\/die-oberste-rechnungskontrollbehoerde-von-thailand\\\/#primaryimage\",\"url\":\"https:\\\/\\\/u-intosai.org\\\/wp-content\\\/uploads\\\/2022\\\/02\\\/1287659612234569651251.jpg\",\"contentUrl\":\"https:\\\/\\\/u-intosai.org\\\/wp-content\\\/uploads\\\/2022\\\/02\\\/1287659612234569651251.jpg\",\"width\":487,\"height\":487},{\"@type\":\"BreadcrumbList\",\"@id\":\"https:\\\/\\\/u-intosai.org\\\/de\\\/podcasts\\\/die-oberste-rechnungskontrollbehoerde-von-thailand\\\/#breadcrumb\",\"itemListElement\":[{\"@type\":\"ListItem\",\"position\":1,\"name\":\"U-INTOSAI\",\"item\":\"https:\\\/\\\/u-intosai.org\\\/de\\\/\"},{\"@type\":\"ListItem\",\"position\":2,\"name\":\"Podcasts\",\"item\":\"https:\\\/\\\/u-intosai.org\\\/de\\\/podcasts\\\/\"},{\"@type\":\"ListItem\",\"position\":3,\"name\":\"Die Oberste Rechnungskontrollbeh\u00f6rde von Thailand\"}]},{\"@type\":\"WebSite\",\"@id\":\"https:\\\/\\\/u-intosai.org\\\/de\\\/#website\",\"url\":\"https:\\\/\\\/u-intosai.org\\\/de\\\/\",\"name\":\"U-INTOSAI\",\"description\":\"U-INTOSAI is an open online educational platform for all INTOSAI members created as a unique space for exchanging experience and advanced knowledge.\",\"publisher\":{\"@id\":\"https:\\\/\\\/u-intosai.org\\\/de\\\/#organization\"},\"potentialAction\":[{\"@type\":\"SearchAction\",\"target\":{\"@type\":\"EntryPoint\",\"urlTemplate\":\"https:\\\/\\\/u-intosai.org\\\/de\\\/?s={search_term_string}\"},\"query-input\":{\"@type\":\"PropertyValueSpecification\",\"valueRequired\":true,\"valueName\":\"search_term_string\"}}],\"inLanguage\":\"de\"},{\"@type\":\"Organization\",\"@id\":\"https:\\\/\\\/u-intosai.org\\\/de\\\/#organization\",\"name\":\"U-INTOSAI \u2014 University of INTOSAI\",\"url\":\"https:\\\/\\\/u-intosai.org\\\/de\\\/\",\"logo\":{\"@type\":\"ImageObject\",\"inLanguage\":\"de\",\"@id\":\"https:\\\/\\\/u-intosai.org\\\/de\\\/#\\\/schema\\\/logo\\\/image\\\/\",\"url\":\"https:\\\/\\\/u-intosai.org\\\/wp-content\\\/uploads\\\/2021\\\/08\\\/miniu-intosai-logo.png\",\"contentUrl\":\"https:\\\/\\\/u-intosai.org\\\/wp-content\\\/uploads\\\/2021\\\/08\\\/miniu-intosai-logo.png\",\"width\":1000,\"height\":479,\"caption\":\"U-INTOSAI \u2014 University of INTOSAI\"},\"image\":{\"@id\":\"https:\\\/\\\/u-intosai.org\\\/de\\\/#\\\/schema\\\/logo\\\/image\\\/\"},\"sameAs\":[\"https:\\\/\\\/x.com\\\/Incosai2019\",\"https:\\\/\\\/www.youtube.com\\\/channel\\\/UCjD--8sXtgxoPrxRQ_rz5GQ\"]}]}<\/script>\n<!-- \/ Yoast SEO plugin. -->","yoast_head_json":{"title":"Die Oberste Rechnungskontrollbeh\u00f6rde von Thailand | U-INTOSAI","description":"Die Oberste Rechnungskontrollbeh\u00f6rde von Thailand","robots":{"index":"index","follow":"follow","max-snippet":"max-snippet:-1","max-image-preview":"max-image-preview:large","max-video-preview":"max-video-preview:-1"},"canonical":"https:\/\/u-intosai.org\/de\/podcasts\/die-oberste-rechnungskontrollbehoerde-von-thailand\/","og_locale":"de_DE","og_type":"article","og_title":"Die Oberste Rechnungskontrollbeh\u00f6rde von Thailand | U-INTOSAI","og_description":"Die Oberste Rechnungskontrollbeh\u00f6rde von Thailand","og_url":"https:\/\/u-intosai.org\/de\/podcasts\/die-oberste-rechnungskontrollbehoerde-von-thailand\/","og_site_name":"U-INTOSAI","article_modified_time":"2022-02-15T10:49:57+00:00","og_image":[{"width":487,"height":487,"url":"https:\/\/u-intosai.org\/wp-content\/uploads\/2022\/02\/1287659612234569651251.jpg","type":"image\/jpeg"}],"twitter_card":"summary_large_image","twitter_site":"@Incosai2019","schema":{"@context":"https:\/\/schema.org","@graph":[{"@type":"WebPage","@id":"https:\/\/u-intosai.org\/de\/podcasts\/die-oberste-rechnungskontrollbehoerde-von-thailand\/","url":"https:\/\/u-intosai.org\/de\/podcasts\/die-oberste-rechnungskontrollbehoerde-von-thailand\/","name":"Die Oberste Rechnungskontrollbeh\u00f6rde von Thailand | U-INTOSAI","isPartOf":{"@id":"https:\/\/u-intosai.org\/de\/#website"},"primaryImageOfPage":{"@id":"https:\/\/u-intosai.org\/de\/podcasts\/die-oberste-rechnungskontrollbehoerde-von-thailand\/#primaryimage"},"image":{"@id":"https:\/\/u-intosai.org\/de\/podcasts\/die-oberste-rechnungskontrollbehoerde-von-thailand\/#primaryimage"},"thumbnailUrl":"https:\/\/u-intosai.org\/wp-content\/uploads\/2022\/02\/1287659612234569651251.jpg","datePublished":"2022-02-15T10:32:36+00:00","dateModified":"2022-02-15T10:49:57+00:00","description":"Die Oberste Rechnungskontrollbeh\u00f6rde von Thailand","breadcrumb":{"@id":"https:\/\/u-intosai.org\/de\/podcasts\/die-oberste-rechnungskontrollbehoerde-von-thailand\/#breadcrumb"},"inLanguage":"de","potentialAction":[{"@type":"ReadAction","target":["https:\/\/u-intosai.org\/de\/podcasts\/die-oberste-rechnungskontrollbehoerde-von-thailand\/"]}]},{"@type":"ImageObject","inLanguage":"de","@id":"https:\/\/u-intosai.org\/de\/podcasts\/die-oberste-rechnungskontrollbehoerde-von-thailand\/#primaryimage","url":"https:\/\/u-intosai.org\/wp-content\/uploads\/2022\/02\/1287659612234569651251.jpg","contentUrl":"https:\/\/u-intosai.org\/wp-content\/uploads\/2022\/02\/1287659612234569651251.jpg","width":487,"height":487},{"@type":"BreadcrumbList","@id":"https:\/\/u-intosai.org\/de\/podcasts\/die-oberste-rechnungskontrollbehoerde-von-thailand\/#breadcrumb","itemListElement":[{"@type":"ListItem","position":1,"name":"U-INTOSAI","item":"https:\/\/u-intosai.org\/de\/"},{"@type":"ListItem","position":2,"name":"Podcasts","item":"https:\/\/u-intosai.org\/de\/podcasts\/"},{"@type":"ListItem","position":3,"name":"Die Oberste Rechnungskontrollbeh\u00f6rde von Thailand"}]},{"@type":"WebSite","@id":"https:\/\/u-intosai.org\/de\/#website","url":"https:\/\/u-intosai.org\/de\/","name":"U-INTOSAI","description":"U-INTOSAI is an open online educational platform for all INTOSAI members created as a unique space for exchanging experience and advanced knowledge.","publisher":{"@id":"https:\/\/u-intosai.org\/de\/#organization"},"potentialAction":[{"@type":"SearchAction","target":{"@type":"EntryPoint","urlTemplate":"https:\/\/u-intosai.org\/de\/?s={search_term_string}"},"query-input":{"@type":"PropertyValueSpecification","valueRequired":true,"valueName":"search_term_string"}}],"inLanguage":"de"},{"@type":"Organization","@id":"https:\/\/u-intosai.org\/de\/#organization","name":"U-INTOSAI \u2014 University of INTOSAI","url":"https:\/\/u-intosai.org\/de\/","logo":{"@type":"ImageObject","inLanguage":"de","@id":"https:\/\/u-intosai.org\/de\/#\/schema\/logo\/image\/","url":"https:\/\/u-intosai.org\/wp-content\/uploads\/2021\/08\/miniu-intosai-logo.png","contentUrl":"https:\/\/u-intosai.org\/wp-content\/uploads\/2021\/08\/miniu-intosai-logo.png","width":1000,"height":479,"caption":"U-INTOSAI \u2014 University of INTOSAI"},"image":{"@id":"https:\/\/u-intosai.org\/de\/#\/schema\/logo\/image\/"},"sameAs":["https:\/\/x.com\/Incosai2019","https:\/\/www.youtube.com\/channel\/UCjD--8sXtgxoPrxRQ_rz5GQ"]}]}},"_links":{"self":[{"href":"https:\/\/u-intosai.org\/de\/wp-json\/wp\/v2\/pages\/12545","targetHints":{"allow":["GET"]}}],"collection":[{"href":"https:\/\/u-intosai.org\/de\/wp-json\/wp\/v2\/pages"}],"about":[{"href":"https:\/\/u-intosai.org\/de\/wp-json\/wp\/v2\/types\/page"}],"author":[{"embeddable":true,"href":"https:\/\/u-intosai.org\/de\/wp-json\/wp\/v2\/users\/1"}],"replies":[{"embeddable":true,"href":"https:\/\/u-intosai.org\/de\/wp-json\/wp\/v2\/comments?post=12545"}],"version-history":[{"count":5,"href":"https:\/\/u-intosai.org\/de\/wp-json\/wp\/v2\/pages\/12545\/revisions"}],"predecessor-version":[{"id":12568,"href":"https:\/\/u-intosai.org\/de\/wp-json\/wp\/v2\/pages\/12545\/revisions\/12568"}],"up":[{"embeddable":true,"href":"https:\/\/u-intosai.org\/de\/wp-json\/wp\/v2\/pages\/7659"}],"wp:featuredmedia":[{"embeddable":true,"href":"https:\/\/u-intosai.org\/de\/wp-json\/wp\/v2\/media\/12531"}],"wp:attachment":[{"href":"https:\/\/u-intosai.org\/de\/wp-json\/wp\/v2\/media?parent=12545"}],"curies":[{"name":"wp","href":"https:\/\/api.w.org\/{rel}","templated":true}]}}