{"id":12790,"date":"2022-03-15T10:42:51","date_gmt":"2022-03-15T10:42:51","guid":{"rendered":"https:\/\/u-intosai.org\/podcasts\/podcast-der-oberbehoerde-fuer-die-wirtschaftspruefung-des-koenigreiches-oman\/"},"modified":"2022-03-15T10:53:30","modified_gmt":"2022-03-15T10:53:30","slug":"podcast-der-oberbehoerde-fuer-die-wirtschaftspruefung-des-koenigreiches-oman","status":"publish","type":"page","link":"https:\/\/u-intosai.org\/de\/podcasts\/podcast-der-oberbehoerde-fuer-die-wirtschaftspruefung-des-koenigreiches-oman\/","title":{"rendered":"Oberbeh\u00f6rden f\u00fcr die Wirtschaftspr\u00fcfung von Oman"},"content":{"rendered":"<div class=\"wpb-content-wrapper\"><p>[vc_row][vc_column][vc_custom_heading text=&#8220;Podcast der Oberbeh\u00f6rde f\u00fcr die Wirtschaftspr\u00fcfung des K\u00f6nigreiches Oman&#8220; font_container=&#8220;tag:h1|text_align:left&#8220; use_theme_fonts=&#8220;yes&#8220;][vc_column_text]<a href=\"https:\/\/www.youtube.com\/playlist?list=PLGB6UPk69vItokFt_47Ymee6PJpLrTV9M%20target=\" rel=\"noopener\">Podcast der Oberbeh\u00f6rde f\u00fcr die Wirtschaftspr\u00fcfung des K\u00f6nigreiches Oman<\/a><\/p>\n<p>&#8222;Wirtschaftspr\u00fcfung ist die Pflicht f\u00fcr alle&#8220;<\/p>\n<p>Die Oberbeh\u00f6rde f\u00fcr die Wirtschaftspr\u00fcfung des K\u00f6nigreiches Oman sagt \u00fcber eine notwendige externe Kontrolle und \u00dcberwachung verschiedener Bereiche von staatlichen und \u00f6ffentlichen T\u00e4tigkeiten, Besonderheiten der Wirtschaftspr\u00fcfung w\u00e4hrend einer Krise, Ergebnisse von durchgef\u00fchrten Arbeiten und vieles mehr.<\/p>\n<p>Sprache \u2013 Arabisch<\/p>\n<p><iframe loading=\"lazy\" width=\"100%\" height=\"600\" src=\"https:\/\/www.youtube.com\/embed\/videoseries?list=PLGB6UPk69vItokFt_47Ymee6PJpLrTV9M\" title=\"YouTube video player\" frameborder=\"0\" allow=\"accelerometer; autoplay; clipboard-write; encrypted-media; gyroscope; picture-in-picture\" allowfullscreen><\/iframe><br \/>\n<br \/>\n[\/vc_column_text][\/vc_column][\/vc_row]<\/p>\n<\/div>","protected":false},"excerpt":{"rendered":"<p>[vc_row][vc_column][vc_custom_heading text=&#8220;Podcast der Oberbeh\u00f6rde f\u00fcr die Wirtschaftspr\u00fcfung des K\u00f6nigreiches Oman&#8220; font_container=&#8220;tag:h1|text_align:left&#8220; use_theme_fonts=&#8220;yes&#8220;][vc_column_text]Podcast der Oberbeh\u00f6rde f\u00fcr die Wirtschaftspr\u00fcfung des K\u00f6nigreiches Oman &#8222;Wirtschaftspr\u00fcfung ist die Pflicht f\u00fcr alle&#8220; Die Oberbeh\u00f6rde f\u00fcr die Wirtschaftspr\u00fcfung des K\u00f6nigreiches Oman sagt \u00fcber eine notwendige externe Kontrolle und \u00dcberwachung verschiedener Bereiche von staatlichen und \u00f6ffentlichen T\u00e4tigkeiten, Besonderheiten der Wirtschaftspr\u00fcfung w\u00e4hrend einer Krise, [&hellip;]<\/p>\n","protected":false},"author":1,"featured_media":12770,"parent":7659,"menu_order":0,"comment_status":"closed","ping_status":"closed","template":"","meta":{"_acf_changed":false,"pmpro_default_level":"","footnotes":""},"class_list":["post-12790","page","type-page","status-publish","has-post-thumbnail","hentry","pmpro-has-access"],"acf":[],"yoast_head":"<!-- This site is optimized with the Yoast SEO plugin v27.3 - https:\/\/yoast.com\/product\/yoast-seo-wordpress\/ -->\n<title>Oberbeh\u00f6rden f\u00fcr die Wirtschaftspr\u00fcfung von Oman | U-INTOSAI<\/title>\n<meta name=\"description\" content=\"Oberbeh\u00f6rden f\u00fcr die Wirtschaftspr\u00fcfung von Oman\" \/>\n<meta name=\"robots\" content=\"index, follow, max-snippet:-1, max-image-preview:large, max-video-preview:-1\" \/>\n<link rel=\"canonical\" href=\"https:\/\/u-intosai.org\/de\/podcasts\/podcast-der-oberbehoerde-fuer-die-wirtschaftspruefung-des-koenigreiches-oman\/\" \/>\n<meta property=\"og:locale\" content=\"de_DE\" \/>\n<meta property=\"og:type\" content=\"article\" \/>\n<meta property=\"og:title\" content=\"Oberbeh\u00f6rden f\u00fcr die Wirtschaftspr\u00fcfung von Oman | U-INTOSAI\" \/>\n<meta property=\"og:description\" content=\"Oberbeh\u00f6rden f\u00fcr die Wirtschaftspr\u00fcfung von Oman\" \/>\n<meta property=\"og:url\" content=\"https:\/\/u-intosai.org\/de\/podcasts\/podcast-der-oberbehoerde-fuer-die-wirtschaftspruefung-des-koenigreiches-oman\/\" \/>\n<meta property=\"og:site_name\" content=\"U-INTOSAI\" \/>\n<meta property=\"article:modified_time\" content=\"2022-03-15T10:53:30+00:00\" \/>\n<meta property=\"og:image\" content=\"https:\/\/u-intosai.org\/wp-content\/uploads\/2022\/03\/1926598162956125.jpg\" \/>\n\t<meta property=\"og:image:width\" content=\"800\" \/>\n\t<meta property=\"og:image:height\" content=\"800\" \/>\n\t<meta property=\"og:image:type\" content=\"image\/jpeg\" \/>\n<meta name=\"twitter:card\" content=\"summary_large_image\" \/>\n<meta name=\"twitter:site\" content=\"@Incosai2019\" \/>\n<meta name=\"twitter:label1\" content=\"Gesch\u00e4tzte Lesezeit\" \/>\n\t<meta name=\"twitter:data1\" content=\"1\u00a0Minute\" \/>\n<script type=\"application\/ld+json\" class=\"yoast-schema-graph\">{\"@context\":\"https:\\\/\\\/schema.org\",\"@graph\":[{\"@type\":\"WebPage\",\"@id\":\"https:\\\/\\\/u-intosai.org\\\/de\\\/podcasts\\\/podcast-der-oberbehoerde-fuer-die-wirtschaftspruefung-des-koenigreiches-oman\\\/\",\"url\":\"https:\\\/\\\/u-intosai.org\\\/de\\\/podcasts\\\/podcast-der-oberbehoerde-fuer-die-wirtschaftspruefung-des-koenigreiches-oman\\\/\",\"name\":\"Oberbeh\u00f6rden f\u00fcr die Wirtschaftspr\u00fcfung von Oman | U-INTOSAI\",\"isPartOf\":{\"@id\":\"https:\\\/\\\/u-intosai.org\\\/de\\\/#website\"},\"primaryImageOfPage\":{\"@id\":\"https:\\\/\\\/u-intosai.org\\\/de\\\/podcasts\\\/podcast-der-oberbehoerde-fuer-die-wirtschaftspruefung-des-koenigreiches-oman\\\/#primaryimage\"},\"image\":{\"@id\":\"https:\\\/\\\/u-intosai.org\\\/de\\\/podcasts\\\/podcast-der-oberbehoerde-fuer-die-wirtschaftspruefung-des-koenigreiches-oman\\\/#primaryimage\"},\"thumbnailUrl\":\"https:\\\/\\\/u-intosai.org\\\/wp-content\\\/uploads\\\/2022\\\/03\\\/1926598162956125.jpg\",\"datePublished\":\"2022-03-15T10:42:51+00:00\",\"dateModified\":\"2022-03-15T10:53:30+00:00\",\"description\":\"Oberbeh\u00f6rden f\u00fcr die Wirtschaftspr\u00fcfung von Oman\",\"breadcrumb\":{\"@id\":\"https:\\\/\\\/u-intosai.org\\\/de\\\/podcasts\\\/podcast-der-oberbehoerde-fuer-die-wirtschaftspruefung-des-koenigreiches-oman\\\/#breadcrumb\"},\"inLanguage\":\"de\",\"potentialAction\":[{\"@type\":\"ReadAction\",\"target\":[\"https:\\\/\\\/u-intosai.org\\\/de\\\/podcasts\\\/podcast-der-oberbehoerde-fuer-die-wirtschaftspruefung-des-koenigreiches-oman\\\/\"]}]},{\"@type\":\"ImageObject\",\"inLanguage\":\"de\",\"@id\":\"https:\\\/\\\/u-intosai.org\\\/de\\\/podcasts\\\/podcast-der-oberbehoerde-fuer-die-wirtschaftspruefung-des-koenigreiches-oman\\\/#primaryimage\",\"url\":\"https:\\\/\\\/u-intosai.org\\\/wp-content\\\/uploads\\\/2022\\\/03\\\/1926598162956125.jpg\",\"contentUrl\":\"https:\\\/\\\/u-intosai.org\\\/wp-content\\\/uploads\\\/2022\\\/03\\\/1926598162956125.jpg\",\"width\":800,\"height\":800},{\"@type\":\"BreadcrumbList\",\"@id\":\"https:\\\/\\\/u-intosai.org\\\/de\\\/podcasts\\\/podcast-der-oberbehoerde-fuer-die-wirtschaftspruefung-des-koenigreiches-oman\\\/#breadcrumb\",\"itemListElement\":[{\"@type\":\"ListItem\",\"position\":1,\"name\":\"U-INTOSAI\",\"item\":\"https:\\\/\\\/u-intosai.org\\\/de\\\/\"},{\"@type\":\"ListItem\",\"position\":2,\"name\":\"Podcasts\",\"item\":\"https:\\\/\\\/u-intosai.org\\\/de\\\/podcasts\\\/\"},{\"@type\":\"ListItem\",\"position\":3,\"name\":\"Oberbeh\u00f6rden f\u00fcr die Wirtschaftspr\u00fcfung von Oman\"}]},{\"@type\":\"WebSite\",\"@id\":\"https:\\\/\\\/u-intosai.org\\\/de\\\/#website\",\"url\":\"https:\\\/\\\/u-intosai.org\\\/de\\\/\",\"name\":\"U-INTOSAI\",\"description\":\"U-INTOSAI is an open online educational platform for all INTOSAI members created as a unique space for exchanging experience and advanced knowledge.\",\"publisher\":{\"@id\":\"https:\\\/\\\/u-intosai.org\\\/de\\\/#organization\"},\"potentialAction\":[{\"@type\":\"SearchAction\",\"target\":{\"@type\":\"EntryPoint\",\"urlTemplate\":\"https:\\\/\\\/u-intosai.org\\\/de\\\/?s={search_term_string}\"},\"query-input\":{\"@type\":\"PropertyValueSpecification\",\"valueRequired\":true,\"valueName\":\"search_term_string\"}}],\"inLanguage\":\"de\"},{\"@type\":\"Organization\",\"@id\":\"https:\\\/\\\/u-intosai.org\\\/de\\\/#organization\",\"name\":\"U-INTOSAI \u2014 University of INTOSAI\",\"url\":\"https:\\\/\\\/u-intosai.org\\\/de\\\/\",\"logo\":{\"@type\":\"ImageObject\",\"inLanguage\":\"de\",\"@id\":\"https:\\\/\\\/u-intosai.org\\\/de\\\/#\\\/schema\\\/logo\\\/image\\\/\",\"url\":\"https:\\\/\\\/u-intosai.org\\\/wp-content\\\/uploads\\\/2021\\\/08\\\/miniu-intosai-logo.png\",\"contentUrl\":\"https:\\\/\\\/u-intosai.org\\\/wp-content\\\/uploads\\\/2021\\\/08\\\/miniu-intosai-logo.png\",\"width\":1000,\"height\":479,\"caption\":\"U-INTOSAI \u2014 University of INTOSAI\"},\"image\":{\"@id\":\"https:\\\/\\\/u-intosai.org\\\/de\\\/#\\\/schema\\\/logo\\\/image\\\/\"},\"sameAs\":[\"https:\\\/\\\/x.com\\\/Incosai2019\",\"https:\\\/\\\/www.youtube.com\\\/channel\\\/UCjD--8sXtgxoPrxRQ_rz5GQ\"]}]}<\/script>\n<!-- \/ Yoast SEO plugin. -->","yoast_head_json":{"title":"Oberbeh\u00f6rden f\u00fcr die Wirtschaftspr\u00fcfung von Oman | U-INTOSAI","description":"Oberbeh\u00f6rden f\u00fcr die Wirtschaftspr\u00fcfung von Oman","robots":{"index":"index","follow":"follow","max-snippet":"max-snippet:-1","max-image-preview":"max-image-preview:large","max-video-preview":"max-video-preview:-1"},"canonical":"https:\/\/u-intosai.org\/de\/podcasts\/podcast-der-oberbehoerde-fuer-die-wirtschaftspruefung-des-koenigreiches-oman\/","og_locale":"de_DE","og_type":"article","og_title":"Oberbeh\u00f6rden f\u00fcr die Wirtschaftspr\u00fcfung von Oman | U-INTOSAI","og_description":"Oberbeh\u00f6rden f\u00fcr die Wirtschaftspr\u00fcfung von Oman","og_url":"https:\/\/u-intosai.org\/de\/podcasts\/podcast-der-oberbehoerde-fuer-die-wirtschaftspruefung-des-koenigreiches-oman\/","og_site_name":"U-INTOSAI","article_modified_time":"2022-03-15T10:53:30+00:00","og_image":[{"width":800,"height":800,"url":"https:\/\/u-intosai.org\/wp-content\/uploads\/2022\/03\/1926598162956125.jpg","type":"image\/jpeg"}],"twitter_card":"summary_large_image","twitter_site":"@Incosai2019","twitter_misc":{"Gesch\u00e4tzte Lesezeit":"1\u00a0Minute"},"schema":{"@context":"https:\/\/schema.org","@graph":[{"@type":"WebPage","@id":"https:\/\/u-intosai.org\/de\/podcasts\/podcast-der-oberbehoerde-fuer-die-wirtschaftspruefung-des-koenigreiches-oman\/","url":"https:\/\/u-intosai.org\/de\/podcasts\/podcast-der-oberbehoerde-fuer-die-wirtschaftspruefung-des-koenigreiches-oman\/","name":"Oberbeh\u00f6rden f\u00fcr die Wirtschaftspr\u00fcfung von Oman | U-INTOSAI","isPartOf":{"@id":"https:\/\/u-intosai.org\/de\/#website"},"primaryImageOfPage":{"@id":"https:\/\/u-intosai.org\/de\/podcasts\/podcast-der-oberbehoerde-fuer-die-wirtschaftspruefung-des-koenigreiches-oman\/#primaryimage"},"image":{"@id":"https:\/\/u-intosai.org\/de\/podcasts\/podcast-der-oberbehoerde-fuer-die-wirtschaftspruefung-des-koenigreiches-oman\/#primaryimage"},"thumbnailUrl":"https:\/\/u-intosai.org\/wp-content\/uploads\/2022\/03\/1926598162956125.jpg","datePublished":"2022-03-15T10:42:51+00:00","dateModified":"2022-03-15T10:53:30+00:00","description":"Oberbeh\u00f6rden f\u00fcr die Wirtschaftspr\u00fcfung von Oman","breadcrumb":{"@id":"https:\/\/u-intosai.org\/de\/podcasts\/podcast-der-oberbehoerde-fuer-die-wirtschaftspruefung-des-koenigreiches-oman\/#breadcrumb"},"inLanguage":"de","potentialAction":[{"@type":"ReadAction","target":["https:\/\/u-intosai.org\/de\/podcasts\/podcast-der-oberbehoerde-fuer-die-wirtschaftspruefung-des-koenigreiches-oman\/"]}]},{"@type":"ImageObject","inLanguage":"de","@id":"https:\/\/u-intosai.org\/de\/podcasts\/podcast-der-oberbehoerde-fuer-die-wirtschaftspruefung-des-koenigreiches-oman\/#primaryimage","url":"https:\/\/u-intosai.org\/wp-content\/uploads\/2022\/03\/1926598162956125.jpg","contentUrl":"https:\/\/u-intosai.org\/wp-content\/uploads\/2022\/03\/1926598162956125.jpg","width":800,"height":800},{"@type":"BreadcrumbList","@id":"https:\/\/u-intosai.org\/de\/podcasts\/podcast-der-oberbehoerde-fuer-die-wirtschaftspruefung-des-koenigreiches-oman\/#breadcrumb","itemListElement":[{"@type":"ListItem","position":1,"name":"U-INTOSAI","item":"https:\/\/u-intosai.org\/de\/"},{"@type":"ListItem","position":2,"name":"Podcasts","item":"https:\/\/u-intosai.org\/de\/podcasts\/"},{"@type":"ListItem","position":3,"name":"Oberbeh\u00f6rden f\u00fcr die Wirtschaftspr\u00fcfung von Oman"}]},{"@type":"WebSite","@id":"https:\/\/u-intosai.org\/de\/#website","url":"https:\/\/u-intosai.org\/de\/","name":"U-INTOSAI","description":"U-INTOSAI is an open online educational platform for all INTOSAI members created as a unique space for exchanging experience and advanced knowledge.","publisher":{"@id":"https:\/\/u-intosai.org\/de\/#organization"},"potentialAction":[{"@type":"SearchAction","target":{"@type":"EntryPoint","urlTemplate":"https:\/\/u-intosai.org\/de\/?s={search_term_string}"},"query-input":{"@type":"PropertyValueSpecification","valueRequired":true,"valueName":"search_term_string"}}],"inLanguage":"de"},{"@type":"Organization","@id":"https:\/\/u-intosai.org\/de\/#organization","name":"U-INTOSAI \u2014 University of INTOSAI","url":"https:\/\/u-intosai.org\/de\/","logo":{"@type":"ImageObject","inLanguage":"de","@id":"https:\/\/u-intosai.org\/de\/#\/schema\/logo\/image\/","url":"https:\/\/u-intosai.org\/wp-content\/uploads\/2021\/08\/miniu-intosai-logo.png","contentUrl":"https:\/\/u-intosai.org\/wp-content\/uploads\/2021\/08\/miniu-intosai-logo.png","width":1000,"height":479,"caption":"U-INTOSAI \u2014 University of INTOSAI"},"image":{"@id":"https:\/\/u-intosai.org\/de\/#\/schema\/logo\/image\/"},"sameAs":["https:\/\/x.com\/Incosai2019","https:\/\/www.youtube.com\/channel\/UCjD--8sXtgxoPrxRQ_rz5GQ"]}]}},"_links":{"self":[{"href":"https:\/\/u-intosai.org\/de\/wp-json\/wp\/v2\/pages\/12790","targetHints":{"allow":["GET"]}}],"collection":[{"href":"https:\/\/u-intosai.org\/de\/wp-json\/wp\/v2\/pages"}],"about":[{"href":"https:\/\/u-intosai.org\/de\/wp-json\/wp\/v2\/types\/page"}],"author":[{"embeddable":true,"href":"https:\/\/u-intosai.org\/de\/wp-json\/wp\/v2\/users\/1"}],"replies":[{"embeddable":true,"href":"https:\/\/u-intosai.org\/de\/wp-json\/wp\/v2\/comments?post=12790"}],"version-history":[{"count":5,"href":"https:\/\/u-intosai.org\/de\/wp-json\/wp\/v2\/pages\/12790\/revisions"}],"predecessor-version":[{"id":12809,"href":"https:\/\/u-intosai.org\/de\/wp-json\/wp\/v2\/pages\/12790\/revisions\/12809"}],"up":[{"embeddable":true,"href":"https:\/\/u-intosai.org\/de\/wp-json\/wp\/v2\/pages\/7659"}],"wp:featuredmedia":[{"embeddable":true,"href":"https:\/\/u-intosai.org\/de\/wp-json\/wp\/v2\/media\/12770"}],"wp:attachment":[{"href":"https:\/\/u-intosai.org\/de\/wp-json\/wp\/v2\/media?parent=12790"}],"curies":[{"name":"wp","href":"https:\/\/api.w.org\/{rel}","templated":true}]}}