{"id":18577,"date":"2022-08-08T22:06:45","date_gmt":"2022-08-08T19:06:45","guid":{"rendered":"https:\/\/u-intosai.org\/podcasts\/lets-talk-trade-wto-podcast\/"},"modified":"2022-08-10T20:40:22","modified_gmt":"2022-08-10T17:40:22","slug":"lets-talk-trade-wto-podcast","status":"publish","type":"page","link":"https:\/\/u-intosai.org\/de\/podcasts\/lets-talk-trade-wto-podcast\/","title":{"rendered":"Reden wir \u00fcber den Handel. WTO-Podcast"},"content":{"rendered":"<div class=\"wpb-content-wrapper\"><p>[vc_row][vc_column][vc_custom_heading text=&#8220;Reden wir \u00fcber den Handel. WTO-Podcast&#8220; font_container=&#8220;tag:h1|text_align:left&#8220; use_theme_fonts=&#8220;yes&#8220;][vc_column_text]<\/p>\n<p><a href=\"https:\/\/podcasts.apple.com\/podcast\/lets-talk-trade-by-wto\/id1586366690\" target=\"_blank\" rel=\"noopener\">Reden wir \u00fcber den Handel. WTO-Podcast<\/a><\/p>\n<p>Jede Saison des Podcasts erschlie\u00dft ein neues Thema und l\u00e4dt geladene G\u00e4ste ein, dar\u00fcber zu sprechen, welche Bedeutung der Handel f\u00fcr sie hat und was die Welthandelsorganisation damit zu tun hat.<\/p>\n<p>Sprache &#8211; Englisch<\/p>\n<p>[\/vc_column_text][vc_raw_html]JTNDaWZyYW1lJTIwYWxsb3clM0QlMjJhdXRvcGxheSUyMCUyQSUzQiUyMGVuY3J5cHRlZC1tZWRpYSUyMCUyQSUzQiUyMGZ1bGxzY3JlZW4lMjAlMkElM0IlMjBjbGlwYm9hcmQtd3JpdGUlMjIlMjBmcmFtZWJvcmRlciUzRCUyMjAlMjIlMjBoZWlnaHQlM0QlMjI0NTAlMjIlMjBzdHlsZSUzRCUyMndpZHRoJTNBMTAwJTI1JTNCbWF4LXdpZHRoJTNBNjYwcHglM0JvdmVyZmxvdyUzQWhpZGRlbiUzQmJhY2tncm91bmQlM0F0cmFuc3BhcmVudCUzQiUyMiUyMHNhbmRib3glM0QlMjJhbGxvdy1mb3JtcyUyMGFsbG93LXBvcHVwcyUyMGFsbG93LXNhbWUtb3JpZ2luJTIwYWxsb3ctc2NyaXB0cyUyMGFsbG93LXN0b3JhZ2UtYWNjZXNzLWJ5LXVzZXItYWN0aXZhdGlvbiUyMGFsbG93LXRvcC1uYXZpZ2F0aW9uLWJ5LXVzZXItYWN0aXZhdGlvbiUyMiUyMHNyYyUzRCUyMmh0dHBzJTNBJTJGJTJGZW1iZWQucG9kY2FzdHMuYXBwbGUuY29tJTJGdXMlMkZwb2RjYXN0JTJGbGV0cy10YWxrLXRyYWRlLWJ5LXd0byUyRmlkMTU4NjM2NjY5MCUyMiUzRSUzQyUyRmlmcmFtZSUzRQ==[\/vc_raw_html][\/vc_column][\/vc_row]<\/p>\n<\/div>","protected":false},"excerpt":{"rendered":"<p>[vc_row][vc_column][vc_custom_heading text=&#8220;Reden wir \u00fcber den Handel. WTO-Podcast&#8220; font_container=&#8220;tag:h1|text_align:left&#8220; use_theme_fonts=&#8220;yes&#8220;][vc_column_text] Reden wir \u00fcber den Handel. WTO-Podcast Jede Saison des Podcasts erschlie\u00dft ein neues Thema und l\u00e4dt geladene G\u00e4ste ein, dar\u00fcber zu sprechen, welche Bedeutung der Handel f\u00fcr sie hat und was die Welthandelsorganisation damit zu tun hat. Sprache &#8211; Englisch [\/vc_column_text][vc_raw_html]JTNDaWZyYW1lJTIwYWxsb3clM0QlMjJhdXRvcGxheSUyMCUyQSUzQiUyMGVuY3J5cHRlZC1tZWRpYSUyMCUyQSUzQiUyMGZ1bGxzY3JlZW4lMjAlMkElM0IlMjBjbGlwYm9hcmQtd3JpdGUlMjIlMjBmcmFtZWJvcmRlciUzRCUyMjAlMjIlMjBoZWlnaHQlM0QlMjI0NTAlMjIlMjBzdHlsZSUzRCUyMndpZHRoJTNBMTAwJTI1JTNCbWF4LXdpZHRoJTNBNjYwcHglM0JvdmVyZmxvdyUzQWhpZGRlbiUzQmJhY2tncm91bmQlM0F0cmFuc3BhcmVudCUzQiUyMiUyMHNhbmRib3glM0QlMjJhbGxvdy1mb3JtcyUyMGFsbG93LXBvcHVwcyUyMGFsbG93LXNhbWUtb3JpZ2luJTIwYWxsb3ctc2NyaXB0cyUyMGFsbG93LXN0b3JhZ2UtYWNjZXNzLWJ5LXVzZXItYWN0aXZhdGlvbiUyMGFsbG93LXRvcC1uYXZpZ2F0aW9uLWJ5LXVzZXItYWN0aXZhdGlvbiUyMiUyMHNyYyUzRCUyMmh0dHBzJTNBJTJGJTJGZW1iZWQucG9kY2FzdHMuYXBwbGUuY29tJTJGdXMlMkZwb2RjYXN0JTJGbGV0cy10YWxrLXRyYWRlLWJ5LXd0byUyRmlkMTU4NjM2NjY5MCUyMiUzRSUzQyUyRmlmcmFtZSUzRQ==[\/vc_raw_html][\/vc_column][\/vc_row]<\/p>\n","protected":false},"author":1,"featured_media":0,"parent":7659,"menu_order":0,"comment_status":"closed","ping_status":"closed","template":"","meta":{"_acf_changed":false,"pmpro_default_level":"","footnotes":""},"class_list":["post-18577","page","type-page","status-publish","hentry","pmpro-has-access"],"acf":[],"yoast_head":"<!-- This site is optimized with the Yoast SEO plugin v27.3 - https:\/\/yoast.com\/product\/yoast-seo-wordpress\/ -->\n<title>Reden wir \u00fcber den Handel. WTO-Podcast | U-INTOSAI<\/title>\n<meta name=\"description\" content=\"Reden wir \u00fcber den Handel. WTO-Podcast\" \/>\n<meta name=\"robots\" content=\"index, follow, max-snippet:-1, max-image-preview:large, max-video-preview:-1\" \/>\n<link rel=\"canonical\" href=\"https:\/\/u-intosai.org\/de\/podcasts\/lets-talk-trade-wto-podcast\/\" \/>\n<meta property=\"og:locale\" content=\"de_DE\" \/>\n<meta property=\"og:type\" content=\"article\" \/>\n<meta property=\"og:title\" content=\"Reden wir \u00fcber den Handel. WTO-Podcast | U-INTOSAI\" \/>\n<meta property=\"og:description\" content=\"Reden wir \u00fcber den Handel. WTO-Podcast\" \/>\n<meta property=\"og:url\" content=\"https:\/\/u-intosai.org\/de\/podcasts\/lets-talk-trade-wto-podcast\/\" \/>\n<meta property=\"og:site_name\" content=\"U-INTOSAI\" \/>\n<meta property=\"article:modified_time\" content=\"2022-08-10T17:40:22+00:00\" \/>\n<meta property=\"og:image\" content=\"https:\/\/u-intosai.org\/wp-content\/uploads\/2022\/01\/video-poster-11920x1080-1.jpg\" \/>\n\t<meta property=\"og:image:width\" content=\"1920\" \/>\n\t<meta property=\"og:image:height\" content=\"1080\" \/>\n\t<meta property=\"og:image:type\" content=\"image\/jpeg\" \/>\n<meta name=\"twitter:card\" content=\"summary_large_image\" \/>\n<meta name=\"twitter:site\" content=\"@Incosai2019\" \/>\n<meta name=\"twitter:label1\" content=\"Gesch\u00e4tzte Lesezeit\" \/>\n\t<meta name=\"twitter:data1\" content=\"1\u00a0Minute\" \/>\n<script type=\"application\/ld+json\" class=\"yoast-schema-graph\">{\"@context\":\"https:\\\/\\\/schema.org\",\"@graph\":[{\"@type\":\"WebPage\",\"@id\":\"https:\\\/\\\/u-intosai.org\\\/de\\\/podcasts\\\/lets-talk-trade-wto-podcast\\\/\",\"url\":\"https:\\\/\\\/u-intosai.org\\\/de\\\/podcasts\\\/lets-talk-trade-wto-podcast\\\/\",\"name\":\"Reden wir \u00fcber den Handel. WTO-Podcast | U-INTOSAI\",\"isPartOf\":{\"@id\":\"https:\\\/\\\/u-intosai.org\\\/de\\\/#website\"},\"datePublished\":\"2022-08-08T19:06:45+00:00\",\"dateModified\":\"2022-08-10T17:40:22+00:00\",\"description\":\"Reden wir \u00fcber den Handel. WTO-Podcast\",\"breadcrumb\":{\"@id\":\"https:\\\/\\\/u-intosai.org\\\/de\\\/podcasts\\\/lets-talk-trade-wto-podcast\\\/#breadcrumb\"},\"inLanguage\":\"de\",\"potentialAction\":[{\"@type\":\"ReadAction\",\"target\":[\"https:\\\/\\\/u-intosai.org\\\/de\\\/podcasts\\\/lets-talk-trade-wto-podcast\\\/\"]}]},{\"@type\":\"BreadcrumbList\",\"@id\":\"https:\\\/\\\/u-intosai.org\\\/de\\\/podcasts\\\/lets-talk-trade-wto-podcast\\\/#breadcrumb\",\"itemListElement\":[{\"@type\":\"ListItem\",\"position\":1,\"name\":\"U-INTOSAI\",\"item\":\"https:\\\/\\\/u-intosai.org\\\/de\\\/\"},{\"@type\":\"ListItem\",\"position\":2,\"name\":\"Podcasts\",\"item\":\"https:\\\/\\\/u-intosai.org\\\/de\\\/podcasts\\\/\"},{\"@type\":\"ListItem\",\"position\":3,\"name\":\"Reden wir \u00fcber den Handel. WTO-Podcast\"}]},{\"@type\":\"WebSite\",\"@id\":\"https:\\\/\\\/u-intosai.org\\\/de\\\/#website\",\"url\":\"https:\\\/\\\/u-intosai.org\\\/de\\\/\",\"name\":\"U-INTOSAI\",\"description\":\"U-INTOSAI is an open online educational platform for all INTOSAI members created as a unique space for exchanging experience and advanced knowledge.\",\"publisher\":{\"@id\":\"https:\\\/\\\/u-intosai.org\\\/de\\\/#organization\"},\"potentialAction\":[{\"@type\":\"SearchAction\",\"target\":{\"@type\":\"EntryPoint\",\"urlTemplate\":\"https:\\\/\\\/u-intosai.org\\\/de\\\/?s={search_term_string}\"},\"query-input\":{\"@type\":\"PropertyValueSpecification\",\"valueRequired\":true,\"valueName\":\"search_term_string\"}}],\"inLanguage\":\"de\"},{\"@type\":\"Organization\",\"@id\":\"https:\\\/\\\/u-intosai.org\\\/de\\\/#organization\",\"name\":\"U-INTOSAI \u2014 University of INTOSAI\",\"url\":\"https:\\\/\\\/u-intosai.org\\\/de\\\/\",\"logo\":{\"@type\":\"ImageObject\",\"inLanguage\":\"de\",\"@id\":\"https:\\\/\\\/u-intosai.org\\\/de\\\/#\\\/schema\\\/logo\\\/image\\\/\",\"url\":\"https:\\\/\\\/u-intosai.org\\\/wp-content\\\/uploads\\\/2021\\\/08\\\/miniu-intosai-logo.png\",\"contentUrl\":\"https:\\\/\\\/u-intosai.org\\\/wp-content\\\/uploads\\\/2021\\\/08\\\/miniu-intosai-logo.png\",\"width\":1000,\"height\":479,\"caption\":\"U-INTOSAI \u2014 University of INTOSAI\"},\"image\":{\"@id\":\"https:\\\/\\\/u-intosai.org\\\/de\\\/#\\\/schema\\\/logo\\\/image\\\/\"},\"sameAs\":[\"https:\\\/\\\/x.com\\\/Incosai2019\",\"https:\\\/\\\/www.youtube.com\\\/channel\\\/UCjD--8sXtgxoPrxRQ_rz5GQ\"]}]}<\/script>\n<!-- \/ Yoast SEO plugin. -->","yoast_head_json":{"title":"Reden wir \u00fcber den Handel. WTO-Podcast | U-INTOSAI","description":"Reden wir \u00fcber den Handel. WTO-Podcast","robots":{"index":"index","follow":"follow","max-snippet":"max-snippet:-1","max-image-preview":"max-image-preview:large","max-video-preview":"max-video-preview:-1"},"canonical":"https:\/\/u-intosai.org\/de\/podcasts\/lets-talk-trade-wto-podcast\/","og_locale":"de_DE","og_type":"article","og_title":"Reden wir \u00fcber den Handel. WTO-Podcast | U-INTOSAI","og_description":"Reden wir \u00fcber den Handel. WTO-Podcast","og_url":"https:\/\/u-intosai.org\/de\/podcasts\/lets-talk-trade-wto-podcast\/","og_site_name":"U-INTOSAI","article_modified_time":"2022-08-10T17:40:22+00:00","og_image":[{"width":1920,"height":1080,"url":"https:\/\/u-intosai.org\/wp-content\/uploads\/2022\/01\/video-poster-11920x1080-1.jpg","type":"image\/jpeg"}],"twitter_card":"summary_large_image","twitter_site":"@Incosai2019","twitter_misc":{"Gesch\u00e4tzte Lesezeit":"1\u00a0Minute"},"schema":{"@context":"https:\/\/schema.org","@graph":[{"@type":"WebPage","@id":"https:\/\/u-intosai.org\/de\/podcasts\/lets-talk-trade-wto-podcast\/","url":"https:\/\/u-intosai.org\/de\/podcasts\/lets-talk-trade-wto-podcast\/","name":"Reden wir \u00fcber den Handel. WTO-Podcast | U-INTOSAI","isPartOf":{"@id":"https:\/\/u-intosai.org\/de\/#website"},"datePublished":"2022-08-08T19:06:45+00:00","dateModified":"2022-08-10T17:40:22+00:00","description":"Reden wir \u00fcber den Handel. WTO-Podcast","breadcrumb":{"@id":"https:\/\/u-intosai.org\/de\/podcasts\/lets-talk-trade-wto-podcast\/#breadcrumb"},"inLanguage":"de","potentialAction":[{"@type":"ReadAction","target":["https:\/\/u-intosai.org\/de\/podcasts\/lets-talk-trade-wto-podcast\/"]}]},{"@type":"BreadcrumbList","@id":"https:\/\/u-intosai.org\/de\/podcasts\/lets-talk-trade-wto-podcast\/#breadcrumb","itemListElement":[{"@type":"ListItem","position":1,"name":"U-INTOSAI","item":"https:\/\/u-intosai.org\/de\/"},{"@type":"ListItem","position":2,"name":"Podcasts","item":"https:\/\/u-intosai.org\/de\/podcasts\/"},{"@type":"ListItem","position":3,"name":"Reden wir \u00fcber den Handel. WTO-Podcast"}]},{"@type":"WebSite","@id":"https:\/\/u-intosai.org\/de\/#website","url":"https:\/\/u-intosai.org\/de\/","name":"U-INTOSAI","description":"U-INTOSAI is an open online educational platform for all INTOSAI members created as a unique space for exchanging experience and advanced knowledge.","publisher":{"@id":"https:\/\/u-intosai.org\/de\/#organization"},"potentialAction":[{"@type":"SearchAction","target":{"@type":"EntryPoint","urlTemplate":"https:\/\/u-intosai.org\/de\/?s={search_term_string}"},"query-input":{"@type":"PropertyValueSpecification","valueRequired":true,"valueName":"search_term_string"}}],"inLanguage":"de"},{"@type":"Organization","@id":"https:\/\/u-intosai.org\/de\/#organization","name":"U-INTOSAI \u2014 University of INTOSAI","url":"https:\/\/u-intosai.org\/de\/","logo":{"@type":"ImageObject","inLanguage":"de","@id":"https:\/\/u-intosai.org\/de\/#\/schema\/logo\/image\/","url":"https:\/\/u-intosai.org\/wp-content\/uploads\/2021\/08\/miniu-intosai-logo.png","contentUrl":"https:\/\/u-intosai.org\/wp-content\/uploads\/2021\/08\/miniu-intosai-logo.png","width":1000,"height":479,"caption":"U-INTOSAI \u2014 University of INTOSAI"},"image":{"@id":"https:\/\/u-intosai.org\/de\/#\/schema\/logo\/image\/"},"sameAs":["https:\/\/x.com\/Incosai2019","https:\/\/www.youtube.com\/channel\/UCjD--8sXtgxoPrxRQ_rz5GQ"]}]}},"_links":{"self":[{"href":"https:\/\/u-intosai.org\/de\/wp-json\/wp\/v2\/pages\/18577","targetHints":{"allow":["GET"]}}],"collection":[{"href":"https:\/\/u-intosai.org\/de\/wp-json\/wp\/v2\/pages"}],"about":[{"href":"https:\/\/u-intosai.org\/de\/wp-json\/wp\/v2\/types\/page"}],"author":[{"embeddable":true,"href":"https:\/\/u-intosai.org\/de\/wp-json\/wp\/v2\/users\/1"}],"replies":[{"embeddable":true,"href":"https:\/\/u-intosai.org\/de\/wp-json\/wp\/v2\/comments?post=18577"}],"version-history":[{"count":4,"href":"https:\/\/u-intosai.org\/de\/wp-json\/wp\/v2\/pages\/18577\/revisions"}],"predecessor-version":[{"id":18760,"href":"https:\/\/u-intosai.org\/de\/wp-json\/wp\/v2\/pages\/18577\/revisions\/18760"}],"up":[{"embeddable":true,"href":"https:\/\/u-intosai.org\/de\/wp-json\/wp\/v2\/pages\/7659"}],"wp:attachment":[{"href":"https:\/\/u-intosai.org\/de\/wp-json\/wp\/v2\/media?parent=18577"}],"curies":[{"name":"wp","href":"https:\/\/api.w.org\/{rel}","templated":true}]}}