{"id":18637,"date":"2022-08-08T22:01:34","date_gmt":"2022-08-08T19:01:34","guid":{"rendered":"https:\/\/u-intosai.org\/podcasts\/water-world-world-bank-podcast\/"},"modified":"2022-08-11T00:54:32","modified_gmt":"2022-08-10T21:54:32","slug":"water-world-world-bank-podcast","status":"publish","type":"page","link":"https:\/\/u-intosai.org\/de\/podcasts\/water-world-world-bank-podcast\/","title":{"rendered":"Wasserwelt. WB-Podcast"},"content":{"rendered":"<div class=\"wpb-content-wrapper\"><p>[vc_row][vc_column][vc_custom_heading text=&#8220;Wasserwelt. WB-Podcast&#8220; font_container=&#8220;tag:h1|text_align:left&#8220; use_theme_fonts=&#8220;yes&#8220;][vc_column_text]<\/p>\n<p><a href=\"https:\/\/podcasts.apple.com\/podcast\/water-world\/id1517135472\" target=\"_blank\" rel=\"noopener\">Wasserwelt. WB-Podcast<\/a><\/p>\n<p>Eine Reihe von Workshops, die von der Globalen Praktik der Wasserressourcen der Weltbank und der Globalen Partnerschaft f\u00fcr Wassersicherheit und Sanierung zur Gew\u00e4hrleistung der Sicherheit und des Gew\u00e4sserschutzes vorbereitet wurden.<\/p>\n<p>Sprache &#8211; Englisch<\/p>\n<p>[\/vc_column_text][vc_raw_html]JTNDaWZyYW1lJTIwYWxsb3clM0QlMjJhdXRvcGxheSUyMCUyQSUzQiUyMGVuY3J5cHRlZC1tZWRpYSUyMCUyQSUzQiUyMGZ1bGxzY3JlZW4lMjAlMkElM0IlMjBjbGlwYm9hcmQtd3JpdGUlMjIlMjBmcmFtZWJvcmRlciUzRCUyMjAlMjIlMjBoZWlnaHQlM0QlMjI0NTAlMjIlMjBzdHlsZSUzRCUyMndpZHRoJTNBMTAwJTI1JTNCbWF4LXdpZHRoJTNBNjYwcHglM0JvdmVyZmxvdyUzQWhpZGRlbiUzQmJhY2tncm91bmQlM0F0cmFuc3BhcmVudCUzQiUyMiUyMHNhbmRib3glM0QlMjJhbGxvdy1mb3JtcyUyMGFsbG93LXBvcHVwcyUyMGFsbG93LXNhbWUtb3JpZ2luJTIwYWxsb3ctc2NyaXB0cyUyMGFsbG93LXN0b3JhZ2UtYWNjZXNzLWJ5LXVzZXItYWN0aXZhdGlvbiUyMGFsbG93LXRvcC1uYXZpZ2F0aW9uLWJ5LXVzZXItYWN0aXZhdGlvbiUyMiUyMHNyYyUzRCUyMmh0dHBzJTNBJTJGJTJGZW1iZWQucG9kY2FzdHMuYXBwbGUuY29tJTJGdXMlMkZwb2RjYXN0JTJGd2F0ZXItd29ybGQlMkZpZDE1MTcxMzU0NzIlMjIlM0UlM0MlMkZpZnJhbWUlM0U=[\/vc_raw_html][\/vc_column][\/vc_row]<\/p>\n<\/div>","protected":false},"excerpt":{"rendered":"<p>[vc_row][vc_column][vc_custom_heading text=&#8220;Wasserwelt. WB-Podcast&#8220; font_container=&#8220;tag:h1|text_align:left&#8220; use_theme_fonts=&#8220;yes&#8220;][vc_column_text] Wasserwelt. WB-Podcast Eine Reihe von Workshops, die von der Globalen Praktik der Wasserressourcen der Weltbank und der Globalen Partnerschaft f\u00fcr Wassersicherheit und Sanierung zur Gew\u00e4hrleistung der Sicherheit und des Gew\u00e4sserschutzes vorbereitet wurden. Sprache &#8211; Englisch [\/vc_column_text][vc_raw_html]JTNDaWZyYW1lJTIwYWxsb3clM0QlMjJhdXRvcGxheSUyMCUyQSUzQiUyMGVuY3J5cHRlZC1tZWRpYSUyMCUyQSUzQiUyMGZ1bGxzY3JlZW4lMjAlMkElM0IlMjBjbGlwYm9hcmQtd3JpdGUlMjIlMjBmcmFtZWJvcmRlciUzRCUyMjAlMjIlMjBoZWlnaHQlM0QlMjI0NTAlMjIlMjBzdHlsZSUzRCUyMndpZHRoJTNBMTAwJTI1JTNCbWF4LXdpZHRoJTNBNjYwcHglM0JvdmVyZmxvdyUzQWhpZGRlbiUzQmJhY2tncm91bmQlM0F0cmFuc3BhcmVudCUzQiUyMiUyMHNhbmRib3glM0QlMjJhbGxvdy1mb3JtcyUyMGFsbG93LXBvcHVwcyUyMGFsbG93LXNhbWUtb3JpZ2luJTIwYWxsb3ctc2NyaXB0cyUyMGFsbG93LXN0b3JhZ2UtYWNjZXNzLWJ5LXVzZXItYWN0aXZhdGlvbiUyMGFsbG93LXRvcC1uYXZpZ2F0aW9uLWJ5LXVzZXItYWN0aXZhdGlvbiUyMiUyMHNyYyUzRCUyMmh0dHBzJTNBJTJGJTJGZW1iZWQucG9kY2FzdHMuYXBwbGUuY29tJTJGdXMlMkZwb2RjYXN0JTJGd2F0ZXItd29ybGQlMkZpZDE1MTcxMzU0NzIlMjIlM0UlM0MlMkZpZnJhbWUlM0U=[\/vc_raw_html][\/vc_column][\/vc_row]<\/p>\n","protected":false},"author":1,"featured_media":0,"parent":7659,"menu_order":0,"comment_status":"closed","ping_status":"closed","template":"","meta":{"_acf_changed":false,"pmpro_default_level":"","footnotes":""},"class_list":["post-18637","page","type-page","status-publish","hentry","pmpro-has-access"],"acf":[],"yoast_head":"<!-- This site is optimized with the Yoast SEO plugin v27.3 - https:\/\/yoast.com\/product\/yoast-seo-wordpress\/ -->\n<title>Wasserwelt. WB-Podcast | U-INTOSAI<\/title>\n<meta name=\"description\" content=\"Wasserwelt. WB-Podcast\" \/>\n<meta name=\"robots\" content=\"index, follow, max-snippet:-1, max-image-preview:large, max-video-preview:-1\" \/>\n<link rel=\"canonical\" href=\"https:\/\/u-intosai.org\/de\/podcasts\/water-world-world-bank-podcast\/\" \/>\n<meta property=\"og:locale\" content=\"de_DE\" \/>\n<meta property=\"og:type\" content=\"article\" \/>\n<meta property=\"og:title\" content=\"Wasserwelt. WB-Podcast | U-INTOSAI\" \/>\n<meta property=\"og:description\" content=\"Wasserwelt. WB-Podcast\" \/>\n<meta property=\"og:url\" content=\"https:\/\/u-intosai.org\/de\/podcasts\/water-world-world-bank-podcast\/\" \/>\n<meta property=\"og:site_name\" content=\"U-INTOSAI\" \/>\n<meta property=\"article:modified_time\" content=\"2022-08-10T21:54:32+00:00\" \/>\n<meta property=\"og:image\" content=\"https:\/\/u-intosai.org\/wp-content\/uploads\/2022\/01\/video-poster-11920x1080-1.jpg\" \/>\n\t<meta property=\"og:image:width\" content=\"1920\" \/>\n\t<meta property=\"og:image:height\" content=\"1080\" \/>\n\t<meta property=\"og:image:type\" content=\"image\/jpeg\" \/>\n<meta name=\"twitter:card\" content=\"summary_large_image\" \/>\n<meta name=\"twitter:site\" content=\"@Incosai2019\" \/>\n<meta name=\"twitter:label1\" content=\"Gesch\u00e4tzte Lesezeit\" \/>\n\t<meta name=\"twitter:data1\" content=\"1\u00a0Minute\" \/>\n<script type=\"application\/ld+json\" class=\"yoast-schema-graph\">{\"@context\":\"https:\\\/\\\/schema.org\",\"@graph\":[{\"@type\":\"WebPage\",\"@id\":\"https:\\\/\\\/u-intosai.org\\\/de\\\/podcasts\\\/water-world-world-bank-podcast\\\/\",\"url\":\"https:\\\/\\\/u-intosai.org\\\/de\\\/podcasts\\\/water-world-world-bank-podcast\\\/\",\"name\":\"Wasserwelt. WB-Podcast | U-INTOSAI\",\"isPartOf\":{\"@id\":\"https:\\\/\\\/u-intosai.org\\\/de\\\/#website\"},\"datePublished\":\"2022-08-08T19:01:34+00:00\",\"dateModified\":\"2022-08-10T21:54:32+00:00\",\"description\":\"Wasserwelt. WB-Podcast\",\"breadcrumb\":{\"@id\":\"https:\\\/\\\/u-intosai.org\\\/de\\\/podcasts\\\/water-world-world-bank-podcast\\\/#breadcrumb\"},\"inLanguage\":\"de\",\"potentialAction\":[{\"@type\":\"ReadAction\",\"target\":[\"https:\\\/\\\/u-intosai.org\\\/de\\\/podcasts\\\/water-world-world-bank-podcast\\\/\"]}]},{\"@type\":\"BreadcrumbList\",\"@id\":\"https:\\\/\\\/u-intosai.org\\\/de\\\/podcasts\\\/water-world-world-bank-podcast\\\/#breadcrumb\",\"itemListElement\":[{\"@type\":\"ListItem\",\"position\":1,\"name\":\"U-INTOSAI\",\"item\":\"https:\\\/\\\/u-intosai.org\\\/de\\\/\"},{\"@type\":\"ListItem\",\"position\":2,\"name\":\"Podcasts\",\"item\":\"https:\\\/\\\/u-intosai.org\\\/de\\\/podcasts\\\/\"},{\"@type\":\"ListItem\",\"position\":3,\"name\":\"Wasserwelt. WB-Podcast\"}]},{\"@type\":\"WebSite\",\"@id\":\"https:\\\/\\\/u-intosai.org\\\/de\\\/#website\",\"url\":\"https:\\\/\\\/u-intosai.org\\\/de\\\/\",\"name\":\"U-INTOSAI\",\"description\":\"U-INTOSAI is an open online educational platform for all INTOSAI members created as a unique space for exchanging experience and advanced knowledge.\",\"publisher\":{\"@id\":\"https:\\\/\\\/u-intosai.org\\\/de\\\/#organization\"},\"potentialAction\":[{\"@type\":\"SearchAction\",\"target\":{\"@type\":\"EntryPoint\",\"urlTemplate\":\"https:\\\/\\\/u-intosai.org\\\/de\\\/?s={search_term_string}\"},\"query-input\":{\"@type\":\"PropertyValueSpecification\",\"valueRequired\":true,\"valueName\":\"search_term_string\"}}],\"inLanguage\":\"de\"},{\"@type\":\"Organization\",\"@id\":\"https:\\\/\\\/u-intosai.org\\\/de\\\/#organization\",\"name\":\"U-INTOSAI \u2014 University of INTOSAI\",\"url\":\"https:\\\/\\\/u-intosai.org\\\/de\\\/\",\"logo\":{\"@type\":\"ImageObject\",\"inLanguage\":\"de\",\"@id\":\"https:\\\/\\\/u-intosai.org\\\/de\\\/#\\\/schema\\\/logo\\\/image\\\/\",\"url\":\"https:\\\/\\\/u-intosai.org\\\/wp-content\\\/uploads\\\/2021\\\/08\\\/miniu-intosai-logo.png\",\"contentUrl\":\"https:\\\/\\\/u-intosai.org\\\/wp-content\\\/uploads\\\/2021\\\/08\\\/miniu-intosai-logo.png\",\"width\":1000,\"height\":479,\"caption\":\"U-INTOSAI \u2014 University of INTOSAI\"},\"image\":{\"@id\":\"https:\\\/\\\/u-intosai.org\\\/de\\\/#\\\/schema\\\/logo\\\/image\\\/\"},\"sameAs\":[\"https:\\\/\\\/x.com\\\/Incosai2019\",\"https:\\\/\\\/www.youtube.com\\\/channel\\\/UCjD--8sXtgxoPrxRQ_rz5GQ\"]}]}<\/script>\n<!-- \/ Yoast SEO plugin. -->","yoast_head_json":{"title":"Wasserwelt. WB-Podcast | U-INTOSAI","description":"Wasserwelt. WB-Podcast","robots":{"index":"index","follow":"follow","max-snippet":"max-snippet:-1","max-image-preview":"max-image-preview:large","max-video-preview":"max-video-preview:-1"},"canonical":"https:\/\/u-intosai.org\/de\/podcasts\/water-world-world-bank-podcast\/","og_locale":"de_DE","og_type":"article","og_title":"Wasserwelt. WB-Podcast | U-INTOSAI","og_description":"Wasserwelt. WB-Podcast","og_url":"https:\/\/u-intosai.org\/de\/podcasts\/water-world-world-bank-podcast\/","og_site_name":"U-INTOSAI","article_modified_time":"2022-08-10T21:54:32+00:00","og_image":[{"width":1920,"height":1080,"url":"https:\/\/u-intosai.org\/wp-content\/uploads\/2022\/01\/video-poster-11920x1080-1.jpg","type":"image\/jpeg"}],"twitter_card":"summary_large_image","twitter_site":"@Incosai2019","twitter_misc":{"Gesch\u00e4tzte Lesezeit":"1\u00a0Minute"},"schema":{"@context":"https:\/\/schema.org","@graph":[{"@type":"WebPage","@id":"https:\/\/u-intosai.org\/de\/podcasts\/water-world-world-bank-podcast\/","url":"https:\/\/u-intosai.org\/de\/podcasts\/water-world-world-bank-podcast\/","name":"Wasserwelt. WB-Podcast | U-INTOSAI","isPartOf":{"@id":"https:\/\/u-intosai.org\/de\/#website"},"datePublished":"2022-08-08T19:01:34+00:00","dateModified":"2022-08-10T21:54:32+00:00","description":"Wasserwelt. WB-Podcast","breadcrumb":{"@id":"https:\/\/u-intosai.org\/de\/podcasts\/water-world-world-bank-podcast\/#breadcrumb"},"inLanguage":"de","potentialAction":[{"@type":"ReadAction","target":["https:\/\/u-intosai.org\/de\/podcasts\/water-world-world-bank-podcast\/"]}]},{"@type":"BreadcrumbList","@id":"https:\/\/u-intosai.org\/de\/podcasts\/water-world-world-bank-podcast\/#breadcrumb","itemListElement":[{"@type":"ListItem","position":1,"name":"U-INTOSAI","item":"https:\/\/u-intosai.org\/de\/"},{"@type":"ListItem","position":2,"name":"Podcasts","item":"https:\/\/u-intosai.org\/de\/podcasts\/"},{"@type":"ListItem","position":3,"name":"Wasserwelt. WB-Podcast"}]},{"@type":"WebSite","@id":"https:\/\/u-intosai.org\/de\/#website","url":"https:\/\/u-intosai.org\/de\/","name":"U-INTOSAI","description":"U-INTOSAI is an open online educational platform for all INTOSAI members created as a unique space for exchanging experience and advanced knowledge.","publisher":{"@id":"https:\/\/u-intosai.org\/de\/#organization"},"potentialAction":[{"@type":"SearchAction","target":{"@type":"EntryPoint","urlTemplate":"https:\/\/u-intosai.org\/de\/?s={search_term_string}"},"query-input":{"@type":"PropertyValueSpecification","valueRequired":true,"valueName":"search_term_string"}}],"inLanguage":"de"},{"@type":"Organization","@id":"https:\/\/u-intosai.org\/de\/#organization","name":"U-INTOSAI \u2014 University of INTOSAI","url":"https:\/\/u-intosai.org\/de\/","logo":{"@type":"ImageObject","inLanguage":"de","@id":"https:\/\/u-intosai.org\/de\/#\/schema\/logo\/image\/","url":"https:\/\/u-intosai.org\/wp-content\/uploads\/2021\/08\/miniu-intosai-logo.png","contentUrl":"https:\/\/u-intosai.org\/wp-content\/uploads\/2021\/08\/miniu-intosai-logo.png","width":1000,"height":479,"caption":"U-INTOSAI \u2014 University of INTOSAI"},"image":{"@id":"https:\/\/u-intosai.org\/de\/#\/schema\/logo\/image\/"},"sameAs":["https:\/\/x.com\/Incosai2019","https:\/\/www.youtube.com\/channel\/UCjD--8sXtgxoPrxRQ_rz5GQ"]}]}},"_links":{"self":[{"href":"https:\/\/u-intosai.org\/de\/wp-json\/wp\/v2\/pages\/18637","targetHints":{"allow":["GET"]}}],"collection":[{"href":"https:\/\/u-intosai.org\/de\/wp-json\/wp\/v2\/pages"}],"about":[{"href":"https:\/\/u-intosai.org\/de\/wp-json\/wp\/v2\/types\/page"}],"author":[{"embeddable":true,"href":"https:\/\/u-intosai.org\/de\/wp-json\/wp\/v2\/users\/1"}],"replies":[{"embeddable":true,"href":"https:\/\/u-intosai.org\/de\/wp-json\/wp\/v2\/comments?post=18637"}],"version-history":[{"count":4,"href":"https:\/\/u-intosai.org\/de\/wp-json\/wp\/v2\/pages\/18637\/revisions"}],"predecessor-version":[{"id":18835,"href":"https:\/\/u-intosai.org\/de\/wp-json\/wp\/v2\/pages\/18637\/revisions\/18835"}],"up":[{"embeddable":true,"href":"https:\/\/u-intosai.org\/de\/wp-json\/wp\/v2\/pages\/7659"}],"wp:attachment":[{"href":"https:\/\/u-intosai.org\/de\/wp-json\/wp\/v2\/media?parent=18637"}],"curies":[{"name":"wp","href":"https:\/\/api.w.org\/{rel}","templated":true}]}}