{"id":44616,"date":"2024-07-29T11:21:34","date_gmt":"2024-07-29T08:21:34","guid":{"rendered":"https:\/\/u-intosai.org\/podcasts\/how-to-governance-idi-podcast\/"},"modified":"2024-08-26T18:17:06","modified_gmt":"2024-08-26T15:17:06","slug":"how-to-governance-idi-podcast","status":"publish","type":"page","link":"https:\/\/u-intosai.org\/de\/podcasts\/how-to-governance-idi-podcast\/","title":{"rendered":"Effektive Verwaltung. Podcast der INTOSAI-Entwicklungsinitiative"},"content":{"rendered":"<div class=\"wpb-content-wrapper\"><p>[vc_row][vc_column][vc_custom_heading text=&#8220;Effektive Verwaltung. Podcast der INTOSAI-Entwicklungsinitiative&#8220; font_container=&#8220;tag:h1|text_align:left&#8220; use_theme_fonts=&#8220;yes&#8220; css=&#8220;&#8220;][vc_column_text css=&#8220;&#8220;]<\/p>\n<p>In einer Reihe von Podcasts diskutiert die INTOSAI-Entwicklungsinitiative die Auswirkungen von Entscheidungen der Obersten Rechnungskontrollbeh\u00f6rden auf die Zukunft des gesamten \u00f6ffentlichen Sektors. Die eingeladenen Experten diskutieren \u00fcber Themen wie Technologie, \u00d6kologie, \u00f6ffentliche Verwaltung und die Wirksamkeit von der Obersten Rechnungskontrollbeh\u00f6rden.<\/p>\n<p>Englische <strong>Sprache<\/strong><\/p>\n<p><a href=\"https:\/\/podcasts.apple.com\/us\/podcast\/idi-how-to-governance\/id1711371612\"><strong>Link auf Podcast:<\/strong><\/a><\/p>\n<p>[\/vc_column_text][vc_column_text css=&#8220;&#8220;]<iframe style=\"width: 100%; max-width: 660px; overflow: hidden; border-radius: 10px;\" src=\"https:\/\/embed.podcasts.apple.com\/us\/podcast\/idi-how-to-governance\/id1711371612\" height=\"450\" frameborder=\"0\" sandbox=\"allow-forms allow-popups allow-same-origin allow-scripts allow-storage-access-by-user-activation allow-top-navigation-by-user-activation\"><\/iframe>[\/vc_column_text][\/vc_column][\/vc_row]<\/p>\n<\/div>","protected":false},"excerpt":{"rendered":"<p>[vc_row][vc_column][vc_custom_heading text=&#8220;Effektive Verwaltung. Podcast der INTOSAI-Entwicklungsinitiative&#8220; font_container=&#8220;tag:h1|text_align:left&#8220; use_theme_fonts=&#8220;yes&#8220; css=&#8220;&#8220;][vc_column_text css=&#8220;&#8220;] In einer Reihe von Podcasts diskutiert die INTOSAI-Entwicklungsinitiative die Auswirkungen von Entscheidungen der Obersten Rechnungskontrollbeh\u00f6rden auf die Zukunft des gesamten \u00f6ffentlichen Sektors. Die eingeladenen Experten diskutieren \u00fcber Themen wie Technologie, \u00d6kologie, \u00f6ffentliche Verwaltung und die Wirksamkeit von der Obersten Rechnungskontrollbeh\u00f6rden. Englische Sprache Link auf Podcast: [&hellip;]<\/p>\n","protected":false},"author":1,"featured_media":44454,"parent":7659,"menu_order":0,"comment_status":"closed","ping_status":"closed","template":"","meta":{"_acf_changed":false,"pmpro_default_level":"","footnotes":""},"class_list":["post-44616","page","type-page","status-publish","has-post-thumbnail","hentry","pmpro-has-access"],"acf":[],"yoast_head":"<!-- This site is optimized with the Yoast SEO plugin v27.3 - https:\/\/yoast.com\/product\/yoast-seo-wordpress\/ -->\n<title>Effektive Verwaltung. Podcast der INTOSAI-Entwicklungsinitiative | U-INTOSAI<\/title>\n<meta name=\"description\" content=\"Effektive Verwaltung. Podcast der INTOSAI-Entwicklungsinitiative\" \/>\n<meta name=\"robots\" content=\"index, follow, max-snippet:-1, max-image-preview:large, max-video-preview:-1\" \/>\n<link rel=\"canonical\" href=\"https:\/\/u-intosai.org\/de\/podcasts\/how-to-governance-idi-podcast\/\" \/>\n<meta property=\"og:locale\" content=\"de_DE\" \/>\n<meta property=\"og:type\" content=\"article\" \/>\n<meta property=\"og:title\" content=\"Effektive Verwaltung. Podcast der INTOSAI-Entwicklungsinitiative | U-INTOSAI\" \/>\n<meta property=\"og:description\" content=\"Effektive Verwaltung. Podcast der INTOSAI-Entwicklungsinitiative\" \/>\n<meta property=\"og:url\" content=\"https:\/\/u-intosai.org\/de\/podcasts\/how-to-governance-idi-podcast\/\" \/>\n<meta property=\"og:site_name\" content=\"U-INTOSAI\" \/>\n<meta property=\"article:modified_time\" content=\"2024-08-26T15:17:06+00:00\" \/>\n<meta property=\"og:image\" content=\"https:\/\/u-intosai.org\/wp-content\/uploads\/2024\/07\/23523523525435235235235235.jpg\" \/>\n\t<meta property=\"og:image:width\" content=\"276\" \/>\n\t<meta property=\"og:image:height\" content=\"272\" \/>\n\t<meta property=\"og:image:type\" content=\"image\/jpeg\" \/>\n<meta name=\"twitter:card\" content=\"summary_large_image\" \/>\n<meta name=\"twitter:site\" content=\"@Incosai2019\" \/>\n<script type=\"application\/ld+json\" class=\"yoast-schema-graph\">{\"@context\":\"https:\\\/\\\/schema.org\",\"@graph\":[{\"@type\":\"WebPage\",\"@id\":\"https:\\\/\\\/u-intosai.org\\\/de\\\/podcasts\\\/how-to-governance-idi-podcast\\\/\",\"url\":\"https:\\\/\\\/u-intosai.org\\\/de\\\/podcasts\\\/how-to-governance-idi-podcast\\\/\",\"name\":\"Effektive Verwaltung. Podcast der INTOSAI-Entwicklungsinitiative | U-INTOSAI\",\"isPartOf\":{\"@id\":\"https:\\\/\\\/u-intosai.org\\\/de\\\/#website\"},\"primaryImageOfPage\":{\"@id\":\"https:\\\/\\\/u-intosai.org\\\/de\\\/podcasts\\\/how-to-governance-idi-podcast\\\/#primaryimage\"},\"image\":{\"@id\":\"https:\\\/\\\/u-intosai.org\\\/de\\\/podcasts\\\/how-to-governance-idi-podcast\\\/#primaryimage\"},\"thumbnailUrl\":\"https:\\\/\\\/u-intosai.org\\\/wp-content\\\/uploads\\\/2024\\\/07\\\/23523523525435235235235235.jpg\",\"datePublished\":\"2024-07-29T08:21:34+00:00\",\"dateModified\":\"2024-08-26T15:17:06+00:00\",\"description\":\"Effektive Verwaltung. Podcast der INTOSAI-Entwicklungsinitiative\",\"breadcrumb\":{\"@id\":\"https:\\\/\\\/u-intosai.org\\\/de\\\/podcasts\\\/how-to-governance-idi-podcast\\\/#breadcrumb\"},\"inLanguage\":\"de\",\"potentialAction\":[{\"@type\":\"ReadAction\",\"target\":[\"https:\\\/\\\/u-intosai.org\\\/de\\\/podcasts\\\/how-to-governance-idi-podcast\\\/\"]}]},{\"@type\":\"ImageObject\",\"inLanguage\":\"de\",\"@id\":\"https:\\\/\\\/u-intosai.org\\\/de\\\/podcasts\\\/how-to-governance-idi-podcast\\\/#primaryimage\",\"url\":\"https:\\\/\\\/u-intosai.org\\\/wp-content\\\/uploads\\\/2024\\\/07\\\/23523523525435235235235235.jpg\",\"contentUrl\":\"https:\\\/\\\/u-intosai.org\\\/wp-content\\\/uploads\\\/2024\\\/07\\\/23523523525435235235235235.jpg\",\"width\":276,\"height\":272},{\"@type\":\"BreadcrumbList\",\"@id\":\"https:\\\/\\\/u-intosai.org\\\/de\\\/podcasts\\\/how-to-governance-idi-podcast\\\/#breadcrumb\",\"itemListElement\":[{\"@type\":\"ListItem\",\"position\":1,\"name\":\"U-INTOSAI\",\"item\":\"https:\\\/\\\/u-intosai.org\\\/de\\\/\"},{\"@type\":\"ListItem\",\"position\":2,\"name\":\"Podcasts\",\"item\":\"https:\\\/\\\/u-intosai.org\\\/de\\\/podcasts\\\/\"},{\"@type\":\"ListItem\",\"position\":3,\"name\":\"Effektive Verwaltung. Podcast der INTOSAI-Entwicklungsinitiative\"}]},{\"@type\":\"WebSite\",\"@id\":\"https:\\\/\\\/u-intosai.org\\\/de\\\/#website\",\"url\":\"https:\\\/\\\/u-intosai.org\\\/de\\\/\",\"name\":\"U-INTOSAI\",\"description\":\"U-INTOSAI is an open online educational platform for all INTOSAI members created as a unique space for exchanging experience and advanced knowledge.\",\"publisher\":{\"@id\":\"https:\\\/\\\/u-intosai.org\\\/de\\\/#organization\"},\"potentialAction\":[{\"@type\":\"SearchAction\",\"target\":{\"@type\":\"EntryPoint\",\"urlTemplate\":\"https:\\\/\\\/u-intosai.org\\\/de\\\/?s={search_term_string}\"},\"query-input\":{\"@type\":\"PropertyValueSpecification\",\"valueRequired\":true,\"valueName\":\"search_term_string\"}}],\"inLanguage\":\"de\"},{\"@type\":\"Organization\",\"@id\":\"https:\\\/\\\/u-intosai.org\\\/de\\\/#organization\",\"name\":\"U-INTOSAI \u2014 University of INTOSAI\",\"url\":\"https:\\\/\\\/u-intosai.org\\\/de\\\/\",\"logo\":{\"@type\":\"ImageObject\",\"inLanguage\":\"de\",\"@id\":\"https:\\\/\\\/u-intosai.org\\\/de\\\/#\\\/schema\\\/logo\\\/image\\\/\",\"url\":\"https:\\\/\\\/u-intosai.org\\\/wp-content\\\/uploads\\\/2021\\\/08\\\/miniu-intosai-logo.png\",\"contentUrl\":\"https:\\\/\\\/u-intosai.org\\\/wp-content\\\/uploads\\\/2021\\\/08\\\/miniu-intosai-logo.png\",\"width\":1000,\"height\":479,\"caption\":\"U-INTOSAI \u2014 University of INTOSAI\"},\"image\":{\"@id\":\"https:\\\/\\\/u-intosai.org\\\/de\\\/#\\\/schema\\\/logo\\\/image\\\/\"},\"sameAs\":[\"https:\\\/\\\/x.com\\\/Incosai2019\",\"https:\\\/\\\/www.youtube.com\\\/channel\\\/UCjD--8sXtgxoPrxRQ_rz5GQ\"]}]}<\/script>\n<!-- \/ Yoast SEO plugin. -->","yoast_head_json":{"title":"Effektive Verwaltung. Podcast der INTOSAI-Entwicklungsinitiative | U-INTOSAI","description":"Effektive Verwaltung. Podcast der INTOSAI-Entwicklungsinitiative","robots":{"index":"index","follow":"follow","max-snippet":"max-snippet:-1","max-image-preview":"max-image-preview:large","max-video-preview":"max-video-preview:-1"},"canonical":"https:\/\/u-intosai.org\/de\/podcasts\/how-to-governance-idi-podcast\/","og_locale":"de_DE","og_type":"article","og_title":"Effektive Verwaltung. Podcast der INTOSAI-Entwicklungsinitiative | U-INTOSAI","og_description":"Effektive Verwaltung. Podcast der INTOSAI-Entwicklungsinitiative","og_url":"https:\/\/u-intosai.org\/de\/podcasts\/how-to-governance-idi-podcast\/","og_site_name":"U-INTOSAI","article_modified_time":"2024-08-26T15:17:06+00:00","og_image":[{"width":276,"height":272,"url":"https:\/\/u-intosai.org\/wp-content\/uploads\/2024\/07\/23523523525435235235235235.jpg","type":"image\/jpeg"}],"twitter_card":"summary_large_image","twitter_site":"@Incosai2019","schema":{"@context":"https:\/\/schema.org","@graph":[{"@type":"WebPage","@id":"https:\/\/u-intosai.org\/de\/podcasts\/how-to-governance-idi-podcast\/","url":"https:\/\/u-intosai.org\/de\/podcasts\/how-to-governance-idi-podcast\/","name":"Effektive Verwaltung. Podcast der INTOSAI-Entwicklungsinitiative | U-INTOSAI","isPartOf":{"@id":"https:\/\/u-intosai.org\/de\/#website"},"primaryImageOfPage":{"@id":"https:\/\/u-intosai.org\/de\/podcasts\/how-to-governance-idi-podcast\/#primaryimage"},"image":{"@id":"https:\/\/u-intosai.org\/de\/podcasts\/how-to-governance-idi-podcast\/#primaryimage"},"thumbnailUrl":"https:\/\/u-intosai.org\/wp-content\/uploads\/2024\/07\/23523523525435235235235235.jpg","datePublished":"2024-07-29T08:21:34+00:00","dateModified":"2024-08-26T15:17:06+00:00","description":"Effektive Verwaltung. Podcast der INTOSAI-Entwicklungsinitiative","breadcrumb":{"@id":"https:\/\/u-intosai.org\/de\/podcasts\/how-to-governance-idi-podcast\/#breadcrumb"},"inLanguage":"de","potentialAction":[{"@type":"ReadAction","target":["https:\/\/u-intosai.org\/de\/podcasts\/how-to-governance-idi-podcast\/"]}]},{"@type":"ImageObject","inLanguage":"de","@id":"https:\/\/u-intosai.org\/de\/podcasts\/how-to-governance-idi-podcast\/#primaryimage","url":"https:\/\/u-intosai.org\/wp-content\/uploads\/2024\/07\/23523523525435235235235235.jpg","contentUrl":"https:\/\/u-intosai.org\/wp-content\/uploads\/2024\/07\/23523523525435235235235235.jpg","width":276,"height":272},{"@type":"BreadcrumbList","@id":"https:\/\/u-intosai.org\/de\/podcasts\/how-to-governance-idi-podcast\/#breadcrumb","itemListElement":[{"@type":"ListItem","position":1,"name":"U-INTOSAI","item":"https:\/\/u-intosai.org\/de\/"},{"@type":"ListItem","position":2,"name":"Podcasts","item":"https:\/\/u-intosai.org\/de\/podcasts\/"},{"@type":"ListItem","position":3,"name":"Effektive Verwaltung. Podcast der INTOSAI-Entwicklungsinitiative"}]},{"@type":"WebSite","@id":"https:\/\/u-intosai.org\/de\/#website","url":"https:\/\/u-intosai.org\/de\/","name":"U-INTOSAI","description":"U-INTOSAI is an open online educational platform for all INTOSAI members created as a unique space for exchanging experience and advanced knowledge.","publisher":{"@id":"https:\/\/u-intosai.org\/de\/#organization"},"potentialAction":[{"@type":"SearchAction","target":{"@type":"EntryPoint","urlTemplate":"https:\/\/u-intosai.org\/de\/?s={search_term_string}"},"query-input":{"@type":"PropertyValueSpecification","valueRequired":true,"valueName":"search_term_string"}}],"inLanguage":"de"},{"@type":"Organization","@id":"https:\/\/u-intosai.org\/de\/#organization","name":"U-INTOSAI \u2014 University of INTOSAI","url":"https:\/\/u-intosai.org\/de\/","logo":{"@type":"ImageObject","inLanguage":"de","@id":"https:\/\/u-intosai.org\/de\/#\/schema\/logo\/image\/","url":"https:\/\/u-intosai.org\/wp-content\/uploads\/2021\/08\/miniu-intosai-logo.png","contentUrl":"https:\/\/u-intosai.org\/wp-content\/uploads\/2021\/08\/miniu-intosai-logo.png","width":1000,"height":479,"caption":"U-INTOSAI \u2014 University of INTOSAI"},"image":{"@id":"https:\/\/u-intosai.org\/de\/#\/schema\/logo\/image\/"},"sameAs":["https:\/\/x.com\/Incosai2019","https:\/\/www.youtube.com\/channel\/UCjD--8sXtgxoPrxRQ_rz5GQ"]}]}},"_links":{"self":[{"href":"https:\/\/u-intosai.org\/de\/wp-json\/wp\/v2\/pages\/44616","targetHints":{"allow":["GET"]}}],"collection":[{"href":"https:\/\/u-intosai.org\/de\/wp-json\/wp\/v2\/pages"}],"about":[{"href":"https:\/\/u-intosai.org\/de\/wp-json\/wp\/v2\/types\/page"}],"author":[{"embeddable":true,"href":"https:\/\/u-intosai.org\/de\/wp-json\/wp\/v2\/users\/1"}],"replies":[{"embeddable":true,"href":"https:\/\/u-intosai.org\/de\/wp-json\/wp\/v2\/comments?post=44616"}],"version-history":[{"count":2,"href":"https:\/\/u-intosai.org\/de\/wp-json\/wp\/v2\/pages\/44616\/revisions"}],"predecessor-version":[{"id":44624,"href":"https:\/\/u-intosai.org\/de\/wp-json\/wp\/v2\/pages\/44616\/revisions\/44624"}],"up":[{"embeddable":true,"href":"https:\/\/u-intosai.org\/de\/wp-json\/wp\/v2\/pages\/7659"}],"wp:featuredmedia":[{"embeddable":true,"href":"https:\/\/u-intosai.org\/de\/wp-json\/wp\/v2\/media\/44454"}],"wp:attachment":[{"href":"https:\/\/u-intosai.org\/de\/wp-json\/wp\/v2\/media?parent=44616"}],"curies":[{"name":"wp","href":"https:\/\/api.w.org\/{rel}","templated":true}]}}