{"id":44838,"date":"2024-07-23T12:35:19","date_gmt":"2024-07-23T09:35:19","guid":{"rendered":"https:\/\/u-intosai.org\/podcasts\/intosai-wgea-podcast\/"},"modified":"2024-08-27T00:16:16","modified_gmt":"2024-08-26T21:16:16","slug":"intosai-wgea-podcast","status":"publish","type":"page","link":"https:\/\/u-intosai.org\/de\/podcasts\/intosai-wgea-podcast\/","title":{"rendered":"Podcast der INTOSAI-Arbeitsgruppe f\u00fcr Umweltpr\u00fcfungen"},"content":{"rendered":"<div class=\"wpb-content-wrapper\"><p>[vc_row][vc_column][vc_custom_heading text=&#8220;Podcast der INTOSAI-Arbeitsgruppe f\u00fcr Umweltpr\u00fcfungen &#8220; font_container=&#8220;tag:h1|text_align:left&#8220; use_theme_fonts=&#8220;yes&#8220; css=&#8220;&#8220;][vc_column_text css=&#8220;&#8220;]<\/p>\n<p>Die INTOSAI-Arbeitsgruppe f\u00fcr Umweltpr\u00fcfungen (INTOSAI WGEA) hat Audio- und Video-Podcasts gestartet.<\/p>\n<p>Podcast-Ziele:<\/p>\n<p>Entwicklung der Kompetenzen der Wirtschaftspr\u00fcfer im Bereich der Umweltpr\u00fcfung,<\/p>\n<p>Verbesserung der Effizienz h\u00f6herer Pr\u00fcfungsorgane, um eine gemeinsame, nachhaltige Zukunft zu schaffen.<\/p>\n<p>&nbsp;<\/p>\n<p>Zu jeder Ausgabe des Podcasts werden spezielle G\u00e4ste und Experten zu diesem Thema eingeladen. Insbesondere befasst sich die erste Ausgabe mit den Fragen der Besteuerung und der gr\u00fcnen Wende.<\/p>\n<p>Neben Podcasts enth\u00e4lt der Abschnitt Informationen zu aktuellen Projekten der Gruppe, Experteninterviews und Schulungsvideos zur Umweltpr\u00fcfung.<\/p>\n<p>Englische <strong>Sprache<\/strong><\/p>\n<p><a href=\"https:\/\/wgea.org\/videos-and-podcasts\/\"><strong>Link auf Podcast<\/strong><\/a><\/p>\n<p>[\/vc_column_text][\/vc_column][\/vc_row]<\/p>\n<\/div>","protected":false},"excerpt":{"rendered":"<p>[vc_row][vc_column][vc_custom_heading text=&#8220;Podcast der INTOSAI-Arbeitsgruppe f\u00fcr Umweltpr\u00fcfungen &#8220; font_container=&#8220;tag:h1|text_align:left&#8220; use_theme_fonts=&#8220;yes&#8220; css=&#8220;&#8220;][vc_column_text css=&#8220;&#8220;] Die INTOSAI-Arbeitsgruppe f\u00fcr Umweltpr\u00fcfungen (INTOSAI WGEA) hat Audio- und Video-Podcasts gestartet. Podcast-Ziele: Entwicklung der Kompetenzen der Wirtschaftspr\u00fcfer im Bereich der Umweltpr\u00fcfung, Verbesserung der Effizienz h\u00f6herer Pr\u00fcfungsorgane, um eine gemeinsame, nachhaltige Zukunft zu schaffen. &nbsp; Zu jeder Ausgabe des Podcasts werden spezielle G\u00e4ste und Experten [&hellip;]<\/p>\n","protected":false},"author":1,"featured_media":44420,"parent":7659,"menu_order":0,"comment_status":"closed","ping_status":"closed","template":"","meta":{"_acf_changed":false,"pmpro_default_level":"","footnotes":""},"class_list":["post-44838","page","type-page","status-publish","has-post-thumbnail","hentry","pmpro-has-access"],"acf":[],"yoast_head":"<!-- This site is optimized with the Yoast SEO plugin v27.3 - https:\/\/yoast.com\/product\/yoast-seo-wordpress\/ -->\n<title>Podcast der INTOSAI-Arbeitsgruppe f\u00fcr Umweltpr\u00fcfungen | U-INTOSAI<\/title>\n<meta name=\"description\" content=\"Podcast der INTOSAI-Arbeitsgruppe f\u00fcr Umweltpr\u00fcfungen\" \/>\n<meta name=\"robots\" content=\"index, follow, max-snippet:-1, max-image-preview:large, max-video-preview:-1\" \/>\n<link rel=\"canonical\" href=\"https:\/\/u-intosai.org\/de\/podcasts\/intosai-wgea-podcast\/\" \/>\n<meta property=\"og:locale\" content=\"de_DE\" \/>\n<meta property=\"og:type\" content=\"article\" \/>\n<meta property=\"og:title\" content=\"Podcast der INTOSAI-Arbeitsgruppe f\u00fcr Umweltpr\u00fcfungen | U-INTOSAI\" \/>\n<meta property=\"og:description\" content=\"Podcast der INTOSAI-Arbeitsgruppe f\u00fcr Umweltpr\u00fcfungen\" \/>\n<meta property=\"og:url\" content=\"https:\/\/u-intosai.org\/de\/podcasts\/intosai-wgea-podcast\/\" \/>\n<meta property=\"og:site_name\" content=\"U-INTOSAI\" \/>\n<meta property=\"article:modified_time\" content=\"2024-08-26T21:16:16+00:00\" \/>\n<meta property=\"og:image\" content=\"https:\/\/u-intosai.org\/wp-content\/uploads\/2024\/07\/126512765916296125.jpg\" \/>\n\t<meta property=\"og:image:width\" content=\"1344\" \/>\n\t<meta property=\"og:image:height\" content=\"1343\" \/>\n\t<meta property=\"og:image:type\" content=\"image\/jpeg\" \/>\n<meta name=\"twitter:card\" content=\"summary_large_image\" \/>\n<meta name=\"twitter:site\" content=\"@Incosai2019\" \/>\n<meta name=\"twitter:label1\" content=\"Gesch\u00e4tzte Lesezeit\" \/>\n\t<meta name=\"twitter:data1\" content=\"1\u00a0Minute\" \/>\n<script type=\"application\/ld+json\" class=\"yoast-schema-graph\">{\"@context\":\"https:\\\/\\\/schema.org\",\"@graph\":[{\"@type\":\"WebPage\",\"@id\":\"https:\\\/\\\/u-intosai.org\\\/de\\\/podcasts\\\/intosai-wgea-podcast\\\/\",\"url\":\"https:\\\/\\\/u-intosai.org\\\/de\\\/podcasts\\\/intosai-wgea-podcast\\\/\",\"name\":\"Podcast der INTOSAI-Arbeitsgruppe f\u00fcr Umweltpr\u00fcfungen | U-INTOSAI\",\"isPartOf\":{\"@id\":\"https:\\\/\\\/u-intosai.org\\\/de\\\/#website\"},\"primaryImageOfPage\":{\"@id\":\"https:\\\/\\\/u-intosai.org\\\/de\\\/podcasts\\\/intosai-wgea-podcast\\\/#primaryimage\"},\"image\":{\"@id\":\"https:\\\/\\\/u-intosai.org\\\/de\\\/podcasts\\\/intosai-wgea-podcast\\\/#primaryimage\"},\"thumbnailUrl\":\"https:\\\/\\\/u-intosai.org\\\/wp-content\\\/uploads\\\/2024\\\/07\\\/126512765916296125.jpg\",\"datePublished\":\"2024-07-23T09:35:19+00:00\",\"dateModified\":\"2024-08-26T21:16:16+00:00\",\"description\":\"Podcast der INTOSAI-Arbeitsgruppe f\u00fcr Umweltpr\u00fcfungen\",\"breadcrumb\":{\"@id\":\"https:\\\/\\\/u-intosai.org\\\/de\\\/podcasts\\\/intosai-wgea-podcast\\\/#breadcrumb\"},\"inLanguage\":\"de\",\"potentialAction\":[{\"@type\":\"ReadAction\",\"target\":[\"https:\\\/\\\/u-intosai.org\\\/de\\\/podcasts\\\/intosai-wgea-podcast\\\/\"]}]},{\"@type\":\"ImageObject\",\"inLanguage\":\"de\",\"@id\":\"https:\\\/\\\/u-intosai.org\\\/de\\\/podcasts\\\/intosai-wgea-podcast\\\/#primaryimage\",\"url\":\"https:\\\/\\\/u-intosai.org\\\/wp-content\\\/uploads\\\/2024\\\/07\\\/126512765916296125.jpg\",\"contentUrl\":\"https:\\\/\\\/u-intosai.org\\\/wp-content\\\/uploads\\\/2024\\\/07\\\/126512765916296125.jpg\",\"width\":1344,\"height\":1343},{\"@type\":\"BreadcrumbList\",\"@id\":\"https:\\\/\\\/u-intosai.org\\\/de\\\/podcasts\\\/intosai-wgea-podcast\\\/#breadcrumb\",\"itemListElement\":[{\"@type\":\"ListItem\",\"position\":1,\"name\":\"U-INTOSAI\",\"item\":\"https:\\\/\\\/u-intosai.org\\\/de\\\/\"},{\"@type\":\"ListItem\",\"position\":2,\"name\":\"Podcasts\",\"item\":\"https:\\\/\\\/u-intosai.org\\\/de\\\/podcasts\\\/\"},{\"@type\":\"ListItem\",\"position\":3,\"name\":\"Podcast der INTOSAI-Arbeitsgruppe f\u00fcr Umweltpr\u00fcfungen\"}]},{\"@type\":\"WebSite\",\"@id\":\"https:\\\/\\\/u-intosai.org\\\/de\\\/#website\",\"url\":\"https:\\\/\\\/u-intosai.org\\\/de\\\/\",\"name\":\"U-INTOSAI\",\"description\":\"U-INTOSAI is an open online educational platform for all INTOSAI members created as a unique space for exchanging experience and advanced knowledge.\",\"publisher\":{\"@id\":\"https:\\\/\\\/u-intosai.org\\\/de\\\/#organization\"},\"potentialAction\":[{\"@type\":\"SearchAction\",\"target\":{\"@type\":\"EntryPoint\",\"urlTemplate\":\"https:\\\/\\\/u-intosai.org\\\/de\\\/?s={search_term_string}\"},\"query-input\":{\"@type\":\"PropertyValueSpecification\",\"valueRequired\":true,\"valueName\":\"search_term_string\"}}],\"inLanguage\":\"de\"},{\"@type\":\"Organization\",\"@id\":\"https:\\\/\\\/u-intosai.org\\\/de\\\/#organization\",\"name\":\"U-INTOSAI \u2014 University of INTOSAI\",\"url\":\"https:\\\/\\\/u-intosai.org\\\/de\\\/\",\"logo\":{\"@type\":\"ImageObject\",\"inLanguage\":\"de\",\"@id\":\"https:\\\/\\\/u-intosai.org\\\/de\\\/#\\\/schema\\\/logo\\\/image\\\/\",\"url\":\"https:\\\/\\\/u-intosai.org\\\/wp-content\\\/uploads\\\/2021\\\/08\\\/miniu-intosai-logo.png\",\"contentUrl\":\"https:\\\/\\\/u-intosai.org\\\/wp-content\\\/uploads\\\/2021\\\/08\\\/miniu-intosai-logo.png\",\"width\":1000,\"height\":479,\"caption\":\"U-INTOSAI \u2014 University of INTOSAI\"},\"image\":{\"@id\":\"https:\\\/\\\/u-intosai.org\\\/de\\\/#\\\/schema\\\/logo\\\/image\\\/\"},\"sameAs\":[\"https:\\\/\\\/x.com\\\/Incosai2019\",\"https:\\\/\\\/www.youtube.com\\\/channel\\\/UCjD--8sXtgxoPrxRQ_rz5GQ\"]}]}<\/script>\n<!-- \/ Yoast SEO plugin. -->","yoast_head_json":{"title":"Podcast der INTOSAI-Arbeitsgruppe f\u00fcr Umweltpr\u00fcfungen | U-INTOSAI","description":"Podcast der INTOSAI-Arbeitsgruppe f\u00fcr Umweltpr\u00fcfungen","robots":{"index":"index","follow":"follow","max-snippet":"max-snippet:-1","max-image-preview":"max-image-preview:large","max-video-preview":"max-video-preview:-1"},"canonical":"https:\/\/u-intosai.org\/de\/podcasts\/intosai-wgea-podcast\/","og_locale":"de_DE","og_type":"article","og_title":"Podcast der INTOSAI-Arbeitsgruppe f\u00fcr Umweltpr\u00fcfungen | U-INTOSAI","og_description":"Podcast der INTOSAI-Arbeitsgruppe f\u00fcr Umweltpr\u00fcfungen","og_url":"https:\/\/u-intosai.org\/de\/podcasts\/intosai-wgea-podcast\/","og_site_name":"U-INTOSAI","article_modified_time":"2024-08-26T21:16:16+00:00","og_image":[{"width":1344,"height":1343,"url":"https:\/\/u-intosai.org\/wp-content\/uploads\/2024\/07\/126512765916296125.jpg","type":"image\/jpeg"}],"twitter_card":"summary_large_image","twitter_site":"@Incosai2019","twitter_misc":{"Gesch\u00e4tzte Lesezeit":"1\u00a0Minute"},"schema":{"@context":"https:\/\/schema.org","@graph":[{"@type":"WebPage","@id":"https:\/\/u-intosai.org\/de\/podcasts\/intosai-wgea-podcast\/","url":"https:\/\/u-intosai.org\/de\/podcasts\/intosai-wgea-podcast\/","name":"Podcast der INTOSAI-Arbeitsgruppe f\u00fcr Umweltpr\u00fcfungen | U-INTOSAI","isPartOf":{"@id":"https:\/\/u-intosai.org\/de\/#website"},"primaryImageOfPage":{"@id":"https:\/\/u-intosai.org\/de\/podcasts\/intosai-wgea-podcast\/#primaryimage"},"image":{"@id":"https:\/\/u-intosai.org\/de\/podcasts\/intosai-wgea-podcast\/#primaryimage"},"thumbnailUrl":"https:\/\/u-intosai.org\/wp-content\/uploads\/2024\/07\/126512765916296125.jpg","datePublished":"2024-07-23T09:35:19+00:00","dateModified":"2024-08-26T21:16:16+00:00","description":"Podcast der INTOSAI-Arbeitsgruppe f\u00fcr Umweltpr\u00fcfungen","breadcrumb":{"@id":"https:\/\/u-intosai.org\/de\/podcasts\/intosai-wgea-podcast\/#breadcrumb"},"inLanguage":"de","potentialAction":[{"@type":"ReadAction","target":["https:\/\/u-intosai.org\/de\/podcasts\/intosai-wgea-podcast\/"]}]},{"@type":"ImageObject","inLanguage":"de","@id":"https:\/\/u-intosai.org\/de\/podcasts\/intosai-wgea-podcast\/#primaryimage","url":"https:\/\/u-intosai.org\/wp-content\/uploads\/2024\/07\/126512765916296125.jpg","contentUrl":"https:\/\/u-intosai.org\/wp-content\/uploads\/2024\/07\/126512765916296125.jpg","width":1344,"height":1343},{"@type":"BreadcrumbList","@id":"https:\/\/u-intosai.org\/de\/podcasts\/intosai-wgea-podcast\/#breadcrumb","itemListElement":[{"@type":"ListItem","position":1,"name":"U-INTOSAI","item":"https:\/\/u-intosai.org\/de\/"},{"@type":"ListItem","position":2,"name":"Podcasts","item":"https:\/\/u-intosai.org\/de\/podcasts\/"},{"@type":"ListItem","position":3,"name":"Podcast der INTOSAI-Arbeitsgruppe f\u00fcr Umweltpr\u00fcfungen"}]},{"@type":"WebSite","@id":"https:\/\/u-intosai.org\/de\/#website","url":"https:\/\/u-intosai.org\/de\/","name":"U-INTOSAI","description":"U-INTOSAI is an open online educational platform for all INTOSAI members created as a unique space for exchanging experience and advanced knowledge.","publisher":{"@id":"https:\/\/u-intosai.org\/de\/#organization"},"potentialAction":[{"@type":"SearchAction","target":{"@type":"EntryPoint","urlTemplate":"https:\/\/u-intosai.org\/de\/?s={search_term_string}"},"query-input":{"@type":"PropertyValueSpecification","valueRequired":true,"valueName":"search_term_string"}}],"inLanguage":"de"},{"@type":"Organization","@id":"https:\/\/u-intosai.org\/de\/#organization","name":"U-INTOSAI \u2014 University of INTOSAI","url":"https:\/\/u-intosai.org\/de\/","logo":{"@type":"ImageObject","inLanguage":"de","@id":"https:\/\/u-intosai.org\/de\/#\/schema\/logo\/image\/","url":"https:\/\/u-intosai.org\/wp-content\/uploads\/2021\/08\/miniu-intosai-logo.png","contentUrl":"https:\/\/u-intosai.org\/wp-content\/uploads\/2021\/08\/miniu-intosai-logo.png","width":1000,"height":479,"caption":"U-INTOSAI \u2014 University of INTOSAI"},"image":{"@id":"https:\/\/u-intosai.org\/de\/#\/schema\/logo\/image\/"},"sameAs":["https:\/\/x.com\/Incosai2019","https:\/\/www.youtube.com\/channel\/UCjD--8sXtgxoPrxRQ_rz5GQ"]}]}},"_links":{"self":[{"href":"https:\/\/u-intosai.org\/de\/wp-json\/wp\/v2\/pages\/44838","targetHints":{"allow":["GET"]}}],"collection":[{"href":"https:\/\/u-intosai.org\/de\/wp-json\/wp\/v2\/pages"}],"about":[{"href":"https:\/\/u-intosai.org\/de\/wp-json\/wp\/v2\/types\/page"}],"author":[{"embeddable":true,"href":"https:\/\/u-intosai.org\/de\/wp-json\/wp\/v2\/users\/1"}],"replies":[{"embeddable":true,"href":"https:\/\/u-intosai.org\/de\/wp-json\/wp\/v2\/comments?post=44838"}],"version-history":[{"count":2,"href":"https:\/\/u-intosai.org\/de\/wp-json\/wp\/v2\/pages\/44838\/revisions"}],"predecessor-version":[{"id":44851,"href":"https:\/\/u-intosai.org\/de\/wp-json\/wp\/v2\/pages\/44838\/revisions\/44851"}],"up":[{"embeddable":true,"href":"https:\/\/u-intosai.org\/de\/wp-json\/wp\/v2\/pages\/7659"}],"wp:featuredmedia":[{"embeddable":true,"href":"https:\/\/u-intosai.org\/de\/wp-json\/wp\/v2\/media\/44420"}],"wp:attachment":[{"href":"https:\/\/u-intosai.org\/de\/wp-json\/wp\/v2\/media?parent=44838"}],"curies":[{"name":"wp","href":"https:\/\/api.w.org\/{rel}","templated":true}]}}