{"id":7528,"date":"2021-07-30T14:21:49","date_gmt":"2021-07-30T14:21:49","guid":{"rendered":"https:\/\/u-intosai.org\/ueber-uns\/"},"modified":"2023-04-25T23:08:26","modified_gmt":"2023-04-25T20:08:26","slug":"ueber-uns","status":"publish","type":"page","link":"https:\/\/u-intosai.org\/de\/ueber-uns\/","title":{"rendered":"\u00dcber uns"},"content":{"rendered":"<div class=\"wpb-content-wrapper\"><p>[vc_row][vc_column][vc_custom_heading text=&#8220;Universit\u00e4t f\u00fcr die INTOSAI-Gemeinschaft&#8220; font_container=&#8220;tag:h1|text_align:center&#8220; use_theme_fonts=&#8220;yes&#8220; css=&#8220;.vc_custom_1649421275777{margin-bottom: 29px !important;}&#8220;][vc_custom_heading text=&#8220;Wir f\u00f6rdern die Wirtschaftspr\u00fcfer der Zukunft&#8220; font_container=&#8220;tag:h2|text_align:center&#8220; use_theme_fonts=&#8220;yes&#8220; css=&#8220;.vc_custom_1607628239993{margin-bottom: 29px !important;}&#8220;][vc_column_text]<\/p>\n<p style=\"text-align: justify;\">Die Annahme der <a href=\"https:\/\/intosairussia.org\/images\/docs\/moscowdeclaration\/Moscow-declaration(DE).pdf\" target=\"_blank\" rel=\"noopener\">Moskauer Deklaration<\/a> war eines der Ergebnisse des XXIII. INCOSAI. Es bestehen keine Zweifel hinsichtlich ihrer Relevanz und der Wichtigkeit der Umsetzung ihrer Prinzipien. Das wurde w\u00e4hrend der Pandemie noch st\u00e4rker betont.<\/p>\n<p>[\/vc_column_text][\/vc_column][\/vc_row][vc_row][vc_column][vc_images_carousel images=&#8220;15555,15547,15551,15557,15553&#8243; img_size=&#8220;full&#8220; onclick=&#8220;link_no&#8220; autoplay=&#8220;yes&#8220; css_animation=&#8220;bounceIn&#8220;][\/vc_column][\/vc_row][vc_row][vc_column][vc_column_text]Die <a href=\"https:\/\/ach.gov.ru\/\">Rechnungskammer der Russischen F\u00f6deration<\/a> in ihrer Funktion als <a href=\"https:\/\/intosairussia.org\/intosai-chair\/about-chair.html\">Vorsitz der INTOSAI<\/a> ist sich ihrer Verantwortung sowohl f\u00fcr die Qualit\u00e4t der angenommenen Abschlussdokumente als auch f\u00fcr die praktische Umsetzung ihrer Bestimmungen zum Nutzen der gesamten Auditgemeinschaft bewusst.<\/p>\n<p>Um dieses Ziel zu erreichen, besteht eine der Priorit\u00e4ten darin, die Offenheit und Zug\u00e4nglichkeit des von der <a href=\"https:\/\/www.intosai.org\/\">INTOSAI-Gemeinschaft<\/a> angesammelten Wissens, einen aktiven Erfahrungsaustausch und den Ausbau von beruflichen Sachkompetenzen sowie die Entwicklung neuer Kompetenzen von Pr\u00fcfern in \u00dcbereinstimmung mit den festgelegten 10 Bestimmungen der <a href=\"https:\/\/intosairussia.org\/images\/docs\/moscowdeclaration\/Moscow-declaration(DE).pdf\">Moskauer Deklaration<\/a> und den aus Folgedokumenten, die bei zuk\u00fcnftigen INCOSAIs angenommen werden, zu gew\u00e4hrleisten. Die<strong> Universit\u00e4t f\u00fcr die INTOSAI-Gemeinschaft <\/strong>(im Folgenden U-INTOSAI) erf\u00fcllt diesen Anspruch in hohem Ma\u00dfe.<\/p>\n<p>U-INTOSAI\u00a0ist eine offene Online-Bildungsplattform f\u00fcr alle INTOSAI-Mitglieder, die zu einem einzigartigen Ort f\u00fcr den Austausch von Erfahrungen und fortgeschrittenem Wissen werden soll.<\/p>\n<p>Die U-INTOSAI wird der gesamten globalen Auditgemeinschaft sowohl klassische Bildungsformate (<a href=\"https:\/\/u-intosai.org\/de\/courses\/\">Online-Kurse<\/a>, Webinare) als auch die besten Bildungsprojekte und Leitlinien der INTOSAI, in denen bestehende Bildungsinitiativen kombiniert werden, anbieten, um die Wirtschaftspr\u00fcfer der Zukunft zu f\u00f6rdern.[\/vc_column_text][vc_custom_heading text=&#8220;Die Haupteigenschaften der U-INTOSAI&#8220; font_container=&#8220;tag:h2|text_align:center&#8220; use_theme_fonts=&#8220;yes&#8220; css=&#8220;.vc_custom_1627655029732{margin-bottom: 29px !important;}&#8220;][\/vc_column][\/vc_row][vc_row][vc_column width=&#8220;1\/6&#8243;][\/vc_column][vc_column width=&#8220;1\/6&#8243;][\/vc_column][vc_column width=&#8220;1\/6&#8243;][\/vc_column][vc_column width=&#8220;1\/6&#8243;][\/vc_column][vc_column width=&#8220;1\/6&#8243;][\/vc_column][vc_column width=&#8220;1\/6&#8243;][\/vc_column][\/vc_row][vc_row][vc_column width=&#8220;1\/2&#8243; css=&#8220;.vc_custom_1613663237433{margin-top: -60px !important;}&#8220;][stm_icon_box hover_pos=&#8220;none&#8220; icon=&#8220;fas fa-file-alt&#8220; icon_size=&#8220;40&#8243; icon_height=&#8220;10&#8243; icon_color=&#8220;#960755&#8243; css_icon=&#8220;.vc_custom_1613665259867{margin-left: 45% !important;}&#8220;][\/stm_icon_box][vc_cta h2=&#8220;&#8220; txt_align=&#8220;center&#8220;]<\/p>\n<h3 style=\"text-align: center;\">Unterst\u00fctzung der INCOSAI-Abschlussdokumente<\/h3>\n<p>[\/vc_cta][\/vc_column][vc_column width=&#8220;1\/2&#8243; css=&#8220;.vc_custom_1613663244082{margin-top: -60px !important;}&#8220;][stm_icon_box hover_pos=&#8220;none&#8220; icon=&#8220;fas fa-database&#8220; icon_size=&#8220;40&#8243; icon_height=&#8220;10&#8243; icon_color=&#8220;#960755&#8243; css_icon=&#8220;.vc_custom_1613665267195{margin-left: 45% !important;}&#8220;][\/stm_icon_box][vc_cta h2=&#8220;&#8220;]<\/p>\n<h3 style=\"text-align: center;\">Aufbewahrung der langj\u00e4hrigen Erfahrung und Praxis der INTOSAI<\/h3>\n<p>[\/vc_cta][\/vc_column][\/vc_row][vc_row][vc_column width=&#8220;1\/6&#8243;][\/vc_column][vc_column width=&#8220;1\/6&#8243;][\/vc_column][vc_column width=&#8220;1\/6&#8243;][\/vc_column][vc_column width=&#8220;1\/6&#8243;][\/vc_column][vc_column width=&#8220;1\/6&#8243;][\/vc_column][vc_column width=&#8220;1\/6&#8243;][\/vc_column][\/vc_row][vc_row][vc_column width=&#8220;1\/2&#8243; css=&#8220;.vc_custom_1613663249744{margin-top: -60px !important;}&#8220;][stm_icon_box hover_pos=&#8220;none&#8220; icon=&#8220;fas fa-briefcase&#8220; icon_size=&#8220;40&#8243; icon_height=&#8220;10&#8243; icon_color=&#8220;#960755&#8243; css_icon=&#8220;.vc_custom_1613665324812{margin-left: 45% !important;}&#8220;][\/stm_icon_box][vc_cta h2=&#8220;&#8220; txt_align=&#8220;center&#8220;]<\/p>\n<h3 style=\"text-align: center;\">Kompetenzzentrum f\u00fcr die Pr\u00fcfungsgemeinschaft, das den Ausbau von Sachkompetenzen und den globalen Einfluss von ORKBs st\u00e4rkt<\/h3>\n<p>[\/vc_cta][\/vc_column][vc_column width=&#8220;1\/2&#8243; css=&#8220;.vc_custom_1613663255064{margin-top: -60px !important;}&#8220;][stm_icon_box hover_pos=&#8220;none&#8220; icon=&#8220;fa fa-envelope-open&#8220; icon_size=&#8220;40&#8243; icon_height=&#8220;10&#8243; icon_color=&#8220;#960755&#8243; css_icon=&#8220;.vc_custom_1653293077522{margin-left: 45% !important;}&#8220;][\/stm_icon_box][vc_cta h2=&#8220;&#8220;]<\/p>\n<h3 style=\"text-align: center;\">Eine offene Plattform zur F\u00f6rderung der Wirtschaftspr\u00fcfer der Zukunft und St\u00e4rkung der bestehenden INTOSAI-Bildungsinitiativen<\/h3>\n<p>[\/vc_cta][\/vc_column][\/vc_row][vc_row css=&#8220;.vc_custom_1435816078010{margin-bottom: 15px !important;}&#8220;][vc_column width=&#8220;1\/2&#8243;][vc_column_text css=&#8220;.vc_custom_1627655128055{margin-bottom: 32px !important;}&#8220;]Herausragende Fachkenntnisse sowie Standards, Leitlinien und bew\u00e4hrte Verfahren im Bereich der \u00f6ffentlichen Finanzkontrolle, die von Experten der INTOSAI-Zielkomitees und der INTOSAI-Entwicklungsinitiative (IDI) ausgearbeitet wurden, sind heute die Hauptinformationsquellen f\u00fcr ORKBs bei der Anpassung ihrer Aktivit\u00e4ten.[\/vc_column_text][vc_tta_tabs][vc_tta_section title=&#8220;Schulung&#8220; tab_id=&#8220;1532604609823-e6c605b3-04c5&#8243;][vc_column_text]<\/p>\n<ul>\n<li>Golfkurse<\/li>\n<li>Seminare und Webinare<\/li>\n<li>Vorlesungen<\/li>\n<\/ul>\n<p>[\/vc_column_text][\/vc_tta_section][vc_tta_section title=&#8220;Forschung&#8220; tab_id=&#8220;1532604609845-4edaaecf-303f&#8220;][vc_column_text]<\/p>\n<ul>\n<li>Wissenschaftliche<\/li>\n<li>Projekte Datenbanken f\u00fcr die Analyse<\/li>\n<li>Publications<\/li>\n<\/ul>\n<p>[\/vc_column_text][\/vc_tta_section][vc_tta_section title=&#8220;Anl&#8220; tab_id=&#8220;1607627645233-0cc3e844-f4e7&#8243;][vc_column_text]<\/p>\n<ul>\n<li>Wissenschaftliche und praktische Konferenzen<\/li>\n<li>Hackathons<\/li>\n<li>Offene Diskussionen<\/li>\n<li>Spezielle Projekte<\/li>\n<\/ul>\n<p>[\/vc_column_text][\/vc_tta_section][vc_tta_section title=&#8220;Wissensbasis&#8220; tab_id=&#8220;1607627787370-dfe795c7-def1&#8243;][vc_column_text]<\/p>\n<ul>\n<li>E-Bibliotheken<\/li>\n<li>Verweis<\/li>\n<li>Sammlungen von best practices<\/li>\n<\/ul>\n<p>[\/vc_column_text][\/vc_tta_section][\/vc_tta_tabs][\/vc_column][vc_column width=&#8220;1\/2&#8243;][vc_custom_heading text=&#8220;Angeh\u00f6rige und Nutzer der U-INTOSAI:&#8220; font_container=&#8220;tag:h3|text_align:left&#8220; use_theme_fonts=&#8220;yes&#8220; css=&#8220;.vc_custom_1649421307626{margin-bottom: 29px !important;}&#8220;][vc_column_text css=&#8220;.vc_custom_1627655167041{margin-bottom: 32px !important;}&#8220;]<\/p>\n<ul>\n<li>INTOSAI-Sekretariat und Fachkr\u00e4fte<\/li>\n<li>Mitarbeiter der ORKBs<\/li>\n<li>Studenten<\/li>\n<li>Internationale Experten und (analytische) Forschungsorganisationen<\/li>\n<li>B\u00fcrger und Vertreter der Massenmedien<\/li>\n<\/ul>\n<p>Gleichzeitig stellen die kontinuierliche Entwicklung neuer Kompetenzen der Pr\u00fcfer und der Ausbau von Sachkompetenzen der ORKBs angesichts der sich schnell ver\u00e4ndernden Welt, der Durchdringung von Informationstechnologien in alle Bereiche unseres Lebens und der wachsenden Zahl sozialer, \u00f6kologischer und epidemiologischer Herausforderungen eine Voraussetzung f\u00fcr die hochwertige und effiziente Aus\u00fcbung ihrer Funktionen dar.[\/vc_column_text][\/vc_column][\/vc_row][vc_row][vc_column][vc_custom_heading text=&#8220;IN ZUSAMMENARBEIT MIT&#8220; font_container=&#8220;tag:h2|text_align:center&#8220; use_theme_fonts=&#8220;yes&#8220; css=&#8220;.vc_custom_1660209381360{margin-bottom: 29px !important;}&#8220;][vc_gallery images=&#8220;18153,18212,18195,18204,18187,30566&#8243; img_size=&#8220;290&#215;100&#8243; onclick=&#8220;&#8220;][\/vc_column][\/vc_row]<\/p>\n<\/div>","protected":false},"excerpt":{"rendered":"<p>[vc_row][vc_column][vc_custom_heading text=&#8220;Universit\u00e4t f\u00fcr die INTOSAI-Gemeinschaft&#8220; font_container=&#8220;tag:h1|text_align:center&#8220; use_theme_fonts=&#8220;yes&#8220; css=&#8220;.vc_custom_1649421275777{margin-bottom: 29px !important;}&#8220;][vc_custom_heading text=&#8220;Wir f\u00f6rdern die Wirtschaftspr\u00fcfer der Zukunft&#8220; font_container=&#8220;tag:h2|text_align:center&#8220; use_theme_fonts=&#8220;yes&#8220; css=&#8220;.vc_custom_1607628239993{margin-bottom: 29px !important;}&#8220;][vc_column_text] Die Annahme der Moskauer Deklaration war eines der Ergebnisse des XXIII. INCOSAI. Es bestehen keine Zweifel hinsichtlich ihrer Relevanz und der Wichtigkeit der Umsetzung ihrer Prinzipien. Das wurde w\u00e4hrend der Pandemie noch st\u00e4rker betont. [&hellip;]<\/p>\n","protected":false},"author":1,"featured_media":0,"parent":0,"menu_order":0,"comment_status":"closed","ping_status":"closed","template":"","meta":{"_acf_changed":false,"pmpro_default_level":"","footnotes":""},"class_list":["post-7528","page","type-page","status-publish","hentry","pmpro-has-access"],"acf":[],"yoast_head":"<!-- This site is optimized with the Yoast SEO plugin v27.3 - https:\/\/yoast.com\/product\/yoast-seo-wordpress\/ -->\n<title>\u00dcber uns | U-INTOSAI<\/title>\n<meta name=\"description\" content=\"\u00dcber uns\" \/>\n<meta name=\"robots\" content=\"index, follow, max-snippet:-1, max-image-preview:large, max-video-preview:-1\" \/>\n<link rel=\"canonical\" href=\"https:\/\/u-intosai.org\/de\/ueber-uns\/\" \/>\n<meta property=\"og:locale\" content=\"de_DE\" \/>\n<meta property=\"og:type\" content=\"article\" \/>\n<meta property=\"og:title\" content=\"\u00dcber uns | U-INTOSAI\" \/>\n<meta property=\"og:description\" content=\"\u00dcber uns\" \/>\n<meta property=\"og:url\" content=\"https:\/\/u-intosai.org\/de\/ueber-uns\/\" \/>\n<meta property=\"og:site_name\" content=\"U-INTOSAI\" \/>\n<meta property=\"article:modified_time\" content=\"2023-04-25T20:08:26+00:00\" \/>\n<meta property=\"og:image\" content=\"https:\/\/u-intosai.org\/wp-content\/uploads\/2022\/01\/video-poster-11920x1080-1.jpg\" \/>\n\t<meta property=\"og:image:width\" content=\"1920\" \/>\n\t<meta property=\"og:image:height\" content=\"1080\" \/>\n\t<meta property=\"og:image:type\" content=\"image\/jpeg\" \/>\n<meta name=\"twitter:card\" content=\"summary_large_image\" \/>\n<meta name=\"twitter:site\" content=\"@Incosai2019\" \/>\n<meta name=\"twitter:label1\" content=\"Gesch\u00e4tzte Lesezeit\" \/>\n\t<meta name=\"twitter:data1\" content=\"3\u00a0Minuten\" \/>\n<script type=\"application\/ld+json\" class=\"yoast-schema-graph\">{\"@context\":\"https:\\\/\\\/schema.org\",\"@graph\":[{\"@type\":\"WebPage\",\"@id\":\"https:\\\/\\\/u-intosai.org\\\/de\\\/ueber-uns\\\/\",\"url\":\"https:\\\/\\\/u-intosai.org\\\/de\\\/ueber-uns\\\/\",\"name\":\"\u00dcber uns | U-INTOSAI\",\"isPartOf\":{\"@id\":\"https:\\\/\\\/u-intosai.org\\\/de\\\/#website\"},\"datePublished\":\"2021-07-30T14:21:49+00:00\",\"dateModified\":\"2023-04-25T20:08:26+00:00\",\"description\":\"\u00dcber uns\",\"breadcrumb\":{\"@id\":\"https:\\\/\\\/u-intosai.org\\\/de\\\/ueber-uns\\\/#breadcrumb\"},\"inLanguage\":\"de\",\"potentialAction\":[{\"@type\":\"ReadAction\",\"target\":[\"https:\\\/\\\/u-intosai.org\\\/de\\\/ueber-uns\\\/\"]}]},{\"@type\":\"BreadcrumbList\",\"@id\":\"https:\\\/\\\/u-intosai.org\\\/de\\\/ueber-uns\\\/#breadcrumb\",\"itemListElement\":[{\"@type\":\"ListItem\",\"position\":1,\"name\":\"U-INTOSAI\",\"item\":\"https:\\\/\\\/u-intosai.org\\\/de\\\/\"},{\"@type\":\"ListItem\",\"position\":2,\"name\":\"\u00dcber uns\"}]},{\"@type\":\"WebSite\",\"@id\":\"https:\\\/\\\/u-intosai.org\\\/de\\\/#website\",\"url\":\"https:\\\/\\\/u-intosai.org\\\/de\\\/\",\"name\":\"U-INTOSAI\",\"description\":\"U-INTOSAI is an open online educational platform for all INTOSAI members created as a unique space for exchanging experience and advanced knowledge.\",\"publisher\":{\"@id\":\"https:\\\/\\\/u-intosai.org\\\/de\\\/#organization\"},\"potentialAction\":[{\"@type\":\"SearchAction\",\"target\":{\"@type\":\"EntryPoint\",\"urlTemplate\":\"https:\\\/\\\/u-intosai.org\\\/de\\\/?s={search_term_string}\"},\"query-input\":{\"@type\":\"PropertyValueSpecification\",\"valueRequired\":true,\"valueName\":\"search_term_string\"}}],\"inLanguage\":\"de\"},{\"@type\":\"Organization\",\"@id\":\"https:\\\/\\\/u-intosai.org\\\/de\\\/#organization\",\"name\":\"U-INTOSAI \u2014 University of INTOSAI\",\"url\":\"https:\\\/\\\/u-intosai.org\\\/de\\\/\",\"logo\":{\"@type\":\"ImageObject\",\"inLanguage\":\"de\",\"@id\":\"https:\\\/\\\/u-intosai.org\\\/de\\\/#\\\/schema\\\/logo\\\/image\\\/\",\"url\":\"https:\\\/\\\/u-intosai.org\\\/wp-content\\\/uploads\\\/2021\\\/08\\\/miniu-intosai-logo.png\",\"contentUrl\":\"https:\\\/\\\/u-intosai.org\\\/wp-content\\\/uploads\\\/2021\\\/08\\\/miniu-intosai-logo.png\",\"width\":1000,\"height\":479,\"caption\":\"U-INTOSAI \u2014 University of INTOSAI\"},\"image\":{\"@id\":\"https:\\\/\\\/u-intosai.org\\\/de\\\/#\\\/schema\\\/logo\\\/image\\\/\"},\"sameAs\":[\"https:\\\/\\\/x.com\\\/Incosai2019\",\"https:\\\/\\\/www.youtube.com\\\/channel\\\/UCjD--8sXtgxoPrxRQ_rz5GQ\"]}]}<\/script>\n<!-- \/ Yoast SEO plugin. -->","yoast_head_json":{"title":"\u00dcber uns | U-INTOSAI","description":"\u00dcber uns","robots":{"index":"index","follow":"follow","max-snippet":"max-snippet:-1","max-image-preview":"max-image-preview:large","max-video-preview":"max-video-preview:-1"},"canonical":"https:\/\/u-intosai.org\/de\/ueber-uns\/","og_locale":"de_DE","og_type":"article","og_title":"\u00dcber uns | U-INTOSAI","og_description":"\u00dcber uns","og_url":"https:\/\/u-intosai.org\/de\/ueber-uns\/","og_site_name":"U-INTOSAI","article_modified_time":"2023-04-25T20:08:26+00:00","og_image":[{"width":1920,"height":1080,"url":"https:\/\/u-intosai.org\/wp-content\/uploads\/2022\/01\/video-poster-11920x1080-1.jpg","type":"image\/jpeg"}],"twitter_card":"summary_large_image","twitter_site":"@Incosai2019","twitter_misc":{"Gesch\u00e4tzte Lesezeit":"3\u00a0Minuten"},"schema":{"@context":"https:\/\/schema.org","@graph":[{"@type":"WebPage","@id":"https:\/\/u-intosai.org\/de\/ueber-uns\/","url":"https:\/\/u-intosai.org\/de\/ueber-uns\/","name":"\u00dcber uns | U-INTOSAI","isPartOf":{"@id":"https:\/\/u-intosai.org\/de\/#website"},"datePublished":"2021-07-30T14:21:49+00:00","dateModified":"2023-04-25T20:08:26+00:00","description":"\u00dcber uns","breadcrumb":{"@id":"https:\/\/u-intosai.org\/de\/ueber-uns\/#breadcrumb"},"inLanguage":"de","potentialAction":[{"@type":"ReadAction","target":["https:\/\/u-intosai.org\/de\/ueber-uns\/"]}]},{"@type":"BreadcrumbList","@id":"https:\/\/u-intosai.org\/de\/ueber-uns\/#breadcrumb","itemListElement":[{"@type":"ListItem","position":1,"name":"U-INTOSAI","item":"https:\/\/u-intosai.org\/de\/"},{"@type":"ListItem","position":2,"name":"\u00dcber uns"}]},{"@type":"WebSite","@id":"https:\/\/u-intosai.org\/de\/#website","url":"https:\/\/u-intosai.org\/de\/","name":"U-INTOSAI","description":"U-INTOSAI is an open online educational platform for all INTOSAI members created as a unique space for exchanging experience and advanced knowledge.","publisher":{"@id":"https:\/\/u-intosai.org\/de\/#organization"},"potentialAction":[{"@type":"SearchAction","target":{"@type":"EntryPoint","urlTemplate":"https:\/\/u-intosai.org\/de\/?s={search_term_string}"},"query-input":{"@type":"PropertyValueSpecification","valueRequired":true,"valueName":"search_term_string"}}],"inLanguage":"de"},{"@type":"Organization","@id":"https:\/\/u-intosai.org\/de\/#organization","name":"U-INTOSAI \u2014 University of INTOSAI","url":"https:\/\/u-intosai.org\/de\/","logo":{"@type":"ImageObject","inLanguage":"de","@id":"https:\/\/u-intosai.org\/de\/#\/schema\/logo\/image\/","url":"https:\/\/u-intosai.org\/wp-content\/uploads\/2021\/08\/miniu-intosai-logo.png","contentUrl":"https:\/\/u-intosai.org\/wp-content\/uploads\/2021\/08\/miniu-intosai-logo.png","width":1000,"height":479,"caption":"U-INTOSAI \u2014 University of INTOSAI"},"image":{"@id":"https:\/\/u-intosai.org\/de\/#\/schema\/logo\/image\/"},"sameAs":["https:\/\/x.com\/Incosai2019","https:\/\/www.youtube.com\/channel\/UCjD--8sXtgxoPrxRQ_rz5GQ"]}]}},"_links":{"self":[{"href":"https:\/\/u-intosai.org\/de\/wp-json\/wp\/v2\/pages\/7528","targetHints":{"allow":["GET"]}}],"collection":[{"href":"https:\/\/u-intosai.org\/de\/wp-json\/wp\/v2\/pages"}],"about":[{"href":"https:\/\/u-intosai.org\/de\/wp-json\/wp\/v2\/types\/page"}],"author":[{"embeddable":true,"href":"https:\/\/u-intosai.org\/de\/wp-json\/wp\/v2\/users\/1"}],"replies":[{"embeddable":true,"href":"https:\/\/u-intosai.org\/de\/wp-json\/wp\/v2\/comments?post=7528"}],"version-history":[{"count":19,"href":"https:\/\/u-intosai.org\/de\/wp-json\/wp\/v2\/pages\/7528\/revisions"}],"predecessor-version":[{"id":30578,"href":"https:\/\/u-intosai.org\/de\/wp-json\/wp\/v2\/pages\/7528\/revisions\/30578"}],"wp:attachment":[{"href":"https:\/\/u-intosai.org\/de\/wp-json\/wp\/v2\/media?parent=7528"}],"curies":[{"name":"wp","href":"https:\/\/api.w.org\/{rel}","templated":true}]}}