{"id":7543,"date":"2021-07-30T14:41:55","date_gmt":"2021-07-30T14:41:55","guid":{"rendered":"https:\/\/u-intosai.org\/terms-of-use-german\/"},"modified":"2021-08-17T12:15:18","modified_gmt":"2021-08-17T12:15:18","slug":"terms-of-use-german","status":"publish","type":"page","link":"https:\/\/u-intosai.org\/de\/terms-of-use-german\/","title":{"rendered":"Nutzungsbedingungen"},"content":{"rendered":"<h2 style=\"text-align: justify;\">Nutzungsbedingungen der U-INTOSAI<\/h2>\n<p style=\"text-align: justify;\">Vollst\u00e4ndige oder teilweise Nutzung von Inhalten, die auf der Online-BIldungsplattform der INTOSAI (U-INTOSAI) ver\u00f6ffentlicht wurden, einschlie\u00dflich schriftlicher, fotografischer und Video-Materialien im Besitz der Leitung der U-INTOSAI, vertreten durch die Rechnungskammer der Russischen F\u00f6deration (gekennzeichnet als \u00a9 U-INTOSAI) erfordert einen entsprechenden Verweis und\/oder einen durch Online-Suchmaschinen indizierten Link auf die Webseite. Die Verwendung der Inhalte erfordert au\u00dferdem einen klaren Hinweis auf die Urheberschaft des Materials. Unbefugte Versuche, Materialien von der U-INTOSAI-Plattform zu \u00e4ndern, sind verboten.<\/p>\n<p style=\"text-align: justify;\">U-INTOSAI beh\u00e4lt sich das Recht vor, diese Bedingungen jederzeit ohne besondere Ank\u00fcndigung zu \u00e4ndern. Eine neue Version der Genehmigung tritt in Kraft, sobald sie unter dem Link ver\u00f6ffentlicht <a href=\"https:\/\/u-intosai.org\/de\/\">wird<\/a><\/p>\n","protected":false},"excerpt":{"rendered":"<p>Nutzungsbedingungen der U-INTOSAI Vollst\u00e4ndige oder teilweise Nutzung von Inhalten, die auf der Online-BIldungsplattform der INTOSAI (U-INTOSAI) ver\u00f6ffentlicht wurden, einschlie\u00dflich schriftlicher, fotografischer und Video-Materialien im Besitz der Leitung der U-INTOSAI, vertreten durch die Rechnungskammer der Russischen F\u00f6deration (gekennzeichnet als \u00a9 U-INTOSAI) erfordert einen entsprechenden Verweis und\/oder einen durch Online-Suchmaschinen indizierten Link auf die Webseite. Die Verwendung [&hellip;]<\/p>\n","protected":false},"author":1,"featured_media":0,"parent":0,"menu_order":0,"comment_status":"closed","ping_status":"closed","template":"","meta":{"_acf_changed":false,"pmpro_default_level":"","footnotes":""},"class_list":["post-7543","page","type-page","status-publish","hentry","pmpro-has-access"],"acf":[],"yoast_head":"<!-- This site is optimized with the Yoast SEO plugin v27.4 - https:\/\/yoast.com\/product\/yoast-seo-wordpress\/ -->\n<title>Nutzungsbedingungen | U-INTOSAI<\/title>\n<meta name=\"description\" content=\"Nutzungsbedingungen\" \/>\n<meta name=\"robots\" content=\"index, follow, max-snippet:-1, max-image-preview:large, max-video-preview:-1\" \/>\n<link rel=\"canonical\" href=\"https:\/\/u-intosai.org\/de\/terms-of-use-german\/\" \/>\n<meta property=\"og:locale\" content=\"de_DE\" \/>\n<meta property=\"og:type\" content=\"article\" \/>\n<meta property=\"og:title\" content=\"Nutzungsbedingungen | U-INTOSAI\" \/>\n<meta property=\"og:description\" content=\"Nutzungsbedingungen\" \/>\n<meta property=\"og:url\" content=\"https:\/\/u-intosai.org\/de\/terms-of-use-german\/\" \/>\n<meta property=\"og:site_name\" content=\"U-INTOSAI\" \/>\n<meta property=\"article:modified_time\" content=\"2021-08-17T12:15:18+00:00\" \/>\n<meta property=\"og:image\" content=\"https:\/\/u-intosai.org\/wp-content\/uploads\/2022\/01\/video-poster-11920x1080-1.jpg\" \/>\n\t<meta property=\"og:image:width\" content=\"1920\" \/>\n\t<meta property=\"og:image:height\" content=\"1080\" \/>\n\t<meta property=\"og:image:type\" content=\"image\/jpeg\" \/>\n<meta name=\"twitter:card\" content=\"summary_large_image\" \/>\n<meta name=\"twitter:site\" content=\"@Incosai2019\" \/>\n<meta name=\"twitter:label1\" content=\"Gesch\u00e4tzte Lesezeit\" \/>\n\t<meta name=\"twitter:data1\" content=\"1\u00a0Minute\" \/>\n<script type=\"application\/ld+json\" class=\"yoast-schema-graph\">{\"@context\":\"https:\\\/\\\/schema.org\",\"@graph\":[{\"@type\":\"WebPage\",\"@id\":\"https:\\\/\\\/u-intosai.org\\\/de\\\/terms-of-use-german\\\/\",\"url\":\"https:\\\/\\\/u-intosai.org\\\/de\\\/terms-of-use-german\\\/\",\"name\":\"Nutzungsbedingungen | U-INTOSAI\",\"isPartOf\":{\"@id\":\"https:\\\/\\\/u-intosai.org\\\/de\\\/#website\"},\"datePublished\":\"2021-07-30T14:41:55+00:00\",\"dateModified\":\"2021-08-17T12:15:18+00:00\",\"description\":\"Nutzungsbedingungen\",\"breadcrumb\":{\"@id\":\"https:\\\/\\\/u-intosai.org\\\/de\\\/terms-of-use-german\\\/#breadcrumb\"},\"inLanguage\":\"de\",\"potentialAction\":[{\"@type\":\"ReadAction\",\"target\":[\"https:\\\/\\\/u-intosai.org\\\/de\\\/terms-of-use-german\\\/\"]}]},{\"@type\":\"BreadcrumbList\",\"@id\":\"https:\\\/\\\/u-intosai.org\\\/de\\\/terms-of-use-german\\\/#breadcrumb\",\"itemListElement\":[{\"@type\":\"ListItem\",\"position\":1,\"name\":\"U-INTOSAI\",\"item\":\"https:\\\/\\\/u-intosai.org\\\/de\\\/\"},{\"@type\":\"ListItem\",\"position\":2,\"name\":\"Nutzungsbedingungen\"}]},{\"@type\":\"WebSite\",\"@id\":\"https:\\\/\\\/u-intosai.org\\\/de\\\/#website\",\"url\":\"https:\\\/\\\/u-intosai.org\\\/de\\\/\",\"name\":\"U-INTOSAI\",\"description\":\"U-INTOSAI is an open online educational platform for all INTOSAI members created as a unique space for exchanging experience and advanced knowledge.\",\"publisher\":{\"@id\":\"https:\\\/\\\/u-intosai.org\\\/de\\\/#organization\"},\"potentialAction\":[{\"@type\":\"SearchAction\",\"target\":{\"@type\":\"EntryPoint\",\"urlTemplate\":\"https:\\\/\\\/u-intosai.org\\\/de\\\/?s={search_term_string}\"},\"query-input\":{\"@type\":\"PropertyValueSpecification\",\"valueRequired\":true,\"valueName\":\"search_term_string\"}}],\"inLanguage\":\"de\"},{\"@type\":\"Organization\",\"@id\":\"https:\\\/\\\/u-intosai.org\\\/de\\\/#organization\",\"name\":\"U-INTOSAI \u2014 University of INTOSAI\",\"url\":\"https:\\\/\\\/u-intosai.org\\\/de\\\/\",\"logo\":{\"@type\":\"ImageObject\",\"inLanguage\":\"de\",\"@id\":\"https:\\\/\\\/u-intosai.org\\\/de\\\/#\\\/schema\\\/logo\\\/image\\\/\",\"url\":\"https:\\\/\\\/u-intosai.org\\\/wp-content\\\/uploads\\\/2021\\\/08\\\/miniu-intosai-logo.png\",\"contentUrl\":\"https:\\\/\\\/u-intosai.org\\\/wp-content\\\/uploads\\\/2021\\\/08\\\/miniu-intosai-logo.png\",\"width\":1000,\"height\":479,\"caption\":\"U-INTOSAI \u2014 University of INTOSAI\"},\"image\":{\"@id\":\"https:\\\/\\\/u-intosai.org\\\/de\\\/#\\\/schema\\\/logo\\\/image\\\/\"},\"sameAs\":[\"https:\\\/\\\/x.com\\\/Incosai2019\",\"https:\\\/\\\/www.youtube.com\\\/channel\\\/UCjD--8sXtgxoPrxRQ_rz5GQ\"]}]}<\/script>\n<!-- \/ Yoast SEO plugin. -->","yoast_head_json":{"title":"Nutzungsbedingungen | U-INTOSAI","description":"Nutzungsbedingungen","robots":{"index":"index","follow":"follow","max-snippet":"max-snippet:-1","max-image-preview":"max-image-preview:large","max-video-preview":"max-video-preview:-1"},"canonical":"https:\/\/u-intosai.org\/de\/terms-of-use-german\/","og_locale":"de_DE","og_type":"article","og_title":"Nutzungsbedingungen | U-INTOSAI","og_description":"Nutzungsbedingungen","og_url":"https:\/\/u-intosai.org\/de\/terms-of-use-german\/","og_site_name":"U-INTOSAI","article_modified_time":"2021-08-17T12:15:18+00:00","og_image":[{"width":1920,"height":1080,"url":"https:\/\/u-intosai.org\/wp-content\/uploads\/2022\/01\/video-poster-11920x1080-1.jpg","type":"image\/jpeg"}],"twitter_card":"summary_large_image","twitter_site":"@Incosai2019","twitter_misc":{"Gesch\u00e4tzte Lesezeit":"1\u00a0Minute"},"schema":{"@context":"https:\/\/schema.org","@graph":[{"@type":"WebPage","@id":"https:\/\/u-intosai.org\/de\/terms-of-use-german\/","url":"https:\/\/u-intosai.org\/de\/terms-of-use-german\/","name":"Nutzungsbedingungen | U-INTOSAI","isPartOf":{"@id":"https:\/\/u-intosai.org\/de\/#website"},"datePublished":"2021-07-30T14:41:55+00:00","dateModified":"2021-08-17T12:15:18+00:00","description":"Nutzungsbedingungen","breadcrumb":{"@id":"https:\/\/u-intosai.org\/de\/terms-of-use-german\/#breadcrumb"},"inLanguage":"de","potentialAction":[{"@type":"ReadAction","target":["https:\/\/u-intosai.org\/de\/terms-of-use-german\/"]}]},{"@type":"BreadcrumbList","@id":"https:\/\/u-intosai.org\/de\/terms-of-use-german\/#breadcrumb","itemListElement":[{"@type":"ListItem","position":1,"name":"U-INTOSAI","item":"https:\/\/u-intosai.org\/de\/"},{"@type":"ListItem","position":2,"name":"Nutzungsbedingungen"}]},{"@type":"WebSite","@id":"https:\/\/u-intosai.org\/de\/#website","url":"https:\/\/u-intosai.org\/de\/","name":"U-INTOSAI","description":"U-INTOSAI is an open online educational platform for all INTOSAI members created as a unique space for exchanging experience and advanced knowledge.","publisher":{"@id":"https:\/\/u-intosai.org\/de\/#organization"},"potentialAction":[{"@type":"SearchAction","target":{"@type":"EntryPoint","urlTemplate":"https:\/\/u-intosai.org\/de\/?s={search_term_string}"},"query-input":{"@type":"PropertyValueSpecification","valueRequired":true,"valueName":"search_term_string"}}],"inLanguage":"de"},{"@type":"Organization","@id":"https:\/\/u-intosai.org\/de\/#organization","name":"U-INTOSAI \u2014 University of INTOSAI","url":"https:\/\/u-intosai.org\/de\/","logo":{"@type":"ImageObject","inLanguage":"de","@id":"https:\/\/u-intosai.org\/de\/#\/schema\/logo\/image\/","url":"https:\/\/u-intosai.org\/wp-content\/uploads\/2021\/08\/miniu-intosai-logo.png","contentUrl":"https:\/\/u-intosai.org\/wp-content\/uploads\/2021\/08\/miniu-intosai-logo.png","width":1000,"height":479,"caption":"U-INTOSAI \u2014 University of INTOSAI"},"image":{"@id":"https:\/\/u-intosai.org\/de\/#\/schema\/logo\/image\/"},"sameAs":["https:\/\/x.com\/Incosai2019","https:\/\/www.youtube.com\/channel\/UCjD--8sXtgxoPrxRQ_rz5GQ"]}]}},"_links":{"self":[{"href":"https:\/\/u-intosai.org\/de\/wp-json\/wp\/v2\/pages\/7543","targetHints":{"allow":["GET"]}}],"collection":[{"href":"https:\/\/u-intosai.org\/de\/wp-json\/wp\/v2\/pages"}],"about":[{"href":"https:\/\/u-intosai.org\/de\/wp-json\/wp\/v2\/types\/page"}],"author":[{"embeddable":true,"href":"https:\/\/u-intosai.org\/de\/wp-json\/wp\/v2\/users\/1"}],"replies":[{"embeddable":true,"href":"https:\/\/u-intosai.org\/de\/wp-json\/wp\/v2\/comments?post=7543"}],"version-history":[{"count":3,"href":"https:\/\/u-intosai.org\/de\/wp-json\/wp\/v2\/pages\/7543\/revisions"}],"predecessor-version":[{"id":8231,"href":"https:\/\/u-intosai.org\/de\/wp-json\/wp\/v2\/pages\/7543\/revisions\/8231"}],"wp:attachment":[{"href":"https:\/\/u-intosai.org\/de\/wp-json\/wp\/v2\/media?parent=7543"}],"curies":[{"name":"wp","href":"https:\/\/api.w.org\/{rel}","templated":true}]}}