{"id":7562,"date":"2021-07-30T14:56:34","date_gmt":"2021-07-30T14:56:34","guid":{"rendered":"https:\/\/u-intosai.org\/kontakte\/"},"modified":"2022-04-08T12:34:16","modified_gmt":"2022-04-08T12:34:16","slug":"kontakte","status":"publish","type":"page","link":"https:\/\/u-intosai.org\/de\/kontakte\/","title":{"rendered":"Kontakte"},"content":{"rendered":"<div class=\"wpb-content-wrapper\"><p>[vc_row css=&#8220;.vc_custom_1435659486461{margin-bottom: 0px !important;}&#8220;][vc_column width=&#8220;1\/2&#8243; el_class=&#8220;stm_icon_box_responsive&#8220;][vc_custom_heading text=&#8220;Kontakte&#8220; font_container=&#8220;tag:h3|text_align:left&#8220; use_theme_fonts=&#8220;yes&#8220; css=&#8220;.vc_custom_1613665902239{margin-top: -20px !important;margin-bottom: 35px !important;}&#8220;][vc_column_text]<strong>Universit\u00e4t f\u00fcr die INTOSAI-Gemeinschaft<\/strong><br \/>\nDie Rechnungskammer der Russischen F\u00f6deration<br \/>\nAbteilung f\u00fcr internationale und regionale Zusammenarbeit[\/vc_column_text][stm_icon_box title_holder=&#8220;h5&#8243; hover_pos=&#8220;none&#8220; icon=&#8220;fa-icon-stm_icon_pin-o&#8220; icon_size=&#8220;35&#8243; icon_align=&#8220;left&#8220; icon_width=&#8220;35&#8243; icon_color=&#8220;#960755&#8243; title=&#8220;Postadresse:&#8220; box_bg_color=&#8220;#ffffff&#8220; box_text_color=&#8220;#555555&#8243; css=&#8220;.vc_custom_1627657058733{margin-top: 0px !important;border-top-width: 1px !important;border-bottom-width: 1px !important;padding-top: 30px !important;padding-right: 0px !important;padding-bottom: 14px !important;padding-left: 0px !important;border-top-color: #e1e2e4 !important;border-top-style: solid !important;border-bottom-color: #e1e2e4 !important;border-bottom-style: solid !important;}&#8220; css_icon=&#8220;.vc_custom_1627657058732{padding-left: 7px !important;}&#8220;]119121, Russland, Moskau, ul.\u00a0 Zubovskaya, 2[\/stm_icon_box][vc_row_inner css=&#8220;.vc_custom_1435139343164{margin-bottom: 0px !important;}&#8220;][vc_column_inner el_class=&#8220;stm_sm_gutter_back stm_bottom_border&#8220; css=&#8220;.vc_custom_1436791452718{padding-right: 0px !important;}&#8220; offset=&#8220;vc_col-lg-6 vc_col-md-6&#8243;][stm_icon_box title_holder=&#8220;h5&#8243; hover_pos=&#8220;none&#8220; link_color_style=&#8220;dark&#8220; icon=&#8220;fa-icon-stm_icon_mail-o&#8220; icon_size=&#8220;22&#8243; icon_align=&#8220;left&#8220; icon_width=&#8220;35&#8243; icon_color=&#8220;#960755&#8243; title=&#8220;E-Mail-Adresse:&#8220; box_bg_color=&#8220;#ffffff&#8220; box_text_color=&#8220;#555555&#8243; css=&#8220;.vc_custom_1613665738267{margin-top: 27px !important;padding-top: 0px !important;padding-right: 15px !important;padding-bottom: 14px !important;padding-left: 0px !important;}&#8220; css_icon=&#8220;.vc_custom_1613665738266{padding-top: 10px !important;padding-left: 3px !important;}&#8220;]u_intosai@ach.gov.ru[\/stm_icon_box][\/vc_column_inner][vc_column_inner el_class=&#8220;stm_sm_gutter_back&#8220; css=&#8220;.vc_custom_1436791272952{padding-left: 0px !important;}&#8220; offset=&#8220;vc_col-lg-6 vc_col-md-6&#8243;][stm_icon_box title_holder=&#8220;h5&#8243; hover_pos=&#8220;none&#8220; link_color_style=&#8220;dark&#8220; icon=&#8220;fa-icon-stm_icon_earth&#8220; icon_size=&#8220;33&#8243; icon_align=&#8220;left&#8220; icon_width=&#8220;61&#8243; icon_color=&#8220;#960755&#8243; title=&#8220;Website:&#8220; box_bg_color=&#8220;#ffffff&#8220; box_text_color=&#8220;#555555&#8243; css=&#8220;.vc_custom_1613665745004{margin-top: 27px !important;padding-top: 0px !important;padding-right: 0px !important;padding-bottom: 14px !important;padding-left: 0px !important;}&#8220; css_icon=&#8220;.vc_custom_1613665745003{padding-top: 3px !important;padding-left: 26px !important;}&#8220;]<a href=\"https:\/\/u-intosai.org\/fr\/\">https:\/\/u-intosai.org\/<\/a>[\/stm_icon_box][\/vc_column_inner][\/vc_row_inner][stm_multy_separator css=&#8220;.vc_custom_1435665826984{margin-top: 39px !important;margin-bottom: 0px !important;}&#8220;][vc_empty_space][vc_custom_heading text=&#8220;Feedback&#8220; font_container=&#8220;tag:h3|text_align:left&#8220; use_theme_fonts=&#8220;yes&#8220; css=&#8220;.vc_custom_1613668376285{margin-bottom: 37px !important;}&#8220;]\n<div class=\"wpcf7 no-js\" id=\"wpcf7-f7568-o1\" lang=\"en-US\" dir=\"ltr\" data-wpcf7-id=\"7568\">\n<div class=\"screen-reader-response\"><p role=\"status\" aria-live=\"polite\" aria-atomic=\"true\"><\/p> <ul><\/ul><\/div>\n<form action=\"\/de\/wp-json\/wp\/v2\/pages\/7562#wpcf7-f7568-o1\" method=\"post\" class=\"wpcf7-form init\" aria-label=\"Contact form\" novalidate=\"novalidate\" data-status=\"init\">\n<fieldset class=\"hidden-fields-container\"><input type=\"hidden\" name=\"_wpcf7\" value=\"7568\" \/><input type=\"hidden\" name=\"_wpcf7_version\" value=\"6.1.5\" \/><input type=\"hidden\" name=\"_wpcf7_locale\" value=\"en_US\" \/><input type=\"hidden\" name=\"_wpcf7_unit_tag\" value=\"wpcf7-f7568-o1\" \/><input type=\"hidden\" name=\"_wpcf7_container_post\" value=\"0\" \/><input type=\"hidden\" name=\"_wpcf7_posted_data_hash\" value=\"\" \/>\n<\/fieldset>\n<div class=\"row\">\n\t<div class=\"col-xs-12 col-sm-6 col-md-6 col-lg-6\">\n\t\t<div class=\"form-group\">\n\t\t\t<p><span class=\"wpcf7-form-control-wrap\" data-name=\"name\"><input size=\"40\" maxlength=\"400\" class=\"wpcf7-form-control wpcf7-text wpcf7-validates-as-required form-control\" aria-required=\"true\" aria-invalid=\"false\" placeholder=\"Ihr Name\" value=\"\" type=\"text\" name=\"name\" \/><\/span>\n\t\t\t<\/p>\n\t\t<\/div>\n\t<\/div>\n\t<div class=\"col-xs-12 col-sm-6 col-md-6 col-lg-6\">\n\t\t<div class=\"form-group\">\n\t\t\t<p><span class=\"wpcf7-form-control-wrap\" data-name=\"email\"><input size=\"40\" maxlength=\"400\" class=\"wpcf7-form-control wpcf7-email wpcf7-validates-as-required wpcf7-text wpcf7-validates-as-email form-control\" aria-required=\"true\" aria-invalid=\"false\" placeholder=\"Ihre E-Mail-Adresse\" value=\"\" type=\"email\" name=\"email\" \/><\/span>\n\t\t\t<\/p>\n\t\t<\/div>\n\t<\/div>\n<\/div>\n<div class=\"row\">\n\t<div class=\"col-xs-12 col-sm-12 col-md-12 col-lg-12\">\n\t\t<div class=\"form-group\">\n\t\t\t<p><span class=\"wpcf7-form-control-wrap\" data-name=\"message\"><textarea cols=\"40\" rows=\"9\" maxlength=\"2000\" class=\"wpcf7-form-control wpcf7-textarea wpcf7-validates-as-required form-control\" aria-required=\"true\" aria-invalid=\"false\" name=\"message\"><\/textarea><\/span>\n\t\t\t<\/p>\n\t\t<\/div>\n\t<\/div>\n<\/div>\n<div class=\"row\">\n\t<div class=\"col-xs-12 col-sm-12 col-md-12 col-lg-12\">\n\t\t<p><input class=\"wpcf7-form-control wpcf7-submit has-spinner btn btn-default\" type=\"submit\" value=\"ABSENDEN\" \/>\n\t\t<\/p>\n\t<\/div>\n<\/div><input type=\"hidden\" id=\"ct_checkjs_cf7_4daa3db355ef2b0e64b472968cb70f0d\" name=\"ct_checkjs_cf7\" value=\"0\" \/><script >setTimeout(function(){var ct_input_name = \"ct_checkjs_cf7_4daa3db355ef2b0e64b472968cb70f0d\";if (document.getElementById(ct_input_name) !== null) {var ct_input_value = document.getElementById(ct_input_name).value;document.getElementById(ct_input_name).value = document.getElementById(ct_input_name).value.replace(ct_input_value, '812037813');}}, 1000);<\/script><input\n                    class=\"apbct_special_field apbct_email_id__wp_contact_form_7\"\n                    name=\"apbct__email_id__wp_contact_form_7\"\n                    aria-label=\"apbct__label_id__wp_contact_form_7\"\n                    type=\"text\" size=\"30\" maxlength=\"200\" autocomplete=\"off\"\n                    value=\"\"\n                \/><div class=\"wpcf7-response-output\" aria-hidden=\"true\"><\/div>\n<\/form>\n<\/div>\n[vc_empty_space][\/vc_column][vc_column width=&#8220;1\/2&#8243;][vc_empty_space height=&#8220;&#8220; mobile_height=&#8220;30&#8243;][vc_custom_heading text=&#8220;Standort&#8220; font_container=&#8220;tag:h3|text_align:left&#8220; use_theme_fonts=&#8220;yes&#8220; css=&#8220;.vc_custom_1613665908134{margin-top: -20px !important;margin-bottom: 35px !important;}&#8220;][vc_gmaps link=&#8220;#E-8_JTNDaWZyYW1lJTIwc3JjJTNEJTIyaHR0cHMlM0ElMkYlMkZ3d3cuZ29vZ2xlLmNvbSUyRm1hcHMlMkZlbWJlZCUzRnBiJTNEJTIxMW0xOCUyMTFtMTIlMjExbTMlMjExZDE1MjQuNDUwMjE4MzE0Mzk0OCUyMTJkMzcuNTg0MzE2MTUxMjMzODIlMjEzZDU1LjczODYwMzIyNTYxOTQ4NSUyMTJtMyUyMTFmMCUyMTJmMCUyMTNmMCUyMTNtMiUyMTFpMTAyNCUyMTJpNzY4JTIxNGYxMy4xJTIxM20zJTIxMW0yJTIxMXMweDQ2YjU0YmE1MjYzNzRhY2IlMjUzQTB4MTI2YTM0NDllMDhkOWMyJTIxMnNTY2hldG5heWElMjUyMFBhbGF0YSUyNTIwUmYlMjE1ZTAlMjEzbTIlMjExc2VuJTIxMnNydSUyMTR2MTYxMzY2NjA2MTk4MSUyMTVtMiUyMTFzZW4lMjEyc3J1JTIyJTIwd2lkdGglM0QlMjIxMDAlMjUlMjIlMjBoZWlnaHQlM0QlMjI0NTAlMjIlMjBmcmFtZWJvcmRlciUzRCUyMjAlMjIlMjBzdHlsZSUzRCUyMmJvcmRlciUzQTAlM0IlMjIlMjBhbGxvd2Z1bGxzY3JlZW4lM0QlMjIlMjIlMjBhcmlhLWhpZGRlbiUzRCUyMmZhbHNlJTIyJTIwdGFiaW5kZXglM0QlMjIwJTIyJTNFJTNDJTJGaWZyYW1lJTNF&#8220; size=&#8220;830&#8243;][\/vc_column][\/vc_row]<\/p>\n<\/div>","protected":false},"excerpt":{"rendered":"<p>[vc_row css=&#8220;.vc_custom_1435659486461{margin-bottom: 0px !important;}&#8220;][vc_column width=&#8220;1\/2&#8243; el_class=&#8220;stm_icon_box_responsive&#8220;][vc_custom_heading text=&#8220;Kontakte&#8220; font_container=&#8220;tag:h3|text_align:left&#8220; use_theme_fonts=&#8220;yes&#8220; css=&#8220;.vc_custom_1613665902239{margin-top: -20px !important;margin-bottom: 35px !important;}&#8220;][vc_column_text]Universit\u00e4t f\u00fcr die INTOSAI-Gemeinschaft Die Rechnungskammer der Russischen F\u00f6deration Abteilung f\u00fcr internationale und regionale Zusammenarbeit[\/vc_column_text][stm_icon_box title_holder=&#8220;h5&#8243; hover_pos=&#8220;none&#8220; icon=&#8220;fa-icon-stm_icon_pin-o&#8220; icon_size=&#8220;35&#8243; icon_align=&#8220;left&#8220; icon_width=&#8220;35&#8243; icon_color=&#8220;#960755&#8243; title=&#8220;Postadresse:&#8220; box_bg_color=&#8220;#ffffff&#8220; box_text_color=&#8220;#555555&#8243; css=&#8220;.vc_custom_1627657058733{margin-top: 0px !important;border-top-width: 1px !important;border-bottom-width: 1px !important;padding-top: 30px !important;padding-right: 0px !important;padding-bottom: 14px !important;padding-left: 0px !important;border-top-color: #e1e2e4 !important;border-top-style: [&hellip;]<\/p>\n","protected":false},"author":1,"featured_media":0,"parent":0,"menu_order":0,"comment_status":"closed","ping_status":"closed","template":"","meta":{"_acf_changed":false,"pmpro_default_level":"","footnotes":""},"class_list":["post-7562","page","type-page","status-publish","hentry","pmpro-has-access"],"acf":[],"yoast_head":"<!-- This site is optimized with the Yoast SEO plugin v27.3 - https:\/\/yoast.com\/product\/yoast-seo-wordpress\/ -->\n<title>Kontakte | U-INTOSAI<\/title>\n<meta name=\"description\" content=\"Kontakte\" \/>\n<meta name=\"robots\" content=\"index, follow, max-snippet:-1, max-image-preview:large, max-video-preview:-1\" \/>\n<link rel=\"canonical\" href=\"https:\/\/u-intosai.org\/de\/kontakte\/\" \/>\n<meta property=\"og:locale\" content=\"de_DE\" \/>\n<meta property=\"og:type\" content=\"article\" \/>\n<meta property=\"og:title\" content=\"Kontakte | U-INTOSAI\" \/>\n<meta property=\"og:description\" content=\"Kontakte\" \/>\n<meta property=\"og:url\" content=\"https:\/\/u-intosai.org\/de\/kontakte\/\" \/>\n<meta property=\"og:site_name\" content=\"U-INTOSAI\" \/>\n<meta property=\"article:modified_time\" content=\"2022-04-08T12:34:16+00:00\" \/>\n<meta property=\"og:image\" content=\"https:\/\/u-intosai.org\/wp-content\/uploads\/2022\/01\/video-poster-11920x1080-1.jpg\" \/>\n\t<meta property=\"og:image:width\" content=\"1920\" \/>\n\t<meta property=\"og:image:height\" content=\"1080\" \/>\n\t<meta property=\"og:image:type\" content=\"image\/jpeg\" \/>\n<meta name=\"twitter:card\" content=\"summary_large_image\" \/>\n<meta name=\"twitter:site\" content=\"@Incosai2019\" \/>\n<meta name=\"twitter:label1\" content=\"Gesch\u00e4tzte Lesezeit\" \/>\n\t<meta name=\"twitter:data1\" content=\"2\u00a0Minuten\" \/>\n<script type=\"application\/ld+json\" class=\"yoast-schema-graph\">{\"@context\":\"https:\\\/\\\/schema.org\",\"@graph\":[{\"@type\":\"WebPage\",\"@id\":\"https:\\\/\\\/u-intosai.org\\\/de\\\/kontakte\\\/\",\"url\":\"https:\\\/\\\/u-intosai.org\\\/de\\\/kontakte\\\/\",\"name\":\"Kontakte | U-INTOSAI\",\"isPartOf\":{\"@id\":\"https:\\\/\\\/u-intosai.org\\\/de\\\/#website\"},\"datePublished\":\"2021-07-30T14:56:34+00:00\",\"dateModified\":\"2022-04-08T12:34:16+00:00\",\"description\":\"Kontakte\",\"breadcrumb\":{\"@id\":\"https:\\\/\\\/u-intosai.org\\\/de\\\/kontakte\\\/#breadcrumb\"},\"inLanguage\":\"de\",\"potentialAction\":[{\"@type\":\"ReadAction\",\"target\":[\"https:\\\/\\\/u-intosai.org\\\/de\\\/kontakte\\\/\"]}]},{\"@type\":\"BreadcrumbList\",\"@id\":\"https:\\\/\\\/u-intosai.org\\\/de\\\/kontakte\\\/#breadcrumb\",\"itemListElement\":[{\"@type\":\"ListItem\",\"position\":1,\"name\":\"U-INTOSAI\",\"item\":\"https:\\\/\\\/u-intosai.org\\\/de\\\/\"},{\"@type\":\"ListItem\",\"position\":2,\"name\":\"Kontakte\"}]},{\"@type\":\"WebSite\",\"@id\":\"https:\\\/\\\/u-intosai.org\\\/de\\\/#website\",\"url\":\"https:\\\/\\\/u-intosai.org\\\/de\\\/\",\"name\":\"U-INTOSAI\",\"description\":\"U-INTOSAI is an open online educational platform for all INTOSAI members created as a unique space for exchanging experience and advanced knowledge.\",\"publisher\":{\"@id\":\"https:\\\/\\\/u-intosai.org\\\/de\\\/#organization\"},\"potentialAction\":[{\"@type\":\"SearchAction\",\"target\":{\"@type\":\"EntryPoint\",\"urlTemplate\":\"https:\\\/\\\/u-intosai.org\\\/de\\\/?s={search_term_string}\"},\"query-input\":{\"@type\":\"PropertyValueSpecification\",\"valueRequired\":true,\"valueName\":\"search_term_string\"}}],\"inLanguage\":\"de\"},{\"@type\":\"Organization\",\"@id\":\"https:\\\/\\\/u-intosai.org\\\/de\\\/#organization\",\"name\":\"U-INTOSAI \u2014 University of INTOSAI\",\"url\":\"https:\\\/\\\/u-intosai.org\\\/de\\\/\",\"logo\":{\"@type\":\"ImageObject\",\"inLanguage\":\"de\",\"@id\":\"https:\\\/\\\/u-intosai.org\\\/de\\\/#\\\/schema\\\/logo\\\/image\\\/\",\"url\":\"https:\\\/\\\/u-intosai.org\\\/wp-content\\\/uploads\\\/2021\\\/08\\\/miniu-intosai-logo.png\",\"contentUrl\":\"https:\\\/\\\/u-intosai.org\\\/wp-content\\\/uploads\\\/2021\\\/08\\\/miniu-intosai-logo.png\",\"width\":1000,\"height\":479,\"caption\":\"U-INTOSAI \u2014 University of INTOSAI\"},\"image\":{\"@id\":\"https:\\\/\\\/u-intosai.org\\\/de\\\/#\\\/schema\\\/logo\\\/image\\\/\"},\"sameAs\":[\"https:\\\/\\\/x.com\\\/Incosai2019\",\"https:\\\/\\\/www.youtube.com\\\/channel\\\/UCjD--8sXtgxoPrxRQ_rz5GQ\"]}]}<\/script>\n<!-- \/ Yoast SEO plugin. -->","yoast_head_json":{"title":"Kontakte | U-INTOSAI","description":"Kontakte","robots":{"index":"index","follow":"follow","max-snippet":"max-snippet:-1","max-image-preview":"max-image-preview:large","max-video-preview":"max-video-preview:-1"},"canonical":"https:\/\/u-intosai.org\/de\/kontakte\/","og_locale":"de_DE","og_type":"article","og_title":"Kontakte | U-INTOSAI","og_description":"Kontakte","og_url":"https:\/\/u-intosai.org\/de\/kontakte\/","og_site_name":"U-INTOSAI","article_modified_time":"2022-04-08T12:34:16+00:00","og_image":[{"width":1920,"height":1080,"url":"https:\/\/u-intosai.org\/wp-content\/uploads\/2022\/01\/video-poster-11920x1080-1.jpg","type":"image\/jpeg"}],"twitter_card":"summary_large_image","twitter_site":"@Incosai2019","twitter_misc":{"Gesch\u00e4tzte Lesezeit":"2\u00a0Minuten"},"schema":{"@context":"https:\/\/schema.org","@graph":[{"@type":"WebPage","@id":"https:\/\/u-intosai.org\/de\/kontakte\/","url":"https:\/\/u-intosai.org\/de\/kontakte\/","name":"Kontakte | U-INTOSAI","isPartOf":{"@id":"https:\/\/u-intosai.org\/de\/#website"},"datePublished":"2021-07-30T14:56:34+00:00","dateModified":"2022-04-08T12:34:16+00:00","description":"Kontakte","breadcrumb":{"@id":"https:\/\/u-intosai.org\/de\/kontakte\/#breadcrumb"},"inLanguage":"de","potentialAction":[{"@type":"ReadAction","target":["https:\/\/u-intosai.org\/de\/kontakte\/"]}]},{"@type":"BreadcrumbList","@id":"https:\/\/u-intosai.org\/de\/kontakte\/#breadcrumb","itemListElement":[{"@type":"ListItem","position":1,"name":"U-INTOSAI","item":"https:\/\/u-intosai.org\/de\/"},{"@type":"ListItem","position":2,"name":"Kontakte"}]},{"@type":"WebSite","@id":"https:\/\/u-intosai.org\/de\/#website","url":"https:\/\/u-intosai.org\/de\/","name":"U-INTOSAI","description":"U-INTOSAI is an open online educational platform for all INTOSAI members created as a unique space for exchanging experience and advanced knowledge.","publisher":{"@id":"https:\/\/u-intosai.org\/de\/#organization"},"potentialAction":[{"@type":"SearchAction","target":{"@type":"EntryPoint","urlTemplate":"https:\/\/u-intosai.org\/de\/?s={search_term_string}"},"query-input":{"@type":"PropertyValueSpecification","valueRequired":true,"valueName":"search_term_string"}}],"inLanguage":"de"},{"@type":"Organization","@id":"https:\/\/u-intosai.org\/de\/#organization","name":"U-INTOSAI \u2014 University of INTOSAI","url":"https:\/\/u-intosai.org\/de\/","logo":{"@type":"ImageObject","inLanguage":"de","@id":"https:\/\/u-intosai.org\/de\/#\/schema\/logo\/image\/","url":"https:\/\/u-intosai.org\/wp-content\/uploads\/2021\/08\/miniu-intosai-logo.png","contentUrl":"https:\/\/u-intosai.org\/wp-content\/uploads\/2021\/08\/miniu-intosai-logo.png","width":1000,"height":479,"caption":"U-INTOSAI \u2014 University of INTOSAI"},"image":{"@id":"https:\/\/u-intosai.org\/de\/#\/schema\/logo\/image\/"},"sameAs":["https:\/\/x.com\/Incosai2019","https:\/\/www.youtube.com\/channel\/UCjD--8sXtgxoPrxRQ_rz5GQ"]}]}},"_links":{"self":[{"href":"https:\/\/u-intosai.org\/de\/wp-json\/wp\/v2\/pages\/7562","targetHints":{"allow":["GET"]}}],"collection":[{"href":"https:\/\/u-intosai.org\/de\/wp-json\/wp\/v2\/pages"}],"about":[{"href":"https:\/\/u-intosai.org\/de\/wp-json\/wp\/v2\/types\/page"}],"author":[{"embeddable":true,"href":"https:\/\/u-intosai.org\/de\/wp-json\/wp\/v2\/users\/1"}],"replies":[{"embeddable":true,"href":"https:\/\/u-intosai.org\/de\/wp-json\/wp\/v2\/comments?post=7562"}],"version-history":[{"count":6,"href":"https:\/\/u-intosai.org\/de\/wp-json\/wp\/v2\/pages\/7562\/revisions"}],"predecessor-version":[{"id":13194,"href":"https:\/\/u-intosai.org\/de\/wp-json\/wp\/v2\/pages\/7562\/revisions\/13194"}],"wp:attachment":[{"href":"https:\/\/u-intosai.org\/de\/wp-json\/wp\/v2\/media?parent=7562"}],"curies":[{"name":"wp","href":"https:\/\/api.w.org\/{rel}","templated":true}]}}