{"id":7577,"date":"2021-07-30T15:25:16","date_gmt":"2021-07-30T15:25:16","guid":{"rendered":"https:\/\/u-intosai.org\/cookie-richtlinie\/"},"modified":"2021-07-30T15:38:06","modified_gmt":"2021-07-30T15:38:06","slug":"cookie-richtlinie","status":"publish","type":"page","link":"https:\/\/u-intosai.org\/de\/cookie-richtlinie\/","title":{"rendered":"Cookie-Richtlinie"},"content":{"rendered":"<h2 style=\"text-align: justify;\">Richtlinie der U-INTOSAI f\u00fcr Cookies und automatische Protokollierung<\/h2>\n<p>Die Richtlinie f\u00fcr Cookies und automatische Protokollierung (Cookie-Richtlinie) gilt f\u00fcr die Informationsressourcen der Online-Bildungsplattform der INTOSAI-Universit\u00e4t (U-INTOSAI).<\/p>\n<p>Um besser zu verstehen, wie wir Ihre personenbezogenen Daten verwenden, lesen Sie bitte die folgende Cookie-Richtlinie und unsere Datenschutzrichtlinie.<\/p>\n<h2>Wie funktionieren Cookies<\/h2>\n<p>Die U-INTOSAI verwendet Cookies in ihren Informationsressourcen.<\/p>\n<p>Ein Cookie ist eine kleine Datei, die auf Ihrem Ger\u00e4t (einem Computer oder einem mobilen Ger\u00e4t) gespeichert wird, wenn Sie unsere Informationsressourcen besuchen. Bei Ihrem n\u00e4chsten Besuch k\u00f6nnen unsere Informationsressourcen Ihr Ger\u00e4t wiedererkennen und eine optimierte Benutzererfahrung bieten.<\/p>\n<p>Die Cookie-Dateien speichern folgende Daten aus Ihren Online-Aktivit\u00e4ten:<\/p>\n<ul>\n<li>Ihre IP-Adresse;<\/li>\n<li>Typ und Version des Betriebssystems Ihres Ger\u00e4ts;<\/li>\n<li>Typ und Version des Browsers auf Ihrem Ger\u00e4t;<\/li>\n<li>Sprache Ihres Betriebssystems und Browsers;<\/li>\n<li>Typ Ihres Ger\u00e4ts und dessen Bildschirmaufl\u00f6sung;<\/li>\n<li>Ihr Standort;<\/li>\n<li>Quelle, \u00fcber die Sie auf die Website gekommen sind;<\/li>\n<li>Website oder Anzeige mit dem Link, auf den Sie geklickt haben, um auf unsere Website zu gelangen;<\/li>\n<li>welche Seiten Sie \u00f6ffnen und auf welche Schaltfl\u00e4chen Sie klicken.<\/li>\n<\/ul>\n<p>Unsere Informationsressourcen erfassen und speichern die Daten automatisch in Cookie-Dateien.<\/p>\n<p>Wir verwenden die Cookies nicht, um eine Person zu identifizieren oder ein Benutzerprofil zu erstellen. Wir integrieren diese Informationen nicht mit anderen Daten.<\/p>\n<p>Diese Plattform verwendet solche Cookie-Erfassungs- und Analysetools wie interne und externe Empfehlungssysteme, Analysesysteme und Tracker.<\/p>\n<p>Zus\u00e4tzlich zu unseren eigenen Diensten k\u00f6nnen wir Dienste von Drittanbietern zur Erfassung und Analyse von Cookies aus unseren Informationsressourcen verwenden, zum Beispiel:<\/p>\n<ul>\n<li>Google Analytics (https:\/\/analytics.google.com\/)<\/li>\n<li>Yandex.Metrika (https:\/\/metrika.yandex.ru\/)<\/li>\n<\/ul>\n<p>Wir verwenden nur solche Drittanbieterdienste, die bei der Verarbeitung von Daten hohe Sicherheitsstandards einhalten.<\/p>\n<p>Wir sammeln Cookies unter Anwendung von Drittanbieterdiensten nur mit Ihrer Zustimmung.<\/p>\n<p>Weitere Informationen zu Cookies und deren Verwaltung finden Sie im \u00f6ffentlichen Bereich unter\u00a0<a href=\"http:\/\/www.allaboutcookies.org\/\">www.allaboutcookies.org<\/a>.<\/p>\n<h2>Einwilligung zur Verwendung von Cookies<\/h2>\n<p>Bei Ihrem ersten Besuch der U-INTOSAI-Plattform fragen wir Sie, ob Sie der Verwendung von Cookies zustimmen. Auf Ihrem Bildschirm wird ein Cookie-Hinweis angezeigt.<\/p>\n<h2>Ablehnung von Cookies<\/h2>\n<p>Sie haben das Recht, Cookies abzulehnen, indem Sie Cookies in Ihren Browsereinstellungen deaktivieren oder l\u00f6schen. Diese Optionen finden Sie normalerweise im Abschnitt \u201eOptionen\u201d, \u201eTools\u201d, \u201eEinstellungen\u201d, \u201eVoreinstellungen\u201d o. \u00e4. in Ihrem Browsermen\u00fc.<\/p>\n<p>Nachdem Sie die Cookies deaktiviert oder gel\u00f6scht haben, erscheint der Cookie-Hinweis bei jedem Besuch der Website auf dem Bildschirm.<\/p>\n<h2>Speichern von Cookies<\/h2>\n<p>Einige Cookies werden automatisch von Ihrem Ger\u00e4t gel\u00f6scht, sobald Sie den Browser schlie\u00dfen.<\/p>\n<p>Einige Cookies werden nach einer bestimmten Zeit gel\u00f6scht. Dieser Zeitraum kann von der Zeit, die Sie auf der Website verbracht haben, bis zu einem Zeitraum von drei Jahren variieren.<\/p>\n<p>Wenn Sie Cookies in Ihren Browsereinstellungen deaktivieren oder l\u00f6schen, werden die Cookie-Dateien sofort gel\u00f6scht.<\/p>\n<h2>Technische Daten<\/h2>\n<p>Unsere Webserver und Sicherheitssysteme speichern vor\u00fcbergehend technische Daten ab.<\/p>\n<p>Die Verarbeitung technischer Daten ist f\u00fcr den reibungslosen Betrieb und die Sicherheit unserer Informationsressourcen erforderlich.<\/p>\n<p>Zu den technischen Daten z\u00e4hlen:<\/p>\n<ul>\n<li>die IP-Adresse Ihres Computers\/Ger\u00e4ts;<\/li>\n<li>angefragte Inhalte (Namen und URLs der Dateien, die Sie auf der Website angesehen haben);<\/li>\n<li>Datum und Uhrzeit des Aufrufs;<\/li>\n<li>Zeitzone (GMT);<\/li>\n<li>Verbindungsstatus;<\/li>\n<li>Datenaufkommen;<\/li>\n<li>technische Eigenschaften Ihres Ger\u00e4ts, einschlie\u00dflich Sprache, Browserversion und Betriebssystem;<\/li>\n<li>URLs der von Ihnen besuchten Websites.<\/li>\n<\/ul>\n<p>Technische Daten werden nicht verwendet, um eine Person zu identifizieren oder ein Benutzerprofil zu erstellen. Technische Daten werden von uns nicht mit anderen Daten integriert oder an Dritte weitergegeben.<\/p>\n<p>Technische Daten werden f\u00fcr einen Zeitraum von bis zu 12 Monaten ab dem Zeitpunkt der Erhebung gespeichert. Diese Frist kann nur dann verl\u00e4ngert werden, wenn dies nach russischem oder internationalem Recht erforderlich ist.<\/p>\n<p>Die einzige M\u00f6glichkeit f\u00fcr Sie, die Erfassung von technischen Daten abzulehnen, besteht darin, die Nutzung unserer Informationsressourcen einzustellen.<\/p>\n","protected":false},"excerpt":{"rendered":"<p>Richtlinie der U-INTOSAI f\u00fcr Cookies und automatische Protokollierung Die Richtlinie f\u00fcr Cookies und automatische Protokollierung (Cookie-Richtlinie) gilt f\u00fcr die Informationsressourcen der Online-Bildungsplattform der INTOSAI-Universit\u00e4t (U-INTOSAI). Um besser zu verstehen, wie wir Ihre personenbezogenen Daten verwenden, lesen Sie bitte die folgende Cookie-Richtlinie und unsere Datenschutzrichtlinie. Wie funktionieren Cookies Die U-INTOSAI verwendet Cookies in ihren Informationsressourcen. Ein [&hellip;]<\/p>\n","protected":false},"author":1,"featured_media":0,"parent":0,"menu_order":0,"comment_status":"closed","ping_status":"closed","template":"","meta":{"_acf_changed":false,"pmpro_default_level":"","footnotes":""},"class_list":["post-7577","page","type-page","status-publish","hentry","pmpro-has-access"],"acf":[],"yoast_head":"<!-- This site is optimized with the Yoast SEO plugin v27.3 - https:\/\/yoast.com\/product\/yoast-seo-wordpress\/ -->\n<title>Cookie-Richtlinie | U-INTOSAI<\/title>\n<meta name=\"description\" content=\"Cookie-Richtlinie\" \/>\n<meta name=\"robots\" content=\"index, follow, max-snippet:-1, max-image-preview:large, max-video-preview:-1\" \/>\n<link rel=\"canonical\" href=\"https:\/\/u-intosai.org\/de\/cookie-richtlinie\/\" \/>\n<meta property=\"og:locale\" content=\"de_DE\" \/>\n<meta property=\"og:type\" content=\"article\" \/>\n<meta property=\"og:title\" content=\"Cookie-Richtlinie | U-INTOSAI\" \/>\n<meta property=\"og:description\" content=\"Cookie-Richtlinie\" \/>\n<meta property=\"og:url\" content=\"https:\/\/u-intosai.org\/de\/cookie-richtlinie\/\" \/>\n<meta property=\"og:site_name\" content=\"U-INTOSAI\" \/>\n<meta property=\"article:modified_time\" content=\"2021-07-30T15:38:06+00:00\" \/>\n<meta property=\"og:image\" content=\"https:\/\/u-intosai.org\/wp-content\/uploads\/2022\/01\/video-poster-11920x1080-1.jpg\" \/>\n\t<meta property=\"og:image:width\" content=\"1920\" \/>\n\t<meta property=\"og:image:height\" content=\"1080\" \/>\n\t<meta property=\"og:image:type\" content=\"image\/jpeg\" \/>\n<meta name=\"twitter:card\" content=\"summary_large_image\" \/>\n<meta name=\"twitter:site\" content=\"@Incosai2019\" \/>\n<meta name=\"twitter:label1\" content=\"Gesch\u00e4tzte Lesezeit\" \/>\n\t<meta name=\"twitter:data1\" content=\"3\u00a0Minuten\" \/>\n<script type=\"application\/ld+json\" class=\"yoast-schema-graph\">{\"@context\":\"https:\\\/\\\/schema.org\",\"@graph\":[{\"@type\":\"WebPage\",\"@id\":\"https:\\\/\\\/u-intosai.org\\\/de\\\/cookie-richtlinie\\\/\",\"url\":\"https:\\\/\\\/u-intosai.org\\\/de\\\/cookie-richtlinie\\\/\",\"name\":\"Cookie-Richtlinie | U-INTOSAI\",\"isPartOf\":{\"@id\":\"https:\\\/\\\/u-intosai.org\\\/de\\\/#website\"},\"datePublished\":\"2021-07-30T15:25:16+00:00\",\"dateModified\":\"2021-07-30T15:38:06+00:00\",\"description\":\"Cookie-Richtlinie\",\"breadcrumb\":{\"@id\":\"https:\\\/\\\/u-intosai.org\\\/de\\\/cookie-richtlinie\\\/#breadcrumb\"},\"inLanguage\":\"de\",\"potentialAction\":[{\"@type\":\"ReadAction\",\"target\":[\"https:\\\/\\\/u-intosai.org\\\/de\\\/cookie-richtlinie\\\/\"]}]},{\"@type\":\"BreadcrumbList\",\"@id\":\"https:\\\/\\\/u-intosai.org\\\/de\\\/cookie-richtlinie\\\/#breadcrumb\",\"itemListElement\":[{\"@type\":\"ListItem\",\"position\":1,\"name\":\"U-INTOSAI\",\"item\":\"https:\\\/\\\/u-intosai.org\\\/de\\\/\"},{\"@type\":\"ListItem\",\"position\":2,\"name\":\"Cookie-Richtlinie\"}]},{\"@type\":\"WebSite\",\"@id\":\"https:\\\/\\\/u-intosai.org\\\/de\\\/#website\",\"url\":\"https:\\\/\\\/u-intosai.org\\\/de\\\/\",\"name\":\"U-INTOSAI\",\"description\":\"U-INTOSAI is an open online educational platform for all INTOSAI members created as a unique space for exchanging experience and advanced knowledge.\",\"publisher\":{\"@id\":\"https:\\\/\\\/u-intosai.org\\\/de\\\/#organization\"},\"potentialAction\":[{\"@type\":\"SearchAction\",\"target\":{\"@type\":\"EntryPoint\",\"urlTemplate\":\"https:\\\/\\\/u-intosai.org\\\/de\\\/?s={search_term_string}\"},\"query-input\":{\"@type\":\"PropertyValueSpecification\",\"valueRequired\":true,\"valueName\":\"search_term_string\"}}],\"inLanguage\":\"de\"},{\"@type\":\"Organization\",\"@id\":\"https:\\\/\\\/u-intosai.org\\\/de\\\/#organization\",\"name\":\"U-INTOSAI \u2014 University of INTOSAI\",\"url\":\"https:\\\/\\\/u-intosai.org\\\/de\\\/\",\"logo\":{\"@type\":\"ImageObject\",\"inLanguage\":\"de\",\"@id\":\"https:\\\/\\\/u-intosai.org\\\/de\\\/#\\\/schema\\\/logo\\\/image\\\/\",\"url\":\"https:\\\/\\\/u-intosai.org\\\/wp-content\\\/uploads\\\/2021\\\/08\\\/miniu-intosai-logo.png\",\"contentUrl\":\"https:\\\/\\\/u-intosai.org\\\/wp-content\\\/uploads\\\/2021\\\/08\\\/miniu-intosai-logo.png\",\"width\":1000,\"height\":479,\"caption\":\"U-INTOSAI \u2014 University of INTOSAI\"},\"image\":{\"@id\":\"https:\\\/\\\/u-intosai.org\\\/de\\\/#\\\/schema\\\/logo\\\/image\\\/\"},\"sameAs\":[\"https:\\\/\\\/x.com\\\/Incosai2019\",\"https:\\\/\\\/www.youtube.com\\\/channel\\\/UCjD--8sXtgxoPrxRQ_rz5GQ\"]}]}<\/script>\n<!-- \/ Yoast SEO plugin. -->","yoast_head_json":{"title":"Cookie-Richtlinie | U-INTOSAI","description":"Cookie-Richtlinie","robots":{"index":"index","follow":"follow","max-snippet":"max-snippet:-1","max-image-preview":"max-image-preview:large","max-video-preview":"max-video-preview:-1"},"canonical":"https:\/\/u-intosai.org\/de\/cookie-richtlinie\/","og_locale":"de_DE","og_type":"article","og_title":"Cookie-Richtlinie | U-INTOSAI","og_description":"Cookie-Richtlinie","og_url":"https:\/\/u-intosai.org\/de\/cookie-richtlinie\/","og_site_name":"U-INTOSAI","article_modified_time":"2021-07-30T15:38:06+00:00","og_image":[{"width":1920,"height":1080,"url":"https:\/\/u-intosai.org\/wp-content\/uploads\/2022\/01\/video-poster-11920x1080-1.jpg","type":"image\/jpeg"}],"twitter_card":"summary_large_image","twitter_site":"@Incosai2019","twitter_misc":{"Gesch\u00e4tzte Lesezeit":"3\u00a0Minuten"},"schema":{"@context":"https:\/\/schema.org","@graph":[{"@type":"WebPage","@id":"https:\/\/u-intosai.org\/de\/cookie-richtlinie\/","url":"https:\/\/u-intosai.org\/de\/cookie-richtlinie\/","name":"Cookie-Richtlinie | U-INTOSAI","isPartOf":{"@id":"https:\/\/u-intosai.org\/de\/#website"},"datePublished":"2021-07-30T15:25:16+00:00","dateModified":"2021-07-30T15:38:06+00:00","description":"Cookie-Richtlinie","breadcrumb":{"@id":"https:\/\/u-intosai.org\/de\/cookie-richtlinie\/#breadcrumb"},"inLanguage":"de","potentialAction":[{"@type":"ReadAction","target":["https:\/\/u-intosai.org\/de\/cookie-richtlinie\/"]}]},{"@type":"BreadcrumbList","@id":"https:\/\/u-intosai.org\/de\/cookie-richtlinie\/#breadcrumb","itemListElement":[{"@type":"ListItem","position":1,"name":"U-INTOSAI","item":"https:\/\/u-intosai.org\/de\/"},{"@type":"ListItem","position":2,"name":"Cookie-Richtlinie"}]},{"@type":"WebSite","@id":"https:\/\/u-intosai.org\/de\/#website","url":"https:\/\/u-intosai.org\/de\/","name":"U-INTOSAI","description":"U-INTOSAI is an open online educational platform for all INTOSAI members created as a unique space for exchanging experience and advanced knowledge.","publisher":{"@id":"https:\/\/u-intosai.org\/de\/#organization"},"potentialAction":[{"@type":"SearchAction","target":{"@type":"EntryPoint","urlTemplate":"https:\/\/u-intosai.org\/de\/?s={search_term_string}"},"query-input":{"@type":"PropertyValueSpecification","valueRequired":true,"valueName":"search_term_string"}}],"inLanguage":"de"},{"@type":"Organization","@id":"https:\/\/u-intosai.org\/de\/#organization","name":"U-INTOSAI \u2014 University of INTOSAI","url":"https:\/\/u-intosai.org\/de\/","logo":{"@type":"ImageObject","inLanguage":"de","@id":"https:\/\/u-intosai.org\/de\/#\/schema\/logo\/image\/","url":"https:\/\/u-intosai.org\/wp-content\/uploads\/2021\/08\/miniu-intosai-logo.png","contentUrl":"https:\/\/u-intosai.org\/wp-content\/uploads\/2021\/08\/miniu-intosai-logo.png","width":1000,"height":479,"caption":"U-INTOSAI \u2014 University of INTOSAI"},"image":{"@id":"https:\/\/u-intosai.org\/de\/#\/schema\/logo\/image\/"},"sameAs":["https:\/\/x.com\/Incosai2019","https:\/\/www.youtube.com\/channel\/UCjD--8sXtgxoPrxRQ_rz5GQ"]}]}},"_links":{"self":[{"href":"https:\/\/u-intosai.org\/de\/wp-json\/wp\/v2\/pages\/7577","targetHints":{"allow":["GET"]}}],"collection":[{"href":"https:\/\/u-intosai.org\/de\/wp-json\/wp\/v2\/pages"}],"about":[{"href":"https:\/\/u-intosai.org\/de\/wp-json\/wp\/v2\/types\/page"}],"author":[{"embeddable":true,"href":"https:\/\/u-intosai.org\/de\/wp-json\/wp\/v2\/users\/1"}],"replies":[{"embeddable":true,"href":"https:\/\/u-intosai.org\/de\/wp-json\/wp\/v2\/comments?post=7577"}],"version-history":[{"count":2,"href":"https:\/\/u-intosai.org\/de\/wp-json\/wp\/v2\/pages\/7577\/revisions"}],"predecessor-version":[{"id":7579,"href":"https:\/\/u-intosai.org\/de\/wp-json\/wp\/v2\/pages\/7577\/revisions\/7579"}],"wp:attachment":[{"href":"https:\/\/u-intosai.org\/de\/wp-json\/wp\/v2\/media?parent=7577"}],"curies":[{"name":"wp","href":"https:\/\/api.w.org\/{rel}","templated":true}]}}