{"id":7583,"date":"2021-07-30T16:15:10","date_gmt":"2021-07-30T16:15:10","guid":{"rendered":"https:\/\/u-intosai.org\/datenschutzerklaerung\/"},"modified":"2021-07-30T16:16:09","modified_gmt":"2021-07-30T16:16:09","slug":"datenschutzerklaerung","status":"publish","type":"page","link":"https:\/\/u-intosai.org\/de\/datenschutzerklaerung\/","title":{"rendered":"Datenschutzerkl\u00e4rung"},"content":{"rendered":"<h2>Datenschutzerkl\u00e4rung der U-INTOSAI<\/h2>\n<p style=\"text-align: justify;\">Die <strong>INTOSAI-Universit\u00e4t (<a href=\"https:\/\/u-intosai.org\/de\/\" target=\"_blank\" rel=\"noopener noreferrer\">U-INTOSAI<\/a>)<\/strong>, vertreten durch die R<a href=\"https:\/\/ach.gov.ru\/\" target=\"_blank\" rel=\"noopener noreferrer\">echnungskammer der Russischen F\u00f6deration<\/a>, bietet eine Online-Plattform f\u00fcr die gesamte <a href=\"https:\/\/www.intosai.org\/\" target=\"_blank\" rel=\"noopener noreferrer\">INTOSAI-Gemeinschaft.<\/a> F\u00fcr U-INTOSAI sind der Datenschutz und die Sicherheit der Besucher, Teilnehmer und Respondenten unserer Website von h\u00f6chster Bedeutung. Wir \u00fcbernehmen die Datenschutzrichtlinien, die in der allgemeinen Datenschutzverordnung nach dem Recht der Russischen F\u00f6deration und dem internationalen Recht festgelegt sind.<\/p>\n<p style=\"text-align: justify;\">Wir halten uns an die <a href=\"https:\/\/eur-lex.europa.eu\/legal-content\/EN\/TXT\/PDF\/?uri=CELEX:32016R0679&amp;from=EN\" target=\"_blank\" rel=\"noopener noreferrer\">Verordnung (EU) 2016\/679 des Europ\u00e4ischen Parlaments und des Rates vom 27. April 2016<\/a> \u201cZum Schutz nat\u00fcrlicher Personen bei der Verarbeitung personenbezogener Daten, zum freien Datenverkehr und zur Aufhebung der Richtlinie 95\/46\/EG\u201c (Datenschutz-Grundverordnung, DSGVO) und an das <a href=\"https:\/\/pd.rkn.gov.ru\/authority\/p146\/p164\/\" target=\"_blank\" rel=\"noopener noreferrer\">F\u00f6derale Gesetz der Russischen F\u00f6deration \u201e\u00dcber personenbezogene Daten\u201c Nr. 152-FZ vom 27.07.2006<\/a><\/p>\n<p>Die U-INTOSAI-Plattform verpflichtet sich zum Schutz der Daten, die Sie mit uns teilen.<\/p>\n<p>Alle Informationen, die auf der Online-Plattform der U-INTOSAI oder in Verzeichnissen (E-Mail, Registrierung, Online-Sitzungen) eingetragen werden, werden vertraulich behandelt.<\/p>\n<p>Alle Informationen werden sicher gespeichert und sind nur f\u00fcr autorisiertes Personal zug\u00e4nglich.<\/p>\n<p>Wir implementieren und unterhalten angemessene technische Sicherheitsma\u00dfnahmen, um personenbezogene Daten vor unbefugter oder rechtswidriger Verarbeitung und Nutzung sowie vor versehentlichem Verlust, Zerst\u00f6rung, Besch\u00e4digung, Diebstahl oder Offenlegung zu sch\u00fctzen.<\/p>\n<p>Die Ver\u00f6ffentlichung jeglicher Materialien auf der U-INTOSAI-Plattform, einschlie\u00dflich der Videomaterialien (die auf dem YouTube-Kanal der Rechnungskammer der Russischen F\u00f6deration ver\u00f6ffentlicht werden), erfolgt mit Zustimmung ihrer Autoren. Diese Materialien sind nicht f\u00fcr den kommerziellen Gebrauch bestimmt, sondern dienen ausschlie\u00dflich zu Bildungszwecken. Wir halten uns an die Grunds\u00e4tze des Urheberrechts und sind bereit, Materiale auf erstes Verlangen des Autors zu entfernen.<\/p>\n<h2>Einwilligung<\/h2>\n<h2>Bitte stimmen Sie den folgenden Richtlinien zu<\/h2>\n<p>Alle Informationen, die von den Respondenten \u00fcber die Online-Bildungsplattform bereitgestellt werden (Texte, Kontakte, Mediendateien usw.), werden an die U-INTOSAI, handelnd durch die Rechnungskammer der Russischen F\u00f6deration, an die U-INTOSAI \u00fcbermittelt und d\u00fcrfen nicht an Dritte weitergegeben werden.<\/p>\n<p>Respondenten, die Umfragen, Frageb\u00f6gen oder Online-Registrierungsformulare ausf\u00fcllen, sollten sich bewusst sein, dass sie die alleinige Verantwortung f\u00fcr den Inhalt ihrer Antworten tragen.<\/p>\n<p>Die Frageb\u00f6gen und Registrierungsformulare sammeln solche Informationen wie Name, Organisationsname, E-Mail, Adresse, Telefon und sonstige relevante Daten. Diese Informationen werden ausschlie\u00dflich von der U-INTOSAI verwendet, um Unterst\u00fctzung, Dienstleistungen, Mailings und Informationen bereitzustellen.<\/p>\n<h2>Cookies<\/h2>\n<p>Cookies sind kleine Dateien, die von einer Website auf die Festplatte eines Besuchers geschickt werden. Cookies k\u00f6nnen nicht f\u00fcr die Ausf\u00fchrung von Programmen oder f\u00fcr die \u00dcbertragung von Viren auf Ihren Computer verwendet werden. Bei Ihrem n\u00e4chsten Besuch k\u00f6nnen unsere Informationsressourcen Ihr Ger\u00e4t wiedererkennen und eine optimierte Benutzererfahrung bieten.<\/p>\n<p>Durch die weitere Nutzung der Website stimmen Sie der Platzierung von Cookies auf Ihrem Ger\u00e4t zu. Wenn Sie sich entscheiden, unsere Cookies nicht zu akzeptieren, k\u00f6nnen wir Ihnen kein vollwertiges Nutzungserlebnis garantieren.<\/p>\n<p>Allein durch das Besuchen der Webseite stimmen Sie der Erhebung und Verwendung Ihrer personenbezogenen Daten wie hierin beschrieben zu.<\/p>\n<p>Wenn Sie mit den hier aufgef\u00fchrten Bedingungen nicht einverstanden sind, verzichten Sie bitte auf den Besuch dieser Website.<\/p>\n<p>Die U-INTOSAI-Plattform kann Angaben \u00fcber die Besucher ihrer Website zu Berichts- und Statistikzwecken erheben und aufzeichnen, um diese Informationen als Grundlage f\u00fcr das Marketing und die Entwicklung der Website zu verwenden.<\/p>\n<p>Wir k\u00f6nnen Ihre IP-Adresse erfassen und Cookies verwenden. Die U-INTOSAI-Plattform kann Informationen zu den Seitenaufrufen hinzuf\u00fcgen. Sie kann auch personenbezogene Daten, die Sie uns in den Formularen unserer Website freiwillig zur Verf\u00fcgung stellen, z. B. wenn Sie sich f\u00fcr Veranstaltungen, Informationen und Newsletter anmelden, erheben und verarbeiten. Solche personenbezogenen Daten k\u00f6nnen Ihre IP-Adresse, den Vor- und Nachnamen, Ihre Post- und E-Mail-Adresse, Ihre Telefonnummer sowie Ihre Berufsbezeichnung beinhalten.<\/p>\n<p>Wir k\u00f6nnen auch Daten \u00fcber die Besuche auf der Website erfassen, einschlie\u00dflich der Anzahl von Besuchern und Besuchen, Standortdaten, der Verweildauer auf der Website, angeklickter Seiten oder der Traffic-Quellen. Wir verwenden die erfassten Daten, um mit Besuchern zu kommunizieren und die Website zu verbessern, indem wir das Navigationsverhalten der Besucher analysieren.<\/p>\n<h2>Weitergabe personenbezogener Daten<\/h2>\n<p>U-INTOSAI gew\u00e4hrleistet, dass keine personenbezogenen Daten an Dienstleister, Auftragnehmer oder an Personen au\u00dferhalb der Reichweite unserer gemeinsamen Arbeit weitergegeben werden.<\/p>\n<h2>Links auf andere Websites<\/h2>\n<p>Bitte beachten Sie, dass Besucher w\u00e4hrend des Aufenthalts auf unserer Plattform Links auf andere Websites, die au\u00dferhalb unseres Wirkungsbereichs liegen, folgen k\u00f6nnen. U-INTOSAI tr\u00e4gt keine Verantwortung f\u00fcr den Inhalt oder die Datenschutzrichtlinien solcher Websites.<\/p>\n<h2>Aufbewahrung und L\u00f6schung von Daten<\/h2>\n<p>Wir werden Daten nicht l\u00e4nger aufbewahren, als dies zur Erf\u00fcllung der Zwecke, f\u00fcr welche sie erhoben wurden, oder gem\u00e4\u00df den geltenden Gesetzen oder Vorschriften erforderlich ist.<\/p>\n<h2>Annahme dieser Bedingungen<\/h2>\n<p>Wir gehen davon aus, dass alle Benutzer der Online-Plattform dieses Dokument sorgf\u00e4ltig durchgelesen haben und mit dessen Inhalt einverstanden sind. Wenn jemand mit dieser Datenschutzerkl\u00e4rung nicht einverstanden ist, sollte er auf die Nutzung unserer Website und der Plattform verzichten.<\/p>\n<h2>Gesetzliche Verpflichtung zur Offenlegung personenbezogener Daten<\/h2>\n<p>Wir geben personenbezogene Daten eines Nutzers ohne dessen vorherige Zustimmung nur dann weiter, wenn ein Grund zu der Annahme besteht, dass die Weitergabe dieser Daten erforderlich ist, um die Identit\u00e4t einer oder mehrere Personen, die im Verdacht stehen, die Rechte oder das Eigentum der U-INTOSAI oder anderer Personen, die durch die Aktivit\u00e4ten des Nutzers gesch\u00e4digt werden k\u00f6nnten, zu verletzen, oder solcher Personen, die diese Rechte und dieses Eigentum (vors\u00e4tzlich oder anderweitig) verletzen k\u00f6nnten, zu ermitteln, Kontakt mit ihnen aufzunehmen oder ein Gerichtsverfahren gegen sie einzuleiten. U-INTOSAI darf personenbezogene Daten offenlegen, wenn wir guten Grund zu der Annahme haben, dass dies gesetzlich vorgeschrieben ist.<\/p>\n<h2>Personenbezogene Daten, die zu diesem Zweck verarbeitet werden<\/h2>\n<p>Um ein pers\u00f6nliches Konto bei U-INTOSAI zu erstellen, sind Ihr Name oder Nutzername und Ihre E-Mail-Adresse erforderlich.<\/p>\n<p>Nach der Erstellung Ihres pers\u00f6nlichen Kontos k\u00f6nnen Sie es durch weitere Informationen erg\u00e4nzen, einschlie\u00dflich Profilfoto, Alter, Geschlecht, Geburtsdatum, Land und Kontakte in sozialen Netzwerken.<\/p>\n<p>Wenn Sie Ihre ID aus sozialen Netzwerken angeben, verarbeitet U-INTOSAI die Daten, die in Ihrem Profil im sozialen Netzwerk verf\u00fcgbar sind, einschlie\u00dflich Ihres Vor- und Nachnamens, Profilfotos, Geburtsdatums, Geschlechts, der E-Mail-Adresse und Abonnements.<\/p>\n<h2>\u00dcbermittlung personenbezogener Daten an Drittl\u00e4nder und internationale Organisationen<\/h2>\n<p>Falls Dritte (Partner, Drittplattformen) an der Organisation einer Veranstaltung oder an der Erweisung von Versorgungsdienstleistungen (Postdienste, Kurierdienste oder Partner) beteiligt sind, werden Ihre personenbezogenen Daten in der Russischen F\u00f6deration und in anderen L\u00e4ndern, in denen diese Dritten ihre T\u00e4tigkeit aus\u00fcben, verarbeitet.<\/p>\n<p>Sofern keine Dritten beteiligt sind, werden Ihre personenbezogenen Daten nur in der Russischen F\u00f6deration verarbeitet.<\/p>\n<h2>Weitere Informationen<\/h2>\n<p><strong>Wenn Sie wichtige Fragen zum Schutz personenbezogener Daten oder deren Verwendung haben, wenden Sie sich bitte direkt an uns:\u00a0u_intosai@ach.gov.ru<\/strong><\/p>\n","protected":false},"excerpt":{"rendered":"<p>Datenschutzerkl\u00e4rung der U-INTOSAI Die INTOSAI-Universit\u00e4t (U-INTOSAI), vertreten durch die Rechnungskammer der Russischen F\u00f6deration, bietet eine Online-Plattform f\u00fcr die gesamte INTOSAI-Gemeinschaft. F\u00fcr U-INTOSAI sind der Datenschutz und die Sicherheit der Besucher, Teilnehmer und Respondenten unserer Website von h\u00f6chster Bedeutung. Wir \u00fcbernehmen die Datenschutzrichtlinien, die in der allgemeinen Datenschutzverordnung nach dem Recht der Russischen F\u00f6deration und dem [&hellip;]<\/p>\n","protected":false},"author":1,"featured_media":0,"parent":0,"menu_order":0,"comment_status":"closed","ping_status":"closed","template":"","meta":{"_acf_changed":false,"pmpro_default_level":"","footnotes":""},"class_list":["post-7583","page","type-page","status-publish","hentry","pmpro-has-access"],"acf":[],"yoast_head":"<!-- This site is optimized with the Yoast SEO plugin v27.3 - https:\/\/yoast.com\/product\/yoast-seo-wordpress\/ -->\n<title>Datenschutzerkl\u00e4rung | U-INTOSAI<\/title>\n<meta name=\"description\" content=\"Datenschutzerkl\u00e4rung\" \/>\n<meta name=\"robots\" content=\"index, follow, max-snippet:-1, max-image-preview:large, max-video-preview:-1\" \/>\n<link rel=\"canonical\" href=\"https:\/\/u-intosai.org\/de\/datenschutzerklaerung\/\" \/>\n<meta property=\"og:locale\" content=\"de_DE\" \/>\n<meta property=\"og:type\" content=\"article\" \/>\n<meta property=\"og:title\" content=\"Datenschutzerkl\u00e4rung | U-INTOSAI\" \/>\n<meta property=\"og:description\" content=\"Datenschutzerkl\u00e4rung\" \/>\n<meta property=\"og:url\" content=\"https:\/\/u-intosai.org\/de\/datenschutzerklaerung\/\" \/>\n<meta property=\"og:site_name\" content=\"U-INTOSAI\" \/>\n<meta property=\"article:modified_time\" content=\"2021-07-30T16:16:09+00:00\" \/>\n<meta property=\"og:image\" content=\"https:\/\/u-intosai.org\/wp-content\/uploads\/2022\/01\/video-poster-11920x1080-1.jpg\" \/>\n\t<meta property=\"og:image:width\" content=\"1920\" \/>\n\t<meta property=\"og:image:height\" content=\"1080\" \/>\n\t<meta property=\"og:image:type\" content=\"image\/jpeg\" \/>\n<meta name=\"twitter:card\" content=\"summary_large_image\" \/>\n<meta name=\"twitter:site\" content=\"@Incosai2019\" \/>\n<meta name=\"twitter:label1\" content=\"Gesch\u00e4tzte Lesezeit\" \/>\n\t<meta name=\"twitter:data1\" content=\"6\u00a0Minuten\" \/>\n<script type=\"application\/ld+json\" class=\"yoast-schema-graph\">{\"@context\":\"https:\\\/\\\/schema.org\",\"@graph\":[{\"@type\":\"WebPage\",\"@id\":\"https:\\\/\\\/u-intosai.org\\\/de\\\/datenschutzerklaerung\\\/\",\"url\":\"https:\\\/\\\/u-intosai.org\\\/de\\\/datenschutzerklaerung\\\/\",\"name\":\"Datenschutzerkl\u00e4rung | U-INTOSAI\",\"isPartOf\":{\"@id\":\"https:\\\/\\\/u-intosai.org\\\/de\\\/#website\"},\"datePublished\":\"2021-07-30T16:15:10+00:00\",\"dateModified\":\"2021-07-30T16:16:09+00:00\",\"description\":\"Datenschutzerkl\u00e4rung\",\"breadcrumb\":{\"@id\":\"https:\\\/\\\/u-intosai.org\\\/de\\\/datenschutzerklaerung\\\/#breadcrumb\"},\"inLanguage\":\"de\",\"potentialAction\":[{\"@type\":\"ReadAction\",\"target\":[\"https:\\\/\\\/u-intosai.org\\\/de\\\/datenschutzerklaerung\\\/\"]}]},{\"@type\":\"BreadcrumbList\",\"@id\":\"https:\\\/\\\/u-intosai.org\\\/de\\\/datenschutzerklaerung\\\/#breadcrumb\",\"itemListElement\":[{\"@type\":\"ListItem\",\"position\":1,\"name\":\"U-INTOSAI\",\"item\":\"https:\\\/\\\/u-intosai.org\\\/de\\\/\"},{\"@type\":\"ListItem\",\"position\":2,\"name\":\"Datenschutzerkl\u00e4rung\"}]},{\"@type\":\"WebSite\",\"@id\":\"https:\\\/\\\/u-intosai.org\\\/de\\\/#website\",\"url\":\"https:\\\/\\\/u-intosai.org\\\/de\\\/\",\"name\":\"U-INTOSAI\",\"description\":\"U-INTOSAI is an open online educational platform for all INTOSAI members created as a unique space for exchanging experience and advanced knowledge.\",\"publisher\":{\"@id\":\"https:\\\/\\\/u-intosai.org\\\/de\\\/#organization\"},\"potentialAction\":[{\"@type\":\"SearchAction\",\"target\":{\"@type\":\"EntryPoint\",\"urlTemplate\":\"https:\\\/\\\/u-intosai.org\\\/de\\\/?s={search_term_string}\"},\"query-input\":{\"@type\":\"PropertyValueSpecification\",\"valueRequired\":true,\"valueName\":\"search_term_string\"}}],\"inLanguage\":\"de\"},{\"@type\":\"Organization\",\"@id\":\"https:\\\/\\\/u-intosai.org\\\/de\\\/#organization\",\"name\":\"U-INTOSAI \u2014 University of INTOSAI\",\"url\":\"https:\\\/\\\/u-intosai.org\\\/de\\\/\",\"logo\":{\"@type\":\"ImageObject\",\"inLanguage\":\"de\",\"@id\":\"https:\\\/\\\/u-intosai.org\\\/de\\\/#\\\/schema\\\/logo\\\/image\\\/\",\"url\":\"https:\\\/\\\/u-intosai.org\\\/wp-content\\\/uploads\\\/2021\\\/08\\\/miniu-intosai-logo.png\",\"contentUrl\":\"https:\\\/\\\/u-intosai.org\\\/wp-content\\\/uploads\\\/2021\\\/08\\\/miniu-intosai-logo.png\",\"width\":1000,\"height\":479,\"caption\":\"U-INTOSAI \u2014 University of INTOSAI\"},\"image\":{\"@id\":\"https:\\\/\\\/u-intosai.org\\\/de\\\/#\\\/schema\\\/logo\\\/image\\\/\"},\"sameAs\":[\"https:\\\/\\\/x.com\\\/Incosai2019\",\"https:\\\/\\\/www.youtube.com\\\/channel\\\/UCjD--8sXtgxoPrxRQ_rz5GQ\"]}]}<\/script>\n<!-- \/ Yoast SEO plugin. -->","yoast_head_json":{"title":"Datenschutzerkl\u00e4rung | U-INTOSAI","description":"Datenschutzerkl\u00e4rung","robots":{"index":"index","follow":"follow","max-snippet":"max-snippet:-1","max-image-preview":"max-image-preview:large","max-video-preview":"max-video-preview:-1"},"canonical":"https:\/\/u-intosai.org\/de\/datenschutzerklaerung\/","og_locale":"de_DE","og_type":"article","og_title":"Datenschutzerkl\u00e4rung | U-INTOSAI","og_description":"Datenschutzerkl\u00e4rung","og_url":"https:\/\/u-intosai.org\/de\/datenschutzerklaerung\/","og_site_name":"U-INTOSAI","article_modified_time":"2021-07-30T16:16:09+00:00","og_image":[{"width":1920,"height":1080,"url":"https:\/\/u-intosai.org\/wp-content\/uploads\/2022\/01\/video-poster-11920x1080-1.jpg","type":"image\/jpeg"}],"twitter_card":"summary_large_image","twitter_site":"@Incosai2019","twitter_misc":{"Gesch\u00e4tzte Lesezeit":"6\u00a0Minuten"},"schema":{"@context":"https:\/\/schema.org","@graph":[{"@type":"WebPage","@id":"https:\/\/u-intosai.org\/de\/datenschutzerklaerung\/","url":"https:\/\/u-intosai.org\/de\/datenschutzerklaerung\/","name":"Datenschutzerkl\u00e4rung | U-INTOSAI","isPartOf":{"@id":"https:\/\/u-intosai.org\/de\/#website"},"datePublished":"2021-07-30T16:15:10+00:00","dateModified":"2021-07-30T16:16:09+00:00","description":"Datenschutzerkl\u00e4rung","breadcrumb":{"@id":"https:\/\/u-intosai.org\/de\/datenschutzerklaerung\/#breadcrumb"},"inLanguage":"de","potentialAction":[{"@type":"ReadAction","target":["https:\/\/u-intosai.org\/de\/datenschutzerklaerung\/"]}]},{"@type":"BreadcrumbList","@id":"https:\/\/u-intosai.org\/de\/datenschutzerklaerung\/#breadcrumb","itemListElement":[{"@type":"ListItem","position":1,"name":"U-INTOSAI","item":"https:\/\/u-intosai.org\/de\/"},{"@type":"ListItem","position":2,"name":"Datenschutzerkl\u00e4rung"}]},{"@type":"WebSite","@id":"https:\/\/u-intosai.org\/de\/#website","url":"https:\/\/u-intosai.org\/de\/","name":"U-INTOSAI","description":"U-INTOSAI is an open online educational platform for all INTOSAI members created as a unique space for exchanging experience and advanced knowledge.","publisher":{"@id":"https:\/\/u-intosai.org\/de\/#organization"},"potentialAction":[{"@type":"SearchAction","target":{"@type":"EntryPoint","urlTemplate":"https:\/\/u-intosai.org\/de\/?s={search_term_string}"},"query-input":{"@type":"PropertyValueSpecification","valueRequired":true,"valueName":"search_term_string"}}],"inLanguage":"de"},{"@type":"Organization","@id":"https:\/\/u-intosai.org\/de\/#organization","name":"U-INTOSAI \u2014 University of INTOSAI","url":"https:\/\/u-intosai.org\/de\/","logo":{"@type":"ImageObject","inLanguage":"de","@id":"https:\/\/u-intosai.org\/de\/#\/schema\/logo\/image\/","url":"https:\/\/u-intosai.org\/wp-content\/uploads\/2021\/08\/miniu-intosai-logo.png","contentUrl":"https:\/\/u-intosai.org\/wp-content\/uploads\/2021\/08\/miniu-intosai-logo.png","width":1000,"height":479,"caption":"U-INTOSAI \u2014 University of INTOSAI"},"image":{"@id":"https:\/\/u-intosai.org\/de\/#\/schema\/logo\/image\/"},"sameAs":["https:\/\/x.com\/Incosai2019","https:\/\/www.youtube.com\/channel\/UCjD--8sXtgxoPrxRQ_rz5GQ"]}]}},"_links":{"self":[{"href":"https:\/\/u-intosai.org\/de\/wp-json\/wp\/v2\/pages\/7583","targetHints":{"allow":["GET"]}}],"collection":[{"href":"https:\/\/u-intosai.org\/de\/wp-json\/wp\/v2\/pages"}],"about":[{"href":"https:\/\/u-intosai.org\/de\/wp-json\/wp\/v2\/types\/page"}],"author":[{"embeddable":true,"href":"https:\/\/u-intosai.org\/de\/wp-json\/wp\/v2\/users\/1"}],"replies":[{"embeddable":true,"href":"https:\/\/u-intosai.org\/de\/wp-json\/wp\/v2\/comments?post=7583"}],"version-history":[{"count":2,"href":"https:\/\/u-intosai.org\/de\/wp-json\/wp\/v2\/pages\/7583\/revisions"}],"predecessor-version":[{"id":7585,"href":"https:\/\/u-intosai.org\/de\/wp-json\/wp\/v2\/pages\/7583\/revisions\/7585"}],"wp:attachment":[{"href":"https:\/\/u-intosai.org\/de\/wp-json\/wp\/v2\/media?parent=7583"}],"curies":[{"name":"wp","href":"https:\/\/api.w.org\/{rel}","templated":true}]}}