{"id":7620,"date":"2021-07-30T17:21:53","date_gmt":"2021-07-30T17:21:53","guid":{"rendered":"https:\/\/u-intosai.org\/home-de\/"},"modified":"2026-04-02T13:21:05","modified_gmt":"2026-04-02T10:21:05","slug":"home-de","status":"publish","type":"page","link":"https:\/\/u-intosai.org\/de\/","title":{"rendered":"Home-DE"},"content":{"rendered":"<div class=\"wpb-content-wrapper\"><p>[vc_row css=&#8220;.vc_custom_1536745839740{margin-bottom: 0px !important;}&#8220;][vc_column css=&#8220;.vc_custom_1536745834183{margin-bottom: 0px !important;}&#8220;][rev_slider_vc alias=&#8220;main-slider-en-11-1&#8243;][\/vc_column][\/vc_row][vc_row css=&#8220;.vc_custom_1536823288236{margin-bottom: 44px !important;}&#8220;][vc_column][stm_lms_courses_categories style=&#8220;style_4&#8243; css=&#8220;.vc_custom_1606171506667{margin-top: -147px !important;}&#8220; taxonomy=&#8220;139, 140, 141, 142, 143&#8243;][\/vc_column][\/vc_row][vc_row][vc_column][vc_cta h2=&#8220;Digitale Universit\u00e4t f\u00fcr die INTOSAI-Gemeinschaft (U-INTOSAI)&#8220; txt_align=&#8220;center&#8220; add_button=&#8220;bottom&#8220; btn_title=&#8220;Richtlinien der U-INTOSAI&#8220; btn_style=&#8220;gradient-custom&#8220; btn_gradient_custom_color_1=&#8220;#960555&#8243; btn_gradient_custom_color_2=&#8220;#934985&#8243; btn_size=&#8220;lg&#8220; btn_align=&#8220;center&#8220; btn_i_icon_fontawesome=&#8220;fas fa-book&#8220; btn_css_animation=&#8220;bounceInLeft&#8220; btn_add_icon=&#8220;true&#8220; btn_link=&#8220;url:https%3A%2F%2Fu-intosai.org%2Fdocs%2FU-INTOSAI-Guidelines.pdf|target:_blank|&#8220;]<\/p>\n<p>Die Digitale Universit\u00e4t f\u00fcr die INTOSAI-Gemeinschaft (U-INTOSAI) ist ein Projekt, das auf Initiative der Rechnungskammer der Russischen F\u00f6deration in ihrer Funktion als INTOSAI-Vorsitz ins Leben gerufen wurde und darauf abzielt, auf die Bed\u00fcrfnisse der internationalen Auditgemeinschaft bez\u00fcglich der Konsolidierung von Aktivit\u00e4ten zum Ausbau von Sachkompetenzen der INTOSAI-Gremien und einzelner oberster Rechnungskontrollbeh\u00f6rden (ORKBs) zu reagieren. Der konzeptionelle Rahmen f\u00fcr die Gr\u00fcndung der Universit\u00e4t wurde urspr\u00fcnglich beim 23. INCOSAI in Moskau im September 2019 als eine der Priorit\u00e4ten des Vorsitzes der Organisation in der Person der Rechnungskammer der Russischen F\u00f6deration umrissen. Nach der Vorarbeit mit den Schl\u00fcsselakteuren im Bereich des Ausbaus von Sachkompetenzen der INTOSAI wurde die Projektumsetzung in der 74. Tagung des Pr\u00e4sidiums der INTOSAI im November 2020 genehmigt.<\/p>\n<p>[\/vc_cta][\/vc_column][\/vc_row][vc_row gap=&#8220;15&#8243; css_animation=&#8220;fadeInUp&#8220; css=&#8220;.vc_custom_1664817712168{margin-top: 15px !important;margin-right: 15px !important;margin-bottom: 15px !important;margin-left: 15px !important;}&#8220;][vc_column width=&#8220;1\/3&#8243;][vc_column_text]<\/p>\n<h2 style=\"text-align: center;\">Kurse<\/h2>\n<h2 style=\"text-align: center;\"><span class=\"sbs-count-cpt\">287 <\/span><\/h2>\n<p>[\/vc_column_text][\/vc_column][vc_column width=&#8220;1\/3&#8243;][vc_column_text]<\/p>\n<h2 style=\"text-align: center;\">Unterricht<\/h2>\n<h2 style=\"text-align: center;\"><span class=\"sbs-count-cpt\">2,388 <\/span><\/h2>\n<p>[\/vc_column_text][\/vc_column][vc_column width=&#8220;1\/3&#8243;][vc_column_text]<\/p>\n<h2 style=\"text-align: center;\">Autoren<\/h2>\n<h2 style=\"text-align: center;\"><div class=\"sbs-count-roles\">58 <\/div><\/h2>\n<p>[\/vc_column_text][\/vc_column][\/vc_row][vc_row el_class=&#8220;overflowed_content&#8220;][vc_column][vc_empty_space height=&#8220;107px&#8220; tablet_height=&#8220;70&#8243; mobile_height=&#8220;50&#8243;][stm_lms_courses_grid hide_load_more=&#8220;hidden&#8220; per_row=&#8220;4&#8243; image_size=&#8220;2000&#215;1125&#8243; posts_per_page=&#8220;32&#8243; title=&#8220;AUSGEW\u00c4HLTE KURSE&#8220;][vc_btn title=&#8220;Mehr anzeigen&#8220; style=&#8220;gradient-custom&#8220; gradient_custom_color_1=&#8220;#960555&#8243; gradient_custom_color_2=&#8220;#934985&#8243; size=&#8220;lg&#8220; align=&#8220;center&#8220; i_icon_fontawesome=&#8220;fa fa-angle-double-right&#8220; add_icon=&#8220;true&#8220; link=&#8220;url:https%3A%2F%2Fu-intosai.org%2Fde%2Fcourses%2F|title:Kurse|target:_blank|&#8220;][\/vc_column][\/vc_row][vc_row css=&#8220;.vc_custom_1436164243861{margin-bottom: 28px !important;}&#8220;][vc_column][vc_empty_space height=&#8220;107px&#8220; tablet_height=&#8220;70&#8243; mobile_height=&#8220;50&#8243;][vc_custom_heading text=&#8220;NACHRICHTEN UND MATERIALIEN&#8220; font_container=&#8220;tag:h2|text_align:center&#8220; use_theme_fonts=&#8220;yes&#8220; css=&#8220;.vc_custom_1607631954762{margin-bottom: -13px !important;}&#8220;][vc_row_inner css=&#8220;.vc_custom_1536751636857{margin-bottom: 47px !important;}&#8220;][vc_column_inner][stm_color_separator css=&#8220;.vc_custom_1437023252855{margin-top: 7px !important;margin-bottom: 0px !important;}&#8220;][\/vc_column_inner][\/vc_row_inner][vc_row_inner][vc_column_inner][stm_post_list post_list_per_row=&#8220;3&#8243; post_list_show_date=&#8220;true&#8220; post_list_show_cats=&#8220;true&#8220; post_list_show_tags=&#8220;true&#8220; post_list_show_comments=&#8220;true&#8220; post_list_per_page=&#8220;9&#8243;][\/vc_column_inner][\/vc_row_inner][vc_btn title=&#8220;Alle Nachrichten&#8220; style=&#8220;gradient-custom&#8220; gradient_custom_color_1=&#8220;#960555&#8243; gradient_custom_color_2=&#8220;#934985&#8243; size=&#8220;lg&#8220; align=&#8220;center&#8220; i_icon_fontawesome=&#8220;fa fa-angle-double-right&#8220; add_icon=&#8220;true&#8220; link=&#8220;url:https%3A%2F%2Fu-intosai.org%2Fde%2Fcategory%2Fnachrichten%2F|title:Alle%20Nachrichten|target:_blank|&#8220;][\/vc_column][\/vc_row][vc_row][vc_column][vc_empty_space height=&#8220;107px&#8220; tablet_height=&#8220;70&#8243; mobile_height=&#8220;50&#8243;][vc_custom_heading text=&#8220;AUSSCH\u00dcSSE &amp; REGIONALE ORGANISATIONEN&#8220; font_container=&#8220;tag:h2|text_align:center&#8220; use_theme_fonts=&#8220;yes&#8220; css=&#8220;.vc_custom_1652980076457{margin-bottom: -13px !important;}&#8220;][stm_color_separator css=&#8220;.vc_custom_1437023252855{margin-top: 7px !important;margin-bottom: 0px !important;}&#8220;][vc_empty_space height=&#8220;50 px&#8220; tablet_height=&#8220;70&#8243; mobile_height=&#8220;50&#8243;][stm_lms_courses_categories number=&#8220;6&#8243; style=&#8220;style_5&#8243; taxonomy=&#8220;160, 173, 161, 162, 163, 167, 164, 168, 380, 169, 165, 166, 170, 171&#8243;][\/vc_column][\/vc_row][vc_row disable_element=&#8220;yes&#8220;][vc_column][vc_empty_space height=&#8220;107px&#8220; tablet_height=&#8220;70&#8243; mobile_height=&#8220;50&#8243;][vc_custom_heading text=&#8220;THEMATISCHE KATEGORIEN&#8220; font_container=&#8220;tag:h2|text_align:center&#8220; use_theme_fonts=&#8220;yes&#8220; css=&#8220;.vc_custom_1608735828645{margin-bottom: -13px !important;}&#8220;][stm_color_separator css=&#8220;.vc_custom_1437023252855{margin-top: 7px !important;margin-bottom: 0px !important;}&#8220;][vc_empty_space height=&#8220;50px&#8220;][stm_lms_courses_categories number=&#8220;6&#8243; style=&#8220;style_3&#8243; taxonomy=&#8220;144, 143, 145, 146, 147, 148, 149, 150, 151, 278, 139, 141, 152, 153, 154, 155, 156, 142, 157, 140, 158, 387, 740, 754&#8243;][\/vc_column][\/vc_row][vc_row][vc_column][vc_custom_heading text=&#8220;IN ZUSAMMENARBEIT MIT&#8220; font_container=&#8220;tag:h2|text_align:center&#8220; use_theme_fonts=&#8220;yes&#8220; css=&#8220;.vc_custom_1660209792665{margin-bottom: -13px !important;}&#8220;][stm_color_separator css=&#8220;.vc_custom_1437023252855{margin-top: 7px !important;margin-bottom: 0px !important;}&#8220;][vc_empty_space height=&#8220;50 px&#8220;][vc_gallery images=&#8220;18153,18212,18195,18204,18187,30566&#8243; img_size=&#8220;290&#215;100&#8243; onclick=&#8220;&#8220;][\/vc_column][\/vc_row]<\/p>\n<\/div>","protected":false},"excerpt":{"rendered":"<p>[vc_row css=&#8220;.vc_custom_1536745839740{margin-bottom: 0px !important;}&#8220;][vc_column css=&#8220;.vc_custom_1536745834183{margin-bottom: 0px !important;}&#8220;][rev_slider_vc alias=&#8220;main-slider-en-11-1&#8243;][\/vc_column][\/vc_row][vc_row css=&#8220;.vc_custom_1536823288236{margin-bottom: 44px !important;}&#8220;][vc_column][stm_lms_courses_categories style=&#8220;style_4&#8243; css=&#8220;.vc_custom_1606171506667{margin-top: -147px !important;}&#8220; taxonomy=&#8220;139, 140, 141, 142, 143&#8243;][\/vc_column][\/vc_row][vc_row][vc_column][vc_cta h2=&#8220;Digitale Universit\u00e4t f\u00fcr die INTOSAI-Gemeinschaft (U-INTOSAI)&#8220; txt_align=&#8220;center&#8220; add_button=&#8220;bottom&#8220; btn_title=&#8220;Richtlinien der U-INTOSAI&#8220; btn_style=&#8220;gradient-custom&#8220; btn_gradient_custom_color_1=&#8220;#960555&#8243; btn_gradient_custom_color_2=&#8220;#934985&#8243; btn_size=&#8220;lg&#8220; btn_align=&#8220;center&#8220; btn_i_icon_fontawesome=&#8220;fas fa-book&#8220; btn_css_animation=&#8220;bounceInLeft&#8220; btn_add_icon=&#8220;true&#8220; btn_link=&#8220;url:https%3A%2F%2Fu-intosai.org%2Fdocs%2FU-INTOSAI-Guidelines.pdf|target:_blank|&#8220;] Die Digitale Universit\u00e4t f\u00fcr die INTOSAI-Gemeinschaft (U-INTOSAI) ist ein Projekt, das auf Initiative der [&hellip;]<\/p>\n","protected":false},"author":1,"featured_media":12178,"parent":0,"menu_order":0,"comment_status":"closed","ping_status":"closed","template":"","meta":{"_acf_changed":false,"pmpro_default_level":"","footnotes":""},"class_list":["post-7620","page","type-page","status-publish","has-post-thumbnail","hentry","pmpro-has-access"],"acf":[],"yoast_head":"<!-- This site is optimized with the Yoast SEO plugin v27.3 - https:\/\/yoast.com\/product\/yoast-seo-wordpress\/ -->\n<title>U-INTOSAI \u2013 Universit\u00e4t f\u00fcr die INTOSAI-Gemeinschaft<\/title>\n<meta name=\"description\" content=\"U-INTOSAI ist eine offene Online-Bildungsplattform f\u00fcr alle INTOSAI-Mitglieder, die als ein einzigartiger Raum f\u00fcr den Austausch von Erfahrungen und fortgeschrittenem Wissen geschaffen wurde.\" \/>\n<meta name=\"robots\" content=\"index, follow, max-snippet:-1, max-image-preview:large, max-video-preview:-1\" \/>\n<link rel=\"canonical\" href=\"https:\/\/u-intosai.org\/de\/\" \/>\n<meta property=\"og:locale\" content=\"de_DE\" \/>\n<meta property=\"og:type\" content=\"article\" \/>\n<meta property=\"og:title\" content=\"U-INTOSAI \u2013 Universit\u00e4t f\u00fcr die INTOSAI-Gemeinschaft\" \/>\n<meta property=\"og:description\" content=\"U-INTOSAI ist eine offene Online-Bildungsplattform f\u00fcr alle INTOSAI-Mitglieder, die als ein einzigartiger Raum f\u00fcr den Austausch von Erfahrungen und fortgeschrittenem Wissen geschaffen wurde.\" \/>\n<meta property=\"og:url\" content=\"https:\/\/u-intosai.org\/de\/\" \/>\n<meta property=\"og:site_name\" content=\"U-INTOSAI\" \/>\n<meta property=\"article:modified_time\" content=\"2026-04-02T10:21:05+00:00\" \/>\n<meta property=\"og:image\" content=\"https:\/\/u-intosai.org\/wp-content\/uploads\/2022\/01\/video-poster-11920x1080-1.jpg\" \/>\n\t<meta property=\"og:image:width\" content=\"1920\" \/>\n\t<meta property=\"og:image:height\" content=\"1080\" \/>\n\t<meta property=\"og:image:type\" content=\"image\/jpeg\" \/>\n<meta name=\"twitter:card\" content=\"summary_large_image\" \/>\n<meta name=\"twitter:title\" content=\"U-INTOSAI \u2013 Universit\u00e4t f\u00fcr die INTOSAI-Gemeinschaft\" \/>\n<meta name=\"twitter:description\" content=\"U-INTOSAI ist eine offene Online-Bildungsplattform f\u00fcr alle INTOSAI-Mitglieder, die als ein einzigartiger Raum f\u00fcr den Austausch von Erfahrungen und fortgeschrittenem Wissen geschaffen wurde.\" \/>\n<meta name=\"twitter:image\" content=\"https:\/\/u-intosai.org\/wp-content\/uploads\/2022\/01\/video-poster-11920x1080-1.jpg\" \/>\n<meta name=\"twitter:site\" content=\"@Incosai2019\" \/>\n<meta name=\"twitter:label1\" content=\"Gesch\u00e4tzte Lesezeit\" \/>\n\t<meta name=\"twitter:data1\" content=\"2\u00a0Minuten\" \/>\n<script type=\"application\/ld+json\" class=\"yoast-schema-graph\">{\"@context\":\"https:\\\/\\\/schema.org\",\"@graph\":[{\"@type\":\"WebPage\",\"@id\":\"https:\\\/\\\/u-intosai.org\\\/de\\\/\",\"url\":\"https:\\\/\\\/u-intosai.org\\\/de\\\/\",\"name\":\"U-INTOSAI \u2013 Universit\u00e4t f\u00fcr die INTOSAI-Gemeinschaft\",\"isPartOf\":{\"@id\":\"https:\\\/\\\/u-intosai.org\\\/de\\\/#website\"},\"primaryImageOfPage\":{\"@id\":\"https:\\\/\\\/u-intosai.org\\\/de\\\/#primaryimage\"},\"image\":{\"@id\":\"https:\\\/\\\/u-intosai.org\\\/de\\\/#primaryimage\"},\"thumbnailUrl\":\"https:\\\/\\\/u-intosai.org\\\/wp-content\\\/uploads\\\/2022\\\/01\\\/video-poster-11920x1080-1.jpg\",\"datePublished\":\"2021-07-30T17:21:53+00:00\",\"dateModified\":\"2026-04-02T10:21:05+00:00\",\"description\":\"U-INTOSAI ist eine offene Online-Bildungsplattform f\u00fcr alle INTOSAI-Mitglieder, die als ein einzigartiger Raum f\u00fcr den Austausch von Erfahrungen und fortgeschrittenem Wissen geschaffen wurde.\",\"breadcrumb\":{\"@id\":\"https:\\\/\\\/u-intosai.org\\\/de\\\/#breadcrumb\"},\"inLanguage\":\"de\",\"potentialAction\":[{\"@type\":\"ReadAction\",\"target\":[\"https:\\\/\\\/u-intosai.org\\\/de\\\/\"]}]},{\"@type\":\"ImageObject\",\"inLanguage\":\"de\",\"@id\":\"https:\\\/\\\/u-intosai.org\\\/de\\\/#primaryimage\",\"url\":\"https:\\\/\\\/u-intosai.org\\\/wp-content\\\/uploads\\\/2022\\\/01\\\/video-poster-11920x1080-1.jpg\",\"contentUrl\":\"https:\\\/\\\/u-intosai.org\\\/wp-content\\\/uploads\\\/2022\\\/01\\\/video-poster-11920x1080-1.jpg\",\"width\":1920,\"height\":1080},{\"@type\":\"BreadcrumbList\",\"@id\":\"https:\\\/\\\/u-intosai.org\\\/de\\\/#breadcrumb\",\"itemListElement\":[{\"@type\":\"ListItem\",\"position\":1,\"name\":\"U-INTOSAI\",\"item\":\"https:\\\/\\\/u-intosai.org\\\/de\\\/\"},{\"@type\":\"ListItem\",\"position\":2,\"name\":\"Home-DE\"}]},{\"@type\":\"WebSite\",\"@id\":\"https:\\\/\\\/u-intosai.org\\\/de\\\/#website\",\"url\":\"https:\\\/\\\/u-intosai.org\\\/de\\\/\",\"name\":\"U-INTOSAI\",\"description\":\"U-INTOSAI is an open online educational platform for all INTOSAI members created as a unique space for exchanging experience and advanced knowledge.\",\"publisher\":{\"@id\":\"https:\\\/\\\/u-intosai.org\\\/de\\\/#organization\"},\"potentialAction\":[{\"@type\":\"SearchAction\",\"target\":{\"@type\":\"EntryPoint\",\"urlTemplate\":\"https:\\\/\\\/u-intosai.org\\\/de\\\/?s={search_term_string}\"},\"query-input\":{\"@type\":\"PropertyValueSpecification\",\"valueRequired\":true,\"valueName\":\"search_term_string\"}}],\"inLanguage\":\"de\"},{\"@type\":\"Organization\",\"@id\":\"https:\\\/\\\/u-intosai.org\\\/de\\\/#organization\",\"name\":\"U-INTOSAI \u2014 University of INTOSAI\",\"url\":\"https:\\\/\\\/u-intosai.org\\\/de\\\/\",\"logo\":{\"@type\":\"ImageObject\",\"inLanguage\":\"de\",\"@id\":\"https:\\\/\\\/u-intosai.org\\\/de\\\/#\\\/schema\\\/logo\\\/image\\\/\",\"url\":\"https:\\\/\\\/u-intosai.org\\\/wp-content\\\/uploads\\\/2021\\\/08\\\/miniu-intosai-logo.png\",\"contentUrl\":\"https:\\\/\\\/u-intosai.org\\\/wp-content\\\/uploads\\\/2021\\\/08\\\/miniu-intosai-logo.png\",\"width\":1000,\"height\":479,\"caption\":\"U-INTOSAI \u2014 University of INTOSAI\"},\"image\":{\"@id\":\"https:\\\/\\\/u-intosai.org\\\/de\\\/#\\\/schema\\\/logo\\\/image\\\/\"},\"sameAs\":[\"https:\\\/\\\/x.com\\\/Incosai2019\",\"https:\\\/\\\/www.youtube.com\\\/channel\\\/UCjD--8sXtgxoPrxRQ_rz5GQ\"]}]}<\/script>\n<!-- \/ Yoast SEO plugin. -->","yoast_head_json":{"title":"U-INTOSAI \u2013 Universit\u00e4t f\u00fcr die INTOSAI-Gemeinschaft","description":"U-INTOSAI ist eine offene Online-Bildungsplattform f\u00fcr alle INTOSAI-Mitglieder, die als ein einzigartiger Raum f\u00fcr den Austausch von Erfahrungen und fortgeschrittenem Wissen geschaffen wurde.","robots":{"index":"index","follow":"follow","max-snippet":"max-snippet:-1","max-image-preview":"max-image-preview:large","max-video-preview":"max-video-preview:-1"},"canonical":"https:\/\/u-intosai.org\/de\/","og_locale":"de_DE","og_type":"article","og_title":"U-INTOSAI \u2013 Universit\u00e4t f\u00fcr die INTOSAI-Gemeinschaft","og_description":"U-INTOSAI ist eine offene Online-Bildungsplattform f\u00fcr alle INTOSAI-Mitglieder, die als ein einzigartiger Raum f\u00fcr den Austausch von Erfahrungen und fortgeschrittenem Wissen geschaffen wurde.","og_url":"https:\/\/u-intosai.org\/de\/","og_site_name":"U-INTOSAI","article_modified_time":"2026-04-02T10:21:05+00:00","og_image":[{"width":1920,"height":1080,"url":"https:\/\/u-intosai.org\/wp-content\/uploads\/2022\/01\/video-poster-11920x1080-1.jpg","type":"image\/jpeg"}],"twitter_card":"summary_large_image","twitter_title":"U-INTOSAI \u2013 Universit\u00e4t f\u00fcr die INTOSAI-Gemeinschaft","twitter_description":"U-INTOSAI ist eine offene Online-Bildungsplattform f\u00fcr alle INTOSAI-Mitglieder, die als ein einzigartiger Raum f\u00fcr den Austausch von Erfahrungen und fortgeschrittenem Wissen geschaffen wurde.","twitter_image":"https:\/\/u-intosai.org\/wp-content\/uploads\/2022\/01\/video-poster-11920x1080-1.jpg","twitter_site":"@Incosai2019","twitter_misc":{"Gesch\u00e4tzte Lesezeit":"2\u00a0Minuten"},"schema":{"@context":"https:\/\/schema.org","@graph":[{"@type":"WebPage","@id":"https:\/\/u-intosai.org\/de\/","url":"https:\/\/u-intosai.org\/de\/","name":"U-INTOSAI \u2013 Universit\u00e4t f\u00fcr die INTOSAI-Gemeinschaft","isPartOf":{"@id":"https:\/\/u-intosai.org\/de\/#website"},"primaryImageOfPage":{"@id":"https:\/\/u-intosai.org\/de\/#primaryimage"},"image":{"@id":"https:\/\/u-intosai.org\/de\/#primaryimage"},"thumbnailUrl":"https:\/\/u-intosai.org\/wp-content\/uploads\/2022\/01\/video-poster-11920x1080-1.jpg","datePublished":"2021-07-30T17:21:53+00:00","dateModified":"2026-04-02T10:21:05+00:00","description":"U-INTOSAI ist eine offene Online-Bildungsplattform f\u00fcr alle INTOSAI-Mitglieder, die als ein einzigartiger Raum f\u00fcr den Austausch von Erfahrungen und fortgeschrittenem Wissen geschaffen wurde.","breadcrumb":{"@id":"https:\/\/u-intosai.org\/de\/#breadcrumb"},"inLanguage":"de","potentialAction":[{"@type":"ReadAction","target":["https:\/\/u-intosai.org\/de\/"]}]},{"@type":"ImageObject","inLanguage":"de","@id":"https:\/\/u-intosai.org\/de\/#primaryimage","url":"https:\/\/u-intosai.org\/wp-content\/uploads\/2022\/01\/video-poster-11920x1080-1.jpg","contentUrl":"https:\/\/u-intosai.org\/wp-content\/uploads\/2022\/01\/video-poster-11920x1080-1.jpg","width":1920,"height":1080},{"@type":"BreadcrumbList","@id":"https:\/\/u-intosai.org\/de\/#breadcrumb","itemListElement":[{"@type":"ListItem","position":1,"name":"U-INTOSAI","item":"https:\/\/u-intosai.org\/de\/"},{"@type":"ListItem","position":2,"name":"Home-DE"}]},{"@type":"WebSite","@id":"https:\/\/u-intosai.org\/de\/#website","url":"https:\/\/u-intosai.org\/de\/","name":"U-INTOSAI","description":"U-INTOSAI is an open online educational platform for all INTOSAI members created as a unique space for exchanging experience and advanced knowledge.","publisher":{"@id":"https:\/\/u-intosai.org\/de\/#organization"},"potentialAction":[{"@type":"SearchAction","target":{"@type":"EntryPoint","urlTemplate":"https:\/\/u-intosai.org\/de\/?s={search_term_string}"},"query-input":{"@type":"PropertyValueSpecification","valueRequired":true,"valueName":"search_term_string"}}],"inLanguage":"de"},{"@type":"Organization","@id":"https:\/\/u-intosai.org\/de\/#organization","name":"U-INTOSAI \u2014 University of INTOSAI","url":"https:\/\/u-intosai.org\/de\/","logo":{"@type":"ImageObject","inLanguage":"de","@id":"https:\/\/u-intosai.org\/de\/#\/schema\/logo\/image\/","url":"https:\/\/u-intosai.org\/wp-content\/uploads\/2021\/08\/miniu-intosai-logo.png","contentUrl":"https:\/\/u-intosai.org\/wp-content\/uploads\/2021\/08\/miniu-intosai-logo.png","width":1000,"height":479,"caption":"U-INTOSAI \u2014 University of INTOSAI"},"image":{"@id":"https:\/\/u-intosai.org\/de\/#\/schema\/logo\/image\/"},"sameAs":["https:\/\/x.com\/Incosai2019","https:\/\/www.youtube.com\/channel\/UCjD--8sXtgxoPrxRQ_rz5GQ"]}]}},"_links":{"self":[{"href":"https:\/\/u-intosai.org\/de\/wp-json\/wp\/v2\/pages\/7620","targetHints":{"allow":["GET"]}}],"collection":[{"href":"https:\/\/u-intosai.org\/de\/wp-json\/wp\/v2\/pages"}],"about":[{"href":"https:\/\/u-intosai.org\/de\/wp-json\/wp\/v2\/types\/page"}],"author":[{"embeddable":true,"href":"https:\/\/u-intosai.org\/de\/wp-json\/wp\/v2\/users\/1"}],"replies":[{"embeddable":true,"href":"https:\/\/u-intosai.org\/de\/wp-json\/wp\/v2\/comments?post=7620"}],"version-history":[{"count":37,"href":"https:\/\/u-intosai.org\/de\/wp-json\/wp\/v2\/pages\/7620\/revisions"}],"predecessor-version":[{"id":50269,"href":"https:\/\/u-intosai.org\/de\/wp-json\/wp\/v2\/pages\/7620\/revisions\/50269"}],"wp:featuredmedia":[{"embeddable":true,"href":"https:\/\/u-intosai.org\/de\/wp-json\/wp\/v2\/media\/12178"}],"wp:attachment":[{"href":"https:\/\/u-intosai.org\/de\/wp-json\/wp\/v2\/media?parent=7620"}],"curies":[{"name":"wp","href":"https:\/\/api.w.org\/{rel}","templated":true}]}}