{"id":8146,"date":"2021-08-17T10:37:10","date_gmt":"2021-08-17T10:37:10","guid":{"rendered":"https:\/\/u-intosai.org\/podcasts\/oberbehoerden-fuer-die-wirtschaftspruefung-der-mongolei\/"},"modified":"2021-08-17T10:37:13","modified_gmt":"2021-08-17T10:37:13","slug":"oberbehoerden-fuer-die-wirtschaftspruefung-der-mongolei","status":"publish","type":"page","link":"https:\/\/u-intosai.org\/de\/podcasts\/oberbehoerden-fuer-die-wirtschaftspruefung-der-mongolei\/","title":{"rendered":"Oberbeh\u00f6rden f\u00fcr die Wirtschaftspr\u00fcfung der Mongolei"},"content":{"rendered":"<div class=\"wpb-content-wrapper\"><p>[vc_row][vc_column][vc_custom_heading text=&#8220;Oberbeh\u00f6rden f\u00fcr die Wirtschaftspr\u00fcfung der Mongolei&#8220; font_container=&#8220;tag:h1|text_align:left&#8220; use_theme_fonts=&#8220;yes&#8220;][vc_column_text]<a href=\"https:\/\/audit.mn\/?page_id=5877\" target=\"_blank\" rel=\"noopener\">Oberbeh\u00f6rden f\u00fcr die Wirtschaftspr\u00fcfung der Mongolei<\/a><\/p>\n<p>Die Podcasts der Oberbeh\u00f6rden f\u00fcr die Wirtschaftspr\u00fcfung der Mongolei orientieren sich nach den B\u00fcrgern, die keine Berufskenntnisse auf dem Gebiet der Wirtschaftspr\u00fcfung besitzen. In diesen Ausgaben erfahren Sie \u00fcber die Typen der Wirtschaftspr\u00fcfung auf dem staatlichen und st\u00e4dtischen Niveau, \u00fcber die Ziele und Aufgaben der Oberbeh\u00f6rden f\u00fcr die Wirtschaftspr\u00fcfung.<\/p>\n<p>Die Sprache ist Mongolisch<\/p>\n<p>[\/vc_column_text][\/vc_column][\/vc_row]<\/p>\n<\/div>","protected":false},"excerpt":{"rendered":"<p>[vc_row][vc_column][vc_custom_heading text=&#8220;Oberbeh\u00f6rden f\u00fcr die Wirtschaftspr\u00fcfung der Mongolei&#8220; font_container=&#8220;tag:h1|text_align:left&#8220; use_theme_fonts=&#8220;yes&#8220;][vc_column_text]Oberbeh\u00f6rden f\u00fcr die Wirtschaftspr\u00fcfung der Mongolei Die Podcasts der Oberbeh\u00f6rden f\u00fcr die Wirtschaftspr\u00fcfung der Mongolei orientieren sich nach den B\u00fcrgern, die keine Berufskenntnisse auf dem Gebiet der Wirtschaftspr\u00fcfung besitzen. In diesen Ausgaben erfahren Sie \u00fcber die Typen der Wirtschaftspr\u00fcfung auf dem staatlichen und st\u00e4dtischen Niveau, \u00fcber die [&hellip;]<\/p>\n","protected":false},"author":1,"featured_media":8147,"parent":7659,"menu_order":0,"comment_status":"closed","ping_status":"closed","template":"","meta":{"_acf_changed":false,"pmpro_default_level":"","footnotes":""},"class_list":["post-8146","page","type-page","status-publish","has-post-thumbnail","hentry","pmpro-has-access"],"acf":[],"yoast_head":"<!-- This site is optimized with the Yoast SEO plugin v27.3 - https:\/\/yoast.com\/product\/yoast-seo-wordpress\/ -->\n<title>Oberbeh\u00f6rden f\u00fcr die Wirtschaftspr\u00fcfung der Mongolei | U-INTOSAI<\/title>\n<meta name=\"description\" content=\"Oberbeh\u00f6rden f\u00fcr die Wirtschaftspr\u00fcfung der Mongolei\" \/>\n<meta name=\"robots\" content=\"index, follow, max-snippet:-1, max-image-preview:large, max-video-preview:-1\" \/>\n<link rel=\"canonical\" href=\"https:\/\/u-intosai.org\/de\/podcasts\/oberbehoerden-fuer-die-wirtschaftspruefung-der-mongolei\/\" \/>\n<meta property=\"og:locale\" content=\"de_DE\" \/>\n<meta property=\"og:type\" content=\"article\" \/>\n<meta property=\"og:title\" content=\"Oberbeh\u00f6rden f\u00fcr die Wirtschaftspr\u00fcfung der Mongolei | U-INTOSAI\" \/>\n<meta property=\"og:description\" content=\"Oberbeh\u00f6rden f\u00fcr die Wirtschaftspr\u00fcfung der Mongolei\" \/>\n<meta property=\"og:url\" content=\"https:\/\/u-intosai.org\/de\/podcasts\/oberbehoerden-fuer-die-wirtschaftspruefung-der-mongolei\/\" \/>\n<meta property=\"og:site_name\" content=\"U-INTOSAI\" \/>\n<meta property=\"article:modified_time\" content=\"2021-08-17T10:37:13+00:00\" \/>\n<meta property=\"og:image\" content=\"https:\/\/u-intosai.org\/wp-content\/uploads\/2021\/07\/mogolian54214.jpg\" \/>\n\t<meta property=\"og:image:width\" content=\"487\" \/>\n\t<meta property=\"og:image:height\" content=\"487\" \/>\n\t<meta property=\"og:image:type\" content=\"image\/jpeg\" \/>\n<meta name=\"twitter:card\" content=\"summary_large_image\" \/>\n<meta name=\"twitter:site\" content=\"@Incosai2019\" \/>\n<meta name=\"twitter:label1\" content=\"Gesch\u00e4tzte Lesezeit\" \/>\n\t<meta name=\"twitter:data1\" content=\"1\u00a0Minute\" \/>\n<script type=\"application\/ld+json\" class=\"yoast-schema-graph\">{\"@context\":\"https:\\\/\\\/schema.org\",\"@graph\":[{\"@type\":\"WebPage\",\"@id\":\"https:\\\/\\\/u-intosai.org\\\/de\\\/podcasts\\\/oberbehoerden-fuer-die-wirtschaftspruefung-der-mongolei\\\/\",\"url\":\"https:\\\/\\\/u-intosai.org\\\/de\\\/podcasts\\\/oberbehoerden-fuer-die-wirtschaftspruefung-der-mongolei\\\/\",\"name\":\"Oberbeh\u00f6rden f\u00fcr die Wirtschaftspr\u00fcfung der Mongolei | U-INTOSAI\",\"isPartOf\":{\"@id\":\"https:\\\/\\\/u-intosai.org\\\/de\\\/#website\"},\"primaryImageOfPage\":{\"@id\":\"https:\\\/\\\/u-intosai.org\\\/de\\\/podcasts\\\/oberbehoerden-fuer-die-wirtschaftspruefung-der-mongolei\\\/#primaryimage\"},\"image\":{\"@id\":\"https:\\\/\\\/u-intosai.org\\\/de\\\/podcasts\\\/oberbehoerden-fuer-die-wirtschaftspruefung-der-mongolei\\\/#primaryimage\"},\"thumbnailUrl\":\"https:\\\/\\\/u-intosai.org\\\/wp-content\\\/uploads\\\/2021\\\/07\\\/mogolian54214.jpg\",\"datePublished\":\"2021-08-17T10:37:10+00:00\",\"dateModified\":\"2021-08-17T10:37:13+00:00\",\"description\":\"Oberbeh\u00f6rden f\u00fcr die Wirtschaftspr\u00fcfung der Mongolei\",\"breadcrumb\":{\"@id\":\"https:\\\/\\\/u-intosai.org\\\/de\\\/podcasts\\\/oberbehoerden-fuer-die-wirtschaftspruefung-der-mongolei\\\/#breadcrumb\"},\"inLanguage\":\"de\",\"potentialAction\":[{\"@type\":\"ReadAction\",\"target\":[\"https:\\\/\\\/u-intosai.org\\\/de\\\/podcasts\\\/oberbehoerden-fuer-die-wirtschaftspruefung-der-mongolei\\\/\"]}]},{\"@type\":\"ImageObject\",\"inLanguage\":\"de\",\"@id\":\"https:\\\/\\\/u-intosai.org\\\/de\\\/podcasts\\\/oberbehoerden-fuer-die-wirtschaftspruefung-der-mongolei\\\/#primaryimage\",\"url\":\"https:\\\/\\\/u-intosai.org\\\/wp-content\\\/uploads\\\/2021\\\/07\\\/mogolian54214.jpg\",\"contentUrl\":\"https:\\\/\\\/u-intosai.org\\\/wp-content\\\/uploads\\\/2021\\\/07\\\/mogolian54214.jpg\",\"width\":487,\"height\":487},{\"@type\":\"BreadcrumbList\",\"@id\":\"https:\\\/\\\/u-intosai.org\\\/de\\\/podcasts\\\/oberbehoerden-fuer-die-wirtschaftspruefung-der-mongolei\\\/#breadcrumb\",\"itemListElement\":[{\"@type\":\"ListItem\",\"position\":1,\"name\":\"U-INTOSAI\",\"item\":\"https:\\\/\\\/u-intosai.org\\\/de\\\/\"},{\"@type\":\"ListItem\",\"position\":2,\"name\":\"Podcasts\",\"item\":\"https:\\\/\\\/u-intosai.org\\\/de\\\/podcasts\\\/\"},{\"@type\":\"ListItem\",\"position\":3,\"name\":\"Oberbeh\u00f6rden f\u00fcr die Wirtschaftspr\u00fcfung der Mongolei\"}]},{\"@type\":\"WebSite\",\"@id\":\"https:\\\/\\\/u-intosai.org\\\/de\\\/#website\",\"url\":\"https:\\\/\\\/u-intosai.org\\\/de\\\/\",\"name\":\"U-INTOSAI\",\"description\":\"U-INTOSAI is an open online educational platform for all INTOSAI members created as a unique space for exchanging experience and advanced knowledge.\",\"publisher\":{\"@id\":\"https:\\\/\\\/u-intosai.org\\\/de\\\/#organization\"},\"potentialAction\":[{\"@type\":\"SearchAction\",\"target\":{\"@type\":\"EntryPoint\",\"urlTemplate\":\"https:\\\/\\\/u-intosai.org\\\/de\\\/?s={search_term_string}\"},\"query-input\":{\"@type\":\"PropertyValueSpecification\",\"valueRequired\":true,\"valueName\":\"search_term_string\"}}],\"inLanguage\":\"de\"},{\"@type\":\"Organization\",\"@id\":\"https:\\\/\\\/u-intosai.org\\\/de\\\/#organization\",\"name\":\"U-INTOSAI \u2014 University of INTOSAI\",\"url\":\"https:\\\/\\\/u-intosai.org\\\/de\\\/\",\"logo\":{\"@type\":\"ImageObject\",\"inLanguage\":\"de\",\"@id\":\"https:\\\/\\\/u-intosai.org\\\/de\\\/#\\\/schema\\\/logo\\\/image\\\/\",\"url\":\"https:\\\/\\\/u-intosai.org\\\/wp-content\\\/uploads\\\/2021\\\/08\\\/miniu-intosai-logo.png\",\"contentUrl\":\"https:\\\/\\\/u-intosai.org\\\/wp-content\\\/uploads\\\/2021\\\/08\\\/miniu-intosai-logo.png\",\"width\":1000,\"height\":479,\"caption\":\"U-INTOSAI \u2014 University of INTOSAI\"},\"image\":{\"@id\":\"https:\\\/\\\/u-intosai.org\\\/de\\\/#\\\/schema\\\/logo\\\/image\\\/\"},\"sameAs\":[\"https:\\\/\\\/x.com\\\/Incosai2019\",\"https:\\\/\\\/www.youtube.com\\\/channel\\\/UCjD--8sXtgxoPrxRQ_rz5GQ\"]}]}<\/script>\n<!-- \/ Yoast SEO plugin. -->","yoast_head_json":{"title":"Oberbeh\u00f6rden f\u00fcr die Wirtschaftspr\u00fcfung der Mongolei | U-INTOSAI","description":"Oberbeh\u00f6rden f\u00fcr die Wirtschaftspr\u00fcfung der Mongolei","robots":{"index":"index","follow":"follow","max-snippet":"max-snippet:-1","max-image-preview":"max-image-preview:large","max-video-preview":"max-video-preview:-1"},"canonical":"https:\/\/u-intosai.org\/de\/podcasts\/oberbehoerden-fuer-die-wirtschaftspruefung-der-mongolei\/","og_locale":"de_DE","og_type":"article","og_title":"Oberbeh\u00f6rden f\u00fcr die Wirtschaftspr\u00fcfung der Mongolei | U-INTOSAI","og_description":"Oberbeh\u00f6rden f\u00fcr die Wirtschaftspr\u00fcfung der Mongolei","og_url":"https:\/\/u-intosai.org\/de\/podcasts\/oberbehoerden-fuer-die-wirtschaftspruefung-der-mongolei\/","og_site_name":"U-INTOSAI","article_modified_time":"2021-08-17T10:37:13+00:00","og_image":[{"width":487,"height":487,"url":"https:\/\/u-intosai.org\/wp-content\/uploads\/2021\/07\/mogolian54214.jpg","type":"image\/jpeg"}],"twitter_card":"summary_large_image","twitter_site":"@Incosai2019","twitter_misc":{"Gesch\u00e4tzte Lesezeit":"1\u00a0Minute"},"schema":{"@context":"https:\/\/schema.org","@graph":[{"@type":"WebPage","@id":"https:\/\/u-intosai.org\/de\/podcasts\/oberbehoerden-fuer-die-wirtschaftspruefung-der-mongolei\/","url":"https:\/\/u-intosai.org\/de\/podcasts\/oberbehoerden-fuer-die-wirtschaftspruefung-der-mongolei\/","name":"Oberbeh\u00f6rden f\u00fcr die Wirtschaftspr\u00fcfung der Mongolei | U-INTOSAI","isPartOf":{"@id":"https:\/\/u-intosai.org\/de\/#website"},"primaryImageOfPage":{"@id":"https:\/\/u-intosai.org\/de\/podcasts\/oberbehoerden-fuer-die-wirtschaftspruefung-der-mongolei\/#primaryimage"},"image":{"@id":"https:\/\/u-intosai.org\/de\/podcasts\/oberbehoerden-fuer-die-wirtschaftspruefung-der-mongolei\/#primaryimage"},"thumbnailUrl":"https:\/\/u-intosai.org\/wp-content\/uploads\/2021\/07\/mogolian54214.jpg","datePublished":"2021-08-17T10:37:10+00:00","dateModified":"2021-08-17T10:37:13+00:00","description":"Oberbeh\u00f6rden f\u00fcr die Wirtschaftspr\u00fcfung der Mongolei","breadcrumb":{"@id":"https:\/\/u-intosai.org\/de\/podcasts\/oberbehoerden-fuer-die-wirtschaftspruefung-der-mongolei\/#breadcrumb"},"inLanguage":"de","potentialAction":[{"@type":"ReadAction","target":["https:\/\/u-intosai.org\/de\/podcasts\/oberbehoerden-fuer-die-wirtschaftspruefung-der-mongolei\/"]}]},{"@type":"ImageObject","inLanguage":"de","@id":"https:\/\/u-intosai.org\/de\/podcasts\/oberbehoerden-fuer-die-wirtschaftspruefung-der-mongolei\/#primaryimage","url":"https:\/\/u-intosai.org\/wp-content\/uploads\/2021\/07\/mogolian54214.jpg","contentUrl":"https:\/\/u-intosai.org\/wp-content\/uploads\/2021\/07\/mogolian54214.jpg","width":487,"height":487},{"@type":"BreadcrumbList","@id":"https:\/\/u-intosai.org\/de\/podcasts\/oberbehoerden-fuer-die-wirtschaftspruefung-der-mongolei\/#breadcrumb","itemListElement":[{"@type":"ListItem","position":1,"name":"U-INTOSAI","item":"https:\/\/u-intosai.org\/de\/"},{"@type":"ListItem","position":2,"name":"Podcasts","item":"https:\/\/u-intosai.org\/de\/podcasts\/"},{"@type":"ListItem","position":3,"name":"Oberbeh\u00f6rden f\u00fcr die Wirtschaftspr\u00fcfung der Mongolei"}]},{"@type":"WebSite","@id":"https:\/\/u-intosai.org\/de\/#website","url":"https:\/\/u-intosai.org\/de\/","name":"U-INTOSAI","description":"U-INTOSAI is an open online educational platform for all INTOSAI members created as a unique space for exchanging experience and advanced knowledge.","publisher":{"@id":"https:\/\/u-intosai.org\/de\/#organization"},"potentialAction":[{"@type":"SearchAction","target":{"@type":"EntryPoint","urlTemplate":"https:\/\/u-intosai.org\/de\/?s={search_term_string}"},"query-input":{"@type":"PropertyValueSpecification","valueRequired":true,"valueName":"search_term_string"}}],"inLanguage":"de"},{"@type":"Organization","@id":"https:\/\/u-intosai.org\/de\/#organization","name":"U-INTOSAI \u2014 University of INTOSAI","url":"https:\/\/u-intosai.org\/de\/","logo":{"@type":"ImageObject","inLanguage":"de","@id":"https:\/\/u-intosai.org\/de\/#\/schema\/logo\/image\/","url":"https:\/\/u-intosai.org\/wp-content\/uploads\/2021\/08\/miniu-intosai-logo.png","contentUrl":"https:\/\/u-intosai.org\/wp-content\/uploads\/2021\/08\/miniu-intosai-logo.png","width":1000,"height":479,"caption":"U-INTOSAI \u2014 University of INTOSAI"},"image":{"@id":"https:\/\/u-intosai.org\/de\/#\/schema\/logo\/image\/"},"sameAs":["https:\/\/x.com\/Incosai2019","https:\/\/www.youtube.com\/channel\/UCjD--8sXtgxoPrxRQ_rz5GQ"]}]}},"_links":{"self":[{"href":"https:\/\/u-intosai.org\/de\/wp-json\/wp\/v2\/pages\/8146","targetHints":{"allow":["GET"]}}],"collection":[{"href":"https:\/\/u-intosai.org\/de\/wp-json\/wp\/v2\/pages"}],"about":[{"href":"https:\/\/u-intosai.org\/de\/wp-json\/wp\/v2\/types\/page"}],"author":[{"embeddable":true,"href":"https:\/\/u-intosai.org\/de\/wp-json\/wp\/v2\/users\/1"}],"replies":[{"embeddable":true,"href":"https:\/\/u-intosai.org\/de\/wp-json\/wp\/v2\/comments?post=8146"}],"version-history":[{"count":5,"href":"https:\/\/u-intosai.org\/de\/wp-json\/wp\/v2\/pages\/8146\/revisions"}],"predecessor-version":[{"id":8152,"href":"https:\/\/u-intosai.org\/de\/wp-json\/wp\/v2\/pages\/8146\/revisions\/8152"}],"up":[{"embeddable":true,"href":"https:\/\/u-intosai.org\/de\/wp-json\/wp\/v2\/pages\/7659"}],"wp:featuredmedia":[{"embeddable":true,"href":"https:\/\/u-intosai.org\/de\/wp-json\/wp\/v2\/media\/8147"}],"wp:attachment":[{"href":"https:\/\/u-intosai.org\/de\/wp-json\/wp\/v2\/media?parent=8146"}],"curies":[{"name":"wp","href":"https:\/\/api.w.org\/{rel}","templated":true}]}}