{"id":8163,"date":"2021-08-17T10:42:52","date_gmt":"2021-08-17T10:42:52","guid":{"rendered":"https:\/\/u-intosai.org\/podcasts\/oberbehoerden-fuer-die-wirtschaftspruefung-russlands\/"},"modified":"2022-08-10T23:52:56","modified_gmt":"2022-08-10T20:52:56","slug":"oberbehoerden-fuer-die-wirtschaftspruefung-russlands","status":"publish","type":"page","link":"https:\/\/u-intosai.org\/de\/podcasts\/oberbehoerden-fuer-die-wirtschaftspruefung-russlands\/","title":{"rendered":"Oberbeh\u00f6rden f\u00fcr die Wirtschaftspr\u00fcfung Russlands"},"content":{"rendered":"<div class=\"wpb-content-wrapper\"><p>[vc_row][vc_column][vc_custom_heading text=&#8220;Oberbeh\u00f6rden f\u00fcr die Wirtschaftspr\u00fcfung Russlands&#8220; font_container=&#8220;tag:h1|text_align:left&#8220; use_theme_fonts=&#8220;yes&#8220;][vc_column_text]<\/p>\n<p><!--more--><\/p>\n<p>Der Podcast der Oberbeh\u00f6rden f\u00fcr die Wirtschaftspr\u00fcfung Russlands in <a href=\"https:\/\/soundcloud.com\/user-270578203\" target=\"_blank\" rel=\"noopener\">Soundcloud<\/a>.<\/p>\n<p>Im Podcast \u201eStellungnahme des Wirtschaftspr\u00fcfers\u201c erz\u00e4hlen die Leiter der Wirtschaftspr\u00fcfung-Richtungen \u00fcber die Ergebnisse der vor kurzen durchgef\u00fchrten Pr\u00fcfungen.<\/p>\n<p>Die Sprache ist Russisch<\/p>\n<p>[\/vc_column_text][vc_raw_html]PGlmcmFtZSB3aWR0aD0iMTAwJSIgaGVpZ2h0PSI0NTAiIHNjcm9sbGluZz0ibm8iIGZyYW1lYm9yZGVyPSJubyIgYWxsb3c9ImF1dG9wbGF5IiBzcmM9Imh0dHBzOi8vdy5zb3VuZGNsb3VkLmNvbS9wbGF5ZXIvP3VybD1odHRwcyUzQS8vYXBpLnNvdW5kY2xvdWQuY29tL3BsYXlsaXN0cy8xMjg2NzAxOTg3JmFtcDtjb2xvcj0lMjNmZjU1MDAmYW1wO2F1dG9fcGxheT1mYWxzZSZhbXA7aGlkZV9yZWxhdGVkPWZhbHNlJmFtcDtzaG93X2NvbW1lbnRzPXRydWUmYW1wO3Nob3dfdXNlcj10cnVlJmFtcDtzaG93X3JlcG9zdHM9ZmFsc2UmYW1wO3Nob3dfdGVhc2VyPXRydWUiPjwvaWZyYW1lPjxkaXYgc3R5bGU9ImZvbnQtc2l6ZTogMTBweDsgY29sb3I6ICNjY2NjY2M7bGluZS1icmVhazogYW55d2hlcmU7d29yZC1icmVhazogbm9ybWFsO292ZXJmbG93OiBoaWRkZW47d2hpdGUtc3BhY2U6IG5vd3JhcDt0ZXh0LW92ZXJmbG93OiBlbGxpcHNpczsgZm9udC1mYW1pbHk6IEludGVyc3RhdGUsTHVjaWRhIEdyYW5kZSxMdWNpZGEgU2FucyBVbmljb2RlLEx1Y2lkYSBTYW5zLEdhcnVkYSxWZXJkYW5hLFRhaG9tYSxzYW5zLXNlcmlmO2ZvbnQtd2VpZ2h0OiAxMDA7Ij48YSBocmVmPSJodHRwczovL3NvdW5kY2xvdWQuY29tL3VzZXItMjcwNTc4MjAzIiB0aXRsZT0iVW5pdmVyc2l0eSBvZiBJTlRPU0FJIiB0YXJnZXQ9Il9ibGFuayIgc3R5bGU9ImNvbG9yOiAjY2NjY2NjOyB0ZXh0LWRlY29yYXRpb246IG5vbmU7Ij5Vbml2ZXJzaXR5IG9mIElOVE9TQUk8L2E+IMK3IDxhIGhyZWY9Imh0dHBzOi8vc291bmRjbG91ZC5jb20vdXNlci0yNzA1NzgyMDMvc2V0cy9tZW1iZXItb2YtdGhlLWJvYXJkcy12aWV3cG9pbnQtbW5lbmllLWF1ZGl0b3JhIiB0aXRsZT0iTWVtYmVyIG9mIHRoZSBCb2FyZOKAmXMgVmlld3BvaW50IC8g0JzQvdC10L3QuNC1INCw0YPQtNC40YLQvtGA0LAiIHRhcmdldD0iX2JsYW5rIiBzdHlsZT0iY29sb3I6ICNjY2NjY2M7IHRleHQtZGVjb3JhdGlvbjogbm9uZTsiPk1lbWJlciBvZiB0aGUgQm9hcmTigJlzIFZpZXdwb2ludCAvINCc0L3QtdC90LjQtSDQsNGD0LTQuNGC0L7RgNCwPC9hPjwvZGl2Pg==[\/vc_raw_html][\/vc_column][\/vc_row]<\/p>\n<\/div>","protected":false},"excerpt":{"rendered":"<p>[vc_row][vc_column][vc_custom_heading text=&#8220;Oberbeh\u00f6rden f\u00fcr die Wirtschaftspr\u00fcfung Russlands&#8220; font_container=&#8220;tag:h1|text_align:left&#8220; use_theme_fonts=&#8220;yes&#8220;][vc_column_text]<\/p>\n","protected":false},"author":1,"featured_media":8164,"parent":7659,"menu_order":0,"comment_status":"closed","ping_status":"closed","template":"","meta":{"_acf_changed":false,"pmpro_default_level":"","footnotes":""},"class_list":["post-8163","page","type-page","status-publish","has-post-thumbnail","hentry","pmpro-has-access"],"acf":[],"yoast_head":"<!-- This site is optimized with the Yoast SEO plugin v27.3 - https:\/\/yoast.com\/product\/yoast-seo-wordpress\/ -->\n<title>Oberbeh\u00f6rden f\u00fcr die Wirtschaftspr\u00fcfung Russlands | U-INTOSAI<\/title>\n<meta name=\"description\" content=\"Oberbeh\u00f6rden f\u00fcr die Wirtschaftspr\u00fcfung Russlands\" \/>\n<meta name=\"robots\" content=\"index, follow, max-snippet:-1, max-image-preview:large, max-video-preview:-1\" \/>\n<link rel=\"canonical\" href=\"https:\/\/u-intosai.org\/de\/podcasts\/oberbehoerden-fuer-die-wirtschaftspruefung-russlands\/\" \/>\n<meta property=\"og:locale\" content=\"de_DE\" \/>\n<meta property=\"og:type\" content=\"article\" \/>\n<meta property=\"og:title\" content=\"Oberbeh\u00f6rden f\u00fcr die Wirtschaftspr\u00fcfung Russlands | U-INTOSAI\" \/>\n<meta property=\"og:description\" content=\"Oberbeh\u00f6rden f\u00fcr die Wirtschaftspr\u00fcfung Russlands\" \/>\n<meta property=\"og:url\" content=\"https:\/\/u-intosai.org\/de\/podcasts\/oberbehoerden-fuer-die-wirtschaftspruefung-russlands\/\" \/>\n<meta property=\"og:site_name\" content=\"U-INTOSAI\" \/>\n<meta property=\"article:modified_time\" content=\"2022-08-10T20:52:56+00:00\" \/>\n<meta property=\"og:image\" content=\"https:\/\/u-intosai.org\/wp-content\/uploads\/2021\/07\/12876596129651251.jpg\" \/>\n\t<meta property=\"og:image:width\" content=\"487\" \/>\n\t<meta property=\"og:image:height\" content=\"487\" \/>\n\t<meta property=\"og:image:type\" content=\"image\/jpeg\" \/>\n<meta name=\"twitter:card\" content=\"summary_large_image\" \/>\n<meta name=\"twitter:site\" content=\"@Incosai2019\" \/>\n<meta name=\"twitter:label1\" content=\"Gesch\u00e4tzte Lesezeit\" \/>\n\t<meta name=\"twitter:data1\" content=\"1\u00a0Minute\" \/>\n<script type=\"application\/ld+json\" class=\"yoast-schema-graph\">{\"@context\":\"https:\\\/\\\/schema.org\",\"@graph\":[{\"@type\":\"WebPage\",\"@id\":\"https:\\\/\\\/u-intosai.org\\\/de\\\/podcasts\\\/oberbehoerden-fuer-die-wirtschaftspruefung-russlands\\\/\",\"url\":\"https:\\\/\\\/u-intosai.org\\\/de\\\/podcasts\\\/oberbehoerden-fuer-die-wirtschaftspruefung-russlands\\\/\",\"name\":\"Oberbeh\u00f6rden f\u00fcr die Wirtschaftspr\u00fcfung Russlands | U-INTOSAI\",\"isPartOf\":{\"@id\":\"https:\\\/\\\/u-intosai.org\\\/de\\\/#website\"},\"primaryImageOfPage\":{\"@id\":\"https:\\\/\\\/u-intosai.org\\\/de\\\/podcasts\\\/oberbehoerden-fuer-die-wirtschaftspruefung-russlands\\\/#primaryimage\"},\"image\":{\"@id\":\"https:\\\/\\\/u-intosai.org\\\/de\\\/podcasts\\\/oberbehoerden-fuer-die-wirtschaftspruefung-russlands\\\/#primaryimage\"},\"thumbnailUrl\":\"https:\\\/\\\/u-intosai.org\\\/wp-content\\\/uploads\\\/2021\\\/07\\\/12876596129651251.jpg\",\"datePublished\":\"2021-08-17T10:42:52+00:00\",\"dateModified\":\"2022-08-10T20:52:56+00:00\",\"description\":\"Oberbeh\u00f6rden f\u00fcr die Wirtschaftspr\u00fcfung Russlands\",\"breadcrumb\":{\"@id\":\"https:\\\/\\\/u-intosai.org\\\/de\\\/podcasts\\\/oberbehoerden-fuer-die-wirtschaftspruefung-russlands\\\/#breadcrumb\"},\"inLanguage\":\"de\",\"potentialAction\":[{\"@type\":\"ReadAction\",\"target\":[\"https:\\\/\\\/u-intosai.org\\\/de\\\/podcasts\\\/oberbehoerden-fuer-die-wirtschaftspruefung-russlands\\\/\"]}]},{\"@type\":\"ImageObject\",\"inLanguage\":\"de\",\"@id\":\"https:\\\/\\\/u-intosai.org\\\/de\\\/podcasts\\\/oberbehoerden-fuer-die-wirtschaftspruefung-russlands\\\/#primaryimage\",\"url\":\"https:\\\/\\\/u-intosai.org\\\/wp-content\\\/uploads\\\/2021\\\/07\\\/12876596129651251.jpg\",\"contentUrl\":\"https:\\\/\\\/u-intosai.org\\\/wp-content\\\/uploads\\\/2021\\\/07\\\/12876596129651251.jpg\",\"width\":487,\"height\":487},{\"@type\":\"BreadcrumbList\",\"@id\":\"https:\\\/\\\/u-intosai.org\\\/de\\\/podcasts\\\/oberbehoerden-fuer-die-wirtschaftspruefung-russlands\\\/#breadcrumb\",\"itemListElement\":[{\"@type\":\"ListItem\",\"position\":1,\"name\":\"U-INTOSAI\",\"item\":\"https:\\\/\\\/u-intosai.org\\\/de\\\/\"},{\"@type\":\"ListItem\",\"position\":2,\"name\":\"Podcasts\",\"item\":\"https:\\\/\\\/u-intosai.org\\\/de\\\/podcasts\\\/\"},{\"@type\":\"ListItem\",\"position\":3,\"name\":\"Oberbeh\u00f6rden f\u00fcr die Wirtschaftspr\u00fcfung Russlands\"}]},{\"@type\":\"WebSite\",\"@id\":\"https:\\\/\\\/u-intosai.org\\\/de\\\/#website\",\"url\":\"https:\\\/\\\/u-intosai.org\\\/de\\\/\",\"name\":\"U-INTOSAI\",\"description\":\"U-INTOSAI is an open online educational platform for all INTOSAI members created as a unique space for exchanging experience and advanced knowledge.\",\"publisher\":{\"@id\":\"https:\\\/\\\/u-intosai.org\\\/de\\\/#organization\"},\"potentialAction\":[{\"@type\":\"SearchAction\",\"target\":{\"@type\":\"EntryPoint\",\"urlTemplate\":\"https:\\\/\\\/u-intosai.org\\\/de\\\/?s={search_term_string}\"},\"query-input\":{\"@type\":\"PropertyValueSpecification\",\"valueRequired\":true,\"valueName\":\"search_term_string\"}}],\"inLanguage\":\"de\"},{\"@type\":\"Organization\",\"@id\":\"https:\\\/\\\/u-intosai.org\\\/de\\\/#organization\",\"name\":\"U-INTOSAI \u2014 University of INTOSAI\",\"url\":\"https:\\\/\\\/u-intosai.org\\\/de\\\/\",\"logo\":{\"@type\":\"ImageObject\",\"inLanguage\":\"de\",\"@id\":\"https:\\\/\\\/u-intosai.org\\\/de\\\/#\\\/schema\\\/logo\\\/image\\\/\",\"url\":\"https:\\\/\\\/u-intosai.org\\\/wp-content\\\/uploads\\\/2021\\\/08\\\/miniu-intosai-logo.png\",\"contentUrl\":\"https:\\\/\\\/u-intosai.org\\\/wp-content\\\/uploads\\\/2021\\\/08\\\/miniu-intosai-logo.png\",\"width\":1000,\"height\":479,\"caption\":\"U-INTOSAI \u2014 University of INTOSAI\"},\"image\":{\"@id\":\"https:\\\/\\\/u-intosai.org\\\/de\\\/#\\\/schema\\\/logo\\\/image\\\/\"},\"sameAs\":[\"https:\\\/\\\/x.com\\\/Incosai2019\",\"https:\\\/\\\/www.youtube.com\\\/channel\\\/UCjD--8sXtgxoPrxRQ_rz5GQ\"]}]}<\/script>\n<!-- \/ Yoast SEO plugin. -->","yoast_head_json":{"title":"Oberbeh\u00f6rden f\u00fcr die Wirtschaftspr\u00fcfung Russlands | U-INTOSAI","description":"Oberbeh\u00f6rden f\u00fcr die Wirtschaftspr\u00fcfung Russlands","robots":{"index":"index","follow":"follow","max-snippet":"max-snippet:-1","max-image-preview":"max-image-preview:large","max-video-preview":"max-video-preview:-1"},"canonical":"https:\/\/u-intosai.org\/de\/podcasts\/oberbehoerden-fuer-die-wirtschaftspruefung-russlands\/","og_locale":"de_DE","og_type":"article","og_title":"Oberbeh\u00f6rden f\u00fcr die Wirtschaftspr\u00fcfung Russlands | U-INTOSAI","og_description":"Oberbeh\u00f6rden f\u00fcr die Wirtschaftspr\u00fcfung Russlands","og_url":"https:\/\/u-intosai.org\/de\/podcasts\/oberbehoerden-fuer-die-wirtschaftspruefung-russlands\/","og_site_name":"U-INTOSAI","article_modified_time":"2022-08-10T20:52:56+00:00","og_image":[{"width":487,"height":487,"url":"https:\/\/u-intosai.org\/wp-content\/uploads\/2021\/07\/12876596129651251.jpg","type":"image\/jpeg"}],"twitter_card":"summary_large_image","twitter_site":"@Incosai2019","twitter_misc":{"Gesch\u00e4tzte Lesezeit":"1\u00a0Minute"},"schema":{"@context":"https:\/\/schema.org","@graph":[{"@type":"WebPage","@id":"https:\/\/u-intosai.org\/de\/podcasts\/oberbehoerden-fuer-die-wirtschaftspruefung-russlands\/","url":"https:\/\/u-intosai.org\/de\/podcasts\/oberbehoerden-fuer-die-wirtschaftspruefung-russlands\/","name":"Oberbeh\u00f6rden f\u00fcr die Wirtschaftspr\u00fcfung Russlands | U-INTOSAI","isPartOf":{"@id":"https:\/\/u-intosai.org\/de\/#website"},"primaryImageOfPage":{"@id":"https:\/\/u-intosai.org\/de\/podcasts\/oberbehoerden-fuer-die-wirtschaftspruefung-russlands\/#primaryimage"},"image":{"@id":"https:\/\/u-intosai.org\/de\/podcasts\/oberbehoerden-fuer-die-wirtschaftspruefung-russlands\/#primaryimage"},"thumbnailUrl":"https:\/\/u-intosai.org\/wp-content\/uploads\/2021\/07\/12876596129651251.jpg","datePublished":"2021-08-17T10:42:52+00:00","dateModified":"2022-08-10T20:52:56+00:00","description":"Oberbeh\u00f6rden f\u00fcr die Wirtschaftspr\u00fcfung Russlands","breadcrumb":{"@id":"https:\/\/u-intosai.org\/de\/podcasts\/oberbehoerden-fuer-die-wirtschaftspruefung-russlands\/#breadcrumb"},"inLanguage":"de","potentialAction":[{"@type":"ReadAction","target":["https:\/\/u-intosai.org\/de\/podcasts\/oberbehoerden-fuer-die-wirtschaftspruefung-russlands\/"]}]},{"@type":"ImageObject","inLanguage":"de","@id":"https:\/\/u-intosai.org\/de\/podcasts\/oberbehoerden-fuer-die-wirtschaftspruefung-russlands\/#primaryimage","url":"https:\/\/u-intosai.org\/wp-content\/uploads\/2021\/07\/12876596129651251.jpg","contentUrl":"https:\/\/u-intosai.org\/wp-content\/uploads\/2021\/07\/12876596129651251.jpg","width":487,"height":487},{"@type":"BreadcrumbList","@id":"https:\/\/u-intosai.org\/de\/podcasts\/oberbehoerden-fuer-die-wirtschaftspruefung-russlands\/#breadcrumb","itemListElement":[{"@type":"ListItem","position":1,"name":"U-INTOSAI","item":"https:\/\/u-intosai.org\/de\/"},{"@type":"ListItem","position":2,"name":"Podcasts","item":"https:\/\/u-intosai.org\/de\/podcasts\/"},{"@type":"ListItem","position":3,"name":"Oberbeh\u00f6rden f\u00fcr die Wirtschaftspr\u00fcfung Russlands"}]},{"@type":"WebSite","@id":"https:\/\/u-intosai.org\/de\/#website","url":"https:\/\/u-intosai.org\/de\/","name":"U-INTOSAI","description":"U-INTOSAI is an open online educational platform for all INTOSAI members created as a unique space for exchanging experience and advanced knowledge.","publisher":{"@id":"https:\/\/u-intosai.org\/de\/#organization"},"potentialAction":[{"@type":"SearchAction","target":{"@type":"EntryPoint","urlTemplate":"https:\/\/u-intosai.org\/de\/?s={search_term_string}"},"query-input":{"@type":"PropertyValueSpecification","valueRequired":true,"valueName":"search_term_string"}}],"inLanguage":"de"},{"@type":"Organization","@id":"https:\/\/u-intosai.org\/de\/#organization","name":"U-INTOSAI \u2014 University of INTOSAI","url":"https:\/\/u-intosai.org\/de\/","logo":{"@type":"ImageObject","inLanguage":"de","@id":"https:\/\/u-intosai.org\/de\/#\/schema\/logo\/image\/","url":"https:\/\/u-intosai.org\/wp-content\/uploads\/2021\/08\/miniu-intosai-logo.png","contentUrl":"https:\/\/u-intosai.org\/wp-content\/uploads\/2021\/08\/miniu-intosai-logo.png","width":1000,"height":479,"caption":"U-INTOSAI \u2014 University of INTOSAI"},"image":{"@id":"https:\/\/u-intosai.org\/de\/#\/schema\/logo\/image\/"},"sameAs":["https:\/\/x.com\/Incosai2019","https:\/\/www.youtube.com\/channel\/UCjD--8sXtgxoPrxRQ_rz5GQ"]}]}},"_links":{"self":[{"href":"https:\/\/u-intosai.org\/de\/wp-json\/wp\/v2\/pages\/8163","targetHints":{"allow":["GET"]}}],"collection":[{"href":"https:\/\/u-intosai.org\/de\/wp-json\/wp\/v2\/pages"}],"about":[{"href":"https:\/\/u-intosai.org\/de\/wp-json\/wp\/v2\/types\/page"}],"author":[{"embeddable":true,"href":"https:\/\/u-intosai.org\/de\/wp-json\/wp\/v2\/users\/1"}],"replies":[{"embeddable":true,"href":"https:\/\/u-intosai.org\/de\/wp-json\/wp\/v2\/comments?post=8163"}],"version-history":[{"count":9,"href":"https:\/\/u-intosai.org\/de\/wp-json\/wp\/v2\/pages\/8163\/revisions"}],"predecessor-version":[{"id":18774,"href":"https:\/\/u-intosai.org\/de\/wp-json\/wp\/v2\/pages\/8163\/revisions\/18774"}],"up":[{"embeddable":true,"href":"https:\/\/u-intosai.org\/de\/wp-json\/wp\/v2\/pages\/7659"}],"wp:featuredmedia":[{"embeddable":true,"href":"https:\/\/u-intosai.org\/de\/wp-json\/wp\/v2\/media\/8164"}],"wp:attachment":[{"href":"https:\/\/u-intosai.org\/de\/wp-json\/wp\/v2\/media?parent=8163"}],"curies":[{"name":"wp","href":"https:\/\/api.w.org\/{rel}","templated":true}]}}