{"id":8181,"date":"2021-08-17T10:45:21","date_gmt":"2021-08-17T10:45:21","guid":{"rendered":"https:\/\/u-intosai.org\/podcasts\/oberbehoerden-fuer-die-wirtschaftspruefung-oesterreichs\/"},"modified":"2022-08-10T23:58:12","modified_gmt":"2022-08-10T20:58:12","slug":"oberbehoerden-fuer-die-wirtschaftspruefung-oesterreichs","status":"publish","type":"page","link":"https:\/\/u-intosai.org\/de\/podcasts\/oberbehoerden-fuer-die-wirtschaftspruefung-oesterreichs\/","title":{"rendered":"Oberbeh\u00f6rden f\u00fcr die Wirtschaftspr\u00fcfung \u00d6sterreichs"},"content":{"rendered":"<div class=\"wpb-content-wrapper\"><p>[vc_row][vc_column][vc_custom_heading text=&#8220;Oberbeh\u00f6rden f\u00fcr die Wirtschaftspr\u00fcfung \u00d6sterreichs&#8220; font_container=&#8220;tag:h1|text_align:left&#8220; use_theme_fonts=&#8220;yes&#8220;][vc_column_text]<\/p>\n<p><a href=\"https:\/\/www.rechnungshof.gv.at\/rh\/home\/news\/Podcast_Ein_Berg_von_Unterlagen1.html#\" target=\"_blank\" rel=\"noopener\">Oberbeh\u00f6rden f\u00fcr die Wirtschaftspr\u00fcfung \u00d6sterreichs. Trust<\/a><\/p>\n<p>Vorsitzender des Rechnungshofs \u00d6sterreichs Margit Kraker zu der T\u00e4tigkeit der Oberbeh\u00f6rden f\u00fcr die Wirtschaftspr\u00fcfung, Verbindungen mit der b\u00fcrgerlichen Gesellschaft, Zusch\u00fcssen und Einschr\u00e4nkungen im Zusammenhang mit COVID-19.<\/p>\n<p>Die Sprache ist Deutsch.<\/p>\n<p>[\/vc_column_text][vc_raw_html]PGlmcmFtZSBhbGxvdz0iYXV0b3BsYXkgKjsgZW5jcnlwdGVkLW1lZGlhICo7IGZ1bGxzY3JlZW4gKjsgY2xpcGJvYXJkLXdyaXRlIiBmcmFtZWJvcmRlcj0iMCIgaGVpZ2h0PSI0NTAiIHN0eWxlPSJ3aWR0aDoxMDAlO21heC13aWR0aDo2NjBweDtvdmVyZmxvdzpoaWRkZW47YmFja2dyb3VuZDp0cmFuc3BhcmVudDsiIHNhbmRib3g9ImFsbG93LWZvcm1zIGFsbG93LXBvcHVwcyBhbGxvdy1zYW1lLW9yaWdpbiBhbGxvdy1zY3JpcHRzIGFsbG93LXN0b3JhZ2UtYWNjZXNzLWJ5LXVzZXItYWN0aXZhdGlvbiBhbGxvdy10b3AtbmF2aWdhdGlvbi1ieS11c2VyLWFjdGl2YXRpb24iIHNyYz0iaHR0cHM6Ly9lbWJlZC5wb2RjYXN0cy5hcHBsZS5jb20vYXQvcG9kY2FzdC90cnVzdC1kZXItcG9kY2FzdC1hdXMtZGVtLXJlY2hudW5nc2hvZi9pZDE1NTEzMTU5MjAiPjwvaWZyYW1lPg==[\/vc_raw_html][\/vc_column][\/vc_row]<\/p>\n<\/div>","protected":false},"excerpt":{"rendered":"<p>[vc_row][vc_column][vc_custom_heading text=&#8220;Oberbeh\u00f6rden f\u00fcr die Wirtschaftspr\u00fcfung \u00d6sterreichs&#8220; font_container=&#8220;tag:h1|text_align:left&#8220; use_theme_fonts=&#8220;yes&#8220;][vc_column_text] Oberbeh\u00f6rden f\u00fcr die Wirtschaftspr\u00fcfung \u00d6sterreichs. Trust Vorsitzender des Rechnungshofs \u00d6sterreichs Margit Kraker zu der T\u00e4tigkeit der Oberbeh\u00f6rden f\u00fcr die Wirtschaftspr\u00fcfung, Verbindungen mit der b\u00fcrgerlichen Gesellschaft, Zusch\u00fcssen und Einschr\u00e4nkungen im Zusammenhang mit COVID-19. Die Sprache ist Deutsch. [\/vc_column_text][vc_raw_html]PGlmcmFtZSBhbGxvdz0iYXV0b3BsYXkgKjsgZW5jcnlwdGVkLW1lZGlhICo7IGZ1bGxzY3JlZW4gKjsgY2xpcGJvYXJkLXdyaXRlIiBmcmFtZWJvcmRlcj0iMCIgaGVpZ2h0PSI0NTAiIHN0eWxlPSJ3aWR0aDoxMDAlO21heC13aWR0aDo2NjBweDtvdmVyZmxvdzpoaWRkZW47YmFja2dyb3VuZDp0cmFuc3BhcmVudDsiIHNhbmRib3g9ImFsbG93LWZvcm1zIGFsbG93LXBvcHVwcyBhbGxvdy1zYW1lLW9yaWdpbiBhbGxvdy1zY3JpcHRzIGFsbG93LXN0b3JhZ2UtYWNjZXNzLWJ5LXVzZXItYWN0aXZhdGlvbiBhbGxvdy10b3AtbmF2aWdhdGlvbi1ieS11c2VyLWFjdGl2YXRpb24iIHNyYz0iaHR0cHM6Ly9lbWJlZC5wb2RjYXN0cy5hcHBsZS5jb20vYXQvcG9kY2FzdC90cnVzdC1kZXItcG9kY2FzdC1hdXMtZGVtLXJlY2hudW5nc2hvZi9pZDE1NTEzMTU5MjAiPjwvaWZyYW1lPg==[\/vc_raw_html][\/vc_column][\/vc_row]<\/p>\n","protected":false},"author":1,"featured_media":8182,"parent":7659,"menu_order":0,"comment_status":"closed","ping_status":"closed","template":"","meta":{"_acf_changed":false,"pmpro_default_level":"","footnotes":""},"class_list":["post-8181","page","type-page","status-publish","has-post-thumbnail","hentry","pmpro-has-access"],"acf":[],"yoast_head":"<!-- This site is optimized with the Yoast SEO plugin v27.3 - https:\/\/yoast.com\/product\/yoast-seo-wordpress\/ -->\n<title>Oberbeh\u00f6rden f\u00fcr die Wirtschaftspr\u00fcfung \u00d6sterreichs | U-INTOSAI<\/title>\n<meta name=\"description\" content=\"Oberbeh\u00f6rden f\u00fcr die Wirtschaftspr\u00fcfung \u00d6sterreichs\" \/>\n<meta name=\"robots\" content=\"index, follow, max-snippet:-1, max-image-preview:large, max-video-preview:-1\" \/>\n<link rel=\"canonical\" href=\"https:\/\/u-intosai.org\/de\/podcasts\/oberbehoerden-fuer-die-wirtschaftspruefung-oesterreichs\/\" \/>\n<meta property=\"og:locale\" content=\"de_DE\" \/>\n<meta property=\"og:type\" content=\"article\" \/>\n<meta property=\"og:title\" content=\"Oberbeh\u00f6rden f\u00fcr die Wirtschaftspr\u00fcfung \u00d6sterreichs | U-INTOSAI\" \/>\n<meta property=\"og:description\" content=\"Oberbeh\u00f6rden f\u00fcr die Wirtschaftspr\u00fcfung \u00d6sterreichs\" \/>\n<meta property=\"og:url\" content=\"https:\/\/u-intosai.org\/de\/podcasts\/oberbehoerden-fuer-die-wirtschaftspruefung-oesterreichs\/\" \/>\n<meta property=\"og:site_name\" content=\"U-INTOSAI\" \/>\n<meta property=\"article:modified_time\" content=\"2022-08-10T20:58:12+00:00\" \/>\n<meta property=\"og:image\" content=\"https:\/\/u-intosai.org\/wp-content\/uploads\/2021\/07\/saiaustria.jpg\" \/>\n\t<meta property=\"og:image:width\" content=\"487\" \/>\n\t<meta property=\"og:image:height\" content=\"487\" \/>\n\t<meta property=\"og:image:type\" content=\"image\/jpeg\" \/>\n<meta name=\"twitter:card\" content=\"summary_large_image\" \/>\n<meta name=\"twitter:site\" content=\"@Incosai2019\" \/>\n<meta name=\"twitter:label1\" content=\"Gesch\u00e4tzte Lesezeit\" \/>\n\t<meta name=\"twitter:data1\" content=\"1\u00a0Minute\" \/>\n<script type=\"application\/ld+json\" class=\"yoast-schema-graph\">{\"@context\":\"https:\\\/\\\/schema.org\",\"@graph\":[{\"@type\":\"WebPage\",\"@id\":\"https:\\\/\\\/u-intosai.org\\\/de\\\/podcasts\\\/oberbehoerden-fuer-die-wirtschaftspruefung-oesterreichs\\\/\",\"url\":\"https:\\\/\\\/u-intosai.org\\\/de\\\/podcasts\\\/oberbehoerden-fuer-die-wirtschaftspruefung-oesterreichs\\\/\",\"name\":\"Oberbeh\u00f6rden f\u00fcr die Wirtschaftspr\u00fcfung \u00d6sterreichs | U-INTOSAI\",\"isPartOf\":{\"@id\":\"https:\\\/\\\/u-intosai.org\\\/de\\\/#website\"},\"primaryImageOfPage\":{\"@id\":\"https:\\\/\\\/u-intosai.org\\\/de\\\/podcasts\\\/oberbehoerden-fuer-die-wirtschaftspruefung-oesterreichs\\\/#primaryimage\"},\"image\":{\"@id\":\"https:\\\/\\\/u-intosai.org\\\/de\\\/podcasts\\\/oberbehoerden-fuer-die-wirtschaftspruefung-oesterreichs\\\/#primaryimage\"},\"thumbnailUrl\":\"https:\\\/\\\/u-intosai.org\\\/wp-content\\\/uploads\\\/2021\\\/07\\\/saiaustria.jpg\",\"datePublished\":\"2021-08-17T10:45:21+00:00\",\"dateModified\":\"2022-08-10T20:58:12+00:00\",\"description\":\"Oberbeh\u00f6rden f\u00fcr die Wirtschaftspr\u00fcfung \u00d6sterreichs\",\"breadcrumb\":{\"@id\":\"https:\\\/\\\/u-intosai.org\\\/de\\\/podcasts\\\/oberbehoerden-fuer-die-wirtschaftspruefung-oesterreichs\\\/#breadcrumb\"},\"inLanguage\":\"de\",\"potentialAction\":[{\"@type\":\"ReadAction\",\"target\":[\"https:\\\/\\\/u-intosai.org\\\/de\\\/podcasts\\\/oberbehoerden-fuer-die-wirtschaftspruefung-oesterreichs\\\/\"]}]},{\"@type\":\"ImageObject\",\"inLanguage\":\"de\",\"@id\":\"https:\\\/\\\/u-intosai.org\\\/de\\\/podcasts\\\/oberbehoerden-fuer-die-wirtschaftspruefung-oesterreichs\\\/#primaryimage\",\"url\":\"https:\\\/\\\/u-intosai.org\\\/wp-content\\\/uploads\\\/2021\\\/07\\\/saiaustria.jpg\",\"contentUrl\":\"https:\\\/\\\/u-intosai.org\\\/wp-content\\\/uploads\\\/2021\\\/07\\\/saiaustria.jpg\",\"width\":487,\"height\":487},{\"@type\":\"BreadcrumbList\",\"@id\":\"https:\\\/\\\/u-intosai.org\\\/de\\\/podcasts\\\/oberbehoerden-fuer-die-wirtschaftspruefung-oesterreichs\\\/#breadcrumb\",\"itemListElement\":[{\"@type\":\"ListItem\",\"position\":1,\"name\":\"U-INTOSAI\",\"item\":\"https:\\\/\\\/u-intosai.org\\\/de\\\/\"},{\"@type\":\"ListItem\",\"position\":2,\"name\":\"Podcasts\",\"item\":\"https:\\\/\\\/u-intosai.org\\\/de\\\/podcasts\\\/\"},{\"@type\":\"ListItem\",\"position\":3,\"name\":\"Oberbeh\u00f6rden f\u00fcr die Wirtschaftspr\u00fcfung \u00d6sterreichs\"}]},{\"@type\":\"WebSite\",\"@id\":\"https:\\\/\\\/u-intosai.org\\\/de\\\/#website\",\"url\":\"https:\\\/\\\/u-intosai.org\\\/de\\\/\",\"name\":\"U-INTOSAI\",\"description\":\"U-INTOSAI is an open online educational platform for all INTOSAI members created as a unique space for exchanging experience and advanced knowledge.\",\"publisher\":{\"@id\":\"https:\\\/\\\/u-intosai.org\\\/de\\\/#organization\"},\"potentialAction\":[{\"@type\":\"SearchAction\",\"target\":{\"@type\":\"EntryPoint\",\"urlTemplate\":\"https:\\\/\\\/u-intosai.org\\\/de\\\/?s={search_term_string}\"},\"query-input\":{\"@type\":\"PropertyValueSpecification\",\"valueRequired\":true,\"valueName\":\"search_term_string\"}}],\"inLanguage\":\"de\"},{\"@type\":\"Organization\",\"@id\":\"https:\\\/\\\/u-intosai.org\\\/de\\\/#organization\",\"name\":\"U-INTOSAI \u2014 University of INTOSAI\",\"url\":\"https:\\\/\\\/u-intosai.org\\\/de\\\/\",\"logo\":{\"@type\":\"ImageObject\",\"inLanguage\":\"de\",\"@id\":\"https:\\\/\\\/u-intosai.org\\\/de\\\/#\\\/schema\\\/logo\\\/image\\\/\",\"url\":\"https:\\\/\\\/u-intosai.org\\\/wp-content\\\/uploads\\\/2021\\\/08\\\/miniu-intosai-logo.png\",\"contentUrl\":\"https:\\\/\\\/u-intosai.org\\\/wp-content\\\/uploads\\\/2021\\\/08\\\/miniu-intosai-logo.png\",\"width\":1000,\"height\":479,\"caption\":\"U-INTOSAI \u2014 University of INTOSAI\"},\"image\":{\"@id\":\"https:\\\/\\\/u-intosai.org\\\/de\\\/#\\\/schema\\\/logo\\\/image\\\/\"},\"sameAs\":[\"https:\\\/\\\/x.com\\\/Incosai2019\",\"https:\\\/\\\/www.youtube.com\\\/channel\\\/UCjD--8sXtgxoPrxRQ_rz5GQ\"]}]}<\/script>\n<!-- \/ Yoast SEO plugin. -->","yoast_head_json":{"title":"Oberbeh\u00f6rden f\u00fcr die Wirtschaftspr\u00fcfung \u00d6sterreichs | U-INTOSAI","description":"Oberbeh\u00f6rden f\u00fcr die Wirtschaftspr\u00fcfung \u00d6sterreichs","robots":{"index":"index","follow":"follow","max-snippet":"max-snippet:-1","max-image-preview":"max-image-preview:large","max-video-preview":"max-video-preview:-1"},"canonical":"https:\/\/u-intosai.org\/de\/podcasts\/oberbehoerden-fuer-die-wirtschaftspruefung-oesterreichs\/","og_locale":"de_DE","og_type":"article","og_title":"Oberbeh\u00f6rden f\u00fcr die Wirtschaftspr\u00fcfung \u00d6sterreichs | U-INTOSAI","og_description":"Oberbeh\u00f6rden f\u00fcr die Wirtschaftspr\u00fcfung \u00d6sterreichs","og_url":"https:\/\/u-intosai.org\/de\/podcasts\/oberbehoerden-fuer-die-wirtschaftspruefung-oesterreichs\/","og_site_name":"U-INTOSAI","article_modified_time":"2022-08-10T20:58:12+00:00","og_image":[{"width":487,"height":487,"url":"https:\/\/u-intosai.org\/wp-content\/uploads\/2021\/07\/saiaustria.jpg","type":"image\/jpeg"}],"twitter_card":"summary_large_image","twitter_site":"@Incosai2019","twitter_misc":{"Gesch\u00e4tzte Lesezeit":"1\u00a0Minute"},"schema":{"@context":"https:\/\/schema.org","@graph":[{"@type":"WebPage","@id":"https:\/\/u-intosai.org\/de\/podcasts\/oberbehoerden-fuer-die-wirtschaftspruefung-oesterreichs\/","url":"https:\/\/u-intosai.org\/de\/podcasts\/oberbehoerden-fuer-die-wirtschaftspruefung-oesterreichs\/","name":"Oberbeh\u00f6rden f\u00fcr die Wirtschaftspr\u00fcfung \u00d6sterreichs | U-INTOSAI","isPartOf":{"@id":"https:\/\/u-intosai.org\/de\/#website"},"primaryImageOfPage":{"@id":"https:\/\/u-intosai.org\/de\/podcasts\/oberbehoerden-fuer-die-wirtschaftspruefung-oesterreichs\/#primaryimage"},"image":{"@id":"https:\/\/u-intosai.org\/de\/podcasts\/oberbehoerden-fuer-die-wirtschaftspruefung-oesterreichs\/#primaryimage"},"thumbnailUrl":"https:\/\/u-intosai.org\/wp-content\/uploads\/2021\/07\/saiaustria.jpg","datePublished":"2021-08-17T10:45:21+00:00","dateModified":"2022-08-10T20:58:12+00:00","description":"Oberbeh\u00f6rden f\u00fcr die Wirtschaftspr\u00fcfung \u00d6sterreichs","breadcrumb":{"@id":"https:\/\/u-intosai.org\/de\/podcasts\/oberbehoerden-fuer-die-wirtschaftspruefung-oesterreichs\/#breadcrumb"},"inLanguage":"de","potentialAction":[{"@type":"ReadAction","target":["https:\/\/u-intosai.org\/de\/podcasts\/oberbehoerden-fuer-die-wirtschaftspruefung-oesterreichs\/"]}]},{"@type":"ImageObject","inLanguage":"de","@id":"https:\/\/u-intosai.org\/de\/podcasts\/oberbehoerden-fuer-die-wirtschaftspruefung-oesterreichs\/#primaryimage","url":"https:\/\/u-intosai.org\/wp-content\/uploads\/2021\/07\/saiaustria.jpg","contentUrl":"https:\/\/u-intosai.org\/wp-content\/uploads\/2021\/07\/saiaustria.jpg","width":487,"height":487},{"@type":"BreadcrumbList","@id":"https:\/\/u-intosai.org\/de\/podcasts\/oberbehoerden-fuer-die-wirtschaftspruefung-oesterreichs\/#breadcrumb","itemListElement":[{"@type":"ListItem","position":1,"name":"U-INTOSAI","item":"https:\/\/u-intosai.org\/de\/"},{"@type":"ListItem","position":2,"name":"Podcasts","item":"https:\/\/u-intosai.org\/de\/podcasts\/"},{"@type":"ListItem","position":3,"name":"Oberbeh\u00f6rden f\u00fcr die Wirtschaftspr\u00fcfung \u00d6sterreichs"}]},{"@type":"WebSite","@id":"https:\/\/u-intosai.org\/de\/#website","url":"https:\/\/u-intosai.org\/de\/","name":"U-INTOSAI","description":"U-INTOSAI is an open online educational platform for all INTOSAI members created as a unique space for exchanging experience and advanced knowledge.","publisher":{"@id":"https:\/\/u-intosai.org\/de\/#organization"},"potentialAction":[{"@type":"SearchAction","target":{"@type":"EntryPoint","urlTemplate":"https:\/\/u-intosai.org\/de\/?s={search_term_string}"},"query-input":{"@type":"PropertyValueSpecification","valueRequired":true,"valueName":"search_term_string"}}],"inLanguage":"de"},{"@type":"Organization","@id":"https:\/\/u-intosai.org\/de\/#organization","name":"U-INTOSAI \u2014 University of INTOSAI","url":"https:\/\/u-intosai.org\/de\/","logo":{"@type":"ImageObject","inLanguage":"de","@id":"https:\/\/u-intosai.org\/de\/#\/schema\/logo\/image\/","url":"https:\/\/u-intosai.org\/wp-content\/uploads\/2021\/08\/miniu-intosai-logo.png","contentUrl":"https:\/\/u-intosai.org\/wp-content\/uploads\/2021\/08\/miniu-intosai-logo.png","width":1000,"height":479,"caption":"U-INTOSAI \u2014 University of INTOSAI"},"image":{"@id":"https:\/\/u-intosai.org\/de\/#\/schema\/logo\/image\/"},"sameAs":["https:\/\/x.com\/Incosai2019","https:\/\/www.youtube.com\/channel\/UCjD--8sXtgxoPrxRQ_rz5GQ"]}]}},"_links":{"self":[{"href":"https:\/\/u-intosai.org\/de\/wp-json\/wp\/v2\/pages\/8181","targetHints":{"allow":["GET"]}}],"collection":[{"href":"https:\/\/u-intosai.org\/de\/wp-json\/wp\/v2\/pages"}],"about":[{"href":"https:\/\/u-intosai.org\/de\/wp-json\/wp\/v2\/types\/page"}],"author":[{"embeddable":true,"href":"https:\/\/u-intosai.org\/de\/wp-json\/wp\/v2\/users\/1"}],"replies":[{"embeddable":true,"href":"https:\/\/u-intosai.org\/de\/wp-json\/wp\/v2\/comments?post=8181"}],"version-history":[{"count":9,"href":"https:\/\/u-intosai.org\/de\/wp-json\/wp\/v2\/pages\/8181\/revisions"}],"predecessor-version":[{"id":18783,"href":"https:\/\/u-intosai.org\/de\/wp-json\/wp\/v2\/pages\/8181\/revisions\/18783"}],"up":[{"embeddable":true,"href":"https:\/\/u-intosai.org\/de\/wp-json\/wp\/v2\/pages\/7659"}],"wp:featuredmedia":[{"embeddable":true,"href":"https:\/\/u-intosai.org\/de\/wp-json\/wp\/v2\/media\/8182"}],"wp:attachment":[{"href":"https:\/\/u-intosai.org\/de\/wp-json\/wp\/v2\/media?parent=8181"}],"curies":[{"name":"wp","href":"https:\/\/api.w.org\/{rel}","templated":true}]}}