{"id":12782,"date":"2022-03-15T10:39:36","date_gmt":"2022-03-15T10:39:36","guid":{"rendered":"https:\/\/u-intosai.org\/podcasts\/el-podcast-de-la-efs-de-oman\/"},"modified":"2022-03-15T11:03:04","modified_gmt":"2022-03-15T11:03:04","slug":"el-podcast-de-la-efs-de-oman","status":"publish","type":"page","link":"https:\/\/u-intosai.org\/es\/podcasts\/el-podcast-de-la-efs-de-oman\/","title":{"rendered":"La EFS de Om\u00e1n"},"content":{"rendered":"<div class=\"wpb-content-wrapper\"><p>[vc_row][vc_column][vc_custom_heading text=\u00bbEl Podcast de la EFS de Om\u00e1n\u00bb font_container=\u00bbtag:h1|text_align:left\u00bb use_theme_fonts=\u00bbyes\u00bb][vc_column_text]<a href=\"https:\/\/www.youtube.com\/playlist?list=PLGB6UPk69vItokFt_47Ymee6PJpLrTV9M%20target=\" rel=\"noopener\">El Podcast de la EFS de Om\u00e1n<\/a><\/p>\n<p>\u00abLa auditor\u00eda es la responsabilidad de todos\u00bb<\/p>\n<p>La Entidad fiscalizadora superior del Reino de Om\u00e1n destaca la necesidad de la supervisi\u00f3n y el control externo de las diversas esferas de las actividades estatales y p\u00fablicas, las caracter\u00edsticas espec\u00edficas de la auditor\u00eda durante las crisis, los resultados de la labor realizada y otros temas.<\/p>\n<p>Idioma \u2013 \u00c1rabe<\/p>\n<p><iframe loading=\"lazy\" width=\"100%\" height=\"600\" src=\"https:\/\/www.youtube.com\/embed\/videoseries?list=PLGB6UPk69vItokFt_47Ymee6PJpLrTV9M\" title=\"YouTube video player\" frameborder=\"0\" allow=\"accelerometer; autoplay; clipboard-write; encrypted-media; gyroscope; picture-in-picture\" allowfullscreen><\/iframe><br \/>\n[\/vc_column_text][\/vc_column][\/vc_row]<\/p>\n<\/div>","protected":false},"excerpt":{"rendered":"<p>[vc_row][vc_column][vc_custom_heading text=\u00bbEl Podcast de la EFS de Om\u00e1n\u00bb font_container=\u00bbtag:h1|text_align:left\u00bb use_theme_fonts=\u00bbyes\u00bb][vc_column_text]El Podcast de la EFS de Om\u00e1n \u00abLa auditor\u00eda es la responsabilidad de todos\u00bb La Entidad fiscalizadora superior del Reino de Om\u00e1n destaca la necesidad de la supervisi\u00f3n y el control externo de las diversas esferas de las actividades estatales y p\u00fablicas, las caracter\u00edsticas espec\u00edficas de [&hellip;]<\/p>\n","protected":false},"author":1,"featured_media":12773,"parent":7245,"menu_order":0,"comment_status":"closed","ping_status":"closed","template":"","meta":{"_acf_changed":false,"pmpro_default_level":"","footnotes":""},"class_list":["post-12782","page","type-page","status-publish","has-post-thumbnail","hentry","pmpro-has-access"],"acf":[],"yoast_head":"<!-- This site is optimized with the Yoast SEO plugin v27.3 - https:\/\/yoast.com\/product\/yoast-seo-wordpress\/ -->\n<title>La EFS de Om\u00e1n | U-INTOSAI<\/title>\n<meta name=\"description\" content=\"La EFS de Om\u00e1n\" \/>\n<meta name=\"robots\" content=\"index, follow, max-snippet:-1, max-image-preview:large, max-video-preview:-1\" \/>\n<link rel=\"canonical\" href=\"https:\/\/u-intosai.org\/es\/podcasts\/el-podcast-de-la-efs-de-oman\/\" \/>\n<meta property=\"og:locale\" content=\"es_ES\" \/>\n<meta property=\"og:type\" content=\"article\" \/>\n<meta property=\"og:title\" content=\"La EFS de Om\u00e1n | U-INTOSAI\" \/>\n<meta property=\"og:description\" content=\"La EFS de Om\u00e1n\" \/>\n<meta property=\"og:url\" content=\"https:\/\/u-intosai.org\/es\/podcasts\/el-podcast-de-la-efs-de-oman\/\" \/>\n<meta property=\"og:site_name\" content=\"U-INTOSAI\" \/>\n<meta property=\"article:modified_time\" content=\"2022-03-15T11:03:04+00:00\" \/>\n<meta property=\"og:image\" content=\"https:\/\/u-intosai.org\/wp-content\/uploads\/2022\/03\/1926598162956125.jpg\" \/>\n\t<meta property=\"og:image:width\" content=\"800\" \/>\n\t<meta property=\"og:image:height\" content=\"800\" \/>\n\t<meta property=\"og:image:type\" content=\"image\/jpeg\" \/>\n<meta name=\"twitter:card\" content=\"summary_large_image\" \/>\n<meta name=\"twitter:site\" content=\"@Incosai2019\" \/>\n<meta name=\"twitter:label1\" content=\"Tiempo de lectura\" \/>\n\t<meta name=\"twitter:data1\" content=\"1 minuto\" \/>\n<script type=\"application\/ld+json\" class=\"yoast-schema-graph\">{\"@context\":\"https:\\\/\\\/schema.org\",\"@graph\":[{\"@type\":\"WebPage\",\"@id\":\"https:\\\/\\\/u-intosai.org\\\/es\\\/podcasts\\\/el-podcast-de-la-efs-de-oman\\\/\",\"url\":\"https:\\\/\\\/u-intosai.org\\\/es\\\/podcasts\\\/el-podcast-de-la-efs-de-oman\\\/\",\"name\":\"La EFS de Om\u00e1n | U-INTOSAI\",\"isPartOf\":{\"@id\":\"https:\\\/\\\/u-intosai.org\\\/es\\\/#website\"},\"primaryImageOfPage\":{\"@id\":\"https:\\\/\\\/u-intosai.org\\\/es\\\/podcasts\\\/el-podcast-de-la-efs-de-oman\\\/#primaryimage\"},\"image\":{\"@id\":\"https:\\\/\\\/u-intosai.org\\\/es\\\/podcasts\\\/el-podcast-de-la-efs-de-oman\\\/#primaryimage\"},\"thumbnailUrl\":\"https:\\\/\\\/u-intosai.org\\\/wp-content\\\/uploads\\\/2022\\\/03\\\/1926598162956125.jpg\",\"datePublished\":\"2022-03-15T10:39:36+00:00\",\"dateModified\":\"2022-03-15T11:03:04+00:00\",\"description\":\"La EFS de Om\u00e1n\",\"breadcrumb\":{\"@id\":\"https:\\\/\\\/u-intosai.org\\\/es\\\/podcasts\\\/el-podcast-de-la-efs-de-oman\\\/#breadcrumb\"},\"inLanguage\":\"es\",\"potentialAction\":[{\"@type\":\"ReadAction\",\"target\":[\"https:\\\/\\\/u-intosai.org\\\/es\\\/podcasts\\\/el-podcast-de-la-efs-de-oman\\\/\"]}]},{\"@type\":\"ImageObject\",\"inLanguage\":\"es\",\"@id\":\"https:\\\/\\\/u-intosai.org\\\/es\\\/podcasts\\\/el-podcast-de-la-efs-de-oman\\\/#primaryimage\",\"url\":\"https:\\\/\\\/u-intosai.org\\\/wp-content\\\/uploads\\\/2022\\\/03\\\/1926598162956125.jpg\",\"contentUrl\":\"https:\\\/\\\/u-intosai.org\\\/wp-content\\\/uploads\\\/2022\\\/03\\\/1926598162956125.jpg\",\"width\":800,\"height\":800},{\"@type\":\"BreadcrumbList\",\"@id\":\"https:\\\/\\\/u-intosai.org\\\/es\\\/podcasts\\\/el-podcast-de-la-efs-de-oman\\\/#breadcrumb\",\"itemListElement\":[{\"@type\":\"ListItem\",\"position\":1,\"name\":\"U-INTOSAI\",\"item\":\"https:\\\/\\\/u-intosai.org\\\/es\\\/\"},{\"@type\":\"ListItem\",\"position\":2,\"name\":\"Podcasts\",\"item\":\"https:\\\/\\\/u-intosai.org\\\/es\\\/podcasts\\\/\"},{\"@type\":\"ListItem\",\"position\":3,\"name\":\"La EFS de Om\u00e1n\"}]},{\"@type\":\"WebSite\",\"@id\":\"https:\\\/\\\/u-intosai.org\\\/es\\\/#website\",\"url\":\"https:\\\/\\\/u-intosai.org\\\/es\\\/\",\"name\":\"U-INTOSAI\",\"description\":\"U-INTOSAI is an open online educational platform for all INTOSAI members created as a unique space for exchanging experience and advanced knowledge.\",\"publisher\":{\"@id\":\"https:\\\/\\\/u-intosai.org\\\/es\\\/#organization\"},\"potentialAction\":[{\"@type\":\"SearchAction\",\"target\":{\"@type\":\"EntryPoint\",\"urlTemplate\":\"https:\\\/\\\/u-intosai.org\\\/es\\\/?s={search_term_string}\"},\"query-input\":{\"@type\":\"PropertyValueSpecification\",\"valueRequired\":true,\"valueName\":\"search_term_string\"}}],\"inLanguage\":\"es\"},{\"@type\":\"Organization\",\"@id\":\"https:\\\/\\\/u-intosai.org\\\/es\\\/#organization\",\"name\":\"U-INTOSAI \u2014 University of INTOSAI\",\"url\":\"https:\\\/\\\/u-intosai.org\\\/es\\\/\",\"logo\":{\"@type\":\"ImageObject\",\"inLanguage\":\"es\",\"@id\":\"https:\\\/\\\/u-intosai.org\\\/es\\\/#\\\/schema\\\/logo\\\/image\\\/\",\"url\":\"https:\\\/\\\/u-intosai.org\\\/wp-content\\\/uploads\\\/2021\\\/08\\\/miniu-intosai-logo.png\",\"contentUrl\":\"https:\\\/\\\/u-intosai.org\\\/wp-content\\\/uploads\\\/2021\\\/08\\\/miniu-intosai-logo.png\",\"width\":1000,\"height\":479,\"caption\":\"U-INTOSAI \u2014 University of INTOSAI\"},\"image\":{\"@id\":\"https:\\\/\\\/u-intosai.org\\\/es\\\/#\\\/schema\\\/logo\\\/image\\\/\"},\"sameAs\":[\"https:\\\/\\\/x.com\\\/Incosai2019\",\"https:\\\/\\\/www.youtube.com\\\/channel\\\/UCjD--8sXtgxoPrxRQ_rz5GQ\"]}]}<\/script>\n<!-- \/ Yoast SEO plugin. -->","yoast_head_json":{"title":"La EFS de Om\u00e1n | U-INTOSAI","description":"La EFS de Om\u00e1n","robots":{"index":"index","follow":"follow","max-snippet":"max-snippet:-1","max-image-preview":"max-image-preview:large","max-video-preview":"max-video-preview:-1"},"canonical":"https:\/\/u-intosai.org\/es\/podcasts\/el-podcast-de-la-efs-de-oman\/","og_locale":"es_ES","og_type":"article","og_title":"La EFS de Om\u00e1n | U-INTOSAI","og_description":"La EFS de Om\u00e1n","og_url":"https:\/\/u-intosai.org\/es\/podcasts\/el-podcast-de-la-efs-de-oman\/","og_site_name":"U-INTOSAI","article_modified_time":"2022-03-15T11:03:04+00:00","og_image":[{"width":800,"height":800,"url":"https:\/\/u-intosai.org\/wp-content\/uploads\/2022\/03\/1926598162956125.jpg","type":"image\/jpeg"}],"twitter_card":"summary_large_image","twitter_site":"@Incosai2019","twitter_misc":{"Tiempo de lectura":"1 minuto"},"schema":{"@context":"https:\/\/schema.org","@graph":[{"@type":"WebPage","@id":"https:\/\/u-intosai.org\/es\/podcasts\/el-podcast-de-la-efs-de-oman\/","url":"https:\/\/u-intosai.org\/es\/podcasts\/el-podcast-de-la-efs-de-oman\/","name":"La EFS de Om\u00e1n | U-INTOSAI","isPartOf":{"@id":"https:\/\/u-intosai.org\/es\/#website"},"primaryImageOfPage":{"@id":"https:\/\/u-intosai.org\/es\/podcasts\/el-podcast-de-la-efs-de-oman\/#primaryimage"},"image":{"@id":"https:\/\/u-intosai.org\/es\/podcasts\/el-podcast-de-la-efs-de-oman\/#primaryimage"},"thumbnailUrl":"https:\/\/u-intosai.org\/wp-content\/uploads\/2022\/03\/1926598162956125.jpg","datePublished":"2022-03-15T10:39:36+00:00","dateModified":"2022-03-15T11:03:04+00:00","description":"La EFS de Om\u00e1n","breadcrumb":{"@id":"https:\/\/u-intosai.org\/es\/podcasts\/el-podcast-de-la-efs-de-oman\/#breadcrumb"},"inLanguage":"es","potentialAction":[{"@type":"ReadAction","target":["https:\/\/u-intosai.org\/es\/podcasts\/el-podcast-de-la-efs-de-oman\/"]}]},{"@type":"ImageObject","inLanguage":"es","@id":"https:\/\/u-intosai.org\/es\/podcasts\/el-podcast-de-la-efs-de-oman\/#primaryimage","url":"https:\/\/u-intosai.org\/wp-content\/uploads\/2022\/03\/1926598162956125.jpg","contentUrl":"https:\/\/u-intosai.org\/wp-content\/uploads\/2022\/03\/1926598162956125.jpg","width":800,"height":800},{"@type":"BreadcrumbList","@id":"https:\/\/u-intosai.org\/es\/podcasts\/el-podcast-de-la-efs-de-oman\/#breadcrumb","itemListElement":[{"@type":"ListItem","position":1,"name":"U-INTOSAI","item":"https:\/\/u-intosai.org\/es\/"},{"@type":"ListItem","position":2,"name":"Podcasts","item":"https:\/\/u-intosai.org\/es\/podcasts\/"},{"@type":"ListItem","position":3,"name":"La EFS de Om\u00e1n"}]},{"@type":"WebSite","@id":"https:\/\/u-intosai.org\/es\/#website","url":"https:\/\/u-intosai.org\/es\/","name":"U-INTOSAI","description":"U-INTOSAI is an open online educational platform for all INTOSAI members created as a unique space for exchanging experience and advanced knowledge.","publisher":{"@id":"https:\/\/u-intosai.org\/es\/#organization"},"potentialAction":[{"@type":"SearchAction","target":{"@type":"EntryPoint","urlTemplate":"https:\/\/u-intosai.org\/es\/?s={search_term_string}"},"query-input":{"@type":"PropertyValueSpecification","valueRequired":true,"valueName":"search_term_string"}}],"inLanguage":"es"},{"@type":"Organization","@id":"https:\/\/u-intosai.org\/es\/#organization","name":"U-INTOSAI \u2014 University of INTOSAI","url":"https:\/\/u-intosai.org\/es\/","logo":{"@type":"ImageObject","inLanguage":"es","@id":"https:\/\/u-intosai.org\/es\/#\/schema\/logo\/image\/","url":"https:\/\/u-intosai.org\/wp-content\/uploads\/2021\/08\/miniu-intosai-logo.png","contentUrl":"https:\/\/u-intosai.org\/wp-content\/uploads\/2021\/08\/miniu-intosai-logo.png","width":1000,"height":479,"caption":"U-INTOSAI \u2014 University of INTOSAI"},"image":{"@id":"https:\/\/u-intosai.org\/es\/#\/schema\/logo\/image\/"},"sameAs":["https:\/\/x.com\/Incosai2019","https:\/\/www.youtube.com\/channel\/UCjD--8sXtgxoPrxRQ_rz5GQ"]}]}},"_links":{"self":[{"href":"https:\/\/u-intosai.org\/es\/wp-json\/wp\/v2\/pages\/12782","targetHints":{"allow":["GET"]}}],"collection":[{"href":"https:\/\/u-intosai.org\/es\/wp-json\/wp\/v2\/pages"}],"about":[{"href":"https:\/\/u-intosai.org\/es\/wp-json\/wp\/v2\/types\/page"}],"author":[{"embeddable":true,"href":"https:\/\/u-intosai.org\/es\/wp-json\/wp\/v2\/users\/1"}],"replies":[{"embeddable":true,"href":"https:\/\/u-intosai.org\/es\/wp-json\/wp\/v2\/comments?post=12782"}],"version-history":[{"count":5,"href":"https:\/\/u-intosai.org\/es\/wp-json\/wp\/v2\/pages\/12782\/revisions"}],"predecessor-version":[{"id":12817,"href":"https:\/\/u-intosai.org\/es\/wp-json\/wp\/v2\/pages\/12782\/revisions\/12817"}],"up":[{"embeddable":true,"href":"https:\/\/u-intosai.org\/es\/wp-json\/wp\/v2\/pages\/7245"}],"wp:featuredmedia":[{"embeddable":true,"href":"https:\/\/u-intosai.org\/es\/wp-json\/wp\/v2\/media\/12773"}],"wp:attachment":[{"href":"https:\/\/u-intosai.org\/es\/wp-json\/wp\/v2\/media?parent=12782"}],"curies":[{"name":"wp","href":"https:\/\/api.w.org\/{rel}","templated":true}]}}