{"id":44646,"date":"2015-07-29T12:12:30","date_gmt":"2015-07-29T09:12:30","guid":{"rendered":"https:\/\/u-intosai.org\/podcasts\/the-mckinsey-podcast\/"},"modified":"2024-08-26T18:34:38","modified_gmt":"2024-08-26T15:34:38","slug":"the-mckinsey-podcast","status":"publish","type":"page","link":"https:\/\/u-intosai.org\/es\/podcasts\/the-mckinsey-podcast\/","title":{"rendered":"El Podcast de McKinsey"},"content":{"rendered":"<div class=\"wpb-content-wrapper\"><p>[vc_row][vc_column][vc_custom_heading text=\u00bbEl Podcast de McKinsey\u00bb font_container=\u00bbtag:h1|text_align:left\u00bb use_theme_fonts=\u00bbyes\u00bb css=\u00bb\u00bb][vc_column_text css=\u00bb\u00bb]<\/p>\n<p>En una serie de podcasts, McKinsey &amp; Company, una empresa de consultor\u00eda, trata tales temas como estrategia, tecnolog\u00eda, liderazgo, marketing, organizaci\u00f3n y el papel de negocios en la sociedad.<\/p>\n<p>El idioma es el ingl\u00e9s<\/p>\n<p><a href=\"https:\/\/omny.fm\/shows\/the-mckinsey-podcast\"><strong>Enlace del podcast<\/strong><\/a><\/p>\n<p>[\/vc_column_text][vc_column_text css=\u00bb\u00bb]<iframe style=\"width: 100%; max-width: 660px; overflow: hidden; border-radius: 10px;\" src=\"https:\/\/embed.podcasts.apple.com\/us\/podcast\/the-mckinsey-podcast\/id285260960\" height=\"450\" frameborder=\"0\" sandbox=\"allow-forms allow-popups allow-same-origin allow-scripts allow-storage-access-by-user-activation allow-top-navigation-by-user-activation\"><\/iframe>[\/vc_column_text][\/vc_column][\/vc_row]<\/p>\n<\/div>","protected":false},"excerpt":{"rendered":"<p>[vc_row][vc_column][vc_custom_heading text=\u00bbEl Podcast de McKinsey\u00bb font_container=\u00bbtag:h1|text_align:left\u00bb use_theme_fonts=\u00bbyes\u00bb css=\u00bb\u00bb][vc_column_text css=\u00bb\u00bb] En una serie de podcasts, McKinsey &amp; Company, una empresa de consultor\u00eda, trata tales temas como estrategia, tecnolog\u00eda, liderazgo, marketing, organizaci\u00f3n y el papel de negocios en la sociedad. El idioma es el ingl\u00e9s Enlace del podcast [\/vc_column_text][vc_column_text css=\u00bb\u00bb][\/vc_column_text][\/vc_column][\/vc_row]<\/p>\n","protected":false},"author":1,"featured_media":44476,"parent":7245,"menu_order":0,"comment_status":"closed","ping_status":"closed","template":"","meta":{"_acf_changed":false,"pmpro_default_level":"","footnotes":""},"class_list":["post-44646","page","type-page","status-publish","has-post-thumbnail","hentry","pmpro-has-access"],"acf":[],"yoast_head":"<!-- This site is optimized with the Yoast SEO plugin v27.3 - https:\/\/yoast.com\/product\/yoast-seo-wordpress\/ -->\n<title>El Podcast de McKinsey | U-INTOSAI<\/title>\n<meta name=\"description\" content=\"El Podcast de McKinsey\" \/>\n<meta name=\"robots\" content=\"index, follow, max-snippet:-1, max-image-preview:large, max-video-preview:-1\" \/>\n<link rel=\"canonical\" href=\"https:\/\/u-intosai.org\/es\/podcasts\/the-mckinsey-podcast\/\" \/>\n<meta property=\"og:locale\" content=\"es_ES\" \/>\n<meta property=\"og:type\" content=\"article\" \/>\n<meta property=\"og:title\" content=\"El Podcast de McKinsey | U-INTOSAI\" \/>\n<meta property=\"og:description\" content=\"El Podcast de McKinsey\" \/>\n<meta property=\"og:url\" content=\"https:\/\/u-intosai.org\/es\/podcasts\/the-mckinsey-podcast\/\" \/>\n<meta property=\"og:site_name\" content=\"U-INTOSAI\" \/>\n<meta property=\"article:modified_time\" content=\"2024-08-26T15:34:38+00:00\" \/>\n<meta property=\"og:image\" content=\"https:\/\/u-intosai.org\/wp-content\/uploads\/2024\/07\/172659126598618265982615.jpg\" \/>\n\t<meta property=\"og:image:width\" content=\"256\" \/>\n\t<meta property=\"og:image:height\" content=\"256\" \/>\n\t<meta property=\"og:image:type\" content=\"image\/jpeg\" \/>\n<meta name=\"twitter:card\" content=\"summary_large_image\" \/>\n<meta name=\"twitter:site\" content=\"@Incosai2019\" \/>\n<script type=\"application\/ld+json\" class=\"yoast-schema-graph\">{\"@context\":\"https:\\\/\\\/schema.org\",\"@graph\":[{\"@type\":\"WebPage\",\"@id\":\"https:\\\/\\\/u-intosai.org\\\/es\\\/podcasts\\\/the-mckinsey-podcast\\\/\",\"url\":\"https:\\\/\\\/u-intosai.org\\\/es\\\/podcasts\\\/the-mckinsey-podcast\\\/\",\"name\":\"El Podcast de McKinsey | U-INTOSAI\",\"isPartOf\":{\"@id\":\"https:\\\/\\\/u-intosai.org\\\/es\\\/#website\"},\"primaryImageOfPage\":{\"@id\":\"https:\\\/\\\/u-intosai.org\\\/es\\\/podcasts\\\/the-mckinsey-podcast\\\/#primaryimage\"},\"image\":{\"@id\":\"https:\\\/\\\/u-intosai.org\\\/es\\\/podcasts\\\/the-mckinsey-podcast\\\/#primaryimage\"},\"thumbnailUrl\":\"https:\\\/\\\/u-intosai.org\\\/wp-content\\\/uploads\\\/2024\\\/07\\\/172659126598618265982615.jpg\",\"datePublished\":\"2015-07-29T09:12:30+00:00\",\"dateModified\":\"2024-08-26T15:34:38+00:00\",\"description\":\"El Podcast de McKinsey\",\"breadcrumb\":{\"@id\":\"https:\\\/\\\/u-intosai.org\\\/es\\\/podcasts\\\/the-mckinsey-podcast\\\/#breadcrumb\"},\"inLanguage\":\"es\",\"potentialAction\":[{\"@type\":\"ReadAction\",\"target\":[\"https:\\\/\\\/u-intosai.org\\\/es\\\/podcasts\\\/the-mckinsey-podcast\\\/\"]}]},{\"@type\":\"ImageObject\",\"inLanguage\":\"es\",\"@id\":\"https:\\\/\\\/u-intosai.org\\\/es\\\/podcasts\\\/the-mckinsey-podcast\\\/#primaryimage\",\"url\":\"https:\\\/\\\/u-intosai.org\\\/wp-content\\\/uploads\\\/2024\\\/07\\\/172659126598618265982615.jpg\",\"contentUrl\":\"https:\\\/\\\/u-intosai.org\\\/wp-content\\\/uploads\\\/2024\\\/07\\\/172659126598618265982615.jpg\",\"width\":256,\"height\":256},{\"@type\":\"BreadcrumbList\",\"@id\":\"https:\\\/\\\/u-intosai.org\\\/es\\\/podcasts\\\/the-mckinsey-podcast\\\/#breadcrumb\",\"itemListElement\":[{\"@type\":\"ListItem\",\"position\":1,\"name\":\"U-INTOSAI\",\"item\":\"https:\\\/\\\/u-intosai.org\\\/es\\\/\"},{\"@type\":\"ListItem\",\"position\":2,\"name\":\"Podcasts\",\"item\":\"https:\\\/\\\/u-intosai.org\\\/es\\\/podcasts\\\/\"},{\"@type\":\"ListItem\",\"position\":3,\"name\":\"El Podcast de McKinsey\"}]},{\"@type\":\"WebSite\",\"@id\":\"https:\\\/\\\/u-intosai.org\\\/es\\\/#website\",\"url\":\"https:\\\/\\\/u-intosai.org\\\/es\\\/\",\"name\":\"U-INTOSAI\",\"description\":\"U-INTOSAI is an open online educational platform for all INTOSAI members created as a unique space for exchanging experience and advanced knowledge.\",\"publisher\":{\"@id\":\"https:\\\/\\\/u-intosai.org\\\/es\\\/#organization\"},\"potentialAction\":[{\"@type\":\"SearchAction\",\"target\":{\"@type\":\"EntryPoint\",\"urlTemplate\":\"https:\\\/\\\/u-intosai.org\\\/es\\\/?s={search_term_string}\"},\"query-input\":{\"@type\":\"PropertyValueSpecification\",\"valueRequired\":true,\"valueName\":\"search_term_string\"}}],\"inLanguage\":\"es\"},{\"@type\":\"Organization\",\"@id\":\"https:\\\/\\\/u-intosai.org\\\/es\\\/#organization\",\"name\":\"U-INTOSAI \u2014 University of INTOSAI\",\"url\":\"https:\\\/\\\/u-intosai.org\\\/es\\\/\",\"logo\":{\"@type\":\"ImageObject\",\"inLanguage\":\"es\",\"@id\":\"https:\\\/\\\/u-intosai.org\\\/es\\\/#\\\/schema\\\/logo\\\/image\\\/\",\"url\":\"https:\\\/\\\/u-intosai.org\\\/wp-content\\\/uploads\\\/2021\\\/08\\\/miniu-intosai-logo.png\",\"contentUrl\":\"https:\\\/\\\/u-intosai.org\\\/wp-content\\\/uploads\\\/2021\\\/08\\\/miniu-intosai-logo.png\",\"width\":1000,\"height\":479,\"caption\":\"U-INTOSAI \u2014 University of INTOSAI\"},\"image\":{\"@id\":\"https:\\\/\\\/u-intosai.org\\\/es\\\/#\\\/schema\\\/logo\\\/image\\\/\"},\"sameAs\":[\"https:\\\/\\\/x.com\\\/Incosai2019\",\"https:\\\/\\\/www.youtube.com\\\/channel\\\/UCjD--8sXtgxoPrxRQ_rz5GQ\"]}]}<\/script>\n<!-- \/ Yoast SEO plugin. -->","yoast_head_json":{"title":"El Podcast de McKinsey | U-INTOSAI","description":"El Podcast de McKinsey","robots":{"index":"index","follow":"follow","max-snippet":"max-snippet:-1","max-image-preview":"max-image-preview:large","max-video-preview":"max-video-preview:-1"},"canonical":"https:\/\/u-intosai.org\/es\/podcasts\/the-mckinsey-podcast\/","og_locale":"es_ES","og_type":"article","og_title":"El Podcast de McKinsey | U-INTOSAI","og_description":"El Podcast de McKinsey","og_url":"https:\/\/u-intosai.org\/es\/podcasts\/the-mckinsey-podcast\/","og_site_name":"U-INTOSAI","article_modified_time":"2024-08-26T15:34:38+00:00","og_image":[{"width":256,"height":256,"url":"https:\/\/u-intosai.org\/wp-content\/uploads\/2024\/07\/172659126598618265982615.jpg","type":"image\/jpeg"}],"twitter_card":"summary_large_image","twitter_site":"@Incosai2019","schema":{"@context":"https:\/\/schema.org","@graph":[{"@type":"WebPage","@id":"https:\/\/u-intosai.org\/es\/podcasts\/the-mckinsey-podcast\/","url":"https:\/\/u-intosai.org\/es\/podcasts\/the-mckinsey-podcast\/","name":"El Podcast de McKinsey | U-INTOSAI","isPartOf":{"@id":"https:\/\/u-intosai.org\/es\/#website"},"primaryImageOfPage":{"@id":"https:\/\/u-intosai.org\/es\/podcasts\/the-mckinsey-podcast\/#primaryimage"},"image":{"@id":"https:\/\/u-intosai.org\/es\/podcasts\/the-mckinsey-podcast\/#primaryimage"},"thumbnailUrl":"https:\/\/u-intosai.org\/wp-content\/uploads\/2024\/07\/172659126598618265982615.jpg","datePublished":"2015-07-29T09:12:30+00:00","dateModified":"2024-08-26T15:34:38+00:00","description":"El Podcast de McKinsey","breadcrumb":{"@id":"https:\/\/u-intosai.org\/es\/podcasts\/the-mckinsey-podcast\/#breadcrumb"},"inLanguage":"es","potentialAction":[{"@type":"ReadAction","target":["https:\/\/u-intosai.org\/es\/podcasts\/the-mckinsey-podcast\/"]}]},{"@type":"ImageObject","inLanguage":"es","@id":"https:\/\/u-intosai.org\/es\/podcasts\/the-mckinsey-podcast\/#primaryimage","url":"https:\/\/u-intosai.org\/wp-content\/uploads\/2024\/07\/172659126598618265982615.jpg","contentUrl":"https:\/\/u-intosai.org\/wp-content\/uploads\/2024\/07\/172659126598618265982615.jpg","width":256,"height":256},{"@type":"BreadcrumbList","@id":"https:\/\/u-intosai.org\/es\/podcasts\/the-mckinsey-podcast\/#breadcrumb","itemListElement":[{"@type":"ListItem","position":1,"name":"U-INTOSAI","item":"https:\/\/u-intosai.org\/es\/"},{"@type":"ListItem","position":2,"name":"Podcasts","item":"https:\/\/u-intosai.org\/es\/podcasts\/"},{"@type":"ListItem","position":3,"name":"El Podcast de McKinsey"}]},{"@type":"WebSite","@id":"https:\/\/u-intosai.org\/es\/#website","url":"https:\/\/u-intosai.org\/es\/","name":"U-INTOSAI","description":"U-INTOSAI is an open online educational platform for all INTOSAI members created as a unique space for exchanging experience and advanced knowledge.","publisher":{"@id":"https:\/\/u-intosai.org\/es\/#organization"},"potentialAction":[{"@type":"SearchAction","target":{"@type":"EntryPoint","urlTemplate":"https:\/\/u-intosai.org\/es\/?s={search_term_string}"},"query-input":{"@type":"PropertyValueSpecification","valueRequired":true,"valueName":"search_term_string"}}],"inLanguage":"es"},{"@type":"Organization","@id":"https:\/\/u-intosai.org\/es\/#organization","name":"U-INTOSAI \u2014 University of INTOSAI","url":"https:\/\/u-intosai.org\/es\/","logo":{"@type":"ImageObject","inLanguage":"es","@id":"https:\/\/u-intosai.org\/es\/#\/schema\/logo\/image\/","url":"https:\/\/u-intosai.org\/wp-content\/uploads\/2021\/08\/miniu-intosai-logo.png","contentUrl":"https:\/\/u-intosai.org\/wp-content\/uploads\/2021\/08\/miniu-intosai-logo.png","width":1000,"height":479,"caption":"U-INTOSAI \u2014 University of INTOSAI"},"image":{"@id":"https:\/\/u-intosai.org\/es\/#\/schema\/logo\/image\/"},"sameAs":["https:\/\/x.com\/Incosai2019","https:\/\/www.youtube.com\/channel\/UCjD--8sXtgxoPrxRQ_rz5GQ"]}]}},"_links":{"self":[{"href":"https:\/\/u-intosai.org\/es\/wp-json\/wp\/v2\/pages\/44646","targetHints":{"allow":["GET"]}}],"collection":[{"href":"https:\/\/u-intosai.org\/es\/wp-json\/wp\/v2\/pages"}],"about":[{"href":"https:\/\/u-intosai.org\/es\/wp-json\/wp\/v2\/types\/page"}],"author":[{"embeddable":true,"href":"https:\/\/u-intosai.org\/es\/wp-json\/wp\/v2\/users\/1"}],"replies":[{"embeddable":true,"href":"https:\/\/u-intosai.org\/es\/wp-json\/wp\/v2\/comments?post=44646"}],"version-history":[{"count":2,"href":"https:\/\/u-intosai.org\/es\/wp-json\/wp\/v2\/pages\/44646\/revisions"}],"predecessor-version":[{"id":44656,"href":"https:\/\/u-intosai.org\/es\/wp-json\/wp\/v2\/pages\/44646\/revisions\/44656"}],"up":[{"embeddable":true,"href":"https:\/\/u-intosai.org\/es\/wp-json\/wp\/v2\/pages\/7245"}],"wp:featuredmedia":[{"embeddable":true,"href":"https:\/\/u-intosai.org\/es\/wp-json\/wp\/v2\/media\/44476"}],"wp:attachment":[{"href":"https:\/\/u-intosai.org\/es\/wp-json\/wp\/v2\/media?parent=44646"}],"curies":[{"name":"wp","href":"https:\/\/api.w.org\/{rel}","templated":true}]}}