{"id":44672,"date":"2015-07-29T12:33:24","date_gmt":"2015-07-29T09:33:24","guid":{"rendered":"https:\/\/u-intosai.org\/podcasts\/greenomics-oxford-economics-podcast\/"},"modified":"2024-08-26T22:41:31","modified_gmt":"2024-08-26T19:41:31","slug":"greenomics-oxford-economics-podcast","status":"publish","type":"page","link":"https:\/\/u-intosai.org\/es\/podcasts\/greenomics-oxford-economics-podcast\/","title":{"rendered":"Greenomics. Podcast de Oxford Economics"},"content":{"rendered":"<div class=\"wpb-content-wrapper\"><p>[vc_row][vc_column][vc_custom_heading text=\u00bbGreenomics. Podcast de Oxford Economics\u00bb font_container=\u00bbtag:h1|text_align:left\u00bb use_theme_fonts=\u00bbyes\u00bb css=\u00bb\u00bb][vc_column_text css=\u00bb\u00bb]<\/p>\n<p>Greenomics es una serie de podcasts de Oxford Economics que es una empresa de consultor\u00eda, en la cual se analizas los temas de las interconexiones entre el clima, la naturaleza y la econom\u00eda global.<\/p>\n<p>El idioma es el ingl\u00e9s<\/p>\n<p><a href=\"https:\/\/soundcloud.com\/oxfordeconomics\"><strong>Enlace del podcast<\/strong><\/a><\/p>\n<p>[\/vc_column_text][vc_column_text css=\u00bb\u00bb]<iframe loading=\"lazy\" src=\"https:\/\/w.soundcloud.com\/player\/?url=https%3A\/\/api.soundcloud.com\/playlists\/1644822232&amp;color=%23ff5500&amp;auto_play=false&amp;hide_related=false&amp;show_comments=true&amp;show_user=true&amp;show_reposts=false&amp;show_teaser=true\" width=\"100%\" height=\"450\" frameborder=\"no\" scrolling=\"no\"><\/iframe><\/p>\n<div style=\"font-size: 10px; color: #cccccc; line-break: anywhere; word-break: normal; overflow: hidden; white-space: nowrap; text-overflow: ellipsis; font-family: Interstate,Lucida Grande,Lucida Sans Unicode,Lucida Sans,Garuda,Verdana,Tahoma,sans-serif; font-weight: 100;\"><a style=\"color: #cccccc; text-decoration: none;\" title=\"Oxford Economics\" href=\"https:\/\/soundcloud.com\/oxfordeconomics\" target=\"_blank\" rel=\"noopener\">Oxford Economics<\/a> \u00b7 <a style=\"color: #cccccc; text-decoration: none;\" title=\"Greenomics | A climate, sustainability and economics podcast from Oxford Economics\" href=\"https:\/\/soundcloud.com\/oxfordeconomics\/sets\/greenomics-a-climate\" target=\"_blank\" rel=\"noopener\">Greenomics | A climate, sustainability and economics podcast from Oxford Economics<\/a><\/div>\n<p>[\/vc_column_text][\/vc_column][\/vc_row]<\/p>\n<\/div>","protected":false},"excerpt":{"rendered":"<p>[vc_row][vc_column][vc_custom_heading text=\u00bbGreenomics. Podcast de Oxford Economics\u00bb font_container=\u00bbtag:h1|text_align:left\u00bb use_theme_fonts=\u00bbyes\u00bb css=\u00bb\u00bb][vc_column_text css=\u00bb\u00bb] Greenomics es una serie de podcasts de Oxford Economics que es una empresa de consultor\u00eda, en la cual se analizas los temas de las interconexiones entre el clima, la naturaleza y la econom\u00eda global. El idioma es el ingl\u00e9s Enlace del podcast [\/vc_column_text][vc_column_text css=\u00bb\u00bb] Oxford [&hellip;]<\/p>\n","protected":false},"author":1,"featured_media":44492,"parent":7245,"menu_order":0,"comment_status":"closed","ping_status":"closed","template":"","meta":{"_acf_changed":false,"pmpro_default_level":"","footnotes":""},"class_list":["post-44672","page","type-page","status-publish","has-post-thumbnail","hentry","pmpro-has-access"],"acf":[],"yoast_head":"<!-- This site is optimized with the Yoast SEO plugin v27.3 - https:\/\/yoast.com\/product\/yoast-seo-wordpress\/ -->\n<title>Greenomics. Podcast de Oxford Economics | U-INTOSAI<\/title>\n<meta name=\"description\" content=\"Greenomics. Podcast de Oxford Economics\" \/>\n<meta name=\"robots\" content=\"index, follow, max-snippet:-1, max-image-preview:large, max-video-preview:-1\" \/>\n<link rel=\"canonical\" href=\"https:\/\/u-intosai.org\/es\/podcasts\/greenomics-oxford-economics-podcast\/\" \/>\n<meta property=\"og:locale\" content=\"es_ES\" \/>\n<meta property=\"og:type\" content=\"article\" \/>\n<meta property=\"og:title\" content=\"Greenomics. Podcast de Oxford Economics | U-INTOSAI\" \/>\n<meta property=\"og:description\" content=\"Greenomics. Podcast de Oxford Economics\" \/>\n<meta property=\"og:url\" content=\"https:\/\/u-intosai.org\/es\/podcasts\/greenomics-oxford-economics-podcast\/\" \/>\n<meta property=\"og:site_name\" content=\"U-INTOSAI\" \/>\n<meta property=\"article:modified_time\" content=\"2024-08-26T19:41:31+00:00\" \/>\n<meta property=\"og:image\" content=\"https:\/\/u-intosai.org\/wp-content\/uploads\/2024\/07\/1285619826598612865981265.jpg\" \/>\n\t<meta property=\"og:image:width\" content=\"332\" \/>\n\t<meta property=\"og:image:height\" content=\"330\" \/>\n\t<meta property=\"og:image:type\" content=\"image\/jpeg\" \/>\n<meta name=\"twitter:card\" content=\"summary_large_image\" \/>\n<meta name=\"twitter:site\" content=\"@Incosai2019\" \/>\n<meta name=\"twitter:label1\" content=\"Tiempo de lectura\" \/>\n\t<meta name=\"twitter:data1\" content=\"1 minuto\" \/>\n<script type=\"application\/ld+json\" class=\"yoast-schema-graph\">{\"@context\":\"https:\\\/\\\/schema.org\",\"@graph\":[{\"@type\":\"WebPage\",\"@id\":\"https:\\\/\\\/u-intosai.org\\\/es\\\/podcasts\\\/greenomics-oxford-economics-podcast\\\/\",\"url\":\"https:\\\/\\\/u-intosai.org\\\/es\\\/podcasts\\\/greenomics-oxford-economics-podcast\\\/\",\"name\":\"Greenomics. Podcast de Oxford Economics | U-INTOSAI\",\"isPartOf\":{\"@id\":\"https:\\\/\\\/u-intosai.org\\\/es\\\/#website\"},\"primaryImageOfPage\":{\"@id\":\"https:\\\/\\\/u-intosai.org\\\/es\\\/podcasts\\\/greenomics-oxford-economics-podcast\\\/#primaryimage\"},\"image\":{\"@id\":\"https:\\\/\\\/u-intosai.org\\\/es\\\/podcasts\\\/greenomics-oxford-economics-podcast\\\/#primaryimage\"},\"thumbnailUrl\":\"https:\\\/\\\/u-intosai.org\\\/wp-content\\\/uploads\\\/2024\\\/07\\\/1285619826598612865981265.jpg\",\"datePublished\":\"2015-07-29T09:33:24+00:00\",\"dateModified\":\"2024-08-26T19:41:31+00:00\",\"description\":\"Greenomics. Podcast de Oxford Economics\",\"breadcrumb\":{\"@id\":\"https:\\\/\\\/u-intosai.org\\\/es\\\/podcasts\\\/greenomics-oxford-economics-podcast\\\/#breadcrumb\"},\"inLanguage\":\"es\",\"potentialAction\":[{\"@type\":\"ReadAction\",\"target\":[\"https:\\\/\\\/u-intosai.org\\\/es\\\/podcasts\\\/greenomics-oxford-economics-podcast\\\/\"]}]},{\"@type\":\"ImageObject\",\"inLanguage\":\"es\",\"@id\":\"https:\\\/\\\/u-intosai.org\\\/es\\\/podcasts\\\/greenomics-oxford-economics-podcast\\\/#primaryimage\",\"url\":\"https:\\\/\\\/u-intosai.org\\\/wp-content\\\/uploads\\\/2024\\\/07\\\/1285619826598612865981265.jpg\",\"contentUrl\":\"https:\\\/\\\/u-intosai.org\\\/wp-content\\\/uploads\\\/2024\\\/07\\\/1285619826598612865981265.jpg\",\"width\":332,\"height\":330},{\"@type\":\"BreadcrumbList\",\"@id\":\"https:\\\/\\\/u-intosai.org\\\/es\\\/podcasts\\\/greenomics-oxford-economics-podcast\\\/#breadcrumb\",\"itemListElement\":[{\"@type\":\"ListItem\",\"position\":1,\"name\":\"U-INTOSAI\",\"item\":\"https:\\\/\\\/u-intosai.org\\\/es\\\/\"},{\"@type\":\"ListItem\",\"position\":2,\"name\":\"Podcasts\",\"item\":\"https:\\\/\\\/u-intosai.org\\\/es\\\/podcasts\\\/\"},{\"@type\":\"ListItem\",\"position\":3,\"name\":\"Greenomics. Podcast de Oxford Economics\"}]},{\"@type\":\"WebSite\",\"@id\":\"https:\\\/\\\/u-intosai.org\\\/es\\\/#website\",\"url\":\"https:\\\/\\\/u-intosai.org\\\/es\\\/\",\"name\":\"U-INTOSAI\",\"description\":\"U-INTOSAI is an open online educational platform for all INTOSAI members created as a unique space for exchanging experience and advanced knowledge.\",\"publisher\":{\"@id\":\"https:\\\/\\\/u-intosai.org\\\/es\\\/#organization\"},\"potentialAction\":[{\"@type\":\"SearchAction\",\"target\":{\"@type\":\"EntryPoint\",\"urlTemplate\":\"https:\\\/\\\/u-intosai.org\\\/es\\\/?s={search_term_string}\"},\"query-input\":{\"@type\":\"PropertyValueSpecification\",\"valueRequired\":true,\"valueName\":\"search_term_string\"}}],\"inLanguage\":\"es\"},{\"@type\":\"Organization\",\"@id\":\"https:\\\/\\\/u-intosai.org\\\/es\\\/#organization\",\"name\":\"U-INTOSAI \u2014 University of INTOSAI\",\"url\":\"https:\\\/\\\/u-intosai.org\\\/es\\\/\",\"logo\":{\"@type\":\"ImageObject\",\"inLanguage\":\"es\",\"@id\":\"https:\\\/\\\/u-intosai.org\\\/es\\\/#\\\/schema\\\/logo\\\/image\\\/\",\"url\":\"https:\\\/\\\/u-intosai.org\\\/wp-content\\\/uploads\\\/2021\\\/08\\\/miniu-intosai-logo.png\",\"contentUrl\":\"https:\\\/\\\/u-intosai.org\\\/wp-content\\\/uploads\\\/2021\\\/08\\\/miniu-intosai-logo.png\",\"width\":1000,\"height\":479,\"caption\":\"U-INTOSAI \u2014 University of INTOSAI\"},\"image\":{\"@id\":\"https:\\\/\\\/u-intosai.org\\\/es\\\/#\\\/schema\\\/logo\\\/image\\\/\"},\"sameAs\":[\"https:\\\/\\\/x.com\\\/Incosai2019\",\"https:\\\/\\\/www.youtube.com\\\/channel\\\/UCjD--8sXtgxoPrxRQ_rz5GQ\"]}]}<\/script>\n<!-- \/ Yoast SEO plugin. -->","yoast_head_json":{"title":"Greenomics. Podcast de Oxford Economics | U-INTOSAI","description":"Greenomics. Podcast de Oxford Economics","robots":{"index":"index","follow":"follow","max-snippet":"max-snippet:-1","max-image-preview":"max-image-preview:large","max-video-preview":"max-video-preview:-1"},"canonical":"https:\/\/u-intosai.org\/es\/podcasts\/greenomics-oxford-economics-podcast\/","og_locale":"es_ES","og_type":"article","og_title":"Greenomics. Podcast de Oxford Economics | U-INTOSAI","og_description":"Greenomics. Podcast de Oxford Economics","og_url":"https:\/\/u-intosai.org\/es\/podcasts\/greenomics-oxford-economics-podcast\/","og_site_name":"U-INTOSAI","article_modified_time":"2024-08-26T19:41:31+00:00","og_image":[{"width":332,"height":330,"url":"https:\/\/u-intosai.org\/wp-content\/uploads\/2024\/07\/1285619826598612865981265.jpg","type":"image\/jpeg"}],"twitter_card":"summary_large_image","twitter_site":"@Incosai2019","twitter_misc":{"Tiempo de lectura":"1 minuto"},"schema":{"@context":"https:\/\/schema.org","@graph":[{"@type":"WebPage","@id":"https:\/\/u-intosai.org\/es\/podcasts\/greenomics-oxford-economics-podcast\/","url":"https:\/\/u-intosai.org\/es\/podcasts\/greenomics-oxford-economics-podcast\/","name":"Greenomics. Podcast de Oxford Economics | U-INTOSAI","isPartOf":{"@id":"https:\/\/u-intosai.org\/es\/#website"},"primaryImageOfPage":{"@id":"https:\/\/u-intosai.org\/es\/podcasts\/greenomics-oxford-economics-podcast\/#primaryimage"},"image":{"@id":"https:\/\/u-intosai.org\/es\/podcasts\/greenomics-oxford-economics-podcast\/#primaryimage"},"thumbnailUrl":"https:\/\/u-intosai.org\/wp-content\/uploads\/2024\/07\/1285619826598612865981265.jpg","datePublished":"2015-07-29T09:33:24+00:00","dateModified":"2024-08-26T19:41:31+00:00","description":"Greenomics. Podcast de Oxford Economics","breadcrumb":{"@id":"https:\/\/u-intosai.org\/es\/podcasts\/greenomics-oxford-economics-podcast\/#breadcrumb"},"inLanguage":"es","potentialAction":[{"@type":"ReadAction","target":["https:\/\/u-intosai.org\/es\/podcasts\/greenomics-oxford-economics-podcast\/"]}]},{"@type":"ImageObject","inLanguage":"es","@id":"https:\/\/u-intosai.org\/es\/podcasts\/greenomics-oxford-economics-podcast\/#primaryimage","url":"https:\/\/u-intosai.org\/wp-content\/uploads\/2024\/07\/1285619826598612865981265.jpg","contentUrl":"https:\/\/u-intosai.org\/wp-content\/uploads\/2024\/07\/1285619826598612865981265.jpg","width":332,"height":330},{"@type":"BreadcrumbList","@id":"https:\/\/u-intosai.org\/es\/podcasts\/greenomics-oxford-economics-podcast\/#breadcrumb","itemListElement":[{"@type":"ListItem","position":1,"name":"U-INTOSAI","item":"https:\/\/u-intosai.org\/es\/"},{"@type":"ListItem","position":2,"name":"Podcasts","item":"https:\/\/u-intosai.org\/es\/podcasts\/"},{"@type":"ListItem","position":3,"name":"Greenomics. Podcast de Oxford Economics"}]},{"@type":"WebSite","@id":"https:\/\/u-intosai.org\/es\/#website","url":"https:\/\/u-intosai.org\/es\/","name":"U-INTOSAI","description":"U-INTOSAI is an open online educational platform for all INTOSAI members created as a unique space for exchanging experience and advanced knowledge.","publisher":{"@id":"https:\/\/u-intosai.org\/es\/#organization"},"potentialAction":[{"@type":"SearchAction","target":{"@type":"EntryPoint","urlTemplate":"https:\/\/u-intosai.org\/es\/?s={search_term_string}"},"query-input":{"@type":"PropertyValueSpecification","valueRequired":true,"valueName":"search_term_string"}}],"inLanguage":"es"},{"@type":"Organization","@id":"https:\/\/u-intosai.org\/es\/#organization","name":"U-INTOSAI \u2014 University of INTOSAI","url":"https:\/\/u-intosai.org\/es\/","logo":{"@type":"ImageObject","inLanguage":"es","@id":"https:\/\/u-intosai.org\/es\/#\/schema\/logo\/image\/","url":"https:\/\/u-intosai.org\/wp-content\/uploads\/2021\/08\/miniu-intosai-logo.png","contentUrl":"https:\/\/u-intosai.org\/wp-content\/uploads\/2021\/08\/miniu-intosai-logo.png","width":1000,"height":479,"caption":"U-INTOSAI \u2014 University of INTOSAI"},"image":{"@id":"https:\/\/u-intosai.org\/es\/#\/schema\/logo\/image\/"},"sameAs":["https:\/\/x.com\/Incosai2019","https:\/\/www.youtube.com\/channel\/UCjD--8sXtgxoPrxRQ_rz5GQ"]}]}},"_links":{"self":[{"href":"https:\/\/u-intosai.org\/es\/wp-json\/wp\/v2\/pages\/44672","targetHints":{"allow":["GET"]}}],"collection":[{"href":"https:\/\/u-intosai.org\/es\/wp-json\/wp\/v2\/pages"}],"about":[{"href":"https:\/\/u-intosai.org\/es\/wp-json\/wp\/v2\/types\/page"}],"author":[{"embeddable":true,"href":"https:\/\/u-intosai.org\/es\/wp-json\/wp\/v2\/users\/1"}],"replies":[{"embeddable":true,"href":"https:\/\/u-intosai.org\/es\/wp-json\/wp\/v2\/comments?post=44672"}],"version-history":[{"count":3,"href":"https:\/\/u-intosai.org\/es\/wp-json\/wp\/v2\/pages\/44672\/revisions"}],"predecessor-version":[{"id":44688,"href":"https:\/\/u-intosai.org\/es\/wp-json\/wp\/v2\/pages\/44672\/revisions\/44688"}],"up":[{"embeddable":true,"href":"https:\/\/u-intosai.org\/es\/wp-json\/wp\/v2\/pages\/7245"}],"wp:featuredmedia":[{"embeddable":true,"href":"https:\/\/u-intosai.org\/es\/wp-json\/wp\/v2\/media\/44492"}],"wp:attachment":[{"href":"https:\/\/u-intosai.org\/es\/wp-json\/wp\/v2\/media?parent=44672"}],"curies":[{"name":"wp","href":"https:\/\/api.w.org\/{rel}","templated":true}]}}