{"id":44816,"date":"2024-07-29T14:55:34","date_gmt":"2024-07-29T11:55:34","guid":{"rendered":"https:\/\/u-intosai.org\/podcasts\/ipaa-podcast\/"},"modified":"2024-08-26T23:54:26","modified_gmt":"2024-08-26T20:54:26","slug":"ipaa-podcast","status":"publish","type":"page","link":"https:\/\/u-intosai.org\/es\/podcasts\/ipaa-podcast\/","title":{"rendered":"Podcast del Instituto de Administraci\u00f3n P\u00fablica de Australia"},"content":{"rendered":"<div class=\"wpb-content-wrapper\"><p>[vc_row][vc_column][vc_custom_heading text=\u00bbPodcast del Instituto de Administraci\u00f3n P\u00fablica de Australia \u00bb font_container=\u00bbtag:h1|text_align:left\u00bb use_theme_fonts=\u00bbyes\u00bb css=\u00bb\u00bb][vc_column_text css=\u00bb\u00bb]<\/p>\n<p>El Instituto de Administraci\u00f3n P\u00fablica de Australia presenta una serie de podcasts dedicados a los temas de la funci\u00f3n p\u00fablica, la gesti\u00f3n eficaz de las organizaciones, la adopci\u00f3n de tecnolog\u00edas de la informaci\u00f3n y las nuevas formas de trabajar en el sector p\u00fablico.<\/p>\n<p>El idioma es el ingl\u00e9s<\/p>\n<p><a href=\"https:\/\/act.ipaa.org.au\/news-and-insights\/podcasts\/\"><strong>Enlace del podcast<\/strong><\/a><\/p>\n<p>[\/vc_column_text][\/vc_column][\/vc_row][vc_row][vc_column][vc_column_text css=\u00bb\u00bb]<iframe loading=\"lazy\" style=\"border-radius: 12px;\" src=\"https:\/\/open.spotify.com\/embed\/show\/4Jta1LcygYD5ZwtuwXmK88?utm_source=generator\" width=\"100%\" height=\"352\" frameborder=\"0\" allowfullscreen=\"allowfullscreen\"><\/iframe>[\/vc_column_text][\/vc_column][\/vc_row]<\/p>\n<\/div>","protected":false},"excerpt":{"rendered":"<p>[vc_row][vc_column][vc_custom_heading text=\u00bbPodcast del Instituto de Administraci\u00f3n P\u00fablica de Australia \u00bb font_container=\u00bbtag:h1|text_align:left\u00bb use_theme_fonts=\u00bbyes\u00bb css=\u00bb\u00bb][vc_column_text css=\u00bb\u00bb] El Instituto de Administraci\u00f3n P\u00fablica de Australia presenta una serie de podcasts dedicados a los temas de la funci\u00f3n p\u00fablica, la gesti\u00f3n eficaz de las organizaciones, la adopci\u00f3n de tecnolog\u00edas de la informaci\u00f3n y las nuevas formas de trabajar en el [&hellip;]<\/p>\n","protected":false},"author":1,"featured_media":0,"parent":7245,"menu_order":0,"comment_status":"closed","ping_status":"closed","template":"","meta":{"_acf_changed":false,"pmpro_default_level":"","footnotes":""},"class_list":["post-44816","page","type-page","status-publish","hentry","pmpro-has-access"],"acf":[],"yoast_head":"<!-- This site is optimized with the Yoast SEO plugin v27.3 - https:\/\/yoast.com\/product\/yoast-seo-wordpress\/ -->\n<title>Podcast del Instituto de Administraci\u00f3n P\u00fablica de Australia | U-INTOSAI<\/title>\n<meta name=\"description\" content=\"Podcast del Instituto de Administraci\u00f3n P\u00fablica de Australia\" \/>\n<meta name=\"robots\" content=\"index, follow, max-snippet:-1, max-image-preview:large, max-video-preview:-1\" \/>\n<link rel=\"canonical\" href=\"https:\/\/u-intosai.org\/es\/podcasts\/ipaa-podcast\/\" \/>\n<meta property=\"og:locale\" content=\"es_ES\" \/>\n<meta property=\"og:type\" content=\"article\" \/>\n<meta property=\"og:title\" content=\"Podcast del Instituto de Administraci\u00f3n P\u00fablica de Australia | U-INTOSAI\" \/>\n<meta property=\"og:description\" content=\"Podcast del Instituto de Administraci\u00f3n P\u00fablica de Australia\" \/>\n<meta property=\"og:url\" content=\"https:\/\/u-intosai.org\/es\/podcasts\/ipaa-podcast\/\" \/>\n<meta property=\"og:site_name\" content=\"U-INTOSAI\" \/>\n<meta property=\"article:modified_time\" content=\"2024-08-26T20:54:26+00:00\" \/>\n<meta property=\"og:image\" content=\"https:\/\/u-intosai.org\/wp-content\/uploads\/2022\/01\/video-poster-11920x1080-1.jpg\" \/>\n\t<meta property=\"og:image:width\" content=\"1920\" \/>\n\t<meta property=\"og:image:height\" content=\"1080\" \/>\n\t<meta property=\"og:image:type\" content=\"image\/jpeg\" \/>\n<meta name=\"twitter:card\" content=\"summary_large_image\" \/>\n<meta name=\"twitter:site\" content=\"@Incosai2019\" \/>\n<meta name=\"twitter:label1\" content=\"Tiempo de lectura\" \/>\n\t<meta name=\"twitter:data1\" content=\"1 minuto\" \/>\n<script type=\"application\/ld+json\" class=\"yoast-schema-graph\">{\"@context\":\"https:\\\/\\\/schema.org\",\"@graph\":[{\"@type\":\"WebPage\",\"@id\":\"https:\\\/\\\/u-intosai.org\\\/es\\\/podcasts\\\/ipaa-podcast\\\/\",\"url\":\"https:\\\/\\\/u-intosai.org\\\/es\\\/podcasts\\\/ipaa-podcast\\\/\",\"name\":\"Podcast del Instituto de Administraci\u00f3n P\u00fablica de Australia | U-INTOSAI\",\"isPartOf\":{\"@id\":\"https:\\\/\\\/u-intosai.org\\\/es\\\/#website\"},\"datePublished\":\"2024-07-29T11:55:34+00:00\",\"dateModified\":\"2024-08-26T20:54:26+00:00\",\"description\":\"Podcast del Instituto de Administraci\u00f3n P\u00fablica de Australia\",\"breadcrumb\":{\"@id\":\"https:\\\/\\\/u-intosai.org\\\/es\\\/podcasts\\\/ipaa-podcast\\\/#breadcrumb\"},\"inLanguage\":\"es\",\"potentialAction\":[{\"@type\":\"ReadAction\",\"target\":[\"https:\\\/\\\/u-intosai.org\\\/es\\\/podcasts\\\/ipaa-podcast\\\/\"]}]},{\"@type\":\"BreadcrumbList\",\"@id\":\"https:\\\/\\\/u-intosai.org\\\/es\\\/podcasts\\\/ipaa-podcast\\\/#breadcrumb\",\"itemListElement\":[{\"@type\":\"ListItem\",\"position\":1,\"name\":\"U-INTOSAI\",\"item\":\"https:\\\/\\\/u-intosai.org\\\/es\\\/\"},{\"@type\":\"ListItem\",\"position\":2,\"name\":\"Podcasts\",\"item\":\"https:\\\/\\\/u-intosai.org\\\/es\\\/podcasts\\\/\"},{\"@type\":\"ListItem\",\"position\":3,\"name\":\"Podcast del Instituto de Administraci\u00f3n P\u00fablica de Australia\"}]},{\"@type\":\"WebSite\",\"@id\":\"https:\\\/\\\/u-intosai.org\\\/es\\\/#website\",\"url\":\"https:\\\/\\\/u-intosai.org\\\/es\\\/\",\"name\":\"U-INTOSAI\",\"description\":\"U-INTOSAI is an open online educational platform for all INTOSAI members created as a unique space for exchanging experience and advanced knowledge.\",\"publisher\":{\"@id\":\"https:\\\/\\\/u-intosai.org\\\/es\\\/#organization\"},\"potentialAction\":[{\"@type\":\"SearchAction\",\"target\":{\"@type\":\"EntryPoint\",\"urlTemplate\":\"https:\\\/\\\/u-intosai.org\\\/es\\\/?s={search_term_string}\"},\"query-input\":{\"@type\":\"PropertyValueSpecification\",\"valueRequired\":true,\"valueName\":\"search_term_string\"}}],\"inLanguage\":\"es\"},{\"@type\":\"Organization\",\"@id\":\"https:\\\/\\\/u-intosai.org\\\/es\\\/#organization\",\"name\":\"U-INTOSAI \u2014 University of INTOSAI\",\"url\":\"https:\\\/\\\/u-intosai.org\\\/es\\\/\",\"logo\":{\"@type\":\"ImageObject\",\"inLanguage\":\"es\",\"@id\":\"https:\\\/\\\/u-intosai.org\\\/es\\\/#\\\/schema\\\/logo\\\/image\\\/\",\"url\":\"https:\\\/\\\/u-intosai.org\\\/wp-content\\\/uploads\\\/2021\\\/08\\\/miniu-intosai-logo.png\",\"contentUrl\":\"https:\\\/\\\/u-intosai.org\\\/wp-content\\\/uploads\\\/2021\\\/08\\\/miniu-intosai-logo.png\",\"width\":1000,\"height\":479,\"caption\":\"U-INTOSAI \u2014 University of INTOSAI\"},\"image\":{\"@id\":\"https:\\\/\\\/u-intosai.org\\\/es\\\/#\\\/schema\\\/logo\\\/image\\\/\"},\"sameAs\":[\"https:\\\/\\\/x.com\\\/Incosai2019\",\"https:\\\/\\\/www.youtube.com\\\/channel\\\/UCjD--8sXtgxoPrxRQ_rz5GQ\"]}]}<\/script>\n<!-- \/ Yoast SEO plugin. -->","yoast_head_json":{"title":"Podcast del Instituto de Administraci\u00f3n P\u00fablica de Australia | U-INTOSAI","description":"Podcast del Instituto de Administraci\u00f3n P\u00fablica de Australia","robots":{"index":"index","follow":"follow","max-snippet":"max-snippet:-1","max-image-preview":"max-image-preview:large","max-video-preview":"max-video-preview:-1"},"canonical":"https:\/\/u-intosai.org\/es\/podcasts\/ipaa-podcast\/","og_locale":"es_ES","og_type":"article","og_title":"Podcast del Instituto de Administraci\u00f3n P\u00fablica de Australia | U-INTOSAI","og_description":"Podcast del Instituto de Administraci\u00f3n P\u00fablica de Australia","og_url":"https:\/\/u-intosai.org\/es\/podcasts\/ipaa-podcast\/","og_site_name":"U-INTOSAI","article_modified_time":"2024-08-26T20:54:26+00:00","og_image":[{"width":1920,"height":1080,"url":"https:\/\/u-intosai.org\/wp-content\/uploads\/2022\/01\/video-poster-11920x1080-1.jpg","type":"image\/jpeg"}],"twitter_card":"summary_large_image","twitter_site":"@Incosai2019","twitter_misc":{"Tiempo de lectura":"1 minuto"},"schema":{"@context":"https:\/\/schema.org","@graph":[{"@type":"WebPage","@id":"https:\/\/u-intosai.org\/es\/podcasts\/ipaa-podcast\/","url":"https:\/\/u-intosai.org\/es\/podcasts\/ipaa-podcast\/","name":"Podcast del Instituto de Administraci\u00f3n P\u00fablica de Australia | U-INTOSAI","isPartOf":{"@id":"https:\/\/u-intosai.org\/es\/#website"},"datePublished":"2024-07-29T11:55:34+00:00","dateModified":"2024-08-26T20:54:26+00:00","description":"Podcast del Instituto de Administraci\u00f3n P\u00fablica de Australia","breadcrumb":{"@id":"https:\/\/u-intosai.org\/es\/podcasts\/ipaa-podcast\/#breadcrumb"},"inLanguage":"es","potentialAction":[{"@type":"ReadAction","target":["https:\/\/u-intosai.org\/es\/podcasts\/ipaa-podcast\/"]}]},{"@type":"BreadcrumbList","@id":"https:\/\/u-intosai.org\/es\/podcasts\/ipaa-podcast\/#breadcrumb","itemListElement":[{"@type":"ListItem","position":1,"name":"U-INTOSAI","item":"https:\/\/u-intosai.org\/es\/"},{"@type":"ListItem","position":2,"name":"Podcasts","item":"https:\/\/u-intosai.org\/es\/podcasts\/"},{"@type":"ListItem","position":3,"name":"Podcast del Instituto de Administraci\u00f3n P\u00fablica de Australia"}]},{"@type":"WebSite","@id":"https:\/\/u-intosai.org\/es\/#website","url":"https:\/\/u-intosai.org\/es\/","name":"U-INTOSAI","description":"U-INTOSAI is an open online educational platform for all INTOSAI members created as a unique space for exchanging experience and advanced knowledge.","publisher":{"@id":"https:\/\/u-intosai.org\/es\/#organization"},"potentialAction":[{"@type":"SearchAction","target":{"@type":"EntryPoint","urlTemplate":"https:\/\/u-intosai.org\/es\/?s={search_term_string}"},"query-input":{"@type":"PropertyValueSpecification","valueRequired":true,"valueName":"search_term_string"}}],"inLanguage":"es"},{"@type":"Organization","@id":"https:\/\/u-intosai.org\/es\/#organization","name":"U-INTOSAI \u2014 University of INTOSAI","url":"https:\/\/u-intosai.org\/es\/","logo":{"@type":"ImageObject","inLanguage":"es","@id":"https:\/\/u-intosai.org\/es\/#\/schema\/logo\/image\/","url":"https:\/\/u-intosai.org\/wp-content\/uploads\/2021\/08\/miniu-intosai-logo.png","contentUrl":"https:\/\/u-intosai.org\/wp-content\/uploads\/2021\/08\/miniu-intosai-logo.png","width":1000,"height":479,"caption":"U-INTOSAI \u2014 University of INTOSAI"},"image":{"@id":"https:\/\/u-intosai.org\/es\/#\/schema\/logo\/image\/"},"sameAs":["https:\/\/x.com\/Incosai2019","https:\/\/www.youtube.com\/channel\/UCjD--8sXtgxoPrxRQ_rz5GQ"]}]}},"_links":{"self":[{"href":"https:\/\/u-intosai.org\/es\/wp-json\/wp\/v2\/pages\/44816","targetHints":{"allow":["GET"]}}],"collection":[{"href":"https:\/\/u-intosai.org\/es\/wp-json\/wp\/v2\/pages"}],"about":[{"href":"https:\/\/u-intosai.org\/es\/wp-json\/wp\/v2\/types\/page"}],"author":[{"embeddable":true,"href":"https:\/\/u-intosai.org\/es\/wp-json\/wp\/v2\/users\/1"}],"replies":[{"embeddable":true,"href":"https:\/\/u-intosai.org\/es\/wp-json\/wp\/v2\/comments?post=44816"}],"version-history":[{"count":1,"href":"https:\/\/u-intosai.org\/es\/wp-json\/wp\/v2\/pages\/44816\/revisions"}],"predecessor-version":[{"id":44823,"href":"https:\/\/u-intosai.org\/es\/wp-json\/wp\/v2\/pages\/44816\/revisions\/44823"}],"up":[{"embeddable":true,"href":"https:\/\/u-intosai.org\/es\/wp-json\/wp\/v2\/pages\/7245"}],"wp:attachment":[{"href":"https:\/\/u-intosai.org\/es\/wp-json\/wp\/v2\/media?parent=44816"}],"curies":[{"name":"wp","href":"https:\/\/api.w.org\/{rel}","templated":true}]}}