{"id":44840,"date":"2024-07-23T12:35:19","date_gmt":"2024-07-23T09:35:19","guid":{"rendered":"https:\/\/u-intosai.org\/podcasts\/intosai-wgea-podcast\/"},"modified":"2024-08-27T00:17:10","modified_gmt":"2024-08-26T21:17:10","slug":"intosai-wgea-podcast","status":"publish","type":"page","link":"https:\/\/u-intosai.org\/es\/podcasts\/intosai-wgea-podcast\/","title":{"rendered":"Podcast del Grupo de Trabajo sobre Auditor\u00eda Medioambiental de la INTOSAI"},"content":{"rendered":"<div class=\"wpb-content-wrapper\"><p>[vc_row][vc_column][vc_custom_heading text=\u00bbPodcast del Grupo de Trabajo sobre Auditor\u00eda Medioambiental de la INTOSAI \u00bb font_container=\u00bbtag:h1|text_align:left\u00bb use_theme_fonts=\u00bbyes\u00bb css=\u00bb\u00bb][vc_column_text css=\u00bb\u00bb]<\/p>\n<p>El Grupo de Trabajo sobre Auditor\u00eda Medioambiental de la INTOSAI (GTAMA de la INTOSAI) ha lanzado podcasts de audio y v\u00eddeo.<\/p>\n<p>Objetivos del podcast:<\/p>\n<p>desarrollar las competencias de los auditores en el \u00e1mbito de la auditor\u00eda medioambiental,<\/p>\n<p>mejorar la eficacia de las entidades fiscalizadoras superiores para crear un futuro sostenible com\u00fan.<\/p>\n<p>&nbsp;<\/p>\n<p>Cada episodio del podcast contar\u00e1 con invitados especiales y expertos en el tema en cuesti\u00f3n. En concreto, el primer n\u00famero analiza los aspectos de la fiscalidad y la transici\u00f3n verde.<\/p>\n<p>Adem\u00e1s de podcasts, la secci\u00f3n incluye informaci\u00f3n sobre los proyectos actuales del grupo, entrevistas a expertos y v\u00eddeos de formaci\u00f3n sobre auditor\u00edas medioambientales.<\/p>\n<p>El idioma es el ingl\u00e9s<\/p>\n<p><a href=\"https:\/\/wgea.org\/videos-and-podcasts\/\"><strong>Enlace del podcast<\/strong><\/a><\/p>\n<p>[\/vc_column_text][\/vc_column][\/vc_row]<\/p>\n<\/div>","protected":false},"excerpt":{"rendered":"<p>[vc_row][vc_column][vc_custom_heading text=\u00bbPodcast del Grupo de Trabajo sobre Auditor\u00eda Medioambiental de la INTOSAI \u00bb font_container=\u00bbtag:h1|text_align:left\u00bb use_theme_fonts=\u00bbyes\u00bb css=\u00bb\u00bb][vc_column_text css=\u00bb\u00bb] El Grupo de Trabajo sobre Auditor\u00eda Medioambiental de la INTOSAI (GTAMA de la INTOSAI) ha lanzado podcasts de audio y v\u00eddeo. Objetivos del podcast: desarrollar las competencias de los auditores en el \u00e1mbito de la auditor\u00eda medioambiental, mejorar [&hellip;]<\/p>\n","protected":false},"author":1,"featured_media":44422,"parent":7245,"menu_order":0,"comment_status":"closed","ping_status":"closed","template":"","meta":{"_acf_changed":false,"pmpro_default_level":"","footnotes":""},"class_list":["post-44840","page","type-page","status-publish","has-post-thumbnail","hentry","pmpro-has-access"],"acf":[],"yoast_head":"<!-- This site is optimized with the Yoast SEO plugin v27.3 - https:\/\/yoast.com\/product\/yoast-seo-wordpress\/ -->\n<title>Podcast del Grupo de Trabajo sobre Auditor\u00eda Medioambiental de la INTOSAI | U-INTOSAI<\/title>\n<meta name=\"description\" content=\"Podcast del Grupo de Trabajo sobre Auditor\u00eda Medioambiental de la INTOSAI\" \/>\n<meta name=\"robots\" content=\"index, follow, max-snippet:-1, max-image-preview:large, max-video-preview:-1\" \/>\n<link rel=\"canonical\" href=\"https:\/\/u-intosai.org\/es\/podcasts\/intosai-wgea-podcast\/\" \/>\n<meta property=\"og:locale\" content=\"es_ES\" \/>\n<meta property=\"og:type\" content=\"article\" \/>\n<meta property=\"og:title\" content=\"Podcast del Grupo de Trabajo sobre Auditor\u00eda Medioambiental de la INTOSAI | U-INTOSAI\" \/>\n<meta property=\"og:description\" content=\"Podcast del Grupo de Trabajo sobre Auditor\u00eda Medioambiental de la INTOSAI\" \/>\n<meta property=\"og:url\" content=\"https:\/\/u-intosai.org\/es\/podcasts\/intosai-wgea-podcast\/\" \/>\n<meta property=\"og:site_name\" content=\"U-INTOSAI\" \/>\n<meta property=\"article:modified_time\" content=\"2024-08-26T21:17:10+00:00\" \/>\n<meta property=\"og:image\" content=\"https:\/\/u-intosai.org\/wp-content\/uploads\/2024\/07\/126512765916296125.jpg\" \/>\n\t<meta property=\"og:image:width\" content=\"1344\" \/>\n\t<meta property=\"og:image:height\" content=\"1343\" \/>\n\t<meta property=\"og:image:type\" content=\"image\/jpeg\" \/>\n<meta name=\"twitter:card\" content=\"summary_large_image\" \/>\n<meta name=\"twitter:site\" content=\"@Incosai2019\" \/>\n<meta name=\"twitter:label1\" content=\"Tiempo de lectura\" \/>\n\t<meta name=\"twitter:data1\" content=\"1 minuto\" \/>\n<script type=\"application\/ld+json\" class=\"yoast-schema-graph\">{\"@context\":\"https:\\\/\\\/schema.org\",\"@graph\":[{\"@type\":\"WebPage\",\"@id\":\"https:\\\/\\\/u-intosai.org\\\/es\\\/podcasts\\\/intosai-wgea-podcast\\\/\",\"url\":\"https:\\\/\\\/u-intosai.org\\\/es\\\/podcasts\\\/intosai-wgea-podcast\\\/\",\"name\":\"Podcast del Grupo de Trabajo sobre Auditor\u00eda Medioambiental de la INTOSAI | U-INTOSAI\",\"isPartOf\":{\"@id\":\"https:\\\/\\\/u-intosai.org\\\/es\\\/#website\"},\"primaryImageOfPage\":{\"@id\":\"https:\\\/\\\/u-intosai.org\\\/es\\\/podcasts\\\/intosai-wgea-podcast\\\/#primaryimage\"},\"image\":{\"@id\":\"https:\\\/\\\/u-intosai.org\\\/es\\\/podcasts\\\/intosai-wgea-podcast\\\/#primaryimage\"},\"thumbnailUrl\":\"https:\\\/\\\/u-intosai.org\\\/wp-content\\\/uploads\\\/2024\\\/07\\\/126512765916296125.jpg\",\"datePublished\":\"2024-07-23T09:35:19+00:00\",\"dateModified\":\"2024-08-26T21:17:10+00:00\",\"description\":\"Podcast del Grupo de Trabajo sobre Auditor\u00eda Medioambiental de la INTOSAI\",\"breadcrumb\":{\"@id\":\"https:\\\/\\\/u-intosai.org\\\/es\\\/podcasts\\\/intosai-wgea-podcast\\\/#breadcrumb\"},\"inLanguage\":\"es\",\"potentialAction\":[{\"@type\":\"ReadAction\",\"target\":[\"https:\\\/\\\/u-intosai.org\\\/es\\\/podcasts\\\/intosai-wgea-podcast\\\/\"]}]},{\"@type\":\"ImageObject\",\"inLanguage\":\"es\",\"@id\":\"https:\\\/\\\/u-intosai.org\\\/es\\\/podcasts\\\/intosai-wgea-podcast\\\/#primaryimage\",\"url\":\"https:\\\/\\\/u-intosai.org\\\/wp-content\\\/uploads\\\/2024\\\/07\\\/126512765916296125.jpg\",\"contentUrl\":\"https:\\\/\\\/u-intosai.org\\\/wp-content\\\/uploads\\\/2024\\\/07\\\/126512765916296125.jpg\",\"width\":1344,\"height\":1343},{\"@type\":\"BreadcrumbList\",\"@id\":\"https:\\\/\\\/u-intosai.org\\\/es\\\/podcasts\\\/intosai-wgea-podcast\\\/#breadcrumb\",\"itemListElement\":[{\"@type\":\"ListItem\",\"position\":1,\"name\":\"U-INTOSAI\",\"item\":\"https:\\\/\\\/u-intosai.org\\\/es\\\/\"},{\"@type\":\"ListItem\",\"position\":2,\"name\":\"Podcasts\",\"item\":\"https:\\\/\\\/u-intosai.org\\\/es\\\/podcasts\\\/\"},{\"@type\":\"ListItem\",\"position\":3,\"name\":\"Podcast del Grupo de Trabajo sobre Auditor\u00eda Medioambiental de la INTOSAI\"}]},{\"@type\":\"WebSite\",\"@id\":\"https:\\\/\\\/u-intosai.org\\\/es\\\/#website\",\"url\":\"https:\\\/\\\/u-intosai.org\\\/es\\\/\",\"name\":\"U-INTOSAI\",\"description\":\"U-INTOSAI is an open online educational platform for all INTOSAI members created as a unique space for exchanging experience and advanced knowledge.\",\"publisher\":{\"@id\":\"https:\\\/\\\/u-intosai.org\\\/es\\\/#organization\"},\"potentialAction\":[{\"@type\":\"SearchAction\",\"target\":{\"@type\":\"EntryPoint\",\"urlTemplate\":\"https:\\\/\\\/u-intosai.org\\\/es\\\/?s={search_term_string}\"},\"query-input\":{\"@type\":\"PropertyValueSpecification\",\"valueRequired\":true,\"valueName\":\"search_term_string\"}}],\"inLanguage\":\"es\"},{\"@type\":\"Organization\",\"@id\":\"https:\\\/\\\/u-intosai.org\\\/es\\\/#organization\",\"name\":\"U-INTOSAI \u2014 University of INTOSAI\",\"url\":\"https:\\\/\\\/u-intosai.org\\\/es\\\/\",\"logo\":{\"@type\":\"ImageObject\",\"inLanguage\":\"es\",\"@id\":\"https:\\\/\\\/u-intosai.org\\\/es\\\/#\\\/schema\\\/logo\\\/image\\\/\",\"url\":\"https:\\\/\\\/u-intosai.org\\\/wp-content\\\/uploads\\\/2021\\\/08\\\/miniu-intosai-logo.png\",\"contentUrl\":\"https:\\\/\\\/u-intosai.org\\\/wp-content\\\/uploads\\\/2021\\\/08\\\/miniu-intosai-logo.png\",\"width\":1000,\"height\":479,\"caption\":\"U-INTOSAI \u2014 University of INTOSAI\"},\"image\":{\"@id\":\"https:\\\/\\\/u-intosai.org\\\/es\\\/#\\\/schema\\\/logo\\\/image\\\/\"},\"sameAs\":[\"https:\\\/\\\/x.com\\\/Incosai2019\",\"https:\\\/\\\/www.youtube.com\\\/channel\\\/UCjD--8sXtgxoPrxRQ_rz5GQ\"]}]}<\/script>\n<!-- \/ Yoast SEO plugin. -->","yoast_head_json":{"title":"Podcast del Grupo de Trabajo sobre Auditor\u00eda Medioambiental de la INTOSAI | U-INTOSAI","description":"Podcast del Grupo de Trabajo sobre Auditor\u00eda Medioambiental de la INTOSAI","robots":{"index":"index","follow":"follow","max-snippet":"max-snippet:-1","max-image-preview":"max-image-preview:large","max-video-preview":"max-video-preview:-1"},"canonical":"https:\/\/u-intosai.org\/es\/podcasts\/intosai-wgea-podcast\/","og_locale":"es_ES","og_type":"article","og_title":"Podcast del Grupo de Trabajo sobre Auditor\u00eda Medioambiental de la INTOSAI | U-INTOSAI","og_description":"Podcast del Grupo de Trabajo sobre Auditor\u00eda Medioambiental de la INTOSAI","og_url":"https:\/\/u-intosai.org\/es\/podcasts\/intosai-wgea-podcast\/","og_site_name":"U-INTOSAI","article_modified_time":"2024-08-26T21:17:10+00:00","og_image":[{"width":1344,"height":1343,"url":"https:\/\/u-intosai.org\/wp-content\/uploads\/2024\/07\/126512765916296125.jpg","type":"image\/jpeg"}],"twitter_card":"summary_large_image","twitter_site":"@Incosai2019","twitter_misc":{"Tiempo de lectura":"1 minuto"},"schema":{"@context":"https:\/\/schema.org","@graph":[{"@type":"WebPage","@id":"https:\/\/u-intosai.org\/es\/podcasts\/intosai-wgea-podcast\/","url":"https:\/\/u-intosai.org\/es\/podcasts\/intosai-wgea-podcast\/","name":"Podcast del Grupo de Trabajo sobre Auditor\u00eda Medioambiental de la INTOSAI | U-INTOSAI","isPartOf":{"@id":"https:\/\/u-intosai.org\/es\/#website"},"primaryImageOfPage":{"@id":"https:\/\/u-intosai.org\/es\/podcasts\/intosai-wgea-podcast\/#primaryimage"},"image":{"@id":"https:\/\/u-intosai.org\/es\/podcasts\/intosai-wgea-podcast\/#primaryimage"},"thumbnailUrl":"https:\/\/u-intosai.org\/wp-content\/uploads\/2024\/07\/126512765916296125.jpg","datePublished":"2024-07-23T09:35:19+00:00","dateModified":"2024-08-26T21:17:10+00:00","description":"Podcast del Grupo de Trabajo sobre Auditor\u00eda Medioambiental de la INTOSAI","breadcrumb":{"@id":"https:\/\/u-intosai.org\/es\/podcasts\/intosai-wgea-podcast\/#breadcrumb"},"inLanguage":"es","potentialAction":[{"@type":"ReadAction","target":["https:\/\/u-intosai.org\/es\/podcasts\/intosai-wgea-podcast\/"]}]},{"@type":"ImageObject","inLanguage":"es","@id":"https:\/\/u-intosai.org\/es\/podcasts\/intosai-wgea-podcast\/#primaryimage","url":"https:\/\/u-intosai.org\/wp-content\/uploads\/2024\/07\/126512765916296125.jpg","contentUrl":"https:\/\/u-intosai.org\/wp-content\/uploads\/2024\/07\/126512765916296125.jpg","width":1344,"height":1343},{"@type":"BreadcrumbList","@id":"https:\/\/u-intosai.org\/es\/podcasts\/intosai-wgea-podcast\/#breadcrumb","itemListElement":[{"@type":"ListItem","position":1,"name":"U-INTOSAI","item":"https:\/\/u-intosai.org\/es\/"},{"@type":"ListItem","position":2,"name":"Podcasts","item":"https:\/\/u-intosai.org\/es\/podcasts\/"},{"@type":"ListItem","position":3,"name":"Podcast del Grupo de Trabajo sobre Auditor\u00eda Medioambiental de la INTOSAI"}]},{"@type":"WebSite","@id":"https:\/\/u-intosai.org\/es\/#website","url":"https:\/\/u-intosai.org\/es\/","name":"U-INTOSAI","description":"U-INTOSAI is an open online educational platform for all INTOSAI members created as a unique space for exchanging experience and advanced knowledge.","publisher":{"@id":"https:\/\/u-intosai.org\/es\/#organization"},"potentialAction":[{"@type":"SearchAction","target":{"@type":"EntryPoint","urlTemplate":"https:\/\/u-intosai.org\/es\/?s={search_term_string}"},"query-input":{"@type":"PropertyValueSpecification","valueRequired":true,"valueName":"search_term_string"}}],"inLanguage":"es"},{"@type":"Organization","@id":"https:\/\/u-intosai.org\/es\/#organization","name":"U-INTOSAI \u2014 University of INTOSAI","url":"https:\/\/u-intosai.org\/es\/","logo":{"@type":"ImageObject","inLanguage":"es","@id":"https:\/\/u-intosai.org\/es\/#\/schema\/logo\/image\/","url":"https:\/\/u-intosai.org\/wp-content\/uploads\/2021\/08\/miniu-intosai-logo.png","contentUrl":"https:\/\/u-intosai.org\/wp-content\/uploads\/2021\/08\/miniu-intosai-logo.png","width":1000,"height":479,"caption":"U-INTOSAI \u2014 University of INTOSAI"},"image":{"@id":"https:\/\/u-intosai.org\/es\/#\/schema\/logo\/image\/"},"sameAs":["https:\/\/x.com\/Incosai2019","https:\/\/www.youtube.com\/channel\/UCjD--8sXtgxoPrxRQ_rz5GQ"]}]}},"_links":{"self":[{"href":"https:\/\/u-intosai.org\/es\/wp-json\/wp\/v2\/pages\/44840","targetHints":{"allow":["GET"]}}],"collection":[{"href":"https:\/\/u-intosai.org\/es\/wp-json\/wp\/v2\/pages"}],"about":[{"href":"https:\/\/u-intosai.org\/es\/wp-json\/wp\/v2\/types\/page"}],"author":[{"embeddable":true,"href":"https:\/\/u-intosai.org\/es\/wp-json\/wp\/v2\/users\/1"}],"replies":[{"embeddable":true,"href":"https:\/\/u-intosai.org\/es\/wp-json\/wp\/v2\/comments?post=44840"}],"version-history":[{"count":2,"href":"https:\/\/u-intosai.org\/es\/wp-json\/wp\/v2\/pages\/44840\/revisions"}],"predecessor-version":[{"id":44855,"href":"https:\/\/u-intosai.org\/es\/wp-json\/wp\/v2\/pages\/44840\/revisions\/44855"}],"up":[{"embeddable":true,"href":"https:\/\/u-intosai.org\/es\/wp-json\/wp\/v2\/pages\/7245"}],"wp:featuredmedia":[{"embeddable":true,"href":"https:\/\/u-intosai.org\/es\/wp-json\/wp\/v2\/media\/44422"}],"wp:attachment":[{"href":"https:\/\/u-intosai.org\/es\/wp-json\/wp\/v2\/media?parent=44840"}],"curies":[{"name":"wp","href":"https:\/\/api.w.org\/{rel}","templated":true}]}}