{"id":6846,"date":"2021-06-30T12:41:21","date_gmt":"2021-06-30T12:41:21","guid":{"rendered":"https:\/\/u-intosai.org\/politica-de-privacidad\/"},"modified":"2021-07-21T16:37:41","modified_gmt":"2021-07-21T16:37:41","slug":"politica-de-privacidad","status":"publish","type":"page","link":"https:\/\/u-intosai.org\/es\/politica-de-privacidad\/","title":{"rendered":"Pol\u00edtica de privacidad"},"content":{"rendered":"<h2>Pol\u00edtica de privacidad de U-INTOSAI<\/h2>\n<p style=\"text-align: justify;\"><strong>La Universidad INTOSAI (<a href=\"https:\/\/u-intosai.org\/es\/\" target=\"_blank\" rel=\"noopener noreferrer\">U-INTOSAI)<\/a><\/strong>representada por la <a href=\"https:\/\/ach.gov.ru\/\" target=\"_blank\" rel=\"noopener noreferrer\">C\u00e1mara de Cuentas de la Federaci\u00f3n de Rusia<\/a>, act\u00faa como una plataforma en l\u00ednea para toda la comunidad <a href=\"https:\/\/www.intosai.org\/\" target=\"_blank\" rel=\"noopener noreferrer\">INTOSAI.<\/a> La privacidad y seguridad de los visitantes, participantes y encuestados de nuestro sitio web es de suma importancia para la U-INTOSAI. Aplicamos una pol\u00edtica de protecci\u00f3n de datos que cumple con las normas generales de protecci\u00f3n de datos, establecidas por la legislaci\u00f3n de la Federaci\u00f3n de Rusia y el derecho internacional.<\/p>\n<p style=\"text-align: justify;\">Cumplimos con los requisitos del <a href=\"https:\/\/eur-lex.europa.eu\/legal-content\/EN\/TXT\/PDF\/?uri=CELEX:32016R0679&amp;from=EN\" target=\"_blank\" rel=\"noopener noreferrer\">Reglamento del Parlamento Europeo y del Consejo de la Uni\u00f3n Europea 2016\/679 del 27 de abril de 2016<\/a> relativo a la protecci\u00f3n de las personas f\u00edsicas en lo que respecta al tratamiento de sus datos personales y a la libre circulaci\u00f3n de estos datos y por el que se deroga la Directiva 95\/46\/CE (el Reglamento General de Protecci\u00f3n de Datos \/ General Data Protection Regulation, GDPR) y de la <a href=\"https:\/\/pd.rkn.gov.ru\/authority\/p146\/p164\/\" target=\"_blank\" rel=\"noopener noreferrer\">Ley Federal de la Federaci\u00f3n de Rusia No. 152-FZ del 27 de julio de 2006 \u00abSobre los datos personales\u00bb<\/a>.<\/p>\n<p style=\"text-align: justify;\">La plataforma U-INTOSAI hace todo lo posible para proteger los datos que comparten con nosotros.<\/p>\n<p style=\"text-align: justify;\">Cualquier informaci\u00f3n publicada en la plataforma en l\u00ednea de U-INTOSAI o en las listas de registro (correo electr\u00f3nico, registro, reuniones en l\u00ednea) se considera confidencial.<\/p>\n<p style=\"text-align: justify;\">Toda la informaci\u00f3n est\u00e1 protegida de manera confiable y el acceso a ella solo se concede al personal autorizado.<\/p>\n<p style=\"text-align: justify;\">Implementamos y mantenemos medidas de seguridad t\u00e9cnicas apropiadas para proteger los datos personales contra el procesamiento y uso no autorizado o ilegal, as\u00ed como de la p\u00e9rdida accidental, destrucci\u00f3n, da\u00f1o, robo o divulgaci\u00f3n.<\/p>\n<p style=\"text-align: justify;\">Todos los materiales subidos a la plataforma de U-INTOSAI, incluidos los v\u00eddeos (que se publican en el canal de YouTube de la C\u00e1mara de Cuentas de la Federaci\u00f3n de Rusia) se publican con el consentimiento de sus autores. Estos materiales no est\u00e1n destinados a un uso comercial y se publican \u00fanicamente con fines educativos. Cumplimos escrupulosamente con los derechos de autor y estamos dispuestos a eliminar el material a la primera solicitud del autor.<\/p>\n<h2 style=\"text-align: justify;\">Consentimiento<\/h2>\n<h2 style=\"text-align: justify;\">Por favor, confirme su consentimiento con las siguientes reglas<\/h2>\n<p style=\"text-align: justify;\">Toda la informaci\u00f3n recibida de los encuestados a trav\u00e9s de la plataforma educativa en l\u00ednea se transmite a U-INTOSAI (textos, contactos, archivos multmedia, etc.) que act\u00faa a trav\u00e9s de la C\u00e1mara de Cuentas de la Federaci\u00f3n de Rusia, y no es transferible a terceros.<\/p>\n<p style=\"text-align: justify;\">Los encuestados que completen encuestas, cuestionarios o formularios de registro en l\u00ednea deben ser conscientes de que son los \u00fanicos responsables del contenido de sus respuestas.<\/p>\n<p style=\"text-align: justify;\">Al completar cuestionarios y formularios de registro, se recopila informaci\u00f3n como el nombre, el nombre de la organizaci\u00f3n, el correo electr\u00f3nico, la direcci\u00f3n postal, n\u00famero de tel\u00e9fono y otros datos importantes. U-INTOSAI usa esta informaci\u00f3n \u00fanicamente para proporcionar soporte, servicios, correos e informaci\u00f3n.<\/p>\n<h2 style=\"text-align: justify;\">Cookies<\/h2>\n<p style=\"text-align: justify;\">Las cookies son peque\u00f1os fragmentos de informaci\u00f3n que un sitio web env\u00eda al disco duro del visitante del sitio web. Las cookies no pueden ser usados para ejecutar programas o enviar virus a su ordenador. En su pr\u00f3xima visita, esto permitir\u00e1 que nuestros recursos de informaci\u00f3n reconozcan su dispositivo para un uso m\u00e1s conveniente de nuestro sitio web.<\/p>\n<p style=\"text-align: justify;\">Si se niega a aceptar nuestras cookies, no podremos garantizarle una experiencia de usuario completa. Al permanecer en el sitio web, da su consentimiento a la instalaci\u00f3n de cookies en su dispositivo.<\/p>\n<p style=\"text-align: justify;\">Si se niega a aceptar nuestras cookies, no podremos garantizarle una experiencia de usuario completa.<\/p>\n<p style=\"text-align: justify;\">Al visitar este sitio web una vez da su consentimiento a la recopilaci\u00f3n y uso de sus datos personales, como se describe en este documento. Si no est\u00e1 de acuerdo con los t\u00e9rminos y condiciones establecidos en este documento, le pedimos que se niegue a visitar este sitio web.<\/p>\n<p style=\"text-align: justify;\">La plataforma U-INTOSAI puede recopilar datos y mantener registros de los visitantes de su sitio web con fines informativos y estad\u00edsticos, para utilizarlos como base para una mayor promoci\u00f3n y desarrollo del sitio web.<\/p>\n<p style=\"text-align: justify;\">Podemos registrar su direcci\u00f3n IP y utilizar cookies La plataforma U-INTOSAI puede agregar informaci\u00f3n recopilada a partir de la actividad de navegaci\u00f3n de los usuarios. Tambi\u00e9n puede recopilar y procesar cualquier dato personal que nos proporcione voluntariamente a trav\u00e9s de los formularios de nuestro sitio web, por ejemplo, cuando se registra para participar en eventos o suscribirse a informaci\u00f3n y env\u00edo de boletines. Esta informaci\u00f3n personal puede incluir su direcci\u00f3n IP, nombre y apellido, direcci\u00f3n postal, direcci\u00f3n de correo electr\u00f3nico, n\u00famero de tel\u00e9fono y cargo.<\/p>\n<p style=\"text-align: justify;\">Tambi\u00e9n podemos recopilar datos sobre las visitas al sitio web, incluido el n\u00famero de visitantes y visitas, datos de ubicaci\u00f3n, as\u00ed como informaci\u00f3n sobre el tiempo que pasaron en el sitio web y las p\u00e1ginas en las que los visitantes hicieron clic o de las que vinieron. Usamos los datos recopilados para comunicarnos con los visitantes y mejorar el sitio web de la universidad mediante el an\u00e1lisis del comportamiento de sus visitantes.<\/p>\n<h2 style=\"text-align: justify;\">Divulgaci\u00f3n de los datos personales<\/h2>\n<p style=\"text-align: justify;\">U-INTOSAI garantiza que ning\u00fan dato personal puede ser transferido a proveedores de servicios, contratistas o algunas otras personas con las que interactuemos m\u00e1s all\u00e1 de nuestro trabajo conjunto.<\/p>\n<h2 style=\"text-align: justify;\">Enlaces a otros sitios web<\/h2>\n<p style=\"text-align: justify;\">Tenga en cuenta que durante su visita a nuestra plataforma los visitantes pueden seguir enlaces a otros sitios web fuera de nuestra esfera de influencia. U-INTOSAI no se hace responsable del contenido o pol\u00edtica de privacidad de dichos sitios web.<\/p>\n<h2 style=\"text-align: justify;\">Conservaci\u00f3n y eliminaci\u00f3n de datos<\/h2>\n<p style=\"text-align: justify;\">No almacenaremos sus datos durante m\u00e1s tiempo del necesario para realizar las tareas para las que fueron recopilados, o seg\u00fan lo exijan las leyes o normativas aplicables.<\/p>\n<h2 style=\"text-align: justify;\">Aceptaci\u00f3n de estos t\u00e9rminos<\/h2>\n<p style=\"text-align: justify;\">Asumimos que todos los usuarios de la plataforma en l\u00ednea han le\u00eddo detenidamente este documento y est\u00e1n de acuerdo con el contenido del mismo. Las personas que no est\u00e9n de acuerdo con esta pol\u00edtica de privacidad deber\u00e1n abstenerse de utilizar nuestro sitio web y nuestra plataforma.<\/p>\n<h2 style=\"text-align: justify;\">Obligaciones legales de revelar datos personales<\/h2>\n<p style=\"text-align: justify;\">Revelaremos la informaci\u00f3n personal del usuario sin su consentimiento previo solo si tenemos razones para creer que la divulgaci\u00f3n de esta informaci\u00f3n es necesaria para identificar, contactar o iniciar acciones legales contra una persona o personas sospechosas de infringir los derechos o la propiedad de U-INTOSAI u otras personas que puedan estar perjudicadas como resultado de las acciones del usuario o de otras personas que puedan (intencionalmente o de otra manera) perjudicar estos derechos o propiedad. A U-INTOSAI se le permite divulgar informaci\u00f3n personal si tenemos buenas razones de creer que as\u00ed lo exige la ley.<\/p>\n<h2 style=\"text-align: justify;\">Datos personales tratados para estos fines<\/h2>\n<p style=\"text-align: justify;\">Para crear una cuenta personal en el sitio web de U-INTOSAI, debe proporcionar su nombre real o nombre de usuario y una direcci\u00f3n del correo electr\u00f3nico.<\/p>\n<p style=\"text-align: justify;\">Despu\u00e9s de crear una cuenta, puede agregar informaci\u00f3n adicional, incluida su foto de perfil, edad, sexo, fecha de nacimiento, pa\u00eds y contactos en las redes sociales.<\/p>\n<p style=\"text-align: justify;\">Si proporciona su identificador en las redes sociales, U-INTOSAI procesar\u00e1 los datos disponibles en sus cuentas en las redes sociales, incluidos su nombre y apellido, foto de perfil, fecha de nacimiento, g\u00e9nero, correo electr\u00f3nico y suscripciones.<\/p>\n<h2 style=\"text-align: justify;\">Transferencia de datos personales a terceros pa\u00edses y organismos internacionales<\/h2>\n<p style=\"text-align: justify;\">Si hay terceros (socios o plataformas externas) que participan en la organizaci\u00f3n de un evento o en la prestaci\u00f3n de servicios (servicios postales y de correo o socios), el procesamiento de sus datos personales se llevar\u00e1 a cabo en el territorio de la Federaci\u00f3n de Rusia y de otros pa\u00edses donde estos terceros desarrollan su actividad.<\/p>\n<p style=\"text-align: justify;\">Si no hay terceros involucrados, el procesamiento de sus datos personales se llevar\u00e1 a cabo solo en el territorio de la Federaci\u00f3n de Rusia.<\/p>\n<h2 style=\"text-align: justify;\">Informaci\u00f3n adicional<\/h2>\n<p style=\"text-align: justify;\">Si todav\u00eda tiene alguna pregunta sobre la protecci\u00f3n de datos personales o del uso de los mismos, cont\u00e1ctenos al correo electr\u00f3nico <strong>u_intosai@ach.gov.ru<\/strong><\/p>\n<p>&nbsp;<\/p>\n","protected":false},"excerpt":{"rendered":"<p>Pol\u00edtica de privacidad de U-INTOSAI La Universidad INTOSAI (U-INTOSAI)representada por la C\u00e1mara de Cuentas de la Federaci\u00f3n de Rusia, act\u00faa como una plataforma en l\u00ednea para toda la comunidad INTOSAI. La privacidad y seguridad de los visitantes, participantes y encuestados de nuestro sitio web es de suma importancia para la U-INTOSAI. Aplicamos una pol\u00edtica de [&hellip;]<\/p>\n","protected":false},"author":1,"featured_media":0,"parent":0,"menu_order":0,"comment_status":"closed","ping_status":"closed","template":"","meta":{"_acf_changed":false,"pmpro_default_level":"","footnotes":""},"class_list":["post-6846","page","type-page","status-publish","hentry","pmpro-has-access"],"acf":[],"yoast_head":"<!-- This site is optimized with the Yoast SEO plugin v27.4 - https:\/\/yoast.com\/product\/yoast-seo-wordpress\/ -->\n<title>Pol\u00edtica de privacidad | U-INTOSAI<\/title>\n<meta name=\"description\" content=\"Pol\u00edtica de privacidad\" \/>\n<meta name=\"robots\" content=\"index, follow, max-snippet:-1, max-image-preview:large, max-video-preview:-1\" \/>\n<link rel=\"canonical\" href=\"https:\/\/u-intosai.org\/es\/politica-de-privacidad\/\" \/>\n<meta property=\"og:locale\" content=\"es_ES\" \/>\n<meta property=\"og:type\" content=\"article\" \/>\n<meta property=\"og:title\" content=\"Pol\u00edtica de privacidad | U-INTOSAI\" \/>\n<meta property=\"og:description\" content=\"Pol\u00edtica de privacidad\" \/>\n<meta property=\"og:url\" content=\"https:\/\/u-intosai.org\/es\/politica-de-privacidad\/\" \/>\n<meta property=\"og:site_name\" content=\"U-INTOSAI\" \/>\n<meta property=\"article:modified_time\" content=\"2021-07-21T16:37:41+00:00\" \/>\n<meta property=\"og:image\" content=\"https:\/\/u-intosai.org\/wp-content\/uploads\/2022\/01\/video-poster-11920x1080-1.jpg\" \/>\n\t<meta property=\"og:image:width\" content=\"1920\" \/>\n\t<meta property=\"og:image:height\" content=\"1080\" \/>\n\t<meta property=\"og:image:type\" content=\"image\/jpeg\" \/>\n<meta name=\"twitter:card\" content=\"summary_large_image\" \/>\n<meta name=\"twitter:site\" content=\"@Incosai2019\" \/>\n<meta name=\"twitter:label1\" content=\"Tiempo de lectura\" \/>\n\t<meta name=\"twitter:data1\" content=\"7 minutos\" \/>\n<script type=\"application\/ld+json\" class=\"yoast-schema-graph\">{\"@context\":\"https:\\\/\\\/schema.org\",\"@graph\":[{\"@type\":\"WebPage\",\"@id\":\"https:\\\/\\\/u-intosai.org\\\/es\\\/politica-de-privacidad\\\/\",\"url\":\"https:\\\/\\\/u-intosai.org\\\/es\\\/politica-de-privacidad\\\/\",\"name\":\"Pol\u00edtica de privacidad | U-INTOSAI\",\"isPartOf\":{\"@id\":\"https:\\\/\\\/u-intosai.org\\\/es\\\/#website\"},\"datePublished\":\"2021-06-30T12:41:21+00:00\",\"dateModified\":\"2021-07-21T16:37:41+00:00\",\"description\":\"Pol\u00edtica de privacidad\",\"breadcrumb\":{\"@id\":\"https:\\\/\\\/u-intosai.org\\\/es\\\/politica-de-privacidad\\\/#breadcrumb\"},\"inLanguage\":\"es\",\"potentialAction\":[{\"@type\":\"ReadAction\",\"target\":[\"https:\\\/\\\/u-intosai.org\\\/es\\\/politica-de-privacidad\\\/\"]}]},{\"@type\":\"BreadcrumbList\",\"@id\":\"https:\\\/\\\/u-intosai.org\\\/es\\\/politica-de-privacidad\\\/#breadcrumb\",\"itemListElement\":[{\"@type\":\"ListItem\",\"position\":1,\"name\":\"U-INTOSAI\",\"item\":\"https:\\\/\\\/u-intosai.org\\\/es\\\/\"},{\"@type\":\"ListItem\",\"position\":2,\"name\":\"Pol\u00edtica de privacidad\"}]},{\"@type\":\"WebSite\",\"@id\":\"https:\\\/\\\/u-intosai.org\\\/es\\\/#website\",\"url\":\"https:\\\/\\\/u-intosai.org\\\/es\\\/\",\"name\":\"U-INTOSAI\",\"description\":\"U-INTOSAI is an open online educational platform for all INTOSAI members created as a unique space for exchanging experience and advanced knowledge.\",\"publisher\":{\"@id\":\"https:\\\/\\\/u-intosai.org\\\/es\\\/#organization\"},\"potentialAction\":[{\"@type\":\"SearchAction\",\"target\":{\"@type\":\"EntryPoint\",\"urlTemplate\":\"https:\\\/\\\/u-intosai.org\\\/es\\\/?s={search_term_string}\"},\"query-input\":{\"@type\":\"PropertyValueSpecification\",\"valueRequired\":true,\"valueName\":\"search_term_string\"}}],\"inLanguage\":\"es\"},{\"@type\":\"Organization\",\"@id\":\"https:\\\/\\\/u-intosai.org\\\/es\\\/#organization\",\"name\":\"U-INTOSAI \u2014 University of INTOSAI\",\"url\":\"https:\\\/\\\/u-intosai.org\\\/es\\\/\",\"logo\":{\"@type\":\"ImageObject\",\"inLanguage\":\"es\",\"@id\":\"https:\\\/\\\/u-intosai.org\\\/es\\\/#\\\/schema\\\/logo\\\/image\\\/\",\"url\":\"https:\\\/\\\/u-intosai.org\\\/wp-content\\\/uploads\\\/2021\\\/08\\\/miniu-intosai-logo.png\",\"contentUrl\":\"https:\\\/\\\/u-intosai.org\\\/wp-content\\\/uploads\\\/2021\\\/08\\\/miniu-intosai-logo.png\",\"width\":1000,\"height\":479,\"caption\":\"U-INTOSAI \u2014 University of INTOSAI\"},\"image\":{\"@id\":\"https:\\\/\\\/u-intosai.org\\\/es\\\/#\\\/schema\\\/logo\\\/image\\\/\"},\"sameAs\":[\"https:\\\/\\\/x.com\\\/Incosai2019\",\"https:\\\/\\\/www.youtube.com\\\/channel\\\/UCjD--8sXtgxoPrxRQ_rz5GQ\"]}]}<\/script>\n<!-- \/ Yoast SEO plugin. -->","yoast_head_json":{"title":"Pol\u00edtica de privacidad | U-INTOSAI","description":"Pol\u00edtica de privacidad","robots":{"index":"index","follow":"follow","max-snippet":"max-snippet:-1","max-image-preview":"max-image-preview:large","max-video-preview":"max-video-preview:-1"},"canonical":"https:\/\/u-intosai.org\/es\/politica-de-privacidad\/","og_locale":"es_ES","og_type":"article","og_title":"Pol\u00edtica de privacidad | U-INTOSAI","og_description":"Pol\u00edtica de privacidad","og_url":"https:\/\/u-intosai.org\/es\/politica-de-privacidad\/","og_site_name":"U-INTOSAI","article_modified_time":"2021-07-21T16:37:41+00:00","og_image":[{"width":1920,"height":1080,"url":"https:\/\/u-intosai.org\/wp-content\/uploads\/2022\/01\/video-poster-11920x1080-1.jpg","type":"image\/jpeg"}],"twitter_card":"summary_large_image","twitter_site":"@Incosai2019","twitter_misc":{"Tiempo de lectura":"7 minutos"},"schema":{"@context":"https:\/\/schema.org","@graph":[{"@type":"WebPage","@id":"https:\/\/u-intosai.org\/es\/politica-de-privacidad\/","url":"https:\/\/u-intosai.org\/es\/politica-de-privacidad\/","name":"Pol\u00edtica de privacidad | U-INTOSAI","isPartOf":{"@id":"https:\/\/u-intosai.org\/es\/#website"},"datePublished":"2021-06-30T12:41:21+00:00","dateModified":"2021-07-21T16:37:41+00:00","description":"Pol\u00edtica de privacidad","breadcrumb":{"@id":"https:\/\/u-intosai.org\/es\/politica-de-privacidad\/#breadcrumb"},"inLanguage":"es","potentialAction":[{"@type":"ReadAction","target":["https:\/\/u-intosai.org\/es\/politica-de-privacidad\/"]}]},{"@type":"BreadcrumbList","@id":"https:\/\/u-intosai.org\/es\/politica-de-privacidad\/#breadcrumb","itemListElement":[{"@type":"ListItem","position":1,"name":"U-INTOSAI","item":"https:\/\/u-intosai.org\/es\/"},{"@type":"ListItem","position":2,"name":"Pol\u00edtica de privacidad"}]},{"@type":"WebSite","@id":"https:\/\/u-intosai.org\/es\/#website","url":"https:\/\/u-intosai.org\/es\/","name":"U-INTOSAI","description":"U-INTOSAI is an open online educational platform for all INTOSAI members created as a unique space for exchanging experience and advanced knowledge.","publisher":{"@id":"https:\/\/u-intosai.org\/es\/#organization"},"potentialAction":[{"@type":"SearchAction","target":{"@type":"EntryPoint","urlTemplate":"https:\/\/u-intosai.org\/es\/?s={search_term_string}"},"query-input":{"@type":"PropertyValueSpecification","valueRequired":true,"valueName":"search_term_string"}}],"inLanguage":"es"},{"@type":"Organization","@id":"https:\/\/u-intosai.org\/es\/#organization","name":"U-INTOSAI \u2014 University of INTOSAI","url":"https:\/\/u-intosai.org\/es\/","logo":{"@type":"ImageObject","inLanguage":"es","@id":"https:\/\/u-intosai.org\/es\/#\/schema\/logo\/image\/","url":"https:\/\/u-intosai.org\/wp-content\/uploads\/2021\/08\/miniu-intosai-logo.png","contentUrl":"https:\/\/u-intosai.org\/wp-content\/uploads\/2021\/08\/miniu-intosai-logo.png","width":1000,"height":479,"caption":"U-INTOSAI \u2014 University of INTOSAI"},"image":{"@id":"https:\/\/u-intosai.org\/es\/#\/schema\/logo\/image\/"},"sameAs":["https:\/\/x.com\/Incosai2019","https:\/\/www.youtube.com\/channel\/UCjD--8sXtgxoPrxRQ_rz5GQ"]}]}},"_links":{"self":[{"href":"https:\/\/u-intosai.org\/es\/wp-json\/wp\/v2\/pages\/6846","targetHints":{"allow":["GET"]}}],"collection":[{"href":"https:\/\/u-intosai.org\/es\/wp-json\/wp\/v2\/pages"}],"about":[{"href":"https:\/\/u-intosai.org\/es\/wp-json\/wp\/v2\/types\/page"}],"author":[{"embeddable":true,"href":"https:\/\/u-intosai.org\/es\/wp-json\/wp\/v2\/users\/1"}],"replies":[{"embeddable":true,"href":"https:\/\/u-intosai.org\/es\/wp-json\/wp\/v2\/comments?post=6846"}],"version-history":[{"count":4,"href":"https:\/\/u-intosai.org\/es\/wp-json\/wp\/v2\/pages\/6846\/revisions"}],"predecessor-version":[{"id":7339,"href":"https:\/\/u-intosai.org\/es\/wp-json\/wp\/v2\/pages\/6846\/revisions\/7339"}],"wp:attachment":[{"href":"https:\/\/u-intosai.org\/es\/wp-json\/wp\/v2\/media?parent=6846"}],"curies":[{"name":"wp","href":"https:\/\/api.w.org\/{rel}","templated":true}]}}