{"id":6849,"date":"2021-06-30T13:07:53","date_gmt":"2021-06-30T13:07:53","guid":{"rendered":"https:\/\/u-intosai.org\/politica-de-cookies\/"},"modified":"2021-07-21T16:40:19","modified_gmt":"2021-07-21T16:40:19","slug":"politica-de-cookies","status":"publish","type":"page","link":"https:\/\/u-intosai.org\/es\/politica-de-cookies\/","title":{"rendered":"Pol\u00edtica de cookies"},"content":{"rendered":"<h2 style=\"text-align: justify;\">Pol\u00edtica de cookies y registro autom\u00e1tico de U-INTOSAI<\/h2>\n<p style=\"text-align: justify;\">La pol\u00edtica de cookies y registro autom\u00e1tico (Pol\u00edtica de cookies) se aplica a los recursos de informaci\u00f3n de la plataforma educativa en l\u00ednea de la Universidad INTOSAI (U-INTOSAI).<\/p>\n<p style=\"text-align: justify;\">Para entender mejor c\u00f3mo utilizamos sus datos personales, consulte la siguiente Pol\u00edtica de cookies y nuestra Pol\u00edtica de privacidad.<\/p>\n<h2 style=\"text-align: justify;\">C\u00f3mo funcionan las cookies<\/h2>\n<p style=\"text-align: justify;\">U-INTOSAI utiliza cookies en sus recursos de informaci\u00f3n.<\/p>\n<p style=\"text-align: justify;\">Una cookie es un peque\u00f1o archivo de datos que se guarda en su dispositivo (ordenador o dispositivo m\u00f3vil) cuando visita nuestros recursos de informaci\u00f3n. En su pr\u00f3xima visita, esto permitir\u00e1 que nuestros recursos de informaci\u00f3n reconozcan su dispositivo para un uso m\u00e1s conveniente de nuestro sitio web.<\/p>\n<p style=\"text-align: justify;\">Las cookies almacenan los siguientes datos de su actividad en l\u00ednea:<\/p>\n<ul style=\"text-align: justify;\">\n<li>Su direcci\u00f3n IP;<\/li>\n<li>Tipo y versi\u00f3n del sistema operativo de su dispositivo;<\/li>\n<li>Tipo y versi\u00f3n del navegador de su dispositivo;<\/li>\n<li>El idioma de su sistema operativo y navegador;<\/li>\n<li>El tipo de su dispositivo y su resoluci\u00f3n de pantalla;<\/li>\n<li>Su ubicaci\u00f3n;<\/li>\n<li>La fuente desde la que accedi\u00f3 al sitio web;<\/li>\n<li>El sitio web o el anuncio que contenga el enlace desde el que lleg\u00f3 a nuestro sitio web;<\/li>\n<li>Qu\u00e9 p\u00e1ginas de nuestro sitio web abre y en que botones hace clic.<\/li>\n<\/ul>\n<p style=\"text-align: justify;\">Nuestros recursos de informaci\u00f3n recopilan y registran estos datos autom\u00e1ticamente en las cookies.<\/p>\n<p style=\"text-align: justify;\">No usamos cookies para identificar a una persona o crear perfil de usuario. No integramos esta informaci\u00f3n con otros datos.<\/p>\n<p style=\"text-align: justify;\">Esta plataforma utiliza herramientas de recopilaci\u00f3n y an\u00e1lisis de cookies, como sistemas de recomendaci\u00f3n y de an\u00e1lisis internos y externos, as\u00ed como rastreadores.<\/p>\n<p style=\"text-align: justify;\">Adem\u00e1s de nuestros propios servicios, podemos usar recursos de terceros para recopilar y analizar las cookies de nuestros recursos de informaci\u00f3n, por ejemplo:<\/p>\n<ul style=\"text-align: justify;\">\n<li>Google Analytics (https:\/\/analytics.google.com\/ )<\/li>\n<li>Yandex.Metrika (https:\/\/metrika.yandex.ru\/)<\/li>\n<\/ul>\n<p style=\"text-align: justify;\">Solo utilizamos servicios de terceros que mantienen altos est\u00e1ndares de seguridad en el procesamiento de datos.<\/p>\n<p style=\"text-align: justify;\">Recopilamos cookies utilizando servicios de terceros solo con su consentimiento.<\/p>\n<p style=\"text-align: justify;\">Informaci\u00f3n m\u00e1s detallada sobre las cookies y su gesti\u00f3n est\u00e1 disponible en <a href=\"https:\/\/www.allaboutcookies.org\/\">www.allaboutcookies.org<\/a>.<\/p>\n<h2 style=\"text-align: justify;\">Consentimiento de cookies<\/h2>\n<p style=\"text-align: justify;\">Cuando visite por primera vez la plataforma U-INTOSAI, recibir\u00e1 una solicitud de consentimiento para el uso de las cookies. El aviso de consentimiento de cookies aparecer\u00e1 en su pantalla.<\/p>\n<h2 style=\"text-align: justify;\">Negativa a utilizar cookies<\/h2>\n<p style=\"text-align: justify;\">Tiene el derecho de negarse al uso de cookies desactiv\u00e1ndolas o elimin\u00e1ndolas en la configuraci\u00f3n de su navegador. Generalmente, estas funciones se pueden encontrar en la secci\u00f3n de opciones, herramientas, configuraciones, preferencias, etc. en el men\u00fa de su navegador.<\/p>\n<p style=\"text-align: justify;\">Una vez que desactive o elimine las cookies, cada vez que visite nuestro sitio web, en la pantalla aparecer\u00e1 una notificaci\u00f3n de consentimiento de cookies.<\/p>\n<h2 style=\"text-align: justify;\">Almacenamiento de cookies<\/h2>\n<p style=\"text-align: justify;\">Algunas cookies se eliminan autom\u00e1ticamente de su dispositivo cuando cierra el navegador.<\/p>\n<p style=\"text-align: justify;\">Otras cookies se eliminar\u00e1n despu\u00e9s de un tiempo. Este per\u00edodo puede variar en funci\u00f3n del tiempo que haya pasado en el sitio web, hasta tres a\u00f1os.<\/p>\n<p style=\"text-align: justify;\">Si desactiva o elimina las cookies en la configuraci\u00f3n de su navegador, las cookies se eliminar\u00e1n inmediatamente.<\/p>\n<h2 style=\"text-align: justify;\">Datos t\u00e9cnicos<\/h2>\n<p style=\"text-align: justify;\">Nuestros servidores web y sistemas de seguridad almacenan temporalmente los datos t\u00e9cnicos.<\/p>\n<p style=\"text-align: justify;\">El procesamiento de los datos t\u00e9cnicos es necesario para un funcionamiento ininterrumpido y la seguridad de nuestros recursos de informaci\u00f3n.<\/p>\n<p style=\"text-align: justify;\">Los datos t\u00e9cnicos incluyen:<\/p>\n<ul style=\"text-align: justify;\">\n<li>La direcci\u00f3n IP de su ordenador\/dispositivo;<\/li>\n<li>El contenido consultado (el nombre y la URL del archivo que vio en el sitio web);<\/li>\n<li>La fecha y la hora de la visualizaci\u00f3n;<\/li>\n<li>La zona horaria GMT;<\/li>\n<li>El estado de la conexi\u00f3n;<\/li>\n<li>El volumen del tr\u00e1fico;<\/li>\n<li>Las caracter\u00edsticas t\u00e9cnicas de su dispositivo, incluido el idioma, la versi\u00f3n del navegador y el sistema operativo;<\/li>\n<li>Las URLs de los sitios web visitados.<\/li>\n<\/ul>\n<p style=\"text-align: justify;\">Los datos t\u00e9cnicos no se utilizan para identificar personas o crear un perfil de usuario. No integramos los datos t\u00e9cnicos con ningunos otros datos y no los compartimos con terceros.<\/p>\n<p style=\"text-align: justify;\">Los datos t\u00e9cnicos se almacenar\u00e1n durante 12 meses a partir de la fecha de recepci\u00f3n. Este plazo solo podr\u00e1 ser prorrogado en caso de que sea necesario conforme a la legislaci\u00f3n nacional o internacional.<\/p>\n<p style=\"text-align: justify;\">Para negarse a la recopilaci\u00f3n de datos t\u00e9cnicos, deber\u00e1 dejar de utilizar nuestros recursos informativos.<\/p>\n<p>&nbsp;<\/p>\n","protected":false},"excerpt":{"rendered":"<p>Pol\u00edtica de cookies y registro autom\u00e1tico de U-INTOSAI La pol\u00edtica de cookies y registro autom\u00e1tico (Pol\u00edtica de cookies) se aplica a los recursos de informaci\u00f3n de la plataforma educativa en l\u00ednea de la Universidad INTOSAI (U-INTOSAI). Para entender mejor c\u00f3mo utilizamos sus datos personales, consulte la siguiente Pol\u00edtica de cookies y nuestra Pol\u00edtica de privacidad. [&hellip;]<\/p>\n","protected":false},"author":1,"featured_media":0,"parent":0,"menu_order":0,"comment_status":"closed","ping_status":"closed","template":"","meta":{"_acf_changed":false,"pmpro_default_level":"","footnotes":""},"class_list":["post-6849","page","type-page","status-publish","hentry","pmpro-has-access"],"acf":[],"yoast_head":"<!-- This site is optimized with the Yoast SEO plugin v27.3 - https:\/\/yoast.com\/product\/yoast-seo-wordpress\/ -->\n<title>Pol\u00edtica de cookies | U-INTOSAI<\/title>\n<meta name=\"description\" content=\"Pol\u00edtica de cookies\" \/>\n<meta name=\"robots\" content=\"index, follow, max-snippet:-1, max-image-preview:large, max-video-preview:-1\" \/>\n<link rel=\"canonical\" href=\"https:\/\/u-intosai.org\/es\/politica-de-cookies\/\" \/>\n<meta property=\"og:locale\" content=\"es_ES\" \/>\n<meta property=\"og:type\" content=\"article\" \/>\n<meta property=\"og:title\" content=\"Pol\u00edtica de cookies | U-INTOSAI\" \/>\n<meta property=\"og:description\" content=\"Pol\u00edtica de cookies\" \/>\n<meta property=\"og:url\" content=\"https:\/\/u-intosai.org\/es\/politica-de-cookies\/\" \/>\n<meta property=\"og:site_name\" content=\"U-INTOSAI\" \/>\n<meta property=\"article:modified_time\" content=\"2021-07-21T16:40:19+00:00\" \/>\n<meta property=\"og:image\" content=\"https:\/\/u-intosai.org\/wp-content\/uploads\/2022\/01\/video-poster-11920x1080-1.jpg\" \/>\n\t<meta property=\"og:image:width\" content=\"1920\" \/>\n\t<meta property=\"og:image:height\" content=\"1080\" \/>\n\t<meta property=\"og:image:type\" content=\"image\/jpeg\" \/>\n<meta name=\"twitter:card\" content=\"summary_large_image\" \/>\n<meta name=\"twitter:site\" content=\"@Incosai2019\" \/>\n<meta name=\"twitter:label1\" content=\"Tiempo de lectura\" \/>\n\t<meta name=\"twitter:data1\" content=\"4 minutos\" \/>\n<script type=\"application\/ld+json\" class=\"yoast-schema-graph\">{\"@context\":\"https:\\\/\\\/schema.org\",\"@graph\":[{\"@type\":\"WebPage\",\"@id\":\"https:\\\/\\\/u-intosai.org\\\/es\\\/politica-de-cookies\\\/\",\"url\":\"https:\\\/\\\/u-intosai.org\\\/es\\\/politica-de-cookies\\\/\",\"name\":\"Pol\u00edtica de cookies | U-INTOSAI\",\"isPartOf\":{\"@id\":\"https:\\\/\\\/u-intosai.org\\\/es\\\/#website\"},\"datePublished\":\"2021-06-30T13:07:53+00:00\",\"dateModified\":\"2021-07-21T16:40:19+00:00\",\"description\":\"Pol\u00edtica de cookies\",\"breadcrumb\":{\"@id\":\"https:\\\/\\\/u-intosai.org\\\/es\\\/politica-de-cookies\\\/#breadcrumb\"},\"inLanguage\":\"es\",\"potentialAction\":[{\"@type\":\"ReadAction\",\"target\":[\"https:\\\/\\\/u-intosai.org\\\/es\\\/politica-de-cookies\\\/\"]}]},{\"@type\":\"BreadcrumbList\",\"@id\":\"https:\\\/\\\/u-intosai.org\\\/es\\\/politica-de-cookies\\\/#breadcrumb\",\"itemListElement\":[{\"@type\":\"ListItem\",\"position\":1,\"name\":\"U-INTOSAI\",\"item\":\"https:\\\/\\\/u-intosai.org\\\/es\\\/\"},{\"@type\":\"ListItem\",\"position\":2,\"name\":\"Pol\u00edtica de cookies\"}]},{\"@type\":\"WebSite\",\"@id\":\"https:\\\/\\\/u-intosai.org\\\/es\\\/#website\",\"url\":\"https:\\\/\\\/u-intosai.org\\\/es\\\/\",\"name\":\"U-INTOSAI\",\"description\":\"U-INTOSAI is an open online educational platform for all INTOSAI members created as a unique space for exchanging experience and advanced knowledge.\",\"publisher\":{\"@id\":\"https:\\\/\\\/u-intosai.org\\\/es\\\/#organization\"},\"potentialAction\":[{\"@type\":\"SearchAction\",\"target\":{\"@type\":\"EntryPoint\",\"urlTemplate\":\"https:\\\/\\\/u-intosai.org\\\/es\\\/?s={search_term_string}\"},\"query-input\":{\"@type\":\"PropertyValueSpecification\",\"valueRequired\":true,\"valueName\":\"search_term_string\"}}],\"inLanguage\":\"es\"},{\"@type\":\"Organization\",\"@id\":\"https:\\\/\\\/u-intosai.org\\\/es\\\/#organization\",\"name\":\"U-INTOSAI \u2014 University of INTOSAI\",\"url\":\"https:\\\/\\\/u-intosai.org\\\/es\\\/\",\"logo\":{\"@type\":\"ImageObject\",\"inLanguage\":\"es\",\"@id\":\"https:\\\/\\\/u-intosai.org\\\/es\\\/#\\\/schema\\\/logo\\\/image\\\/\",\"url\":\"https:\\\/\\\/u-intosai.org\\\/wp-content\\\/uploads\\\/2021\\\/08\\\/miniu-intosai-logo.png\",\"contentUrl\":\"https:\\\/\\\/u-intosai.org\\\/wp-content\\\/uploads\\\/2021\\\/08\\\/miniu-intosai-logo.png\",\"width\":1000,\"height\":479,\"caption\":\"U-INTOSAI \u2014 University of INTOSAI\"},\"image\":{\"@id\":\"https:\\\/\\\/u-intosai.org\\\/es\\\/#\\\/schema\\\/logo\\\/image\\\/\"},\"sameAs\":[\"https:\\\/\\\/x.com\\\/Incosai2019\",\"https:\\\/\\\/www.youtube.com\\\/channel\\\/UCjD--8sXtgxoPrxRQ_rz5GQ\"]}]}<\/script>\n<!-- \/ Yoast SEO plugin. -->","yoast_head_json":{"title":"Pol\u00edtica de cookies | U-INTOSAI","description":"Pol\u00edtica de cookies","robots":{"index":"index","follow":"follow","max-snippet":"max-snippet:-1","max-image-preview":"max-image-preview:large","max-video-preview":"max-video-preview:-1"},"canonical":"https:\/\/u-intosai.org\/es\/politica-de-cookies\/","og_locale":"es_ES","og_type":"article","og_title":"Pol\u00edtica de cookies | U-INTOSAI","og_description":"Pol\u00edtica de cookies","og_url":"https:\/\/u-intosai.org\/es\/politica-de-cookies\/","og_site_name":"U-INTOSAI","article_modified_time":"2021-07-21T16:40:19+00:00","og_image":[{"width":1920,"height":1080,"url":"https:\/\/u-intosai.org\/wp-content\/uploads\/2022\/01\/video-poster-11920x1080-1.jpg","type":"image\/jpeg"}],"twitter_card":"summary_large_image","twitter_site":"@Incosai2019","twitter_misc":{"Tiempo de lectura":"4 minutos"},"schema":{"@context":"https:\/\/schema.org","@graph":[{"@type":"WebPage","@id":"https:\/\/u-intosai.org\/es\/politica-de-cookies\/","url":"https:\/\/u-intosai.org\/es\/politica-de-cookies\/","name":"Pol\u00edtica de cookies | U-INTOSAI","isPartOf":{"@id":"https:\/\/u-intosai.org\/es\/#website"},"datePublished":"2021-06-30T13:07:53+00:00","dateModified":"2021-07-21T16:40:19+00:00","description":"Pol\u00edtica de cookies","breadcrumb":{"@id":"https:\/\/u-intosai.org\/es\/politica-de-cookies\/#breadcrumb"},"inLanguage":"es","potentialAction":[{"@type":"ReadAction","target":["https:\/\/u-intosai.org\/es\/politica-de-cookies\/"]}]},{"@type":"BreadcrumbList","@id":"https:\/\/u-intosai.org\/es\/politica-de-cookies\/#breadcrumb","itemListElement":[{"@type":"ListItem","position":1,"name":"U-INTOSAI","item":"https:\/\/u-intosai.org\/es\/"},{"@type":"ListItem","position":2,"name":"Pol\u00edtica de cookies"}]},{"@type":"WebSite","@id":"https:\/\/u-intosai.org\/es\/#website","url":"https:\/\/u-intosai.org\/es\/","name":"U-INTOSAI","description":"U-INTOSAI is an open online educational platform for all INTOSAI members created as a unique space for exchanging experience and advanced knowledge.","publisher":{"@id":"https:\/\/u-intosai.org\/es\/#organization"},"potentialAction":[{"@type":"SearchAction","target":{"@type":"EntryPoint","urlTemplate":"https:\/\/u-intosai.org\/es\/?s={search_term_string}"},"query-input":{"@type":"PropertyValueSpecification","valueRequired":true,"valueName":"search_term_string"}}],"inLanguage":"es"},{"@type":"Organization","@id":"https:\/\/u-intosai.org\/es\/#organization","name":"U-INTOSAI \u2014 University of INTOSAI","url":"https:\/\/u-intosai.org\/es\/","logo":{"@type":"ImageObject","inLanguage":"es","@id":"https:\/\/u-intosai.org\/es\/#\/schema\/logo\/image\/","url":"https:\/\/u-intosai.org\/wp-content\/uploads\/2021\/08\/miniu-intosai-logo.png","contentUrl":"https:\/\/u-intosai.org\/wp-content\/uploads\/2021\/08\/miniu-intosai-logo.png","width":1000,"height":479,"caption":"U-INTOSAI \u2014 University of INTOSAI"},"image":{"@id":"https:\/\/u-intosai.org\/es\/#\/schema\/logo\/image\/"},"sameAs":["https:\/\/x.com\/Incosai2019","https:\/\/www.youtube.com\/channel\/UCjD--8sXtgxoPrxRQ_rz5GQ"]}]}},"_links":{"self":[{"href":"https:\/\/u-intosai.org\/es\/wp-json\/wp\/v2\/pages\/6849","targetHints":{"allow":["GET"]}}],"collection":[{"href":"https:\/\/u-intosai.org\/es\/wp-json\/wp\/v2\/pages"}],"about":[{"href":"https:\/\/u-intosai.org\/es\/wp-json\/wp\/v2\/types\/page"}],"author":[{"embeddable":true,"href":"https:\/\/u-intosai.org\/es\/wp-json\/wp\/v2\/users\/1"}],"replies":[{"embeddable":true,"href":"https:\/\/u-intosai.org\/es\/wp-json\/wp\/v2\/comments?post=6849"}],"version-history":[{"count":3,"href":"https:\/\/u-intosai.org\/es\/wp-json\/wp\/v2\/pages\/6849\/revisions"}],"predecessor-version":[{"id":7341,"href":"https:\/\/u-intosai.org\/es\/wp-json\/wp\/v2\/pages\/6849\/revisions\/7341"}],"wp:attachment":[{"href":"https:\/\/u-intosai.org\/es\/wp-json\/wp\/v2\/media?parent=6849"}],"curies":[{"name":"wp","href":"https:\/\/api.w.org\/{rel}","templated":true}]}}