{"id":6851,"date":"2021-06-30T13:10:09","date_gmt":"2021-06-30T13:10:09","guid":{"rendered":"https:\/\/u-intosai.org\/terms-of-use-espanol\/"},"modified":"2021-08-17T12:16:38","modified_gmt":"2021-08-17T12:16:38","slug":"terms-of-use-espanol","status":"publish","type":"page","link":"https:\/\/u-intosai.org\/es\/terms-of-use-espanol\/","title":{"rendered":"T\u00e9rminos de uso"},"content":{"rendered":"<h2 style=\"text-align: justify;\">T\u00e9rminos y condiciones de uso de U-INTOSAI<\/h2>\n<p style=\"text-align: justify;\">Cualquier uso total o parcial de los materiales publicados en la plataforma educativa en l\u00ednea de la Universidad INTOSAI (U-INTOSAI), incluidos los materiales escritos, fotogr\u00e1ficos y de v\u00eddeo propiedad de U-INTOSAI representada por la C\u00e1mara de Cuentas de la Federaci\u00f3n de Rusia (designada como \u00a9 U-INTOSAI), requiere permiso y\/o enlace al sitio web indexado por motores de b\u00fasqueda en l\u00ednea. El uso de los materiales requiere tambi\u00e9n una clara indicaci\u00f3n de su autor\u00eda. Se proh\u00edben los intentos no autorizados de modificar el material publicado en la plataforma U-INTOSAI.<\/p>\n<p style=\"text-align: justify;\">U-INTOSAI se reserva el derecho de cambiar estos t\u00e9rminos y condiciones en cualquier momento sin previo aviso. La nueva versi\u00f3n de los t\u00e9rminos y condiciones entra en vigor a partir del momento de su publicaci\u00f3n <a href=\"https:\/\/u-intosai.org\/es\/\">en el enlace<\/a><\/p>\n","protected":false},"excerpt":{"rendered":"<p>T\u00e9rminos y condiciones de uso de U-INTOSAI Cualquier uso total o parcial de los materiales publicados en la plataforma educativa en l\u00ednea de la Universidad INTOSAI (U-INTOSAI), incluidos los materiales escritos, fotogr\u00e1ficos y de v\u00eddeo propiedad de U-INTOSAI representada por la C\u00e1mara de Cuentas de la Federaci\u00f3n de Rusia (designada como \u00a9 U-INTOSAI), requiere permiso [&hellip;]<\/p>\n","protected":false},"author":1,"featured_media":0,"parent":0,"menu_order":0,"comment_status":"closed","ping_status":"closed","template":"","meta":{"_acf_changed":false,"pmpro_default_level":"","footnotes":""},"class_list":["post-6851","page","type-page","status-publish","hentry","pmpro-has-access"],"acf":[],"yoast_head":"<!-- This site is optimized with the Yoast SEO plugin v27.4 - https:\/\/yoast.com\/product\/yoast-seo-wordpress\/ -->\n<title>T\u00e9rminos de uso | U-INTOSAI<\/title>\n<meta name=\"description\" content=\"T\u00e9rminos de uso\" \/>\n<meta name=\"robots\" content=\"index, follow, max-snippet:-1, max-image-preview:large, max-video-preview:-1\" \/>\n<link rel=\"canonical\" href=\"https:\/\/u-intosai.org\/es\/terms-of-use-espanol\/\" \/>\n<meta property=\"og:locale\" content=\"es_ES\" \/>\n<meta property=\"og:type\" content=\"article\" \/>\n<meta property=\"og:title\" content=\"T\u00e9rminos de uso | U-INTOSAI\" \/>\n<meta property=\"og:description\" content=\"T\u00e9rminos de uso\" \/>\n<meta property=\"og:url\" content=\"https:\/\/u-intosai.org\/es\/terms-of-use-espanol\/\" \/>\n<meta property=\"og:site_name\" content=\"U-INTOSAI\" \/>\n<meta property=\"article:modified_time\" content=\"2021-08-17T12:16:38+00:00\" \/>\n<meta property=\"og:image\" content=\"https:\/\/u-intosai.org\/wp-content\/uploads\/2022\/01\/video-poster-11920x1080-1.jpg\" \/>\n\t<meta property=\"og:image:width\" content=\"1920\" \/>\n\t<meta property=\"og:image:height\" content=\"1080\" \/>\n\t<meta property=\"og:image:type\" content=\"image\/jpeg\" \/>\n<meta name=\"twitter:card\" content=\"summary_large_image\" \/>\n<meta name=\"twitter:site\" content=\"@Incosai2019\" \/>\n<meta name=\"twitter:label1\" content=\"Tiempo de lectura\" \/>\n\t<meta name=\"twitter:data1\" content=\"1 minuto\" \/>\n<script type=\"application\/ld+json\" class=\"yoast-schema-graph\">{\"@context\":\"https:\\\/\\\/schema.org\",\"@graph\":[{\"@type\":\"WebPage\",\"@id\":\"https:\\\/\\\/u-intosai.org\\\/es\\\/terms-of-use-espanol\\\/\",\"url\":\"https:\\\/\\\/u-intosai.org\\\/es\\\/terms-of-use-espanol\\\/\",\"name\":\"T\u00e9rminos de uso | U-INTOSAI\",\"isPartOf\":{\"@id\":\"https:\\\/\\\/u-intosai.org\\\/es\\\/#website\"},\"datePublished\":\"2021-06-30T13:10:09+00:00\",\"dateModified\":\"2021-08-17T12:16:38+00:00\",\"description\":\"T\u00e9rminos de uso\",\"breadcrumb\":{\"@id\":\"https:\\\/\\\/u-intosai.org\\\/es\\\/terms-of-use-espanol\\\/#breadcrumb\"},\"inLanguage\":\"es\",\"potentialAction\":[{\"@type\":\"ReadAction\",\"target\":[\"https:\\\/\\\/u-intosai.org\\\/es\\\/terms-of-use-espanol\\\/\"]}]},{\"@type\":\"BreadcrumbList\",\"@id\":\"https:\\\/\\\/u-intosai.org\\\/es\\\/terms-of-use-espanol\\\/#breadcrumb\",\"itemListElement\":[{\"@type\":\"ListItem\",\"position\":1,\"name\":\"U-INTOSAI\",\"item\":\"https:\\\/\\\/u-intosai.org\\\/es\\\/\"},{\"@type\":\"ListItem\",\"position\":2,\"name\":\"T\u00e9rminos de uso\"}]},{\"@type\":\"WebSite\",\"@id\":\"https:\\\/\\\/u-intosai.org\\\/es\\\/#website\",\"url\":\"https:\\\/\\\/u-intosai.org\\\/es\\\/\",\"name\":\"U-INTOSAI\",\"description\":\"U-INTOSAI is an open online educational platform for all INTOSAI members created as a unique space for exchanging experience and advanced knowledge.\",\"publisher\":{\"@id\":\"https:\\\/\\\/u-intosai.org\\\/es\\\/#organization\"},\"potentialAction\":[{\"@type\":\"SearchAction\",\"target\":{\"@type\":\"EntryPoint\",\"urlTemplate\":\"https:\\\/\\\/u-intosai.org\\\/es\\\/?s={search_term_string}\"},\"query-input\":{\"@type\":\"PropertyValueSpecification\",\"valueRequired\":true,\"valueName\":\"search_term_string\"}}],\"inLanguage\":\"es\"},{\"@type\":\"Organization\",\"@id\":\"https:\\\/\\\/u-intosai.org\\\/es\\\/#organization\",\"name\":\"U-INTOSAI \u2014 University of INTOSAI\",\"url\":\"https:\\\/\\\/u-intosai.org\\\/es\\\/\",\"logo\":{\"@type\":\"ImageObject\",\"inLanguage\":\"es\",\"@id\":\"https:\\\/\\\/u-intosai.org\\\/es\\\/#\\\/schema\\\/logo\\\/image\\\/\",\"url\":\"https:\\\/\\\/u-intosai.org\\\/wp-content\\\/uploads\\\/2021\\\/08\\\/miniu-intosai-logo.png\",\"contentUrl\":\"https:\\\/\\\/u-intosai.org\\\/wp-content\\\/uploads\\\/2021\\\/08\\\/miniu-intosai-logo.png\",\"width\":1000,\"height\":479,\"caption\":\"U-INTOSAI \u2014 University of INTOSAI\"},\"image\":{\"@id\":\"https:\\\/\\\/u-intosai.org\\\/es\\\/#\\\/schema\\\/logo\\\/image\\\/\"},\"sameAs\":[\"https:\\\/\\\/x.com\\\/Incosai2019\",\"https:\\\/\\\/www.youtube.com\\\/channel\\\/UCjD--8sXtgxoPrxRQ_rz5GQ\"]}]}<\/script>\n<!-- \/ Yoast SEO plugin. -->","yoast_head_json":{"title":"T\u00e9rminos de uso | U-INTOSAI","description":"T\u00e9rminos de uso","robots":{"index":"index","follow":"follow","max-snippet":"max-snippet:-1","max-image-preview":"max-image-preview:large","max-video-preview":"max-video-preview:-1"},"canonical":"https:\/\/u-intosai.org\/es\/terms-of-use-espanol\/","og_locale":"es_ES","og_type":"article","og_title":"T\u00e9rminos de uso | U-INTOSAI","og_description":"T\u00e9rminos de uso","og_url":"https:\/\/u-intosai.org\/es\/terms-of-use-espanol\/","og_site_name":"U-INTOSAI","article_modified_time":"2021-08-17T12:16:38+00:00","og_image":[{"width":1920,"height":1080,"url":"https:\/\/u-intosai.org\/wp-content\/uploads\/2022\/01\/video-poster-11920x1080-1.jpg","type":"image\/jpeg"}],"twitter_card":"summary_large_image","twitter_site":"@Incosai2019","twitter_misc":{"Tiempo de lectura":"1 minuto"},"schema":{"@context":"https:\/\/schema.org","@graph":[{"@type":"WebPage","@id":"https:\/\/u-intosai.org\/es\/terms-of-use-espanol\/","url":"https:\/\/u-intosai.org\/es\/terms-of-use-espanol\/","name":"T\u00e9rminos de uso | U-INTOSAI","isPartOf":{"@id":"https:\/\/u-intosai.org\/es\/#website"},"datePublished":"2021-06-30T13:10:09+00:00","dateModified":"2021-08-17T12:16:38+00:00","description":"T\u00e9rminos de uso","breadcrumb":{"@id":"https:\/\/u-intosai.org\/es\/terms-of-use-espanol\/#breadcrumb"},"inLanguage":"es","potentialAction":[{"@type":"ReadAction","target":["https:\/\/u-intosai.org\/es\/terms-of-use-espanol\/"]}]},{"@type":"BreadcrumbList","@id":"https:\/\/u-intosai.org\/es\/terms-of-use-espanol\/#breadcrumb","itemListElement":[{"@type":"ListItem","position":1,"name":"U-INTOSAI","item":"https:\/\/u-intosai.org\/es\/"},{"@type":"ListItem","position":2,"name":"T\u00e9rminos de uso"}]},{"@type":"WebSite","@id":"https:\/\/u-intosai.org\/es\/#website","url":"https:\/\/u-intosai.org\/es\/","name":"U-INTOSAI","description":"U-INTOSAI is an open online educational platform for all INTOSAI members created as a unique space for exchanging experience and advanced knowledge.","publisher":{"@id":"https:\/\/u-intosai.org\/es\/#organization"},"potentialAction":[{"@type":"SearchAction","target":{"@type":"EntryPoint","urlTemplate":"https:\/\/u-intosai.org\/es\/?s={search_term_string}"},"query-input":{"@type":"PropertyValueSpecification","valueRequired":true,"valueName":"search_term_string"}}],"inLanguage":"es"},{"@type":"Organization","@id":"https:\/\/u-intosai.org\/es\/#organization","name":"U-INTOSAI \u2014 University of INTOSAI","url":"https:\/\/u-intosai.org\/es\/","logo":{"@type":"ImageObject","inLanguage":"es","@id":"https:\/\/u-intosai.org\/es\/#\/schema\/logo\/image\/","url":"https:\/\/u-intosai.org\/wp-content\/uploads\/2021\/08\/miniu-intosai-logo.png","contentUrl":"https:\/\/u-intosai.org\/wp-content\/uploads\/2021\/08\/miniu-intosai-logo.png","width":1000,"height":479,"caption":"U-INTOSAI \u2014 University of INTOSAI"},"image":{"@id":"https:\/\/u-intosai.org\/es\/#\/schema\/logo\/image\/"},"sameAs":["https:\/\/x.com\/Incosai2019","https:\/\/www.youtube.com\/channel\/UCjD--8sXtgxoPrxRQ_rz5GQ"]}]}},"_links":{"self":[{"href":"https:\/\/u-intosai.org\/es\/wp-json\/wp\/v2\/pages\/6851","targetHints":{"allow":["GET"]}}],"collection":[{"href":"https:\/\/u-intosai.org\/es\/wp-json\/wp\/v2\/pages"}],"about":[{"href":"https:\/\/u-intosai.org\/es\/wp-json\/wp\/v2\/types\/page"}],"author":[{"embeddable":true,"href":"https:\/\/u-intosai.org\/es\/wp-json\/wp\/v2\/users\/1"}],"replies":[{"embeddable":true,"href":"https:\/\/u-intosai.org\/es\/wp-json\/wp\/v2\/comments?post=6851"}],"version-history":[{"count":2,"href":"https:\/\/u-intosai.org\/es\/wp-json\/wp\/v2\/pages\/6851\/revisions"}],"predecessor-version":[{"id":8237,"href":"https:\/\/u-intosai.org\/es\/wp-json\/wp\/v2\/pages\/6851\/revisions\/8237"}],"wp:attachment":[{"href":"https:\/\/u-intosai.org\/es\/wp-json\/wp\/v2\/media?parent=6851"}],"curies":[{"name":"wp","href":"https:\/\/api.w.org\/{rel}","templated":true}]}}