{"id":6856,"date":"2021-06-30T13:29:04","date_gmt":"2021-06-30T13:29:04","guid":{"rendered":"https:\/\/u-intosai.org\/contactenos\/"},"modified":"2022-04-08T12:16:51","modified_gmt":"2022-04-08T12:16:51","slug":"contactenos","status":"publish","type":"page","link":"https:\/\/u-intosai.org\/es\/contactenos\/","title":{"rendered":"Cont\u00e1ctenos"},"content":{"rendered":"<div class=\"wpb-content-wrapper\"><p>[vc_row css=\u00bb.vc_custom_1435659486461{margin-bottom: 0px !important;}\u00bb][vc_column width=\u00bb1\/2&#8243; el_class=\u00bbstm_icon_box_responsive\u00bb][vc_custom_heading text=\u00bbCont\u00e1ctenos\u00bb font_container=\u00bbtag:h3|text_align:left\u00bb use_theme_fonts=\u00bbyes\u00bb css=\u00bb.vc_custom_1613665902239{margin-top: -20px !important;margin-bottom: 35px !important;}\u00bb][vc_column_text]<strong>Universidad para la Comunidad de la INTOSAI<\/strong><br \/>\nC\u00e1mara de Cuentas de la Federaci\u00f3n de Rusia<br \/>\nDepartamento de Cooperaci\u00f3n Internacional y Regional[\/vc_column_text][stm_icon_box title_holder=\u00bbh5&#8243; hover_pos=\u00bbnone\u00bb icon=\u00bbfa-icon-stm_icon_pin-o\u00bb icon_size=\u00bb35&#8243; icon_align=\u00bbleft\u00bb icon_width=\u00bb35&#8243; icon_color=\u00bb#960755&#8243; title=\u00bbDirecci\u00f3n Postal o Direcci\u00f3n:\u00bb box_bg_color=\u00bb#ffffff\u00bb box_text_color=\u00bb#555555&#8243; css=\u00bb.vc_custom_1626885656085{margin-top: 0px !important;border-top-width: 1px !important;border-bottom-width: 1px !important;padding-top: 30px !important;padding-right: 0px !important;padding-bottom: 14px !important;padding-left: 0px !important;border-top-color: #e1e2e4 !important;border-top-style: solid !important;border-bottom-color: #e1e2e4 !important;border-bottom-style: solid !important;}\u00bb css_icon=\u00bb.vc_custom_1626885656084{padding-left: 7px !important;}\u00bb]119121, Russia, Moscow, Zubovskaya street, 2[\/stm_icon_box][vc_row_inner css=\u00bb.vc_custom_1435139343164{margin-bottom: 0px !important;}\u00bb][vc_column_inner el_class=\u00bbstm_sm_gutter_back stm_bottom_border\u00bb css=\u00bb.vc_custom_1436791452718{padding-right: 0px !important;}\u00bb offset=\u00bbvc_col-lg-6 vc_col-md-6&#8243;][stm_icon_box title_holder=\u00bbh5&#8243; hover_pos=\u00bbnone\u00bb link_color_style=\u00bbdark\u00bb icon=\u00bbfa-icon-stm_icon_mail-o\u00bb icon_size=\u00bb22&#8243; icon_align=\u00bbleft\u00bb icon_width=\u00bb35&#8243; icon_color=\u00bb#960755&#8243; title=\u00bbCorreo electr\u00f3nico:\u00bb box_bg_color=\u00bb#ffffff\u00bb box_text_color=\u00bb#555555&#8243; css=\u00bb.vc_custom_1613665738267{margin-top: 27px !important;padding-top: 0px !important;padding-right: 15px !important;padding-bottom: 14px !important;padding-left: 0px !important;}\u00bb css_icon=\u00bb.vc_custom_1613665738266{padding-top: 10px !important;padding-left: 3px !important;}\u00bb]u_intosai@ach.gov.ru[\/stm_icon_box][\/vc_column_inner][vc_column_inner el_class=\u00bbstm_sm_gutter_back\u00bb css=\u00bb.vc_custom_1436791272952{padding-left: 0px !important;}\u00bb offset=\u00bbvc_col-lg-6 vc_col-md-6&#8243;][stm_icon_box title_holder=\u00bbh5&#8243; hover_pos=\u00bbnone\u00bb link_color_style=\u00bbdark\u00bb icon=\u00bbfa-icon-stm_icon_earth\u00bb icon_size=\u00bb33&#8243; icon_align=\u00bbleft\u00bb icon_width=\u00bb61&#8243; icon_color=\u00bb#960755&#8243; title=\u00bbSitio web:\u00bb box_bg_color=\u00bb#ffffff\u00bb box_text_color=\u00bb#555555&#8243; css=\u00bb.vc_custom_1613665745004{margin-top: 27px !important;padding-top: 0px !important;padding-right: 0px !important;padding-bottom: 14px !important;padding-left: 0px !important;}\u00bb css_icon=\u00bb.vc_custom_1613665745003{padding-top: 3px !important;padding-left: 26px !important;}\u00bb]<a href=\"https:\/\/u-intosai.org\/es\/\">https:\/\/u-intosai.org\/<\/a>[\/stm_icon_box][\/vc_column_inner][\/vc_row_inner][stm_multy_separator css=\u00bb.vc_custom_1435665826984{margin-top: 39px !important;margin-bottom: 0px !important;}\u00bb][vc_empty_space][vc_custom_heading text=\u00bbRetroalimentaci\u00f3n\u00bb font_container=\u00bbtag:h3|text_align:left\u00bb use_theme_fonts=\u00bbyes\u00bb css=\u00bb.vc_custom_1613668376285{margin-bottom: 37px !important;}\u00bb]\n<div class=\"wpcf7 no-js\" id=\"wpcf7-f6980-o1\" lang=\"en-US\" dir=\"ltr\" data-wpcf7-id=\"6980\">\n<div class=\"screen-reader-response\"><p role=\"status\" aria-live=\"polite\" aria-atomic=\"true\"><\/p> <ul><\/ul><\/div>\n<form action=\"\/es\/wp-json\/wp\/v2\/pages\/6856#wpcf7-f6980-o1\" method=\"post\" class=\"wpcf7-form init\" aria-label=\"Contact form\" novalidate=\"novalidate\" data-status=\"init\">\n<fieldset class=\"hidden-fields-container\"><input type=\"hidden\" name=\"_wpcf7\" value=\"6980\" \/><input type=\"hidden\" name=\"_wpcf7_version\" value=\"6.1.5\" \/><input type=\"hidden\" name=\"_wpcf7_locale\" value=\"en_US\" \/><input type=\"hidden\" name=\"_wpcf7_unit_tag\" value=\"wpcf7-f6980-o1\" \/><input type=\"hidden\" name=\"_wpcf7_container_post\" value=\"0\" \/><input type=\"hidden\" name=\"_wpcf7_posted_data_hash\" value=\"\" \/>\n<\/fieldset>\n<div class=\"row\">\n\t<div class=\"col-xs-12 col-sm-6 col-md-6 col-lg-6\">\n\t\t<div class=\"form-group\">\n\t\t\t<p><span class=\"wpcf7-form-control-wrap\" data-name=\"name\"><input size=\"40\" maxlength=\"400\" class=\"wpcf7-form-control wpcf7-text wpcf7-validates-as-required form-control\" aria-required=\"true\" aria-invalid=\"false\" placeholder=\"Su nombre\" value=\"\" type=\"text\" name=\"name\" \/><\/span>\n\t\t\t<\/p>\n\t\t<\/div>\n\t<\/div>\n\t<div class=\"col-xs-12 col-sm-6 col-md-6 col-lg-6\">\n\t\t<div class=\"form-group\">\n\t\t\t<p><span class=\"wpcf7-form-control-wrap\" data-name=\"email\"><input size=\"40\" maxlength=\"400\" class=\"wpcf7-form-control wpcf7-email wpcf7-validates-as-required wpcf7-text wpcf7-validates-as-email form-control\" aria-required=\"true\" aria-invalid=\"false\" placeholder=\"Su correo electr\u00f3nico\" value=\"\" type=\"email\" name=\"email\" \/><\/span>\n\t\t\t<\/p>\n\t\t<\/div>\n\t<\/div>\n<\/div>\n<div class=\"row\">\n\t<div class=\"col-xs-12 col-sm-12 col-md-12 col-lg-12\">\n\t\t<div class=\"form-group\">\n\t\t\t<p><span class=\"wpcf7-form-control-wrap\" data-name=\"message\"><textarea cols=\"40\" rows=\"9\" maxlength=\"2000\" class=\"wpcf7-form-control wpcf7-textarea wpcf7-validates-as-required form-control\" aria-required=\"true\" aria-invalid=\"false\" name=\"message\"><\/textarea><\/span>\n\t\t\t<\/p>\n\t\t<\/div>\n\t<\/div>\n<\/div>\n<div class=\"row\">\n\t<div class=\"col-xs-12 col-sm-12 col-md-12 col-lg-12\">\n\t\t<p><input class=\"wpcf7-form-control wpcf7-submit has-spinner btn btn-default\" type=\"submit\" value=\"Enviar\" \/>\n\t\t<\/p>\n\t<\/div>\n<\/div><input type=\"hidden\" id=\"ct_checkjs_cf7_97e8527feaf77a97fc38f34216141515\" name=\"ct_checkjs_cf7\" value=\"0\" \/><script >setTimeout(function(){var ct_input_name = \"ct_checkjs_cf7_97e8527feaf77a97fc38f34216141515\";if (document.getElementById(ct_input_name) !== null) {var ct_input_value = document.getElementById(ct_input_name).value;document.getElementById(ct_input_name).value = document.getElementById(ct_input_name).value.replace(ct_input_value, '812037813');}}, 1000);<\/script><input\n                    class=\"apbct_special_field apbct_email_id__wp_contact_form_7\"\n                    name=\"apbct__email_id__wp_contact_form_7\"\n                    aria-label=\"apbct__label_id__wp_contact_form_7\"\n                    type=\"text\" size=\"30\" maxlength=\"200\" autocomplete=\"off\"\n                    value=\"\"\n                \/><div class=\"wpcf7-response-output\" aria-hidden=\"true\"><\/div>\n<\/form>\n<\/div>\n[vc_empty_space][\/vc_column][vc_column width=\u00bb1\/2&#8243;][vc_empty_space height=\u00bb\u00bb mobile_height=\u00bb30&#8243;][vc_custom_heading text=\u00bbUbicaci\u00f3n\u00bb font_container=\u00bbtag:h3|text_align:left\u00bb use_theme_fonts=\u00bbyes\u00bb css=\u00bb.vc_custom_1613665908134{margin-top: -20px !important;margin-bottom: 35px !important;}\u00bb][vc_gmaps link=\u00bb#E-8_JTNDaWZyYW1lJTIwc3JjJTNEJTIyaHR0cHMlM0ElMkYlMkZ3d3cuZ29vZ2xlLmNvbSUyRm1hcHMlMkZlbWJlZCUzRnBiJTNEJTIxMW0xOCUyMTFtMTIlMjExbTMlMjExZDIxNDcuMjE5ODAwMTY3MTQ0NSUyMTJkMzcuNTg0MTcxOTM5NjIyOTglMjEzZDU1LjczODEwMDYwMzc2OTY0JTIxMm0zJTIxMWYwJTIxMmYwJTIxM2YwJTIxM20yJTIxMWkxMDI0JTIxMmk3NjglMjE0ZjEzLjElMjEzbTMlMjExbTIlMjExczB4NDZiNTRiYTUyNjM3NGFjYiUyNTNBMHgxMjZhMzQ0OWUwOGQ5YzIlMjEyc1NjaGV0bmF5YSUyNTIwUGFsYXRhJTI1MjBSZiUyMTVlMCUyMTNtMiUyMTFzZXMtNDE5JTIxMnNydSUyMTR2MTYyNTE1ODgzOTIyMCUyMTVtMiUyMTFzZXMtNDE5JTIxMnNydSUyMiUyMHdpZHRoJTNEJTIyMTAwJTI1JTIyJTIwaGVpZ2h0JTNEJTIyNDUwJTIyJTIwc3R5bGUlM0QlMjJib3JkZXIlM0EwJTNCJTIyJTIwYWxsb3dmdWxsc2NyZWVuJTNEJTIyJTIyJTIwbG9hZGluZyUzRCUyMmxhenklMjIlM0UlM0MlMkZpZnJhbWUlM0U=\u00bb size=\u00bb830&#8243;][\/vc_column][\/vc_row]<\/p>\n<\/div>","protected":false},"excerpt":{"rendered":"<p>[vc_row css=\u00bb.vc_custom_1435659486461{margin-bottom: 0px !important;}\u00bb][vc_column width=\u00bb1\/2&#8243; el_class=\u00bbstm_icon_box_responsive\u00bb][vc_custom_heading text=\u00bbCont\u00e1ctenos\u00bb font_container=\u00bbtag:h3|text_align:left\u00bb use_theme_fonts=\u00bbyes\u00bb css=\u00bb.vc_custom_1613665902239{margin-top: -20px !important;margin-bottom: 35px !important;}\u00bb][vc_column_text]Universidad para la Comunidad de la INTOSAI C\u00e1mara de Cuentas de la Federaci\u00f3n de Rusia Departamento de Cooperaci\u00f3n Internacional y Regional[\/vc_column_text][stm_icon_box title_holder=\u00bbh5&#8243; hover_pos=\u00bbnone\u00bb icon=\u00bbfa-icon-stm_icon_pin-o\u00bb icon_size=\u00bb35&#8243; icon_align=\u00bbleft\u00bb icon_width=\u00bb35&#8243; icon_color=\u00bb#960755&#8243; title=\u00bbDirecci\u00f3n Postal o Direcci\u00f3n:\u00bb box_bg_color=\u00bb#ffffff\u00bb box_text_color=\u00bb#555555&#8243; css=\u00bb.vc_custom_1626885656085{margin-top: 0px !important;border-top-width: 1px !important;border-bottom-width: 1px !important;padding-top: 30px [&hellip;]<\/p>\n","protected":false},"author":1,"featured_media":0,"parent":0,"menu_order":0,"comment_status":"closed","ping_status":"closed","template":"","meta":{"_acf_changed":false,"pmpro_default_level":"","footnotes":""},"class_list":["post-6856","page","type-page","status-publish","hentry","pmpro-has-access"],"acf":[],"yoast_head":"<!-- This site is optimized with the Yoast SEO plugin v27.3 - https:\/\/yoast.com\/product\/yoast-seo-wordpress\/ -->\n<title>Cont\u00e1ctenos | U-INTOSAI<\/title>\n<meta name=\"description\" content=\"Cont\u00e1ctenos\" \/>\n<meta name=\"robots\" content=\"index, follow, max-snippet:-1, max-image-preview:large, max-video-preview:-1\" \/>\n<link rel=\"canonical\" href=\"https:\/\/u-intosai.org\/es\/contactenos\/\" \/>\n<meta property=\"og:locale\" content=\"es_ES\" \/>\n<meta property=\"og:type\" content=\"article\" \/>\n<meta property=\"og:title\" content=\"Cont\u00e1ctenos | U-INTOSAI\" \/>\n<meta property=\"og:description\" content=\"Cont\u00e1ctenos\" \/>\n<meta property=\"og:url\" content=\"https:\/\/u-intosai.org\/es\/contactenos\/\" \/>\n<meta property=\"og:site_name\" content=\"U-INTOSAI\" \/>\n<meta property=\"article:modified_time\" content=\"2022-04-08T12:16:51+00:00\" \/>\n<meta property=\"og:image\" content=\"https:\/\/u-intosai.org\/wp-content\/uploads\/2022\/01\/video-poster-11920x1080-1.jpg\" \/>\n\t<meta property=\"og:image:width\" content=\"1920\" \/>\n\t<meta property=\"og:image:height\" content=\"1080\" \/>\n\t<meta property=\"og:image:type\" content=\"image\/jpeg\" \/>\n<meta name=\"twitter:card\" content=\"summary_large_image\" \/>\n<meta name=\"twitter:site\" content=\"@Incosai2019\" \/>\n<meta name=\"twitter:label1\" content=\"Tiempo de lectura\" \/>\n\t<meta name=\"twitter:data1\" content=\"1 minuto\" \/>\n<script type=\"application\/ld+json\" class=\"yoast-schema-graph\">{\"@context\":\"https:\\\/\\\/schema.org\",\"@graph\":[{\"@type\":\"WebPage\",\"@id\":\"https:\\\/\\\/u-intosai.org\\\/es\\\/contactenos\\\/\",\"url\":\"https:\\\/\\\/u-intosai.org\\\/es\\\/contactenos\\\/\",\"name\":\"Cont\u00e1ctenos | U-INTOSAI\",\"isPartOf\":{\"@id\":\"https:\\\/\\\/u-intosai.org\\\/es\\\/#website\"},\"datePublished\":\"2021-06-30T13:29:04+00:00\",\"dateModified\":\"2022-04-08T12:16:51+00:00\",\"description\":\"Cont\u00e1ctenos\",\"breadcrumb\":{\"@id\":\"https:\\\/\\\/u-intosai.org\\\/es\\\/contactenos\\\/#breadcrumb\"},\"inLanguage\":\"es\",\"potentialAction\":[{\"@type\":\"ReadAction\",\"target\":[\"https:\\\/\\\/u-intosai.org\\\/es\\\/contactenos\\\/\"]}]},{\"@type\":\"BreadcrumbList\",\"@id\":\"https:\\\/\\\/u-intosai.org\\\/es\\\/contactenos\\\/#breadcrumb\",\"itemListElement\":[{\"@type\":\"ListItem\",\"position\":1,\"name\":\"U-INTOSAI\",\"item\":\"https:\\\/\\\/u-intosai.org\\\/es\\\/\"},{\"@type\":\"ListItem\",\"position\":2,\"name\":\"Cont\u00e1ctenos\"}]},{\"@type\":\"WebSite\",\"@id\":\"https:\\\/\\\/u-intosai.org\\\/es\\\/#website\",\"url\":\"https:\\\/\\\/u-intosai.org\\\/es\\\/\",\"name\":\"U-INTOSAI\",\"description\":\"U-INTOSAI is an open online educational platform for all INTOSAI members created as a unique space for exchanging experience and advanced knowledge.\",\"publisher\":{\"@id\":\"https:\\\/\\\/u-intosai.org\\\/es\\\/#organization\"},\"potentialAction\":[{\"@type\":\"SearchAction\",\"target\":{\"@type\":\"EntryPoint\",\"urlTemplate\":\"https:\\\/\\\/u-intosai.org\\\/es\\\/?s={search_term_string}\"},\"query-input\":{\"@type\":\"PropertyValueSpecification\",\"valueRequired\":true,\"valueName\":\"search_term_string\"}}],\"inLanguage\":\"es\"},{\"@type\":\"Organization\",\"@id\":\"https:\\\/\\\/u-intosai.org\\\/es\\\/#organization\",\"name\":\"U-INTOSAI \u2014 University of INTOSAI\",\"url\":\"https:\\\/\\\/u-intosai.org\\\/es\\\/\",\"logo\":{\"@type\":\"ImageObject\",\"inLanguage\":\"es\",\"@id\":\"https:\\\/\\\/u-intosai.org\\\/es\\\/#\\\/schema\\\/logo\\\/image\\\/\",\"url\":\"https:\\\/\\\/u-intosai.org\\\/wp-content\\\/uploads\\\/2021\\\/08\\\/miniu-intosai-logo.png\",\"contentUrl\":\"https:\\\/\\\/u-intosai.org\\\/wp-content\\\/uploads\\\/2021\\\/08\\\/miniu-intosai-logo.png\",\"width\":1000,\"height\":479,\"caption\":\"U-INTOSAI \u2014 University of INTOSAI\"},\"image\":{\"@id\":\"https:\\\/\\\/u-intosai.org\\\/es\\\/#\\\/schema\\\/logo\\\/image\\\/\"},\"sameAs\":[\"https:\\\/\\\/x.com\\\/Incosai2019\",\"https:\\\/\\\/www.youtube.com\\\/channel\\\/UCjD--8sXtgxoPrxRQ_rz5GQ\"]}]}<\/script>\n<!-- \/ Yoast SEO plugin. -->","yoast_head_json":{"title":"Cont\u00e1ctenos | U-INTOSAI","description":"Cont\u00e1ctenos","robots":{"index":"index","follow":"follow","max-snippet":"max-snippet:-1","max-image-preview":"max-image-preview:large","max-video-preview":"max-video-preview:-1"},"canonical":"https:\/\/u-intosai.org\/es\/contactenos\/","og_locale":"es_ES","og_type":"article","og_title":"Cont\u00e1ctenos | U-INTOSAI","og_description":"Cont\u00e1ctenos","og_url":"https:\/\/u-intosai.org\/es\/contactenos\/","og_site_name":"U-INTOSAI","article_modified_time":"2022-04-08T12:16:51+00:00","og_image":[{"width":1920,"height":1080,"url":"https:\/\/u-intosai.org\/wp-content\/uploads\/2022\/01\/video-poster-11920x1080-1.jpg","type":"image\/jpeg"}],"twitter_card":"summary_large_image","twitter_site":"@Incosai2019","twitter_misc":{"Tiempo de lectura":"1 minuto"},"schema":{"@context":"https:\/\/schema.org","@graph":[{"@type":"WebPage","@id":"https:\/\/u-intosai.org\/es\/contactenos\/","url":"https:\/\/u-intosai.org\/es\/contactenos\/","name":"Cont\u00e1ctenos | U-INTOSAI","isPartOf":{"@id":"https:\/\/u-intosai.org\/es\/#website"},"datePublished":"2021-06-30T13:29:04+00:00","dateModified":"2022-04-08T12:16:51+00:00","description":"Cont\u00e1ctenos","breadcrumb":{"@id":"https:\/\/u-intosai.org\/es\/contactenos\/#breadcrumb"},"inLanguage":"es","potentialAction":[{"@type":"ReadAction","target":["https:\/\/u-intosai.org\/es\/contactenos\/"]}]},{"@type":"BreadcrumbList","@id":"https:\/\/u-intosai.org\/es\/contactenos\/#breadcrumb","itemListElement":[{"@type":"ListItem","position":1,"name":"U-INTOSAI","item":"https:\/\/u-intosai.org\/es\/"},{"@type":"ListItem","position":2,"name":"Cont\u00e1ctenos"}]},{"@type":"WebSite","@id":"https:\/\/u-intosai.org\/es\/#website","url":"https:\/\/u-intosai.org\/es\/","name":"U-INTOSAI","description":"U-INTOSAI is an open online educational platform for all INTOSAI members created as a unique space for exchanging experience and advanced knowledge.","publisher":{"@id":"https:\/\/u-intosai.org\/es\/#organization"},"potentialAction":[{"@type":"SearchAction","target":{"@type":"EntryPoint","urlTemplate":"https:\/\/u-intosai.org\/es\/?s={search_term_string}"},"query-input":{"@type":"PropertyValueSpecification","valueRequired":true,"valueName":"search_term_string"}}],"inLanguage":"es"},{"@type":"Organization","@id":"https:\/\/u-intosai.org\/es\/#organization","name":"U-INTOSAI \u2014 University of INTOSAI","url":"https:\/\/u-intosai.org\/es\/","logo":{"@type":"ImageObject","inLanguage":"es","@id":"https:\/\/u-intosai.org\/es\/#\/schema\/logo\/image\/","url":"https:\/\/u-intosai.org\/wp-content\/uploads\/2021\/08\/miniu-intosai-logo.png","contentUrl":"https:\/\/u-intosai.org\/wp-content\/uploads\/2021\/08\/miniu-intosai-logo.png","width":1000,"height":479,"caption":"U-INTOSAI \u2014 University of INTOSAI"},"image":{"@id":"https:\/\/u-intosai.org\/es\/#\/schema\/logo\/image\/"},"sameAs":["https:\/\/x.com\/Incosai2019","https:\/\/www.youtube.com\/channel\/UCjD--8sXtgxoPrxRQ_rz5GQ"]}]}},"_links":{"self":[{"href":"https:\/\/u-intosai.org\/es\/wp-json\/wp\/v2\/pages\/6856","targetHints":{"allow":["GET"]}}],"collection":[{"href":"https:\/\/u-intosai.org\/es\/wp-json\/wp\/v2\/pages"}],"about":[{"href":"https:\/\/u-intosai.org\/es\/wp-json\/wp\/v2\/types\/page"}],"author":[{"embeddable":true,"href":"https:\/\/u-intosai.org\/es\/wp-json\/wp\/v2\/users\/1"}],"replies":[{"embeddable":true,"href":"https:\/\/u-intosai.org\/es\/wp-json\/wp\/v2\/comments?post=6856"}],"version-history":[{"count":9,"href":"https:\/\/u-intosai.org\/es\/wp-json\/wp\/v2\/pages\/6856\/revisions"}],"predecessor-version":[{"id":13191,"href":"https:\/\/u-intosai.org\/es\/wp-json\/wp\/v2\/pages\/6856\/revisions\/13191"}],"wp:attachment":[{"href":"https:\/\/u-intosai.org\/es\/wp-json\/wp\/v2\/media?parent=6856"}],"curies":[{"name":"wp","href":"https:\/\/api.w.org\/{rel}","templated":true}]}}