{"id":6872,"date":"2021-06-30T14:52:22","date_gmt":"2021-06-30T14:52:22","guid":{"rendered":"https:\/\/u-intosai.org\/home-spanish\/"},"modified":"2026-04-02T13:21:23","modified_gmt":"2026-04-02T10:21:23","slug":"home-spanish","status":"publish","type":"page","link":"https:\/\/u-intosai.org\/es\/","title":{"rendered":"Home (Spanish)"},"content":{"rendered":"<div class=\"wpb-content-wrapper\"><p>[vc_row css=\u00bb.vc_custom_1536745839740{margin-bottom: 0px !important;}\u00bb][vc_column css=\u00bb.vc_custom_1536745834183{margin-bottom: 0px !important;}\u00bb][rev_slider_vc alias=\u00bbmain-slider-en-11-1-1&#8243;][\/vc_column][\/vc_row][vc_row css=\u00bb.vc_custom_1536823288236{margin-bottom: 44px !important;}\u00bb][vc_column][stm_lms_courses_categories style=\u00bbstyle_4&#8243; css=\u00bb.vc_custom_1606171506667{margin-top: -147px !important;}\u00bb taxonomy=\u00bb139, 140, 141, 142, 143&#8243;][\/vc_column][\/vc_row][vc_row gap=\u00bb15&#8243; css_animation=\u00bbfadeInUp\u00bb css=\u00bb.vc_custom_1664817712168{margin-top: 15px !important;margin-right: 15px !important;margin-bottom: 15px !important;margin-left: 15px !important;}\u00bb][vc_column width=\u00bb1\/3&#8243;][vc_column_text css=\u00bb\u00bb]<\/p>\n<h2 style=\"text-align: center;\"><span style=\"font-size: 30pt;\">Cursos<\/span><\/h2>\n<h2 style=\"text-align: center;\"><span style=\"font-size: 30pt;\"><span class=\"sbs-count-cpt\">287 <\/span><\/span><\/h2>\n<p>[\/vc_column_text][\/vc_column][vc_column width=\u00bb1\/3&#8243;][vc_column_text css=\u00bb\u00bb]<\/p>\n<h2 style=\"text-align: center;\"><span style=\"font-size: 30pt;\">Ense\u00f1anza<\/span><\/h2>\n<h2 style=\"text-align: center;\"><span style=\"font-size: 30pt;\"><span class=\"sbs-count-cpt\">2,388 <\/span><\/span><\/h2>\n<p>[\/vc_column_text][\/vc_column][vc_column width=\u00bb1\/3&#8243;][vc_column_text css=\u00bb\u00bb]<\/p>\n<h2 style=\"text-align: center;\"><span style=\"font-size: 30pt;\">Autores<\/span><\/h2>\n<h2 style=\"text-align: center;\"><span style=\"font-size: 30pt;\"><div class=\"sbs-count-roles\">58 <\/div><\/span><\/h2>\n<p>[\/vc_column_text][\/vc_column][\/vc_row][vc_row][vc_column][vc_cta h2=\u00bbUniversidad digital para la Comunidad de la INTOSAI (U-INTOSAI)\u00bb txt_align=\u00bbcenter\u00bb css=\u00bb\u00bb]<\/p>\n<p>Universidad digital para la Comunidad de la INTOSAI (U-INTOSAI) es un proyecto creado a iniciativa de la C\u00e1mara de Cuentas de la Federaci\u00f3n de Rusia en su calidad de presidente de la INTOSAI con el objetivo de satisfacer la necesidad de la comunidad internacional de auditores de consolidar las actividades para fomentar las capacidades de los \u00f3rganos de la INTOSAI y de las EFS individuales. El marco conceptual para la creaci\u00f3n de la universidad fue definido inicialmente en el 23 Congreso de la INTOSAI en Mosc\u00fa en septiembre de 2019 como una de las tareas prioritarias de la presidencia de la C\u00e1mara de Cuentas de la Federaci\u00f3n de Rusia en le organizaci\u00f3n. Tras un trabajo preliminar con las partes interesadas clave en el desarrollo de las capacidades de la INTOSAI, la ejecuci\u00f3n del proyecto fue aprobada en el 74 reuni\u00f3n del Comit\u00e9 Directivo de la INTOSAI en noviembre de 2020.<\/p>\n<p>[\/vc_cta][\/vc_column][\/vc_row][vc_row][vc_column width=\u00bb1\/2&#8243;][vc_btn title=\u00bbLOS PRINCIPIOS RECTORES\u00bb style=\u00bbgradient-custom\u00bb gradient_custom_color_1=\u00bb#950555&#8243; gradient_custom_color_2=\u00bb#934985&#8243; size=\u00bblg\u00bb align=\u00bbright\u00bb i_icon_fontawesome=\u00bbfa fa-book\u00bb css=\u00bb\u00bb add_icon=\u00bbtrue\u00bb link=\u00bburl:https%3A%2F%2Fu-intosai.org%2Fdocs%2FU-INTOSAI-Guidelines.pdf|title:Cursos|target:_blank\u00bb][\/vc_column][vc_column width=\u00bb1\/2&#8243;][vc_btn title=\u00bbMANUAL DE USARIO\u00bb style=\u00bbgradient-custom\u00bb gradient_custom_color_1=\u00bb#950555&#8243; gradient_custom_color_2=\u00bb#934985&#8243; size=\u00bblg\u00bb align=\u00bbleft\u00bb i_icon_fontawesome=\u00bbfas fa-play-circle\u00bb css=\u00bb\u00bb add_icon=\u00bbtrue\u00bb link=\u00bburl:https%3A%2F%2Fu-intosai.org%2Fes%2Fcursos%2Fu-intosai-manual-de-usuario%2F|title:Cursos|target:_blank\u00bb][\/vc_column][\/vc_row][vc_row el_class=\u00bboverflowed_content\u00bb][vc_column][vc_empty_space height=\u00bb80px\u00bb tablet_height=\u00bb70&#8243; mobile_height=\u00bb50&#8243;][stm_lms_courses_grid hide_load_more=\u00bbhidden\u00bb per_row=\u00bb4&#8243; image_size=\u00bb2000&#215;1125&#8243; posts_per_page=\u00bb32&#8243; title=\u00bbCURSOS SELECCIONADOS\u00bb][vc_btn title=\u00bbVer m\u00e1s\u00bb style=\u00bbgradient-custom\u00bb gradient_custom_color_1=\u00bb#950555&#8243; gradient_custom_color_2=\u00bb#934985&#8243; size=\u00bblg\u00bb align=\u00bbcenter\u00bb i_icon_fontawesome=\u00bbfa fa-angle-double-right\u00bb add_icon=\u00bbtrue\u00bb link=\u00bburl:https%3A%2F%2Fu-intosai.org%2Fes%2Fcourses%2F|title:Cursos|target:_blank|\u00bb][\/vc_column][\/vc_row][vc_row css=\u00bb.vc_custom_1436164243861{margin-bottom: 28px !important;}\u00bb][vc_column][vc_empty_space height=\u00bb107px\u00bb tablet_height=\u00bb70&#8243; mobile_height=\u00bb50&#8243;][vc_custom_heading text=\u00bbNOTICIAS Y MATERIALES\u00bb font_container=\u00bbtag:h2|text_align:center\u00bb use_theme_fonts=\u00bbyes\u00bb css=\u00bb.vc_custom_1607631954762{margin-bottom: -13px !important;}\u00bb][vc_row_inner css=\u00bb.vc_custom_1536751636857{margin-bottom: 47px !important;}\u00bb][vc_column_inner][stm_color_separator css=\u00bb.vc_custom_1437023252855{margin-top: 7px !important;margin-bottom: 0px !important;}\u00bb][\/vc_column_inner][\/vc_row_inner][vc_row_inner][vc_column_inner][stm_post_list post_list_per_row=\u00bb3&#8243; post_list_show_date=\u00bbtrue\u00bb post_list_show_cats=\u00bbtrue\u00bb post_list_show_tags=\u00bbtrue\u00bb post_list_show_comments=\u00bbtrue\u00bb post_list_per_page=\u00bb9&#8243;][\/vc_column_inner][\/vc_row_inner][vc_btn title=\u00bbTODAS LAS NOTICIAS\u00bb style=\u00bbgradient-custom\u00bb gradient_custom_color_1=\u00bb#950555&#8243; gradient_custom_color_2=\u00bb#934985&#8243; size=\u00bblg\u00bb align=\u00bbcenter\u00bb i_icon_fontawesome=\u00bbfa fa-angle-double-right\u00bb add_icon=\u00bbtrue\u00bb link=\u00bburl:https%3A%2F%2Fu-intosai.org%2Fes%2Fcategory%2Fnoticias%2F|title:Todas%20las%20noticias|target:_blank|\u00bb][\/vc_column][\/vc_row][vc_row disable_element=\u00bbyes\u00bb][vc_column][vc_empty_space height=\u00bb107px\u00bb tablet_height=\u00bb70&#8243; mobile_height=\u00bb50&#8243;][vc_custom_heading text=\u00bbCOMIT\u00c9S Y ORGANIZACIONES REGIONALES\u00bb font_container=\u00bbtag:h2|text_align:center\u00bb use_theme_fonts=\u00bbyes\u00bb css=\u00bb.vc_custom_1652953493186{margin-bottom: -13px !important;}\u00bb][stm_color_separator css=\u00bb.vc_custom_1437023252855{margin-top: 7px !important;margin-bottom: 0px !important;}\u00bb][vc_empty_space height=\u00bb50 px\u00bb tablet_height=\u00bb70&#8243; mobile_height=\u00bb50&#8243;][stm_lms_courses_categories number=\u00bb6&#8243; style=\u00bbstyle_5&#8243; taxonomy=\u00bb160, 173, 161, 162, 163, 167, 164, 168, 380, 169, 165, 166, 170, 171&#8243;][\/vc_column][\/vc_row][vc_row][vc_column][vc_empty_space height=\u00bb107px\u00bb tablet_height=\u00bb70&#8243; mobile_height=\u00bb50&#8243;][vc_custom_heading text=\u00bbCATEGOR\u00cdAS TEM\u00c1TICAS\u00bb font_container=\u00bbtag:h2|text_align:center\u00bb use_theme_fonts=\u00bbyes\u00bb css=\u00bb.vc_custom_1608735828645{margin-bottom: -13px !important;}\u00bb][stm_color_separator css=\u00bb.vc_custom_1437023252855{margin-top: 7px !important;margin-bottom: 0px !important;}\u00bb][vc_empty_space][stm_lms_courses_categories number=\u00bb6&#8243; style=\u00bbstyle_3&#8243; taxonomy=\u00bb144, 143, 145, 146, 147, 148, 149, 150, 151, 278, 139, 141, 152, 153, 154, 155, 156, 142, 157, 140, 158, 387, 740, 754, 1102&#8243;][\/vc_column][\/vc_row][vc_row][vc_column][vc_custom_heading text=\u00bbEN COOPERACI\u00d3N CON\u00bb font_container=\u00bbtag:h2|text_align:center\u00bb use_theme_fonts=\u00bbyes\u00bb css=\u00bb.vc_custom_1660209711018{margin-bottom: -13px !important;}\u00bb][stm_color_separator css=\u00bb.vc_custom_1437023252855{margin-top: 7px !important;margin-bottom: 0px !important;}\u00bb][vc_empty_space height=\u00bb50 px\u00bb][vc_gallery images=\u00bb18156,18215,18198,18207,18190,30569&#8243; img_size=\u00bb290&#215;100&#8243; onclick=\u00bb\u00bb][\/vc_column][\/vc_row]<\/p>\n<\/div>","protected":false},"excerpt":{"rendered":"<p>[vc_row css=\u00bb.vc_custom_1536745839740{margin-bottom: 0px !important;}\u00bb][vc_column css=\u00bb.vc_custom_1536745834183{margin-bottom: 0px !important;}\u00bb][rev_slider_vc alias=\u00bbmain-slider-en-11-1-1&#8243;][\/vc_column][\/vc_row][vc_row css=\u00bb.vc_custom_1536823288236{margin-bottom: 44px !important;}\u00bb][vc_column][stm_lms_courses_categories style=\u00bbstyle_4&#8243; css=\u00bb.vc_custom_1606171506667{margin-top: -147px !important;}\u00bb taxonomy=\u00bb139, 140, 141, 142, 143&#8243;][\/vc_column][\/vc_row][vc_row gap=\u00bb15&#8243; css_animation=\u00bbfadeInUp\u00bb css=\u00bb.vc_custom_1664817712168{margin-top: 15px !important;margin-right: 15px !important;margin-bottom: 15px !important;margin-left: 15px !important;}\u00bb][vc_column width=\u00bb1\/3&#8243;][vc_column_text css=\u00bb\u00bb] Cursos [\/vc_column_text][\/vc_column][vc_column width=\u00bb1\/3&#8243;][vc_column_text css=\u00bb\u00bb] Ense\u00f1anza [\/vc_column_text][\/vc_column][vc_column width=\u00bb1\/3&#8243;][vc_column_text css=\u00bb\u00bb] Autores [\/vc_column_text][\/vc_column][\/vc_row][vc_row][vc_column][vc_cta h2=\u00bbUniversidad digital para la Comunidad de la INTOSAI (U-INTOSAI)\u00bb txt_align=\u00bbcenter\u00bb css=\u00bb\u00bb] Universidad [&hellip;]<\/p>\n","protected":false},"author":1,"featured_media":12180,"parent":0,"menu_order":0,"comment_status":"closed","ping_status":"closed","template":"","meta":{"_acf_changed":false,"pmpro_default_level":"","footnotes":""},"class_list":["post-6872","page","type-page","status-publish","has-post-thumbnail","hentry","pmpro-has-access"],"acf":[],"yoast_head":"<!-- This site is optimized with the Yoast SEO plugin v27.3 - https:\/\/yoast.com\/product\/yoast-seo-wordpress\/ -->\n<title>U-INTOSAI \u2013 Universidad para la Comunidad de la INTOSAI<\/title>\n<meta name=\"description\" content=\"U-INTOSAI - Universidad para la Comunidad de la INTOSAI - es una plataforma abierta de formaci\u00f3n en l\u00ednea para todos los miembros de la INTOSAI, creada como un espacio \u00fanico para el intercambio de experiencias y conocimientos de vanguardia.\" \/>\n<meta name=\"robots\" content=\"index, follow, max-snippet:-1, max-image-preview:large, max-video-preview:-1\" \/>\n<link rel=\"canonical\" href=\"https:\/\/u-intosai.org\/es\/\" \/>\n<meta property=\"og:locale\" content=\"es_ES\" \/>\n<meta property=\"og:type\" content=\"article\" \/>\n<meta property=\"og:title\" content=\"U-INTOSAI \u2013 Universidad para la Comunidad de la INTOSAI\" \/>\n<meta property=\"og:description\" content=\"U-INTOSAI es una plataforma abierta de formaci\u00f3n en l\u00ednea para todos los miembros de la INTOSAI, creada como un espacio \u00fanico para el intercambio de experiencias y conocimientos de vanguardia.\" \/>\n<meta property=\"og:url\" content=\"https:\/\/u-intosai.org\/es\/\" \/>\n<meta property=\"og:site_name\" content=\"U-INTOSAI\" \/>\n<meta property=\"article:modified_time\" content=\"2026-04-02T10:21:23+00:00\" \/>\n<meta property=\"og:image\" content=\"https:\/\/u-intosai.org\/wp-content\/uploads\/2022\/01\/video-poster-11920x1080-1.jpg\" \/>\n\t<meta property=\"og:image:width\" content=\"1920\" \/>\n\t<meta property=\"og:image:height\" content=\"1080\" \/>\n\t<meta property=\"og:image:type\" content=\"image\/jpeg\" \/>\n<meta name=\"twitter:card\" content=\"summary_large_image\" \/>\n<meta name=\"twitter:title\" content=\"U-INTOSAI \u2013 Universidad para la Comunidad de la INTOSAI\" \/>\n<meta name=\"twitter:description\" content=\"U-INTOSAI es una plataforma abierta de formaci\u00f3n en l\u00ednea para todos los miembros de la INTOSAI, creada como un espacio \u00fanico para el intercambio de experiencias y conocimientos de vanguardia.\" \/>\n<meta name=\"twitter:image\" content=\"https:\/\/u-intosai.org\/wp-content\/uploads\/2022\/01\/video-poster-11920x1080-1.jpg\" \/>\n<meta name=\"twitter:site\" content=\"@Incosai2019\" \/>\n<meta name=\"twitter:label1\" content=\"Tiempo de lectura\" \/>\n\t<meta name=\"twitter:data1\" content=\"2 minutos\" \/>\n<script type=\"application\/ld+json\" class=\"yoast-schema-graph\">{\"@context\":\"https:\\\/\\\/schema.org\",\"@graph\":[{\"@type\":\"WebPage\",\"@id\":\"https:\\\/\\\/u-intosai.org\\\/es\\\/\",\"url\":\"https:\\\/\\\/u-intosai.org\\\/es\\\/\",\"name\":\"U-INTOSAI \u2013 Universidad para la Comunidad de la INTOSAI\",\"isPartOf\":{\"@id\":\"https:\\\/\\\/u-intosai.org\\\/es\\\/#website\"},\"primaryImageOfPage\":{\"@id\":\"https:\\\/\\\/u-intosai.org\\\/es\\\/#primaryimage\"},\"image\":{\"@id\":\"https:\\\/\\\/u-intosai.org\\\/es\\\/#primaryimage\"},\"thumbnailUrl\":\"https:\\\/\\\/u-intosai.org\\\/wp-content\\\/uploads\\\/2022\\\/01\\\/video-poster-11920x1080-1.jpg\",\"datePublished\":\"2021-06-30T14:52:22+00:00\",\"dateModified\":\"2026-04-02T10:21:23+00:00\",\"description\":\"U-INTOSAI - Universidad para la Comunidad de la INTOSAI - es una plataforma abierta de formaci\u00f3n en l\u00ednea para todos los miembros de la INTOSAI, creada como un espacio \u00fanico para el intercambio de experiencias y conocimientos de vanguardia.\",\"breadcrumb\":{\"@id\":\"https:\\\/\\\/u-intosai.org\\\/es\\\/#breadcrumb\"},\"inLanguage\":\"es\",\"potentialAction\":[{\"@type\":\"ReadAction\",\"target\":[\"https:\\\/\\\/u-intosai.org\\\/es\\\/\"]}]},{\"@type\":\"ImageObject\",\"inLanguage\":\"es\",\"@id\":\"https:\\\/\\\/u-intosai.org\\\/es\\\/#primaryimage\",\"url\":\"https:\\\/\\\/u-intosai.org\\\/wp-content\\\/uploads\\\/2022\\\/01\\\/video-poster-11920x1080-1.jpg\",\"contentUrl\":\"https:\\\/\\\/u-intosai.org\\\/wp-content\\\/uploads\\\/2022\\\/01\\\/video-poster-11920x1080-1.jpg\",\"width\":1920,\"height\":1080},{\"@type\":\"BreadcrumbList\",\"@id\":\"https:\\\/\\\/u-intosai.org\\\/es\\\/#breadcrumb\",\"itemListElement\":[{\"@type\":\"ListItem\",\"position\":1,\"name\":\"U-INTOSAI\",\"item\":\"https:\\\/\\\/u-intosai.org\\\/es\\\/\"},{\"@type\":\"ListItem\",\"position\":2,\"name\":\"Home (Spanish)\"}]},{\"@type\":\"WebSite\",\"@id\":\"https:\\\/\\\/u-intosai.org\\\/es\\\/#website\",\"url\":\"https:\\\/\\\/u-intosai.org\\\/es\\\/\",\"name\":\"U-INTOSAI\",\"description\":\"U-INTOSAI is an open online educational platform for all INTOSAI members created as a unique space for exchanging experience and advanced knowledge.\",\"publisher\":{\"@id\":\"https:\\\/\\\/u-intosai.org\\\/es\\\/#organization\"},\"potentialAction\":[{\"@type\":\"SearchAction\",\"target\":{\"@type\":\"EntryPoint\",\"urlTemplate\":\"https:\\\/\\\/u-intosai.org\\\/es\\\/?s={search_term_string}\"},\"query-input\":{\"@type\":\"PropertyValueSpecification\",\"valueRequired\":true,\"valueName\":\"search_term_string\"}}],\"inLanguage\":\"es\"},{\"@type\":\"Organization\",\"@id\":\"https:\\\/\\\/u-intosai.org\\\/es\\\/#organization\",\"name\":\"U-INTOSAI \u2014 University of INTOSAI\",\"url\":\"https:\\\/\\\/u-intosai.org\\\/es\\\/\",\"logo\":{\"@type\":\"ImageObject\",\"inLanguage\":\"es\",\"@id\":\"https:\\\/\\\/u-intosai.org\\\/es\\\/#\\\/schema\\\/logo\\\/image\\\/\",\"url\":\"https:\\\/\\\/u-intosai.org\\\/wp-content\\\/uploads\\\/2021\\\/08\\\/miniu-intosai-logo.png\",\"contentUrl\":\"https:\\\/\\\/u-intosai.org\\\/wp-content\\\/uploads\\\/2021\\\/08\\\/miniu-intosai-logo.png\",\"width\":1000,\"height\":479,\"caption\":\"U-INTOSAI \u2014 University of INTOSAI\"},\"image\":{\"@id\":\"https:\\\/\\\/u-intosai.org\\\/es\\\/#\\\/schema\\\/logo\\\/image\\\/\"},\"sameAs\":[\"https:\\\/\\\/x.com\\\/Incosai2019\",\"https:\\\/\\\/www.youtube.com\\\/channel\\\/UCjD--8sXtgxoPrxRQ_rz5GQ\"]}]}<\/script>\n<!-- \/ Yoast SEO plugin. -->","yoast_head_json":{"title":"U-INTOSAI \u2013 Universidad para la Comunidad de la INTOSAI","description":"U-INTOSAI - Universidad para la Comunidad de la INTOSAI - es una plataforma abierta de formaci\u00f3n en l\u00ednea para todos los miembros de la INTOSAI, creada como un espacio \u00fanico para el intercambio de experiencias y conocimientos de vanguardia.","robots":{"index":"index","follow":"follow","max-snippet":"max-snippet:-1","max-image-preview":"max-image-preview:large","max-video-preview":"max-video-preview:-1"},"canonical":"https:\/\/u-intosai.org\/es\/","og_locale":"es_ES","og_type":"article","og_title":"U-INTOSAI \u2013 Universidad para la Comunidad de la INTOSAI","og_description":"U-INTOSAI es una plataforma abierta de formaci\u00f3n en l\u00ednea para todos los miembros de la INTOSAI, creada como un espacio \u00fanico para el intercambio de experiencias y conocimientos de vanguardia.","og_url":"https:\/\/u-intosai.org\/es\/","og_site_name":"U-INTOSAI","article_modified_time":"2026-04-02T10:21:23+00:00","og_image":[{"width":1920,"height":1080,"url":"https:\/\/u-intosai.org\/wp-content\/uploads\/2022\/01\/video-poster-11920x1080-1.jpg","type":"image\/jpeg"}],"twitter_card":"summary_large_image","twitter_title":"U-INTOSAI \u2013 Universidad para la Comunidad de la INTOSAI","twitter_description":"U-INTOSAI es una plataforma abierta de formaci\u00f3n en l\u00ednea para todos los miembros de la INTOSAI, creada como un espacio \u00fanico para el intercambio de experiencias y conocimientos de vanguardia.","twitter_image":"https:\/\/u-intosai.org\/wp-content\/uploads\/2022\/01\/video-poster-11920x1080-1.jpg","twitter_site":"@Incosai2019","twitter_misc":{"Tiempo de lectura":"2 minutos"},"schema":{"@context":"https:\/\/schema.org","@graph":[{"@type":"WebPage","@id":"https:\/\/u-intosai.org\/es\/","url":"https:\/\/u-intosai.org\/es\/","name":"U-INTOSAI \u2013 Universidad para la Comunidad de la INTOSAI","isPartOf":{"@id":"https:\/\/u-intosai.org\/es\/#website"},"primaryImageOfPage":{"@id":"https:\/\/u-intosai.org\/es\/#primaryimage"},"image":{"@id":"https:\/\/u-intosai.org\/es\/#primaryimage"},"thumbnailUrl":"https:\/\/u-intosai.org\/wp-content\/uploads\/2022\/01\/video-poster-11920x1080-1.jpg","datePublished":"2021-06-30T14:52:22+00:00","dateModified":"2026-04-02T10:21:23+00:00","description":"U-INTOSAI - Universidad para la Comunidad de la INTOSAI - es una plataforma abierta de formaci\u00f3n en l\u00ednea para todos los miembros de la INTOSAI, creada como un espacio \u00fanico para el intercambio de experiencias y conocimientos de vanguardia.","breadcrumb":{"@id":"https:\/\/u-intosai.org\/es\/#breadcrumb"},"inLanguage":"es","potentialAction":[{"@type":"ReadAction","target":["https:\/\/u-intosai.org\/es\/"]}]},{"@type":"ImageObject","inLanguage":"es","@id":"https:\/\/u-intosai.org\/es\/#primaryimage","url":"https:\/\/u-intosai.org\/wp-content\/uploads\/2022\/01\/video-poster-11920x1080-1.jpg","contentUrl":"https:\/\/u-intosai.org\/wp-content\/uploads\/2022\/01\/video-poster-11920x1080-1.jpg","width":1920,"height":1080},{"@type":"BreadcrumbList","@id":"https:\/\/u-intosai.org\/es\/#breadcrumb","itemListElement":[{"@type":"ListItem","position":1,"name":"U-INTOSAI","item":"https:\/\/u-intosai.org\/es\/"},{"@type":"ListItem","position":2,"name":"Home (Spanish)"}]},{"@type":"WebSite","@id":"https:\/\/u-intosai.org\/es\/#website","url":"https:\/\/u-intosai.org\/es\/","name":"U-INTOSAI","description":"U-INTOSAI is an open online educational platform for all INTOSAI members created as a unique space for exchanging experience and advanced knowledge.","publisher":{"@id":"https:\/\/u-intosai.org\/es\/#organization"},"potentialAction":[{"@type":"SearchAction","target":{"@type":"EntryPoint","urlTemplate":"https:\/\/u-intosai.org\/es\/?s={search_term_string}"},"query-input":{"@type":"PropertyValueSpecification","valueRequired":true,"valueName":"search_term_string"}}],"inLanguage":"es"},{"@type":"Organization","@id":"https:\/\/u-intosai.org\/es\/#organization","name":"U-INTOSAI \u2014 University of INTOSAI","url":"https:\/\/u-intosai.org\/es\/","logo":{"@type":"ImageObject","inLanguage":"es","@id":"https:\/\/u-intosai.org\/es\/#\/schema\/logo\/image\/","url":"https:\/\/u-intosai.org\/wp-content\/uploads\/2021\/08\/miniu-intosai-logo.png","contentUrl":"https:\/\/u-intosai.org\/wp-content\/uploads\/2021\/08\/miniu-intosai-logo.png","width":1000,"height":479,"caption":"U-INTOSAI \u2014 University of INTOSAI"},"image":{"@id":"https:\/\/u-intosai.org\/es\/#\/schema\/logo\/image\/"},"sameAs":["https:\/\/x.com\/Incosai2019","https:\/\/www.youtube.com\/channel\/UCjD--8sXtgxoPrxRQ_rz5GQ"]}]}},"_links":{"self":[{"href":"https:\/\/u-intosai.org\/es\/wp-json\/wp\/v2\/pages\/6872","targetHints":{"allow":["GET"]}}],"collection":[{"href":"https:\/\/u-intosai.org\/es\/wp-json\/wp\/v2\/pages"}],"about":[{"href":"https:\/\/u-intosai.org\/es\/wp-json\/wp\/v2\/types\/page"}],"author":[{"embeddable":true,"href":"https:\/\/u-intosai.org\/es\/wp-json\/wp\/v2\/users\/1"}],"replies":[{"embeddable":true,"href":"https:\/\/u-intosai.org\/es\/wp-json\/wp\/v2\/comments?post=6872"}],"version-history":[{"count":52,"href":"https:\/\/u-intosai.org\/es\/wp-json\/wp\/v2\/pages\/6872\/revisions"}],"predecessor-version":[{"id":50271,"href":"https:\/\/u-intosai.org\/es\/wp-json\/wp\/v2\/pages\/6872\/revisions\/50271"}],"wp:featuredmedia":[{"embeddable":true,"href":"https:\/\/u-intosai.org\/es\/wp-json\/wp\/v2\/media\/12180"}],"wp:attachment":[{"href":"https:\/\/u-intosai.org\/es\/wp-json\/wp\/v2\/media?parent=6872"}],"curies":[{"name":"wp","href":"https:\/\/api.w.org\/{rel}","templated":true}]}}