{"id":6886,"date":"2021-06-30T15:20:40","date_gmt":"2021-06-30T15:20:40","guid":{"rendered":"https:\/\/u-intosai.org\/sobre-nosotros\/"},"modified":"2023-04-25T22:59:10","modified_gmt":"2023-04-25T19:59:10","slug":"sobre-nosotros","status":"publish","type":"page","link":"https:\/\/u-intosai.org\/es\/sobre-nosotros\/","title":{"rendered":"Sobre Nosotros"},"content":{"rendered":"<div class=\"wpb-content-wrapper\"><p>[vc_row][vc_column][vc_custom_heading text=\u00bbUniversidad para la Comunidad de la INTOSAI\u00bb font_container=\u00bbtag:h1|text_align:center\u00bb use_theme_fonts=\u00bbyes\u00bb css=\u00bb.vc_custom_1649420234535{margin-bottom: 29px !important;}\u00bb][vc_custom_heading text=\u00bbEducando a auditores del futuro\u00bb font_container=\u00bbtag:h2|text_align:center\u00bb use_theme_fonts=\u00bbyes\u00bb css=\u00bb.vc_custom_1607628239993{margin-bottom: 29px !important;}\u00bb][vc_column_text]<\/p>\n<p style=\"text-align: justify;\">Uno de los resultados del XXIII Congreso de la INTOSAI fue la aprobaci\u00f3n de la <a href=\"https:\/\/intosairussia.org\/images\/docs\/moscowdeclaration\/Moscow-declaration(ES).pdf\" target=\"_blank\" rel=\"noopener\">Declaraci\u00f3n de Mosc\u00fa.<\/a> La relevancia y la importancia de la implementaci\u00f3n de sus principios no deja lugar a dudas, lo cual ha sido confirmado reiteradamente en el contexto de la pandemia.<\/p>\n<p>[\/vc_column_text][\/vc_column][\/vc_row][vc_row][vc_column][vc_images_carousel images=\u00bb6892,6904,6898,6889,6895&#8243; img_size=\u00bbfull\u00bb onclick=\u00bblink_no\u00bb autoplay=\u00bbyes\u00bb css_animation=\u00bbbounceIn\u00bb][\/vc_column][\/vc_row][vc_row][vc_column][vc_column_text]<\/p>\n<p style=\"text-align: justify;\"><a href=\"https:\/\/ach.gov.ru\/\" target=\"_blank\" rel=\"noopener\">La C\u00e1mara de Cuentas de la Federaci\u00f3n de Rusia<\/a>, en su calidad de <a href=\"https:\/\/intosairussia.org\/intosai-chair\/about-chair.html\" target=\"_blank\" rel=\"noopener\">presidente de la INTOSAI<\/a>, es consciente de su responsabilidad tanto por la calidad de los documentos finales adoptados, como por la puesta en pr\u00e1ctica de sus disposiciones en beneficio de toda la comunidad auditora.<\/p>\n<p>Para lograr este objetivo, una de las tareas prioritarias es garantizar la apertura y la accesibilidad de los conocimientos acumulados por la <a href=\"https:\/\/www.intosai.org\/\" target=\"_blank\" rel=\"noopener\">comunidad de la INTOSAI<\/a>, el intercambio activo de experiencias y la creaci\u00f3n de capacidades profesionales, as\u00ed como el desarrollo de nuevas competencias de los auditores en el marco de las 10 disposiciones establecidas en la <a href=\"https:\/\/intosairussia.org\/images\/docs\/moscowdeclaration\/Moscow-declaration(ES).pdf\" target=\"_blank\" rel=\"noopener\">Declaraci\u00f3n de Mosc\u00fa<\/a>; as\u00ed como en las disposiciones de los documentos de seguimiento que se adoptar\u00e1n en los futuros INCOSAI. <strong>Universidad para la Comunidad de la INTOSAI<\/strong>\u00a0(en adelante U-INTOSAI) responde en gran medida a esta demanda.<\/p>\n<p style=\"text-align: justify;\">U-INTOSAI es una plataforma educativa en l\u00ednea abierta a todos los miembros de la INTOSAI, que se convertir\u00e1 en un espacio \u00fanico para compartir experiencias y conocimientos de vanguardia.<\/p>\n<p style=\"text-align: justify;\">U-INTOSAI ofrecer\u00e1 a toda la comunidad de auditor\u00eda global no solo formatos educativos cl\u00e1sicos (<a href=\"https:\/\/u-intosai.org\/es\/cursos\/\" target=\"_blank\" rel=\"noopener\">cursos en l\u00ednea,<\/a> webinarios), sino tambi\u00e9n utilizar\u00e1 los mejores proyectos educativos y manuales pr\u00e1cticos de la INTOSAI, integrando las iniciativas educativas existentes para educar a los auditores del futuro.<\/p>\n<p>[\/vc_column_text][vc_custom_heading text=\u00bbCaracter\u00edsticas clave de U-INTOSAI\u00bb font_container=\u00bbtag:h2|text_align:center\u00bb use_theme_fonts=\u00bbyes\u00bb css=\u00bb.vc_custom_1607629889533{margin-bottom: 29px !important;}\u00bb][\/vc_column][\/vc_row][vc_row][vc_column width=\u00bb1\/6&#8243;][\/vc_column][vc_column width=\u00bb1\/6&#8243;][\/vc_column][vc_column width=\u00bb1\/6&#8243;][\/vc_column][vc_column width=\u00bb1\/6&#8243;][\/vc_column][vc_column width=\u00bb1\/6&#8243;][\/vc_column][vc_column width=\u00bb1\/6&#8243;][\/vc_column][\/vc_row][vc_row][vc_column width=\u00bb1\/2&#8243; css=\u00bb.vc_custom_1613663237433{margin-top: -60px !important;}\u00bb][stm_icon_box hover_pos=\u00bbnone\u00bb icon=\u00bbfas fa-file-alt\u00bb icon_size=\u00bb40&#8243; icon_height=\u00bb10&#8243; icon_color=\u00bb#960755&#8243; css_icon=\u00bb.vc_custom_1613665259867{margin-left: 45% !important;}\u00bb][\/stm_icon_box][vc_cta h2=\u00bb\u00bb txt_align=\u00bbcenter\u00bb]<\/p>\n<h3 style=\"text-align: center;\">Herramienta para promover los documentos finales de la INTOSAI<\/h3>\n<p>[\/vc_cta][\/vc_column][vc_column width=\u00bb1\/2&#8243; css=\u00bb.vc_custom_1613663244082{margin-top: -60px !important;}\u00bb][stm_icon_box hover_pos=\u00bbnone\u00bb icon=\u00bbfas fa-database\u00bb icon_size=\u00bb40&#8243; icon_height=\u00bb10&#8243; icon_color=\u00bb#960755&#8243; css_icon=\u00bb.vc_custom_1613665267195{margin-left: 45% !important;}\u00bb][\/stm_icon_box][vc_cta h2=\u00bb\u00bb]<\/p>\n<h3 style=\"text-align: center;\">Repositorio de muchos a\u00f1os de pr\u00e1ctica y conocimientos de la INTOSAI<\/h3>\n<p>[\/vc_cta][\/vc_column][\/vc_row][vc_row][vc_column width=\u00bb1\/6&#8243;][\/vc_column][vc_column width=\u00bb1\/6&#8243;][\/vc_column][vc_column width=\u00bb1\/6&#8243;][\/vc_column][vc_column width=\u00bb1\/6&#8243;][\/vc_column][vc_column width=\u00bb1\/6&#8243;][\/vc_column][vc_column width=\u00bb1\/6&#8243;][\/vc_column][\/vc_row][vc_row][vc_column width=\u00bb1\/2&#8243; css=\u00bb.vc_custom_1613663249744{margin-top: -60px !important;}\u00bb][stm_icon_box hover_pos=\u00bbnone\u00bb icon=\u00bbfas fa-briefcase\u00bb icon_size=\u00bb40&#8243; icon_height=\u00bb10&#8243; icon_color=\u00bb#960755&#8243; css_icon=\u00bb.vc_custom_1613665324812{margin-left: 45% !important;}\u00bb][\/stm_icon_box][vc_cta h2=\u00bb\u00bb txt_align=\u00bbcenter\u00bb]<\/p>\n<h3 style=\"text-align: center;\">Centro de excelencia para la comunidad auditora que potencia la creaci\u00f3n de capacidades y la influencia mundial de las EFS<\/h3>\n<p>[\/vc_cta][\/vc_column][vc_column width=\u00bb1\/2&#8243; css=\u00bb.vc_custom_1613663255064{margin-top: -60px !important;}\u00bb][stm_icon_box hover_pos=\u00bbnone\u00bb icon=\u00bbfa fa-envelope-open\u00bb icon_size=\u00bb40&#8243; icon_height=\u00bb10&#8243; icon_color=\u00bb#960755&#8243; css_icon=\u00bb.vc_custom_1653293271291{margin-left: 45% !important;}\u00bb][\/stm_icon_box][vc_cta h2=\u00bb\u00bb]<\/p>\n<h3 style=\"text-align: center;\">Plataforma abierta para nutrir a los auditores del futuro y fortalecer las iniciativas educativas existentes de la INTOSAI<\/h3>\n<p>[\/vc_cta][\/vc_column][\/vc_row][vc_row css=\u00bb.vc_custom_1435816078010{margin-bottom: 15px !important;}\u00bb][vc_column width=\u00bb1\/2&#8243;][vc_column_text css=\u00bb.vc_custom_1625066708847{margin-bottom: 32px !important;}\u00bb]Unos conocimientos profesionales excepcionales, as\u00ed como las normas, manuales y las mejores pr\u00e1cticas en auditor\u00eda del sector p\u00fablico, desarrolladas por expertos de los Comit\u00e9s de Meta de la INTOSAI y la Iniciativa de Desarrollo de la INTOSAI (IDI), son ahora la principal fuente de informaci\u00f3n para las EFS en el proceso de adaptaci\u00f3n individual de su actividad profesional. [\/vc_column_text][vc_tta_tabs][vc_tta_section title=\u00bbFORMACI\u00d3N\u00bb tab_id=\u00bb1532604609823-e6c605b3-04c5&#8243;][vc_column_text]<\/p>\n<ul>\n<li>Cursos<\/li>\n<li>Seminarios y webinarios<\/li>\n<li>Conferencias<\/li>\n<\/ul>\n<p>[\/vc_column_text][\/vc_tta_section][vc_tta_section title=\u00bbINVESTIGACI\u00d3N\u00bb tab_id=\u00bb1532604609845-4edaaecf-303f\u00bb][vc_column_text]<\/p>\n<ul>\n<li>Proyectos cient\u00edficos<\/li>\n<li>Bases de datos para an\u00e1lisis<\/li>\n<li>Publicaci\u00f3n<\/li>\n<\/ul>\n<p>[\/vc_column_text][\/vc_tta_section][vc_tta_section title=\u00bbEVENTOS\u00bb tab_id=\u00bb1607627645233-0cc3e844-f4e7&#8243;][vc_column_text]<\/p>\n<ul>\n<li>Conferencias cient\u00edficas y pr\u00e1cticas<\/li>\n<li>Hackatones<\/li>\n<li>Debates abiertos<\/li>\n<li>Proyectos especiales<\/li>\n<\/ul>\n<p>[\/vc_column_text][\/vc_tta_section][vc_tta_section title=\u00bbBASE DE CONOCIMIENTOS\u00bb tab_id=\u00bb1607627787370-dfe795c7-def1&#8243;][vc_column_text]<\/p>\n<ul>\n<li>E-bibliotecas<\/li>\n<li>Referencia<\/li>\n<li>Colecciones de mejores pr\u00e1cticas<\/li>\n<\/ul>\n<p>[\/vc_column_text][\/vc_tta_section][\/vc_tta_tabs][\/vc_column][vc_column width=\u00bb1\/2&#8243;][vc_custom_heading text=\u00bbMiembros y usuarios de la U-INTOSAI:\u00bb font_container=\u00bbtag:h3|text_align:left\u00bb use_theme_fonts=\u00bbyes\u00bb css=\u00bb.vc_custom_1649420264898{margin-bottom: 29px !important;}\u00bb][vc_column_text css=\u00bb.vc_custom_1625066968124{margin-bottom: 32px !important;}\u00bb]<\/p>\n<ul>\n<li>Secretar\u00eda y expertos de la INTOSAI<\/li>\n<li>Personal de las EFS<\/li>\n<li>Estudiantes<\/li>\n<li>Expertos y organizaciones de investigaci\u00f3n (an\u00e1lisis) internacionales<\/li>\n<li>Representantes de la sociedad civil y medios de comunicaci\u00f3n<\/li>\n<\/ul>\n<p>Al mismo tiempo, en un mundo que cambia vertiginosamente, la penetraci\u00f3n de las tecnolog\u00edas de la informaci\u00f3n en todos los \u00e1mbitos de nuestra vida y un creciente n\u00famero de problemas sociales, ecol\u00f3gicos y epidemiol\u00f3gicos, el desarrollo continuo de nuevas competencias de los auditores y el aumento de las capacidades de las EFS se convierten en un requisito obligatorio para la calidad y eficacia de estas organizaciones en el desempe\u00f1o de sus funciones.[\/vc_column_text][\/vc_column][\/vc_row][vc_row][vc_column][vc_custom_heading text=\u00bbEN COOPERACI\u00d3N CON\u00bb font_container=\u00bbtag:h2|text_align:center\u00bb use_theme_fonts=\u00bbyes\u00bb css=\u00bb.vc_custom_1660209449466{margin-bottom: 29px !important;}\u00bb][vc_gallery images=\u00bb18156,18215,18198,18207,18190,30569&#8243; img_size=\u00bb290&#215;100&#8243; onclick=\u00bb\u00bb][\/vc_column][\/vc_row]<\/p>\n<\/div>","protected":false},"excerpt":{"rendered":"<p>[vc_row][vc_column][vc_custom_heading text=\u00bbUniversidad para la Comunidad de la INTOSAI\u00bb font_container=\u00bbtag:h1|text_align:center\u00bb use_theme_fonts=\u00bbyes\u00bb css=\u00bb.vc_custom_1649420234535{margin-bottom: 29px !important;}\u00bb][vc_custom_heading text=\u00bbEducando a auditores del futuro\u00bb font_container=\u00bbtag:h2|text_align:center\u00bb use_theme_fonts=\u00bbyes\u00bb css=\u00bb.vc_custom_1607628239993{margin-bottom: 29px !important;}\u00bb][vc_column_text] Uno de los resultados del XXIII Congreso de la INTOSAI fue la aprobaci\u00f3n de la Declaraci\u00f3n de Mosc\u00fa. La relevancia y la importancia de la implementaci\u00f3n de sus principios no deja lugar [&hellip;]<\/p>\n","protected":false},"author":1,"featured_media":0,"parent":0,"menu_order":0,"comment_status":"closed","ping_status":"closed","template":"","meta":{"_acf_changed":false,"pmpro_default_level":"","footnotes":""},"class_list":["post-6886","page","type-page","status-publish","hentry","pmpro-has-access"],"acf":[],"yoast_head":"<!-- This site is optimized with the Yoast SEO plugin v27.3 - https:\/\/yoast.com\/product\/yoast-seo-wordpress\/ -->\n<title>Sobre Nosotros | U-INTOSAI<\/title>\n<meta name=\"description\" content=\"Sobre Nosotros\" \/>\n<meta name=\"robots\" content=\"index, follow, max-snippet:-1, max-image-preview:large, max-video-preview:-1\" \/>\n<link rel=\"canonical\" href=\"https:\/\/u-intosai.org\/es\/sobre-nosotros\/\" \/>\n<meta property=\"og:locale\" content=\"es_ES\" \/>\n<meta property=\"og:type\" content=\"article\" \/>\n<meta property=\"og:title\" content=\"Sobre Nosotros | U-INTOSAI\" \/>\n<meta property=\"og:description\" content=\"Sobre Nosotros\" \/>\n<meta property=\"og:url\" content=\"https:\/\/u-intosai.org\/es\/sobre-nosotros\/\" \/>\n<meta property=\"og:site_name\" content=\"U-INTOSAI\" \/>\n<meta property=\"article:modified_time\" content=\"2023-04-25T19:59:10+00:00\" \/>\n<meta property=\"og:image\" content=\"https:\/\/u-intosai.org\/wp-content\/uploads\/2022\/01\/video-poster-11920x1080-1.jpg\" \/>\n\t<meta property=\"og:image:width\" content=\"1920\" \/>\n\t<meta property=\"og:image:height\" content=\"1080\" \/>\n\t<meta property=\"og:image:type\" content=\"image\/jpeg\" \/>\n<meta name=\"twitter:card\" content=\"summary_large_image\" \/>\n<meta name=\"twitter:site\" content=\"@Incosai2019\" \/>\n<meta name=\"twitter:label1\" content=\"Tiempo de lectura\" \/>\n\t<meta name=\"twitter:data1\" content=\"3 minutos\" \/>\n<script type=\"application\/ld+json\" class=\"yoast-schema-graph\">{\"@context\":\"https:\\\/\\\/schema.org\",\"@graph\":[{\"@type\":\"WebPage\",\"@id\":\"https:\\\/\\\/u-intosai.org\\\/es\\\/sobre-nosotros\\\/\",\"url\":\"https:\\\/\\\/u-intosai.org\\\/es\\\/sobre-nosotros\\\/\",\"name\":\"Sobre Nosotros | U-INTOSAI\",\"isPartOf\":{\"@id\":\"https:\\\/\\\/u-intosai.org\\\/es\\\/#website\"},\"datePublished\":\"2021-06-30T15:20:40+00:00\",\"dateModified\":\"2023-04-25T19:59:10+00:00\",\"description\":\"Sobre Nosotros\",\"breadcrumb\":{\"@id\":\"https:\\\/\\\/u-intosai.org\\\/es\\\/sobre-nosotros\\\/#breadcrumb\"},\"inLanguage\":\"es\",\"potentialAction\":[{\"@type\":\"ReadAction\",\"target\":[\"https:\\\/\\\/u-intosai.org\\\/es\\\/sobre-nosotros\\\/\"]}]},{\"@type\":\"BreadcrumbList\",\"@id\":\"https:\\\/\\\/u-intosai.org\\\/es\\\/sobre-nosotros\\\/#breadcrumb\",\"itemListElement\":[{\"@type\":\"ListItem\",\"position\":1,\"name\":\"U-INTOSAI\",\"item\":\"https:\\\/\\\/u-intosai.org\\\/es\\\/\"},{\"@type\":\"ListItem\",\"position\":2,\"name\":\"Sobre Nosotros\"}]},{\"@type\":\"WebSite\",\"@id\":\"https:\\\/\\\/u-intosai.org\\\/es\\\/#website\",\"url\":\"https:\\\/\\\/u-intosai.org\\\/es\\\/\",\"name\":\"U-INTOSAI\",\"description\":\"U-INTOSAI is an open online educational platform for all INTOSAI members created as a unique space for exchanging experience and advanced knowledge.\",\"publisher\":{\"@id\":\"https:\\\/\\\/u-intosai.org\\\/es\\\/#organization\"},\"potentialAction\":[{\"@type\":\"SearchAction\",\"target\":{\"@type\":\"EntryPoint\",\"urlTemplate\":\"https:\\\/\\\/u-intosai.org\\\/es\\\/?s={search_term_string}\"},\"query-input\":{\"@type\":\"PropertyValueSpecification\",\"valueRequired\":true,\"valueName\":\"search_term_string\"}}],\"inLanguage\":\"es\"},{\"@type\":\"Organization\",\"@id\":\"https:\\\/\\\/u-intosai.org\\\/es\\\/#organization\",\"name\":\"U-INTOSAI \u2014 University of INTOSAI\",\"url\":\"https:\\\/\\\/u-intosai.org\\\/es\\\/\",\"logo\":{\"@type\":\"ImageObject\",\"inLanguage\":\"es\",\"@id\":\"https:\\\/\\\/u-intosai.org\\\/es\\\/#\\\/schema\\\/logo\\\/image\\\/\",\"url\":\"https:\\\/\\\/u-intosai.org\\\/wp-content\\\/uploads\\\/2021\\\/08\\\/miniu-intosai-logo.png\",\"contentUrl\":\"https:\\\/\\\/u-intosai.org\\\/wp-content\\\/uploads\\\/2021\\\/08\\\/miniu-intosai-logo.png\",\"width\":1000,\"height\":479,\"caption\":\"U-INTOSAI \u2014 University of INTOSAI\"},\"image\":{\"@id\":\"https:\\\/\\\/u-intosai.org\\\/es\\\/#\\\/schema\\\/logo\\\/image\\\/\"},\"sameAs\":[\"https:\\\/\\\/x.com\\\/Incosai2019\",\"https:\\\/\\\/www.youtube.com\\\/channel\\\/UCjD--8sXtgxoPrxRQ_rz5GQ\"]}]}<\/script>\n<!-- \/ Yoast SEO plugin. -->","yoast_head_json":{"title":"Sobre Nosotros | U-INTOSAI","description":"Sobre Nosotros","robots":{"index":"index","follow":"follow","max-snippet":"max-snippet:-1","max-image-preview":"max-image-preview:large","max-video-preview":"max-video-preview:-1"},"canonical":"https:\/\/u-intosai.org\/es\/sobre-nosotros\/","og_locale":"es_ES","og_type":"article","og_title":"Sobre Nosotros | U-INTOSAI","og_description":"Sobre Nosotros","og_url":"https:\/\/u-intosai.org\/es\/sobre-nosotros\/","og_site_name":"U-INTOSAI","article_modified_time":"2023-04-25T19:59:10+00:00","og_image":[{"width":1920,"height":1080,"url":"https:\/\/u-intosai.org\/wp-content\/uploads\/2022\/01\/video-poster-11920x1080-1.jpg","type":"image\/jpeg"}],"twitter_card":"summary_large_image","twitter_site":"@Incosai2019","twitter_misc":{"Tiempo de lectura":"3 minutos"},"schema":{"@context":"https:\/\/schema.org","@graph":[{"@type":"WebPage","@id":"https:\/\/u-intosai.org\/es\/sobre-nosotros\/","url":"https:\/\/u-intosai.org\/es\/sobre-nosotros\/","name":"Sobre Nosotros | U-INTOSAI","isPartOf":{"@id":"https:\/\/u-intosai.org\/es\/#website"},"datePublished":"2021-06-30T15:20:40+00:00","dateModified":"2023-04-25T19:59:10+00:00","description":"Sobre Nosotros","breadcrumb":{"@id":"https:\/\/u-intosai.org\/es\/sobre-nosotros\/#breadcrumb"},"inLanguage":"es","potentialAction":[{"@type":"ReadAction","target":["https:\/\/u-intosai.org\/es\/sobre-nosotros\/"]}]},{"@type":"BreadcrumbList","@id":"https:\/\/u-intosai.org\/es\/sobre-nosotros\/#breadcrumb","itemListElement":[{"@type":"ListItem","position":1,"name":"U-INTOSAI","item":"https:\/\/u-intosai.org\/es\/"},{"@type":"ListItem","position":2,"name":"Sobre Nosotros"}]},{"@type":"WebSite","@id":"https:\/\/u-intosai.org\/es\/#website","url":"https:\/\/u-intosai.org\/es\/","name":"U-INTOSAI","description":"U-INTOSAI is an open online educational platform for all INTOSAI members created as a unique space for exchanging experience and advanced knowledge.","publisher":{"@id":"https:\/\/u-intosai.org\/es\/#organization"},"potentialAction":[{"@type":"SearchAction","target":{"@type":"EntryPoint","urlTemplate":"https:\/\/u-intosai.org\/es\/?s={search_term_string}"},"query-input":{"@type":"PropertyValueSpecification","valueRequired":true,"valueName":"search_term_string"}}],"inLanguage":"es"},{"@type":"Organization","@id":"https:\/\/u-intosai.org\/es\/#organization","name":"U-INTOSAI \u2014 University of INTOSAI","url":"https:\/\/u-intosai.org\/es\/","logo":{"@type":"ImageObject","inLanguage":"es","@id":"https:\/\/u-intosai.org\/es\/#\/schema\/logo\/image\/","url":"https:\/\/u-intosai.org\/wp-content\/uploads\/2021\/08\/miniu-intosai-logo.png","contentUrl":"https:\/\/u-intosai.org\/wp-content\/uploads\/2021\/08\/miniu-intosai-logo.png","width":1000,"height":479,"caption":"U-INTOSAI \u2014 University of INTOSAI"},"image":{"@id":"https:\/\/u-intosai.org\/es\/#\/schema\/logo\/image\/"},"sameAs":["https:\/\/x.com\/Incosai2019","https:\/\/www.youtube.com\/channel\/UCjD--8sXtgxoPrxRQ_rz5GQ"]}]}},"_links":{"self":[{"href":"https:\/\/u-intosai.org\/es\/wp-json\/wp\/v2\/pages\/6886","targetHints":{"allow":["GET"]}}],"collection":[{"href":"https:\/\/u-intosai.org\/es\/wp-json\/wp\/v2\/pages"}],"about":[{"href":"https:\/\/u-intosai.org\/es\/wp-json\/wp\/v2\/types\/page"}],"author":[{"embeddable":true,"href":"https:\/\/u-intosai.org\/es\/wp-json\/wp\/v2\/users\/1"}],"replies":[{"embeddable":true,"href":"https:\/\/u-intosai.org\/es\/wp-json\/wp\/v2\/comments?post=6886"}],"version-history":[{"count":19,"href":"https:\/\/u-intosai.org\/es\/wp-json\/wp\/v2\/pages\/6886\/revisions"}],"predecessor-version":[{"id":30576,"href":"https:\/\/u-intosai.org\/es\/wp-json\/wp\/v2\/pages\/6886\/revisions\/30576"}],"wp:attachment":[{"href":"https:\/\/u-intosai.org\/es\/wp-json\/wp\/v2\/media?parent=6886"}],"curies":[{"name":"wp","href":"https:\/\/api.w.org\/{rel}","templated":true}]}}