{"id":12794,"date":"2022-03-15T10:43:48","date_gmt":"2022-03-15T10:43:48","guid":{"rendered":"https:\/\/u-intosai.org\/podcasts\/podcast-des-organes-supremes-de-laudit-du-royaume-doman\/"},"modified":"2022-03-15T10:51:35","modified_gmt":"2022-03-15T10:51:35","slug":"podcast-des-organes-supremes-de-laudit-du-royaume-doman","status":"publish","type":"page","link":"https:\/\/u-intosai.org\/fr\/podcasts\/podcast-des-organes-supremes-de-laudit-du-royaume-doman\/","title":{"rendered":"OSA d\u2019Oman"},"content":{"rendered":"<div class=\"wpb-content-wrapper\"><p>[vc_row][vc_column][vc_custom_heading text=\u00a0\u00bbPodcast des organes supr\u00eames de l\u2019audit du Royaume d\u2019Oman\u00a0\u00bb font_container=\u00a0\u00bbtag:h1|text_align:left\u00a0\u00bb use_theme_fonts=\u00a0\u00bbyes\u00a0\u00bb][vc_column_text]<a href=\"https:\/\/www.youtube.com\/playlist?list=PLGB6UPk69vItokFt_47Ymee6PJpLrTV9M%20target=\" rel=\"noopener\">Podcast des organes supr\u00eames de l\u2019audit du Royaume d\u2019Oman<\/a><\/p>\n<p>\u201cL\u2019audit est la responsabilit\u00e9 de tous\u201d<\/p>\n<p>Les organes supr\u00eames de l\u2019audit (OSA) du Royaume d\u2019Oman parlent de la n\u00e9cessit\u00e9 d\u2019une surveillance et d\u2019un contr\u00f4le externes des diff\u00e9rents domaines du gouvernement et de l\u2019activit\u00e9 publique, les sp\u00e9cificit\u00e9s de l\u2019audit en temps de crise, les r\u00e9sultats des travaux r\u00e9alis\u00e9s et bien plus encore.<\/p>\n<p>Langue \u2013 arabe<\/p>\n<p><iframe loading=\"lazy\" width=\"100%\" height=\"600\" src=\"https:\/\/www.youtube.com\/embed\/videoseries?list=PLGB6UPk69vItokFt_47Ymee6PJpLrTV9M\" title=\"YouTube video player\" frameborder=\"0\" allow=\"accelerometer; autoplay; clipboard-write; encrypted-media; gyroscope; picture-in-picture\" allowfullscreen><\/iframe><\/p>\n<p>[\/vc_column_text][\/vc_column][\/vc_row]<\/p>\n<\/div>","protected":false},"excerpt":{"rendered":"<p>[vc_row][vc_column][vc_custom_heading text=\u00a0\u00bbPodcast des organes supr\u00eames de l\u2019audit du Royaume d\u2019Oman\u00a0\u00bb font_container=\u00a0\u00bbtag:h1|text_align:left\u00a0\u00bb use_theme_fonts=\u00a0\u00bbyes\u00a0\u00bb][vc_column_text]Podcast des organes supr\u00eames de l\u2019audit du Royaume d\u2019Oman \u201cL\u2019audit est la responsabilit\u00e9 de tous\u201d Les organes supr\u00eames de l\u2019audit (OSA) du Royaume d\u2019Oman parlent de la n\u00e9cessit\u00e9 d\u2019une surveillance et d\u2019un contr\u00f4le externes des diff\u00e9rents domaines du gouvernement et de l\u2019activit\u00e9 publique, les [&hellip;]<\/p>\n","protected":false},"author":1,"featured_media":12769,"parent":7656,"menu_order":0,"comment_status":"closed","ping_status":"closed","template":"","meta":{"_acf_changed":false,"pmpro_default_level":"","footnotes":""},"class_list":["post-12794","page","type-page","status-publish","has-post-thumbnail","hentry","pmpro-has-access"],"acf":[],"yoast_head":"<!-- This site is optimized with the Yoast SEO plugin v27.3 - https:\/\/yoast.com\/product\/yoast-seo-wordpress\/ -->\n<title>OSA d\u2019Oman | U-INTOSAI<\/title>\n<meta name=\"description\" content=\"OSA d\u2019Oman\" \/>\n<meta name=\"robots\" content=\"index, follow, max-snippet:-1, max-image-preview:large, max-video-preview:-1\" \/>\n<link rel=\"canonical\" href=\"https:\/\/u-intosai.org\/fr\/podcasts\/podcast-des-organes-supremes-de-laudit-du-royaume-doman\/\" \/>\n<meta property=\"og:locale\" content=\"fr_FR\" \/>\n<meta property=\"og:type\" content=\"article\" \/>\n<meta property=\"og:title\" content=\"OSA d\u2019Oman | U-INTOSAI\" \/>\n<meta property=\"og:description\" content=\"OSA d\u2019Oman\" \/>\n<meta property=\"og:url\" content=\"https:\/\/u-intosai.org\/fr\/podcasts\/podcast-des-organes-supremes-de-laudit-du-royaume-doman\/\" \/>\n<meta property=\"og:site_name\" content=\"U-INTOSAI\" \/>\n<meta property=\"article:modified_time\" content=\"2022-03-15T10:51:35+00:00\" \/>\n<meta property=\"og:image\" content=\"https:\/\/u-intosai.org\/wp-content\/uploads\/2022\/03\/1926598162956125.jpg\" \/>\n\t<meta property=\"og:image:width\" content=\"800\" \/>\n\t<meta property=\"og:image:height\" content=\"800\" \/>\n\t<meta property=\"og:image:type\" content=\"image\/jpeg\" \/>\n<meta name=\"twitter:card\" content=\"summary_large_image\" \/>\n<meta name=\"twitter:site\" content=\"@Incosai2019\" \/>\n<meta name=\"twitter:label1\" content=\"Dur\u00e9e de lecture estim\u00e9e\" \/>\n\t<meta name=\"twitter:data1\" content=\"1 minute\" \/>\n<script type=\"application\/ld+json\" class=\"yoast-schema-graph\">{\"@context\":\"https:\\\/\\\/schema.org\",\"@graph\":[{\"@type\":\"WebPage\",\"@id\":\"https:\\\/\\\/u-intosai.org\\\/fr\\\/podcasts\\\/podcast-des-organes-supremes-de-laudit-du-royaume-doman\\\/\",\"url\":\"https:\\\/\\\/u-intosai.org\\\/fr\\\/podcasts\\\/podcast-des-organes-supremes-de-laudit-du-royaume-doman\\\/\",\"name\":\"OSA d\u2019Oman | U-INTOSAI\",\"isPartOf\":{\"@id\":\"https:\\\/\\\/u-intosai.org\\\/fr\\\/#website\"},\"primaryImageOfPage\":{\"@id\":\"https:\\\/\\\/u-intosai.org\\\/fr\\\/podcasts\\\/podcast-des-organes-supremes-de-laudit-du-royaume-doman\\\/#primaryimage\"},\"image\":{\"@id\":\"https:\\\/\\\/u-intosai.org\\\/fr\\\/podcasts\\\/podcast-des-organes-supremes-de-laudit-du-royaume-doman\\\/#primaryimage\"},\"thumbnailUrl\":\"https:\\\/\\\/u-intosai.org\\\/wp-content\\\/uploads\\\/2022\\\/03\\\/1926598162956125.jpg\",\"datePublished\":\"2022-03-15T10:43:48+00:00\",\"dateModified\":\"2022-03-15T10:51:35+00:00\",\"description\":\"OSA d\u2019Oman\",\"breadcrumb\":{\"@id\":\"https:\\\/\\\/u-intosai.org\\\/fr\\\/podcasts\\\/podcast-des-organes-supremes-de-laudit-du-royaume-doman\\\/#breadcrumb\"},\"inLanguage\":\"fr-FR\",\"potentialAction\":[{\"@type\":\"ReadAction\",\"target\":[\"https:\\\/\\\/u-intosai.org\\\/fr\\\/podcasts\\\/podcast-des-organes-supremes-de-laudit-du-royaume-doman\\\/\"]}]},{\"@type\":\"ImageObject\",\"inLanguage\":\"fr-FR\",\"@id\":\"https:\\\/\\\/u-intosai.org\\\/fr\\\/podcasts\\\/podcast-des-organes-supremes-de-laudit-du-royaume-doman\\\/#primaryimage\",\"url\":\"https:\\\/\\\/u-intosai.org\\\/wp-content\\\/uploads\\\/2022\\\/03\\\/1926598162956125.jpg\",\"contentUrl\":\"https:\\\/\\\/u-intosai.org\\\/wp-content\\\/uploads\\\/2022\\\/03\\\/1926598162956125.jpg\",\"width\":800,\"height\":800},{\"@type\":\"BreadcrumbList\",\"@id\":\"https:\\\/\\\/u-intosai.org\\\/fr\\\/podcasts\\\/podcast-des-organes-supremes-de-laudit-du-royaume-doman\\\/#breadcrumb\",\"itemListElement\":[{\"@type\":\"ListItem\",\"position\":1,\"name\":\"U-INTOSAI\",\"item\":\"https:\\\/\\\/u-intosai.org\\\/fr\\\/\"},{\"@type\":\"ListItem\",\"position\":2,\"name\":\"Podcasts\",\"item\":\"https:\\\/\\\/u-intosai.org\\\/fr\\\/podcasts\\\/\"},{\"@type\":\"ListItem\",\"position\":3,\"name\":\"OSA d\u2019Oman\"}]},{\"@type\":\"WebSite\",\"@id\":\"https:\\\/\\\/u-intosai.org\\\/fr\\\/#website\",\"url\":\"https:\\\/\\\/u-intosai.org\\\/fr\\\/\",\"name\":\"U-INTOSAI\",\"description\":\"U-INTOSAI is an open online educational platform for all INTOSAI members created as a unique space for exchanging experience and advanced knowledge.\",\"publisher\":{\"@id\":\"https:\\\/\\\/u-intosai.org\\\/fr\\\/#organization\"},\"potentialAction\":[{\"@type\":\"SearchAction\",\"target\":{\"@type\":\"EntryPoint\",\"urlTemplate\":\"https:\\\/\\\/u-intosai.org\\\/fr\\\/?s={search_term_string}\"},\"query-input\":{\"@type\":\"PropertyValueSpecification\",\"valueRequired\":true,\"valueName\":\"search_term_string\"}}],\"inLanguage\":\"fr-FR\"},{\"@type\":\"Organization\",\"@id\":\"https:\\\/\\\/u-intosai.org\\\/fr\\\/#organization\",\"name\":\"U-INTOSAI \u2014 University of INTOSAI\",\"url\":\"https:\\\/\\\/u-intosai.org\\\/fr\\\/\",\"logo\":{\"@type\":\"ImageObject\",\"inLanguage\":\"fr-FR\",\"@id\":\"https:\\\/\\\/u-intosai.org\\\/fr\\\/#\\\/schema\\\/logo\\\/image\\\/\",\"url\":\"https:\\\/\\\/u-intosai.org\\\/wp-content\\\/uploads\\\/2021\\\/08\\\/miniu-intosai-logo.png\",\"contentUrl\":\"https:\\\/\\\/u-intosai.org\\\/wp-content\\\/uploads\\\/2021\\\/08\\\/miniu-intosai-logo.png\",\"width\":1000,\"height\":479,\"caption\":\"U-INTOSAI \u2014 University of INTOSAI\"},\"image\":{\"@id\":\"https:\\\/\\\/u-intosai.org\\\/fr\\\/#\\\/schema\\\/logo\\\/image\\\/\"},\"sameAs\":[\"https:\\\/\\\/x.com\\\/Incosai2019\",\"https:\\\/\\\/www.youtube.com\\\/channel\\\/UCjD--8sXtgxoPrxRQ_rz5GQ\"]}]}<\/script>\n<!-- \/ Yoast SEO plugin. -->","yoast_head_json":{"title":"OSA d\u2019Oman | U-INTOSAI","description":"OSA d\u2019Oman","robots":{"index":"index","follow":"follow","max-snippet":"max-snippet:-1","max-image-preview":"max-image-preview:large","max-video-preview":"max-video-preview:-1"},"canonical":"https:\/\/u-intosai.org\/fr\/podcasts\/podcast-des-organes-supremes-de-laudit-du-royaume-doman\/","og_locale":"fr_FR","og_type":"article","og_title":"OSA d\u2019Oman | U-INTOSAI","og_description":"OSA d\u2019Oman","og_url":"https:\/\/u-intosai.org\/fr\/podcasts\/podcast-des-organes-supremes-de-laudit-du-royaume-doman\/","og_site_name":"U-INTOSAI","article_modified_time":"2022-03-15T10:51:35+00:00","og_image":[{"width":800,"height":800,"url":"https:\/\/u-intosai.org\/wp-content\/uploads\/2022\/03\/1926598162956125.jpg","type":"image\/jpeg"}],"twitter_card":"summary_large_image","twitter_site":"@Incosai2019","twitter_misc":{"Dur\u00e9e de lecture estim\u00e9e":"1 minute"},"schema":{"@context":"https:\/\/schema.org","@graph":[{"@type":"WebPage","@id":"https:\/\/u-intosai.org\/fr\/podcasts\/podcast-des-organes-supremes-de-laudit-du-royaume-doman\/","url":"https:\/\/u-intosai.org\/fr\/podcasts\/podcast-des-organes-supremes-de-laudit-du-royaume-doman\/","name":"OSA d\u2019Oman | U-INTOSAI","isPartOf":{"@id":"https:\/\/u-intosai.org\/fr\/#website"},"primaryImageOfPage":{"@id":"https:\/\/u-intosai.org\/fr\/podcasts\/podcast-des-organes-supremes-de-laudit-du-royaume-doman\/#primaryimage"},"image":{"@id":"https:\/\/u-intosai.org\/fr\/podcasts\/podcast-des-organes-supremes-de-laudit-du-royaume-doman\/#primaryimage"},"thumbnailUrl":"https:\/\/u-intosai.org\/wp-content\/uploads\/2022\/03\/1926598162956125.jpg","datePublished":"2022-03-15T10:43:48+00:00","dateModified":"2022-03-15T10:51:35+00:00","description":"OSA d\u2019Oman","breadcrumb":{"@id":"https:\/\/u-intosai.org\/fr\/podcasts\/podcast-des-organes-supremes-de-laudit-du-royaume-doman\/#breadcrumb"},"inLanguage":"fr-FR","potentialAction":[{"@type":"ReadAction","target":["https:\/\/u-intosai.org\/fr\/podcasts\/podcast-des-organes-supremes-de-laudit-du-royaume-doman\/"]}]},{"@type":"ImageObject","inLanguage":"fr-FR","@id":"https:\/\/u-intosai.org\/fr\/podcasts\/podcast-des-organes-supremes-de-laudit-du-royaume-doman\/#primaryimage","url":"https:\/\/u-intosai.org\/wp-content\/uploads\/2022\/03\/1926598162956125.jpg","contentUrl":"https:\/\/u-intosai.org\/wp-content\/uploads\/2022\/03\/1926598162956125.jpg","width":800,"height":800},{"@type":"BreadcrumbList","@id":"https:\/\/u-intosai.org\/fr\/podcasts\/podcast-des-organes-supremes-de-laudit-du-royaume-doman\/#breadcrumb","itemListElement":[{"@type":"ListItem","position":1,"name":"U-INTOSAI","item":"https:\/\/u-intosai.org\/fr\/"},{"@type":"ListItem","position":2,"name":"Podcasts","item":"https:\/\/u-intosai.org\/fr\/podcasts\/"},{"@type":"ListItem","position":3,"name":"OSA d\u2019Oman"}]},{"@type":"WebSite","@id":"https:\/\/u-intosai.org\/fr\/#website","url":"https:\/\/u-intosai.org\/fr\/","name":"U-INTOSAI","description":"U-INTOSAI is an open online educational platform for all INTOSAI members created as a unique space for exchanging experience and advanced knowledge.","publisher":{"@id":"https:\/\/u-intosai.org\/fr\/#organization"},"potentialAction":[{"@type":"SearchAction","target":{"@type":"EntryPoint","urlTemplate":"https:\/\/u-intosai.org\/fr\/?s={search_term_string}"},"query-input":{"@type":"PropertyValueSpecification","valueRequired":true,"valueName":"search_term_string"}}],"inLanguage":"fr-FR"},{"@type":"Organization","@id":"https:\/\/u-intosai.org\/fr\/#organization","name":"U-INTOSAI \u2014 University of INTOSAI","url":"https:\/\/u-intosai.org\/fr\/","logo":{"@type":"ImageObject","inLanguage":"fr-FR","@id":"https:\/\/u-intosai.org\/fr\/#\/schema\/logo\/image\/","url":"https:\/\/u-intosai.org\/wp-content\/uploads\/2021\/08\/miniu-intosai-logo.png","contentUrl":"https:\/\/u-intosai.org\/wp-content\/uploads\/2021\/08\/miniu-intosai-logo.png","width":1000,"height":479,"caption":"U-INTOSAI \u2014 University of INTOSAI"},"image":{"@id":"https:\/\/u-intosai.org\/fr\/#\/schema\/logo\/image\/"},"sameAs":["https:\/\/x.com\/Incosai2019","https:\/\/www.youtube.com\/channel\/UCjD--8sXtgxoPrxRQ_rz5GQ"]}]}},"_links":{"self":[{"href":"https:\/\/u-intosai.org\/fr\/wp-json\/wp\/v2\/pages\/12794","targetHints":{"allow":["GET"]}}],"collection":[{"href":"https:\/\/u-intosai.org\/fr\/wp-json\/wp\/v2\/pages"}],"about":[{"href":"https:\/\/u-intosai.org\/fr\/wp-json\/wp\/v2\/types\/page"}],"author":[{"embeddable":true,"href":"https:\/\/u-intosai.org\/fr\/wp-json\/wp\/v2\/users\/1"}],"replies":[{"embeddable":true,"href":"https:\/\/u-intosai.org\/fr\/wp-json\/wp\/v2\/comments?post=12794"}],"version-history":[{"count":8,"href":"https:\/\/u-intosai.org\/fr\/wp-json\/wp\/v2\/pages\/12794\/revisions"}],"predecessor-version":[{"id":12807,"href":"https:\/\/u-intosai.org\/fr\/wp-json\/wp\/v2\/pages\/12794\/revisions\/12807"}],"up":[{"embeddable":true,"href":"https:\/\/u-intosai.org\/fr\/wp-json\/wp\/v2\/pages\/7656"}],"wp:featuredmedia":[{"embeddable":true,"href":"https:\/\/u-intosai.org\/fr\/wp-json\/wp\/v2\/media\/12769"}],"wp:attachment":[{"href":"https:\/\/u-intosai.org\/fr\/wp-json\/wp\/v2\/media?parent=12794"}],"curies":[{"name":"wp","href":"https:\/\/api.w.org\/{rel}","templated":true}]}}