{"id":18576,"date":"2022-08-08T22:06:45","date_gmt":"2022-08-08T19:06:45","guid":{"rendered":"https:\/\/u-intosai.org\/podcasts\/lets-talk-trade-wto-podcast\/"},"modified":"2022-08-10T20:41:10","modified_gmt":"2022-08-10T17:41:10","slug":"lets-talk-trade-wto-podcast","status":"publish","type":"page","link":"https:\/\/u-intosai.org\/fr\/podcasts\/lets-talk-trade-wto-podcast\/","title":{"rendered":"Parlons du commerce. Podcast de l\u2019Organisation mondiale du commerce (OMC)"},"content":{"rendered":"<div class=\"wpb-content-wrapper\"><p>[vc_row][vc_column][vc_custom_heading text=\u00a0\u00bbParlons du commerce. Podcast de l\u2019Organisation mondiale du commerce (OMC)\u00a0\u00bb font_container=\u00a0\u00bbtag:h1|text_align:left\u00a0\u00bb use_theme_fonts=\u00a0\u00bbyes\u00a0\u00bb][vc_column_text]<\/p>\n<p><a href=\"https:\/\/podcasts.apple.com\/podcast\/lets-talk-trade-by-wto\/id1586366690\" target=\"_blank\" rel=\"noopener\">Parlons du commerce. Podcast de l\u2019Organisation mondiale du commerce (OMC)<\/a><\/p>\n<p>Chaque saison du podcast r\u00e9v\u00e8le un nouveau th\u00e8me et fait parler des invit\u00e9s sur ce que le commerce repr\u00e9sente pour eux et sur le r\u00f4le de l\u2019Organisation mondiale du commerce.<\/p>\n<p>Langue &#8211; Anglais<\/p>\n<p>[\/vc_column_text][vc_raw_html]JTNDaWZyYW1lJTIwYWxsb3clM0QlMjJhdXRvcGxheSUyMCUyQSUzQiUyMGVuY3J5cHRlZC1tZWRpYSUyMCUyQSUzQiUyMGZ1bGxzY3JlZW4lMjAlMkElM0IlMjBjbGlwYm9hcmQtd3JpdGUlMjIlMjBmcmFtZWJvcmRlciUzRCUyMjAlMjIlMjBoZWlnaHQlM0QlMjI0NTAlMjIlMjBzdHlsZSUzRCUyMndpZHRoJTNBMTAwJTI1JTNCbWF4LXdpZHRoJTNBNjYwcHglM0JvdmVyZmxvdyUzQWhpZGRlbiUzQmJhY2tncm91bmQlM0F0cmFuc3BhcmVudCUzQiUyMiUyMHNhbmRib3glM0QlMjJhbGxvdy1mb3JtcyUyMGFsbG93LXBvcHVwcyUyMGFsbG93LXNhbWUtb3JpZ2luJTIwYWxsb3ctc2NyaXB0cyUyMGFsbG93LXN0b3JhZ2UtYWNjZXNzLWJ5LXVzZXItYWN0aXZhdGlvbiUyMGFsbG93LXRvcC1uYXZpZ2F0aW9uLWJ5LXVzZXItYWN0aXZhdGlvbiUyMiUyMHNyYyUzRCUyMmh0dHBzJTNBJTJGJTJGZW1iZWQucG9kY2FzdHMuYXBwbGUuY29tJTJGdXMlMkZwb2RjYXN0JTJGbGV0cy10YWxrLXRyYWRlLWJ5LXd0byUyRmlkMTU4NjM2NjY5MCUyMiUzRSUzQyUyRmlmcmFtZSUzRQ==[\/vc_raw_html][\/vc_column][\/vc_row]<\/p>\n<\/div>","protected":false},"excerpt":{"rendered":"<p>[vc_row][vc_column][vc_custom_heading text=\u00a0\u00bbParlons du commerce. Podcast de l\u2019Organisation mondiale du commerce (OMC)\u00a0\u00bb font_container=\u00a0\u00bbtag:h1|text_align:left\u00a0\u00bb use_theme_fonts=\u00a0\u00bbyes\u00a0\u00bb][vc_column_text] Parlons du commerce. Podcast de l\u2019Organisation mondiale du commerce (OMC) Chaque saison du podcast r\u00e9v\u00e8le un nouveau th\u00e8me et fait parler des invit\u00e9s sur ce que le commerce repr\u00e9sente pour eux et sur le r\u00f4le de l\u2019Organisation mondiale du commerce. Langue &#8211; [&hellip;]<\/p>\n","protected":false},"author":1,"featured_media":0,"parent":7656,"menu_order":0,"comment_status":"closed","ping_status":"closed","template":"","meta":{"_acf_changed":false,"pmpro_default_level":"","footnotes":""},"class_list":["post-18576","page","type-page","status-publish","hentry","pmpro-has-access"],"acf":[],"yoast_head":"<!-- This site is optimized with the Yoast SEO plugin v27.3 - https:\/\/yoast.com\/product\/yoast-seo-wordpress\/ -->\n<title>Parlons du commerce. Podcast de l\u2019Organisation mondiale du commerce (OMC) | U-INTOSAI<\/title>\n<meta name=\"description\" content=\"Parlons du commerce. Podcast de l\u2019Organisation mondiale du commerce (OMC)\" \/>\n<meta name=\"robots\" content=\"index, follow, max-snippet:-1, max-image-preview:large, max-video-preview:-1\" \/>\n<link rel=\"canonical\" href=\"https:\/\/u-intosai.org\/fr\/podcasts\/lets-talk-trade-wto-podcast\/\" \/>\n<meta property=\"og:locale\" content=\"fr_FR\" \/>\n<meta property=\"og:type\" content=\"article\" \/>\n<meta property=\"og:title\" content=\"Parlons du commerce. Podcast de l\u2019Organisation mondiale du commerce (OMC) | U-INTOSAI\" \/>\n<meta property=\"og:description\" content=\"Parlons du commerce. Podcast de l\u2019Organisation mondiale du commerce (OMC)\" \/>\n<meta property=\"og:url\" content=\"https:\/\/u-intosai.org\/fr\/podcasts\/lets-talk-trade-wto-podcast\/\" \/>\n<meta property=\"og:site_name\" content=\"U-INTOSAI\" \/>\n<meta property=\"article:modified_time\" content=\"2022-08-10T17:41:10+00:00\" \/>\n<meta property=\"og:image\" content=\"https:\/\/u-intosai.org\/wp-content\/uploads\/2022\/01\/video-poster-11920x1080-1.jpg\" \/>\n\t<meta property=\"og:image:width\" content=\"1920\" \/>\n\t<meta property=\"og:image:height\" content=\"1080\" \/>\n\t<meta property=\"og:image:type\" content=\"image\/jpeg\" \/>\n<meta name=\"twitter:card\" content=\"summary_large_image\" \/>\n<meta name=\"twitter:site\" content=\"@Incosai2019\" \/>\n<meta name=\"twitter:label1\" content=\"Dur\u00e9e de lecture estim\u00e9e\" \/>\n\t<meta name=\"twitter:data1\" content=\"1 minute\" \/>\n<script type=\"application\/ld+json\" class=\"yoast-schema-graph\">{\"@context\":\"https:\\\/\\\/schema.org\",\"@graph\":[{\"@type\":\"WebPage\",\"@id\":\"https:\\\/\\\/u-intosai.org\\\/fr\\\/podcasts\\\/lets-talk-trade-wto-podcast\\\/\",\"url\":\"https:\\\/\\\/u-intosai.org\\\/fr\\\/podcasts\\\/lets-talk-trade-wto-podcast\\\/\",\"name\":\"Parlons du commerce. Podcast de l\u2019Organisation mondiale du commerce (OMC) | U-INTOSAI\",\"isPartOf\":{\"@id\":\"https:\\\/\\\/u-intosai.org\\\/fr\\\/#website\"},\"datePublished\":\"2022-08-08T19:06:45+00:00\",\"dateModified\":\"2022-08-10T17:41:10+00:00\",\"description\":\"Parlons du commerce. Podcast de l\u2019Organisation mondiale du commerce (OMC)\",\"breadcrumb\":{\"@id\":\"https:\\\/\\\/u-intosai.org\\\/fr\\\/podcasts\\\/lets-talk-trade-wto-podcast\\\/#breadcrumb\"},\"inLanguage\":\"fr-FR\",\"potentialAction\":[{\"@type\":\"ReadAction\",\"target\":[\"https:\\\/\\\/u-intosai.org\\\/fr\\\/podcasts\\\/lets-talk-trade-wto-podcast\\\/\"]}]},{\"@type\":\"BreadcrumbList\",\"@id\":\"https:\\\/\\\/u-intosai.org\\\/fr\\\/podcasts\\\/lets-talk-trade-wto-podcast\\\/#breadcrumb\",\"itemListElement\":[{\"@type\":\"ListItem\",\"position\":1,\"name\":\"U-INTOSAI\",\"item\":\"https:\\\/\\\/u-intosai.org\\\/fr\\\/\"},{\"@type\":\"ListItem\",\"position\":2,\"name\":\"Podcasts\",\"item\":\"https:\\\/\\\/u-intosai.org\\\/fr\\\/podcasts\\\/\"},{\"@type\":\"ListItem\",\"position\":3,\"name\":\"Parlons du commerce. Podcast de l\u2019Organisation mondiale du commerce (OMC)\"}]},{\"@type\":\"WebSite\",\"@id\":\"https:\\\/\\\/u-intosai.org\\\/fr\\\/#website\",\"url\":\"https:\\\/\\\/u-intosai.org\\\/fr\\\/\",\"name\":\"U-INTOSAI\",\"description\":\"U-INTOSAI is an open online educational platform for all INTOSAI members created as a unique space for exchanging experience and advanced knowledge.\",\"publisher\":{\"@id\":\"https:\\\/\\\/u-intosai.org\\\/fr\\\/#organization\"},\"potentialAction\":[{\"@type\":\"SearchAction\",\"target\":{\"@type\":\"EntryPoint\",\"urlTemplate\":\"https:\\\/\\\/u-intosai.org\\\/fr\\\/?s={search_term_string}\"},\"query-input\":{\"@type\":\"PropertyValueSpecification\",\"valueRequired\":true,\"valueName\":\"search_term_string\"}}],\"inLanguage\":\"fr-FR\"},{\"@type\":\"Organization\",\"@id\":\"https:\\\/\\\/u-intosai.org\\\/fr\\\/#organization\",\"name\":\"U-INTOSAI \u2014 University of INTOSAI\",\"url\":\"https:\\\/\\\/u-intosai.org\\\/fr\\\/\",\"logo\":{\"@type\":\"ImageObject\",\"inLanguage\":\"fr-FR\",\"@id\":\"https:\\\/\\\/u-intosai.org\\\/fr\\\/#\\\/schema\\\/logo\\\/image\\\/\",\"url\":\"https:\\\/\\\/u-intosai.org\\\/wp-content\\\/uploads\\\/2021\\\/08\\\/miniu-intosai-logo.png\",\"contentUrl\":\"https:\\\/\\\/u-intosai.org\\\/wp-content\\\/uploads\\\/2021\\\/08\\\/miniu-intosai-logo.png\",\"width\":1000,\"height\":479,\"caption\":\"U-INTOSAI \u2014 University of INTOSAI\"},\"image\":{\"@id\":\"https:\\\/\\\/u-intosai.org\\\/fr\\\/#\\\/schema\\\/logo\\\/image\\\/\"},\"sameAs\":[\"https:\\\/\\\/x.com\\\/Incosai2019\",\"https:\\\/\\\/www.youtube.com\\\/channel\\\/UCjD--8sXtgxoPrxRQ_rz5GQ\"]}]}<\/script>\n<!-- \/ Yoast SEO plugin. -->","yoast_head_json":{"title":"Parlons du commerce. Podcast de l\u2019Organisation mondiale du commerce (OMC) | U-INTOSAI","description":"Parlons du commerce. Podcast de l\u2019Organisation mondiale du commerce (OMC)","robots":{"index":"index","follow":"follow","max-snippet":"max-snippet:-1","max-image-preview":"max-image-preview:large","max-video-preview":"max-video-preview:-1"},"canonical":"https:\/\/u-intosai.org\/fr\/podcasts\/lets-talk-trade-wto-podcast\/","og_locale":"fr_FR","og_type":"article","og_title":"Parlons du commerce. Podcast de l\u2019Organisation mondiale du commerce (OMC) | U-INTOSAI","og_description":"Parlons du commerce. Podcast de l\u2019Organisation mondiale du commerce (OMC)","og_url":"https:\/\/u-intosai.org\/fr\/podcasts\/lets-talk-trade-wto-podcast\/","og_site_name":"U-INTOSAI","article_modified_time":"2022-08-10T17:41:10+00:00","og_image":[{"width":1920,"height":1080,"url":"https:\/\/u-intosai.org\/wp-content\/uploads\/2022\/01\/video-poster-11920x1080-1.jpg","type":"image\/jpeg"}],"twitter_card":"summary_large_image","twitter_site":"@Incosai2019","twitter_misc":{"Dur\u00e9e de lecture estim\u00e9e":"1 minute"},"schema":{"@context":"https:\/\/schema.org","@graph":[{"@type":"WebPage","@id":"https:\/\/u-intosai.org\/fr\/podcasts\/lets-talk-trade-wto-podcast\/","url":"https:\/\/u-intosai.org\/fr\/podcasts\/lets-talk-trade-wto-podcast\/","name":"Parlons du commerce. Podcast de l\u2019Organisation mondiale du commerce (OMC) | U-INTOSAI","isPartOf":{"@id":"https:\/\/u-intosai.org\/fr\/#website"},"datePublished":"2022-08-08T19:06:45+00:00","dateModified":"2022-08-10T17:41:10+00:00","description":"Parlons du commerce. Podcast de l\u2019Organisation mondiale du commerce (OMC)","breadcrumb":{"@id":"https:\/\/u-intosai.org\/fr\/podcasts\/lets-talk-trade-wto-podcast\/#breadcrumb"},"inLanguage":"fr-FR","potentialAction":[{"@type":"ReadAction","target":["https:\/\/u-intosai.org\/fr\/podcasts\/lets-talk-trade-wto-podcast\/"]}]},{"@type":"BreadcrumbList","@id":"https:\/\/u-intosai.org\/fr\/podcasts\/lets-talk-trade-wto-podcast\/#breadcrumb","itemListElement":[{"@type":"ListItem","position":1,"name":"U-INTOSAI","item":"https:\/\/u-intosai.org\/fr\/"},{"@type":"ListItem","position":2,"name":"Podcasts","item":"https:\/\/u-intosai.org\/fr\/podcasts\/"},{"@type":"ListItem","position":3,"name":"Parlons du commerce. Podcast de l\u2019Organisation mondiale du commerce (OMC)"}]},{"@type":"WebSite","@id":"https:\/\/u-intosai.org\/fr\/#website","url":"https:\/\/u-intosai.org\/fr\/","name":"U-INTOSAI","description":"U-INTOSAI is an open online educational platform for all INTOSAI members created as a unique space for exchanging experience and advanced knowledge.","publisher":{"@id":"https:\/\/u-intosai.org\/fr\/#organization"},"potentialAction":[{"@type":"SearchAction","target":{"@type":"EntryPoint","urlTemplate":"https:\/\/u-intosai.org\/fr\/?s={search_term_string}"},"query-input":{"@type":"PropertyValueSpecification","valueRequired":true,"valueName":"search_term_string"}}],"inLanguage":"fr-FR"},{"@type":"Organization","@id":"https:\/\/u-intosai.org\/fr\/#organization","name":"U-INTOSAI \u2014 University of INTOSAI","url":"https:\/\/u-intosai.org\/fr\/","logo":{"@type":"ImageObject","inLanguage":"fr-FR","@id":"https:\/\/u-intosai.org\/fr\/#\/schema\/logo\/image\/","url":"https:\/\/u-intosai.org\/wp-content\/uploads\/2021\/08\/miniu-intosai-logo.png","contentUrl":"https:\/\/u-intosai.org\/wp-content\/uploads\/2021\/08\/miniu-intosai-logo.png","width":1000,"height":479,"caption":"U-INTOSAI \u2014 University of INTOSAI"},"image":{"@id":"https:\/\/u-intosai.org\/fr\/#\/schema\/logo\/image\/"},"sameAs":["https:\/\/x.com\/Incosai2019","https:\/\/www.youtube.com\/channel\/UCjD--8sXtgxoPrxRQ_rz5GQ"]}]}},"_links":{"self":[{"href":"https:\/\/u-intosai.org\/fr\/wp-json\/wp\/v2\/pages\/18576","targetHints":{"allow":["GET"]}}],"collection":[{"href":"https:\/\/u-intosai.org\/fr\/wp-json\/wp\/v2\/pages"}],"about":[{"href":"https:\/\/u-intosai.org\/fr\/wp-json\/wp\/v2\/types\/page"}],"author":[{"embeddable":true,"href":"https:\/\/u-intosai.org\/fr\/wp-json\/wp\/v2\/users\/1"}],"replies":[{"embeddable":true,"href":"https:\/\/u-intosai.org\/fr\/wp-json\/wp\/v2\/comments?post=18576"}],"version-history":[{"count":4,"href":"https:\/\/u-intosai.org\/fr\/wp-json\/wp\/v2\/pages\/18576\/revisions"}],"predecessor-version":[{"id":18761,"href":"https:\/\/u-intosai.org\/fr\/wp-json\/wp\/v2\/pages\/18576\/revisions\/18761"}],"up":[{"embeddable":true,"href":"https:\/\/u-intosai.org\/fr\/wp-json\/wp\/v2\/pages\/7656"}],"wp:attachment":[{"href":"https:\/\/u-intosai.org\/fr\/wp-json\/wp\/v2\/media?parent=18576"}],"curies":[{"name":"wp","href":"https:\/\/api.w.org\/{rel}","templated":true}]}}