{"id":44615,"date":"2024-07-29T11:21:34","date_gmt":"2024-07-29T08:21:34","guid":{"rendered":"https:\/\/u-intosai.org\/podcasts\/how-to-governance-idi-podcast\/"},"modified":"2024-08-26T18:16:22","modified_gmt":"2024-08-26T15:16:22","slug":"how-to-governance-idi-podcast","status":"publish","type":"page","link":"https:\/\/u-intosai.org\/fr\/podcasts\/how-to-governance-idi-podcast\/","title":{"rendered":"Gestion efficace. Podcast de l\u2019Initiative de d\u00e9veloppement de l\u2019INTOSAI"},"content":{"rendered":"<div class=\"wpb-content-wrapper\"><p>[vc_row][vc_column][vc_custom_heading text=\u00a0\u00bbGestion efficace. Podcast de l\u2019Initiative de d\u00e9veloppement de l\u2019INTOSAI\u00a0\u00bb font_container=\u00a0\u00bbtag:h1|text_align:left\u00a0\u00bb use_theme_fonts=\u00a0\u00bbyes\u00a0\u00bb css=\u00a0\u00bb\u00a0\u00bb][vc_column_text css=\u00a0\u00bb\u00a0\u00bb]<\/p>\n<p>Dans une s\u00e9rie de podcasts, l\u2019Initiative de d\u00e9veloppement de l\u2019INTOSAI discute de l\u2019impact des d\u00e9cisions des Institutions sup\u00e9rieures de contr\u00f4le sur l\u2019avenir de l\u2019ensemble du secteur public. Les experts invit\u00e9s discutent de sujets tels que la technologie, l\u2019\u00e9cologie, l\u2019administration publique et l\u2019efficacit\u00e9 des ISC.<\/p>\n<p><strong>Langue <\/strong>\u2013 l\u2019anglais<\/p>\n<p><a href=\"https:\/\/podcasts.apple.com\/us\/podcast\/idi-how-to-governance\/id1711371612\"><strong>Lien du podcast<\/strong><\/a><\/p>\n<p>[\/vc_column_text][vc_column_text css=\u00a0\u00bb\u00a0\u00bb]<iframe style=\"width: 100%; max-width: 660px; overflow: hidden; border-radius: 10px;\" src=\"https:\/\/embed.podcasts.apple.com\/us\/podcast\/idi-how-to-governance\/id1711371612\" height=\"450\" frameborder=\"0\" sandbox=\"allow-forms allow-popups allow-same-origin allow-scripts allow-storage-access-by-user-activation allow-top-navigation-by-user-activation\"><\/iframe>[\/vc_column_text][\/vc_column][\/vc_row]<\/p>\n<\/div>","protected":false},"excerpt":{"rendered":"<p>[vc_row][vc_column][vc_custom_heading text=\u00a0\u00bbGestion efficace. Podcast de l\u2019Initiative de d\u00e9veloppement de l\u2019INTOSAI\u00a0\u00bb font_container=\u00a0\u00bbtag:h1|text_align:left\u00a0\u00bb use_theme_fonts=\u00a0\u00bbyes\u00a0\u00bb css=\u00a0\u00bb\u00a0\u00bb][vc_column_text css=\u00a0\u00bb\u00a0\u00bb] Dans une s\u00e9rie de podcasts, l\u2019Initiative de d\u00e9veloppement de l\u2019INTOSAI discute de l\u2019impact des d\u00e9cisions des Institutions sup\u00e9rieures de contr\u00f4le sur l\u2019avenir de l\u2019ensemble du secteur public. Les experts invit\u00e9s discutent de sujets tels que la technologie, l\u2019\u00e9cologie, l\u2019administration publique et [&hellip;]<\/p>\n","protected":false},"author":1,"featured_media":44453,"parent":7656,"menu_order":0,"comment_status":"closed","ping_status":"closed","template":"","meta":{"_acf_changed":false,"pmpro_default_level":"","footnotes":""},"class_list":["post-44615","page","type-page","status-publish","has-post-thumbnail","hentry","pmpro-has-access"],"acf":[],"yoast_head":"<!-- This site is optimized with the Yoast SEO plugin v27.3 - https:\/\/yoast.com\/product\/yoast-seo-wordpress\/ -->\n<title>Gestion efficace. Podcast de l\u2019Initiative de d\u00e9veloppement de l\u2019INTOSAI | U-INTOSAI<\/title>\n<meta name=\"description\" content=\"Gestion efficace. Podcast de l\u2019Initiative de d\u00e9veloppement de l\u2019INTOSAI\" \/>\n<meta name=\"robots\" content=\"index, follow, max-snippet:-1, max-image-preview:large, max-video-preview:-1\" \/>\n<link rel=\"canonical\" href=\"https:\/\/u-intosai.org\/fr\/podcasts\/how-to-governance-idi-podcast\/\" \/>\n<meta property=\"og:locale\" content=\"fr_FR\" \/>\n<meta property=\"og:type\" content=\"article\" \/>\n<meta property=\"og:title\" content=\"Gestion efficace. Podcast de l\u2019Initiative de d\u00e9veloppement de l\u2019INTOSAI | U-INTOSAI\" \/>\n<meta property=\"og:description\" content=\"Gestion efficace. Podcast de l\u2019Initiative de d\u00e9veloppement de l\u2019INTOSAI\" \/>\n<meta property=\"og:url\" content=\"https:\/\/u-intosai.org\/fr\/podcasts\/how-to-governance-idi-podcast\/\" \/>\n<meta property=\"og:site_name\" content=\"U-INTOSAI\" \/>\n<meta property=\"article:modified_time\" content=\"2024-08-26T15:16:22+00:00\" \/>\n<meta property=\"og:image\" content=\"https:\/\/u-intosai.org\/wp-content\/uploads\/2024\/07\/23523523525435235235235235.jpg\" \/>\n\t<meta property=\"og:image:width\" content=\"276\" \/>\n\t<meta property=\"og:image:height\" content=\"272\" \/>\n\t<meta property=\"og:image:type\" content=\"image\/jpeg\" \/>\n<meta name=\"twitter:card\" content=\"summary_large_image\" \/>\n<meta name=\"twitter:site\" content=\"@Incosai2019\" \/>\n<meta name=\"twitter:label1\" content=\"Dur\u00e9e de lecture estim\u00e9e\" \/>\n\t<meta name=\"twitter:data1\" content=\"1 minute\" \/>\n<script type=\"application\/ld+json\" class=\"yoast-schema-graph\">{\"@context\":\"https:\\\/\\\/schema.org\",\"@graph\":[{\"@type\":\"WebPage\",\"@id\":\"https:\\\/\\\/u-intosai.org\\\/fr\\\/podcasts\\\/how-to-governance-idi-podcast\\\/\",\"url\":\"https:\\\/\\\/u-intosai.org\\\/fr\\\/podcasts\\\/how-to-governance-idi-podcast\\\/\",\"name\":\"Gestion efficace. Podcast de l\u2019Initiative de d\u00e9veloppement de l\u2019INTOSAI | U-INTOSAI\",\"isPartOf\":{\"@id\":\"https:\\\/\\\/u-intosai.org\\\/fr\\\/#website\"},\"primaryImageOfPage\":{\"@id\":\"https:\\\/\\\/u-intosai.org\\\/fr\\\/podcasts\\\/how-to-governance-idi-podcast\\\/#primaryimage\"},\"image\":{\"@id\":\"https:\\\/\\\/u-intosai.org\\\/fr\\\/podcasts\\\/how-to-governance-idi-podcast\\\/#primaryimage\"},\"thumbnailUrl\":\"https:\\\/\\\/u-intosai.org\\\/wp-content\\\/uploads\\\/2024\\\/07\\\/23523523525435235235235235.jpg\",\"datePublished\":\"2024-07-29T08:21:34+00:00\",\"dateModified\":\"2024-08-26T15:16:22+00:00\",\"description\":\"Gestion efficace. Podcast de l\u2019Initiative de d\u00e9veloppement de l\u2019INTOSAI\",\"breadcrumb\":{\"@id\":\"https:\\\/\\\/u-intosai.org\\\/fr\\\/podcasts\\\/how-to-governance-idi-podcast\\\/#breadcrumb\"},\"inLanguage\":\"fr-FR\",\"potentialAction\":[{\"@type\":\"ReadAction\",\"target\":[\"https:\\\/\\\/u-intosai.org\\\/fr\\\/podcasts\\\/how-to-governance-idi-podcast\\\/\"]}]},{\"@type\":\"ImageObject\",\"inLanguage\":\"fr-FR\",\"@id\":\"https:\\\/\\\/u-intosai.org\\\/fr\\\/podcasts\\\/how-to-governance-idi-podcast\\\/#primaryimage\",\"url\":\"https:\\\/\\\/u-intosai.org\\\/wp-content\\\/uploads\\\/2024\\\/07\\\/23523523525435235235235235.jpg\",\"contentUrl\":\"https:\\\/\\\/u-intosai.org\\\/wp-content\\\/uploads\\\/2024\\\/07\\\/23523523525435235235235235.jpg\",\"width\":276,\"height\":272},{\"@type\":\"BreadcrumbList\",\"@id\":\"https:\\\/\\\/u-intosai.org\\\/fr\\\/podcasts\\\/how-to-governance-idi-podcast\\\/#breadcrumb\",\"itemListElement\":[{\"@type\":\"ListItem\",\"position\":1,\"name\":\"U-INTOSAI\",\"item\":\"https:\\\/\\\/u-intosai.org\\\/fr\\\/\"},{\"@type\":\"ListItem\",\"position\":2,\"name\":\"Podcasts\",\"item\":\"https:\\\/\\\/u-intosai.org\\\/fr\\\/podcasts\\\/\"},{\"@type\":\"ListItem\",\"position\":3,\"name\":\"Gestion efficace. Podcast de l\u2019Initiative de d\u00e9veloppement de l\u2019INTOSAI\"}]},{\"@type\":\"WebSite\",\"@id\":\"https:\\\/\\\/u-intosai.org\\\/fr\\\/#website\",\"url\":\"https:\\\/\\\/u-intosai.org\\\/fr\\\/\",\"name\":\"U-INTOSAI\",\"description\":\"U-INTOSAI is an open online educational platform for all INTOSAI members created as a unique space for exchanging experience and advanced knowledge.\",\"publisher\":{\"@id\":\"https:\\\/\\\/u-intosai.org\\\/fr\\\/#organization\"},\"potentialAction\":[{\"@type\":\"SearchAction\",\"target\":{\"@type\":\"EntryPoint\",\"urlTemplate\":\"https:\\\/\\\/u-intosai.org\\\/fr\\\/?s={search_term_string}\"},\"query-input\":{\"@type\":\"PropertyValueSpecification\",\"valueRequired\":true,\"valueName\":\"search_term_string\"}}],\"inLanguage\":\"fr-FR\"},{\"@type\":\"Organization\",\"@id\":\"https:\\\/\\\/u-intosai.org\\\/fr\\\/#organization\",\"name\":\"U-INTOSAI \u2014 University of INTOSAI\",\"url\":\"https:\\\/\\\/u-intosai.org\\\/fr\\\/\",\"logo\":{\"@type\":\"ImageObject\",\"inLanguage\":\"fr-FR\",\"@id\":\"https:\\\/\\\/u-intosai.org\\\/fr\\\/#\\\/schema\\\/logo\\\/image\\\/\",\"url\":\"https:\\\/\\\/u-intosai.org\\\/wp-content\\\/uploads\\\/2021\\\/08\\\/miniu-intosai-logo.png\",\"contentUrl\":\"https:\\\/\\\/u-intosai.org\\\/wp-content\\\/uploads\\\/2021\\\/08\\\/miniu-intosai-logo.png\",\"width\":1000,\"height\":479,\"caption\":\"U-INTOSAI \u2014 University of INTOSAI\"},\"image\":{\"@id\":\"https:\\\/\\\/u-intosai.org\\\/fr\\\/#\\\/schema\\\/logo\\\/image\\\/\"},\"sameAs\":[\"https:\\\/\\\/x.com\\\/Incosai2019\",\"https:\\\/\\\/www.youtube.com\\\/channel\\\/UCjD--8sXtgxoPrxRQ_rz5GQ\"]}]}<\/script>\n<!-- \/ Yoast SEO plugin. -->","yoast_head_json":{"title":"Gestion efficace. Podcast de l\u2019Initiative de d\u00e9veloppement de l\u2019INTOSAI | U-INTOSAI","description":"Gestion efficace. Podcast de l\u2019Initiative de d\u00e9veloppement de l\u2019INTOSAI","robots":{"index":"index","follow":"follow","max-snippet":"max-snippet:-1","max-image-preview":"max-image-preview:large","max-video-preview":"max-video-preview:-1"},"canonical":"https:\/\/u-intosai.org\/fr\/podcasts\/how-to-governance-idi-podcast\/","og_locale":"fr_FR","og_type":"article","og_title":"Gestion efficace. Podcast de l\u2019Initiative de d\u00e9veloppement de l\u2019INTOSAI | U-INTOSAI","og_description":"Gestion efficace. Podcast de l\u2019Initiative de d\u00e9veloppement de l\u2019INTOSAI","og_url":"https:\/\/u-intosai.org\/fr\/podcasts\/how-to-governance-idi-podcast\/","og_site_name":"U-INTOSAI","article_modified_time":"2024-08-26T15:16:22+00:00","og_image":[{"width":276,"height":272,"url":"https:\/\/u-intosai.org\/wp-content\/uploads\/2024\/07\/23523523525435235235235235.jpg","type":"image\/jpeg"}],"twitter_card":"summary_large_image","twitter_site":"@Incosai2019","twitter_misc":{"Dur\u00e9e de lecture estim\u00e9e":"1 minute"},"schema":{"@context":"https:\/\/schema.org","@graph":[{"@type":"WebPage","@id":"https:\/\/u-intosai.org\/fr\/podcasts\/how-to-governance-idi-podcast\/","url":"https:\/\/u-intosai.org\/fr\/podcasts\/how-to-governance-idi-podcast\/","name":"Gestion efficace. Podcast de l\u2019Initiative de d\u00e9veloppement de l\u2019INTOSAI | U-INTOSAI","isPartOf":{"@id":"https:\/\/u-intosai.org\/fr\/#website"},"primaryImageOfPage":{"@id":"https:\/\/u-intosai.org\/fr\/podcasts\/how-to-governance-idi-podcast\/#primaryimage"},"image":{"@id":"https:\/\/u-intosai.org\/fr\/podcasts\/how-to-governance-idi-podcast\/#primaryimage"},"thumbnailUrl":"https:\/\/u-intosai.org\/wp-content\/uploads\/2024\/07\/23523523525435235235235235.jpg","datePublished":"2024-07-29T08:21:34+00:00","dateModified":"2024-08-26T15:16:22+00:00","description":"Gestion efficace. Podcast de l\u2019Initiative de d\u00e9veloppement de l\u2019INTOSAI","breadcrumb":{"@id":"https:\/\/u-intosai.org\/fr\/podcasts\/how-to-governance-idi-podcast\/#breadcrumb"},"inLanguage":"fr-FR","potentialAction":[{"@type":"ReadAction","target":["https:\/\/u-intosai.org\/fr\/podcasts\/how-to-governance-idi-podcast\/"]}]},{"@type":"ImageObject","inLanguage":"fr-FR","@id":"https:\/\/u-intosai.org\/fr\/podcasts\/how-to-governance-idi-podcast\/#primaryimage","url":"https:\/\/u-intosai.org\/wp-content\/uploads\/2024\/07\/23523523525435235235235235.jpg","contentUrl":"https:\/\/u-intosai.org\/wp-content\/uploads\/2024\/07\/23523523525435235235235235.jpg","width":276,"height":272},{"@type":"BreadcrumbList","@id":"https:\/\/u-intosai.org\/fr\/podcasts\/how-to-governance-idi-podcast\/#breadcrumb","itemListElement":[{"@type":"ListItem","position":1,"name":"U-INTOSAI","item":"https:\/\/u-intosai.org\/fr\/"},{"@type":"ListItem","position":2,"name":"Podcasts","item":"https:\/\/u-intosai.org\/fr\/podcasts\/"},{"@type":"ListItem","position":3,"name":"Gestion efficace. Podcast de l\u2019Initiative de d\u00e9veloppement de l\u2019INTOSAI"}]},{"@type":"WebSite","@id":"https:\/\/u-intosai.org\/fr\/#website","url":"https:\/\/u-intosai.org\/fr\/","name":"U-INTOSAI","description":"U-INTOSAI is an open online educational platform for all INTOSAI members created as a unique space for exchanging experience and advanced knowledge.","publisher":{"@id":"https:\/\/u-intosai.org\/fr\/#organization"},"potentialAction":[{"@type":"SearchAction","target":{"@type":"EntryPoint","urlTemplate":"https:\/\/u-intosai.org\/fr\/?s={search_term_string}"},"query-input":{"@type":"PropertyValueSpecification","valueRequired":true,"valueName":"search_term_string"}}],"inLanguage":"fr-FR"},{"@type":"Organization","@id":"https:\/\/u-intosai.org\/fr\/#organization","name":"U-INTOSAI \u2014 University of INTOSAI","url":"https:\/\/u-intosai.org\/fr\/","logo":{"@type":"ImageObject","inLanguage":"fr-FR","@id":"https:\/\/u-intosai.org\/fr\/#\/schema\/logo\/image\/","url":"https:\/\/u-intosai.org\/wp-content\/uploads\/2021\/08\/miniu-intosai-logo.png","contentUrl":"https:\/\/u-intosai.org\/wp-content\/uploads\/2021\/08\/miniu-intosai-logo.png","width":1000,"height":479,"caption":"U-INTOSAI \u2014 University of INTOSAI"},"image":{"@id":"https:\/\/u-intosai.org\/fr\/#\/schema\/logo\/image\/"},"sameAs":["https:\/\/x.com\/Incosai2019","https:\/\/www.youtube.com\/channel\/UCjD--8sXtgxoPrxRQ_rz5GQ"]}]}},"_links":{"self":[{"href":"https:\/\/u-intosai.org\/fr\/wp-json\/wp\/v2\/pages\/44615","targetHints":{"allow":["GET"]}}],"collection":[{"href":"https:\/\/u-intosai.org\/fr\/wp-json\/wp\/v2\/pages"}],"about":[{"href":"https:\/\/u-intosai.org\/fr\/wp-json\/wp\/v2\/types\/page"}],"author":[{"embeddable":true,"href":"https:\/\/u-intosai.org\/fr\/wp-json\/wp\/v2\/users\/1"}],"replies":[{"embeddable":true,"href":"https:\/\/u-intosai.org\/fr\/wp-json\/wp\/v2\/comments?post=44615"}],"version-history":[{"count":2,"href":"https:\/\/u-intosai.org\/fr\/wp-json\/wp\/v2\/pages\/44615\/revisions"}],"predecessor-version":[{"id":44622,"href":"https:\/\/u-intosai.org\/fr\/wp-json\/wp\/v2\/pages\/44615\/revisions\/44622"}],"up":[{"embeddable":true,"href":"https:\/\/u-intosai.org\/fr\/wp-json\/wp\/v2\/pages\/7656"}],"wp:featuredmedia":[{"embeddable":true,"href":"https:\/\/u-intosai.org\/fr\/wp-json\/wp\/v2\/media\/44453"}],"wp:attachment":[{"href":"https:\/\/u-intosai.org\/fr\/wp-json\/wp\/v2\/media?parent=44615"}],"curies":[{"name":"wp","href":"https:\/\/api.w.org\/{rel}","templated":true}]}}