{"id":44669,"date":"2015-07-29T12:33:24","date_gmt":"2015-07-29T09:33:24","guid":{"rendered":"https:\/\/u-intosai.org\/podcasts\/greenomics-oxford-economics-podcast\/"},"modified":"2024-08-26T22:39:35","modified_gmt":"2024-08-26T19:39:35","slug":"greenomics-oxford-economics-podcast","status":"publish","type":"page","link":"https:\/\/u-intosai.org\/fr\/podcasts\/greenomics-oxford-economics-podcast\/","title":{"rendered":"Greenomics. Podcast d\u2019Oxford Economics"},"content":{"rendered":"<div class=\"wpb-content-wrapper\"><p>[vc_row][vc_column][vc_custom_heading text=\u00a0\u00bbGreenomics. Podcast d\u2019Oxford Economics\u00a0\u00bb font_container=\u00a0\u00bbtag:h1|text_align:left\u00a0\u00bb use_theme_fonts=\u00a0\u00bbyes\u00a0\u00bb css=\u00a0\u00bb\u00a0\u00bb][vc_column_text css=\u00a0\u00bb\u00a0\u00bb]<\/p>\n<p>Greenomics est une s\u00e9rie de podcasts de la soci\u00e9t\u00e9 de conseil Oxford Economics qui examine les relations entre le climat, la nature et l\u2019\u00e9conomie mondiale.<\/p>\n<p><strong>Langue <\/strong>\u2013 l\u2019anglais<\/p>\n<p><a href=\"https:\/\/soundcloud.com\/oxfordeconomics\"><strong>Lien du podcast<\/strong><\/a><\/p>\n<p>[\/vc_column_text][vc_column_text css=\u00a0\u00bb\u00a0\u00bb]<iframe loading=\"lazy\" src=\"https:\/\/w.soundcloud.com\/player\/?url=https%3A\/\/api.soundcloud.com\/playlists\/1644822232&amp;color=%23ff5500&amp;auto_play=false&amp;hide_related=false&amp;show_comments=true&amp;show_user=true&amp;show_reposts=false&amp;show_teaser=true\" width=\"100%\" height=\"450\" frameborder=\"no\" scrolling=\"no\"><\/iframe><\/p>\n<div style=\"font-size: 10px; color: #cccccc; line-break: anywhere; word-break: normal; overflow: hidden; white-space: nowrap; text-overflow: ellipsis; font-family: Interstate,Lucida Grande,Lucida Sans Unicode,Lucida Sans,Garuda,Verdana,Tahoma,sans-serif; font-weight: 100;\"><a style=\"color: #cccccc; text-decoration: none;\" title=\"Oxford Economics\" href=\"https:\/\/soundcloud.com\/oxfordeconomics\" target=\"_blank\" rel=\"noopener\">Oxford Economics<\/a> \u00b7 <a style=\"color: #cccccc; text-decoration: none;\" title=\"Greenomics | A climate, sustainability and economics podcast from Oxford Economics\" href=\"https:\/\/soundcloud.com\/oxfordeconomics\/sets\/greenomics-a-climate\" target=\"_blank\" rel=\"noopener\">Greenomics | A climate, sustainability and economics podcast from Oxford Economics<\/a><\/div>\n<p>[\/vc_column_text][\/vc_column][\/vc_row]<\/p>\n<\/div>","protected":false},"excerpt":{"rendered":"<p>[vc_row][vc_column][vc_custom_heading text=\u00a0\u00bbGreenomics. Podcast d\u2019Oxford Economics\u00a0\u00bb font_container=\u00a0\u00bbtag:h1|text_align:left\u00a0\u00bb use_theme_fonts=\u00a0\u00bbyes\u00a0\u00bb css=\u00a0\u00bb\u00a0\u00bb][vc_column_text css=\u00a0\u00bb\u00a0\u00bb] Greenomics est une s\u00e9rie de podcasts de la soci\u00e9t\u00e9 de conseil Oxford Economics qui examine les relations entre le climat, la nature et l\u2019\u00e9conomie mondiale. Langue \u2013 l\u2019anglais Lien du podcast [\/vc_column_text][vc_column_text css=\u00a0\u00bb\u00a0\u00bb] Oxford Economics \u00b7 Greenomics | A climate, sustainability and economics podcast from Oxford [&hellip;]<\/p>\n","protected":false},"author":1,"featured_media":44488,"parent":7656,"menu_order":0,"comment_status":"closed","ping_status":"closed","template":"","meta":{"_acf_changed":false,"pmpro_default_level":"","footnotes":""},"class_list":["post-44669","page","type-page","status-publish","has-post-thumbnail","hentry","pmpro-has-access"],"acf":[],"yoast_head":"<!-- This site is optimized with the Yoast SEO plugin v27.3 - https:\/\/yoast.com\/product\/yoast-seo-wordpress\/ -->\n<title>Greenomics. Podcast d\u2019Oxford Economics | U-INTOSAI<\/title>\n<meta name=\"description\" content=\"Greenomics. Podcast d\u2019Oxford Economics\" \/>\n<meta name=\"robots\" content=\"index, follow, max-snippet:-1, max-image-preview:large, max-video-preview:-1\" \/>\n<link rel=\"canonical\" href=\"https:\/\/u-intosai.org\/fr\/podcasts\/greenomics-oxford-economics-podcast\/\" \/>\n<meta property=\"og:locale\" content=\"fr_FR\" \/>\n<meta property=\"og:type\" content=\"article\" \/>\n<meta property=\"og:title\" content=\"Greenomics. Podcast d\u2019Oxford Economics | U-INTOSAI\" \/>\n<meta property=\"og:description\" content=\"Greenomics. Podcast d\u2019Oxford Economics\" \/>\n<meta property=\"og:url\" content=\"https:\/\/u-intosai.org\/fr\/podcasts\/greenomics-oxford-economics-podcast\/\" \/>\n<meta property=\"og:site_name\" content=\"U-INTOSAI\" \/>\n<meta property=\"article:modified_time\" content=\"2024-08-26T19:39:35+00:00\" \/>\n<meta property=\"og:image\" content=\"https:\/\/u-intosai.org\/wp-content\/uploads\/2024\/07\/1285619826598612865981265.jpg\" \/>\n\t<meta property=\"og:image:width\" content=\"332\" \/>\n\t<meta property=\"og:image:height\" content=\"330\" \/>\n\t<meta property=\"og:image:type\" content=\"image\/jpeg\" \/>\n<meta name=\"twitter:card\" content=\"summary_large_image\" \/>\n<meta name=\"twitter:site\" content=\"@Incosai2019\" \/>\n<script type=\"application\/ld+json\" class=\"yoast-schema-graph\">{\"@context\":\"https:\\\/\\\/schema.org\",\"@graph\":[{\"@type\":\"WebPage\",\"@id\":\"https:\\\/\\\/u-intosai.org\\\/fr\\\/podcasts\\\/greenomics-oxford-economics-podcast\\\/\",\"url\":\"https:\\\/\\\/u-intosai.org\\\/fr\\\/podcasts\\\/greenomics-oxford-economics-podcast\\\/\",\"name\":\"Greenomics. Podcast d\u2019Oxford Economics | U-INTOSAI\",\"isPartOf\":{\"@id\":\"https:\\\/\\\/u-intosai.org\\\/fr\\\/#website\"},\"primaryImageOfPage\":{\"@id\":\"https:\\\/\\\/u-intosai.org\\\/fr\\\/podcasts\\\/greenomics-oxford-economics-podcast\\\/#primaryimage\"},\"image\":{\"@id\":\"https:\\\/\\\/u-intosai.org\\\/fr\\\/podcasts\\\/greenomics-oxford-economics-podcast\\\/#primaryimage\"},\"thumbnailUrl\":\"https:\\\/\\\/u-intosai.org\\\/wp-content\\\/uploads\\\/2024\\\/07\\\/1285619826598612865981265.jpg\",\"datePublished\":\"2015-07-29T09:33:24+00:00\",\"dateModified\":\"2024-08-26T19:39:35+00:00\",\"description\":\"Greenomics. Podcast d\u2019Oxford Economics\",\"breadcrumb\":{\"@id\":\"https:\\\/\\\/u-intosai.org\\\/fr\\\/podcasts\\\/greenomics-oxford-economics-podcast\\\/#breadcrumb\"},\"inLanguage\":\"fr-FR\",\"potentialAction\":[{\"@type\":\"ReadAction\",\"target\":[\"https:\\\/\\\/u-intosai.org\\\/fr\\\/podcasts\\\/greenomics-oxford-economics-podcast\\\/\"]}]},{\"@type\":\"ImageObject\",\"inLanguage\":\"fr-FR\",\"@id\":\"https:\\\/\\\/u-intosai.org\\\/fr\\\/podcasts\\\/greenomics-oxford-economics-podcast\\\/#primaryimage\",\"url\":\"https:\\\/\\\/u-intosai.org\\\/wp-content\\\/uploads\\\/2024\\\/07\\\/1285619826598612865981265.jpg\",\"contentUrl\":\"https:\\\/\\\/u-intosai.org\\\/wp-content\\\/uploads\\\/2024\\\/07\\\/1285619826598612865981265.jpg\",\"width\":332,\"height\":330},{\"@type\":\"BreadcrumbList\",\"@id\":\"https:\\\/\\\/u-intosai.org\\\/fr\\\/podcasts\\\/greenomics-oxford-economics-podcast\\\/#breadcrumb\",\"itemListElement\":[{\"@type\":\"ListItem\",\"position\":1,\"name\":\"U-INTOSAI\",\"item\":\"https:\\\/\\\/u-intosai.org\\\/fr\\\/\"},{\"@type\":\"ListItem\",\"position\":2,\"name\":\"Podcasts\",\"item\":\"https:\\\/\\\/u-intosai.org\\\/fr\\\/podcasts\\\/\"},{\"@type\":\"ListItem\",\"position\":3,\"name\":\"Greenomics. Podcast d\u2019Oxford Economics\"}]},{\"@type\":\"WebSite\",\"@id\":\"https:\\\/\\\/u-intosai.org\\\/fr\\\/#website\",\"url\":\"https:\\\/\\\/u-intosai.org\\\/fr\\\/\",\"name\":\"U-INTOSAI\",\"description\":\"U-INTOSAI is an open online educational platform for all INTOSAI members created as a unique space for exchanging experience and advanced knowledge.\",\"publisher\":{\"@id\":\"https:\\\/\\\/u-intosai.org\\\/fr\\\/#organization\"},\"potentialAction\":[{\"@type\":\"SearchAction\",\"target\":{\"@type\":\"EntryPoint\",\"urlTemplate\":\"https:\\\/\\\/u-intosai.org\\\/fr\\\/?s={search_term_string}\"},\"query-input\":{\"@type\":\"PropertyValueSpecification\",\"valueRequired\":true,\"valueName\":\"search_term_string\"}}],\"inLanguage\":\"fr-FR\"},{\"@type\":\"Organization\",\"@id\":\"https:\\\/\\\/u-intosai.org\\\/fr\\\/#organization\",\"name\":\"U-INTOSAI \u2014 University of INTOSAI\",\"url\":\"https:\\\/\\\/u-intosai.org\\\/fr\\\/\",\"logo\":{\"@type\":\"ImageObject\",\"inLanguage\":\"fr-FR\",\"@id\":\"https:\\\/\\\/u-intosai.org\\\/fr\\\/#\\\/schema\\\/logo\\\/image\\\/\",\"url\":\"https:\\\/\\\/u-intosai.org\\\/wp-content\\\/uploads\\\/2021\\\/08\\\/miniu-intosai-logo.png\",\"contentUrl\":\"https:\\\/\\\/u-intosai.org\\\/wp-content\\\/uploads\\\/2021\\\/08\\\/miniu-intosai-logo.png\",\"width\":1000,\"height\":479,\"caption\":\"U-INTOSAI \u2014 University of INTOSAI\"},\"image\":{\"@id\":\"https:\\\/\\\/u-intosai.org\\\/fr\\\/#\\\/schema\\\/logo\\\/image\\\/\"},\"sameAs\":[\"https:\\\/\\\/x.com\\\/Incosai2019\",\"https:\\\/\\\/www.youtube.com\\\/channel\\\/UCjD--8sXtgxoPrxRQ_rz5GQ\"]}]}<\/script>\n<!-- \/ Yoast SEO plugin. -->","yoast_head_json":{"title":"Greenomics. Podcast d\u2019Oxford Economics | U-INTOSAI","description":"Greenomics. Podcast d\u2019Oxford Economics","robots":{"index":"index","follow":"follow","max-snippet":"max-snippet:-1","max-image-preview":"max-image-preview:large","max-video-preview":"max-video-preview:-1"},"canonical":"https:\/\/u-intosai.org\/fr\/podcasts\/greenomics-oxford-economics-podcast\/","og_locale":"fr_FR","og_type":"article","og_title":"Greenomics. Podcast d\u2019Oxford Economics | U-INTOSAI","og_description":"Greenomics. Podcast d\u2019Oxford Economics","og_url":"https:\/\/u-intosai.org\/fr\/podcasts\/greenomics-oxford-economics-podcast\/","og_site_name":"U-INTOSAI","article_modified_time":"2024-08-26T19:39:35+00:00","og_image":[{"width":332,"height":330,"url":"https:\/\/u-intosai.org\/wp-content\/uploads\/2024\/07\/1285619826598612865981265.jpg","type":"image\/jpeg"}],"twitter_card":"summary_large_image","twitter_site":"@Incosai2019","schema":{"@context":"https:\/\/schema.org","@graph":[{"@type":"WebPage","@id":"https:\/\/u-intosai.org\/fr\/podcasts\/greenomics-oxford-economics-podcast\/","url":"https:\/\/u-intosai.org\/fr\/podcasts\/greenomics-oxford-economics-podcast\/","name":"Greenomics. Podcast d\u2019Oxford Economics | U-INTOSAI","isPartOf":{"@id":"https:\/\/u-intosai.org\/fr\/#website"},"primaryImageOfPage":{"@id":"https:\/\/u-intosai.org\/fr\/podcasts\/greenomics-oxford-economics-podcast\/#primaryimage"},"image":{"@id":"https:\/\/u-intosai.org\/fr\/podcasts\/greenomics-oxford-economics-podcast\/#primaryimage"},"thumbnailUrl":"https:\/\/u-intosai.org\/wp-content\/uploads\/2024\/07\/1285619826598612865981265.jpg","datePublished":"2015-07-29T09:33:24+00:00","dateModified":"2024-08-26T19:39:35+00:00","description":"Greenomics. Podcast d\u2019Oxford Economics","breadcrumb":{"@id":"https:\/\/u-intosai.org\/fr\/podcasts\/greenomics-oxford-economics-podcast\/#breadcrumb"},"inLanguage":"fr-FR","potentialAction":[{"@type":"ReadAction","target":["https:\/\/u-intosai.org\/fr\/podcasts\/greenomics-oxford-economics-podcast\/"]}]},{"@type":"ImageObject","inLanguage":"fr-FR","@id":"https:\/\/u-intosai.org\/fr\/podcasts\/greenomics-oxford-economics-podcast\/#primaryimage","url":"https:\/\/u-intosai.org\/wp-content\/uploads\/2024\/07\/1285619826598612865981265.jpg","contentUrl":"https:\/\/u-intosai.org\/wp-content\/uploads\/2024\/07\/1285619826598612865981265.jpg","width":332,"height":330},{"@type":"BreadcrumbList","@id":"https:\/\/u-intosai.org\/fr\/podcasts\/greenomics-oxford-economics-podcast\/#breadcrumb","itemListElement":[{"@type":"ListItem","position":1,"name":"U-INTOSAI","item":"https:\/\/u-intosai.org\/fr\/"},{"@type":"ListItem","position":2,"name":"Podcasts","item":"https:\/\/u-intosai.org\/fr\/podcasts\/"},{"@type":"ListItem","position":3,"name":"Greenomics. Podcast d\u2019Oxford Economics"}]},{"@type":"WebSite","@id":"https:\/\/u-intosai.org\/fr\/#website","url":"https:\/\/u-intosai.org\/fr\/","name":"U-INTOSAI","description":"U-INTOSAI is an open online educational platform for all INTOSAI members created as a unique space for exchanging experience and advanced knowledge.","publisher":{"@id":"https:\/\/u-intosai.org\/fr\/#organization"},"potentialAction":[{"@type":"SearchAction","target":{"@type":"EntryPoint","urlTemplate":"https:\/\/u-intosai.org\/fr\/?s={search_term_string}"},"query-input":{"@type":"PropertyValueSpecification","valueRequired":true,"valueName":"search_term_string"}}],"inLanguage":"fr-FR"},{"@type":"Organization","@id":"https:\/\/u-intosai.org\/fr\/#organization","name":"U-INTOSAI \u2014 University of INTOSAI","url":"https:\/\/u-intosai.org\/fr\/","logo":{"@type":"ImageObject","inLanguage":"fr-FR","@id":"https:\/\/u-intosai.org\/fr\/#\/schema\/logo\/image\/","url":"https:\/\/u-intosai.org\/wp-content\/uploads\/2021\/08\/miniu-intosai-logo.png","contentUrl":"https:\/\/u-intosai.org\/wp-content\/uploads\/2021\/08\/miniu-intosai-logo.png","width":1000,"height":479,"caption":"U-INTOSAI \u2014 University of INTOSAI"},"image":{"@id":"https:\/\/u-intosai.org\/fr\/#\/schema\/logo\/image\/"},"sameAs":["https:\/\/x.com\/Incosai2019","https:\/\/www.youtube.com\/channel\/UCjD--8sXtgxoPrxRQ_rz5GQ"]}]}},"_links":{"self":[{"href":"https:\/\/u-intosai.org\/fr\/wp-json\/wp\/v2\/pages\/44669","targetHints":{"allow":["GET"]}}],"collection":[{"href":"https:\/\/u-intosai.org\/fr\/wp-json\/wp\/v2\/pages"}],"about":[{"href":"https:\/\/u-intosai.org\/fr\/wp-json\/wp\/v2\/types\/page"}],"author":[{"embeddable":true,"href":"https:\/\/u-intosai.org\/fr\/wp-json\/wp\/v2\/users\/1"}],"replies":[{"embeddable":true,"href":"https:\/\/u-intosai.org\/fr\/wp-json\/wp\/v2\/comments?post=44669"}],"version-history":[{"count":3,"href":"https:\/\/u-intosai.org\/fr\/wp-json\/wp\/v2\/pages\/44669\/revisions"}],"predecessor-version":[{"id":44682,"href":"https:\/\/u-intosai.org\/fr\/wp-json\/wp\/v2\/pages\/44669\/revisions\/44682"}],"up":[{"embeddable":true,"href":"https:\/\/u-intosai.org\/fr\/wp-json\/wp\/v2\/pages\/7656"}],"wp:featuredmedia":[{"embeddable":true,"href":"https:\/\/u-intosai.org\/fr\/wp-json\/wp\/v2\/media\/44488"}],"wp:attachment":[{"href":"https:\/\/u-intosai.org\/fr\/wp-json\/wp\/v2\/media?parent=44669"}],"curies":[{"name":"wp","href":"https:\/\/api.w.org\/{rel}","templated":true}]}}