{"id":44795,"date":"2015-07-29T14:14:46","date_gmt":"2015-07-29T11:14:46","guid":{"rendered":"https:\/\/u-intosai.org\/podcasts\/climate-vision-2050-bcg-podcast\/"},"modified":"2024-08-26T23:44:29","modified_gmt":"2024-08-26T20:44:29","slug":"climate-vision-2050-bcg-podcast","status":"publish","type":"page","link":"https:\/\/u-intosai.org\/fr\/podcasts\/climate-vision-2050-bcg-podcast\/","title":{"rendered":"Vision climatique 2050. Podcast de BCG"},"content":{"rendered":"<div class=\"wpb-content-wrapper\"><p>[vc_row][vc_column][vc_custom_heading text=\u00a0\u00bbVision climatique 2050. Podcast de BCG\u00a0\u00bb font_container=\u00a0\u00bbtag:h1|text_align:left\u00a0\u00bb use_theme_fonts=\u00a0\u00bbyes\u00a0\u00bb css=\u00a0\u00bb\u00a0\u00bb][vc_column_text css=\u00a0\u00bb\u00a0\u00bb]<\/p>\n<p>Dans la s\u00e9rie de podcasts \u00ab\u00a0Vision climatique 2050\u00a0\u00bb la Soci\u00e9t\u00e9 am\u00e9ricaine internationale de conseil Boston Consulting Group (BCG) fait avancer les auditeurs de plusieurs d\u00e9cennies jusqu\u2019en 2050, lorsque le monde a radicalement r\u00e9duit ses \u00e9missions de carbone et s\u2019est sauv\u00e9 de la catastrophe li\u00e9e <a href=\"https:\/\/www.bcg.com\/capabilities\/climate-change-sustainability\/overview\">au changement climatique<\/a>. Qu\u2019ont fait les villes pour faire face \u00e0 l\u2019\u00e9norme croissance d\u00e9mographique\u00a0? Comment les entreprises ont-elles construit des cha\u00eenes d\u2019approvisionnement durables\u00a0? Comment l\u2019agriculture a-t-elle chang\u00e9\u00a0? Et \u00e0 quoi ressemble le monde pour nous tous alors que nous vivons une vie z\u00e9ro \u00e9mission\u00a0?<\/p>\n<p>&nbsp;<\/p>\n<p><strong>Langue <\/strong>\u2013 l\u2019anglais<\/p>\n<p><a href=\"https:\/\/www.bcg.com\/capabilities\/climate-change-sustainability\/climate-vision-podcast\"><strong>Lien du podcast<\/strong><\/a><\/p>\n<p>[\/vc_column_text][vc_column_text css=\u00a0\u00bb\u00a0\u00bb]<iframe style=\"width: 100%; max-width: 660px; overflow: hidden; border-radius: 10px;\" src=\"https:\/\/embed.podcasts.apple.com\/us\/podcast\/climate-vision-2050\/id1651635757\" height=\"450\" frameborder=\"0\" sandbox=\"allow-forms allow-popups allow-same-origin allow-scripts allow-storage-access-by-user-activation allow-top-navigation-by-user-activation\"><\/iframe>[\/vc_column_text][\/vc_column][\/vc_row]<\/p>\n<\/div>","protected":false},"excerpt":{"rendered":"<p>[vc_row][vc_column][vc_custom_heading text=\u00a0\u00bbVision climatique 2050. Podcast de BCG\u00a0\u00bb font_container=\u00a0\u00bbtag:h1|text_align:left\u00a0\u00bb use_theme_fonts=\u00a0\u00bbyes\u00a0\u00bb css=\u00a0\u00bb\u00a0\u00bb][vc_column_text css=\u00a0\u00bb\u00a0\u00bb] Dans la s\u00e9rie de podcasts \u00ab\u00a0Vision climatique 2050\u00a0\u00bb la Soci\u00e9t\u00e9 am\u00e9ricaine internationale de conseil Boston Consulting Group (BCG) fait avancer les auditeurs de plusieurs d\u00e9cennies jusqu\u2019en 2050, lorsque le monde a radicalement r\u00e9duit ses \u00e9missions de carbone et s\u2019est sauv\u00e9 de la catastrophe li\u00e9e [&hellip;]<\/p>\n","protected":false},"author":1,"featured_media":44546,"parent":7656,"menu_order":0,"comment_status":"closed","ping_status":"closed","template":"","meta":{"_acf_changed":false,"pmpro_default_level":"","footnotes":""},"class_list":["post-44795","page","type-page","status-publish","has-post-thumbnail","hentry","pmpro-has-access"],"acf":[],"yoast_head":"<!-- This site is optimized with the Yoast SEO plugin v27.3 - https:\/\/yoast.com\/product\/yoast-seo-wordpress\/ -->\n<title>Vision climatique 2050. Podcast de BCG | U-INTOSAI<\/title>\n<meta name=\"description\" content=\"Vision climatique 2050. Podcast de BCG\" \/>\n<meta name=\"robots\" content=\"index, follow, max-snippet:-1, max-image-preview:large, max-video-preview:-1\" \/>\n<link rel=\"canonical\" href=\"https:\/\/u-intosai.org\/fr\/podcasts\/climate-vision-2050-bcg-podcast\/\" \/>\n<meta property=\"og:locale\" content=\"fr_FR\" \/>\n<meta property=\"og:type\" content=\"article\" \/>\n<meta property=\"og:title\" content=\"Vision climatique 2050. Podcast de BCG | U-INTOSAI\" \/>\n<meta property=\"og:description\" content=\"Vision climatique 2050. Podcast de BCG\" \/>\n<meta property=\"og:url\" content=\"https:\/\/u-intosai.org\/fr\/podcasts\/climate-vision-2050-bcg-podcast\/\" \/>\n<meta property=\"og:site_name\" content=\"U-INTOSAI\" \/>\n<meta property=\"article:modified_time\" content=\"2024-08-26T20:44:29+00:00\" \/>\n<meta property=\"og:image\" content=\"https:\/\/u-intosai.org\/wp-content\/uploads\/2024\/07\/7126461246916265918265.jpg\" \/>\n\t<meta property=\"og:image:width\" content=\"610\" \/>\n\t<meta property=\"og:image:height\" content=\"610\" \/>\n\t<meta property=\"og:image:type\" content=\"image\/jpeg\" \/>\n<meta name=\"twitter:card\" content=\"summary_large_image\" \/>\n<meta name=\"twitter:site\" content=\"@Incosai2019\" \/>\n<meta name=\"twitter:label1\" content=\"Dur\u00e9e de lecture estim\u00e9e\" \/>\n\t<meta name=\"twitter:data1\" content=\"1 minute\" \/>\n<script type=\"application\/ld+json\" class=\"yoast-schema-graph\">{\"@context\":\"https:\\\/\\\/schema.org\",\"@graph\":[{\"@type\":\"WebPage\",\"@id\":\"https:\\\/\\\/u-intosai.org\\\/fr\\\/podcasts\\\/climate-vision-2050-bcg-podcast\\\/\",\"url\":\"https:\\\/\\\/u-intosai.org\\\/fr\\\/podcasts\\\/climate-vision-2050-bcg-podcast\\\/\",\"name\":\"Vision climatique 2050. Podcast de BCG | U-INTOSAI\",\"isPartOf\":{\"@id\":\"https:\\\/\\\/u-intosai.org\\\/fr\\\/#website\"},\"primaryImageOfPage\":{\"@id\":\"https:\\\/\\\/u-intosai.org\\\/fr\\\/podcasts\\\/climate-vision-2050-bcg-podcast\\\/#primaryimage\"},\"image\":{\"@id\":\"https:\\\/\\\/u-intosai.org\\\/fr\\\/podcasts\\\/climate-vision-2050-bcg-podcast\\\/#primaryimage\"},\"thumbnailUrl\":\"https:\\\/\\\/u-intosai.org\\\/wp-content\\\/uploads\\\/2024\\\/07\\\/7126461246916265918265.jpg\",\"datePublished\":\"2015-07-29T11:14:46+00:00\",\"dateModified\":\"2024-08-26T20:44:29+00:00\",\"description\":\"Vision climatique 2050. Podcast de BCG\",\"breadcrumb\":{\"@id\":\"https:\\\/\\\/u-intosai.org\\\/fr\\\/podcasts\\\/climate-vision-2050-bcg-podcast\\\/#breadcrumb\"},\"inLanguage\":\"fr-FR\",\"potentialAction\":[{\"@type\":\"ReadAction\",\"target\":[\"https:\\\/\\\/u-intosai.org\\\/fr\\\/podcasts\\\/climate-vision-2050-bcg-podcast\\\/\"]}]},{\"@type\":\"ImageObject\",\"inLanguage\":\"fr-FR\",\"@id\":\"https:\\\/\\\/u-intosai.org\\\/fr\\\/podcasts\\\/climate-vision-2050-bcg-podcast\\\/#primaryimage\",\"url\":\"https:\\\/\\\/u-intosai.org\\\/wp-content\\\/uploads\\\/2024\\\/07\\\/7126461246916265918265.jpg\",\"contentUrl\":\"https:\\\/\\\/u-intosai.org\\\/wp-content\\\/uploads\\\/2024\\\/07\\\/7126461246916265918265.jpg\",\"width\":610,\"height\":610},{\"@type\":\"BreadcrumbList\",\"@id\":\"https:\\\/\\\/u-intosai.org\\\/fr\\\/podcasts\\\/climate-vision-2050-bcg-podcast\\\/#breadcrumb\",\"itemListElement\":[{\"@type\":\"ListItem\",\"position\":1,\"name\":\"U-INTOSAI\",\"item\":\"https:\\\/\\\/u-intosai.org\\\/fr\\\/\"},{\"@type\":\"ListItem\",\"position\":2,\"name\":\"Podcasts\",\"item\":\"https:\\\/\\\/u-intosai.org\\\/fr\\\/podcasts\\\/\"},{\"@type\":\"ListItem\",\"position\":3,\"name\":\"Vision climatique 2050. Podcast de BCG\"}]},{\"@type\":\"WebSite\",\"@id\":\"https:\\\/\\\/u-intosai.org\\\/fr\\\/#website\",\"url\":\"https:\\\/\\\/u-intosai.org\\\/fr\\\/\",\"name\":\"U-INTOSAI\",\"description\":\"U-INTOSAI is an open online educational platform for all INTOSAI members created as a unique space for exchanging experience and advanced knowledge.\",\"publisher\":{\"@id\":\"https:\\\/\\\/u-intosai.org\\\/fr\\\/#organization\"},\"potentialAction\":[{\"@type\":\"SearchAction\",\"target\":{\"@type\":\"EntryPoint\",\"urlTemplate\":\"https:\\\/\\\/u-intosai.org\\\/fr\\\/?s={search_term_string}\"},\"query-input\":{\"@type\":\"PropertyValueSpecification\",\"valueRequired\":true,\"valueName\":\"search_term_string\"}}],\"inLanguage\":\"fr-FR\"},{\"@type\":\"Organization\",\"@id\":\"https:\\\/\\\/u-intosai.org\\\/fr\\\/#organization\",\"name\":\"U-INTOSAI \u2014 University of INTOSAI\",\"url\":\"https:\\\/\\\/u-intosai.org\\\/fr\\\/\",\"logo\":{\"@type\":\"ImageObject\",\"inLanguage\":\"fr-FR\",\"@id\":\"https:\\\/\\\/u-intosai.org\\\/fr\\\/#\\\/schema\\\/logo\\\/image\\\/\",\"url\":\"https:\\\/\\\/u-intosai.org\\\/wp-content\\\/uploads\\\/2021\\\/08\\\/miniu-intosai-logo.png\",\"contentUrl\":\"https:\\\/\\\/u-intosai.org\\\/wp-content\\\/uploads\\\/2021\\\/08\\\/miniu-intosai-logo.png\",\"width\":1000,\"height\":479,\"caption\":\"U-INTOSAI \u2014 University of INTOSAI\"},\"image\":{\"@id\":\"https:\\\/\\\/u-intosai.org\\\/fr\\\/#\\\/schema\\\/logo\\\/image\\\/\"},\"sameAs\":[\"https:\\\/\\\/x.com\\\/Incosai2019\",\"https:\\\/\\\/www.youtube.com\\\/channel\\\/UCjD--8sXtgxoPrxRQ_rz5GQ\"]}]}<\/script>\n<!-- \/ Yoast SEO plugin. -->","yoast_head_json":{"title":"Vision climatique 2050. Podcast de BCG | U-INTOSAI","description":"Vision climatique 2050. Podcast de BCG","robots":{"index":"index","follow":"follow","max-snippet":"max-snippet:-1","max-image-preview":"max-image-preview:large","max-video-preview":"max-video-preview:-1"},"canonical":"https:\/\/u-intosai.org\/fr\/podcasts\/climate-vision-2050-bcg-podcast\/","og_locale":"fr_FR","og_type":"article","og_title":"Vision climatique 2050. Podcast de BCG | U-INTOSAI","og_description":"Vision climatique 2050. Podcast de BCG","og_url":"https:\/\/u-intosai.org\/fr\/podcasts\/climate-vision-2050-bcg-podcast\/","og_site_name":"U-INTOSAI","article_modified_time":"2024-08-26T20:44:29+00:00","og_image":[{"width":610,"height":610,"url":"https:\/\/u-intosai.org\/wp-content\/uploads\/2024\/07\/7126461246916265918265.jpg","type":"image\/jpeg"}],"twitter_card":"summary_large_image","twitter_site":"@Incosai2019","twitter_misc":{"Dur\u00e9e de lecture estim\u00e9e":"1 minute"},"schema":{"@context":"https:\/\/schema.org","@graph":[{"@type":"WebPage","@id":"https:\/\/u-intosai.org\/fr\/podcasts\/climate-vision-2050-bcg-podcast\/","url":"https:\/\/u-intosai.org\/fr\/podcasts\/climate-vision-2050-bcg-podcast\/","name":"Vision climatique 2050. Podcast de BCG | U-INTOSAI","isPartOf":{"@id":"https:\/\/u-intosai.org\/fr\/#website"},"primaryImageOfPage":{"@id":"https:\/\/u-intosai.org\/fr\/podcasts\/climate-vision-2050-bcg-podcast\/#primaryimage"},"image":{"@id":"https:\/\/u-intosai.org\/fr\/podcasts\/climate-vision-2050-bcg-podcast\/#primaryimage"},"thumbnailUrl":"https:\/\/u-intosai.org\/wp-content\/uploads\/2024\/07\/7126461246916265918265.jpg","datePublished":"2015-07-29T11:14:46+00:00","dateModified":"2024-08-26T20:44:29+00:00","description":"Vision climatique 2050. Podcast de BCG","breadcrumb":{"@id":"https:\/\/u-intosai.org\/fr\/podcasts\/climate-vision-2050-bcg-podcast\/#breadcrumb"},"inLanguage":"fr-FR","potentialAction":[{"@type":"ReadAction","target":["https:\/\/u-intosai.org\/fr\/podcasts\/climate-vision-2050-bcg-podcast\/"]}]},{"@type":"ImageObject","inLanguage":"fr-FR","@id":"https:\/\/u-intosai.org\/fr\/podcasts\/climate-vision-2050-bcg-podcast\/#primaryimage","url":"https:\/\/u-intosai.org\/wp-content\/uploads\/2024\/07\/7126461246916265918265.jpg","contentUrl":"https:\/\/u-intosai.org\/wp-content\/uploads\/2024\/07\/7126461246916265918265.jpg","width":610,"height":610},{"@type":"BreadcrumbList","@id":"https:\/\/u-intosai.org\/fr\/podcasts\/climate-vision-2050-bcg-podcast\/#breadcrumb","itemListElement":[{"@type":"ListItem","position":1,"name":"U-INTOSAI","item":"https:\/\/u-intosai.org\/fr\/"},{"@type":"ListItem","position":2,"name":"Podcasts","item":"https:\/\/u-intosai.org\/fr\/podcasts\/"},{"@type":"ListItem","position":3,"name":"Vision climatique 2050. Podcast de BCG"}]},{"@type":"WebSite","@id":"https:\/\/u-intosai.org\/fr\/#website","url":"https:\/\/u-intosai.org\/fr\/","name":"U-INTOSAI","description":"U-INTOSAI is an open online educational platform for all INTOSAI members created as a unique space for exchanging experience and advanced knowledge.","publisher":{"@id":"https:\/\/u-intosai.org\/fr\/#organization"},"potentialAction":[{"@type":"SearchAction","target":{"@type":"EntryPoint","urlTemplate":"https:\/\/u-intosai.org\/fr\/?s={search_term_string}"},"query-input":{"@type":"PropertyValueSpecification","valueRequired":true,"valueName":"search_term_string"}}],"inLanguage":"fr-FR"},{"@type":"Organization","@id":"https:\/\/u-intosai.org\/fr\/#organization","name":"U-INTOSAI \u2014 University of INTOSAI","url":"https:\/\/u-intosai.org\/fr\/","logo":{"@type":"ImageObject","inLanguage":"fr-FR","@id":"https:\/\/u-intosai.org\/fr\/#\/schema\/logo\/image\/","url":"https:\/\/u-intosai.org\/wp-content\/uploads\/2021\/08\/miniu-intosai-logo.png","contentUrl":"https:\/\/u-intosai.org\/wp-content\/uploads\/2021\/08\/miniu-intosai-logo.png","width":1000,"height":479,"caption":"U-INTOSAI \u2014 University of INTOSAI"},"image":{"@id":"https:\/\/u-intosai.org\/fr\/#\/schema\/logo\/image\/"},"sameAs":["https:\/\/x.com\/Incosai2019","https:\/\/www.youtube.com\/channel\/UCjD--8sXtgxoPrxRQ_rz5GQ"]}]}},"_links":{"self":[{"href":"https:\/\/u-intosai.org\/fr\/wp-json\/wp\/v2\/pages\/44795","targetHints":{"allow":["GET"]}}],"collection":[{"href":"https:\/\/u-intosai.org\/fr\/wp-json\/wp\/v2\/pages"}],"about":[{"href":"https:\/\/u-intosai.org\/fr\/wp-json\/wp\/v2\/types\/page"}],"author":[{"embeddable":true,"href":"https:\/\/u-intosai.org\/fr\/wp-json\/wp\/v2\/users\/1"}],"replies":[{"embeddable":true,"href":"https:\/\/u-intosai.org\/fr\/wp-json\/wp\/v2\/comments?post=44795"}],"version-history":[{"count":1,"href":"https:\/\/u-intosai.org\/fr\/wp-json\/wp\/v2\/pages\/44795\/revisions"}],"predecessor-version":[{"id":44800,"href":"https:\/\/u-intosai.org\/fr\/wp-json\/wp\/v2\/pages\/44795\/revisions\/44800"}],"up":[{"embeddable":true,"href":"https:\/\/u-intosai.org\/fr\/wp-json\/wp\/v2\/pages\/7656"}],"wp:featuredmedia":[{"embeddable":true,"href":"https:\/\/u-intosai.org\/fr\/wp-json\/wp\/v2\/media\/44546"}],"wp:attachment":[{"href":"https:\/\/u-intosai.org\/fr\/wp-json\/wp\/v2\/media?parent=44795"}],"curies":[{"name":"wp","href":"https:\/\/api.w.org\/{rel}","templated":true}]}}