{"id":7473,"date":"2021-07-30T11:50:04","date_gmt":"2021-07-30T11:50:04","guid":{"rendered":"https:\/\/u-intosai.org\/qui-sommes-nous\/"},"modified":"2023-04-25T23:09:16","modified_gmt":"2023-04-25T20:09:16","slug":"qui-sommes-nous","status":"publish","type":"page","link":"https:\/\/u-intosai.org\/fr\/qui-sommes-nous\/","title":{"rendered":"Qui sommes-nous"},"content":{"rendered":"<div class=\"wpb-content-wrapper\"><p>[vc_row][vc_column][vc_custom_heading text=\u00a0\u00bbL&rsquo;Universit\u00e9 pour la communaut\u00e9 de l&rsquo;INTOSAI\u00a0\u00bb font_container=\u00a0\u00bbtag:h1|text_align:center\u00a0\u00bb use_theme_fonts=\u00a0\u00bbyes\u00a0\u00bb css=\u00a0\u00bb.vc_custom_1649419609276{margin-bottom: 29px !important;}\u00a0\u00bb][vc_custom_heading text=\u00a0\u00bbFormer les auditeurs de l\u2019avenir\u00a0\u00bb font_container=\u00a0\u00bbtag:h2|text_align:center\u00a0\u00bb use_theme_fonts=\u00a0\u00bbyes\u00a0\u00bb css=\u00a0\u00bb.vc_custom_1607628239993{margin-bottom: 29px !important;}\u00a0\u00bb][vc_column_text]<\/p>\n<p style=\"text-align: justify;\">L\u2019un des r\u00e9sultats du XXIIIe Congr\u00e8s de l\u2019INTOSAI a \u00e9t\u00e9 l\u2019approbation de la <a href=\"https:\/\/intosairussia.org\/images\/docs\/moscowdeclaration\/Moscow-declaration(FR).pdf\" target=\"_blank\" rel=\"noopener\">D\u00e9claration de Moscou<\/a>. L\u2019actualit\u00e9 et l\u2019importance de la mise en \u0153uvre de ses principes ne font aucun doute, ce qui a \u00e9t\u00e9 confirm\u00e9 \u00e0 plusieurs reprises dans les conditions de la pand\u00e9mie.<\/p>\n<p>[\/vc_column_text][\/vc_column][\/vc_row][vc_row][vc_column][vc_images_carousel images=\u00a0\u00bb7481,7501,7491,7476,7486&Prime; img_size=\u00a0\u00bbfull\u00a0\u00bb onclick=\u00a0\u00bblink_no\u00a0\u00bb autoplay=\u00a0\u00bbyes\u00a0\u00bb css_animation=\u00a0\u00bbbounceIn\u00a0\u00bb][\/vc_column][\/vc_row][vc_row][vc_column][vc_column_text]La <a href=\"https:\/\/ach.gov.ru\/\">Cour<\/a> des comptes de la F\u00e9d\u00e9ration de Russie, qui <a href=\"https:\/\/intosairussia.org\/intosai-chair\/about-chair.html\">pr\u00e9side actuellement l\u2019INTOSAI<\/a>, est consciente de sa responsabilit\u00e9 non seulement \u00e0 l\u2019\u00e9gard de la qualit\u00e9 des documents finaux adopt\u00e9s, mais aussi de la mise en \u0153uvre de leurs dispositions dans la pratique, au b\u00e9n\u00e9fice de l\u2019ensemble de la communaut\u00e9 des auditeurs.<\/p>\n<p>L\u2019une des priorit\u00e9s pour atteindre cet objectif est de garantir l\u2019ouverture et l\u2019accessibilit\u00e9 des connaissances accumul\u00e9es par la <a href=\"https:\/\/www.intosai.org\/\">communaut\u00e9 INTOSAI<\/a>, l\u2019\u00e9change actif d\u2019exp\u00e9riences et le d\u00e9veloppement de la capacit\u00e9 professionnelle et des nouvelles comp\u00e9tences des auditeurs, conform\u00e9ment aux 10 principes d\u00e9clar\u00e9s de <a href=\"https:\/\/intosairussia.org\/images\/docs\/moscowdeclaration\/Moscow-declaration(FR).pdf\" target=\"_blank\" rel=\"noopener\">la D\u00e9claration de Moscou<\/a> et aux dispositions des documents qui seront adopt\u00e9s lors des prochains congr\u00e8s de l\u2019INTOSAI. <strong>L&rsquo;Universit\u00e9 pour la communaut\u00e9 de l&rsquo;INTOSAI<\/strong>\u00a0(ci-apr\u00e8s U-INTOSAI) r\u00e9pond dans une large mesure \u00e0 cette demande.<\/p>\n<p>U-INTOSAI est une plateforme p\u00e9dagogique en ligne ouverte \u00e0 tous les membres de l\u2019INTOSAI et qui sera un espace unique de partage d\u2019exp\u00e9riences et de connaissances de pointe.<\/p>\n<p>L\u2019Universit\u00e9 offrira \u00e0 l\u2019ensemble de la communaut\u00e9 internationale de l\u2019audit non seulement des formats p\u00e9dagogiques classiques (cours en ligne, webinaires), mais s\u2019appuiera \u00e9galement sur les meilleurs projets didactiques et guides pratiques de l\u2019INTOSAI, elle int\u00e9grera aussi les initiatives existantes en la mati\u00e8re pour former les auditeurs de l\u2019avenir.[\/vc_column_text][vc_custom_heading text=\u00a0\u00bbCaract\u00e9ristiques principales de U-INTOSAI\u00a0\u00bb font_container=\u00a0\u00bbtag:h2|text_align:center\u00a0\u00bb use_theme_fonts=\u00a0\u00bbyes\u00a0\u00bb css=\u00a0\u00bb.vc_custom_1627645928401{margin-bottom: 29px !important;}\u00a0\u00bb][\/vc_column][\/vc_row][vc_row][vc_column width=\u00a0\u00bb1\/6&Prime;][\/vc_column][vc_column width=\u00a0\u00bb1\/6&Prime;][\/vc_column][vc_column width=\u00a0\u00bb1\/6&Prime;][\/vc_column][vc_column width=\u00a0\u00bb1\/6&Prime;][\/vc_column][vc_column width=\u00a0\u00bb1\/6&Prime;][\/vc_column][vc_column width=\u00a0\u00bb1\/6&Prime;][\/vc_column][\/vc_row][vc_row][vc_column width=\u00a0\u00bb1\/2&Prime; css=\u00a0\u00bb.vc_custom_1613663237433{margin-top: -60px !important;}\u00a0\u00bb][stm_icon_box hover_pos=\u00a0\u00bbnone\u00a0\u00bb icon=\u00a0\u00bbfas fa-file-alt\u00a0\u00bb icon_size=\u00a0\u00bb40&Prime; icon_height=\u00a0\u00bb10&Prime; icon_color=\u00a0\u00bb#960755&Prime; css_icon=\u00a0\u00bb.vc_custom_1613665259867{margin-left: 45% !important;}\u00a0\u00bb][\/stm_icon_box][vc_cta h2=\u00a0\u00bb\u00a0\u00bb txt_align=\u00a0\u00bbcenter\u00a0\u00bb]<\/p>\n<h3 style=\"text-align: center;\">Un outil pour la promotion des documents finaux de l\u2019INTOSAI<\/h3>\n<p>[\/vc_cta][\/vc_column][vc_column width=\u00a0\u00bb1\/2&Prime; css=\u00a0\u00bb.vc_custom_1613663244082{margin-top: -60px !important;}\u00a0\u00bb][stm_icon_box hover_pos=\u00a0\u00bbnone\u00a0\u00bb icon=\u00a0\u00bbfas fa-database\u00a0\u00bb icon_size=\u00a0\u00bb40&Prime; icon_height=\u00a0\u00bb10&Prime; icon_color=\u00a0\u00bb#960755&Prime; css_icon=\u00a0\u00bb.vc_custom_1613665267195{margin-left: 45% !important;}\u00a0\u00bb][\/stm_icon_box][vc_cta h2=\u00a0\u00bb\u00a0\u00bb]<\/p>\n<h3 style=\"text-align: center;\">Un r\u00e9f\u00e9rentiel des pratiques et des connaissances de longue date de la communaut\u00e9 de l\u2019INTOSAI.<\/h3>\n<p>[\/vc_cta][\/vc_column][\/vc_row][vc_row][vc_column width=\u00a0\u00bb1\/6&Prime;][\/vc_column][vc_column width=\u00a0\u00bb1\/6&Prime;][\/vc_column][vc_column width=\u00a0\u00bb1\/6&Prime;][\/vc_column][vc_column width=\u00a0\u00bb1\/6&Prime;][\/vc_column][vc_column width=\u00a0\u00bb1\/6&Prime;][\/vc_column][vc_column width=\u00a0\u00bb1\/6&Prime;][\/vc_column][\/vc_row][vc_row][vc_column width=\u00a0\u00bb1\/2&Prime; css=\u00a0\u00bb.vc_custom_1613663249744{margin-top: -60px !important;}\u00a0\u00bb][stm_icon_box hover_pos=\u00a0\u00bbnone\u00a0\u00bb icon=\u00a0\u00bbfas fa-briefcase\u00a0\u00bb icon_size=\u00a0\u00bb40&Prime; icon_height=\u00a0\u00bb10&Prime; icon_color=\u00a0\u00bb#960755&Prime; css_icon=\u00a0\u00bb.vc_custom_1613665324812{margin-left: 45% !important;}\u00a0\u00bb][\/stm_icon_box][vc_cta h2=\u00a0\u00bb\u00a0\u00bb txt_align=\u00a0\u00bbcenter\u00a0\u00bb]<\/p>\n<h3 style=\"text-align: center;\">Un centre d\u2019excellence pour la communaut\u00e9 de l\u2019audit qui renforce le d\u00e9veloppement des capacit\u00e9s des ISC et leur impact mondial.<\/h3>\n<p>[\/vc_cta][\/vc_column][vc_column width=\u00a0\u00bb1\/2&Prime; css=\u00a0\u00bb.vc_custom_1613663255064{margin-top: -60px !important;}\u00a0\u00bb][stm_icon_box hover_pos=\u00a0\u00bbnone\u00a0\u00bb icon=\u00a0\u00bbfa fa-envelope-open\u00a0\u00bb icon_size=\u00a0\u00bb40&Prime; icon_height=\u00a0\u00bb10&Prime; icon_color=\u00a0\u00bb#960755&Prime; css_icon=\u00a0\u00bb.vc_custom_1653292982527{margin-left: 45% !important;}\u00a0\u00bb][\/stm_icon_box][vc_cta h2=\u00a0\u00bb\u00a0\u00bb]<\/p>\n<h3 style=\"text-align: center;\">Une plateforme ouverte pour former les auditeurs de l\u2019avenir et renforcer les initiatives p\u00e9dagogiques existantes de l\u2019INTOSAI.<\/h3>\n<p>[\/vc_cta][\/vc_column][\/vc_row][vc_row css=\u00a0\u00bb.vc_custom_1435816078010{margin-bottom: 15px !important;}\u00a0\u00bb][vc_column width=\u00a0\u00bb1\/2&Prime;][vc_column_text css=\u00a0\u00bb.vc_custom_1627646073729{margin-bottom: 32px !important;}\u00a0\u00bb]Les connaissances professionnelles exceptionnelles ainsi que les normes, les lignes directrices et les meilleures pratiques en mati\u00e8re d\u2019audit du secteur public, telles qu\u2019elles sont g\u00e9n\u00e9r\u00e9es par les experts des groupes de travail de l\u2019INTOSAI et de l\u2019Initiative de d\u00e9veloppement de l\u2019INTOSAI (IDI), constituent d\u00e9sormais une source d\u2019information majeure pour les ISC, qui peuvent ainsi personnaliser leurs op\u00e9rations.[\/vc_column_text][vc_tta_tabs][vc_tta_section title=\u00a0\u00bbFormation\u00a0\u00bb tab_id=\u00a0\u00bb1532604609823-e6c605b3-04c5&Prime;][vc_column_text]<\/p>\n<ul>\n<li>Cours<\/li>\n<li>S\u00e9minaires et Webinaires<\/li>\n<li>Conf\u00e9rences<\/li>\n<\/ul>\n<p>[\/vc_column_text][\/vc_tta_section][vc_tta_section title=\u00a0\u00bb\u00c9tudes\u00a0\u00bb tab_id=\u00a0\u00bb1532604609845-4edaaecf-303f\u00a0\u00bb][vc_column_text]<\/p>\n<ul>\n<li>Projets scientifiques<\/li>\n<li>Bases de donn\u00e9es pour l&rsquo;analyse<\/li>\n<li>Publications<\/li>\n<\/ul>\n<p>[\/vc_column_text][\/vc_tta_section][vc_tta_section title=\u00a0\u00bbRencontres\u00a0\u00bb tab_id=\u00a0\u00bb1607627645233-0cc3e844-f4e7&Prime;][vc_column_text]<\/p>\n<ul>\n<li>Conf\u00e9rences scientifiques et pratiques<\/li>\n<li>Les Hackathons<\/li>\n<li>Discussions ouvertes<\/li>\n<li>Projets sp\u00e9ciaux<\/li>\n<\/ul>\n<p>[\/vc_column_text][\/vc_tta_section][vc_tta_section title=\u00a0\u00bbBase de connaissances\u00a0\u00bb tab_id=\u00a0\u00bb1607627787370-dfe795c7-def1&Prime;][vc_column_text]<\/p>\n<div class=\"Translate-Input Translate-Input_size_l Translate-Input_paste\">\n<ul>\n<li class=\"Translate-InputWrapper\">Biblioth\u00e8ques \u00e9lectroniques<\/li>\n<li class=\"Translate-InputWrapper\">R\u00e9f\u00e9rence<\/li>\n<li class=\"Translate-InputWrapper\">Collections de meilleures pratiques<\/li>\n<\/ul>\n<\/div>\n<p>[\/vc_column_text][\/vc_tta_section][\/vc_tta_tabs][\/vc_column][vc_column width=\u00a0\u00bb1\/2&Prime;][vc_custom_heading text=\u00a0\u00bbMembres et utilisateurs de U-INTOSAI:\u00a0\u00bb font_container=\u00a0\u00bbtag:h3|text_align:left\u00a0\u00bb use_theme_fonts=\u00a0\u00bbyes\u00a0\u00bb css=\u00a0\u00bb.vc_custom_1649419643746{margin-bottom: 29px !important;}\u00a0\u00bb][vc_column_text css=\u00a0\u00bb.vc_custom_1627646221796{margin-bottom: 32px !important;}\u00a0\u00bb]<\/p>\n<ul>\n<li>Secr\u00e9tariat et experts d\u2019INTOSAI<\/li>\n<li>Personnel ISC<\/li>\n<li>\u00c9tudiants<\/li>\n<li>Experts internationaux et centre d\u2019\u00e9tudes (analytiques)<\/li>\n<li>Repr\u00e9sentants de la soci\u00e9t\u00e9 civile et des m\u00e9dias<\/li>\n<\/ul>\n<p>En m\u00eame temps, dans les conditions du monde en \u00e9volution rapide, compte tenu de la p\u00e9n\u00e9tration des technologies de l\u2019information dans tous les domaines de notre vie et de la recrudescence des probl\u00e8mes sociaux, \u00e9cologiques et \u00e9pid\u00e9miologiques, le d\u00e9veloppement constant de nouvelles comp\u00e9tences des auditeurs et le renforcement du potentiel des ISC constituent des conditions pr\u00e9alables \u00e0 la qualit\u00e9 et \u00e0 l\u2019efficacit\u00e9 de l\u2019ex\u00e9cution de leurs fonctions par ces organisations.[\/vc_column_text][\/vc_column][\/vc_row][vc_row][vc_column][vc_custom_heading text=\u00a0\u00bbEN COLLABORATION AVEC\u00a0\u00bb font_container=\u00a0\u00bbtag:h2|text_align:center\u00a0\u00bb use_theme_fonts=\u00a0\u00bbyes\u00a0\u00bb css=\u00a0\u00bb.vc_custom_1660209356952{margin-bottom: 29px !important;}\u00a0\u00bb][vc_gallery images=\u00a0\u00bb18152,18211,18194,18203,18186,30565&Prime; img_size=\u00a0\u00bb290&#215;100&Prime; onclick=\u00a0\u00bb\u00a0\u00bb][\/vc_column][\/vc_row]<\/p>\n<\/div>","protected":false},"excerpt":{"rendered":"<p>[vc_row][vc_column][vc_custom_heading text=\u00a0\u00bbL&rsquo;Universit\u00e9 pour la communaut\u00e9 de l&rsquo;INTOSAI\u00a0\u00bb font_container=\u00a0\u00bbtag:h1|text_align:center\u00a0\u00bb use_theme_fonts=\u00a0\u00bbyes\u00a0\u00bb css=\u00a0\u00bb.vc_custom_1649419609276{margin-bottom: 29px !important;}\u00a0\u00bb][vc_custom_heading text=\u00a0\u00bbFormer les auditeurs de l\u2019avenir\u00a0\u00bb font_container=\u00a0\u00bbtag:h2|text_align:center\u00a0\u00bb use_theme_fonts=\u00a0\u00bbyes\u00a0\u00bb css=\u00a0\u00bb.vc_custom_1607628239993{margin-bottom: 29px !important;}\u00a0\u00bb][vc_column_text] L\u2019un des r\u00e9sultats du XXIIIe Congr\u00e8s de l\u2019INTOSAI a \u00e9t\u00e9 l\u2019approbation de la D\u00e9claration de Moscou. L\u2019actualit\u00e9 et l\u2019importance de la mise en \u0153uvre de ses principes ne font aucun doute, ce qui [&hellip;]<\/p>\n","protected":false},"author":1,"featured_media":0,"parent":0,"menu_order":0,"comment_status":"closed","ping_status":"closed","template":"","meta":{"_acf_changed":false,"pmpro_default_level":"","footnotes":""},"class_list":["post-7473","page","type-page","status-publish","hentry","pmpro-has-access"],"acf":[],"yoast_head":"<!-- This site is optimized with the Yoast SEO plugin v27.4 - https:\/\/yoast.com\/product\/yoast-seo-wordpress\/ -->\n<title>Qui sommes-nous | U-INTOSAI<\/title>\n<meta name=\"description\" content=\"Qui sommes-nous\" \/>\n<meta name=\"robots\" content=\"index, follow, max-snippet:-1, max-image-preview:large, max-video-preview:-1\" \/>\n<link rel=\"canonical\" href=\"https:\/\/u-intosai.org\/fr\/qui-sommes-nous\/\" \/>\n<meta property=\"og:locale\" content=\"fr_FR\" \/>\n<meta property=\"og:type\" content=\"article\" \/>\n<meta property=\"og:title\" content=\"Qui sommes-nous | U-INTOSAI\" \/>\n<meta property=\"og:description\" content=\"Qui sommes-nous\" \/>\n<meta property=\"og:url\" content=\"https:\/\/u-intosai.org\/fr\/qui-sommes-nous\/\" \/>\n<meta property=\"og:site_name\" content=\"U-INTOSAI\" \/>\n<meta property=\"article:modified_time\" content=\"2023-04-25T20:09:16+00:00\" \/>\n<meta property=\"og:image\" content=\"https:\/\/u-intosai.org\/wp-content\/uploads\/2022\/01\/video-poster-11920x1080-1.jpg\" \/>\n\t<meta property=\"og:image:width\" content=\"1920\" \/>\n\t<meta property=\"og:image:height\" content=\"1080\" \/>\n\t<meta property=\"og:image:type\" content=\"image\/jpeg\" \/>\n<meta name=\"twitter:card\" content=\"summary_large_image\" \/>\n<meta name=\"twitter:site\" content=\"@Incosai2019\" \/>\n<meta name=\"twitter:label1\" content=\"Dur\u00e9e de lecture estim\u00e9e\" \/>\n\t<meta name=\"twitter:data1\" content=\"3 minutes\" \/>\n<script type=\"application\/ld+json\" class=\"yoast-schema-graph\">{\"@context\":\"https:\\\/\\\/schema.org\",\"@graph\":[{\"@type\":\"WebPage\",\"@id\":\"https:\\\/\\\/u-intosai.org\\\/fr\\\/qui-sommes-nous\\\/\",\"url\":\"https:\\\/\\\/u-intosai.org\\\/fr\\\/qui-sommes-nous\\\/\",\"name\":\"Qui sommes-nous | U-INTOSAI\",\"isPartOf\":{\"@id\":\"https:\\\/\\\/u-intosai.org\\\/fr\\\/#website\"},\"datePublished\":\"2021-07-30T11:50:04+00:00\",\"dateModified\":\"2023-04-25T20:09:16+00:00\",\"description\":\"Qui sommes-nous\",\"breadcrumb\":{\"@id\":\"https:\\\/\\\/u-intosai.org\\\/fr\\\/qui-sommes-nous\\\/#breadcrumb\"},\"inLanguage\":\"fr-FR\",\"potentialAction\":[{\"@type\":\"ReadAction\",\"target\":[\"https:\\\/\\\/u-intosai.org\\\/fr\\\/qui-sommes-nous\\\/\"]}]},{\"@type\":\"BreadcrumbList\",\"@id\":\"https:\\\/\\\/u-intosai.org\\\/fr\\\/qui-sommes-nous\\\/#breadcrumb\",\"itemListElement\":[{\"@type\":\"ListItem\",\"position\":1,\"name\":\"U-INTOSAI\",\"item\":\"https:\\\/\\\/u-intosai.org\\\/fr\\\/\"},{\"@type\":\"ListItem\",\"position\":2,\"name\":\"Qui sommes-nous\"}]},{\"@type\":\"WebSite\",\"@id\":\"https:\\\/\\\/u-intosai.org\\\/fr\\\/#website\",\"url\":\"https:\\\/\\\/u-intosai.org\\\/fr\\\/\",\"name\":\"U-INTOSAI\",\"description\":\"U-INTOSAI is an open online educational platform for all INTOSAI members created as a unique space for exchanging experience and advanced knowledge.\",\"publisher\":{\"@id\":\"https:\\\/\\\/u-intosai.org\\\/fr\\\/#organization\"},\"potentialAction\":[{\"@type\":\"SearchAction\",\"target\":{\"@type\":\"EntryPoint\",\"urlTemplate\":\"https:\\\/\\\/u-intosai.org\\\/fr\\\/?s={search_term_string}\"},\"query-input\":{\"@type\":\"PropertyValueSpecification\",\"valueRequired\":true,\"valueName\":\"search_term_string\"}}],\"inLanguage\":\"fr-FR\"},{\"@type\":\"Organization\",\"@id\":\"https:\\\/\\\/u-intosai.org\\\/fr\\\/#organization\",\"name\":\"U-INTOSAI \u2014 University of INTOSAI\",\"url\":\"https:\\\/\\\/u-intosai.org\\\/fr\\\/\",\"logo\":{\"@type\":\"ImageObject\",\"inLanguage\":\"fr-FR\",\"@id\":\"https:\\\/\\\/u-intosai.org\\\/fr\\\/#\\\/schema\\\/logo\\\/image\\\/\",\"url\":\"https:\\\/\\\/u-intosai.org\\\/wp-content\\\/uploads\\\/2021\\\/08\\\/miniu-intosai-logo.png\",\"contentUrl\":\"https:\\\/\\\/u-intosai.org\\\/wp-content\\\/uploads\\\/2021\\\/08\\\/miniu-intosai-logo.png\",\"width\":1000,\"height\":479,\"caption\":\"U-INTOSAI \u2014 University of INTOSAI\"},\"image\":{\"@id\":\"https:\\\/\\\/u-intosai.org\\\/fr\\\/#\\\/schema\\\/logo\\\/image\\\/\"},\"sameAs\":[\"https:\\\/\\\/x.com\\\/Incosai2019\",\"https:\\\/\\\/www.youtube.com\\\/channel\\\/UCjD--8sXtgxoPrxRQ_rz5GQ\"]}]}<\/script>\n<!-- \/ Yoast SEO plugin. -->","yoast_head_json":{"title":"Qui sommes-nous | U-INTOSAI","description":"Qui sommes-nous","robots":{"index":"index","follow":"follow","max-snippet":"max-snippet:-1","max-image-preview":"max-image-preview:large","max-video-preview":"max-video-preview:-1"},"canonical":"https:\/\/u-intosai.org\/fr\/qui-sommes-nous\/","og_locale":"fr_FR","og_type":"article","og_title":"Qui sommes-nous | U-INTOSAI","og_description":"Qui sommes-nous","og_url":"https:\/\/u-intosai.org\/fr\/qui-sommes-nous\/","og_site_name":"U-INTOSAI","article_modified_time":"2023-04-25T20:09:16+00:00","og_image":[{"width":1920,"height":1080,"url":"https:\/\/u-intosai.org\/wp-content\/uploads\/2022\/01\/video-poster-11920x1080-1.jpg","type":"image\/jpeg"}],"twitter_card":"summary_large_image","twitter_site":"@Incosai2019","twitter_misc":{"Dur\u00e9e de lecture estim\u00e9e":"3 minutes"},"schema":{"@context":"https:\/\/schema.org","@graph":[{"@type":"WebPage","@id":"https:\/\/u-intosai.org\/fr\/qui-sommes-nous\/","url":"https:\/\/u-intosai.org\/fr\/qui-sommes-nous\/","name":"Qui sommes-nous | U-INTOSAI","isPartOf":{"@id":"https:\/\/u-intosai.org\/fr\/#website"},"datePublished":"2021-07-30T11:50:04+00:00","dateModified":"2023-04-25T20:09:16+00:00","description":"Qui sommes-nous","breadcrumb":{"@id":"https:\/\/u-intosai.org\/fr\/qui-sommes-nous\/#breadcrumb"},"inLanguage":"fr-FR","potentialAction":[{"@type":"ReadAction","target":["https:\/\/u-intosai.org\/fr\/qui-sommes-nous\/"]}]},{"@type":"BreadcrumbList","@id":"https:\/\/u-intosai.org\/fr\/qui-sommes-nous\/#breadcrumb","itemListElement":[{"@type":"ListItem","position":1,"name":"U-INTOSAI","item":"https:\/\/u-intosai.org\/fr\/"},{"@type":"ListItem","position":2,"name":"Qui sommes-nous"}]},{"@type":"WebSite","@id":"https:\/\/u-intosai.org\/fr\/#website","url":"https:\/\/u-intosai.org\/fr\/","name":"U-INTOSAI","description":"U-INTOSAI is an open online educational platform for all INTOSAI members created as a unique space for exchanging experience and advanced knowledge.","publisher":{"@id":"https:\/\/u-intosai.org\/fr\/#organization"},"potentialAction":[{"@type":"SearchAction","target":{"@type":"EntryPoint","urlTemplate":"https:\/\/u-intosai.org\/fr\/?s={search_term_string}"},"query-input":{"@type":"PropertyValueSpecification","valueRequired":true,"valueName":"search_term_string"}}],"inLanguage":"fr-FR"},{"@type":"Organization","@id":"https:\/\/u-intosai.org\/fr\/#organization","name":"U-INTOSAI \u2014 University of INTOSAI","url":"https:\/\/u-intosai.org\/fr\/","logo":{"@type":"ImageObject","inLanguage":"fr-FR","@id":"https:\/\/u-intosai.org\/fr\/#\/schema\/logo\/image\/","url":"https:\/\/u-intosai.org\/wp-content\/uploads\/2021\/08\/miniu-intosai-logo.png","contentUrl":"https:\/\/u-intosai.org\/wp-content\/uploads\/2021\/08\/miniu-intosai-logo.png","width":1000,"height":479,"caption":"U-INTOSAI \u2014 University of INTOSAI"},"image":{"@id":"https:\/\/u-intosai.org\/fr\/#\/schema\/logo\/image\/"},"sameAs":["https:\/\/x.com\/Incosai2019","https:\/\/www.youtube.com\/channel\/UCjD--8sXtgxoPrxRQ_rz5GQ"]}]}},"_links":{"self":[{"href":"https:\/\/u-intosai.org\/fr\/wp-json\/wp\/v2\/pages\/7473","targetHints":{"allow":["GET"]}}],"collection":[{"href":"https:\/\/u-intosai.org\/fr\/wp-json\/wp\/v2\/pages"}],"about":[{"href":"https:\/\/u-intosai.org\/fr\/wp-json\/wp\/v2\/types\/page"}],"author":[{"embeddable":true,"href":"https:\/\/u-intosai.org\/fr\/wp-json\/wp\/v2\/users\/1"}],"replies":[{"embeddable":true,"href":"https:\/\/u-intosai.org\/fr\/wp-json\/wp\/v2\/comments?post=7473"}],"version-history":[{"count":21,"href":"https:\/\/u-intosai.org\/fr\/wp-json\/wp\/v2\/pages\/7473\/revisions"}],"predecessor-version":[{"id":30579,"href":"https:\/\/u-intosai.org\/fr\/wp-json\/wp\/v2\/pages\/7473\/revisions\/30579"}],"wp:attachment":[{"href":"https:\/\/u-intosai.org\/fr\/wp-json\/wp\/v2\/media?parent=7473"}],"curies":[{"name":"wp","href":"https:\/\/api.w.org\/{rel}","templated":true}]}}