{"id":7541,"date":"2021-07-30T14:41:17","date_gmt":"2021-07-30T14:41:17","guid":{"rendered":"https:\/\/u-intosai.org\/conditions-dutilisation\/"},"modified":"2021-08-17T12:14:45","modified_gmt":"2021-08-17T12:14:45","slug":"conditions-dutilisation","status":"publish","type":"page","link":"https:\/\/u-intosai.org\/fr\/conditions-dutilisation\/","title":{"rendered":"CGU"},"content":{"rendered":"<h2 style=\"text-align: justify;\">Conditions d\u2019utilisation d\u2019U-INTOSAI<\/h2>\n<p style=\"text-align: justify;\">L\u2019utilisation totale ou partielle du mat\u00e9riel publi\u00e9 sur la plateforme de formation en ligne de l\u2019Universit\u00e9 INTOSAI (U-INTOSAI), notamment les documents \u00e9crits, photographiques et vid\u00e9o appartenant \u00e0 U-INTOSAI repr\u00e9sent\u00e9e par la Cour des comptes de la F\u00e9d\u00e9ration de Russie (avec la mention \u00a9 U-INTOSAI), n\u00e9cessite une autorisation sp\u00e9cifique et\/ou un lien vers le site internet index\u00e9 par les moteurs de recherche en ligne. L\u2019utilisation de ces documents n\u00e9cessite \u00e9galement l\u2019indication claire du copyright. Les tentatives non autoris\u00e9es de modification de la documentation publi\u00e9e sur la plateforme U-INTOSAI sont interdites.<\/p>\n<p style=\"text-align: justify;\">U-INTOSAI se r\u00e9serve le droit de modifier ces termes et conditions \u00e0 tout moment sans pr\u00e9avis particulier. La nouvelle formulation des conditions g\u00e9n\u00e9rales prend effet d\u00e8s sa publication en cliquant <a href=\"https:\/\/u-intosai.org\/fr\/\">sur<\/a><\/p>\n","protected":false},"excerpt":{"rendered":"<p>Conditions d\u2019utilisation d\u2019U-INTOSAI L\u2019utilisation totale ou partielle du mat\u00e9riel publi\u00e9 sur la plateforme de formation en ligne de l\u2019Universit\u00e9 INTOSAI (U-INTOSAI), notamment les documents \u00e9crits, photographiques et vid\u00e9o appartenant \u00e0 U-INTOSAI repr\u00e9sent\u00e9e par la Cour des comptes de la F\u00e9d\u00e9ration de Russie (avec la mention \u00a9 U-INTOSAI), n\u00e9cessite une autorisation sp\u00e9cifique et\/ou un lien vers [&hellip;]<\/p>\n","protected":false},"author":1,"featured_media":0,"parent":0,"menu_order":0,"comment_status":"closed","ping_status":"closed","template":"","meta":{"_acf_changed":false,"pmpro_default_level":"","footnotes":""},"class_list":["post-7541","page","type-page","status-publish","hentry","pmpro-has-access"],"acf":[],"yoast_head":"<!-- This site is optimized with the Yoast SEO plugin v27.4 - https:\/\/yoast.com\/product\/yoast-seo-wordpress\/ -->\n<title>CGU | U-INTOSAI<\/title>\n<meta name=\"description\" content=\"CGU\" \/>\n<meta name=\"robots\" content=\"index, follow, max-snippet:-1, max-image-preview:large, max-video-preview:-1\" \/>\n<link rel=\"canonical\" href=\"https:\/\/u-intosai.org\/fr\/conditions-dutilisation\/\" \/>\n<meta property=\"og:locale\" content=\"fr_FR\" \/>\n<meta property=\"og:type\" content=\"article\" \/>\n<meta property=\"og:title\" content=\"CGU | U-INTOSAI\" \/>\n<meta property=\"og:description\" content=\"CGU\" \/>\n<meta property=\"og:url\" content=\"https:\/\/u-intosai.org\/fr\/conditions-dutilisation\/\" \/>\n<meta property=\"og:site_name\" content=\"U-INTOSAI\" \/>\n<meta property=\"article:modified_time\" content=\"2021-08-17T12:14:45+00:00\" \/>\n<meta property=\"og:image\" content=\"https:\/\/u-intosai.org\/wp-content\/uploads\/2022\/01\/video-poster-11920x1080-1.jpg\" \/>\n\t<meta property=\"og:image:width\" content=\"1920\" \/>\n\t<meta property=\"og:image:height\" content=\"1080\" \/>\n\t<meta property=\"og:image:type\" content=\"image\/jpeg\" \/>\n<meta name=\"twitter:card\" content=\"summary_large_image\" \/>\n<meta name=\"twitter:site\" content=\"@Incosai2019\" \/>\n<meta name=\"twitter:label1\" content=\"Dur\u00e9e de lecture estim\u00e9e\" \/>\n\t<meta name=\"twitter:data1\" content=\"1 minute\" \/>\n<script type=\"application\/ld+json\" class=\"yoast-schema-graph\">{\"@context\":\"https:\\\/\\\/schema.org\",\"@graph\":[{\"@type\":\"WebPage\",\"@id\":\"https:\\\/\\\/u-intosai.org\\\/fr\\\/conditions-dutilisation\\\/\",\"url\":\"https:\\\/\\\/u-intosai.org\\\/fr\\\/conditions-dutilisation\\\/\",\"name\":\"CGU | U-INTOSAI\",\"isPartOf\":{\"@id\":\"https:\\\/\\\/u-intosai.org\\\/fr\\\/#website\"},\"datePublished\":\"2021-07-30T14:41:17+00:00\",\"dateModified\":\"2021-08-17T12:14:45+00:00\",\"description\":\"CGU\",\"breadcrumb\":{\"@id\":\"https:\\\/\\\/u-intosai.org\\\/fr\\\/conditions-dutilisation\\\/#breadcrumb\"},\"inLanguage\":\"fr-FR\",\"potentialAction\":[{\"@type\":\"ReadAction\",\"target\":[\"https:\\\/\\\/u-intosai.org\\\/fr\\\/conditions-dutilisation\\\/\"]}]},{\"@type\":\"BreadcrumbList\",\"@id\":\"https:\\\/\\\/u-intosai.org\\\/fr\\\/conditions-dutilisation\\\/#breadcrumb\",\"itemListElement\":[{\"@type\":\"ListItem\",\"position\":1,\"name\":\"U-INTOSAI\",\"item\":\"https:\\\/\\\/u-intosai.org\\\/fr\\\/\"},{\"@type\":\"ListItem\",\"position\":2,\"name\":\"CGU\"}]},{\"@type\":\"WebSite\",\"@id\":\"https:\\\/\\\/u-intosai.org\\\/fr\\\/#website\",\"url\":\"https:\\\/\\\/u-intosai.org\\\/fr\\\/\",\"name\":\"U-INTOSAI\",\"description\":\"U-INTOSAI is an open online educational platform for all INTOSAI members created as a unique space for exchanging experience and advanced knowledge.\",\"publisher\":{\"@id\":\"https:\\\/\\\/u-intosai.org\\\/fr\\\/#organization\"},\"potentialAction\":[{\"@type\":\"SearchAction\",\"target\":{\"@type\":\"EntryPoint\",\"urlTemplate\":\"https:\\\/\\\/u-intosai.org\\\/fr\\\/?s={search_term_string}\"},\"query-input\":{\"@type\":\"PropertyValueSpecification\",\"valueRequired\":true,\"valueName\":\"search_term_string\"}}],\"inLanguage\":\"fr-FR\"},{\"@type\":\"Organization\",\"@id\":\"https:\\\/\\\/u-intosai.org\\\/fr\\\/#organization\",\"name\":\"U-INTOSAI \u2014 University of INTOSAI\",\"url\":\"https:\\\/\\\/u-intosai.org\\\/fr\\\/\",\"logo\":{\"@type\":\"ImageObject\",\"inLanguage\":\"fr-FR\",\"@id\":\"https:\\\/\\\/u-intosai.org\\\/fr\\\/#\\\/schema\\\/logo\\\/image\\\/\",\"url\":\"https:\\\/\\\/u-intosai.org\\\/wp-content\\\/uploads\\\/2021\\\/08\\\/miniu-intosai-logo.png\",\"contentUrl\":\"https:\\\/\\\/u-intosai.org\\\/wp-content\\\/uploads\\\/2021\\\/08\\\/miniu-intosai-logo.png\",\"width\":1000,\"height\":479,\"caption\":\"U-INTOSAI \u2014 University of INTOSAI\"},\"image\":{\"@id\":\"https:\\\/\\\/u-intosai.org\\\/fr\\\/#\\\/schema\\\/logo\\\/image\\\/\"},\"sameAs\":[\"https:\\\/\\\/x.com\\\/Incosai2019\",\"https:\\\/\\\/www.youtube.com\\\/channel\\\/UCjD--8sXtgxoPrxRQ_rz5GQ\"]}]}<\/script>\n<!-- \/ Yoast SEO plugin. -->","yoast_head_json":{"title":"CGU | U-INTOSAI","description":"CGU","robots":{"index":"index","follow":"follow","max-snippet":"max-snippet:-1","max-image-preview":"max-image-preview:large","max-video-preview":"max-video-preview:-1"},"canonical":"https:\/\/u-intosai.org\/fr\/conditions-dutilisation\/","og_locale":"fr_FR","og_type":"article","og_title":"CGU | U-INTOSAI","og_description":"CGU","og_url":"https:\/\/u-intosai.org\/fr\/conditions-dutilisation\/","og_site_name":"U-INTOSAI","article_modified_time":"2021-08-17T12:14:45+00:00","og_image":[{"width":1920,"height":1080,"url":"https:\/\/u-intosai.org\/wp-content\/uploads\/2022\/01\/video-poster-11920x1080-1.jpg","type":"image\/jpeg"}],"twitter_card":"summary_large_image","twitter_site":"@Incosai2019","twitter_misc":{"Dur\u00e9e de lecture estim\u00e9e":"1 minute"},"schema":{"@context":"https:\/\/schema.org","@graph":[{"@type":"WebPage","@id":"https:\/\/u-intosai.org\/fr\/conditions-dutilisation\/","url":"https:\/\/u-intosai.org\/fr\/conditions-dutilisation\/","name":"CGU | U-INTOSAI","isPartOf":{"@id":"https:\/\/u-intosai.org\/fr\/#website"},"datePublished":"2021-07-30T14:41:17+00:00","dateModified":"2021-08-17T12:14:45+00:00","description":"CGU","breadcrumb":{"@id":"https:\/\/u-intosai.org\/fr\/conditions-dutilisation\/#breadcrumb"},"inLanguage":"fr-FR","potentialAction":[{"@type":"ReadAction","target":["https:\/\/u-intosai.org\/fr\/conditions-dutilisation\/"]}]},{"@type":"BreadcrumbList","@id":"https:\/\/u-intosai.org\/fr\/conditions-dutilisation\/#breadcrumb","itemListElement":[{"@type":"ListItem","position":1,"name":"U-INTOSAI","item":"https:\/\/u-intosai.org\/fr\/"},{"@type":"ListItem","position":2,"name":"CGU"}]},{"@type":"WebSite","@id":"https:\/\/u-intosai.org\/fr\/#website","url":"https:\/\/u-intosai.org\/fr\/","name":"U-INTOSAI","description":"U-INTOSAI is an open online educational platform for all INTOSAI members created as a unique space for exchanging experience and advanced knowledge.","publisher":{"@id":"https:\/\/u-intosai.org\/fr\/#organization"},"potentialAction":[{"@type":"SearchAction","target":{"@type":"EntryPoint","urlTemplate":"https:\/\/u-intosai.org\/fr\/?s={search_term_string}"},"query-input":{"@type":"PropertyValueSpecification","valueRequired":true,"valueName":"search_term_string"}}],"inLanguage":"fr-FR"},{"@type":"Organization","@id":"https:\/\/u-intosai.org\/fr\/#organization","name":"U-INTOSAI \u2014 University of INTOSAI","url":"https:\/\/u-intosai.org\/fr\/","logo":{"@type":"ImageObject","inLanguage":"fr-FR","@id":"https:\/\/u-intosai.org\/fr\/#\/schema\/logo\/image\/","url":"https:\/\/u-intosai.org\/wp-content\/uploads\/2021\/08\/miniu-intosai-logo.png","contentUrl":"https:\/\/u-intosai.org\/wp-content\/uploads\/2021\/08\/miniu-intosai-logo.png","width":1000,"height":479,"caption":"U-INTOSAI \u2014 University of INTOSAI"},"image":{"@id":"https:\/\/u-intosai.org\/fr\/#\/schema\/logo\/image\/"},"sameAs":["https:\/\/x.com\/Incosai2019","https:\/\/www.youtube.com\/channel\/UCjD--8sXtgxoPrxRQ_rz5GQ"]}]}},"_links":{"self":[{"href":"https:\/\/u-intosai.org\/fr\/wp-json\/wp\/v2\/pages\/7541","targetHints":{"allow":["GET"]}}],"collection":[{"href":"https:\/\/u-intosai.org\/fr\/wp-json\/wp\/v2\/pages"}],"about":[{"href":"https:\/\/u-intosai.org\/fr\/wp-json\/wp\/v2\/types\/page"}],"author":[{"embeddable":true,"href":"https:\/\/u-intosai.org\/fr\/wp-json\/wp\/v2\/users\/1"}],"replies":[{"embeddable":true,"href":"https:\/\/u-intosai.org\/fr\/wp-json\/wp\/v2\/comments?post=7541"}],"version-history":[{"count":3,"href":"https:\/\/u-intosai.org\/fr\/wp-json\/wp\/v2\/pages\/7541\/revisions"}],"predecessor-version":[{"id":8229,"href":"https:\/\/u-intosai.org\/fr\/wp-json\/wp\/v2\/pages\/7541\/revisions\/8229"}],"wp:attachment":[{"href":"https:\/\/u-intosai.org\/fr\/wp-json\/wp\/v2\/media?parent=7541"}],"curies":[{"name":"wp","href":"https:\/\/api.w.org\/{rel}","templated":true}]}}