{"id":7555,"date":"2021-07-30T14:51:15","date_gmt":"2021-07-30T14:51:15","guid":{"rendered":"https:\/\/u-intosai.org\/contact\/"},"modified":"2022-04-08T12:08:18","modified_gmt":"2022-04-08T12:08:18","slug":"contact","status":"publish","type":"page","link":"https:\/\/u-intosai.org\/fr\/contact\/","title":{"rendered":"Contact"},"content":{"rendered":"<div class=\"wpb-content-wrapper\"><p>[vc_row css=\u00a0\u00bb.vc_custom_1435659486461{margin-bottom: 0px !important;}\u00a0\u00bb][vc_column width=\u00a0\u00bb1\/2&Prime; el_class=\u00a0\u00bbstm_icon_box_responsive\u00a0\u00bb][vc_custom_heading text=\u00a0\u00bbVous souhaitez prendre contact avec nous\u00a0\u00bb font_container=\u00a0\u00bbtag:h3|text_align:left\u00a0\u00bb use_theme_fonts=\u00a0\u00bbyes\u00a0\u00bb css=\u00a0\u00bb.vc_custom_1613665902239{margin-top: -20px !important;margin-bottom: 35px !important;}\u00a0\u00bb][vc_column_text]<strong>L&rsquo;Universit\u00e9 pour la communaut\u00e9 de l&rsquo;INTOSAI<\/strong><br \/>\nCour des comptes de la F\u00e9d\u00e9ration de Russie<br \/>\nD\u00e9partement de coop\u00e9ration internationale et r\u00e9gionale[\/vc_column_text][stm_icon_box title_holder=\u00a0\u00bbh5&Prime; hover_pos=\u00a0\u00bbnone\u00a0\u00bb icon=\u00a0\u00bbfa-icon-stm_icon_pin-o\u00a0\u00bb icon_size=\u00a0\u00bb35&Prime; icon_align=\u00a0\u00bbleft\u00a0\u00bb icon_width=\u00a0\u00bb35&Prime; icon_color=\u00a0\u00bb#960755&Prime; title=\u00a0\u00bbAdresse postale :\u00a0\u00bb box_bg_color=\u00a0\u00bb#ffffff\u00a0\u00bb box_text_color=\u00a0\u00bb#555555&Prime; css=\u00a0\u00bb.vc_custom_1627656805964{margin-top: 0px !important;border-top-width: 1px !important;border-bottom-width: 1px !important;padding-top: 30px !important;padding-right: 0px !important;padding-bottom: 14px !important;padding-left: 0px !important;border-top-color: #e1e2e4 !important;border-top-style: solid !important;border-bottom-color: #e1e2e4 !important;border-bottom-style: solid !important;}\u00a0\u00bb css_icon=\u00a0\u00bb.vc_custom_1627656805963{padding-left: 7px !important;}\u00a0\u00bb]rue Zouboska\u00efa, 2<\/p>\n<p>119121 Moscou<\/p>\n<p>F\u00e9d\u00e9ration de Russie[\/stm_icon_box][vc_row_inner css=\u00a0\u00bb.vc_custom_1435139343164{margin-bottom: 0px !important;}\u00a0\u00bb][vc_column_inner el_class=\u00a0\u00bbstm_sm_gutter_back stm_bottom_border\u00a0\u00bb css=\u00a0\u00bb.vc_custom_1436791452718{padding-right: 0px !important;}\u00a0\u00bb offset=\u00a0\u00bbvc_col-lg-6 vc_col-md-6&Prime;][stm_icon_box title_holder=\u00a0\u00bbh5&Prime; hover_pos=\u00a0\u00bbnone\u00a0\u00bb link_color_style=\u00a0\u00bbdark\u00a0\u00bb icon=\u00a0\u00bbfa-icon-stm_icon_mail-o\u00a0\u00bb icon_size=\u00a0\u00bb22&Prime; icon_align=\u00a0\u00bbleft\u00a0\u00bb icon_width=\u00a0\u00bb35&Prime; icon_color=\u00a0\u00bb#960755&Prime; title=\u00a0\u00bbAdresse \u00e9lectronique :\u00a0\u00bb box_bg_color=\u00a0\u00bb#ffffff\u00a0\u00bb box_text_color=\u00a0\u00bb#555555&Prime; css=\u00a0\u00bb.vc_custom_1613665738267{margin-top: 27px !important;padding-top: 0px !important;padding-right: 15px !important;padding-bottom: 14px !important;padding-left: 0px !important;}\u00a0\u00bb css_icon=\u00a0\u00bb.vc_custom_1613665738266{padding-top: 10px !important;padding-left: 3px !important;}\u00a0\u00bb]u_intosai@ach.gov.ru[\/stm_icon_box][\/vc_column_inner][vc_column_inner el_class=\u00a0\u00bbstm_sm_gutter_back\u00a0\u00bb css=\u00a0\u00bb.vc_custom_1436791272952{padding-left: 0px !important;}\u00a0\u00bb offset=\u00a0\u00bbvc_col-lg-6 vc_col-md-6&Prime;][stm_icon_box title_holder=\u00a0\u00bbh5&Prime; hover_pos=\u00a0\u00bbnone\u00a0\u00bb link_color_style=\u00a0\u00bbdark\u00a0\u00bb icon=\u00a0\u00bbfa-icon-stm_icon_earth\u00a0\u00bb icon_size=\u00a0\u00bb33&Prime; icon_align=\u00a0\u00bbleft\u00a0\u00bb icon_width=\u00a0\u00bb61&Prime; icon_color=\u00a0\u00bb#960755&Prime; title=\u00a0\u00bbSite internet :\u00a0\u00bb box_bg_color=\u00a0\u00bb#ffffff\u00a0\u00bb box_text_color=\u00a0\u00bb#555555&Prime; css=\u00a0\u00bb.vc_custom_1613665745004{margin-top: 27px !important;padding-top: 0px !important;padding-right: 0px !important;padding-bottom: 14px !important;padding-left: 0px !important;}\u00a0\u00bb css_icon=\u00a0\u00bb.vc_custom_1613665745003{padding-top: 3px !important;padding-left: 26px !important;}\u00a0\u00bb]<a href=\"https:\/\/u-intosai.org\/fr\/\">https:\/\/u-intosai.org\/<\/a>[\/stm_icon_box][\/vc_column_inner][\/vc_row_inner][stm_multy_separator css=\u00a0\u00bb.vc_custom_1435665826984{margin-top: 39px !important;margin-bottom: 0px !important;}\u00a0\u00bb][vc_empty_space][vc_custom_heading text=\u00a0\u00bbFeedback\u00a0\u00bb font_container=\u00a0\u00bbtag:h3|text_align:left\u00a0\u00bb use_theme_fonts=\u00a0\u00bbyes\u00a0\u00bb css=\u00a0\u00bb.vc_custom_1613668376285{margin-bottom: 37px !important;}\u00a0\u00bb]\n<div class=\"wpcf7 no-js\" id=\"wpcf7-f7569-o1\" lang=\"en-US\" dir=\"ltr\" data-wpcf7-id=\"7569\">\n<div class=\"screen-reader-response\"><p role=\"status\" aria-live=\"polite\" aria-atomic=\"true\"><\/p> <ul><\/ul><\/div>\n<form action=\"\/fr\/wp-json\/wp\/v2\/pages\/7555#wpcf7-f7569-o1\" method=\"post\" class=\"wpcf7-form init\" aria-label=\"Contact form\" novalidate=\"novalidate\" data-status=\"init\">\n<fieldset class=\"hidden-fields-container\"><input type=\"hidden\" name=\"_wpcf7\" value=\"7569\" \/><input type=\"hidden\" name=\"_wpcf7_version\" value=\"6.1.5\" \/><input type=\"hidden\" name=\"_wpcf7_locale\" value=\"en_US\" \/><input type=\"hidden\" name=\"_wpcf7_unit_tag\" value=\"wpcf7-f7569-o1\" \/><input type=\"hidden\" name=\"_wpcf7_container_post\" value=\"0\" \/><input type=\"hidden\" name=\"_wpcf7_posted_data_hash\" value=\"\" \/>\n<\/fieldset>\n<div class=\"row\">\n\t<div class=\"col-xs-12 col-sm-6 col-md-6 col-lg-6\">\n\t\t<div class=\"form-group\">\n\t\t\t<p><span class=\"wpcf7-form-control-wrap\" data-name=\"name\"><input size=\"40\" maxlength=\"400\" class=\"wpcf7-form-control wpcf7-text wpcf7-validates-as-required form-control\" aria-required=\"true\" aria-invalid=\"false\" placeholder=\"Votre pr\u00e9nom\" value=\"\" type=\"text\" name=\"name\" \/><\/span>\n\t\t\t<\/p>\n\t\t<\/div>\n\t<\/div>\n\t<div class=\"col-xs-12 col-sm-6 col-md-6 col-lg-6\">\n\t\t<div class=\"form-group\">\n\t\t\t<p><span class=\"wpcf7-form-control-wrap\" data-name=\"email\"><input size=\"40\" maxlength=\"400\" class=\"wpcf7-form-control wpcf7-email wpcf7-validates-as-required wpcf7-text wpcf7-validates-as-email form-control\" aria-required=\"true\" aria-invalid=\"false\" placeholder=\"Votre adresse \u00e9lectronique\" value=\"\" type=\"email\" name=\"email\" \/><\/span>\n\t\t\t<\/p>\n\t\t<\/div>\n\t<\/div>\n<\/div>\n<div class=\"row\">\n\t<div class=\"col-xs-12 col-sm-12 col-md-12 col-lg-12\">\n\t\t<div class=\"form-group\">\n\t\t\t<p><span class=\"wpcf7-form-control-wrap\" data-name=\"message\"><textarea cols=\"40\" rows=\"9\" maxlength=\"2000\" class=\"wpcf7-form-control wpcf7-textarea wpcf7-validates-as-required form-control\" aria-required=\"true\" aria-invalid=\"false\" name=\"message\"><\/textarea><\/span>\n\t\t\t<\/p>\n\t\t<\/div>\n\t<\/div>\n<\/div>\n<div class=\"row\">\n\t<div class=\"col-xs-12 col-sm-12 col-md-12 col-lg-12\">\n\t\t<p><input class=\"wpcf7-form-control wpcf7-submit has-spinner btn btn-default\" type=\"submit\" value=\"Envoyer\" \/>\n\t\t<\/p>\n\t<\/div>\n<\/div><div class=\"wpcf7-response-output\" aria-hidden=\"true\"><\/div>\n<\/form>\n<\/div>\n[vc_empty_space][\/vc_column][vc_column width=\u00a0\u00bb1\/2&Prime;][vc_empty_space height=\u00a0\u00bb\u00a0\u00bb mobile_height=\u00a0\u00bb30&Prime;][vc_custom_heading text=\u00a0\u00bbLocalisation\u00a0\u00bb font_container=\u00a0\u00bbtag:h3|text_align:left\u00a0\u00bb use_theme_fonts=\u00a0\u00bbyes\u00a0\u00bb css=\u00a0\u00bb.vc_custom_1613665908134{margin-top: -20px !important;margin-bottom: 35px !important;}\u00a0\u00bb][vc_gmaps link=\u00a0\u00bb#E-8_JTNDaWZyYW1lJTIwc3JjJTNEJTIyaHR0cHMlM0ElMkYlMkZ3d3cuZ29vZ2xlLmNvbSUyRm1hcHMlMkZlbWJlZCUzRnBiJTNEJTIxMW0xOCUyMTFtMTIlMjExbTMlMjExZDE1MjQuNDUwMjE4MzE0Mzk0OCUyMTJkMzcuNTg0MzE2MTUxMjMzODIlMjEzZDU1LjczODYwMzIyNTYxOTQ4NSUyMTJtMyUyMTFmMCUyMTJmMCUyMTNmMCUyMTNtMiUyMTFpMTAyNCUyMTJpNzY4JTIxNGYxMy4xJTIxM20zJTIxMW0yJTIxMXMweDQ2YjU0YmE1MjYzNzRhY2IlMjUzQTB4MTI2YTM0NDllMDhkOWMyJTIxMnNTY2hldG5heWElMjUyMFBhbGF0YSUyNTIwUmYlMjE1ZTAlMjEzbTIlMjExc2VuJTIxMnNydSUyMTR2MTYxMzY2NjA2MTk4MSUyMTVtMiUyMTFzZW4lMjEyc3J1JTIyJTIwd2lkdGglM0QlMjIxMDAlMjUlMjIlMjBoZWlnaHQlM0QlMjI0NTAlMjIlMjBmcmFtZWJvcmRlciUzRCUyMjAlMjIlMjBzdHlsZSUzRCUyMmJvcmRlciUzQTAlM0IlMjIlMjBhbGxvd2Z1bGxzY3JlZW4lM0QlMjIlMjIlMjBhcmlhLWhpZGRlbiUzRCUyMmZhbHNlJTIyJTIwdGFiaW5kZXglM0QlMjIwJTIyJTNFJTNDJTJGaWZyYW1lJTNF\u00a0\u00bb size=\u00a0\u00bb830&Prime;][\/vc_column][\/vc_row]<\/p>\n<\/div>","protected":false},"excerpt":{"rendered":"<p>[vc_row css=\u00a0\u00bb.vc_custom_1435659486461{margin-bottom: 0px !important;}\u00a0\u00bb][vc_column width=\u00a0\u00bb1\/2&Prime; el_class=\u00a0\u00bbstm_icon_box_responsive\u00a0\u00bb][vc_custom_heading text=\u00a0\u00bbVous souhaitez prendre contact avec nous\u00a0\u00bb font_container=\u00a0\u00bbtag:h3|text_align:left\u00a0\u00bb use_theme_fonts=\u00a0\u00bbyes\u00a0\u00bb css=\u00a0\u00bb.vc_custom_1613665902239{margin-top: -20px !important;margin-bottom: 35px !important;}\u00a0\u00bb][vc_column_text]L&rsquo;Universit\u00e9 pour la communaut\u00e9 de l&rsquo;INTOSAI Cour des comptes de la F\u00e9d\u00e9ration de Russie D\u00e9partement de coop\u00e9ration internationale et r\u00e9gionale[\/vc_column_text][stm_icon_box title_holder=\u00a0\u00bbh5&Prime; hover_pos=\u00a0\u00bbnone\u00a0\u00bb icon=\u00a0\u00bbfa-icon-stm_icon_pin-o\u00a0\u00bb icon_size=\u00a0\u00bb35&Prime; icon_align=\u00a0\u00bbleft\u00a0\u00bb icon_width=\u00a0\u00bb35&Prime; icon_color=\u00a0\u00bb#960755&Prime; title=\u00a0\u00bbAdresse postale :\u00a0\u00bb box_bg_color=\u00a0\u00bb#ffffff\u00a0\u00bb box_text_color=\u00a0\u00bb#555555&Prime; css=\u00a0\u00bb.vc_custom_1627656805964{margin-top: 0px !important;border-top-width: 1px !important;border-bottom-width: [&hellip;]<\/p>\n","protected":false},"author":1,"featured_media":0,"parent":0,"menu_order":0,"comment_status":"closed","ping_status":"closed","template":"","meta":{"_acf_changed":false,"pmpro_default_level":"","footnotes":""},"class_list":["post-7555","page","type-page","status-publish","hentry","pmpro-has-access"],"acf":[],"yoast_head":"<!-- This site is optimized with the Yoast SEO plugin v27.4 - https:\/\/yoast.com\/product\/yoast-seo-wordpress\/ -->\n<title>Contact | U-INTOSAI<\/title>\n<meta name=\"description\" content=\"Contact\" \/>\n<meta name=\"robots\" content=\"index, follow, max-snippet:-1, max-image-preview:large, max-video-preview:-1\" \/>\n<link rel=\"canonical\" href=\"https:\/\/u-intosai.org\/fr\/contact\/\" \/>\n<meta property=\"og:locale\" content=\"fr_FR\" \/>\n<meta property=\"og:type\" content=\"article\" \/>\n<meta property=\"og:title\" content=\"Contact | U-INTOSAI\" \/>\n<meta property=\"og:description\" content=\"Contact\" \/>\n<meta property=\"og:url\" content=\"https:\/\/u-intosai.org\/fr\/contact\/\" \/>\n<meta property=\"og:site_name\" content=\"U-INTOSAI\" \/>\n<meta property=\"article:modified_time\" content=\"2022-04-08T12:08:18+00:00\" \/>\n<meta property=\"og:image\" content=\"https:\/\/u-intosai.org\/wp-content\/uploads\/2022\/01\/video-poster-11920x1080-1.jpg\" \/>\n\t<meta property=\"og:image:width\" content=\"1920\" \/>\n\t<meta property=\"og:image:height\" content=\"1080\" \/>\n\t<meta property=\"og:image:type\" content=\"image\/jpeg\" \/>\n<meta name=\"twitter:card\" content=\"summary_large_image\" \/>\n<meta name=\"twitter:site\" content=\"@Incosai2019\" \/>\n<meta name=\"twitter:label1\" content=\"Dur\u00e9e de lecture estim\u00e9e\" \/>\n\t<meta name=\"twitter:data1\" content=\"1 minute\" \/>\n<script type=\"application\/ld+json\" class=\"yoast-schema-graph\">{\"@context\":\"https:\\\/\\\/schema.org\",\"@graph\":[{\"@type\":\"WebPage\",\"@id\":\"https:\\\/\\\/u-intosai.org\\\/fr\\\/contact\\\/\",\"url\":\"https:\\\/\\\/u-intosai.org\\\/fr\\\/contact\\\/\",\"name\":\"Contact | U-INTOSAI\",\"isPartOf\":{\"@id\":\"https:\\\/\\\/u-intosai.org\\\/fr\\\/#website\"},\"datePublished\":\"2021-07-30T14:51:15+00:00\",\"dateModified\":\"2022-04-08T12:08:18+00:00\",\"description\":\"Contact\",\"breadcrumb\":{\"@id\":\"https:\\\/\\\/u-intosai.org\\\/fr\\\/contact\\\/#breadcrumb\"},\"inLanguage\":\"fr-FR\",\"potentialAction\":[{\"@type\":\"ReadAction\",\"target\":[\"https:\\\/\\\/u-intosai.org\\\/fr\\\/contact\\\/\"]}]},{\"@type\":\"BreadcrumbList\",\"@id\":\"https:\\\/\\\/u-intosai.org\\\/fr\\\/contact\\\/#breadcrumb\",\"itemListElement\":[{\"@type\":\"ListItem\",\"position\":1,\"name\":\"U-INTOSAI\",\"item\":\"https:\\\/\\\/u-intosai.org\\\/fr\\\/\"},{\"@type\":\"ListItem\",\"position\":2,\"name\":\"Contact\"}]},{\"@type\":\"WebSite\",\"@id\":\"https:\\\/\\\/u-intosai.org\\\/fr\\\/#website\",\"url\":\"https:\\\/\\\/u-intosai.org\\\/fr\\\/\",\"name\":\"U-INTOSAI\",\"description\":\"U-INTOSAI is an open online educational platform for all INTOSAI members created as a unique space for exchanging experience and advanced knowledge.\",\"publisher\":{\"@id\":\"https:\\\/\\\/u-intosai.org\\\/fr\\\/#organization\"},\"potentialAction\":[{\"@type\":\"SearchAction\",\"target\":{\"@type\":\"EntryPoint\",\"urlTemplate\":\"https:\\\/\\\/u-intosai.org\\\/fr\\\/?s={search_term_string}\"},\"query-input\":{\"@type\":\"PropertyValueSpecification\",\"valueRequired\":true,\"valueName\":\"search_term_string\"}}],\"inLanguage\":\"fr-FR\"},{\"@type\":\"Organization\",\"@id\":\"https:\\\/\\\/u-intosai.org\\\/fr\\\/#organization\",\"name\":\"U-INTOSAI \u2014 University of INTOSAI\",\"url\":\"https:\\\/\\\/u-intosai.org\\\/fr\\\/\",\"logo\":{\"@type\":\"ImageObject\",\"inLanguage\":\"fr-FR\",\"@id\":\"https:\\\/\\\/u-intosai.org\\\/fr\\\/#\\\/schema\\\/logo\\\/image\\\/\",\"url\":\"https:\\\/\\\/u-intosai.org\\\/wp-content\\\/uploads\\\/2021\\\/08\\\/miniu-intosai-logo.png\",\"contentUrl\":\"https:\\\/\\\/u-intosai.org\\\/wp-content\\\/uploads\\\/2021\\\/08\\\/miniu-intosai-logo.png\",\"width\":1000,\"height\":479,\"caption\":\"U-INTOSAI \u2014 University of INTOSAI\"},\"image\":{\"@id\":\"https:\\\/\\\/u-intosai.org\\\/fr\\\/#\\\/schema\\\/logo\\\/image\\\/\"},\"sameAs\":[\"https:\\\/\\\/x.com\\\/Incosai2019\",\"https:\\\/\\\/www.youtube.com\\\/channel\\\/UCjD--8sXtgxoPrxRQ_rz5GQ\"]}]}<\/script>\n<!-- \/ Yoast SEO plugin. -->","yoast_head_json":{"title":"Contact | U-INTOSAI","description":"Contact","robots":{"index":"index","follow":"follow","max-snippet":"max-snippet:-1","max-image-preview":"max-image-preview:large","max-video-preview":"max-video-preview:-1"},"canonical":"https:\/\/u-intosai.org\/fr\/contact\/","og_locale":"fr_FR","og_type":"article","og_title":"Contact | U-INTOSAI","og_description":"Contact","og_url":"https:\/\/u-intosai.org\/fr\/contact\/","og_site_name":"U-INTOSAI","article_modified_time":"2022-04-08T12:08:18+00:00","og_image":[{"width":1920,"height":1080,"url":"https:\/\/u-intosai.org\/wp-content\/uploads\/2022\/01\/video-poster-11920x1080-1.jpg","type":"image\/jpeg"}],"twitter_card":"summary_large_image","twitter_site":"@Incosai2019","twitter_misc":{"Dur\u00e9e de lecture estim\u00e9e":"1 minute"},"schema":{"@context":"https:\/\/schema.org","@graph":[{"@type":"WebPage","@id":"https:\/\/u-intosai.org\/fr\/contact\/","url":"https:\/\/u-intosai.org\/fr\/contact\/","name":"Contact | U-INTOSAI","isPartOf":{"@id":"https:\/\/u-intosai.org\/fr\/#website"},"datePublished":"2021-07-30T14:51:15+00:00","dateModified":"2022-04-08T12:08:18+00:00","description":"Contact","breadcrumb":{"@id":"https:\/\/u-intosai.org\/fr\/contact\/#breadcrumb"},"inLanguage":"fr-FR","potentialAction":[{"@type":"ReadAction","target":["https:\/\/u-intosai.org\/fr\/contact\/"]}]},{"@type":"BreadcrumbList","@id":"https:\/\/u-intosai.org\/fr\/contact\/#breadcrumb","itemListElement":[{"@type":"ListItem","position":1,"name":"U-INTOSAI","item":"https:\/\/u-intosai.org\/fr\/"},{"@type":"ListItem","position":2,"name":"Contact"}]},{"@type":"WebSite","@id":"https:\/\/u-intosai.org\/fr\/#website","url":"https:\/\/u-intosai.org\/fr\/","name":"U-INTOSAI","description":"U-INTOSAI is an open online educational platform for all INTOSAI members created as a unique space for exchanging experience and advanced knowledge.","publisher":{"@id":"https:\/\/u-intosai.org\/fr\/#organization"},"potentialAction":[{"@type":"SearchAction","target":{"@type":"EntryPoint","urlTemplate":"https:\/\/u-intosai.org\/fr\/?s={search_term_string}"},"query-input":{"@type":"PropertyValueSpecification","valueRequired":true,"valueName":"search_term_string"}}],"inLanguage":"fr-FR"},{"@type":"Organization","@id":"https:\/\/u-intosai.org\/fr\/#organization","name":"U-INTOSAI \u2014 University of INTOSAI","url":"https:\/\/u-intosai.org\/fr\/","logo":{"@type":"ImageObject","inLanguage":"fr-FR","@id":"https:\/\/u-intosai.org\/fr\/#\/schema\/logo\/image\/","url":"https:\/\/u-intosai.org\/wp-content\/uploads\/2021\/08\/miniu-intosai-logo.png","contentUrl":"https:\/\/u-intosai.org\/wp-content\/uploads\/2021\/08\/miniu-intosai-logo.png","width":1000,"height":479,"caption":"U-INTOSAI \u2014 University of INTOSAI"},"image":{"@id":"https:\/\/u-intosai.org\/fr\/#\/schema\/logo\/image\/"},"sameAs":["https:\/\/x.com\/Incosai2019","https:\/\/www.youtube.com\/channel\/UCjD--8sXtgxoPrxRQ_rz5GQ"]}]}},"_links":{"self":[{"href":"https:\/\/u-intosai.org\/fr\/wp-json\/wp\/v2\/pages\/7555","targetHints":{"allow":["GET"]}}],"collection":[{"href":"https:\/\/u-intosai.org\/fr\/wp-json\/wp\/v2\/pages"}],"about":[{"href":"https:\/\/u-intosai.org\/fr\/wp-json\/wp\/v2\/types\/page"}],"author":[{"embeddable":true,"href":"https:\/\/u-intosai.org\/fr\/wp-json\/wp\/v2\/users\/1"}],"replies":[{"embeddable":true,"href":"https:\/\/u-intosai.org\/fr\/wp-json\/wp\/v2\/comments?post=7555"}],"version-history":[{"count":8,"href":"https:\/\/u-intosai.org\/fr\/wp-json\/wp\/v2\/pages\/7555\/revisions"}],"predecessor-version":[{"id":13189,"href":"https:\/\/u-intosai.org\/fr\/wp-json\/wp\/v2\/pages\/7555\/revisions\/13189"}],"wp:attachment":[{"href":"https:\/\/u-intosai.org\/fr\/wp-json\/wp\/v2\/media?parent=7555"}],"curies":[{"name":"wp","href":"https:\/\/api.w.org\/{rel}","templated":true}]}}