{"id":7572,"date":"2021-07-30T15:19:31","date_gmt":"2021-07-30T15:19:31","guid":{"rendered":"https:\/\/u-intosai.org\/politique-aux-cookies\/"},"modified":"2021-08-02T18:28:06","modified_gmt":"2021-08-02T18:28:06","slug":"politique-aux-cookies","status":"publish","type":"page","link":"https:\/\/u-intosai.org\/fr\/politique-aux-cookies\/","title":{"rendered":"Cookies"},"content":{"rendered":"<h2>Politique d\u2019U-INTOSAI en mati\u00e8re de cookies et de journalisation automatique<\/h2>\n<p>La politique relative aux cookies et \u00e0 la journalisation automatique (Politique relative aux cookies) s\u2019applique aux ressources d\u2019information de la plateforme de formation en ligne de l\u2019Universit\u00e9 INTOSAI (U-INTOSAI).<\/p>\n<p>Pour mieux comprendre comment nous utilisons vos donn\u00e9es personnelles, veuillez lire nos Politique en mati\u00e8re de cookies et Politique de confidentialit\u00e9.<strong>\u00a0<\/strong><\/p>\n<h2>Comment fonctionnent les cookies<\/h2>\n<p>U-INTOSAI utilise des cookies dans ses ressources d\u2019information.<\/p>\n<p>Un cookie est un petit fichier de donn\u00e9es qui est stock\u00e9 sur votre appareil (ordinateur ou appareil mobile) lorsque vous visitez nos ressources d\u2019information. Ce cookie permettra \u00e0 nos fournisseurs de contenu de reconna\u00eetre votre appareil lors de votre prochaine visite afin d\u2019am\u00e9liorer votre exp\u00e9rience sur notre site.<\/p>\n<p>Les cookies stockent les donn\u00e9es suivantes sur votre activit\u00e9 en ligne\u00a0:<\/p>\n<ul>\n<li>votre adresse IP\u00a0;<\/li>\n<li>le type et la version du syst\u00e8me d\u2019exploitation de votre appareil\u00a0;<\/li>\n<li>le type et la version de votre navigateur\u00a0;<\/li>\n<li>la langue de votre syst\u00e8me d\u2019exploitation et de votre navigateur\u00a0;<\/li>\n<li>le type de votre appareil et la r\u00e9solution de l\u2019\u00e9cran\u00a0;<\/li>\n<li>votre localisation\u00a0;<\/li>\n<li>la source \u00e0 partir de laquelle vous vous \u00eates connect\u00e9 au site\u00a0;<\/li>\n<li>le site web ou la publicit\u00e9 qui contient le lien \u00e0 partir duquel vous vous \u00eates connect\u00e9 \u00e0 notre site\u00a0;<\/li>\n<li>les pages de notre site que vous visitez et les boutons sur lesquels vous cliquez.<\/li>\n<\/ul>\n<p>Nos ressources d\u2019information collectent et enregistrent automatiquement ces donn\u00e9es dans des cookies.<\/p>\n<p>Nous n\u2019utilisons pas les cookies pour identifier les personnes ou cr\u00e9er des profils d\u2019utilisateurs, et nous n\u2019int\u00e9grons pas ces informations \u00e0 d\u2019autres donn\u00e9es.<\/p>\n<p>Cette plateforme utilise des outils de collecte et d\u2019analyse des cookies, tels que des syst\u00e8mes et des traceurs de recommandation et d\u2019analyse internes et externes.<\/p>\n<p>En plus de nos propres services, nous pouvons utiliser des ressources tierces pour collecter et analyser les cookies de nos ressources d\u2019information, telles que<\/p>\n<ul>\n<li>Google Analytics (https:\/\/analytics.google.com\/ )<\/li>\n<li>Yandex.Metrika (https:\/\/metrika.yandex.ru\/)<\/li>\n<\/ul>\n<p>Nous n\u2019utilisons que des services tiers qui respectent des normes \u00e9lev\u00e9es de s\u00e9curit\u00e9 des donn\u00e9es.<\/p>\n<p>Nous recueillons des cookies en utilisant des services tiers qu\u2019avec votre consentement.<\/p>\n<p>Pour plus d\u2019informations sur les cookies et la mani\u00e8re de les g\u00e9rer, consultez le site <a href=\"http:\/\/www.allaboutcookies.org\/\">www.allaboutcookies.org<\/a><\/p>\n<h2>Accord d\u2019utilisation des cookies<\/h2>\n<p>Lors de votre premi\u00e8re visite sur la plateforme U-INTOSAI, il vous sera demand\u00e9 de valider votre accord pour l\u2019utilisation de cookies. Une notification de consentement aux cookies s\u2019affiche sur votre \u00e9cran.<\/p>\n<h2>Refuser l\u2019utilisation des cookies<\/h2>\n<p>Vous pouvez refuser l\u2019utilisation de cookies en les d\u00e9sactivant ou en les supprimant dans les param\u00e8tres de votre navigateur. Cette fonction se trouve g\u00e9n\u00e9ralement dans le menu des options, outils, param\u00e8tres, pr\u00e9f\u00e9rences, etc. de votre navigateur.<\/p>\n<p>Une fois les cookies d\u00e9sactiv\u00e9s ou supprim\u00e9s, il vous sera demand\u00e9 de valider l\u2019utilisation de cookies chaque fois que vous visiterez notre site.<\/p>\n<h2>Stockage des cookies<\/h2>\n<p>Certains cookies seront supprim\u00e9s automatiquement de votre appareil lorsque vous fermerez votre navigateur.<\/p>\n<p>D\u2019autres seront supprim\u00e9s apr\u00e8s un certain temps. Cette p\u00e9riode peut varier entre le temps que vous aurez pass\u00e9 sur le site et jusqu\u2019\u00e0 trois ans.<\/p>\n<p>Si vous d\u00e9sactivez ou supprimez les cookies dans les param\u00e8tres de votre navigateur, ils seront imm\u00e9diatement supprim\u00e9s.<\/p>\n<h2>Donn\u00e9es techniques<\/h2>\n<p>Nos serveurs web et nos syst\u00e8mes de s\u00e9curit\u00e9 stockent temporairement des donn\u00e9es techniques.<\/p>\n<p>Le traitement des donn\u00e9es techniques est n\u00e9cessaire au bon fonctionnement et \u00e0 la s\u00e9curit\u00e9 de nos ressources informatiques.<\/p>\n<p>Les donn\u00e9es techniques comprennent\u00a0:<\/p>\n<ul>\n<li>l\u2019adresse IP de votre ordinateur\/appareil\u00a0;<\/li>\n<li>le contenu que vous avez consult\u00e9 (le nom et l\u2019URL du fichier que vous avez consult\u00e9 sur le site)\u00a0;<\/li>\n<li>la date et l\u2019heure de la connexion\u00a0;<\/li>\n<li>le fuseau horaire GMT\u00a0;<\/li>\n<li>l\u2019\u00e9tat de la connexion\u00a0;<\/li>\n<li>le volume du trafic\u00a0;<\/li>\n<li>les sp\u00e9cifications de votre appareil, notamment la langue, la version du navigateur et le syst\u00e8me d\u2019exploitation\u00a0;<\/li>\n<li>les URL des sites web que vous avez visit\u00e9s.<\/li>\n<\/ul>\n<p>Les donn\u00e9es techniques ne sont pas utilis\u00e9es pour vous identifier ou cr\u00e9er un profil d\u2019utilisateur. Nous n\u2019int\u00e9grons pas les donn\u00e9es techniques \u00e0 d\u2019autres donn\u00e9es et ne les partageons avec personne d\u2019autre.<\/p>\n<p>Les donn\u00e9es techniques seront conserv\u00e9es pendant une p\u00e9riode de 12 mois \u00e0 compter de la date de r\u00e9ception. Cette p\u00e9riode ne peut \u00eatre prolong\u00e9e que si la loi russe ou internationale l\u2019exige.<\/p>\n<p>Pour refuser la collecte de donn\u00e9es techniques, vous devez cesser d\u2019utiliser nos ressources d\u2019information.<\/p>\n","protected":false},"excerpt":{"rendered":"<p>Politique d\u2019U-INTOSAI en mati\u00e8re de cookies et de journalisation automatique La politique relative aux cookies et \u00e0 la journalisation automatique (Politique relative aux cookies) s\u2019applique aux ressources d\u2019information de la plateforme de formation en ligne de l\u2019Universit\u00e9 INTOSAI (U-INTOSAI). Pour mieux comprendre comment nous utilisons vos donn\u00e9es personnelles, veuillez lire nos Politique en mati\u00e8re de [&hellip;]<\/p>\n","protected":false},"author":1,"featured_media":0,"parent":0,"menu_order":0,"comment_status":"closed","ping_status":"closed","template":"","meta":{"_acf_changed":false,"pmpro_default_level":"","footnotes":""},"class_list":["post-7572","page","type-page","status-publish","hentry","pmpro-has-access"],"acf":[],"yoast_head":"<!-- This site is optimized with the Yoast SEO plugin v27.4 - https:\/\/yoast.com\/product\/yoast-seo-wordpress\/ -->\n<title>Cookies | U-INTOSAI<\/title>\n<meta name=\"description\" content=\"Cookies\" \/>\n<meta name=\"robots\" content=\"index, follow, max-snippet:-1, max-image-preview:large, max-video-preview:-1\" \/>\n<link rel=\"canonical\" href=\"https:\/\/u-intosai.org\/fr\/politique-aux-cookies\/\" \/>\n<meta property=\"og:locale\" content=\"fr_FR\" \/>\n<meta property=\"og:type\" content=\"article\" \/>\n<meta property=\"og:title\" content=\"Cookies | U-INTOSAI\" \/>\n<meta property=\"og:description\" content=\"Cookies\" \/>\n<meta property=\"og:url\" content=\"https:\/\/u-intosai.org\/fr\/politique-aux-cookies\/\" \/>\n<meta property=\"og:site_name\" content=\"U-INTOSAI\" \/>\n<meta property=\"article:modified_time\" content=\"2021-08-02T18:28:06+00:00\" \/>\n<meta property=\"og:image\" content=\"https:\/\/u-intosai.org\/wp-content\/uploads\/2022\/01\/video-poster-11920x1080-1.jpg\" \/>\n\t<meta property=\"og:image:width\" content=\"1920\" \/>\n\t<meta property=\"og:image:height\" content=\"1080\" \/>\n\t<meta property=\"og:image:type\" content=\"image\/jpeg\" \/>\n<meta name=\"twitter:card\" content=\"summary_large_image\" \/>\n<meta name=\"twitter:site\" content=\"@Incosai2019\" \/>\n<meta name=\"twitter:label1\" content=\"Dur\u00e9e de lecture estim\u00e9e\" \/>\n\t<meta name=\"twitter:data1\" content=\"4 minutes\" \/>\n<script type=\"application\/ld+json\" class=\"yoast-schema-graph\">{\"@context\":\"https:\\\/\\\/schema.org\",\"@graph\":[{\"@type\":\"WebPage\",\"@id\":\"https:\\\/\\\/u-intosai.org\\\/fr\\\/politique-aux-cookies\\\/\",\"url\":\"https:\\\/\\\/u-intosai.org\\\/fr\\\/politique-aux-cookies\\\/\",\"name\":\"Cookies | U-INTOSAI\",\"isPartOf\":{\"@id\":\"https:\\\/\\\/u-intosai.org\\\/fr\\\/#website\"},\"datePublished\":\"2021-07-30T15:19:31+00:00\",\"dateModified\":\"2021-08-02T18:28:06+00:00\",\"description\":\"Cookies\",\"breadcrumb\":{\"@id\":\"https:\\\/\\\/u-intosai.org\\\/fr\\\/politique-aux-cookies\\\/#breadcrumb\"},\"inLanguage\":\"fr-FR\",\"potentialAction\":[{\"@type\":\"ReadAction\",\"target\":[\"https:\\\/\\\/u-intosai.org\\\/fr\\\/politique-aux-cookies\\\/\"]}]},{\"@type\":\"BreadcrumbList\",\"@id\":\"https:\\\/\\\/u-intosai.org\\\/fr\\\/politique-aux-cookies\\\/#breadcrumb\",\"itemListElement\":[{\"@type\":\"ListItem\",\"position\":1,\"name\":\"U-INTOSAI\",\"item\":\"https:\\\/\\\/u-intosai.org\\\/fr\\\/\"},{\"@type\":\"ListItem\",\"position\":2,\"name\":\"Cookies\"}]},{\"@type\":\"WebSite\",\"@id\":\"https:\\\/\\\/u-intosai.org\\\/fr\\\/#website\",\"url\":\"https:\\\/\\\/u-intosai.org\\\/fr\\\/\",\"name\":\"U-INTOSAI\",\"description\":\"U-INTOSAI is an open online educational platform for all INTOSAI members created as a unique space for exchanging experience and advanced knowledge.\",\"publisher\":{\"@id\":\"https:\\\/\\\/u-intosai.org\\\/fr\\\/#organization\"},\"potentialAction\":[{\"@type\":\"SearchAction\",\"target\":{\"@type\":\"EntryPoint\",\"urlTemplate\":\"https:\\\/\\\/u-intosai.org\\\/fr\\\/?s={search_term_string}\"},\"query-input\":{\"@type\":\"PropertyValueSpecification\",\"valueRequired\":true,\"valueName\":\"search_term_string\"}}],\"inLanguage\":\"fr-FR\"},{\"@type\":\"Organization\",\"@id\":\"https:\\\/\\\/u-intosai.org\\\/fr\\\/#organization\",\"name\":\"U-INTOSAI \u2014 University of INTOSAI\",\"url\":\"https:\\\/\\\/u-intosai.org\\\/fr\\\/\",\"logo\":{\"@type\":\"ImageObject\",\"inLanguage\":\"fr-FR\",\"@id\":\"https:\\\/\\\/u-intosai.org\\\/fr\\\/#\\\/schema\\\/logo\\\/image\\\/\",\"url\":\"https:\\\/\\\/u-intosai.org\\\/wp-content\\\/uploads\\\/2021\\\/08\\\/miniu-intosai-logo.png\",\"contentUrl\":\"https:\\\/\\\/u-intosai.org\\\/wp-content\\\/uploads\\\/2021\\\/08\\\/miniu-intosai-logo.png\",\"width\":1000,\"height\":479,\"caption\":\"U-INTOSAI \u2014 University of INTOSAI\"},\"image\":{\"@id\":\"https:\\\/\\\/u-intosai.org\\\/fr\\\/#\\\/schema\\\/logo\\\/image\\\/\"},\"sameAs\":[\"https:\\\/\\\/x.com\\\/Incosai2019\",\"https:\\\/\\\/www.youtube.com\\\/channel\\\/UCjD--8sXtgxoPrxRQ_rz5GQ\"]}]}<\/script>\n<!-- \/ Yoast SEO plugin. -->","yoast_head_json":{"title":"Cookies | U-INTOSAI","description":"Cookies","robots":{"index":"index","follow":"follow","max-snippet":"max-snippet:-1","max-image-preview":"max-image-preview:large","max-video-preview":"max-video-preview:-1"},"canonical":"https:\/\/u-intosai.org\/fr\/politique-aux-cookies\/","og_locale":"fr_FR","og_type":"article","og_title":"Cookies | U-INTOSAI","og_description":"Cookies","og_url":"https:\/\/u-intosai.org\/fr\/politique-aux-cookies\/","og_site_name":"U-INTOSAI","article_modified_time":"2021-08-02T18:28:06+00:00","og_image":[{"width":1920,"height":1080,"url":"https:\/\/u-intosai.org\/wp-content\/uploads\/2022\/01\/video-poster-11920x1080-1.jpg","type":"image\/jpeg"}],"twitter_card":"summary_large_image","twitter_site":"@Incosai2019","twitter_misc":{"Dur\u00e9e de lecture estim\u00e9e":"4 minutes"},"schema":{"@context":"https:\/\/schema.org","@graph":[{"@type":"WebPage","@id":"https:\/\/u-intosai.org\/fr\/politique-aux-cookies\/","url":"https:\/\/u-intosai.org\/fr\/politique-aux-cookies\/","name":"Cookies | U-INTOSAI","isPartOf":{"@id":"https:\/\/u-intosai.org\/fr\/#website"},"datePublished":"2021-07-30T15:19:31+00:00","dateModified":"2021-08-02T18:28:06+00:00","description":"Cookies","breadcrumb":{"@id":"https:\/\/u-intosai.org\/fr\/politique-aux-cookies\/#breadcrumb"},"inLanguage":"fr-FR","potentialAction":[{"@type":"ReadAction","target":["https:\/\/u-intosai.org\/fr\/politique-aux-cookies\/"]}]},{"@type":"BreadcrumbList","@id":"https:\/\/u-intosai.org\/fr\/politique-aux-cookies\/#breadcrumb","itemListElement":[{"@type":"ListItem","position":1,"name":"U-INTOSAI","item":"https:\/\/u-intosai.org\/fr\/"},{"@type":"ListItem","position":2,"name":"Cookies"}]},{"@type":"WebSite","@id":"https:\/\/u-intosai.org\/fr\/#website","url":"https:\/\/u-intosai.org\/fr\/","name":"U-INTOSAI","description":"U-INTOSAI is an open online educational platform for all INTOSAI members created as a unique space for exchanging experience and advanced knowledge.","publisher":{"@id":"https:\/\/u-intosai.org\/fr\/#organization"},"potentialAction":[{"@type":"SearchAction","target":{"@type":"EntryPoint","urlTemplate":"https:\/\/u-intosai.org\/fr\/?s={search_term_string}"},"query-input":{"@type":"PropertyValueSpecification","valueRequired":true,"valueName":"search_term_string"}}],"inLanguage":"fr-FR"},{"@type":"Organization","@id":"https:\/\/u-intosai.org\/fr\/#organization","name":"U-INTOSAI \u2014 University of INTOSAI","url":"https:\/\/u-intosai.org\/fr\/","logo":{"@type":"ImageObject","inLanguage":"fr-FR","@id":"https:\/\/u-intosai.org\/fr\/#\/schema\/logo\/image\/","url":"https:\/\/u-intosai.org\/wp-content\/uploads\/2021\/08\/miniu-intosai-logo.png","contentUrl":"https:\/\/u-intosai.org\/wp-content\/uploads\/2021\/08\/miniu-intosai-logo.png","width":1000,"height":479,"caption":"U-INTOSAI \u2014 University of INTOSAI"},"image":{"@id":"https:\/\/u-intosai.org\/fr\/#\/schema\/logo\/image\/"},"sameAs":["https:\/\/x.com\/Incosai2019","https:\/\/www.youtube.com\/channel\/UCjD--8sXtgxoPrxRQ_rz5GQ"]}]}},"_links":{"self":[{"href":"https:\/\/u-intosai.org\/fr\/wp-json\/wp\/v2\/pages\/7572","targetHints":{"allow":["GET"]}}],"collection":[{"href":"https:\/\/u-intosai.org\/fr\/wp-json\/wp\/v2\/pages"}],"about":[{"href":"https:\/\/u-intosai.org\/fr\/wp-json\/wp\/v2\/types\/page"}],"author":[{"embeddable":true,"href":"https:\/\/u-intosai.org\/fr\/wp-json\/wp\/v2\/users\/1"}],"replies":[{"embeddable":true,"href":"https:\/\/u-intosai.org\/fr\/wp-json\/wp\/v2\/comments?post=7572"}],"version-history":[{"count":5,"href":"https:\/\/u-intosai.org\/fr\/wp-json\/wp\/v2\/pages\/7572\/revisions"}],"predecessor-version":[{"id":7823,"href":"https:\/\/u-intosai.org\/fr\/wp-json\/wp\/v2\/pages\/7572\/revisions\/7823"}],"wp:attachment":[{"href":"https:\/\/u-intosai.org\/fr\/wp-json\/wp\/v2\/media?parent=7572"}],"curies":[{"name":"wp","href":"https:\/\/api.w.org\/{rel}","templated":true}]}}