{"id":7580,"date":"2021-07-30T16:10:29","date_gmt":"2021-07-30T16:10:29","guid":{"rendered":"https:\/\/u-intosai.org\/politique-de-confidentialite\/"},"modified":"2021-08-02T18:26:34","modified_gmt":"2021-08-02T18:26:34","slug":"politique-de-confidentialite","status":"publish","type":"page","link":"https:\/\/u-intosai.org\/fr\/politique-de-confidentialite\/","title":{"rendered":"Confidentialit\u00e9"},"content":{"rendered":"<h2>Politique de confidentialit\u00e9 d\u2019U-INTOSAI<\/h2>\n<p style=\"text-align: justify;\"><strong>L\u2019Universit\u00e9 INTOSAI (<a href=\"https:\/\/u-intosai.org\/fr\/\" target=\"_blank\" rel=\"noopener noreferrer\">U-INTOSAI<\/a>)<\/strong>, repr\u00e9sent\u00e9e par la <a href=\"https:\/\/ach.gov.ru\/\" target=\"_blank\" rel=\"noopener noreferrer\">Cour des comptes de la F\u00e9d\u00e9ration de Russie<\/a>, fait office de plateforme en ligne pour l\u2019ensemble de la communaut\u00e9 <a href=\"https:\/\/www.intosai.org\/\" target=\"_blank\" rel=\"noopener noreferrer\">INTOSAI<\/a>. La confidentialit\u00e9 et la s\u00e9curit\u00e9 des visiteurs de notre site web, des participants et des r\u00e9pondants sont d\u2019une importance capitale pour U-INTOSAI Nous appliquons une politique de protection des donn\u00e9es conforme aux r\u00e8gles g\u00e9n\u00e9rales de protection des donn\u00e9es \u00e9tablies par le droit russe et le droit international.<\/p>\n<p style=\"text-align: justify;\">Nous nous conformons auNous nous conformons au <a href=\"https:\/\/eur-lex.europa.eu\/legal-content\/EN\/TXT\/PDF\/?uri=CELEX:32016R0679&amp;from=EN\" target=\"_blank\" rel=\"noopener noreferrer\">R\u00e8glement 2016\/679 du Parlement europ\u00e9en et du Conseil europ\u00e9en du 27 avril 2016<\/a> relatif \u00e0 la Protection des personnes physiques \u00e0 l\u2019\u00e9gard du traitement des donn\u00e9es \u00e0 caract\u00e8re personnel et \u00e0 la libre circulation de ces donn\u00e9es, et abrogeant la directive 95\/46\/CE (r\u00e8glement g\u00e9n\u00e9ral sur la protection des donn\u00e9es \/ General Data Protection Regulation, RGPD) et \u00e0 la <a href=\"https:\/\/pd.rkn.gov.ru\/authority\/p146\/p164\/\" target=\"_blank\" rel=\"noopener noreferrer\">loi f\u00e9d\u00e9rale russe n\u00b0 152-FZ du 27 juillet 2006 \u00ab Sur les donn\u00e9es personnelles \u00bb<\/a>.<\/p>\n<p style=\"text-align: justify;\">La plateforme U-INTOSAI met tout en \u0153uvre pour prot\u00e9ger les donn\u00e9es que vous partagez avec nous.<\/p>\n<p>Toute information publi\u00e9e sur la plateforme en ligne de l\u2019U-INTOSAI ou sur les listes d\u2019inscription (courriel, inscription, r\u00e9unions en ligne) est consid\u00e9r\u00e9e comme confidentielle.<\/p>\n<p>Toutes les informations sont prot\u00e9g\u00e9es de mani\u00e8re s\u00e9curis\u00e9e et ne sont accessibles qu\u2019au personnel habilit\u00e9.<\/p>\n<p>Nous mettons en \u0153uvre et maintenons des mesures de s\u00e9curit\u00e9 techniques appropri\u00e9es pour prot\u00e9ger les donn\u00e9es personnelles contre tout traitement et toute utilisation non autoris\u00e9s ou ill\u00e9gaux, ainsi que contre toute perte, destruction, dommage, vol ou divulgation accidentels.<\/p>\n<p>Tous les documents publi\u00e9s sur la plateforme U-INTOSAI, y compris les vid\u00e9os (publi\u00e9es sur la cha\u00eene YouTube de la Cour des comptes de la F\u00e9d\u00e9ration de Russie), sont publi\u00e9s avec le consentement de leurs auteurs. Ces documents ne sont pas destin\u00e9s \u00e0 un usage commercial et sont publi\u00e9s uniquement \u00e0 des fins p\u00e9dagogiques. Nous respectons les droits d\u2019auteur en toute bonne foi et sommes pr\u00eats \u00e0 retirer ces documents \u00e0 la premi\u00e8re demande de l\u2019auteur.<\/p>\n<h2>Accord<\/h2>\n<p><strong>Veuillez confirmer votre accord sur les r\u00e8gles suivantes\u00a0:<\/strong><\/p>\n<p>Toutes les informations obtenues de la part des participants par le biais de la plateforme p\u00e9dagogique en ligne sont transf\u00e9r\u00e9es \u00e0 U-INTOSAI (textes, contacts, fichiers m\u00e9dias, etc.), agissant par l\u2019interm\u00e9diaire de la Cour des comptes de la F\u00e9d\u00e9ration de Russie, et ne seront pas communiqu\u00e9es \u00e0 des tiers.<\/p>\n<p>Les personnes qui remplissent des questionnaires, des fichiers ou des formulaires d\u2019inscription en ligne doivent \u00eatre conscientes qu\u2019elles sont seules responsables du contenu de leurs r\u00e9ponses.<\/p>\n<p>En remplissant les questionnaires et les formulaires d\u2019inscription, des informations telles que le nom, le nom de l\u2019organisation, l\u2019adresse \u00e9lectronique, l\u2019adresse postale et d\u2019autres donn\u00e9es importantes sont collect\u00e9es. Ces informations sont utilis\u00e9es uniquement pour fournir un soutien, des services, des mailings et des informations \u00e0 U-INTOSAI.<\/p>\n<p><strong>Cookies<\/strong><\/p>\n<p>Les cookies sont de petits \u00e9l\u00e9ments d\u2019information qu\u2019un site web envoie sur le disque dur des visiteurs du site, ils ne peuvent pas \u00eatre utilis\u00e9s pour ex\u00e9cuter des programmes ou transmettre des virus \u00e0 votre ordinateur. Lors de votre prochaine visite, ils permettront \u00e0 nos ressources d\u2019information de reconna\u00eetre votre appareil afin de faciliter l\u2019utilisation de notre site web.<\/p>\n<p>En restant sur le site, vous consentez au placement de cookies sur votre appareil. Si vous refusez d\u2019accepter nos cookies, nous ne pouvons pas vous garantir une exp\u00e9rience d\u2019utilisateur significative.<\/p>\n<p>En visitant ce site, vous consentez \u00e0 la collecte et \u00e0 l\u2019utilisation de vos donn\u00e9es personnelles telles que d\u00e9crites dans le pr\u00e9sent document.<\/p>\n<p>Si vous n\u2019acceptez pas les conditions \u00e9nonc\u00e9es dans le pr\u00e9sent document, veuillez ne pas visiter ce site internet.<\/p>\n<p>La plateforme U-INTOSAI peut collecter des donn\u00e9es et tenir un suivi des visiteurs de son site Internet en vue d\u2019\u00e9tablir des rapports et des statistiques et de les utiliser comme base pour la promotion et le d\u00e9veloppement ult\u00e9rieurs du site.<\/p>\n<p>Nous pouvons enregistrer votre adresse IP et utiliser des cookies. La plateforme U-INTOSAI peut ajouter des informations collect\u00e9es sur la base de votre activit\u00e9 de navigation comme utilisateur. Elle peut \u00e9galement recueillir et traiter les informations personnelles que vous nous fournissez volontairement par le biais des formulaires de notre site, par exemple lorsque vous vous inscrivez \u00e0 des rencontres ou que vous vous inscrivez pour recevoir des informations et des bulletins d\u2019information. Ces informations personnelles peuvent inclure votre adresse IP, votre nom, votre adresse postale, votre adresse \u00e9lectronique, votre num\u00e9ro de t\u00e9l\u00e9phone et votre fonction.<\/p>\n<p>Nous pouvons \u00e9galement recueillir des donn\u00e9es sur les visites du site web, telles que le nombre de visiteurs et de visites, des donn\u00e9es de localisation, ainsi que des informations sur le temps pass\u00e9 sur le site web et les pages sur lesquelles les visiteurs ont cliqu\u00e9 ou o\u00f9 ils sont localis\u00e9s. Nous utilisons les donn\u00e9es que nous collectons pour communiquer avec les visiteurs et am\u00e9liorer le site de l\u2019universit\u00e9 en analysant leur comportement.<\/p>\n<p><strong>Divulgation des donn\u00e9es personnelles<\/strong><\/p>\n<p>U-INTOSAI garantit qu\u2019aucune donn\u00e9e personnelle ne sera communiqu\u00e9e \u00e0 des prestataires de services, des contractants ou toute autre partie avec laquelle l\u2019universit\u00e9 ne coop\u00e8re pas.<\/p>\n<p><strong>Liens vers d\u2019autres sites internet<\/strong><\/p>\n<p>Veuillez noter qu\u2019en visitant notre plateforme, vous pouvez cliquer sur des liens vers d\u2019autres sites qui ne rel\u00e8vent pas de notre sph\u00e8re d\u2019influence. U-INTOSAI n\u2019est pas responsable du contenu ou des politiques de confidentialit\u00e9 de ces sites.<\/p>\n<p><strong>Conservation et suppression des donn\u00e9es<\/strong><\/p>\n<p>Nous ne conserverons pas les donn\u00e9es plus longtemps que n\u00e9cessaire pour accomplir les op\u00e9rations pour lesquelles elles ont \u00e9t\u00e9 collect\u00e9es ou comme l\u2019exige la loi ou la r\u00e9glementation applicable.<\/p>\n<p><strong>Acceptation des pr\u00e9sentes conditions<\/strong><\/p>\n<p>Nous partons du principe que tous les utilisateurs de la plateforme en ligne ont lu attentivement ce document et sont d\u2019accord avec son contenu. Les personnes qui ne sont pas d\u2019accord avec cette politique de confidentialit\u00e9 doivent s\u2019abstenir d\u2019utiliser notre site internet et notre plateforme.<\/p>\n<p><strong>Obligation l\u00e9gale en mati\u00e8re de divulgation des informations personnelles<\/strong><\/p>\n<p>Nous ne divulguerons les informations personnelles de l\u2019utilisateur sans son consentement pr\u00e9alable que si nous avons des raisons de penser que cette divulgation est n\u00e9cessaire pour identifier, contacter ou engager une proc\u00e9dure judiciaire contre la ou les personnes soup\u00e7onn\u00e9es de porter atteinte aux droits ou aux biens d\u2019U-INTOSAI ou \u00e0 d\u2019autres personnes qui pourraient \u00eatre l\u00e9s\u00e9es par l\u2019utilisateur ou les personnes qui pourraient (d\u00e9lib\u00e9r\u00e9ment ou non) porter atteinte \u00e0 ces droits. U-INTOSAI est autoris\u00e9e \u00e0 divulguer des informations personnelles si elle a des motifs raisonnables de croire que la loi l\u2019y oblige.<\/p>\n<p><strong>Donn\u00e9es personnelles trait\u00e9es \u00e0 ces fins<\/strong><\/p>\n<p>Pour cr\u00e9er un compte personnel sur le site internet de U-INTOSAI, vous devez fournir votre vrai nom ou nom d\u2019utilisateur et votre adresse \u00e9lectronique.<\/p>\n<p>Une fois que vous avez cr\u00e9\u00e9 un compte, vous pouvez ajouter des informations suppl\u00e9mentaires telles que photo de profil, \u00e2ge, sexe, date de naissance, pays et contacts dans les m\u00e9dias sociaux.<\/p>\n<p>Si vous fournissez votre identifiant de r\u00e9seau social, U-INTOSAI traitera les donn\u00e9es disponibles dans vos comptes du r\u00e9seau social, \u00e0 savoir votre pr\u00e9nom et votre nom, votre photo de profil, votre date de naissance, votre sexe, votre adresse \u00e9lectronique et vos abonnements.<\/p>\n<p><strong>Transfert de donn\u00e9es personnelles vers des pays tiers et des organisations internationales<\/strong><\/p>\n<p>Si des tiers (partenaires, plateformes tierces) participent \u00e0 l\u2019organisation d\u2019une rencontre ou \u00e0 la fourniture d\u2019un service (services postaux et de messagerie ou partenaires), vos donn\u00e9es personnelles seront trait\u00e9es en F\u00e9d\u00e9ration de Russie et dans les autres pays o\u00f9 ces tiers exercent leur activit\u00e9.<\/p>\n<p>Si aucun tiers n\u2019est impliqu\u00e9, le traitement de vos donn\u00e9es personnelles sera effectu\u00e9 uniquement en F\u00e9d\u00e9ration de Russie.<\/p>\n<p><strong>Informations compl\u00e9mentaires<\/strong><\/p>\n<p>Si vous avez d\u2019autres questions sur la protection des donn\u00e9es personnelles ou la mani\u00e8re dont elles sont utilis\u00e9es, veuillez nous contacter par courrier \u00e9lectronique\u00a0: <a href=\"mailto:u_intosai@ach.gov.ru\">u_intosai@ach.gov.ru<\/a><\/p>\n","protected":false},"excerpt":{"rendered":"<p>Politique de confidentialit\u00e9 d\u2019U-INTOSAI L\u2019Universit\u00e9 INTOSAI (U-INTOSAI), repr\u00e9sent\u00e9e par la Cour des comptes de la F\u00e9d\u00e9ration de Russie, fait office de plateforme en ligne pour l\u2019ensemble de la communaut\u00e9 INTOSAI. La confidentialit\u00e9 et la s\u00e9curit\u00e9 des visiteurs de notre site web, des participants et des r\u00e9pondants sont d\u2019une importance capitale pour U-INTOSAI Nous appliquons une [&hellip;]<\/p>\n","protected":false},"author":1,"featured_media":0,"parent":0,"menu_order":0,"comment_status":"closed","ping_status":"closed","template":"","meta":{"_acf_changed":false,"pmpro_default_level":"","footnotes":""},"class_list":["post-7580","page","type-page","status-publish","hentry","pmpro-has-access"],"acf":[],"yoast_head":"<!-- This site is optimized with the Yoast SEO plugin v27.3 - https:\/\/yoast.com\/product\/yoast-seo-wordpress\/ -->\n<title>Confidentialit\u00e9 | U-INTOSAI<\/title>\n<meta name=\"description\" content=\"Confidentialit\u00e9\" \/>\n<meta name=\"robots\" content=\"index, follow, max-snippet:-1, max-image-preview:large, max-video-preview:-1\" \/>\n<link rel=\"canonical\" href=\"https:\/\/u-intosai.org\/fr\/politique-de-confidentialite\/\" \/>\n<meta property=\"og:locale\" content=\"fr_FR\" \/>\n<meta property=\"og:type\" content=\"article\" \/>\n<meta property=\"og:title\" content=\"Confidentialit\u00e9 | U-INTOSAI\" \/>\n<meta property=\"og:description\" content=\"Confidentialit\u00e9\" \/>\n<meta property=\"og:url\" content=\"https:\/\/u-intosai.org\/fr\/politique-de-confidentialite\/\" \/>\n<meta property=\"og:site_name\" content=\"U-INTOSAI\" \/>\n<meta property=\"article:modified_time\" content=\"2021-08-02T18:26:34+00:00\" \/>\n<meta property=\"og:image\" content=\"https:\/\/u-intosai.org\/wp-content\/uploads\/2022\/01\/video-poster-11920x1080-1.jpg\" \/>\n\t<meta property=\"og:image:width\" content=\"1920\" \/>\n\t<meta property=\"og:image:height\" content=\"1080\" \/>\n\t<meta property=\"og:image:type\" content=\"image\/jpeg\" \/>\n<meta name=\"twitter:card\" content=\"summary_large_image\" \/>\n<meta name=\"twitter:site\" content=\"@Incosai2019\" \/>\n<meta name=\"twitter:label1\" content=\"Dur\u00e9e de lecture estim\u00e9e\" \/>\n\t<meta name=\"twitter:data1\" content=\"7 minutes\" \/>\n<script type=\"application\/ld+json\" class=\"yoast-schema-graph\">{\"@context\":\"https:\\\/\\\/schema.org\",\"@graph\":[{\"@type\":\"WebPage\",\"@id\":\"https:\\\/\\\/u-intosai.org\\\/fr\\\/politique-de-confidentialite\\\/\",\"url\":\"https:\\\/\\\/u-intosai.org\\\/fr\\\/politique-de-confidentialite\\\/\",\"name\":\"Confidentialit\u00e9 | U-INTOSAI\",\"isPartOf\":{\"@id\":\"https:\\\/\\\/u-intosai.org\\\/fr\\\/#website\"},\"datePublished\":\"2021-07-30T16:10:29+00:00\",\"dateModified\":\"2021-08-02T18:26:34+00:00\",\"description\":\"Confidentialit\u00e9\",\"breadcrumb\":{\"@id\":\"https:\\\/\\\/u-intosai.org\\\/fr\\\/politique-de-confidentialite\\\/#breadcrumb\"},\"inLanguage\":\"fr-FR\",\"potentialAction\":[{\"@type\":\"ReadAction\",\"target\":[\"https:\\\/\\\/u-intosai.org\\\/fr\\\/politique-de-confidentialite\\\/\"]}]},{\"@type\":\"BreadcrumbList\",\"@id\":\"https:\\\/\\\/u-intosai.org\\\/fr\\\/politique-de-confidentialite\\\/#breadcrumb\",\"itemListElement\":[{\"@type\":\"ListItem\",\"position\":1,\"name\":\"U-INTOSAI\",\"item\":\"https:\\\/\\\/u-intosai.org\\\/fr\\\/\"},{\"@type\":\"ListItem\",\"position\":2,\"name\":\"Confidentialit\u00e9\"}]},{\"@type\":\"WebSite\",\"@id\":\"https:\\\/\\\/u-intosai.org\\\/fr\\\/#website\",\"url\":\"https:\\\/\\\/u-intosai.org\\\/fr\\\/\",\"name\":\"U-INTOSAI\",\"description\":\"U-INTOSAI is an open online educational platform for all INTOSAI members created as a unique space for exchanging experience and advanced knowledge.\",\"publisher\":{\"@id\":\"https:\\\/\\\/u-intosai.org\\\/fr\\\/#organization\"},\"potentialAction\":[{\"@type\":\"SearchAction\",\"target\":{\"@type\":\"EntryPoint\",\"urlTemplate\":\"https:\\\/\\\/u-intosai.org\\\/fr\\\/?s={search_term_string}\"},\"query-input\":{\"@type\":\"PropertyValueSpecification\",\"valueRequired\":true,\"valueName\":\"search_term_string\"}}],\"inLanguage\":\"fr-FR\"},{\"@type\":\"Organization\",\"@id\":\"https:\\\/\\\/u-intosai.org\\\/fr\\\/#organization\",\"name\":\"U-INTOSAI \u2014 University of INTOSAI\",\"url\":\"https:\\\/\\\/u-intosai.org\\\/fr\\\/\",\"logo\":{\"@type\":\"ImageObject\",\"inLanguage\":\"fr-FR\",\"@id\":\"https:\\\/\\\/u-intosai.org\\\/fr\\\/#\\\/schema\\\/logo\\\/image\\\/\",\"url\":\"https:\\\/\\\/u-intosai.org\\\/wp-content\\\/uploads\\\/2021\\\/08\\\/miniu-intosai-logo.png\",\"contentUrl\":\"https:\\\/\\\/u-intosai.org\\\/wp-content\\\/uploads\\\/2021\\\/08\\\/miniu-intosai-logo.png\",\"width\":1000,\"height\":479,\"caption\":\"U-INTOSAI \u2014 University of INTOSAI\"},\"image\":{\"@id\":\"https:\\\/\\\/u-intosai.org\\\/fr\\\/#\\\/schema\\\/logo\\\/image\\\/\"},\"sameAs\":[\"https:\\\/\\\/x.com\\\/Incosai2019\",\"https:\\\/\\\/www.youtube.com\\\/channel\\\/UCjD--8sXtgxoPrxRQ_rz5GQ\"]}]}<\/script>\n<!-- \/ Yoast SEO plugin. -->","yoast_head_json":{"title":"Confidentialit\u00e9 | U-INTOSAI","description":"Confidentialit\u00e9","robots":{"index":"index","follow":"follow","max-snippet":"max-snippet:-1","max-image-preview":"max-image-preview:large","max-video-preview":"max-video-preview:-1"},"canonical":"https:\/\/u-intosai.org\/fr\/politique-de-confidentialite\/","og_locale":"fr_FR","og_type":"article","og_title":"Confidentialit\u00e9 | U-INTOSAI","og_description":"Confidentialit\u00e9","og_url":"https:\/\/u-intosai.org\/fr\/politique-de-confidentialite\/","og_site_name":"U-INTOSAI","article_modified_time":"2021-08-02T18:26:34+00:00","og_image":[{"width":1920,"height":1080,"url":"https:\/\/u-intosai.org\/wp-content\/uploads\/2022\/01\/video-poster-11920x1080-1.jpg","type":"image\/jpeg"}],"twitter_card":"summary_large_image","twitter_site":"@Incosai2019","twitter_misc":{"Dur\u00e9e de lecture estim\u00e9e":"7 minutes"},"schema":{"@context":"https:\/\/schema.org","@graph":[{"@type":"WebPage","@id":"https:\/\/u-intosai.org\/fr\/politique-de-confidentialite\/","url":"https:\/\/u-intosai.org\/fr\/politique-de-confidentialite\/","name":"Confidentialit\u00e9 | U-INTOSAI","isPartOf":{"@id":"https:\/\/u-intosai.org\/fr\/#website"},"datePublished":"2021-07-30T16:10:29+00:00","dateModified":"2021-08-02T18:26:34+00:00","description":"Confidentialit\u00e9","breadcrumb":{"@id":"https:\/\/u-intosai.org\/fr\/politique-de-confidentialite\/#breadcrumb"},"inLanguage":"fr-FR","potentialAction":[{"@type":"ReadAction","target":["https:\/\/u-intosai.org\/fr\/politique-de-confidentialite\/"]}]},{"@type":"BreadcrumbList","@id":"https:\/\/u-intosai.org\/fr\/politique-de-confidentialite\/#breadcrumb","itemListElement":[{"@type":"ListItem","position":1,"name":"U-INTOSAI","item":"https:\/\/u-intosai.org\/fr\/"},{"@type":"ListItem","position":2,"name":"Confidentialit\u00e9"}]},{"@type":"WebSite","@id":"https:\/\/u-intosai.org\/fr\/#website","url":"https:\/\/u-intosai.org\/fr\/","name":"U-INTOSAI","description":"U-INTOSAI is an open online educational platform for all INTOSAI members created as a unique space for exchanging experience and advanced knowledge.","publisher":{"@id":"https:\/\/u-intosai.org\/fr\/#organization"},"potentialAction":[{"@type":"SearchAction","target":{"@type":"EntryPoint","urlTemplate":"https:\/\/u-intosai.org\/fr\/?s={search_term_string}"},"query-input":{"@type":"PropertyValueSpecification","valueRequired":true,"valueName":"search_term_string"}}],"inLanguage":"fr-FR"},{"@type":"Organization","@id":"https:\/\/u-intosai.org\/fr\/#organization","name":"U-INTOSAI \u2014 University of INTOSAI","url":"https:\/\/u-intosai.org\/fr\/","logo":{"@type":"ImageObject","inLanguage":"fr-FR","@id":"https:\/\/u-intosai.org\/fr\/#\/schema\/logo\/image\/","url":"https:\/\/u-intosai.org\/wp-content\/uploads\/2021\/08\/miniu-intosai-logo.png","contentUrl":"https:\/\/u-intosai.org\/wp-content\/uploads\/2021\/08\/miniu-intosai-logo.png","width":1000,"height":479,"caption":"U-INTOSAI \u2014 University of INTOSAI"},"image":{"@id":"https:\/\/u-intosai.org\/fr\/#\/schema\/logo\/image\/"},"sameAs":["https:\/\/x.com\/Incosai2019","https:\/\/www.youtube.com\/channel\/UCjD--8sXtgxoPrxRQ_rz5GQ"]}]}},"_links":{"self":[{"href":"https:\/\/u-intosai.org\/fr\/wp-json\/wp\/v2\/pages\/7580","targetHints":{"allow":["GET"]}}],"collection":[{"href":"https:\/\/u-intosai.org\/fr\/wp-json\/wp\/v2\/pages"}],"about":[{"href":"https:\/\/u-intosai.org\/fr\/wp-json\/wp\/v2\/types\/page"}],"author":[{"embeddable":true,"href":"https:\/\/u-intosai.org\/fr\/wp-json\/wp\/v2\/users\/1"}],"replies":[{"embeddable":true,"href":"https:\/\/u-intosai.org\/fr\/wp-json\/wp\/v2\/comments?post=7580"}],"version-history":[{"count":3,"href":"https:\/\/u-intosai.org\/fr\/wp-json\/wp\/v2\/pages\/7580\/revisions"}],"predecessor-version":[{"id":7821,"href":"https:\/\/u-intosai.org\/fr\/wp-json\/wp\/v2\/pages\/7580\/revisions\/7821"}],"wp:attachment":[{"href":"https:\/\/u-intosai.org\/fr\/wp-json\/wp\/v2\/media?parent=7580"}],"curies":[{"name":"wp","href":"https:\/\/api.w.org\/{rel}","templated":true}]}}