{"id":7598,"date":"2021-07-30T16:39:13","date_gmt":"2021-07-30T16:39:13","guid":{"rendered":"https:\/\/u-intosai.org\/page-daccueil\/"},"modified":"2026-04-02T13:21:00","modified_gmt":"2026-04-02T10:21:00","slug":"page-daccueil","status":"publish","type":"page","link":"https:\/\/u-intosai.org\/fr\/","title":{"rendered":"Page d&rsquo;accueil"},"content":{"rendered":"<div class=\"wpb-content-wrapper\"><p>[vc_row css=\u00a0\u00bb.vc_custom_1536745839740{margin-bottom: 0px !important;}\u00a0\u00bb][vc_column css=\u00a0\u00bb.vc_custom_1536745834183{margin-bottom: 0px !important;}\u00a0\u00bb][rev_slider_vc alias=\u00a0\u00bbmain-slider-en-11-1-1-1&Prime;][\/vc_column][\/vc_row][vc_row][vc_column][stm_lms_courses_categories style=\u00a0\u00bbstyle_4&Prime; css=\u00a0\u00bb.vc_custom_1606171506667{margin-top: -147px !important;}\u00a0\u00bb taxonomy=\u00a0\u00bb139, 140, 141, 142, 143&Prime;][\/vc_column][\/vc_row][vc_row][vc_column][vc_cta h2=\u00a0\u00bbL&rsquo;Universit\u00e9 num\u00e9rique pour la communaut\u00e9 de l&rsquo;INTOSAI (U-INTOSAI)\u00a0\u00bb txt_align=\u00a0\u00bbcenter\u00a0\u00bb add_button=\u00a0\u00bbbottom\u00a0\u00bb btn_title=\u00a0\u00bbPrincipes directeurs de l\u2019U-INTOSAI\u00a0\u00bb btn_style=\u00a0\u00bbgradient-custom\u00a0\u00bb btn_gradient_custom_color_1=\u00a0\u00bb#960555&Prime; btn_gradient_custom_color_2=\u00a0\u00bb#934985&Prime; btn_size=\u00a0\u00bblg\u00a0\u00bb btn_align=\u00a0\u00bbcenter\u00a0\u00bb btn_i_icon_fontawesome=\u00a0\u00bbfas fa-book\u00a0\u00bb btn_css_animation=\u00a0\u00bbbounceInLeft\u00a0\u00bb btn_add_icon=\u00a0\u00bbtrue\u00a0\u00bb btn_link=\u00a0\u00bburl:https%3A%2F%2Fu-intosai.org%2Fdocs%2FU-INTOSAI-Guidelines.pdf|target:_blank|\u00a0\u00bb]<\/p>\n<p>L&rsquo;Universit\u00e9 num\u00e9rique pour la communaut\u00e9 de l&rsquo;INTOSAI (U-INTOSAI) est un projet cr\u00e9\u00e9 \u00e0 l\u2019initiative de la Cour des comptes de la F\u00e9d\u00e9ration de Russie, qui assure la pr\u00e9sidence de l\u2019INTOSAI, et vise \u00e0 r\u00e9pondre au besoin de la communaut\u00e9 internationale de l\u2019audit de consolider les activit\u00e9s de renforcement des capacit\u00e9s des organes de l\u2019INTOSAI et des ISC individuelles. Le cadre conceptuel de la cr\u00e9ation de l\u2019Universit\u00e9 a \u00e9t\u00e9 initialement pr\u00e9sent\u00e9 lors du 23e Congr\u00e8s de l\u2019INTOSAI \u00e0 Moscou en septembre 2019 comme l\u2019une des priorit\u00e9s de la pr\u00e9sidence de l\u2019organisation assur\u00e9e par la Cour des comptes de la F\u00e9d\u00e9ration de Russie. Apr\u00e8s un travail pr\u00e9liminaire avec les principales parties int\u00e9ress\u00e9es au renforcement des capacit\u00e9s de l\u2019INTOSAI, la mise en \u0153uvre du projet a \u00e9t\u00e9 approuv\u00e9e lors de la 74e r\u00e9union du comit\u00e9 directeur de l\u2019INTOSAI en novembre 2020.<\/p>\n<p>[\/vc_cta][\/vc_column][\/vc_row][vc_row gap=\u00a0\u00bb15&Prime; css_animation=\u00a0\u00bbfadeInUp\u00a0\u00bb css=\u00a0\u00bb.vc_custom_1664817712168{margin-top: 15px !important;margin-right: 15px !important;margin-bottom: 15px !important;margin-left: 15px !important;}\u00a0\u00bb][vc_column width=\u00a0\u00bb1\/3&Prime;][vc_column_text]<\/p>\n<h2 style=\"text-align: center;\">Cours<\/h2>\n<h2 style=\"text-align: center;\"><span class=\"sbs-count-cpt\">287 <\/span><\/h2>\n<p>[\/vc_column_text][\/vc_column][vc_column width=\u00a0\u00bb1\/3&Prime;][vc_column_text]<\/p>\n<h2 style=\"text-align: center;\">Le\u00e7ons<\/h2>\n<h2 style=\"text-align: center;\"><span class=\"sbs-count-cpt\">2,388 <\/span><\/h2>\n<p>[\/vc_column_text][\/vc_column][vc_column width=\u00a0\u00bb1\/3&Prime;][vc_column_text]<\/p>\n<h2 style=\"text-align: center;\">Auters<\/h2>\n<h2 style=\"text-align: center;\"><div class=\"sbs-count-roles\">58 <\/div><\/h2>\n<p>[\/vc_column_text][\/vc_column][\/vc_row][vc_row el_class=\u00a0\u00bboverflowed_content\u00a0\u00bb][vc_column][vc_empty_space height=\u00a0\u00bb107px\u00a0\u00bb tablet_height=\u00a0\u00bb70&Prime; mobile_height=\u00a0\u00bb50&Prime;][stm_lms_courses_grid hide_load_more=\u00a0\u00bbhidden\u00a0\u00bb per_row=\u00a0\u00bb4&Prime; image_size=\u00a0\u00bb2000&#215;1125&Prime; posts_per_page=\u00a0\u00bb32&Prime; title=\u00a0\u00bbCOURS S\u00c9LECTIONN\u00c9S\u00a0\u00bb][vc_btn title=\u00a0\u00bbVoir plus\u00a0\u00bb style=\u00a0\u00bbgradient-custom\u00a0\u00bb gradient_custom_color_1=\u00a0\u00bb#960555&Prime; gradient_custom_color_2=\u00a0\u00bb#934985&Prime; size=\u00a0\u00bblg\u00a0\u00bb align=\u00a0\u00bbcenter\u00a0\u00bb i_icon_fontawesome=\u00a0\u00bbfa fa-angle-double-right\u00a0\u00bb add_icon=\u00a0\u00bbtrue\u00a0\u00bb link=\u00a0\u00bburl:https%3A%2F%2Fu-intosai.org%2Ffr%2Fcourses%2F|title:Cours|target:_blank|\u00a0\u00bb][\/vc_column][\/vc_row][vc_row css=\u00a0\u00bb.vc_custom_1436164243861{margin-bottom: 28px !important;}\u00a0\u00bb][vc_column][vc_empty_space height=\u00a0\u00bb107px\u00a0\u00bb tablet_height=\u00a0\u00bb70&Prime; mobile_height=\u00a0\u00bb50&Prime;][vc_custom_heading text=\u00a0\u00bbACTUALIT\u00c9S ET DOCUMENTS\u00a0\u00bb font_container=\u00a0\u00bbtag:h2|text_align:center\u00a0\u00bb use_theme_fonts=\u00a0\u00bbyes\u00a0\u00bb css=\u00a0\u00bb.vc_custom_1607631954762{margin-bottom: -13px !important;}\u00a0\u00bb][vc_row_inner css=\u00a0\u00bb.vc_custom_1536751636857{margin-bottom: 47px !important;}\u00a0\u00bb][vc_column_inner][stm_color_separator css=\u00a0\u00bb.vc_custom_1437023252855{margin-top: 7px !important;margin-bottom: 0px !important;}\u00a0\u00bb][\/vc_column_inner][\/vc_row_inner][vc_row_inner][vc_column_inner][stm_post_list post_list_per_row=\u00a0\u00bb3&Prime; post_list_show_date=\u00a0\u00bbtrue\u00a0\u00bb post_list_show_cats=\u00a0\u00bbtrue\u00a0\u00bb post_list_show_tags=\u00a0\u00bbtrue\u00a0\u00bb post_list_show_comments=\u00a0\u00bbtrue\u00a0\u00bb post_list_per_page=\u00a0\u00bb9&Prime;][\/vc_column_inner][\/vc_row_inner][vc_btn title=\u00a0\u00bbToutes les actualit\u00e9s\u00a0\u00bb style=\u00a0\u00bbgradient-custom\u00a0\u00bb gradient_custom_color_1=\u00a0\u00bb#960555&Prime; gradient_custom_color_2=\u00a0\u00bb#934985&Prime; size=\u00a0\u00bblg\u00a0\u00bb align=\u00a0\u00bbcenter\u00a0\u00bb i_icon_fontawesome=\u00a0\u00bbfa fa-angle-double-right\u00a0\u00bb add_icon=\u00a0\u00bbtrue\u00a0\u00bb link=\u00a0\u00bburl:https%3A%2F%2Fu-intosai.org%2Ffr%2Fcategory%2Fnouvelles%2F|title:Toutes%20les%20actualit%C3%A9s|target:_blank|\u00a0\u00bb][\/vc_column][\/vc_row][vc_row disable_element=\u00a0\u00bbyes\u00a0\u00bb][vc_column][vc_empty_space height=\u00a0\u00bb107px\u00a0\u00bb tablet_height=\u00a0\u00bb70&Prime; mobile_height=\u00a0\u00bb50&Prime;][vc_custom_heading text=\u00a0\u00bbCOMIT\u00c9S ET ORGANISATIONS R\u00c9GIONALES\u00a0\u00bb font_container=\u00a0\u00bbtag:h2|text_align:center\u00a0\u00bb use_theme_fonts=\u00a0\u00bbyes\u00a0\u00bb css=\u00a0\u00bb.vc_custom_1652953493186{margin-bottom: -13px !important;}\u00a0\u00bb][stm_color_separator css=\u00a0\u00bb.vc_custom_1437023252855{margin-top: 7px !important;margin-bottom: 0px !important;}\u00a0\u00bb][vc_empty_space height=\u00a0\u00bb50 px\u00a0\u00bb tablet_height=\u00a0\u00bb70&Prime; mobile_height=\u00a0\u00bb50&Prime;][stm_lms_courses_categories number=\u00a0\u00bb6&Prime; style=\u00a0\u00bbstyle_5&Prime; taxonomy=\u00a0\u00bb160, 173, 161, 162, 163, 167, 164, 168, 380, 169, 165, 166, 170, 171&Prime;][\/vc_column][\/vc_row][vc_row][vc_column][vc_empty_space height=\u00a0\u00bb107px\u00a0\u00bb tablet_height=\u00a0\u00bb70&Prime; mobile_height=\u00a0\u00bb50&Prime;][vc_custom_heading text=\u00a0\u00bbCAT\u00c9GORIES TH\u00c9MATIQUES\u00a0\u00bb font_container=\u00a0\u00bbtag:h2|text_align:center\u00a0\u00bb use_theme_fonts=\u00a0\u00bbyes\u00a0\u00bb css=\u00a0\u00bb.vc_custom_1608735828645{margin-bottom: -13px !important;}\u00a0\u00bb][stm_color_separator css=\u00a0\u00bb.vc_custom_1437023252855{margin-top: 7px !important;margin-bottom: 0px !important;}\u00a0\u00bb][vc_empty_space height=\u00a0\u00bb50px\u00a0\u00bb][stm_lms_courses_categories number=\u00a0\u00bb6&Prime; style=\u00a0\u00bbstyle_3&Prime; taxonomy=\u00a0\u00bb144, 143, 145, 146, 147, 148, 149, 150, 151, 278, 139, 141, 152, 153, 154, 155, 156, 142, 157, 140, 158, 387, 740, 754&Prime;][\/vc_column][\/vc_row][vc_row][vc_column][vc_custom_heading text=\u00a0\u00bbEN COLLABORATION AVEC\u00a0\u00bb font_container=\u00a0\u00bbtag:h2|text_align:center\u00a0\u00bb use_theme_fonts=\u00a0\u00bbyes\u00a0\u00bb css=\u00a0\u00bb.vc_custom_1660209819494{margin-bottom: -13px !important;}\u00a0\u00bb][stm_color_separator css=\u00a0\u00bb.vc_custom_1437023252855{margin-top: 7px !important;margin-bottom: 0px !important;}\u00a0\u00bb][vc_empty_space height=\u00a0\u00bb50 px\u00a0\u00bb][vc_gallery images=\u00a0\u00bb18152,18211,18194,18203,18186,30565&Prime; img_size=\u00a0\u00bb290&#215;100&Prime; onclick=\u00a0\u00bb\u00a0\u00bb][\/vc_column][\/vc_row]<\/p>\n<\/div>","protected":false},"excerpt":{"rendered":"<p>[vc_row css=\u00a0\u00bb.vc_custom_1536745839740{margin-bottom: 0px !important;}\u00a0\u00bb][vc_column css=\u00a0\u00bb.vc_custom_1536745834183{margin-bottom: 0px !important;}\u00a0\u00bb][rev_slider_vc alias=\u00a0\u00bbmain-slider-en-11-1-1-1&Prime;][\/vc_column][\/vc_row][vc_row][vc_column][stm_lms_courses_categories style=\u00a0\u00bbstyle_4&Prime; css=\u00a0\u00bb.vc_custom_1606171506667{margin-top: -147px !important;}\u00a0\u00bb taxonomy=\u00a0\u00bb139, 140, 141, 142, 143&Prime;][\/vc_column][\/vc_row][vc_row][vc_column][vc_cta h2=\u00a0\u00bbL&rsquo;Universit\u00e9 num\u00e9rique pour la communaut\u00e9 de l&rsquo;INTOSAI (U-INTOSAI)\u00a0\u00bb txt_align=\u00a0\u00bbcenter\u00a0\u00bb add_button=\u00a0\u00bbbottom\u00a0\u00bb btn_title=\u00a0\u00bbPrincipes directeurs de l\u2019U-INTOSAI\u00a0\u00bb btn_style=\u00a0\u00bbgradient-custom\u00a0\u00bb btn_gradient_custom_color_1=\u00a0\u00bb#960555&Prime; btn_gradient_custom_color_2=\u00a0\u00bb#934985&Prime; btn_size=\u00a0\u00bblg\u00a0\u00bb btn_align=\u00a0\u00bbcenter\u00a0\u00bb btn_i_icon_fontawesome=\u00a0\u00bbfas fa-book\u00a0\u00bb btn_css_animation=\u00a0\u00bbbounceInLeft\u00a0\u00bb btn_add_icon=\u00a0\u00bbtrue\u00a0\u00bb btn_link=\u00a0\u00bburl:https%3A%2F%2Fu-intosai.org%2Fdocs%2FU-INTOSAI-Guidelines.pdf|target:_blank|\u00a0\u00bb] L&rsquo;Universit\u00e9 num\u00e9rique pour la communaut\u00e9 de l&rsquo;INTOSAI (U-INTOSAI) est un projet cr\u00e9\u00e9 \u00e0 l\u2019initiative [&hellip;]<\/p>\n","protected":false},"author":1,"featured_media":12177,"parent":0,"menu_order":0,"comment_status":"closed","ping_status":"closed","template":"","meta":{"_acf_changed":false,"pmpro_default_level":"","footnotes":""},"class_list":["post-7598","page","type-page","status-publish","has-post-thumbnail","hentry","pmpro-has-access"],"acf":[],"yoast_head":"<!-- This site is optimized with the Yoast SEO plugin v27.3 - https:\/\/yoast.com\/product\/yoast-seo-wordpress\/ -->\n<title>U-INTOSAI \u2013 L&#039;Universit\u00e9 pour la communaut\u00e9 de l&#039;INTOSAI<\/title>\n<meta name=\"description\" content=\"U-INTOSAI - L&#039;Universit\u00e9 pour la communaut\u00e9 de l&#039;INTOSAI est une plateforme de formation en ligne ouverte \u00e0 tous les membres de l\u2019INTOSAI, cr\u00e9\u00e9e comme un espace unique de partage d\u2019exp\u00e9riences et de connaissances avanc\u00e9es.\" \/>\n<meta name=\"robots\" content=\"index, follow, max-snippet:-1, max-image-preview:large, max-video-preview:-1\" \/>\n<link rel=\"canonical\" href=\"https:\/\/u-intosai.org\/fr\/\" \/>\n<meta property=\"og:locale\" content=\"fr_FR\" \/>\n<meta property=\"og:type\" content=\"article\" \/>\n<meta property=\"og:title\" content=\"U-INTOSAI \u2013 L&#039;Universit\u00e9 pour la communaut\u00e9 de l&#039;INTOSAI\" \/>\n<meta property=\"og:description\" content=\"U-INTOSAI est une plateforme de formation en ligne ouverte \u00e0 tous les membres de l\u2019INTOSAI, cr\u00e9\u00e9e comme un espace unique de partage d\u2019exp\u00e9riences et de connaissances avanc\u00e9es.\" \/>\n<meta property=\"og:url\" content=\"https:\/\/u-intosai.org\/fr\/\" \/>\n<meta property=\"og:site_name\" content=\"U-INTOSAI\" \/>\n<meta property=\"article:modified_time\" content=\"2026-04-02T10:21:00+00:00\" \/>\n<meta property=\"og:image\" content=\"https:\/\/u-intosai.org\/wp-content\/uploads\/2022\/01\/video-poster-11920x1080-1.jpg\" \/>\n\t<meta property=\"og:image:width\" content=\"1920\" \/>\n\t<meta property=\"og:image:height\" content=\"1080\" \/>\n\t<meta property=\"og:image:type\" content=\"image\/jpeg\" \/>\n<meta name=\"twitter:card\" content=\"summary_large_image\" \/>\n<meta name=\"twitter:title\" content=\"U-INTOSAI \u2013 L&#039;Universit\u00e9 pour la communaut\u00e9 de l&#039;INTOSAI\" \/>\n<meta name=\"twitter:description\" content=\"U-INTOSAI est une plateforme de formation en ligne ouverte \u00e0 tous les membres de l\u2019INTOSAI, cr\u00e9\u00e9e comme un espace unique de partage d\u2019exp\u00e9riences et de connaissances avanc\u00e9es.\" \/>\n<meta name=\"twitter:image\" content=\"https:\/\/u-intosai.org\/wp-content\/uploads\/2022\/01\/video-poster-11920x1080-1.jpg\" \/>\n<meta name=\"twitter:site\" content=\"@Incosai2019\" \/>\n<meta name=\"twitter:label1\" content=\"Dur\u00e9e de lecture estim\u00e9e\" \/>\n\t<meta name=\"twitter:data1\" content=\"2 minutes\" \/>\n<script type=\"application\/ld+json\" class=\"yoast-schema-graph\">{\"@context\":\"https:\\\/\\\/schema.org\",\"@graph\":[{\"@type\":\"WebPage\",\"@id\":\"https:\\\/\\\/u-intosai.org\\\/fr\\\/\",\"url\":\"https:\\\/\\\/u-intosai.org\\\/fr\\\/\",\"name\":\"U-INTOSAI \u2013 L'Universit\u00e9 pour la communaut\u00e9 de l'INTOSAI\",\"isPartOf\":{\"@id\":\"https:\\\/\\\/u-intosai.org\\\/fr\\\/#website\"},\"primaryImageOfPage\":{\"@id\":\"https:\\\/\\\/u-intosai.org\\\/fr\\\/#primaryimage\"},\"image\":{\"@id\":\"https:\\\/\\\/u-intosai.org\\\/fr\\\/#primaryimage\"},\"thumbnailUrl\":\"https:\\\/\\\/u-intosai.org\\\/wp-content\\\/uploads\\\/2022\\\/01\\\/video-poster-11920x1080-1.jpg\",\"datePublished\":\"2021-07-30T16:39:13+00:00\",\"dateModified\":\"2026-04-02T10:21:00+00:00\",\"description\":\"U-INTOSAI - L'Universit\u00e9 pour la communaut\u00e9 de l'INTOSAI est une plateforme de formation en ligne ouverte \u00e0 tous les membres de l\u2019INTOSAI, cr\u00e9\u00e9e comme un espace unique de partage d\u2019exp\u00e9riences et de connaissances avanc\u00e9es.\",\"breadcrumb\":{\"@id\":\"https:\\\/\\\/u-intosai.org\\\/fr\\\/#breadcrumb\"},\"inLanguage\":\"fr-FR\",\"potentialAction\":[{\"@type\":\"ReadAction\",\"target\":[\"https:\\\/\\\/u-intosai.org\\\/fr\\\/\"]}]},{\"@type\":\"ImageObject\",\"inLanguage\":\"fr-FR\",\"@id\":\"https:\\\/\\\/u-intosai.org\\\/fr\\\/#primaryimage\",\"url\":\"https:\\\/\\\/u-intosai.org\\\/wp-content\\\/uploads\\\/2022\\\/01\\\/video-poster-11920x1080-1.jpg\",\"contentUrl\":\"https:\\\/\\\/u-intosai.org\\\/wp-content\\\/uploads\\\/2022\\\/01\\\/video-poster-11920x1080-1.jpg\",\"width\":1920,\"height\":1080},{\"@type\":\"BreadcrumbList\",\"@id\":\"https:\\\/\\\/u-intosai.org\\\/fr\\\/#breadcrumb\",\"itemListElement\":[{\"@type\":\"ListItem\",\"position\":1,\"name\":\"U-INTOSAI\",\"item\":\"https:\\\/\\\/u-intosai.org\\\/fr\\\/\"},{\"@type\":\"ListItem\",\"position\":2,\"name\":\"Page d&#8217;accueil\"}]},{\"@type\":\"WebSite\",\"@id\":\"https:\\\/\\\/u-intosai.org\\\/fr\\\/#website\",\"url\":\"https:\\\/\\\/u-intosai.org\\\/fr\\\/\",\"name\":\"U-INTOSAI\",\"description\":\"U-INTOSAI is an open online educational platform for all INTOSAI members created as a unique space for exchanging experience and advanced knowledge.\",\"publisher\":{\"@id\":\"https:\\\/\\\/u-intosai.org\\\/fr\\\/#organization\"},\"potentialAction\":[{\"@type\":\"SearchAction\",\"target\":{\"@type\":\"EntryPoint\",\"urlTemplate\":\"https:\\\/\\\/u-intosai.org\\\/fr\\\/?s={search_term_string}\"},\"query-input\":{\"@type\":\"PropertyValueSpecification\",\"valueRequired\":true,\"valueName\":\"search_term_string\"}}],\"inLanguage\":\"fr-FR\"},{\"@type\":\"Organization\",\"@id\":\"https:\\\/\\\/u-intosai.org\\\/fr\\\/#organization\",\"name\":\"U-INTOSAI \u2014 University of INTOSAI\",\"url\":\"https:\\\/\\\/u-intosai.org\\\/fr\\\/\",\"logo\":{\"@type\":\"ImageObject\",\"inLanguage\":\"fr-FR\",\"@id\":\"https:\\\/\\\/u-intosai.org\\\/fr\\\/#\\\/schema\\\/logo\\\/image\\\/\",\"url\":\"https:\\\/\\\/u-intosai.org\\\/wp-content\\\/uploads\\\/2021\\\/08\\\/miniu-intosai-logo.png\",\"contentUrl\":\"https:\\\/\\\/u-intosai.org\\\/wp-content\\\/uploads\\\/2021\\\/08\\\/miniu-intosai-logo.png\",\"width\":1000,\"height\":479,\"caption\":\"U-INTOSAI \u2014 University of INTOSAI\"},\"image\":{\"@id\":\"https:\\\/\\\/u-intosai.org\\\/fr\\\/#\\\/schema\\\/logo\\\/image\\\/\"},\"sameAs\":[\"https:\\\/\\\/x.com\\\/Incosai2019\",\"https:\\\/\\\/www.youtube.com\\\/channel\\\/UCjD--8sXtgxoPrxRQ_rz5GQ\"]}]}<\/script>\n<!-- \/ Yoast SEO plugin. -->","yoast_head_json":{"title":"U-INTOSAI \u2013 L'Universit\u00e9 pour la communaut\u00e9 de l'INTOSAI","description":"U-INTOSAI - L'Universit\u00e9 pour la communaut\u00e9 de l'INTOSAI est une plateforme de formation en ligne ouverte \u00e0 tous les membres de l\u2019INTOSAI, cr\u00e9\u00e9e comme un espace unique de partage d\u2019exp\u00e9riences et de connaissances avanc\u00e9es.","robots":{"index":"index","follow":"follow","max-snippet":"max-snippet:-1","max-image-preview":"max-image-preview:large","max-video-preview":"max-video-preview:-1"},"canonical":"https:\/\/u-intosai.org\/fr\/","og_locale":"fr_FR","og_type":"article","og_title":"U-INTOSAI \u2013 L'Universit\u00e9 pour la communaut\u00e9 de l'INTOSAI","og_description":"U-INTOSAI est une plateforme de formation en ligne ouverte \u00e0 tous les membres de l\u2019INTOSAI, cr\u00e9\u00e9e comme un espace unique de partage d\u2019exp\u00e9riences et de connaissances avanc\u00e9es.","og_url":"https:\/\/u-intosai.org\/fr\/","og_site_name":"U-INTOSAI","article_modified_time":"2026-04-02T10:21:00+00:00","og_image":[{"width":1920,"height":1080,"url":"https:\/\/u-intosai.org\/wp-content\/uploads\/2022\/01\/video-poster-11920x1080-1.jpg","type":"image\/jpeg"}],"twitter_card":"summary_large_image","twitter_title":"U-INTOSAI \u2013 L'Universit\u00e9 pour la communaut\u00e9 de l'INTOSAI","twitter_description":"U-INTOSAI est une plateforme de formation en ligne ouverte \u00e0 tous les membres de l\u2019INTOSAI, cr\u00e9\u00e9e comme un espace unique de partage d\u2019exp\u00e9riences et de connaissances avanc\u00e9es.","twitter_image":"https:\/\/u-intosai.org\/wp-content\/uploads\/2022\/01\/video-poster-11920x1080-1.jpg","twitter_site":"@Incosai2019","twitter_misc":{"Dur\u00e9e de lecture estim\u00e9e":"2 minutes"},"schema":{"@context":"https:\/\/schema.org","@graph":[{"@type":"WebPage","@id":"https:\/\/u-intosai.org\/fr\/","url":"https:\/\/u-intosai.org\/fr\/","name":"U-INTOSAI \u2013 L'Universit\u00e9 pour la communaut\u00e9 de l'INTOSAI","isPartOf":{"@id":"https:\/\/u-intosai.org\/fr\/#website"},"primaryImageOfPage":{"@id":"https:\/\/u-intosai.org\/fr\/#primaryimage"},"image":{"@id":"https:\/\/u-intosai.org\/fr\/#primaryimage"},"thumbnailUrl":"https:\/\/u-intosai.org\/wp-content\/uploads\/2022\/01\/video-poster-11920x1080-1.jpg","datePublished":"2021-07-30T16:39:13+00:00","dateModified":"2026-04-02T10:21:00+00:00","description":"U-INTOSAI - L'Universit\u00e9 pour la communaut\u00e9 de l'INTOSAI est une plateforme de formation en ligne ouverte \u00e0 tous les membres de l\u2019INTOSAI, cr\u00e9\u00e9e comme un espace unique de partage d\u2019exp\u00e9riences et de connaissances avanc\u00e9es.","breadcrumb":{"@id":"https:\/\/u-intosai.org\/fr\/#breadcrumb"},"inLanguage":"fr-FR","potentialAction":[{"@type":"ReadAction","target":["https:\/\/u-intosai.org\/fr\/"]}]},{"@type":"ImageObject","inLanguage":"fr-FR","@id":"https:\/\/u-intosai.org\/fr\/#primaryimage","url":"https:\/\/u-intosai.org\/wp-content\/uploads\/2022\/01\/video-poster-11920x1080-1.jpg","contentUrl":"https:\/\/u-intosai.org\/wp-content\/uploads\/2022\/01\/video-poster-11920x1080-1.jpg","width":1920,"height":1080},{"@type":"BreadcrumbList","@id":"https:\/\/u-intosai.org\/fr\/#breadcrumb","itemListElement":[{"@type":"ListItem","position":1,"name":"U-INTOSAI","item":"https:\/\/u-intosai.org\/fr\/"},{"@type":"ListItem","position":2,"name":"Page d&#8217;accueil"}]},{"@type":"WebSite","@id":"https:\/\/u-intosai.org\/fr\/#website","url":"https:\/\/u-intosai.org\/fr\/","name":"U-INTOSAI","description":"U-INTOSAI is an open online educational platform for all INTOSAI members created as a unique space for exchanging experience and advanced knowledge.","publisher":{"@id":"https:\/\/u-intosai.org\/fr\/#organization"},"potentialAction":[{"@type":"SearchAction","target":{"@type":"EntryPoint","urlTemplate":"https:\/\/u-intosai.org\/fr\/?s={search_term_string}"},"query-input":{"@type":"PropertyValueSpecification","valueRequired":true,"valueName":"search_term_string"}}],"inLanguage":"fr-FR"},{"@type":"Organization","@id":"https:\/\/u-intosai.org\/fr\/#organization","name":"U-INTOSAI \u2014 University of INTOSAI","url":"https:\/\/u-intosai.org\/fr\/","logo":{"@type":"ImageObject","inLanguage":"fr-FR","@id":"https:\/\/u-intosai.org\/fr\/#\/schema\/logo\/image\/","url":"https:\/\/u-intosai.org\/wp-content\/uploads\/2021\/08\/miniu-intosai-logo.png","contentUrl":"https:\/\/u-intosai.org\/wp-content\/uploads\/2021\/08\/miniu-intosai-logo.png","width":1000,"height":479,"caption":"U-INTOSAI \u2014 University of INTOSAI"},"image":{"@id":"https:\/\/u-intosai.org\/fr\/#\/schema\/logo\/image\/"},"sameAs":["https:\/\/x.com\/Incosai2019","https:\/\/www.youtube.com\/channel\/UCjD--8sXtgxoPrxRQ_rz5GQ"]}]}},"_links":{"self":[{"href":"https:\/\/u-intosai.org\/fr\/wp-json\/wp\/v2\/pages\/7598","targetHints":{"allow":["GET"]}}],"collection":[{"href":"https:\/\/u-intosai.org\/fr\/wp-json\/wp\/v2\/pages"}],"about":[{"href":"https:\/\/u-intosai.org\/fr\/wp-json\/wp\/v2\/types\/page"}],"author":[{"embeddable":true,"href":"https:\/\/u-intosai.org\/fr\/wp-json\/wp\/v2\/users\/1"}],"replies":[{"embeddable":true,"href":"https:\/\/u-intosai.org\/fr\/wp-json\/wp\/v2\/comments?post=7598"}],"version-history":[{"count":39,"href":"https:\/\/u-intosai.org\/fr\/wp-json\/wp\/v2\/pages\/7598\/revisions"}],"predecessor-version":[{"id":50268,"href":"https:\/\/u-intosai.org\/fr\/wp-json\/wp\/v2\/pages\/7598\/revisions\/50268"}],"wp:featuredmedia":[{"embeddable":true,"href":"https:\/\/u-intosai.org\/fr\/wp-json\/wp\/v2\/media\/12177"}],"wp:attachment":[{"href":"https:\/\/u-intosai.org\/fr\/wp-json\/wp\/v2\/media?parent=7598"}],"curies":[{"name":"wp","href":"https:\/\/api.w.org\/{rel}","templated":true}]}}