{"id":7656,"date":"2021-07-30T17:43:31","date_gmt":"2021-07-30T17:43:31","guid":{"rendered":"https:\/\/u-intosai.org\/podcasts\/"},"modified":"2022-08-10T00:27:27","modified_gmt":"2022-08-09T21:27:27","slug":"podcasts","status":"publish","type":"page","link":"https:\/\/u-intosai.org\/fr\/podcasts\/","title":{"rendered":"Podcasts"},"content":{"rendered":"<div class=\"wpb-content-wrapper\"><p>[vc_row][vc_column][vc_custom_heading text=\u00a0\u00bbPodcasts\u00a0\u00bb font_container=\u00a0\u00bbtag:h1|text_align:left\u00a0\u00bb use_theme_fonts=\u00a0\u00bbyes\u00a0\u00bb][vc_cta h2=\u00a0\u00bb\u00a0\u00bb]Bienvenue sur la plateforme de podcasts \u00abU-LISTEN\u00bb. Acc\u00e9dez aux derni\u00e8res actualit\u00e9s des ISC ainsi que les meilleures pratiques de la communaut\u00e9 intrenationale de l&rsquo;audit dans un format de fichier audio. La section sera constamment mise \u00e0 jour.<\/p>\n<p>Si votre organisation souhaite partager le podcast, n&rsquo;h\u00e9sitez pas \u00e0 contacter : <a href=\"mailto:u_intosai@ach.gov.ru\">u_intosai@ach.gov.ru<\/a>[\/vc_cta][\/vc_column][\/vc_row][vc_row][vc_column][vc_basic_grid post_type=\u00a0\u00bbids\u00a0\u00bb element_width=\u00a0\u00bb3&Prime; item=\u00a0\u00bb7205&Prime; grid_id=\u00a0\u00bbvc_gid:1660080433757-9e4d29ed-ec85-5&Prime; include=\u00a0\u00bb7167, 7208, 7216, 7223, 7229, 12526, 12764&Prime;][\/vc_column][\/vc_row][vc_row][vc_column][vc_empty_space][vc_custom_heading text=\u00a0\u00bbPodcasts d&rsquo;organisations internationales\u00a0\u00bb use_theme_fonts=\u00a0\u00bbyes\u00a0\u00bb][vc_empty_space][vc_masonry_grid post_type=\u00a0\u00bbpost\u00a0\u00bb max_items=\u00a0\u00bb40&Prime; show_filter=\u00a0\u00bbyes\u00a0\u00bb element_width=\u00a0\u00bb3&Prime; gap=\u00a0\u00bb35&Prime; order=\u00a0\u00bbASC\u00a0\u00bb filter_default_title=\u00a0\u00bbToutes les langues\u00a0\u00bb item=\u00a0\u00bb10969&Prime; grid_id=\u00a0\u00bbvc_gid:1660080433760-28cfc8f8-949d-9&Prime; filter_source=\u00a0\u00bbpost_tag\u00a0\u00bb taxonomies=\u00a0\u00bb1243&Prime;][\/vc_column][\/vc_row]<\/p>\n<\/div>","protected":false},"excerpt":{"rendered":"<p>[vc_row][vc_column][vc_custom_heading text=\u00a0\u00bbPodcasts\u00a0\u00bb font_container=\u00a0\u00bbtag:h1|text_align:left\u00a0\u00bb use_theme_fonts=\u00a0\u00bbyes\u00a0\u00bb][vc_cta h2=\u00a0\u00bb\u00a0\u00bb]Bienvenue sur la plateforme de podcasts \u00abU-LISTEN\u00bb. Acc\u00e9dez aux derni\u00e8res actualit\u00e9s des ISC ainsi que les meilleures pratiques de la communaut\u00e9 intrenationale de l&rsquo;audit dans un format de fichier audio. La section sera constamment mise \u00e0 jour. Si votre organisation souhaite partager le podcast, n&rsquo;h\u00e9sitez pas \u00e0 contacter : u_intosai@ach.gov.ru[\/vc_cta][\/vc_column][\/vc_row][vc_row][vc_column][vc_basic_grid post_type=\u00a0\u00bbids\u00a0\u00bb [&hellip;]<\/p>\n","protected":false},"author":1,"featured_media":0,"parent":0,"menu_order":0,"comment_status":"closed","ping_status":"closed","template":"","meta":{"_acf_changed":false,"pmpro_default_level":"","footnotes":""},"class_list":["post-7656","page","type-page","status-publish","hentry","pmpro-has-access"],"acf":[],"yoast_head":"<!-- This site is optimized with the Yoast SEO plugin v27.3 - https:\/\/yoast.com\/product\/yoast-seo-wordpress\/ -->\n<title>Podcasts | U-INTOSAI<\/title>\n<meta name=\"description\" content=\"Podcasts\" \/>\n<meta name=\"robots\" content=\"index, follow, max-snippet:-1, max-image-preview:large, max-video-preview:-1\" \/>\n<link rel=\"canonical\" href=\"https:\/\/u-intosai.org\/fr\/podcasts\/\" \/>\n<meta property=\"og:locale\" content=\"fr_FR\" \/>\n<meta property=\"og:type\" content=\"article\" \/>\n<meta property=\"og:title\" content=\"Podcasts | U-INTOSAI\" \/>\n<meta property=\"og:description\" content=\"Podcasts\" \/>\n<meta property=\"og:url\" content=\"https:\/\/u-intosai.org\/fr\/podcasts\/\" \/>\n<meta property=\"og:site_name\" content=\"U-INTOSAI\" \/>\n<meta property=\"article:modified_time\" content=\"2022-08-09T21:27:27+00:00\" \/>\n<meta property=\"og:image\" content=\"https:\/\/u-intosai.org\/wp-content\/uploads\/2022\/01\/video-poster-11920x1080-1.jpg\" \/>\n\t<meta property=\"og:image:width\" content=\"1920\" \/>\n\t<meta property=\"og:image:height\" content=\"1080\" \/>\n\t<meta property=\"og:image:type\" content=\"image\/jpeg\" \/>\n<meta name=\"twitter:card\" content=\"summary_large_image\" \/>\n<meta name=\"twitter:site\" content=\"@Incosai2019\" \/>\n<meta name=\"twitter:label1\" content=\"Dur\u00e9e de lecture estim\u00e9e\" \/>\n\t<meta name=\"twitter:data1\" content=\"1 minute\" \/>\n<script type=\"application\/ld+json\" class=\"yoast-schema-graph\">{\"@context\":\"https:\\\/\\\/schema.org\",\"@graph\":[{\"@type\":\"WebPage\",\"@id\":\"https:\\\/\\\/u-intosai.org\\\/fr\\\/podcasts\\\/\",\"url\":\"https:\\\/\\\/u-intosai.org\\\/fr\\\/podcasts\\\/\",\"name\":\"Podcasts | U-INTOSAI\",\"isPartOf\":{\"@id\":\"https:\\\/\\\/u-intosai.org\\\/fr\\\/#website\"},\"datePublished\":\"2021-07-30T17:43:31+00:00\",\"dateModified\":\"2022-08-09T21:27:27+00:00\",\"description\":\"Podcasts\",\"breadcrumb\":{\"@id\":\"https:\\\/\\\/u-intosai.org\\\/fr\\\/podcasts\\\/#breadcrumb\"},\"inLanguage\":\"fr-FR\",\"potentialAction\":[{\"@type\":\"ReadAction\",\"target\":[\"https:\\\/\\\/u-intosai.org\\\/fr\\\/podcasts\\\/\"]}]},{\"@type\":\"BreadcrumbList\",\"@id\":\"https:\\\/\\\/u-intosai.org\\\/fr\\\/podcasts\\\/#breadcrumb\",\"itemListElement\":[{\"@type\":\"ListItem\",\"position\":1,\"name\":\"U-INTOSAI\",\"item\":\"https:\\\/\\\/u-intosai.org\\\/fr\\\/\"},{\"@type\":\"ListItem\",\"position\":2,\"name\":\"Podcasts\"}]},{\"@type\":\"WebSite\",\"@id\":\"https:\\\/\\\/u-intosai.org\\\/fr\\\/#website\",\"url\":\"https:\\\/\\\/u-intosai.org\\\/fr\\\/\",\"name\":\"U-INTOSAI\",\"description\":\"U-INTOSAI is an open online educational platform for all INTOSAI members created as a unique space for exchanging experience and advanced knowledge.\",\"publisher\":{\"@id\":\"https:\\\/\\\/u-intosai.org\\\/fr\\\/#organization\"},\"potentialAction\":[{\"@type\":\"SearchAction\",\"target\":{\"@type\":\"EntryPoint\",\"urlTemplate\":\"https:\\\/\\\/u-intosai.org\\\/fr\\\/?s={search_term_string}\"},\"query-input\":{\"@type\":\"PropertyValueSpecification\",\"valueRequired\":true,\"valueName\":\"search_term_string\"}}],\"inLanguage\":\"fr-FR\"},{\"@type\":\"Organization\",\"@id\":\"https:\\\/\\\/u-intosai.org\\\/fr\\\/#organization\",\"name\":\"U-INTOSAI \u2014 University of INTOSAI\",\"url\":\"https:\\\/\\\/u-intosai.org\\\/fr\\\/\",\"logo\":{\"@type\":\"ImageObject\",\"inLanguage\":\"fr-FR\",\"@id\":\"https:\\\/\\\/u-intosai.org\\\/fr\\\/#\\\/schema\\\/logo\\\/image\\\/\",\"url\":\"https:\\\/\\\/u-intosai.org\\\/wp-content\\\/uploads\\\/2021\\\/08\\\/miniu-intosai-logo.png\",\"contentUrl\":\"https:\\\/\\\/u-intosai.org\\\/wp-content\\\/uploads\\\/2021\\\/08\\\/miniu-intosai-logo.png\",\"width\":1000,\"height\":479,\"caption\":\"U-INTOSAI \u2014 University of INTOSAI\"},\"image\":{\"@id\":\"https:\\\/\\\/u-intosai.org\\\/fr\\\/#\\\/schema\\\/logo\\\/image\\\/\"},\"sameAs\":[\"https:\\\/\\\/x.com\\\/Incosai2019\",\"https:\\\/\\\/www.youtube.com\\\/channel\\\/UCjD--8sXtgxoPrxRQ_rz5GQ\"]}]}<\/script>\n<!-- \/ Yoast SEO plugin. -->","yoast_head_json":{"title":"Podcasts | U-INTOSAI","description":"Podcasts","robots":{"index":"index","follow":"follow","max-snippet":"max-snippet:-1","max-image-preview":"max-image-preview:large","max-video-preview":"max-video-preview:-1"},"canonical":"https:\/\/u-intosai.org\/fr\/podcasts\/","og_locale":"fr_FR","og_type":"article","og_title":"Podcasts | U-INTOSAI","og_description":"Podcasts","og_url":"https:\/\/u-intosai.org\/fr\/podcasts\/","og_site_name":"U-INTOSAI","article_modified_time":"2022-08-09T21:27:27+00:00","og_image":[{"width":1920,"height":1080,"url":"https:\/\/u-intosai.org\/wp-content\/uploads\/2022\/01\/video-poster-11920x1080-1.jpg","type":"image\/jpeg"}],"twitter_card":"summary_large_image","twitter_site":"@Incosai2019","twitter_misc":{"Dur\u00e9e de lecture estim\u00e9e":"1 minute"},"schema":{"@context":"https:\/\/schema.org","@graph":[{"@type":"WebPage","@id":"https:\/\/u-intosai.org\/fr\/podcasts\/","url":"https:\/\/u-intosai.org\/fr\/podcasts\/","name":"Podcasts | U-INTOSAI","isPartOf":{"@id":"https:\/\/u-intosai.org\/fr\/#website"},"datePublished":"2021-07-30T17:43:31+00:00","dateModified":"2022-08-09T21:27:27+00:00","description":"Podcasts","breadcrumb":{"@id":"https:\/\/u-intosai.org\/fr\/podcasts\/#breadcrumb"},"inLanguage":"fr-FR","potentialAction":[{"@type":"ReadAction","target":["https:\/\/u-intosai.org\/fr\/podcasts\/"]}]},{"@type":"BreadcrumbList","@id":"https:\/\/u-intosai.org\/fr\/podcasts\/#breadcrumb","itemListElement":[{"@type":"ListItem","position":1,"name":"U-INTOSAI","item":"https:\/\/u-intosai.org\/fr\/"},{"@type":"ListItem","position":2,"name":"Podcasts"}]},{"@type":"WebSite","@id":"https:\/\/u-intosai.org\/fr\/#website","url":"https:\/\/u-intosai.org\/fr\/","name":"U-INTOSAI","description":"U-INTOSAI is an open online educational platform for all INTOSAI members created as a unique space for exchanging experience and advanced knowledge.","publisher":{"@id":"https:\/\/u-intosai.org\/fr\/#organization"},"potentialAction":[{"@type":"SearchAction","target":{"@type":"EntryPoint","urlTemplate":"https:\/\/u-intosai.org\/fr\/?s={search_term_string}"},"query-input":{"@type":"PropertyValueSpecification","valueRequired":true,"valueName":"search_term_string"}}],"inLanguage":"fr-FR"},{"@type":"Organization","@id":"https:\/\/u-intosai.org\/fr\/#organization","name":"U-INTOSAI \u2014 University of INTOSAI","url":"https:\/\/u-intosai.org\/fr\/","logo":{"@type":"ImageObject","inLanguage":"fr-FR","@id":"https:\/\/u-intosai.org\/fr\/#\/schema\/logo\/image\/","url":"https:\/\/u-intosai.org\/wp-content\/uploads\/2021\/08\/miniu-intosai-logo.png","contentUrl":"https:\/\/u-intosai.org\/wp-content\/uploads\/2021\/08\/miniu-intosai-logo.png","width":1000,"height":479,"caption":"U-INTOSAI \u2014 University of INTOSAI"},"image":{"@id":"https:\/\/u-intosai.org\/fr\/#\/schema\/logo\/image\/"},"sameAs":["https:\/\/x.com\/Incosai2019","https:\/\/www.youtube.com\/channel\/UCjD--8sXtgxoPrxRQ_rz5GQ"]}]}},"_links":{"self":[{"href":"https:\/\/u-intosai.org\/fr\/wp-json\/wp\/v2\/pages\/7656","targetHints":{"allow":["GET"]}}],"collection":[{"href":"https:\/\/u-intosai.org\/fr\/wp-json\/wp\/v2\/pages"}],"about":[{"href":"https:\/\/u-intosai.org\/fr\/wp-json\/wp\/v2\/types\/page"}],"author":[{"embeddable":true,"href":"https:\/\/u-intosai.org\/fr\/wp-json\/wp\/v2\/users\/1"}],"replies":[{"embeddable":true,"href":"https:\/\/u-intosai.org\/fr\/wp-json\/wp\/v2\/comments?post=7656"}],"version-history":[{"count":14,"href":"https:\/\/u-intosai.org\/fr\/wp-json\/wp\/v2\/pages\/7656\/revisions"}],"predecessor-version":[{"id":18732,"href":"https:\/\/u-intosai.org\/fr\/wp-json\/wp\/v2\/pages\/7656\/revisions\/18732"}],"wp:attachment":[{"href":"https:\/\/u-intosai.org\/fr\/wp-json\/wp\/v2\/media?parent=7656"}],"curies":[{"name":"wp","href":"https:\/\/api.w.org\/{rel}","templated":true}]}}