{"id":12786,"date":"2022-03-15T10:42:03","date_gmt":"2022-03-15T10:42:03","guid":{"rendered":"https:\/\/u-intosai.org\/podcasts\/podcast-intosai-do-reino-de-oma\/"},"modified":"2022-03-15T10:58:45","modified_gmt":"2022-03-15T10:58:45","slug":"podcast-intosai-do-reino-de-oma","status":"publish","type":"page","link":"https:\/\/u-intosai.org\/pt-pt\/podcasts\/podcast-intosai-do-reino-de-oma\/","title":{"rendered":"ISC de Om\u00e3"},"content":{"rendered":"<div class=\"wpb-content-wrapper\"><p>[vc_row][vc_column][vc_custom_heading text=&#8221;Podcast INTOSAI do Reino de Om\u00e3&#8221; font_container=&#8221;tag:h1|text_align:left&#8221; use_theme_fonts=&#8221;yes&#8221;][vc_column_text]<a href=\"https:\/\/www.youtube.com\/playlist?list=PLGB6UPk69vItokFt_47Ymee6PJpLrTV9M%20target=\" rel=\"noopener\">Podcast INTOSAI do Reino de Om\u00e3<\/a><\/p>\n<p>\u201cA auditoria \u00e9 dever de todos\u201d<\/p>\n<p>A INTOSAI do Reino de Om\u00e3 sobre a necessidade de acompanhamento e controle externo das diversas \u00e1reas da atividade estatal e p\u00fablica, as especificidades da auditoria em tempos de crise, os resultados dos trabalhos realizados e muito mais.<\/p>\n<p>Idioma \u2013 \u00e1rabe<\/p>\n<p><iframe loading=\"lazy\" width=\"100%\" height=\"600\" src=\"https:\/\/www.youtube.com\/embed\/videoseries?list=PLGB6UPk69vItokFt_47Ymee6PJpLrTV9M\" title=\"YouTube video player\" frameborder=\"0\" allow=\"accelerometer; autoplay; clipboard-write; encrypted-media; gyroscope; picture-in-picture\" allowfullscreen><\/iframe><br \/>\n[\/vc_column_text][\/vc_column][\/vc_row]<\/p>\n<\/div>","protected":false},"excerpt":{"rendered":"<p>[vc_row][vc_column][vc_custom_heading text=&#8221;Podcast INTOSAI do Reino de Om\u00e3&#8221; font_container=&#8221;tag:h1|text_align:left&#8221; use_theme_fonts=&#8221;yes&#8221;][vc_column_text]Podcast INTOSAI do Reino de Om\u00e3 \u201cA auditoria \u00e9 dever de todos\u201d A INTOSAI do Reino de Om\u00e3 sobre a necessidade de acompanhamento e controle externo das diversas \u00e1reas da atividade estatal e p\u00fablica, as especificidades da auditoria em tempos de crise, os resultados dos trabalhos realizados [&hellip;]<\/p>\n","protected":false},"author":1,"featured_media":12771,"parent":9773,"menu_order":0,"comment_status":"closed","ping_status":"closed","template":"","meta":{"_acf_changed":false,"pmpro_default_level":"","footnotes":""},"class_list":["post-12786","page","type-page","status-publish","has-post-thumbnail","hentry","pmpro-has-access"],"acf":[],"yoast_head":"<!-- This site is optimized with the Yoast SEO plugin v27.3 - https:\/\/yoast.com\/product\/yoast-seo-wordpress\/ -->\n<title>ISC de Om\u00e3 | U-INTOSAI<\/title>\n<meta name=\"description\" content=\"ISC de Om\u00e3\" \/>\n<meta name=\"robots\" content=\"index, follow, max-snippet:-1, max-image-preview:large, max-video-preview:-1\" \/>\n<link rel=\"canonical\" href=\"https:\/\/u-intosai.org\/pt-pt\/podcasts\/podcast-intosai-do-reino-de-oma\/\" \/>\n<meta property=\"og:locale\" content=\"pt_PT\" \/>\n<meta property=\"og:type\" content=\"article\" \/>\n<meta property=\"og:title\" content=\"ISC de Om\u00e3 | U-INTOSAI\" \/>\n<meta property=\"og:description\" content=\"ISC de Om\u00e3\" \/>\n<meta property=\"og:url\" content=\"https:\/\/u-intosai.org\/pt-pt\/podcasts\/podcast-intosai-do-reino-de-oma\/\" \/>\n<meta property=\"og:site_name\" content=\"U-INTOSAI\" \/>\n<meta property=\"article:modified_time\" content=\"2022-03-15T10:58:45+00:00\" \/>\n<meta property=\"og:image\" content=\"https:\/\/u-intosai.org\/wp-content\/uploads\/2022\/03\/1926598162956125.jpg\" \/>\n\t<meta property=\"og:image:width\" content=\"800\" \/>\n\t<meta property=\"og:image:height\" content=\"800\" \/>\n\t<meta property=\"og:image:type\" content=\"image\/jpeg\" \/>\n<meta name=\"twitter:card\" content=\"summary_large_image\" \/>\n<meta name=\"twitter:site\" content=\"@Incosai2019\" \/>\n<script type=\"application\/ld+json\" class=\"yoast-schema-graph\">{\"@context\":\"https:\\\/\\\/schema.org\",\"@graph\":[{\"@type\":\"WebPage\",\"@id\":\"https:\\\/\\\/u-intosai.org\\\/pt-pt\\\/podcasts\\\/podcast-intosai-do-reino-de-oma\\\/\",\"url\":\"https:\\\/\\\/u-intosai.org\\\/pt-pt\\\/podcasts\\\/podcast-intosai-do-reino-de-oma\\\/\",\"name\":\"ISC de Om\u00e3 | U-INTOSAI\",\"isPartOf\":{\"@id\":\"https:\\\/\\\/u-intosai.org\\\/pt-pt\\\/#website\"},\"primaryImageOfPage\":{\"@id\":\"https:\\\/\\\/u-intosai.org\\\/pt-pt\\\/podcasts\\\/podcast-intosai-do-reino-de-oma\\\/#primaryimage\"},\"image\":{\"@id\":\"https:\\\/\\\/u-intosai.org\\\/pt-pt\\\/podcasts\\\/podcast-intosai-do-reino-de-oma\\\/#primaryimage\"},\"thumbnailUrl\":\"https:\\\/\\\/u-intosai.org\\\/wp-content\\\/uploads\\\/2022\\\/03\\\/1926598162956125.jpg\",\"datePublished\":\"2022-03-15T10:42:03+00:00\",\"dateModified\":\"2022-03-15T10:58:45+00:00\",\"description\":\"ISC de Om\u00e3\",\"breadcrumb\":{\"@id\":\"https:\\\/\\\/u-intosai.org\\\/pt-pt\\\/podcasts\\\/podcast-intosai-do-reino-de-oma\\\/#breadcrumb\"},\"inLanguage\":\"pt-PT\",\"potentialAction\":[{\"@type\":\"ReadAction\",\"target\":[\"https:\\\/\\\/u-intosai.org\\\/pt-pt\\\/podcasts\\\/podcast-intosai-do-reino-de-oma\\\/\"]}]},{\"@type\":\"ImageObject\",\"inLanguage\":\"pt-PT\",\"@id\":\"https:\\\/\\\/u-intosai.org\\\/pt-pt\\\/podcasts\\\/podcast-intosai-do-reino-de-oma\\\/#primaryimage\",\"url\":\"https:\\\/\\\/u-intosai.org\\\/wp-content\\\/uploads\\\/2022\\\/03\\\/1926598162956125.jpg\",\"contentUrl\":\"https:\\\/\\\/u-intosai.org\\\/wp-content\\\/uploads\\\/2022\\\/03\\\/1926598162956125.jpg\",\"width\":800,\"height\":800},{\"@type\":\"BreadcrumbList\",\"@id\":\"https:\\\/\\\/u-intosai.org\\\/pt-pt\\\/podcasts\\\/podcast-intosai-do-reino-de-oma\\\/#breadcrumb\",\"itemListElement\":[{\"@type\":\"ListItem\",\"position\":1,\"name\":\"U-INTOSAI\",\"item\":\"https:\\\/\\\/u-intosai.org\\\/pt-pt\\\/\"},{\"@type\":\"ListItem\",\"position\":2,\"name\":\"Podcasts\",\"item\":\"https:\\\/\\\/u-intosai.org\\\/pt-pt\\\/podcasts\\\/\"},{\"@type\":\"ListItem\",\"position\":3,\"name\":\"ISC de Om\u00e3\"}]},{\"@type\":\"WebSite\",\"@id\":\"https:\\\/\\\/u-intosai.org\\\/pt-pt\\\/#website\",\"url\":\"https:\\\/\\\/u-intosai.org\\\/pt-pt\\\/\",\"name\":\"U-INTOSAI\",\"description\":\"U-INTOSAI is an open online educational platform for all INTOSAI members created as a unique space for exchanging experience and advanced knowledge.\",\"publisher\":{\"@id\":\"https:\\\/\\\/u-intosai.org\\\/pt-pt\\\/#organization\"},\"potentialAction\":[{\"@type\":\"SearchAction\",\"target\":{\"@type\":\"EntryPoint\",\"urlTemplate\":\"https:\\\/\\\/u-intosai.org\\\/pt-pt\\\/?s={search_term_string}\"},\"query-input\":{\"@type\":\"PropertyValueSpecification\",\"valueRequired\":true,\"valueName\":\"search_term_string\"}}],\"inLanguage\":\"pt-PT\"},{\"@type\":\"Organization\",\"@id\":\"https:\\\/\\\/u-intosai.org\\\/pt-pt\\\/#organization\",\"name\":\"U-INTOSAI \u2014 University of INTOSAI\",\"url\":\"https:\\\/\\\/u-intosai.org\\\/pt-pt\\\/\",\"logo\":{\"@type\":\"ImageObject\",\"inLanguage\":\"pt-PT\",\"@id\":\"https:\\\/\\\/u-intosai.org\\\/pt-pt\\\/#\\\/schema\\\/logo\\\/image\\\/\",\"url\":\"https:\\\/\\\/u-intosai.org\\\/wp-content\\\/uploads\\\/2021\\\/08\\\/miniu-intosai-logo.png\",\"contentUrl\":\"https:\\\/\\\/u-intosai.org\\\/wp-content\\\/uploads\\\/2021\\\/08\\\/miniu-intosai-logo.png\",\"width\":1000,\"height\":479,\"caption\":\"U-INTOSAI \u2014 University of INTOSAI\"},\"image\":{\"@id\":\"https:\\\/\\\/u-intosai.org\\\/pt-pt\\\/#\\\/schema\\\/logo\\\/image\\\/\"},\"sameAs\":[\"https:\\\/\\\/x.com\\\/Incosai2019\",\"https:\\\/\\\/www.youtube.com\\\/channel\\\/UCjD--8sXtgxoPrxRQ_rz5GQ\"]}]}<\/script>\n<!-- \/ Yoast SEO plugin. -->","yoast_head_json":{"title":"ISC de Om\u00e3 | U-INTOSAI","description":"ISC de Om\u00e3","robots":{"index":"index","follow":"follow","max-snippet":"max-snippet:-1","max-image-preview":"max-image-preview:large","max-video-preview":"max-video-preview:-1"},"canonical":"https:\/\/u-intosai.org\/pt-pt\/podcasts\/podcast-intosai-do-reino-de-oma\/","og_locale":"pt_PT","og_type":"article","og_title":"ISC de Om\u00e3 | U-INTOSAI","og_description":"ISC de Om\u00e3","og_url":"https:\/\/u-intosai.org\/pt-pt\/podcasts\/podcast-intosai-do-reino-de-oma\/","og_site_name":"U-INTOSAI","article_modified_time":"2022-03-15T10:58:45+00:00","og_image":[{"width":800,"height":800,"url":"https:\/\/u-intosai.org\/wp-content\/uploads\/2022\/03\/1926598162956125.jpg","type":"image\/jpeg"}],"twitter_card":"summary_large_image","twitter_site":"@Incosai2019","schema":{"@context":"https:\/\/schema.org","@graph":[{"@type":"WebPage","@id":"https:\/\/u-intosai.org\/pt-pt\/podcasts\/podcast-intosai-do-reino-de-oma\/","url":"https:\/\/u-intosai.org\/pt-pt\/podcasts\/podcast-intosai-do-reino-de-oma\/","name":"ISC de Om\u00e3 | U-INTOSAI","isPartOf":{"@id":"https:\/\/u-intosai.org\/pt-pt\/#website"},"primaryImageOfPage":{"@id":"https:\/\/u-intosai.org\/pt-pt\/podcasts\/podcast-intosai-do-reino-de-oma\/#primaryimage"},"image":{"@id":"https:\/\/u-intosai.org\/pt-pt\/podcasts\/podcast-intosai-do-reino-de-oma\/#primaryimage"},"thumbnailUrl":"https:\/\/u-intosai.org\/wp-content\/uploads\/2022\/03\/1926598162956125.jpg","datePublished":"2022-03-15T10:42:03+00:00","dateModified":"2022-03-15T10:58:45+00:00","description":"ISC de Om\u00e3","breadcrumb":{"@id":"https:\/\/u-intosai.org\/pt-pt\/podcasts\/podcast-intosai-do-reino-de-oma\/#breadcrumb"},"inLanguage":"pt-PT","potentialAction":[{"@type":"ReadAction","target":["https:\/\/u-intosai.org\/pt-pt\/podcasts\/podcast-intosai-do-reino-de-oma\/"]}]},{"@type":"ImageObject","inLanguage":"pt-PT","@id":"https:\/\/u-intosai.org\/pt-pt\/podcasts\/podcast-intosai-do-reino-de-oma\/#primaryimage","url":"https:\/\/u-intosai.org\/wp-content\/uploads\/2022\/03\/1926598162956125.jpg","contentUrl":"https:\/\/u-intosai.org\/wp-content\/uploads\/2022\/03\/1926598162956125.jpg","width":800,"height":800},{"@type":"BreadcrumbList","@id":"https:\/\/u-intosai.org\/pt-pt\/podcasts\/podcast-intosai-do-reino-de-oma\/#breadcrumb","itemListElement":[{"@type":"ListItem","position":1,"name":"U-INTOSAI","item":"https:\/\/u-intosai.org\/pt-pt\/"},{"@type":"ListItem","position":2,"name":"Podcasts","item":"https:\/\/u-intosai.org\/pt-pt\/podcasts\/"},{"@type":"ListItem","position":3,"name":"ISC de Om\u00e3"}]},{"@type":"WebSite","@id":"https:\/\/u-intosai.org\/pt-pt\/#website","url":"https:\/\/u-intosai.org\/pt-pt\/","name":"U-INTOSAI","description":"U-INTOSAI is an open online educational platform for all INTOSAI members created as a unique space for exchanging experience and advanced knowledge.","publisher":{"@id":"https:\/\/u-intosai.org\/pt-pt\/#organization"},"potentialAction":[{"@type":"SearchAction","target":{"@type":"EntryPoint","urlTemplate":"https:\/\/u-intosai.org\/pt-pt\/?s={search_term_string}"},"query-input":{"@type":"PropertyValueSpecification","valueRequired":true,"valueName":"search_term_string"}}],"inLanguage":"pt-PT"},{"@type":"Organization","@id":"https:\/\/u-intosai.org\/pt-pt\/#organization","name":"U-INTOSAI \u2014 University of INTOSAI","url":"https:\/\/u-intosai.org\/pt-pt\/","logo":{"@type":"ImageObject","inLanguage":"pt-PT","@id":"https:\/\/u-intosai.org\/pt-pt\/#\/schema\/logo\/image\/","url":"https:\/\/u-intosai.org\/wp-content\/uploads\/2021\/08\/miniu-intosai-logo.png","contentUrl":"https:\/\/u-intosai.org\/wp-content\/uploads\/2021\/08\/miniu-intosai-logo.png","width":1000,"height":479,"caption":"U-INTOSAI \u2014 University of INTOSAI"},"image":{"@id":"https:\/\/u-intosai.org\/pt-pt\/#\/schema\/logo\/image\/"},"sameAs":["https:\/\/x.com\/Incosai2019","https:\/\/www.youtube.com\/channel\/UCjD--8sXtgxoPrxRQ_rz5GQ"]}]}},"_links":{"self":[{"href":"https:\/\/u-intosai.org\/pt-pt\/wp-json\/wp\/v2\/pages\/12786","targetHints":{"allow":["GET"]}}],"collection":[{"href":"https:\/\/u-intosai.org\/pt-pt\/wp-json\/wp\/v2\/pages"}],"about":[{"href":"https:\/\/u-intosai.org\/pt-pt\/wp-json\/wp\/v2\/types\/page"}],"author":[{"embeddable":true,"href":"https:\/\/u-intosai.org\/pt-pt\/wp-json\/wp\/v2\/users\/1"}],"replies":[{"embeddable":true,"href":"https:\/\/u-intosai.org\/pt-pt\/wp-json\/wp\/v2\/comments?post=12786"}],"version-history":[{"count":5,"href":"https:\/\/u-intosai.org\/pt-pt\/wp-json\/wp\/v2\/pages\/12786\/revisions"}],"predecessor-version":[{"id":12813,"href":"https:\/\/u-intosai.org\/pt-pt\/wp-json\/wp\/v2\/pages\/12786\/revisions\/12813"}],"up":[{"embeddable":true,"href":"https:\/\/u-intosai.org\/pt-pt\/wp-json\/wp\/v2\/pages\/9773"}],"wp:featuredmedia":[{"embeddable":true,"href":"https:\/\/u-intosai.org\/pt-pt\/wp-json\/wp\/v2\/media\/12771"}],"wp:attachment":[{"href":"https:\/\/u-intosai.org\/pt-pt\/wp-json\/wp\/v2\/media?parent=12786"}],"curies":[{"name":"wp","href":"https:\/\/api.w.org\/{rel}","templated":true}]}}