{"id":18568,"date":"2022-08-08T22:04:27","date_gmt":"2022-08-08T19:04:27","guid":{"rendered":"https:\/\/u-intosai.org\/podcasts\/imf-podcast\/"},"modified":"2022-08-09T23:54:05","modified_gmt":"2022-08-09T20:54:05","slug":"imf-podcast","status":"publish","type":"page","link":"https:\/\/u-intosai.org\/pt-pt\/podcasts\/imf-podcast\/","title":{"rendered":"Fundo Monet\u00e1rio Internacional (FMI)"},"content":{"rendered":"<div class=\"wpb-content-wrapper\"><p>[vc_row][vc_column][vc_custom_heading text=&#8221;Fundo Monet\u00e1rio Internacional (FMI)&#8221; font_container=&#8221;tag:h1|text_align:left&#8221; use_theme_fonts=&#8221;yes&#8221;][vc_column_text]<\/p>\n<p><a href=\"https:\/\/soundcloud.com\/imf-podcasts\" target=\"_blank\" rel=\"noopener\">Fundo Monet\u00e1rio Internacional (FMI)<\/a><\/p>\n<p>Os economistas do Fundo Monet\u00e1rio Internacional e outros especialistas discutem as principais quest\u00f5es econ\u00f4micas e financeiras do dia.<\/p>\n<p>Idioma &#8211; Ingl\u00eas, \u00e1rabe, franc\u00eas<\/p>\n<p><iframe loading=\"lazy\" src=\"https:\/\/w.soundcloud.com\/player\/?url=https%3A\/\/api.soundcloud.com\/playlists\/3014477&amp;color=%23ff5500&amp;auto_play=false&amp;hide_related=false&amp;show_comments=true&amp;show_user=true&amp;show_reposts=false&amp;show_teaser=true\" width=\"100%\" height=\"450\" frameborder=\"no\" scrolling=\"no\"><\/iframe><\/p>\n<div style=\"font-size: 10px; color: #cccccc; line-break: anywhere; word-break: normal; overflow: hidden; white-space: nowrap; text-overflow: ellipsis; font-family: Interstate,Lucida Grande,Lucida Sans Unicode,Lucida Sans,Garuda,Verdana,Tahoma,sans-serif; font-weight: 100;\"><a style=\"color: #cccccc; text-decoration: none;\" title=\"IMF Podcasts\" href=\"https:\/\/soundcloud.com\/imf-podcasts\" target=\"_blank\" rel=\"noopener\">IMF Podcasts<\/a> \u00b7 <a style=\"color: #cccccc; text-decoration: none;\" title=\"Podcasts\" href=\"https:\/\/soundcloud.com\/imf-podcasts\/sets\/podcasts\" target=\"_blank\" rel=\"noopener\">Podcasts<\/a><\/div>\n<p>[\/vc_column_text][\/vc_column][\/vc_row]<\/p>\n<\/div>","protected":false},"excerpt":{"rendered":"<p>[vc_row][vc_column][vc_custom_heading text=&#8221;Fundo Monet\u00e1rio Internacional (FMI)&#8221; font_container=&#8221;tag:h1|text_align:left&#8221; use_theme_fonts=&#8221;yes&#8221;][vc_column_text] Fundo Monet\u00e1rio Internacional (FMI) Os economistas do Fundo Monet\u00e1rio Internacional e outros especialistas discutem as principais quest\u00f5es econ\u00f4micas e financeiras do dia. Idioma &#8211; Ingl\u00eas, \u00e1rabe, franc\u00eas IMF Podcasts \u00b7 Podcasts [\/vc_column_text][\/vc_column][\/vc_row]<\/p>\n","protected":false},"author":1,"featured_media":0,"parent":9773,"menu_order":0,"comment_status":"closed","ping_status":"closed","template":"","meta":{"_acf_changed":false,"pmpro_default_level":"","footnotes":""},"class_list":["post-18568","page","type-page","status-publish","hentry","pmpro-has-access"],"acf":[],"yoast_head":"<!-- This site is optimized with the Yoast SEO plugin v27.3 - https:\/\/yoast.com\/product\/yoast-seo-wordpress\/ -->\n<title>Fundo Monet\u00e1rio Internacional (FMI) | U-INTOSAI<\/title>\n<meta name=\"description\" content=\"Fundo Monet\u00e1rio Internacional (FMI)\" \/>\n<meta name=\"robots\" content=\"index, follow, max-snippet:-1, max-image-preview:large, max-video-preview:-1\" \/>\n<link rel=\"canonical\" href=\"https:\/\/u-intosai.org\/pt-pt\/podcasts\/imf-podcast\/\" \/>\n<meta property=\"og:locale\" content=\"pt_PT\" \/>\n<meta property=\"og:type\" content=\"article\" \/>\n<meta property=\"og:title\" content=\"Fundo Monet\u00e1rio Internacional (FMI) | U-INTOSAI\" \/>\n<meta property=\"og:description\" content=\"Fundo Monet\u00e1rio Internacional (FMI)\" \/>\n<meta property=\"og:url\" content=\"https:\/\/u-intosai.org\/pt-pt\/podcasts\/imf-podcast\/\" \/>\n<meta property=\"og:site_name\" content=\"U-INTOSAI\" \/>\n<meta property=\"article:modified_time\" content=\"2022-08-09T20:54:05+00:00\" \/>\n<meta property=\"og:image\" content=\"https:\/\/u-intosai.org\/wp-content\/uploads\/2022\/01\/video-poster-11920x1080-1.jpg\" \/>\n\t<meta property=\"og:image:width\" content=\"1920\" \/>\n\t<meta property=\"og:image:height\" content=\"1080\" \/>\n\t<meta property=\"og:image:type\" content=\"image\/jpeg\" \/>\n<meta name=\"twitter:card\" content=\"summary_large_image\" \/>\n<meta name=\"twitter:site\" content=\"@Incosai2019\" \/>\n<script type=\"application\/ld+json\" class=\"yoast-schema-graph\">{\"@context\":\"https:\\\/\\\/schema.org\",\"@graph\":[{\"@type\":\"WebPage\",\"@id\":\"https:\\\/\\\/u-intosai.org\\\/pt-pt\\\/podcasts\\\/imf-podcast\\\/\",\"url\":\"https:\\\/\\\/u-intosai.org\\\/pt-pt\\\/podcasts\\\/imf-podcast\\\/\",\"name\":\"Fundo Monet\u00e1rio Internacional (FMI) | U-INTOSAI\",\"isPartOf\":{\"@id\":\"https:\\\/\\\/u-intosai.org\\\/pt-pt\\\/#website\"},\"datePublished\":\"2022-08-08T19:04:27+00:00\",\"dateModified\":\"2022-08-09T20:54:05+00:00\",\"description\":\"Fundo Monet\u00e1rio Internacional (FMI)\",\"breadcrumb\":{\"@id\":\"https:\\\/\\\/u-intosai.org\\\/pt-pt\\\/podcasts\\\/imf-podcast\\\/#breadcrumb\"},\"inLanguage\":\"pt-PT\",\"potentialAction\":[{\"@type\":\"ReadAction\",\"target\":[\"https:\\\/\\\/u-intosai.org\\\/pt-pt\\\/podcasts\\\/imf-podcast\\\/\"]}]},{\"@type\":\"BreadcrumbList\",\"@id\":\"https:\\\/\\\/u-intosai.org\\\/pt-pt\\\/podcasts\\\/imf-podcast\\\/#breadcrumb\",\"itemListElement\":[{\"@type\":\"ListItem\",\"position\":1,\"name\":\"U-INTOSAI\",\"item\":\"https:\\\/\\\/u-intosai.org\\\/pt-pt\\\/\"},{\"@type\":\"ListItem\",\"position\":2,\"name\":\"Podcasts\",\"item\":\"https:\\\/\\\/u-intosai.org\\\/pt-pt\\\/podcasts\\\/\"},{\"@type\":\"ListItem\",\"position\":3,\"name\":\"Fundo Monet\u00e1rio Internacional (FMI)\"}]},{\"@type\":\"WebSite\",\"@id\":\"https:\\\/\\\/u-intosai.org\\\/pt-pt\\\/#website\",\"url\":\"https:\\\/\\\/u-intosai.org\\\/pt-pt\\\/\",\"name\":\"U-INTOSAI\",\"description\":\"U-INTOSAI is an open online educational platform for all INTOSAI members created as a unique space for exchanging experience and advanced knowledge.\",\"publisher\":{\"@id\":\"https:\\\/\\\/u-intosai.org\\\/pt-pt\\\/#organization\"},\"potentialAction\":[{\"@type\":\"SearchAction\",\"target\":{\"@type\":\"EntryPoint\",\"urlTemplate\":\"https:\\\/\\\/u-intosai.org\\\/pt-pt\\\/?s={search_term_string}\"},\"query-input\":{\"@type\":\"PropertyValueSpecification\",\"valueRequired\":true,\"valueName\":\"search_term_string\"}}],\"inLanguage\":\"pt-PT\"},{\"@type\":\"Organization\",\"@id\":\"https:\\\/\\\/u-intosai.org\\\/pt-pt\\\/#organization\",\"name\":\"U-INTOSAI \u2014 University of INTOSAI\",\"url\":\"https:\\\/\\\/u-intosai.org\\\/pt-pt\\\/\",\"logo\":{\"@type\":\"ImageObject\",\"inLanguage\":\"pt-PT\",\"@id\":\"https:\\\/\\\/u-intosai.org\\\/pt-pt\\\/#\\\/schema\\\/logo\\\/image\\\/\",\"url\":\"https:\\\/\\\/u-intosai.org\\\/wp-content\\\/uploads\\\/2021\\\/08\\\/miniu-intosai-logo.png\",\"contentUrl\":\"https:\\\/\\\/u-intosai.org\\\/wp-content\\\/uploads\\\/2021\\\/08\\\/miniu-intosai-logo.png\",\"width\":1000,\"height\":479,\"caption\":\"U-INTOSAI \u2014 University of INTOSAI\"},\"image\":{\"@id\":\"https:\\\/\\\/u-intosai.org\\\/pt-pt\\\/#\\\/schema\\\/logo\\\/image\\\/\"},\"sameAs\":[\"https:\\\/\\\/x.com\\\/Incosai2019\",\"https:\\\/\\\/www.youtube.com\\\/channel\\\/UCjD--8sXtgxoPrxRQ_rz5GQ\"]}]}<\/script>\n<!-- \/ Yoast SEO plugin. -->","yoast_head_json":{"title":"Fundo Monet\u00e1rio Internacional (FMI) | U-INTOSAI","description":"Fundo Monet\u00e1rio Internacional (FMI)","robots":{"index":"index","follow":"follow","max-snippet":"max-snippet:-1","max-image-preview":"max-image-preview:large","max-video-preview":"max-video-preview:-1"},"canonical":"https:\/\/u-intosai.org\/pt-pt\/podcasts\/imf-podcast\/","og_locale":"pt_PT","og_type":"article","og_title":"Fundo Monet\u00e1rio Internacional (FMI) | U-INTOSAI","og_description":"Fundo Monet\u00e1rio Internacional (FMI)","og_url":"https:\/\/u-intosai.org\/pt-pt\/podcasts\/imf-podcast\/","og_site_name":"U-INTOSAI","article_modified_time":"2022-08-09T20:54:05+00:00","og_image":[{"width":1920,"height":1080,"url":"https:\/\/u-intosai.org\/wp-content\/uploads\/2022\/01\/video-poster-11920x1080-1.jpg","type":"image\/jpeg"}],"twitter_card":"summary_large_image","twitter_site":"@Incosai2019","schema":{"@context":"https:\/\/schema.org","@graph":[{"@type":"WebPage","@id":"https:\/\/u-intosai.org\/pt-pt\/podcasts\/imf-podcast\/","url":"https:\/\/u-intosai.org\/pt-pt\/podcasts\/imf-podcast\/","name":"Fundo Monet\u00e1rio Internacional (FMI) | U-INTOSAI","isPartOf":{"@id":"https:\/\/u-intosai.org\/pt-pt\/#website"},"datePublished":"2022-08-08T19:04:27+00:00","dateModified":"2022-08-09T20:54:05+00:00","description":"Fundo Monet\u00e1rio Internacional (FMI)","breadcrumb":{"@id":"https:\/\/u-intosai.org\/pt-pt\/podcasts\/imf-podcast\/#breadcrumb"},"inLanguage":"pt-PT","potentialAction":[{"@type":"ReadAction","target":["https:\/\/u-intosai.org\/pt-pt\/podcasts\/imf-podcast\/"]}]},{"@type":"BreadcrumbList","@id":"https:\/\/u-intosai.org\/pt-pt\/podcasts\/imf-podcast\/#breadcrumb","itemListElement":[{"@type":"ListItem","position":1,"name":"U-INTOSAI","item":"https:\/\/u-intosai.org\/pt-pt\/"},{"@type":"ListItem","position":2,"name":"Podcasts","item":"https:\/\/u-intosai.org\/pt-pt\/podcasts\/"},{"@type":"ListItem","position":3,"name":"Fundo Monet\u00e1rio Internacional (FMI)"}]},{"@type":"WebSite","@id":"https:\/\/u-intosai.org\/pt-pt\/#website","url":"https:\/\/u-intosai.org\/pt-pt\/","name":"U-INTOSAI","description":"U-INTOSAI is an open online educational platform for all INTOSAI members created as a unique space for exchanging experience and advanced knowledge.","publisher":{"@id":"https:\/\/u-intosai.org\/pt-pt\/#organization"},"potentialAction":[{"@type":"SearchAction","target":{"@type":"EntryPoint","urlTemplate":"https:\/\/u-intosai.org\/pt-pt\/?s={search_term_string}"},"query-input":{"@type":"PropertyValueSpecification","valueRequired":true,"valueName":"search_term_string"}}],"inLanguage":"pt-PT"},{"@type":"Organization","@id":"https:\/\/u-intosai.org\/pt-pt\/#organization","name":"U-INTOSAI \u2014 University of INTOSAI","url":"https:\/\/u-intosai.org\/pt-pt\/","logo":{"@type":"ImageObject","inLanguage":"pt-PT","@id":"https:\/\/u-intosai.org\/pt-pt\/#\/schema\/logo\/image\/","url":"https:\/\/u-intosai.org\/wp-content\/uploads\/2021\/08\/miniu-intosai-logo.png","contentUrl":"https:\/\/u-intosai.org\/wp-content\/uploads\/2021\/08\/miniu-intosai-logo.png","width":1000,"height":479,"caption":"U-INTOSAI \u2014 University of INTOSAI"},"image":{"@id":"https:\/\/u-intosai.org\/pt-pt\/#\/schema\/logo\/image\/"},"sameAs":["https:\/\/x.com\/Incosai2019","https:\/\/www.youtube.com\/channel\/UCjD--8sXtgxoPrxRQ_rz5GQ"]}]}},"_links":{"self":[{"href":"https:\/\/u-intosai.org\/pt-pt\/wp-json\/wp\/v2\/pages\/18568","targetHints":{"allow":["GET"]}}],"collection":[{"href":"https:\/\/u-intosai.org\/pt-pt\/wp-json\/wp\/v2\/pages"}],"about":[{"href":"https:\/\/u-intosai.org\/pt-pt\/wp-json\/wp\/v2\/types\/page"}],"author":[{"embeddable":true,"href":"https:\/\/u-intosai.org\/pt-pt\/wp-json\/wp\/v2\/users\/1"}],"replies":[{"embeddable":true,"href":"https:\/\/u-intosai.org\/pt-pt\/wp-json\/wp\/v2\/comments?post=18568"}],"version-history":[{"count":3,"href":"https:\/\/u-intosai.org\/pt-pt\/wp-json\/wp\/v2\/pages\/18568\/revisions"}],"predecessor-version":[{"id":18682,"href":"https:\/\/u-intosai.org\/pt-pt\/wp-json\/wp\/v2\/pages\/18568\/revisions\/18682"}],"up":[{"embeddable":true,"href":"https:\/\/u-intosai.org\/pt-pt\/wp-json\/wp\/v2\/pages\/9773"}],"wp:attachment":[{"href":"https:\/\/u-intosai.org\/pt-pt\/wp-json\/wp\/v2\/media?parent=18568"}],"curies":[{"name":"wp","href":"https:\/\/api.w.org\/{rel}","templated":true}]}}