{"id":18588,"date":"2022-08-08T21:58:57","date_gmt":"2022-08-08T18:58:57","guid":{"rendered":"https:\/\/u-intosai.org\/podcasts\/tell-me-how-the-infrastructure-podcast-series-world-bank\/"},"modified":"2022-08-11T00:44:39","modified_gmt":"2022-08-10T21:44:39","slug":"tell-me-how-the-infrastructure-podcast-series-world-bank","status":"publish","type":"page","link":"https:\/\/u-intosai.org\/pt-pt\/podcasts\/tell-me-how-the-infrastructure-podcast-series-world-bank\/","title":{"rendered":"Me diga como. Podcast de sustentabilidade do Banco Mundial"},"content":{"rendered":"<div class=\"wpb-content-wrapper\"><p>[vc_row][vc_column][vc_custom_heading text=&#8221;Me diga como. Podcast de sustentabilidade do Banco Mundial&#8221; font_container=&#8221;tag:h1|text_align:left&#8221; use_theme_fonts=&#8221;yes&#8221;][vc_column_text]<\/p>\n<p><a href=\"https:\/\/podcasts.apple.com\/podcast\/tell-me-how\/id1557023319\" target=\"_blank\" rel=\"noopener\">Me diga como. Podcast de sustentabilidade do Banco Mundial<\/a><\/p>\n<p>O programa do autor do especialista do Banco Mundial Rumin Islam. Como parte do podcast, os convidados compartilham suas opini\u00f5es sobre melhoria sustent\u00e1vel nos padr\u00f5es de vida, intera\u00e7\u00f5es tecnologia-pol\u00edticas e muito mais.<\/p>\n<p>Idioma &#8211; Ingl\u00eas<\/p>\n<p>[\/vc_column_text][vc_raw_html]JTNDaWZyYW1lJTIwYWxsb3clM0QlMjJhdXRvcGxheSUyMCUyQSUzQiUyMGVuY3J5cHRlZC1tZWRpYSUyMCUyQSUzQiUyMGZ1bGxzY3JlZW4lMjAlMkElM0IlMjBjbGlwYm9hcmQtd3JpdGUlMjIlMjBmcmFtZWJvcmRlciUzRCUyMjAlMjIlMjBoZWlnaHQlM0QlMjI0NTAlMjIlMjBzdHlsZSUzRCUyMndpZHRoJTNBMTAwJTI1JTNCbWF4LXdpZHRoJTNBNjYwcHglM0JvdmVyZmxvdyUzQWhpZGRlbiUzQmJhY2tncm91bmQlM0F0cmFuc3BhcmVudCUzQiUyMiUyMHNhbmRib3glM0QlMjJhbGxvdy1mb3JtcyUyMGFsbG93LXBvcHVwcyUyMGFsbG93LXNhbWUtb3JpZ2luJTIwYWxsb3ctc2NyaXB0cyUyMGFsbG93LXN0b3JhZ2UtYWNjZXNzLWJ5LXVzZXItYWN0aXZhdGlvbiUyMGFsbG93LXRvcC1uYXZpZ2F0aW9uLWJ5LXVzZXItYWN0aXZhdGlvbiUyMiUyMHNyYyUzRCUyMmh0dHBzJTNBJTJGJTJGZW1iZWQucG9kY2FzdHMuYXBwbGUuY29tJTJGdXMlMkZwb2RjYXN0JTJGdGVsbC1tZS1ob3clMkZpZDE1NTcwMjMzMTklMjIlM0UlM0MlMkZpZnJhbWUlM0U=[\/vc_raw_html][\/vc_column][\/vc_row]<\/p>\n<\/div>","protected":false},"excerpt":{"rendered":"<p>[vc_row][vc_column][vc_custom_heading text=&#8221;Me diga como. Podcast de sustentabilidade do Banco Mundial&#8221; font_container=&#8221;tag:h1|text_align:left&#8221; use_theme_fonts=&#8221;yes&#8221;][vc_column_text] Me diga como. Podcast de sustentabilidade do Banco Mundial O programa do autor do especialista do Banco Mundial Rumin Islam. Como parte do podcast, os convidados compartilham suas opini\u00f5es sobre melhoria sustent\u00e1vel nos padr\u00f5es de vida, intera\u00e7\u00f5es tecnologia-pol\u00edticas e muito mais. Idioma &#8211; [&hellip;]<\/p>\n","protected":false},"author":1,"featured_media":0,"parent":9773,"menu_order":0,"comment_status":"closed","ping_status":"closed","template":"","meta":{"_acf_changed":false,"pmpro_default_level":"","footnotes":""},"class_list":["post-18588","page","type-page","status-publish","hentry","pmpro-has-access"],"acf":[],"yoast_head":"<!-- This site is optimized with the Yoast SEO plugin v27.3 - https:\/\/yoast.com\/product\/yoast-seo-wordpress\/ -->\n<title>Me diga como. Podcast de sustentabilidade do Banco Mundial | U-INTOSAI<\/title>\n<meta name=\"description\" content=\"Me diga como. Podcast de sustentabilidade do Banco Mundial\" \/>\n<meta name=\"robots\" content=\"index, follow, max-snippet:-1, max-image-preview:large, max-video-preview:-1\" \/>\n<link rel=\"canonical\" href=\"https:\/\/u-intosai.org\/pt-pt\/podcasts\/tell-me-how-the-infrastructure-podcast-series-world-bank\/\" \/>\n<meta property=\"og:locale\" content=\"pt_PT\" \/>\n<meta property=\"og:type\" content=\"article\" \/>\n<meta property=\"og:title\" content=\"Me diga como. Podcast de sustentabilidade do Banco Mundial | U-INTOSAI\" \/>\n<meta property=\"og:description\" content=\"Me diga como. Podcast de sustentabilidade do Banco Mundial\" \/>\n<meta property=\"og:url\" content=\"https:\/\/u-intosai.org\/pt-pt\/podcasts\/tell-me-how-the-infrastructure-podcast-series-world-bank\/\" \/>\n<meta property=\"og:site_name\" content=\"U-INTOSAI\" \/>\n<meta property=\"article:modified_time\" content=\"2022-08-10T21:44:39+00:00\" \/>\n<meta property=\"og:image\" content=\"https:\/\/u-intosai.org\/wp-content\/uploads\/2022\/01\/video-poster-11920x1080-1.jpg\" \/>\n\t<meta property=\"og:image:width\" content=\"1920\" \/>\n\t<meta property=\"og:image:height\" content=\"1080\" \/>\n\t<meta property=\"og:image:type\" content=\"image\/jpeg\" \/>\n<meta name=\"twitter:card\" content=\"summary_large_image\" \/>\n<meta name=\"twitter:site\" content=\"@Incosai2019\" \/>\n<meta name=\"twitter:label1\" content=\"Tempo estimado de leitura\" \/>\n\t<meta name=\"twitter:data1\" content=\"1 minuto\" \/>\n<script type=\"application\/ld+json\" class=\"yoast-schema-graph\">{\"@context\":\"https:\\\/\\\/schema.org\",\"@graph\":[{\"@type\":\"WebPage\",\"@id\":\"https:\\\/\\\/u-intosai.org\\\/pt-pt\\\/podcasts\\\/tell-me-how-the-infrastructure-podcast-series-world-bank\\\/\",\"url\":\"https:\\\/\\\/u-intosai.org\\\/pt-pt\\\/podcasts\\\/tell-me-how-the-infrastructure-podcast-series-world-bank\\\/\",\"name\":\"Me diga como. Podcast de sustentabilidade do Banco Mundial | U-INTOSAI\",\"isPartOf\":{\"@id\":\"https:\\\/\\\/u-intosai.org\\\/pt-pt\\\/#website\"},\"datePublished\":\"2022-08-08T18:58:57+00:00\",\"dateModified\":\"2022-08-10T21:44:39+00:00\",\"description\":\"Me diga como. Podcast de sustentabilidade do Banco Mundial\",\"breadcrumb\":{\"@id\":\"https:\\\/\\\/u-intosai.org\\\/pt-pt\\\/podcasts\\\/tell-me-how-the-infrastructure-podcast-series-world-bank\\\/#breadcrumb\"},\"inLanguage\":\"pt-PT\",\"potentialAction\":[{\"@type\":\"ReadAction\",\"target\":[\"https:\\\/\\\/u-intosai.org\\\/pt-pt\\\/podcasts\\\/tell-me-how-the-infrastructure-podcast-series-world-bank\\\/\"]}]},{\"@type\":\"BreadcrumbList\",\"@id\":\"https:\\\/\\\/u-intosai.org\\\/pt-pt\\\/podcasts\\\/tell-me-how-the-infrastructure-podcast-series-world-bank\\\/#breadcrumb\",\"itemListElement\":[{\"@type\":\"ListItem\",\"position\":1,\"name\":\"U-INTOSAI\",\"item\":\"https:\\\/\\\/u-intosai.org\\\/pt-pt\\\/\"},{\"@type\":\"ListItem\",\"position\":2,\"name\":\"Podcasts\",\"item\":\"https:\\\/\\\/u-intosai.org\\\/pt-pt\\\/podcasts\\\/\"},{\"@type\":\"ListItem\",\"position\":3,\"name\":\"Me diga como. Podcast de sustentabilidade do Banco Mundial\"}]},{\"@type\":\"WebSite\",\"@id\":\"https:\\\/\\\/u-intosai.org\\\/pt-pt\\\/#website\",\"url\":\"https:\\\/\\\/u-intosai.org\\\/pt-pt\\\/\",\"name\":\"U-INTOSAI\",\"description\":\"U-INTOSAI is an open online educational platform for all INTOSAI members created as a unique space for exchanging experience and advanced knowledge.\",\"publisher\":{\"@id\":\"https:\\\/\\\/u-intosai.org\\\/pt-pt\\\/#organization\"},\"potentialAction\":[{\"@type\":\"SearchAction\",\"target\":{\"@type\":\"EntryPoint\",\"urlTemplate\":\"https:\\\/\\\/u-intosai.org\\\/pt-pt\\\/?s={search_term_string}\"},\"query-input\":{\"@type\":\"PropertyValueSpecification\",\"valueRequired\":true,\"valueName\":\"search_term_string\"}}],\"inLanguage\":\"pt-PT\"},{\"@type\":\"Organization\",\"@id\":\"https:\\\/\\\/u-intosai.org\\\/pt-pt\\\/#organization\",\"name\":\"U-INTOSAI \u2014 University of INTOSAI\",\"url\":\"https:\\\/\\\/u-intosai.org\\\/pt-pt\\\/\",\"logo\":{\"@type\":\"ImageObject\",\"inLanguage\":\"pt-PT\",\"@id\":\"https:\\\/\\\/u-intosai.org\\\/pt-pt\\\/#\\\/schema\\\/logo\\\/image\\\/\",\"url\":\"https:\\\/\\\/u-intosai.org\\\/wp-content\\\/uploads\\\/2021\\\/08\\\/miniu-intosai-logo.png\",\"contentUrl\":\"https:\\\/\\\/u-intosai.org\\\/wp-content\\\/uploads\\\/2021\\\/08\\\/miniu-intosai-logo.png\",\"width\":1000,\"height\":479,\"caption\":\"U-INTOSAI \u2014 University of INTOSAI\"},\"image\":{\"@id\":\"https:\\\/\\\/u-intosai.org\\\/pt-pt\\\/#\\\/schema\\\/logo\\\/image\\\/\"},\"sameAs\":[\"https:\\\/\\\/x.com\\\/Incosai2019\",\"https:\\\/\\\/www.youtube.com\\\/channel\\\/UCjD--8sXtgxoPrxRQ_rz5GQ\"]}]}<\/script>\n<!-- \/ Yoast SEO plugin. -->","yoast_head_json":{"title":"Me diga como. Podcast de sustentabilidade do Banco Mundial | U-INTOSAI","description":"Me diga como. Podcast de sustentabilidade do Banco Mundial","robots":{"index":"index","follow":"follow","max-snippet":"max-snippet:-1","max-image-preview":"max-image-preview:large","max-video-preview":"max-video-preview:-1"},"canonical":"https:\/\/u-intosai.org\/pt-pt\/podcasts\/tell-me-how-the-infrastructure-podcast-series-world-bank\/","og_locale":"pt_PT","og_type":"article","og_title":"Me diga como. Podcast de sustentabilidade do Banco Mundial | U-INTOSAI","og_description":"Me diga como. Podcast de sustentabilidade do Banco Mundial","og_url":"https:\/\/u-intosai.org\/pt-pt\/podcasts\/tell-me-how-the-infrastructure-podcast-series-world-bank\/","og_site_name":"U-INTOSAI","article_modified_time":"2022-08-10T21:44:39+00:00","og_image":[{"width":1920,"height":1080,"url":"https:\/\/u-intosai.org\/wp-content\/uploads\/2022\/01\/video-poster-11920x1080-1.jpg","type":"image\/jpeg"}],"twitter_card":"summary_large_image","twitter_site":"@Incosai2019","twitter_misc":{"Tempo estimado de leitura":"1 minuto"},"schema":{"@context":"https:\/\/schema.org","@graph":[{"@type":"WebPage","@id":"https:\/\/u-intosai.org\/pt-pt\/podcasts\/tell-me-how-the-infrastructure-podcast-series-world-bank\/","url":"https:\/\/u-intosai.org\/pt-pt\/podcasts\/tell-me-how-the-infrastructure-podcast-series-world-bank\/","name":"Me diga como. Podcast de sustentabilidade do Banco Mundial | U-INTOSAI","isPartOf":{"@id":"https:\/\/u-intosai.org\/pt-pt\/#website"},"datePublished":"2022-08-08T18:58:57+00:00","dateModified":"2022-08-10T21:44:39+00:00","description":"Me diga como. Podcast de sustentabilidade do Banco Mundial","breadcrumb":{"@id":"https:\/\/u-intosai.org\/pt-pt\/podcasts\/tell-me-how-the-infrastructure-podcast-series-world-bank\/#breadcrumb"},"inLanguage":"pt-PT","potentialAction":[{"@type":"ReadAction","target":["https:\/\/u-intosai.org\/pt-pt\/podcasts\/tell-me-how-the-infrastructure-podcast-series-world-bank\/"]}]},{"@type":"BreadcrumbList","@id":"https:\/\/u-intosai.org\/pt-pt\/podcasts\/tell-me-how-the-infrastructure-podcast-series-world-bank\/#breadcrumb","itemListElement":[{"@type":"ListItem","position":1,"name":"U-INTOSAI","item":"https:\/\/u-intosai.org\/pt-pt\/"},{"@type":"ListItem","position":2,"name":"Podcasts","item":"https:\/\/u-intosai.org\/pt-pt\/podcasts\/"},{"@type":"ListItem","position":3,"name":"Me diga como. Podcast de sustentabilidade do Banco Mundial"}]},{"@type":"WebSite","@id":"https:\/\/u-intosai.org\/pt-pt\/#website","url":"https:\/\/u-intosai.org\/pt-pt\/","name":"U-INTOSAI","description":"U-INTOSAI is an open online educational platform for all INTOSAI members created as a unique space for exchanging experience and advanced knowledge.","publisher":{"@id":"https:\/\/u-intosai.org\/pt-pt\/#organization"},"potentialAction":[{"@type":"SearchAction","target":{"@type":"EntryPoint","urlTemplate":"https:\/\/u-intosai.org\/pt-pt\/?s={search_term_string}"},"query-input":{"@type":"PropertyValueSpecification","valueRequired":true,"valueName":"search_term_string"}}],"inLanguage":"pt-PT"},{"@type":"Organization","@id":"https:\/\/u-intosai.org\/pt-pt\/#organization","name":"U-INTOSAI \u2014 University of INTOSAI","url":"https:\/\/u-intosai.org\/pt-pt\/","logo":{"@type":"ImageObject","inLanguage":"pt-PT","@id":"https:\/\/u-intosai.org\/pt-pt\/#\/schema\/logo\/image\/","url":"https:\/\/u-intosai.org\/wp-content\/uploads\/2021\/08\/miniu-intosai-logo.png","contentUrl":"https:\/\/u-intosai.org\/wp-content\/uploads\/2021\/08\/miniu-intosai-logo.png","width":1000,"height":479,"caption":"U-INTOSAI \u2014 University of INTOSAI"},"image":{"@id":"https:\/\/u-intosai.org\/pt-pt\/#\/schema\/logo\/image\/"},"sameAs":["https:\/\/x.com\/Incosai2019","https:\/\/www.youtube.com\/channel\/UCjD--8sXtgxoPrxRQ_rz5GQ"]}]}},"_links":{"self":[{"href":"https:\/\/u-intosai.org\/pt-pt\/wp-json\/wp\/v2\/pages\/18588","targetHints":{"allow":["GET"]}}],"collection":[{"href":"https:\/\/u-intosai.org\/pt-pt\/wp-json\/wp\/v2\/pages"}],"about":[{"href":"https:\/\/u-intosai.org\/pt-pt\/wp-json\/wp\/v2\/types\/page"}],"author":[{"embeddable":true,"href":"https:\/\/u-intosai.org\/pt-pt\/wp-json\/wp\/v2\/users\/1"}],"replies":[{"embeddable":true,"href":"https:\/\/u-intosai.org\/pt-pt\/wp-json\/wp\/v2\/comments?post=18588"}],"version-history":[{"count":4,"href":"https:\/\/u-intosai.org\/pt-pt\/wp-json\/wp\/v2\/pages\/18588\/revisions"}],"predecessor-version":[{"id":18826,"href":"https:\/\/u-intosai.org\/pt-pt\/wp-json\/wp\/v2\/pages\/18588\/revisions\/18826"}],"up":[{"embeddable":true,"href":"https:\/\/u-intosai.org\/pt-pt\/wp-json\/wp\/v2\/pages\/9773"}],"wp:attachment":[{"href":"https:\/\/u-intosai.org\/pt-pt\/wp-json\/wp\/v2\/media?parent=18588"}],"curies":[{"name":"wp","href":"https:\/\/api.w.org\/{rel}","templated":true}]}}