{"id":44645,"date":"2015-07-29T12:12:30","date_gmt":"2015-07-29T09:12:30","guid":{"rendered":"https:\/\/u-intosai.org\/podcasts\/the-mckinsey-podcast\/"},"modified":"2024-08-26T18:33:55","modified_gmt":"2024-08-26T15:33:55","slug":"the-mckinsey-podcast","status":"publish","type":"page","link":"https:\/\/u-intosai.org\/pt-pt\/podcasts\/the-mckinsey-podcast\/","title":{"rendered":"Podcast McKinsey"},"content":{"rendered":"<div class=\"wpb-content-wrapper\"><p>[vc_row][vc_column][vc_custom_heading text=&#8221;Podcast McKinsey&#8221; font_container=&#8221;tag:h1|text_align:left&#8221; use_theme_fonts=&#8221;yes&#8221; css=&#8221;&#8221;][vc_column_text css=&#8221;&#8221;]<\/p>\n<p>No \u00e2mbito dos podcasts, a empresa de consultoria McKinsey &amp; Company analisa quest\u00f5es como a tecnologia, a lideran\u00e7a, o marketing, a organiza\u00e7\u00e3o e o papel das empresas na sociedade.<\/p>\n<p><strong>L\u00edngua<\/strong> &#8211; Ingl\u00eas<\/p>\n<p><a href=\"https:\/\/omny.fm\/shows\/the-mckinsey-podcast\"><strong>Link para o podcast<\/strong><\/a><\/p>\n<p>[\/vc_column_text][vc_column_text css=&#8221;&#8221;]<iframe style=\"width: 100%; max-width: 660px; overflow: hidden; border-radius: 10px;\" src=\"https:\/\/embed.podcasts.apple.com\/us\/podcast\/the-mckinsey-podcast\/id285260960\" height=\"450\" frameborder=\"0\" sandbox=\"allow-forms allow-popups allow-same-origin allow-scripts allow-storage-access-by-user-activation allow-top-navigation-by-user-activation\"><\/iframe>[\/vc_column_text][\/vc_column][\/vc_row]<\/p>\n<\/div>","protected":false},"excerpt":{"rendered":"<p>[vc_row][vc_column][vc_custom_heading text=&#8221;Podcast McKinsey&#8221; font_container=&#8221;tag:h1|text_align:left&#8221; use_theme_fonts=&#8221;yes&#8221; css=&#8221;&#8221;][vc_column_text css=&#8221;&#8221;] No \u00e2mbito dos podcasts, a empresa de consultoria McKinsey &amp; Company analisa quest\u00f5es como a tecnologia, a lideran\u00e7a, o marketing, a organiza\u00e7\u00e3o e o papel das empresas na sociedade. L\u00edngua &#8211; Ingl\u00eas Link para o podcast [\/vc_column_text][vc_column_text css=&#8221;&#8221;][\/vc_column_text][\/vc_column][\/vc_row]<\/p>\n","protected":false},"author":1,"featured_media":44474,"parent":9773,"menu_order":0,"comment_status":"closed","ping_status":"closed","template":"","meta":{"_acf_changed":false,"pmpro_default_level":"","footnotes":""},"class_list":["post-44645","page","type-page","status-publish","has-post-thumbnail","hentry","pmpro-has-access"],"acf":[],"yoast_head":"<!-- This site is optimized with the Yoast SEO plugin v27.4 - https:\/\/yoast.com\/product\/yoast-seo-wordpress\/ -->\n<title>Podcast McKinsey | U-INTOSAI<\/title>\n<meta name=\"description\" content=\"Podcast McKinsey\" \/>\n<meta name=\"robots\" content=\"index, follow, max-snippet:-1, max-image-preview:large, max-video-preview:-1\" \/>\n<link rel=\"canonical\" href=\"https:\/\/u-intosai.org\/pt-pt\/podcasts\/the-mckinsey-podcast\/\" \/>\n<meta property=\"og:locale\" content=\"pt_PT\" \/>\n<meta property=\"og:type\" content=\"article\" \/>\n<meta property=\"og:title\" content=\"Podcast McKinsey | U-INTOSAI\" \/>\n<meta property=\"og:description\" content=\"Podcast McKinsey\" \/>\n<meta property=\"og:url\" content=\"https:\/\/u-intosai.org\/pt-pt\/podcasts\/the-mckinsey-podcast\/\" \/>\n<meta property=\"og:site_name\" content=\"U-INTOSAI\" \/>\n<meta property=\"article:modified_time\" content=\"2024-08-26T15:33:55+00:00\" \/>\n<meta property=\"og:image\" content=\"https:\/\/u-intosai.org\/wp-content\/uploads\/2024\/07\/172659126598618265982615.jpg\" \/>\n\t<meta property=\"og:image:width\" content=\"256\" \/>\n\t<meta property=\"og:image:height\" content=\"256\" \/>\n\t<meta property=\"og:image:type\" content=\"image\/jpeg\" \/>\n<meta name=\"twitter:card\" content=\"summary_large_image\" \/>\n<meta name=\"twitter:site\" content=\"@Incosai2019\" \/>\n<script type=\"application\/ld+json\" class=\"yoast-schema-graph\">{\"@context\":\"https:\\\/\\\/schema.org\",\"@graph\":[{\"@type\":\"WebPage\",\"@id\":\"https:\\\/\\\/u-intosai.org\\\/pt-pt\\\/podcasts\\\/the-mckinsey-podcast\\\/\",\"url\":\"https:\\\/\\\/u-intosai.org\\\/pt-pt\\\/podcasts\\\/the-mckinsey-podcast\\\/\",\"name\":\"Podcast McKinsey | U-INTOSAI\",\"isPartOf\":{\"@id\":\"https:\\\/\\\/u-intosai.org\\\/pt-pt\\\/#website\"},\"primaryImageOfPage\":{\"@id\":\"https:\\\/\\\/u-intosai.org\\\/pt-pt\\\/podcasts\\\/the-mckinsey-podcast\\\/#primaryimage\"},\"image\":{\"@id\":\"https:\\\/\\\/u-intosai.org\\\/pt-pt\\\/podcasts\\\/the-mckinsey-podcast\\\/#primaryimage\"},\"thumbnailUrl\":\"https:\\\/\\\/u-intosai.org\\\/wp-content\\\/uploads\\\/2024\\\/07\\\/172659126598618265982615.jpg\",\"datePublished\":\"2015-07-29T09:12:30+00:00\",\"dateModified\":\"2024-08-26T15:33:55+00:00\",\"description\":\"Podcast McKinsey\",\"breadcrumb\":{\"@id\":\"https:\\\/\\\/u-intosai.org\\\/pt-pt\\\/podcasts\\\/the-mckinsey-podcast\\\/#breadcrumb\"},\"inLanguage\":\"pt-PT\",\"potentialAction\":[{\"@type\":\"ReadAction\",\"target\":[\"https:\\\/\\\/u-intosai.org\\\/pt-pt\\\/podcasts\\\/the-mckinsey-podcast\\\/\"]}]},{\"@type\":\"ImageObject\",\"inLanguage\":\"pt-PT\",\"@id\":\"https:\\\/\\\/u-intosai.org\\\/pt-pt\\\/podcasts\\\/the-mckinsey-podcast\\\/#primaryimage\",\"url\":\"https:\\\/\\\/u-intosai.org\\\/wp-content\\\/uploads\\\/2024\\\/07\\\/172659126598618265982615.jpg\",\"contentUrl\":\"https:\\\/\\\/u-intosai.org\\\/wp-content\\\/uploads\\\/2024\\\/07\\\/172659126598618265982615.jpg\",\"width\":256,\"height\":256},{\"@type\":\"BreadcrumbList\",\"@id\":\"https:\\\/\\\/u-intosai.org\\\/pt-pt\\\/podcasts\\\/the-mckinsey-podcast\\\/#breadcrumb\",\"itemListElement\":[{\"@type\":\"ListItem\",\"position\":1,\"name\":\"U-INTOSAI\",\"item\":\"https:\\\/\\\/u-intosai.org\\\/pt-pt\\\/\"},{\"@type\":\"ListItem\",\"position\":2,\"name\":\"Podcasts\",\"item\":\"https:\\\/\\\/u-intosai.org\\\/pt-pt\\\/podcasts\\\/\"},{\"@type\":\"ListItem\",\"position\":3,\"name\":\"Podcast McKinsey\"}]},{\"@type\":\"WebSite\",\"@id\":\"https:\\\/\\\/u-intosai.org\\\/pt-pt\\\/#website\",\"url\":\"https:\\\/\\\/u-intosai.org\\\/pt-pt\\\/\",\"name\":\"U-INTOSAI\",\"description\":\"U-INTOSAI is an open online educational platform for all INTOSAI members created as a unique space for exchanging experience and advanced knowledge.\",\"publisher\":{\"@id\":\"https:\\\/\\\/u-intosai.org\\\/pt-pt\\\/#organization\"},\"potentialAction\":[{\"@type\":\"SearchAction\",\"target\":{\"@type\":\"EntryPoint\",\"urlTemplate\":\"https:\\\/\\\/u-intosai.org\\\/pt-pt\\\/?s={search_term_string}\"},\"query-input\":{\"@type\":\"PropertyValueSpecification\",\"valueRequired\":true,\"valueName\":\"search_term_string\"}}],\"inLanguage\":\"pt-PT\"},{\"@type\":\"Organization\",\"@id\":\"https:\\\/\\\/u-intosai.org\\\/pt-pt\\\/#organization\",\"name\":\"U-INTOSAI \u2014 University of INTOSAI\",\"url\":\"https:\\\/\\\/u-intosai.org\\\/pt-pt\\\/\",\"logo\":{\"@type\":\"ImageObject\",\"inLanguage\":\"pt-PT\",\"@id\":\"https:\\\/\\\/u-intosai.org\\\/pt-pt\\\/#\\\/schema\\\/logo\\\/image\\\/\",\"url\":\"https:\\\/\\\/u-intosai.org\\\/wp-content\\\/uploads\\\/2021\\\/08\\\/miniu-intosai-logo.png\",\"contentUrl\":\"https:\\\/\\\/u-intosai.org\\\/wp-content\\\/uploads\\\/2021\\\/08\\\/miniu-intosai-logo.png\",\"width\":1000,\"height\":479,\"caption\":\"U-INTOSAI \u2014 University of INTOSAI\"},\"image\":{\"@id\":\"https:\\\/\\\/u-intosai.org\\\/pt-pt\\\/#\\\/schema\\\/logo\\\/image\\\/\"},\"sameAs\":[\"https:\\\/\\\/x.com\\\/Incosai2019\",\"https:\\\/\\\/www.youtube.com\\\/channel\\\/UCjD--8sXtgxoPrxRQ_rz5GQ\"]}]}<\/script>\n<!-- \/ Yoast SEO plugin. -->","yoast_head_json":{"title":"Podcast McKinsey | U-INTOSAI","description":"Podcast McKinsey","robots":{"index":"index","follow":"follow","max-snippet":"max-snippet:-1","max-image-preview":"max-image-preview:large","max-video-preview":"max-video-preview:-1"},"canonical":"https:\/\/u-intosai.org\/pt-pt\/podcasts\/the-mckinsey-podcast\/","og_locale":"pt_PT","og_type":"article","og_title":"Podcast McKinsey | U-INTOSAI","og_description":"Podcast McKinsey","og_url":"https:\/\/u-intosai.org\/pt-pt\/podcasts\/the-mckinsey-podcast\/","og_site_name":"U-INTOSAI","article_modified_time":"2024-08-26T15:33:55+00:00","og_image":[{"width":256,"height":256,"url":"https:\/\/u-intosai.org\/wp-content\/uploads\/2024\/07\/172659126598618265982615.jpg","type":"image\/jpeg"}],"twitter_card":"summary_large_image","twitter_site":"@Incosai2019","schema":{"@context":"https:\/\/schema.org","@graph":[{"@type":"WebPage","@id":"https:\/\/u-intosai.org\/pt-pt\/podcasts\/the-mckinsey-podcast\/","url":"https:\/\/u-intosai.org\/pt-pt\/podcasts\/the-mckinsey-podcast\/","name":"Podcast McKinsey | U-INTOSAI","isPartOf":{"@id":"https:\/\/u-intosai.org\/pt-pt\/#website"},"primaryImageOfPage":{"@id":"https:\/\/u-intosai.org\/pt-pt\/podcasts\/the-mckinsey-podcast\/#primaryimage"},"image":{"@id":"https:\/\/u-intosai.org\/pt-pt\/podcasts\/the-mckinsey-podcast\/#primaryimage"},"thumbnailUrl":"https:\/\/u-intosai.org\/wp-content\/uploads\/2024\/07\/172659126598618265982615.jpg","datePublished":"2015-07-29T09:12:30+00:00","dateModified":"2024-08-26T15:33:55+00:00","description":"Podcast McKinsey","breadcrumb":{"@id":"https:\/\/u-intosai.org\/pt-pt\/podcasts\/the-mckinsey-podcast\/#breadcrumb"},"inLanguage":"pt-PT","potentialAction":[{"@type":"ReadAction","target":["https:\/\/u-intosai.org\/pt-pt\/podcasts\/the-mckinsey-podcast\/"]}]},{"@type":"ImageObject","inLanguage":"pt-PT","@id":"https:\/\/u-intosai.org\/pt-pt\/podcasts\/the-mckinsey-podcast\/#primaryimage","url":"https:\/\/u-intosai.org\/wp-content\/uploads\/2024\/07\/172659126598618265982615.jpg","contentUrl":"https:\/\/u-intosai.org\/wp-content\/uploads\/2024\/07\/172659126598618265982615.jpg","width":256,"height":256},{"@type":"BreadcrumbList","@id":"https:\/\/u-intosai.org\/pt-pt\/podcasts\/the-mckinsey-podcast\/#breadcrumb","itemListElement":[{"@type":"ListItem","position":1,"name":"U-INTOSAI","item":"https:\/\/u-intosai.org\/pt-pt\/"},{"@type":"ListItem","position":2,"name":"Podcasts","item":"https:\/\/u-intosai.org\/pt-pt\/podcasts\/"},{"@type":"ListItem","position":3,"name":"Podcast McKinsey"}]},{"@type":"WebSite","@id":"https:\/\/u-intosai.org\/pt-pt\/#website","url":"https:\/\/u-intosai.org\/pt-pt\/","name":"U-INTOSAI","description":"U-INTOSAI is an open online educational platform for all INTOSAI members created as a unique space for exchanging experience and advanced knowledge.","publisher":{"@id":"https:\/\/u-intosai.org\/pt-pt\/#organization"},"potentialAction":[{"@type":"SearchAction","target":{"@type":"EntryPoint","urlTemplate":"https:\/\/u-intosai.org\/pt-pt\/?s={search_term_string}"},"query-input":{"@type":"PropertyValueSpecification","valueRequired":true,"valueName":"search_term_string"}}],"inLanguage":"pt-PT"},{"@type":"Organization","@id":"https:\/\/u-intosai.org\/pt-pt\/#organization","name":"U-INTOSAI \u2014 University of INTOSAI","url":"https:\/\/u-intosai.org\/pt-pt\/","logo":{"@type":"ImageObject","inLanguage":"pt-PT","@id":"https:\/\/u-intosai.org\/pt-pt\/#\/schema\/logo\/image\/","url":"https:\/\/u-intosai.org\/wp-content\/uploads\/2021\/08\/miniu-intosai-logo.png","contentUrl":"https:\/\/u-intosai.org\/wp-content\/uploads\/2021\/08\/miniu-intosai-logo.png","width":1000,"height":479,"caption":"U-INTOSAI \u2014 University of INTOSAI"},"image":{"@id":"https:\/\/u-intosai.org\/pt-pt\/#\/schema\/logo\/image\/"},"sameAs":["https:\/\/x.com\/Incosai2019","https:\/\/www.youtube.com\/channel\/UCjD--8sXtgxoPrxRQ_rz5GQ"]}]}},"_links":{"self":[{"href":"https:\/\/u-intosai.org\/pt-pt\/wp-json\/wp\/v2\/pages\/44645","targetHints":{"allow":["GET"]}}],"collection":[{"href":"https:\/\/u-intosai.org\/pt-pt\/wp-json\/wp\/v2\/pages"}],"about":[{"href":"https:\/\/u-intosai.org\/pt-pt\/wp-json\/wp\/v2\/types\/page"}],"author":[{"embeddable":true,"href":"https:\/\/u-intosai.org\/pt-pt\/wp-json\/wp\/v2\/users\/1"}],"replies":[{"embeddable":true,"href":"https:\/\/u-intosai.org\/pt-pt\/wp-json\/wp\/v2\/comments?post=44645"}],"version-history":[{"count":2,"href":"https:\/\/u-intosai.org\/pt-pt\/wp-json\/wp\/v2\/pages\/44645\/revisions"}],"predecessor-version":[{"id":44654,"href":"https:\/\/u-intosai.org\/pt-pt\/wp-json\/wp\/v2\/pages\/44645\/revisions\/44654"}],"up":[{"embeddable":true,"href":"https:\/\/u-intosai.org\/pt-pt\/wp-json\/wp\/v2\/pages\/9773"}],"wp:featuredmedia":[{"embeddable":true,"href":"https:\/\/u-intosai.org\/pt-pt\/wp-json\/wp\/v2\/media\/44474"}],"wp:attachment":[{"href":"https:\/\/u-intosai.org\/pt-pt\/wp-json\/wp\/v2\/media?parent=44645"}],"curies":[{"name":"wp","href":"https:\/\/api.w.org\/{rel}","templated":true}]}}