{"id":44797,"date":"2015-07-29T14:14:46","date_gmt":"2015-07-29T11:14:46","guid":{"rendered":"https:\/\/u-intosai.org\/podcasts\/climate-vision-2050-bcg-podcast\/"},"modified":"2024-08-26T23:45:25","modified_gmt":"2024-08-26T20:45:25","slug":"climate-vision-2050-bcg-podcast","status":"publish","type":"page","link":"https:\/\/u-intosai.org\/pt-pt\/podcasts\/climate-vision-2050-bcg-podcast\/","title":{"rendered":"Vis\u00e3o clim\u00e1tica 2050. Podcast BCG"},"content":{"rendered":"<div class=\"wpb-content-wrapper\"><p>[vc_row][vc_column][vc_custom_heading text=&#8221;Vis\u00e3o clim\u00e1tica 2050. Podcast BCG&#8221; font_container=&#8221;tag:h1|text_align:left&#8221; use_theme_fonts=&#8221;yes&#8221; css=&#8221;&#8221;][vc_column_text css=&#8221;&#8221;]<\/p>\n<p>Na s\u00e9rie de podcasts &#8220;Vis\u00e3o clim\u00e1tica 2050&#8221;, a empresa americana de consultoria global Boston Consulting Group (BCG) convida os ouvintes a avan\u00e7arem d\u00e9cadas e a mergulharem no ano 2050, quando o mundo tiver reduzido drasticamente as emiss\u00f5es de carbono e se tiver salvado da cat\u00e1strofe das<a href=\"https:\/\/www.bcg.com\/capabilities\/climate-change-sustainability\/overview\"> altera\u00e7\u00f5es clim\u00e1ticas<\/a>. O que \u00e9 que as cidades t\u00eam feito para lidar com o enorme crescimento demogr\u00e1fico? Como \u00e9 que as empresas criaram cadeias de abastecimento sustent\u00e1veis? Como \u00e9 que a agricultura mudou? E como ser\u00e1 o mundo para todos n\u00f3s quando vivermos uma vida com emiss\u00f5es zero?<\/p>\n<p>&nbsp;<\/p>\n<p><strong>L\u00edngua<\/strong> &#8211; Ingl\u00eas<\/p>\n<p><a href=\"https:\/\/www.bcg.com\/capabilities\/climate-change-sustainability\/climate-vision-podcast\"><strong>Link para o podcast<\/strong><\/a><\/p>\n<p>[\/vc_column_text][vc_column_text css=&#8221;&#8221;]<iframe style=\"width: 100%; max-width: 660px; overflow: hidden; border-radius: 10px;\" src=\"https:\/\/embed.podcasts.apple.com\/us\/podcast\/climate-vision-2050\/id1651635757\" height=\"450\" frameborder=\"0\" sandbox=\"allow-forms allow-popups allow-same-origin allow-scripts allow-storage-access-by-user-activation allow-top-navigation-by-user-activation\"><\/iframe>[\/vc_column_text][\/vc_column][\/vc_row]<\/p>\n<\/div>","protected":false},"excerpt":{"rendered":"<p>[vc_row][vc_column][vc_custom_heading text=&#8221;Vis\u00e3o clim\u00e1tica 2050. Podcast BCG&#8221; font_container=&#8221;tag:h1|text_align:left&#8221; use_theme_fonts=&#8221;yes&#8221; css=&#8221;&#8221;][vc_column_text css=&#8221;&#8221;] Na s\u00e9rie de podcasts &#8220;Vis\u00e3o clim\u00e1tica 2050&#8221;, a empresa americana de consultoria global Boston Consulting Group (BCG) convida os ouvintes a avan\u00e7arem d\u00e9cadas e a mergulharem no ano 2050, quando o mundo tiver reduzido drasticamente as emiss\u00f5es de carbono e se tiver salvado da cat\u00e1strofe [&hellip;]<\/p>\n","protected":false},"author":1,"featured_media":44548,"parent":9773,"menu_order":0,"comment_status":"closed","ping_status":"closed","template":"","meta":{"_acf_changed":false,"pmpro_default_level":"","footnotes":""},"class_list":["post-44797","page","type-page","status-publish","has-post-thumbnail","hentry","pmpro-has-access"],"acf":[],"yoast_head":"<!-- This site is optimized with the Yoast SEO plugin v27.3 - https:\/\/yoast.com\/product\/yoast-seo-wordpress\/ -->\n<title>Vis\u00e3o clim\u00e1tica 2050. Podcast BCG | U-INTOSAI<\/title>\n<meta name=\"description\" content=\"Vis\u00e3o clim\u00e1tica 2050. Podcast BCG\" \/>\n<meta name=\"robots\" content=\"index, follow, max-snippet:-1, max-image-preview:large, max-video-preview:-1\" \/>\n<link rel=\"canonical\" href=\"https:\/\/u-intosai.org\/pt-pt\/podcasts\/climate-vision-2050-bcg-podcast\/\" \/>\n<meta property=\"og:locale\" content=\"pt_PT\" \/>\n<meta property=\"og:type\" content=\"article\" \/>\n<meta property=\"og:title\" content=\"Vis\u00e3o clim\u00e1tica 2050. Podcast BCG | U-INTOSAI\" \/>\n<meta property=\"og:description\" content=\"Vis\u00e3o clim\u00e1tica 2050. Podcast BCG\" \/>\n<meta property=\"og:url\" content=\"https:\/\/u-intosai.org\/pt-pt\/podcasts\/climate-vision-2050-bcg-podcast\/\" \/>\n<meta property=\"og:site_name\" content=\"U-INTOSAI\" \/>\n<meta property=\"article:modified_time\" content=\"2024-08-26T20:45:25+00:00\" \/>\n<meta property=\"og:image\" content=\"https:\/\/u-intosai.org\/wp-content\/uploads\/2024\/07\/7126461246916265918265.jpg\" \/>\n\t<meta property=\"og:image:width\" content=\"610\" \/>\n\t<meta property=\"og:image:height\" content=\"610\" \/>\n\t<meta property=\"og:image:type\" content=\"image\/jpeg\" \/>\n<meta name=\"twitter:card\" content=\"summary_large_image\" \/>\n<meta name=\"twitter:site\" content=\"@Incosai2019\" \/>\n<meta name=\"twitter:label1\" content=\"Tempo estimado de leitura\" \/>\n\t<meta name=\"twitter:data1\" content=\"1 minuto\" \/>\n<script type=\"application\/ld+json\" class=\"yoast-schema-graph\">{\"@context\":\"https:\\\/\\\/schema.org\",\"@graph\":[{\"@type\":\"WebPage\",\"@id\":\"https:\\\/\\\/u-intosai.org\\\/pt-pt\\\/podcasts\\\/climate-vision-2050-bcg-podcast\\\/\",\"url\":\"https:\\\/\\\/u-intosai.org\\\/pt-pt\\\/podcasts\\\/climate-vision-2050-bcg-podcast\\\/\",\"name\":\"Vis\u00e3o clim\u00e1tica 2050. Podcast BCG | U-INTOSAI\",\"isPartOf\":{\"@id\":\"https:\\\/\\\/u-intosai.org\\\/pt-pt\\\/#website\"},\"primaryImageOfPage\":{\"@id\":\"https:\\\/\\\/u-intosai.org\\\/pt-pt\\\/podcasts\\\/climate-vision-2050-bcg-podcast\\\/#primaryimage\"},\"image\":{\"@id\":\"https:\\\/\\\/u-intosai.org\\\/pt-pt\\\/podcasts\\\/climate-vision-2050-bcg-podcast\\\/#primaryimage\"},\"thumbnailUrl\":\"https:\\\/\\\/u-intosai.org\\\/wp-content\\\/uploads\\\/2024\\\/07\\\/7126461246916265918265.jpg\",\"datePublished\":\"2015-07-29T11:14:46+00:00\",\"dateModified\":\"2024-08-26T20:45:25+00:00\",\"description\":\"Vis\u00e3o clim\u00e1tica 2050. Podcast BCG\",\"breadcrumb\":{\"@id\":\"https:\\\/\\\/u-intosai.org\\\/pt-pt\\\/podcasts\\\/climate-vision-2050-bcg-podcast\\\/#breadcrumb\"},\"inLanguage\":\"pt-PT\",\"potentialAction\":[{\"@type\":\"ReadAction\",\"target\":[\"https:\\\/\\\/u-intosai.org\\\/pt-pt\\\/podcasts\\\/climate-vision-2050-bcg-podcast\\\/\"]}]},{\"@type\":\"ImageObject\",\"inLanguage\":\"pt-PT\",\"@id\":\"https:\\\/\\\/u-intosai.org\\\/pt-pt\\\/podcasts\\\/climate-vision-2050-bcg-podcast\\\/#primaryimage\",\"url\":\"https:\\\/\\\/u-intosai.org\\\/wp-content\\\/uploads\\\/2024\\\/07\\\/7126461246916265918265.jpg\",\"contentUrl\":\"https:\\\/\\\/u-intosai.org\\\/wp-content\\\/uploads\\\/2024\\\/07\\\/7126461246916265918265.jpg\",\"width\":610,\"height\":610},{\"@type\":\"BreadcrumbList\",\"@id\":\"https:\\\/\\\/u-intosai.org\\\/pt-pt\\\/podcasts\\\/climate-vision-2050-bcg-podcast\\\/#breadcrumb\",\"itemListElement\":[{\"@type\":\"ListItem\",\"position\":1,\"name\":\"U-INTOSAI\",\"item\":\"https:\\\/\\\/u-intosai.org\\\/pt-pt\\\/\"},{\"@type\":\"ListItem\",\"position\":2,\"name\":\"Podcasts\",\"item\":\"https:\\\/\\\/u-intosai.org\\\/pt-pt\\\/podcasts\\\/\"},{\"@type\":\"ListItem\",\"position\":3,\"name\":\"Vis\u00e3o clim\u00e1tica 2050. Podcast BCG\"}]},{\"@type\":\"WebSite\",\"@id\":\"https:\\\/\\\/u-intosai.org\\\/pt-pt\\\/#website\",\"url\":\"https:\\\/\\\/u-intosai.org\\\/pt-pt\\\/\",\"name\":\"U-INTOSAI\",\"description\":\"U-INTOSAI is an open online educational platform for all INTOSAI members created as a unique space for exchanging experience and advanced knowledge.\",\"publisher\":{\"@id\":\"https:\\\/\\\/u-intosai.org\\\/pt-pt\\\/#organization\"},\"potentialAction\":[{\"@type\":\"SearchAction\",\"target\":{\"@type\":\"EntryPoint\",\"urlTemplate\":\"https:\\\/\\\/u-intosai.org\\\/pt-pt\\\/?s={search_term_string}\"},\"query-input\":{\"@type\":\"PropertyValueSpecification\",\"valueRequired\":true,\"valueName\":\"search_term_string\"}}],\"inLanguage\":\"pt-PT\"},{\"@type\":\"Organization\",\"@id\":\"https:\\\/\\\/u-intosai.org\\\/pt-pt\\\/#organization\",\"name\":\"U-INTOSAI \u2014 University of INTOSAI\",\"url\":\"https:\\\/\\\/u-intosai.org\\\/pt-pt\\\/\",\"logo\":{\"@type\":\"ImageObject\",\"inLanguage\":\"pt-PT\",\"@id\":\"https:\\\/\\\/u-intosai.org\\\/pt-pt\\\/#\\\/schema\\\/logo\\\/image\\\/\",\"url\":\"https:\\\/\\\/u-intosai.org\\\/wp-content\\\/uploads\\\/2021\\\/08\\\/miniu-intosai-logo.png\",\"contentUrl\":\"https:\\\/\\\/u-intosai.org\\\/wp-content\\\/uploads\\\/2021\\\/08\\\/miniu-intosai-logo.png\",\"width\":1000,\"height\":479,\"caption\":\"U-INTOSAI \u2014 University of INTOSAI\"},\"image\":{\"@id\":\"https:\\\/\\\/u-intosai.org\\\/pt-pt\\\/#\\\/schema\\\/logo\\\/image\\\/\"},\"sameAs\":[\"https:\\\/\\\/x.com\\\/Incosai2019\",\"https:\\\/\\\/www.youtube.com\\\/channel\\\/UCjD--8sXtgxoPrxRQ_rz5GQ\"]}]}<\/script>\n<!-- \/ Yoast SEO plugin. -->","yoast_head_json":{"title":"Vis\u00e3o clim\u00e1tica 2050. Podcast BCG | U-INTOSAI","description":"Vis\u00e3o clim\u00e1tica 2050. Podcast BCG","robots":{"index":"index","follow":"follow","max-snippet":"max-snippet:-1","max-image-preview":"max-image-preview:large","max-video-preview":"max-video-preview:-1"},"canonical":"https:\/\/u-intosai.org\/pt-pt\/podcasts\/climate-vision-2050-bcg-podcast\/","og_locale":"pt_PT","og_type":"article","og_title":"Vis\u00e3o clim\u00e1tica 2050. Podcast BCG | U-INTOSAI","og_description":"Vis\u00e3o clim\u00e1tica 2050. Podcast BCG","og_url":"https:\/\/u-intosai.org\/pt-pt\/podcasts\/climate-vision-2050-bcg-podcast\/","og_site_name":"U-INTOSAI","article_modified_time":"2024-08-26T20:45:25+00:00","og_image":[{"width":610,"height":610,"url":"https:\/\/u-intosai.org\/wp-content\/uploads\/2024\/07\/7126461246916265918265.jpg","type":"image\/jpeg"}],"twitter_card":"summary_large_image","twitter_site":"@Incosai2019","twitter_misc":{"Tempo estimado de leitura":"1 minuto"},"schema":{"@context":"https:\/\/schema.org","@graph":[{"@type":"WebPage","@id":"https:\/\/u-intosai.org\/pt-pt\/podcasts\/climate-vision-2050-bcg-podcast\/","url":"https:\/\/u-intosai.org\/pt-pt\/podcasts\/climate-vision-2050-bcg-podcast\/","name":"Vis\u00e3o clim\u00e1tica 2050. Podcast BCG | U-INTOSAI","isPartOf":{"@id":"https:\/\/u-intosai.org\/pt-pt\/#website"},"primaryImageOfPage":{"@id":"https:\/\/u-intosai.org\/pt-pt\/podcasts\/climate-vision-2050-bcg-podcast\/#primaryimage"},"image":{"@id":"https:\/\/u-intosai.org\/pt-pt\/podcasts\/climate-vision-2050-bcg-podcast\/#primaryimage"},"thumbnailUrl":"https:\/\/u-intosai.org\/wp-content\/uploads\/2024\/07\/7126461246916265918265.jpg","datePublished":"2015-07-29T11:14:46+00:00","dateModified":"2024-08-26T20:45:25+00:00","description":"Vis\u00e3o clim\u00e1tica 2050. Podcast BCG","breadcrumb":{"@id":"https:\/\/u-intosai.org\/pt-pt\/podcasts\/climate-vision-2050-bcg-podcast\/#breadcrumb"},"inLanguage":"pt-PT","potentialAction":[{"@type":"ReadAction","target":["https:\/\/u-intosai.org\/pt-pt\/podcasts\/climate-vision-2050-bcg-podcast\/"]}]},{"@type":"ImageObject","inLanguage":"pt-PT","@id":"https:\/\/u-intosai.org\/pt-pt\/podcasts\/climate-vision-2050-bcg-podcast\/#primaryimage","url":"https:\/\/u-intosai.org\/wp-content\/uploads\/2024\/07\/7126461246916265918265.jpg","contentUrl":"https:\/\/u-intosai.org\/wp-content\/uploads\/2024\/07\/7126461246916265918265.jpg","width":610,"height":610},{"@type":"BreadcrumbList","@id":"https:\/\/u-intosai.org\/pt-pt\/podcasts\/climate-vision-2050-bcg-podcast\/#breadcrumb","itemListElement":[{"@type":"ListItem","position":1,"name":"U-INTOSAI","item":"https:\/\/u-intosai.org\/pt-pt\/"},{"@type":"ListItem","position":2,"name":"Podcasts","item":"https:\/\/u-intosai.org\/pt-pt\/podcasts\/"},{"@type":"ListItem","position":3,"name":"Vis\u00e3o clim\u00e1tica 2050. Podcast BCG"}]},{"@type":"WebSite","@id":"https:\/\/u-intosai.org\/pt-pt\/#website","url":"https:\/\/u-intosai.org\/pt-pt\/","name":"U-INTOSAI","description":"U-INTOSAI is an open online educational platform for all INTOSAI members created as a unique space for exchanging experience and advanced knowledge.","publisher":{"@id":"https:\/\/u-intosai.org\/pt-pt\/#organization"},"potentialAction":[{"@type":"SearchAction","target":{"@type":"EntryPoint","urlTemplate":"https:\/\/u-intosai.org\/pt-pt\/?s={search_term_string}"},"query-input":{"@type":"PropertyValueSpecification","valueRequired":true,"valueName":"search_term_string"}}],"inLanguage":"pt-PT"},{"@type":"Organization","@id":"https:\/\/u-intosai.org\/pt-pt\/#organization","name":"U-INTOSAI \u2014 University of INTOSAI","url":"https:\/\/u-intosai.org\/pt-pt\/","logo":{"@type":"ImageObject","inLanguage":"pt-PT","@id":"https:\/\/u-intosai.org\/pt-pt\/#\/schema\/logo\/image\/","url":"https:\/\/u-intosai.org\/wp-content\/uploads\/2021\/08\/miniu-intosai-logo.png","contentUrl":"https:\/\/u-intosai.org\/wp-content\/uploads\/2021\/08\/miniu-intosai-logo.png","width":1000,"height":479,"caption":"U-INTOSAI \u2014 University of INTOSAI"},"image":{"@id":"https:\/\/u-intosai.org\/pt-pt\/#\/schema\/logo\/image\/"},"sameAs":["https:\/\/x.com\/Incosai2019","https:\/\/www.youtube.com\/channel\/UCjD--8sXtgxoPrxRQ_rz5GQ"]}]}},"_links":{"self":[{"href":"https:\/\/u-intosai.org\/pt-pt\/wp-json\/wp\/v2\/pages\/44797","targetHints":{"allow":["GET"]}}],"collection":[{"href":"https:\/\/u-intosai.org\/pt-pt\/wp-json\/wp\/v2\/pages"}],"about":[{"href":"https:\/\/u-intosai.org\/pt-pt\/wp-json\/wp\/v2\/types\/page"}],"author":[{"embeddable":true,"href":"https:\/\/u-intosai.org\/pt-pt\/wp-json\/wp\/v2\/users\/1"}],"replies":[{"embeddable":true,"href":"https:\/\/u-intosai.org\/pt-pt\/wp-json\/wp\/v2\/comments?post=44797"}],"version-history":[{"count":2,"href":"https:\/\/u-intosai.org\/pt-pt\/wp-json\/wp\/v2\/pages\/44797\/revisions"}],"predecessor-version":[{"id":44804,"href":"https:\/\/u-intosai.org\/pt-pt\/wp-json\/wp\/v2\/pages\/44797\/revisions\/44804"}],"up":[{"embeddable":true,"href":"https:\/\/u-intosai.org\/pt-pt\/wp-json\/wp\/v2\/pages\/9773"}],"wp:featuredmedia":[{"embeddable":true,"href":"https:\/\/u-intosai.org\/pt-pt\/wp-json\/wp\/v2\/media\/44548"}],"wp:attachment":[{"href":"https:\/\/u-intosai.org\/pt-pt\/wp-json\/wp\/v2\/media?parent=44797"}],"curies":[{"name":"wp","href":"https:\/\/api.w.org\/{rel}","templated":true}]}}