{"id":9491,"date":"2021-10-05T16:20:17","date_gmt":"2021-10-05T16:20:17","guid":{"rendered":"https:\/\/u-intosai.org\/termos-de-utilizacao\/"},"modified":"2021-10-05T16:20:40","modified_gmt":"2021-10-05T16:20:40","slug":"termos-de-utilizacao","status":"publish","type":"page","link":"https:\/\/u-intosai.org\/pt-pt\/termos-de-utilizacao\/","title":{"rendered":"Termos de utiliza\u00e7\u00e3o"},"content":{"rendered":"<h2 style=\"text-align: justify;\">Termos de utiliza\u00e7\u00e3o da U-INTOSAI<\/h2>\n<p style=\"text-align: justify;\">O uso total ou parcial de materiais publicados na plataforma educacional on-line da Universidade INTOSAI (U-INTOSAI), incluindo materiais escritos, fotogr\u00e1ficos e de v\u00eddeo pertencentes \u00e0 U-INTOSAI representada pelo Tribunal de Contas da Federa\u00e7\u00e3o da R\u00fassia (designados como \u00a9 U-INTOSAI), requer autoriza\u00e7\u00e3o e\/ou links para o site indexado pelos motores de busca on-line. O uso de materiais tamb\u00e9m requer uma indica\u00e7\u00e3o de autoria expl\u00edcita. Tentativas n\u00e3o autorizadas de modificar o material publicado na plataforma da U-INTOSAI s\u00e3o proibidas.<\/p>\n<p style=\"text-align: justify;\">U-INTOSAI reserva-se o direito de alterar estes termos a qualquer momento, sem nenhum aviso especial. A nova vers\u00e3o dos termos entra em vigor desde a sua publica\u00e7\u00e3o no <a href=\"https:\/\/u-intosai.org\/pt-pt\/\">link seguinte<\/a>.<\/p>\n","protected":false},"excerpt":{"rendered":"<p>Termos de utiliza\u00e7\u00e3o da U-INTOSAI O uso total ou parcial de materiais publicados na plataforma educacional on-line da Universidade INTOSAI (U-INTOSAI), incluindo materiais escritos, fotogr\u00e1ficos e de v\u00eddeo pertencentes \u00e0 U-INTOSAI representada pelo Tribunal de Contas da Federa\u00e7\u00e3o da R\u00fassia (designados como \u00a9 U-INTOSAI), requer autoriza\u00e7\u00e3o e\/ou links para o site indexado pelos motores de [&hellip;]<\/p>\n","protected":false},"author":1,"featured_media":0,"parent":0,"menu_order":0,"comment_status":"closed","ping_status":"closed","template":"","meta":{"_acf_changed":false,"pmpro_default_level":"","footnotes":""},"class_list":["post-9491","page","type-page","status-publish","hentry","pmpro-has-access"],"acf":[],"yoast_head":"<!-- This site is optimized with the Yoast SEO plugin v27.3 - https:\/\/yoast.com\/product\/yoast-seo-wordpress\/ -->\n<title>Termos de utiliza\u00e7\u00e3o | U-INTOSAI<\/title>\n<meta name=\"description\" content=\"Termos de utiliza\u00e7\u00e3o\" \/>\n<meta name=\"robots\" content=\"index, follow, max-snippet:-1, max-image-preview:large, max-video-preview:-1\" \/>\n<link rel=\"canonical\" href=\"https:\/\/u-intosai.org\/pt-pt\/termos-de-utilizacao\/\" \/>\n<meta property=\"og:locale\" content=\"pt_PT\" \/>\n<meta property=\"og:type\" content=\"article\" \/>\n<meta property=\"og:title\" content=\"Termos de utiliza\u00e7\u00e3o | U-INTOSAI\" \/>\n<meta property=\"og:description\" content=\"Termos de utiliza\u00e7\u00e3o\" \/>\n<meta property=\"og:url\" content=\"https:\/\/u-intosai.org\/pt-pt\/termos-de-utilizacao\/\" \/>\n<meta property=\"og:site_name\" content=\"U-INTOSAI\" \/>\n<meta property=\"article:modified_time\" content=\"2021-10-05T16:20:40+00:00\" \/>\n<meta property=\"og:image\" content=\"https:\/\/u-intosai.org\/wp-content\/uploads\/2022\/01\/video-poster-11920x1080-1.jpg\" \/>\n\t<meta property=\"og:image:width\" content=\"1920\" \/>\n\t<meta property=\"og:image:height\" content=\"1080\" \/>\n\t<meta property=\"og:image:type\" content=\"image\/jpeg\" \/>\n<meta name=\"twitter:card\" content=\"summary_large_image\" \/>\n<meta name=\"twitter:site\" content=\"@Incosai2019\" \/>\n<meta name=\"twitter:label1\" content=\"Tempo estimado de leitura\" \/>\n\t<meta name=\"twitter:data1\" content=\"1 minuto\" \/>\n<script type=\"application\/ld+json\" class=\"yoast-schema-graph\">{\"@context\":\"https:\\\/\\\/schema.org\",\"@graph\":[{\"@type\":\"WebPage\",\"@id\":\"https:\\\/\\\/u-intosai.org\\\/pt-pt\\\/termos-de-utilizacao\\\/\",\"url\":\"https:\\\/\\\/u-intosai.org\\\/pt-pt\\\/termos-de-utilizacao\\\/\",\"name\":\"Termos de utiliza\u00e7\u00e3o | U-INTOSAI\",\"isPartOf\":{\"@id\":\"https:\\\/\\\/u-intosai.org\\\/pt-pt\\\/#website\"},\"datePublished\":\"2021-10-05T16:20:17+00:00\",\"dateModified\":\"2021-10-05T16:20:40+00:00\",\"description\":\"Termos de utiliza\u00e7\u00e3o\",\"breadcrumb\":{\"@id\":\"https:\\\/\\\/u-intosai.org\\\/pt-pt\\\/termos-de-utilizacao\\\/#breadcrumb\"},\"inLanguage\":\"pt-PT\",\"potentialAction\":[{\"@type\":\"ReadAction\",\"target\":[\"https:\\\/\\\/u-intosai.org\\\/pt-pt\\\/termos-de-utilizacao\\\/\"]}]},{\"@type\":\"BreadcrumbList\",\"@id\":\"https:\\\/\\\/u-intosai.org\\\/pt-pt\\\/termos-de-utilizacao\\\/#breadcrumb\",\"itemListElement\":[{\"@type\":\"ListItem\",\"position\":1,\"name\":\"U-INTOSAI\",\"item\":\"https:\\\/\\\/u-intosai.org\\\/pt-pt\\\/\"},{\"@type\":\"ListItem\",\"position\":2,\"name\":\"Termos de utiliza\u00e7\u00e3o\"}]},{\"@type\":\"WebSite\",\"@id\":\"https:\\\/\\\/u-intosai.org\\\/pt-pt\\\/#website\",\"url\":\"https:\\\/\\\/u-intosai.org\\\/pt-pt\\\/\",\"name\":\"U-INTOSAI\",\"description\":\"U-INTOSAI is an open online educational platform for all INTOSAI members created as a unique space for exchanging experience and advanced knowledge.\",\"publisher\":{\"@id\":\"https:\\\/\\\/u-intosai.org\\\/pt-pt\\\/#organization\"},\"potentialAction\":[{\"@type\":\"SearchAction\",\"target\":{\"@type\":\"EntryPoint\",\"urlTemplate\":\"https:\\\/\\\/u-intosai.org\\\/pt-pt\\\/?s={search_term_string}\"},\"query-input\":{\"@type\":\"PropertyValueSpecification\",\"valueRequired\":true,\"valueName\":\"search_term_string\"}}],\"inLanguage\":\"pt-PT\"},{\"@type\":\"Organization\",\"@id\":\"https:\\\/\\\/u-intosai.org\\\/pt-pt\\\/#organization\",\"name\":\"U-INTOSAI \u2014 University of INTOSAI\",\"url\":\"https:\\\/\\\/u-intosai.org\\\/pt-pt\\\/\",\"logo\":{\"@type\":\"ImageObject\",\"inLanguage\":\"pt-PT\",\"@id\":\"https:\\\/\\\/u-intosai.org\\\/pt-pt\\\/#\\\/schema\\\/logo\\\/image\\\/\",\"url\":\"https:\\\/\\\/u-intosai.org\\\/wp-content\\\/uploads\\\/2021\\\/08\\\/miniu-intosai-logo.png\",\"contentUrl\":\"https:\\\/\\\/u-intosai.org\\\/wp-content\\\/uploads\\\/2021\\\/08\\\/miniu-intosai-logo.png\",\"width\":1000,\"height\":479,\"caption\":\"U-INTOSAI \u2014 University of INTOSAI\"},\"image\":{\"@id\":\"https:\\\/\\\/u-intosai.org\\\/pt-pt\\\/#\\\/schema\\\/logo\\\/image\\\/\"},\"sameAs\":[\"https:\\\/\\\/x.com\\\/Incosai2019\",\"https:\\\/\\\/www.youtube.com\\\/channel\\\/UCjD--8sXtgxoPrxRQ_rz5GQ\"]}]}<\/script>\n<!-- \/ Yoast SEO plugin. -->","yoast_head_json":{"title":"Termos de utiliza\u00e7\u00e3o | U-INTOSAI","description":"Termos de utiliza\u00e7\u00e3o","robots":{"index":"index","follow":"follow","max-snippet":"max-snippet:-1","max-image-preview":"max-image-preview:large","max-video-preview":"max-video-preview:-1"},"canonical":"https:\/\/u-intosai.org\/pt-pt\/termos-de-utilizacao\/","og_locale":"pt_PT","og_type":"article","og_title":"Termos de utiliza\u00e7\u00e3o | U-INTOSAI","og_description":"Termos de utiliza\u00e7\u00e3o","og_url":"https:\/\/u-intosai.org\/pt-pt\/termos-de-utilizacao\/","og_site_name":"U-INTOSAI","article_modified_time":"2021-10-05T16:20:40+00:00","og_image":[{"width":1920,"height":1080,"url":"https:\/\/u-intosai.org\/wp-content\/uploads\/2022\/01\/video-poster-11920x1080-1.jpg","type":"image\/jpeg"}],"twitter_card":"summary_large_image","twitter_site":"@Incosai2019","twitter_misc":{"Tempo estimado de leitura":"1 minuto"},"schema":{"@context":"https:\/\/schema.org","@graph":[{"@type":"WebPage","@id":"https:\/\/u-intosai.org\/pt-pt\/termos-de-utilizacao\/","url":"https:\/\/u-intosai.org\/pt-pt\/termos-de-utilizacao\/","name":"Termos de utiliza\u00e7\u00e3o | U-INTOSAI","isPartOf":{"@id":"https:\/\/u-intosai.org\/pt-pt\/#website"},"datePublished":"2021-10-05T16:20:17+00:00","dateModified":"2021-10-05T16:20:40+00:00","description":"Termos de utiliza\u00e7\u00e3o","breadcrumb":{"@id":"https:\/\/u-intosai.org\/pt-pt\/termos-de-utilizacao\/#breadcrumb"},"inLanguage":"pt-PT","potentialAction":[{"@type":"ReadAction","target":["https:\/\/u-intosai.org\/pt-pt\/termos-de-utilizacao\/"]}]},{"@type":"BreadcrumbList","@id":"https:\/\/u-intosai.org\/pt-pt\/termos-de-utilizacao\/#breadcrumb","itemListElement":[{"@type":"ListItem","position":1,"name":"U-INTOSAI","item":"https:\/\/u-intosai.org\/pt-pt\/"},{"@type":"ListItem","position":2,"name":"Termos de utiliza\u00e7\u00e3o"}]},{"@type":"WebSite","@id":"https:\/\/u-intosai.org\/pt-pt\/#website","url":"https:\/\/u-intosai.org\/pt-pt\/","name":"U-INTOSAI","description":"U-INTOSAI is an open online educational platform for all INTOSAI members created as a unique space for exchanging experience and advanced knowledge.","publisher":{"@id":"https:\/\/u-intosai.org\/pt-pt\/#organization"},"potentialAction":[{"@type":"SearchAction","target":{"@type":"EntryPoint","urlTemplate":"https:\/\/u-intosai.org\/pt-pt\/?s={search_term_string}"},"query-input":{"@type":"PropertyValueSpecification","valueRequired":true,"valueName":"search_term_string"}}],"inLanguage":"pt-PT"},{"@type":"Organization","@id":"https:\/\/u-intosai.org\/pt-pt\/#organization","name":"U-INTOSAI \u2014 University of INTOSAI","url":"https:\/\/u-intosai.org\/pt-pt\/","logo":{"@type":"ImageObject","inLanguage":"pt-PT","@id":"https:\/\/u-intosai.org\/pt-pt\/#\/schema\/logo\/image\/","url":"https:\/\/u-intosai.org\/wp-content\/uploads\/2021\/08\/miniu-intosai-logo.png","contentUrl":"https:\/\/u-intosai.org\/wp-content\/uploads\/2021\/08\/miniu-intosai-logo.png","width":1000,"height":479,"caption":"U-INTOSAI \u2014 University of INTOSAI"},"image":{"@id":"https:\/\/u-intosai.org\/pt-pt\/#\/schema\/logo\/image\/"},"sameAs":["https:\/\/x.com\/Incosai2019","https:\/\/www.youtube.com\/channel\/UCjD--8sXtgxoPrxRQ_rz5GQ"]}]}},"_links":{"self":[{"href":"https:\/\/u-intosai.org\/pt-pt\/wp-json\/wp\/v2\/pages\/9491","targetHints":{"allow":["GET"]}}],"collection":[{"href":"https:\/\/u-intosai.org\/pt-pt\/wp-json\/wp\/v2\/pages"}],"about":[{"href":"https:\/\/u-intosai.org\/pt-pt\/wp-json\/wp\/v2\/types\/page"}],"author":[{"embeddable":true,"href":"https:\/\/u-intosai.org\/pt-pt\/wp-json\/wp\/v2\/users\/1"}],"replies":[{"embeddable":true,"href":"https:\/\/u-intosai.org\/pt-pt\/wp-json\/wp\/v2\/comments?post=9491"}],"version-history":[{"count":1,"href":"https:\/\/u-intosai.org\/pt-pt\/wp-json\/wp\/v2\/pages\/9491\/revisions"}],"predecessor-version":[{"id":9492,"href":"https:\/\/u-intosai.org\/pt-pt\/wp-json\/wp\/v2\/pages\/9491\/revisions\/9492"}],"wp:attachment":[{"href":"https:\/\/u-intosai.org\/pt-pt\/wp-json\/wp\/v2\/media?parent=9491"}],"curies":[{"name":"wp","href":"https:\/\/api.w.org\/{rel}","templated":true}]}}