{"id":9504,"date":"2021-10-05T16:36:11","date_gmt":"2021-10-05T16:36:11","guid":{"rendered":"https:\/\/u-intosai.org\/politica-de-privacidade\/"},"modified":"2021-10-05T16:39:20","modified_gmt":"2021-10-05T16:39:20","slug":"politica-de-privacidade","status":"publish","type":"page","link":"https:\/\/u-intosai.org\/pt-pt\/politica-de-privacidade\/","title":{"rendered":"Pol\u00edtica de Privacidade"},"content":{"rendered":"<h1>Pol\u00edtica de Privacidade da U-INTOSAI<\/h1>\n<p>A <strong>Universidade INTOSAI (U-INTOSAI), <\/strong>representada pelo Tribunal<a href=\"https:\/\/ach.gov.ru\/\"> de Contas da Federa\u00e7\u00e3o da R\u00fassia<\/a>, atua como plataforma on-line para toda a comunidade <a href=\"https:\/\/www.intosai.org\/\">INTOSAI<\/a>. A privacidade e a seguran\u00e7a dos membros e visitantes no nosso site s\u00e3o de import\u00e2ncia extraordin\u00e1ria para a U-INTOSAI. Aplicamos uma pol\u00edtica de prote\u00e7\u00e3o de dados de acordo com as regras gerais de prote\u00e7\u00e3o de dados estabelecida pela legisla\u00e7\u00e3o da Federa\u00e7\u00e3o da R\u00fassia e pelo direito internacional.<\/p>\n<p>Cumprimos os requisitos do <a href=\"https:\/\/eur-lex.europa.eu\/legal-content\/EN\/TXT\/PDF\/?uri=CELEX:32016R0679&amp;from=EN\">Regulamento do Parlamento Europeu e do Conselho da Uni\u00e3o Europeia\u00a0 2016\/679 de 27 de abril de 2016<\/a> sobre a prote\u00e7\u00e3o de pessoas singulares no que diz respeito ao tratamento de dados pessoais e sobre a livre circula\u00e7\u00e3o desses dados, e que revoga a Diretiva 95 \/ 46 \/ EC (Regulamento Geral sobre a Prote\u00e7\u00e3o de Dados Pessoais\/ General Data Protection Regulation, GDPR) e da\u00a0 <a href=\"https:\/\/pd.rkn.gov.ru\/authority\/p146\/p164\/\">Lei Federal da Federa\u00e7\u00e3o da R\u00fassia \u201cSobre os dados pessoais N 152-FZ de 27 de julho de 2006<\/a>.<\/p>\n<p>A plataforma U-INTOSAI faz todos os esfor\u00e7os para proteger os dados disponibilizados pelos utilizadores. Quaisquer informa\u00e7\u00f5es publicadas na plataforma on-line U-INTOSAI ou nas listas de inscri\u00e7\u00e3o (E-mail, registo, reuni\u00f5es online) s\u00e3o consideradas confidenciais.<\/p>\n<p>Todas as informa\u00e7\u00f5es s\u00e3o protegidas de forma segura e o acesso \u00e0s mesmas \u00e9 fornecido apenas ao pessoal autorizado.<\/p>\n<p>Implementamos e mantemos medidas t\u00e9cnicas de seguran\u00e7a adequadas para proteger os dados pessoais de processamento e uso n\u00e3o autorizado ou ilegal, bem como de perda acidental, destrui\u00e7\u00e3o, danos, roubo ou divulga\u00e7\u00e3o.<\/p>\n<p>Todos os materiais publicados na plataforma U-INTOSAI, incluindo os materiais de v\u00eddeo (publicados no canal YouTube do Tribunal de Contas da Federa\u00e7\u00e3o da R\u00fassia), s\u00e3o publicados com o consentimento dos seus autores. Esses materiais n\u00e3o se destinam ao uso comercial e s\u00e3o publicados apenas para fins educacionais. Respeitamos fielmente os direitos de autor e estamos dispostos a remover o material caso o autor respetivo o solicite.<\/p>\n<h2>Consentimento<\/h2>\n<h2>Por favor, confirme o seu acordo com as seguintes regras<\/h2>\n<p>Todas as informa\u00e7\u00f5es obtidas dos visitantes na plataforma de forma\u00e7\u00e3o on-line, s\u00e3o transferidas para U-INTOSAI (testes, contatos, arquivos de media, etc.), agindo atrav\u00e9s do Tribunal de Contas da Federa\u00e7\u00e3o da R\u00fassia, e n\u00e3o est\u00e3o sujeitas \u00e0 transfer\u00eancia para terceiros.<\/p>\n<p>Os visitantes\/inscritos que preencham question\u00e1rios, inqu\u00e9ritos ou formul\u00e1rios de registo, devem estar cientes de que s\u00e3o os \u00fanicos respons\u00e1veis pelo conte\u00fado das suas respostas.<\/p>\n<p>Ao preencher question\u00e1rios ou formul\u00e1rios de registo, s\u00e3o recolhidas informa\u00e7\u00f5es como nome, denomina\u00e7\u00e3o da organiza\u00e7\u00e3o, e-mail, endere\u00e7o e outros dados. Essas informa\u00e7\u00f5es s\u00e3o usadas exclusivamente para fornecer suporte, servi\u00e7os, envio de correspond\u00eancia e informa\u00e7\u00e3o da U-INTOSAI.<\/p>\n<h2>Arquivos de cookies<\/h2>\n<p>As cookies s\u00e3o pequenos fragmentos de informa\u00e7\u00e3o que o site envia para o disco r\u00edgido do visitante. Os arquivos de cookies n\u00e3o podem ser usados para executar programas ou v\u00edrus no seu computador. Na sua pr\u00f3xima visita ao site, as cookies permitir\u00e3o que os nossos recursos de informa\u00e7\u00e3o reconhe\u00e7am o seu dispositivo para uma utiliza\u00e7\u00e3o mais c\u00f3moda da U-INTOSAI.<\/p>\n<p>Ao permanecer no site, concordar\u00e1 com a coloca\u00e7\u00e3o de cookies no seu dispositivo. Se recusar a coloca\u00e7\u00e3o das nossas cookies, n\u00e3o podemos garantir uma experi\u00eancia completa para o utilizador.<\/p>\n<p>Ao visitar este site, concorda com a recolha e uso dos seus dados pessoais conforme descrito neste documento.<\/p>\n<p>Se n\u00e3o concordar com os termos especificados neste documento, pedimos-lhe que n\u00e3o visite este site.<\/p>\n<p>A plataforma U-INTOSAI pode recolher dados e manter o registo dos visitantes para relat\u00f3rios e estat\u00edsticas, utiliz\u00e1-los como base de promo\u00e7\u00e3o posterior e para o desenvolvimento do site.<\/p>\n<p>Podemos registar o seu endere\u00e7o IP e usar cookies. A plataforma U-INTOSAI pode adicionar informa\u00e7\u00f5es recolhidas com base na atividade dos utilizadores ao consultar p\u00e1ginas. Tamb\u00e9m pode recolher e processar quaisquer dados pessoais fornecidos voluntariamente por meio dos formul\u00e1rios do nosso site: por exemplo, quando se regista para participar em eventos ou se inscreve para receber informa\u00e7\u00e3o ou boletins informativos. Esses dados pessoais podem incluir seu endere\u00e7o IP, nome e sobrenome, endere\u00e7o postal, endere\u00e7o do correio eletr\u00f3nico, n\u00famero de telefone e cargo.<\/p>\n<p>O site tamb\u00e9m pode recolher dados sobre as visitas, incluindo o n\u00famero de visitantes e visitas, dados de localiza\u00e7\u00e3o, bem como dados sobre o tempo de perman\u00eancia no site e das p\u00e1ginas em que clicaram ou de onde vieram. Utilizamos os dados recolhidos para comunicarmos com os visitantes e para melhorar o site da U-INTOSAI analisando o comportamento dos visitantes.<\/p>\n<h2>Divulga\u00e7\u00e3o de dados pessoais<\/h2>\n<p>U-INTOSAI garante que nenhum dado pessoal pode ser transferido para empresas, prestadores de servi\u00e7os ou outras pessoas, cuja intera\u00e7\u00e3o esteja fora do \u00e2mbito do nosso trabalho conjunto.<\/p>\n<h2>Links para outros sites<\/h2>\n<p>Ao visitar a U-INTOSAI os visitantes podem seguir links para outros sites que estejam fora da nossa esfera de influ\u00eancia. U-INTOSAI n\u00e3o \u00e9 respons\u00e1vel pelo conte\u00fado ou pol\u00edtica de privacidade desses sites.<\/p>\n<h2>Armazenamento e elimina\u00e7\u00e3o de dados<\/h2>\n<p>N\u00e3o armazenaremos os dados por mais tempo do que seja necess\u00e1rio para completar as tarefas para as quais foram recolhidos, ou conforme os requisitos da legisla\u00e7\u00e3o ou regulamenta\u00e7\u00e3o aplic\u00e1vel.<\/p>\n<h2>Aceita\u00e7\u00e3o de termos<\/h2>\n<p>Assumimos que todos os utilizadores da plataforma on-line leram atentamente este documento e concordam com o seu conte\u00fado. Indiv\u00edduos que discordem desta pol\u00edtica de privacidade devem prescindir de utilizar o nosso site e plataforma.<\/p>\n<h2>Obriga\u00e7\u00f5es legais de divulgar dados pessoais<\/h2>\n<p>Seremos for\u00e7ados a divulgar os dados pessoais do utilizador sem pr\u00e9vio consentimento apenas se tivermos motivos para acreditar que a divulga\u00e7\u00e3o dessa informa\u00e7\u00e3o \u00e9 necess\u00e1ria para estabelecer uma identidade, entrar em contato ou iniciar procedimentos legais contra uma pessoa (ou pessoas) suspeitas de infringir direitos ou propriedade pertencentes a U-INTOSAI, ou outros que possam ser prejudicados como resultado das a\u00e7\u00f5es do utilizador ou pessoas que possam\u00a0 (intencionalmente ou n\u00e3o) infrigir esses direitos ou propriedade.<\/p>\n<p>A U-INTOSAI tem permiss\u00e3o para divulgar informa\u00e7\u00e3o pessoal caso existam motivos para acreditar que essa situa\u00e7\u00e3o est\u00e1 prevista na lei.<\/p>\n<h2>Dados pessoais processados para esses fins<\/h2>\n<p>Para criar uma conta pessoal no site da U-INTOSAI, dever\u00e1 fornecer o seu nome real ou o nome de utilizador e o endere\u00e7o do correio eletr\u00f3nico.<\/p>\n<p>Depois de criar uma conta, poder\u00e1 ser acrescentada informa\u00e7\u00e3o adicional, incluindo uma foto de perfil, data de nascimento, sexo, E-mail e subscri\u00e7\u00f5es.<\/p>\n<h2>Transfer\u00eancia de dados pessoais a terceiros pa\u00edses e organiza\u00e7\u00f5es internacionais<\/h2>\n<p>Se na organiza\u00e7\u00e3o de um evento ou presta\u00e7\u00e3o de servi\u00e7os (servi\u00e7os postais e de correio ou parceiros) estiverem envolvidos terceiros (parceiros, plataformas externas), o processamento dos seus dados pessoais ser\u00e1 realizado no territ\u00f3rio da Federa\u00e7\u00e3o da R\u00fassia e de outros pa\u00edses onde esses terceiros desenvolvem a sua atividade.<\/p>\n<p>Se nenhuns terceiros estiverem envolvidos, o processamento dos seus dados pessoais ser\u00e1 realizado apenas no territ\u00f3rio da Federa\u00e7\u00e3o da R\u00fassia.<\/p>\n<h2>Informa\u00e7\u00e3o adicional<\/h2>\n<p>Se tiver alguma d\u00favida sobre a prote\u00e7\u00e3o dos dados pessoais ou de como s\u00e3o usados, entre em contato conosco pelo seguinte E-mail<strong>:\u00a0u_intosai@ach.gov.ru<\/strong><\/p>\n","protected":false},"excerpt":{"rendered":"<p>Pol\u00edtica de Privacidade da U-INTOSAI A Universidade INTOSAI (U-INTOSAI), representada pelo Tribunal de Contas da Federa\u00e7\u00e3o da R\u00fassia, atua como plataforma on-line para toda a comunidade INTOSAI. A privacidade e a seguran\u00e7a dos membros e visitantes no nosso site s\u00e3o de import\u00e2ncia extraordin\u00e1ria para a U-INTOSAI. Aplicamos uma pol\u00edtica de prote\u00e7\u00e3o de dados de acordo [&hellip;]<\/p>\n","protected":false},"author":1,"featured_media":0,"parent":0,"menu_order":0,"comment_status":"closed","ping_status":"closed","template":"","meta":{"_acf_changed":false,"pmpro_default_level":"","footnotes":""},"class_list":["post-9504","page","type-page","status-publish","hentry","pmpro-has-access"],"acf":[],"yoast_head":"<!-- This site is optimized with the Yoast SEO plugin v27.4 - https:\/\/yoast.com\/product\/yoast-seo-wordpress\/ -->\n<title>Pol\u00edtica de Privacidade | U-INTOSAI<\/title>\n<meta name=\"description\" content=\"Pol\u00edtica de Privacidade\" \/>\n<meta name=\"robots\" content=\"index, follow, max-snippet:-1, max-image-preview:large, max-video-preview:-1\" \/>\n<link rel=\"canonical\" href=\"https:\/\/u-intosai.org\/pt-pt\/politica-de-privacidade\/\" \/>\n<meta property=\"og:locale\" content=\"pt_PT\" \/>\n<meta property=\"og:type\" content=\"article\" \/>\n<meta property=\"og:title\" content=\"Pol\u00edtica de Privacidade | U-INTOSAI\" \/>\n<meta property=\"og:description\" content=\"Pol\u00edtica de Privacidade\" \/>\n<meta property=\"og:url\" content=\"https:\/\/u-intosai.org\/pt-pt\/politica-de-privacidade\/\" \/>\n<meta property=\"og:site_name\" content=\"U-INTOSAI\" \/>\n<meta property=\"article:modified_time\" content=\"2021-10-05T16:39:20+00:00\" \/>\n<meta property=\"og:image\" content=\"https:\/\/u-intosai.org\/wp-content\/uploads\/2022\/01\/video-poster-11920x1080-1.jpg\" \/>\n\t<meta property=\"og:image:width\" content=\"1920\" \/>\n\t<meta property=\"og:image:height\" content=\"1080\" \/>\n\t<meta property=\"og:image:type\" content=\"image\/jpeg\" \/>\n<meta name=\"twitter:card\" content=\"summary_large_image\" \/>\n<meta name=\"twitter:site\" content=\"@Incosai2019\" \/>\n<meta name=\"twitter:label1\" content=\"Tempo estimado de leitura\" \/>\n\t<meta name=\"twitter:data1\" content=\"6 minutos\" \/>\n<script type=\"application\/ld+json\" class=\"yoast-schema-graph\">{\"@context\":\"https:\\\/\\\/schema.org\",\"@graph\":[{\"@type\":\"WebPage\",\"@id\":\"https:\\\/\\\/u-intosai.org\\\/pt-pt\\\/politica-de-privacidade\\\/\",\"url\":\"https:\\\/\\\/u-intosai.org\\\/pt-pt\\\/politica-de-privacidade\\\/\",\"name\":\"Pol\u00edtica de Privacidade | U-INTOSAI\",\"isPartOf\":{\"@id\":\"https:\\\/\\\/u-intosai.org\\\/pt-pt\\\/#website\"},\"datePublished\":\"2021-10-05T16:36:11+00:00\",\"dateModified\":\"2021-10-05T16:39:20+00:00\",\"description\":\"Pol\u00edtica de Privacidade\",\"breadcrumb\":{\"@id\":\"https:\\\/\\\/u-intosai.org\\\/pt-pt\\\/politica-de-privacidade\\\/#breadcrumb\"},\"inLanguage\":\"pt-PT\",\"potentialAction\":[{\"@type\":\"ReadAction\",\"target\":[\"https:\\\/\\\/u-intosai.org\\\/pt-pt\\\/politica-de-privacidade\\\/\"]}]},{\"@type\":\"BreadcrumbList\",\"@id\":\"https:\\\/\\\/u-intosai.org\\\/pt-pt\\\/politica-de-privacidade\\\/#breadcrumb\",\"itemListElement\":[{\"@type\":\"ListItem\",\"position\":1,\"name\":\"U-INTOSAI\",\"item\":\"https:\\\/\\\/u-intosai.org\\\/pt-pt\\\/\"},{\"@type\":\"ListItem\",\"position\":2,\"name\":\"Pol\u00edtica de Privacidade\"}]},{\"@type\":\"WebSite\",\"@id\":\"https:\\\/\\\/u-intosai.org\\\/pt-pt\\\/#website\",\"url\":\"https:\\\/\\\/u-intosai.org\\\/pt-pt\\\/\",\"name\":\"U-INTOSAI\",\"description\":\"U-INTOSAI is an open online educational platform for all INTOSAI members created as a unique space for exchanging experience and advanced knowledge.\",\"publisher\":{\"@id\":\"https:\\\/\\\/u-intosai.org\\\/pt-pt\\\/#organization\"},\"potentialAction\":[{\"@type\":\"SearchAction\",\"target\":{\"@type\":\"EntryPoint\",\"urlTemplate\":\"https:\\\/\\\/u-intosai.org\\\/pt-pt\\\/?s={search_term_string}\"},\"query-input\":{\"@type\":\"PropertyValueSpecification\",\"valueRequired\":true,\"valueName\":\"search_term_string\"}}],\"inLanguage\":\"pt-PT\"},{\"@type\":\"Organization\",\"@id\":\"https:\\\/\\\/u-intosai.org\\\/pt-pt\\\/#organization\",\"name\":\"U-INTOSAI \u2014 University of INTOSAI\",\"url\":\"https:\\\/\\\/u-intosai.org\\\/pt-pt\\\/\",\"logo\":{\"@type\":\"ImageObject\",\"inLanguage\":\"pt-PT\",\"@id\":\"https:\\\/\\\/u-intosai.org\\\/pt-pt\\\/#\\\/schema\\\/logo\\\/image\\\/\",\"url\":\"https:\\\/\\\/u-intosai.org\\\/wp-content\\\/uploads\\\/2021\\\/08\\\/miniu-intosai-logo.png\",\"contentUrl\":\"https:\\\/\\\/u-intosai.org\\\/wp-content\\\/uploads\\\/2021\\\/08\\\/miniu-intosai-logo.png\",\"width\":1000,\"height\":479,\"caption\":\"U-INTOSAI \u2014 University of INTOSAI\"},\"image\":{\"@id\":\"https:\\\/\\\/u-intosai.org\\\/pt-pt\\\/#\\\/schema\\\/logo\\\/image\\\/\"},\"sameAs\":[\"https:\\\/\\\/x.com\\\/Incosai2019\",\"https:\\\/\\\/www.youtube.com\\\/channel\\\/UCjD--8sXtgxoPrxRQ_rz5GQ\"]}]}<\/script>\n<!-- \/ Yoast SEO plugin. -->","yoast_head_json":{"title":"Pol\u00edtica de Privacidade | U-INTOSAI","description":"Pol\u00edtica de Privacidade","robots":{"index":"index","follow":"follow","max-snippet":"max-snippet:-1","max-image-preview":"max-image-preview:large","max-video-preview":"max-video-preview:-1"},"canonical":"https:\/\/u-intosai.org\/pt-pt\/politica-de-privacidade\/","og_locale":"pt_PT","og_type":"article","og_title":"Pol\u00edtica de Privacidade | U-INTOSAI","og_description":"Pol\u00edtica de Privacidade","og_url":"https:\/\/u-intosai.org\/pt-pt\/politica-de-privacidade\/","og_site_name":"U-INTOSAI","article_modified_time":"2021-10-05T16:39:20+00:00","og_image":[{"width":1920,"height":1080,"url":"https:\/\/u-intosai.org\/wp-content\/uploads\/2022\/01\/video-poster-11920x1080-1.jpg","type":"image\/jpeg"}],"twitter_card":"summary_large_image","twitter_site":"@Incosai2019","twitter_misc":{"Tempo estimado de leitura":"6 minutos"},"schema":{"@context":"https:\/\/schema.org","@graph":[{"@type":"WebPage","@id":"https:\/\/u-intosai.org\/pt-pt\/politica-de-privacidade\/","url":"https:\/\/u-intosai.org\/pt-pt\/politica-de-privacidade\/","name":"Pol\u00edtica de Privacidade | U-INTOSAI","isPartOf":{"@id":"https:\/\/u-intosai.org\/pt-pt\/#website"},"datePublished":"2021-10-05T16:36:11+00:00","dateModified":"2021-10-05T16:39:20+00:00","description":"Pol\u00edtica de Privacidade","breadcrumb":{"@id":"https:\/\/u-intosai.org\/pt-pt\/politica-de-privacidade\/#breadcrumb"},"inLanguage":"pt-PT","potentialAction":[{"@type":"ReadAction","target":["https:\/\/u-intosai.org\/pt-pt\/politica-de-privacidade\/"]}]},{"@type":"BreadcrumbList","@id":"https:\/\/u-intosai.org\/pt-pt\/politica-de-privacidade\/#breadcrumb","itemListElement":[{"@type":"ListItem","position":1,"name":"U-INTOSAI","item":"https:\/\/u-intosai.org\/pt-pt\/"},{"@type":"ListItem","position":2,"name":"Pol\u00edtica de Privacidade"}]},{"@type":"WebSite","@id":"https:\/\/u-intosai.org\/pt-pt\/#website","url":"https:\/\/u-intosai.org\/pt-pt\/","name":"U-INTOSAI","description":"U-INTOSAI is an open online educational platform for all INTOSAI members created as a unique space for exchanging experience and advanced knowledge.","publisher":{"@id":"https:\/\/u-intosai.org\/pt-pt\/#organization"},"potentialAction":[{"@type":"SearchAction","target":{"@type":"EntryPoint","urlTemplate":"https:\/\/u-intosai.org\/pt-pt\/?s={search_term_string}"},"query-input":{"@type":"PropertyValueSpecification","valueRequired":true,"valueName":"search_term_string"}}],"inLanguage":"pt-PT"},{"@type":"Organization","@id":"https:\/\/u-intosai.org\/pt-pt\/#organization","name":"U-INTOSAI \u2014 University of INTOSAI","url":"https:\/\/u-intosai.org\/pt-pt\/","logo":{"@type":"ImageObject","inLanguage":"pt-PT","@id":"https:\/\/u-intosai.org\/pt-pt\/#\/schema\/logo\/image\/","url":"https:\/\/u-intosai.org\/wp-content\/uploads\/2021\/08\/miniu-intosai-logo.png","contentUrl":"https:\/\/u-intosai.org\/wp-content\/uploads\/2021\/08\/miniu-intosai-logo.png","width":1000,"height":479,"caption":"U-INTOSAI \u2014 University of INTOSAI"},"image":{"@id":"https:\/\/u-intosai.org\/pt-pt\/#\/schema\/logo\/image\/"},"sameAs":["https:\/\/x.com\/Incosai2019","https:\/\/www.youtube.com\/channel\/UCjD--8sXtgxoPrxRQ_rz5GQ"]}]}},"_links":{"self":[{"href":"https:\/\/u-intosai.org\/pt-pt\/wp-json\/wp\/v2\/pages\/9504","targetHints":{"allow":["GET"]}}],"collection":[{"href":"https:\/\/u-intosai.org\/pt-pt\/wp-json\/wp\/v2\/pages"}],"about":[{"href":"https:\/\/u-intosai.org\/pt-pt\/wp-json\/wp\/v2\/types\/page"}],"author":[{"embeddable":true,"href":"https:\/\/u-intosai.org\/pt-pt\/wp-json\/wp\/v2\/users\/1"}],"replies":[{"embeddable":true,"href":"https:\/\/u-intosai.org\/pt-pt\/wp-json\/wp\/v2\/comments?post=9504"}],"version-history":[{"count":4,"href":"https:\/\/u-intosai.org\/pt-pt\/wp-json\/wp\/v2\/pages\/9504\/revisions"}],"predecessor-version":[{"id":9508,"href":"https:\/\/u-intosai.org\/pt-pt\/wp-json\/wp\/v2\/pages\/9504\/revisions\/9508"}],"wp:attachment":[{"href":"https:\/\/u-intosai.org\/pt-pt\/wp-json\/wp\/v2\/media?parent=9504"}],"curies":[{"name":"wp","href":"https:\/\/api.w.org\/{rel}","templated":true}]}}