{"id":9512,"date":"2021-10-05T17:06:14","date_gmt":"2021-10-05T17:06:14","guid":{"rendered":"https:\/\/u-intosai.org\/politica-de-cookies\/"},"modified":"2021-10-05T17:10:13","modified_gmt":"2021-10-05T17:10:13","slug":"politica-de-cookies","status":"publish","type":"page","link":"https:\/\/u-intosai.org\/pt-pt\/politica-de-cookies\/","title":{"rendered":"Pol\u00edtica de Cookies"},"content":{"rendered":"<h1>Pol\u00edtica da U-INTOSAI para cookies e autoriza\u00e7\u00e3o autom\u00e1tica<\/h1>\n<p>A pol\u00edtica de cookies e autoriza\u00e7\u00e3o autom\u00e1tica (Pol\u00edtica de Cookies) aplica-se aos recursos de informa\u00e7\u00e3o da plataforma de educa\u00e7\u00e3o on-line da Universidade INTOSAI (U-INTOSAI).<\/p>\n<p>Para entender como usamos os seus dados pessoais, leia a Pol\u00edtica de Cookies e a nossa Pol\u00edtica de Privacidade.<\/p>\n<h2>Como funcionam as cookies<\/h2>\n<p>U-INTOSAI usa cookies em recursos de informa\u00e7\u00e3o.<\/p>\n<p>Uma cookie \u00e9 um pequeno arquivo de dados que \u00e9 armazenado no seu dispositivo (computador ou dispositivo m\u00f3vel) quando visita os nossos recursos de informa\u00e7\u00e3o. Da pr\u00f3xima vez que visitar o nosso site, esse arquivo permitir\u00e1 que os recursos de informa\u00e7\u00e3o reconhe\u00e7am o seu dispositivo para uso mais conveniente do nosso site.<\/p>\n<p>As cookies armazenam os seguintes dados sobre a sua atividade on-line:<\/p>\n<ul>\n<li>Seu endere\u00e7o IP;<\/li>\n<li>Tipo e vers\u00e3o do sistema operacional do seu dispositivo;<\/li>\n<li>Tipo e vers\u00e3o do navegador do seu dispositivo;<\/li>\n<li>Idioma do seu sistema operacional e do navegador;<\/li>\n<li>Tipo do seu dispositivo e a resolu\u00e7\u00e3o do ecr\u00e3;<\/li>\n<li>A sua localiza\u00e7\u00e3o;<\/li>\n<li>Trajeto usado para aceder ao site;<\/li>\n<li>Site ou an\u00fancio contendo o link \u00a0a partir do qual o utilizador acedeu ao nosso site;<\/li>\n<li>Quais p\u00e1ginas do nosso site que o utilizador abre e quais bot\u00f5es pressiona.<\/li>\n<li>Nossos recursos de informa\u00e7\u00e3o recolhem e registam dados automaticamente nos arquivos cookies.<\/li>\n<\/ul>\n<p>N\u00e3o usamos cookies para identificar indiv\u00edduos ou criar um perfil de utilizador. N\u00e3o integramos essas informa\u00e7\u00f5es com outros dados.<\/p>\n<p>A plataforma utiliza ferramentas de recolha e an\u00e1lise de cookies, como sistemas de recomenda\u00e7\u00e3o e an\u00e1lise internos e externos, bem como localizadores.<\/p>\n<p>Al\u00e9m dos nossos pr\u00f3prios servi\u00e7os, podemos usar recursos de terceiros para recolher e analisar as cookies dos nossos recursos de informa\u00e7\u00e3o, por exemplo:<\/p>\n<ul>\n<li>Google Analytics (https:\/\/analytics.google.com\/ )<\/li>\n<li>Yandex.Metrika (https:\/\/metrika.yandex.ru\/)<\/li>\n<\/ul>\n<p>Utilizamos apenas servi\u00e7os de terceiros que mant\u00eam altos padr\u00f5es de seguran\u00e7a no processamento de dados.<\/p>\n<p>Recolhemos cookies usando servi\u00e7os de terceiros apenas com o seu consentimento.<\/p>\n<p>Mais informa\u00e7\u00f5es sobre as cookies e sua gest\u00e3o est\u00e3o dispon\u00edveis em <a href=\"http:\/\/www.allaboutcookies.org\/\">www.allaboutcookies.org<\/a>.<\/p>\n<h2>Consentimento para usar cookies<\/h2>\n<p>Ao visitar a plataforma da U-INTOSAI pela primeira vez, ser\u00e1 solicitado o seu consentimento para o uso de cookies. Uma notifica\u00e7\u00e3o de consentimento para o uso de cookies aparecer\u00e1 no ecr\u00e3.<\/p>\n<h2>Recusa em usar cookies<\/h2>\n<p>O utilizador tem o direito de recusar o uso de cookies ao desativ\u00e1-los ou elimin\u00e1-los nas configura\u00e7\u00f5es do seu navegador. Essas fun\u00e7\u00f5es geralmente podem ser encontradas na se\u00e7\u00e3o de op\u00e7\u00f5es, ferramentas, configura\u00e7\u00f5es, prefer\u00eancias, etc. do menu do navegador.<\/p>\n<p>Depois de desativar ou excluir cookies, uma notifica\u00e7\u00e3o de consentimento de cookies aparecer\u00e1 no ecr\u00e3 sempre que visitar o site.<\/p>\n<h2>Armazenamento de cookies<\/h2>\n<p>Algumas cookies s\u00e3o eliminadas automaticamente do seu dispositivo ao fechar o navegador. Algumas cookies ser\u00e3o eliminadas depois de um tempo. Esse per\u00edodo pode variar desde o momento da visita ao site at\u00e9 tr\u00eas anos.<\/p>\n<p>Se o utilizador desabilitar ou eliminar as cookies na configura\u00e7\u00e3o do seu navegador, os arquivos cookie ser\u00e3o apagados imediatamente.<\/p>\n<h2>Dados t\u00e9cnicos<\/h2>\n<p>Os nossos servidores web e sistemas de seguran\u00e7a armazenam os dados t\u00e9cnicos temporariamente.<\/p>\n<p>O processamento dos dados t\u00e9cnicos \u00e9 necess\u00e1rio para um bom funcionamento e seguran\u00e7a dos nossos recursos de informa\u00e7\u00e3o.<\/p>\n<p>Os dados t\u00e9cnicos incluem:<\/p>\n<ul>\n<li>Endere\u00e7o IP do seu computador\/dispositivo;<\/li>\n<li>Conte\u00fado visualizado (o nome e o URL do arquivo que visualizou no site);<\/li>\n<li>Data e hora de visualiza\u00e7\u00e3o;<\/li>\n<li>Fuso hor\u00e1rio GMT;<\/li>\n<li>Status da liga\u00e7\u00e3o;<\/li>\n<li>Volume de tr\u00e1fego;<\/li>\n<li>Caracter\u00edsticas t\u00e9cnicas do seu dispositivo incluindo idioma, vers\u00e3o do navegador e sistema operacional;<\/li>\n<li>URL dos sites visitados.<\/li>\n<\/ul>\n<p>Os dados t\u00e9cnicos n\u00e3o s\u00e3o usados para identificar indiv\u00edduos ou criar um perfil de utilizador. N\u00e3o integramos dados t\u00e9cnicos com quaisquer outros dados e n\u00e3o os compartilhamos com mais nenhuma entidade.<\/p>\n<p>Os dados t\u00e9cnicos ser\u00e3o armazenados por 12 meses ap\u00f3s a sua recep\u00e7\u00e3o. Este prazo pode ser prorrogado apenas se for necess\u00e1rio, de acordo com a legisla\u00e7\u00e3o russa ou internacional.<\/p>\n<p>Para recusar a recolha de dados t\u00e9cnicos, o utilizador n\u00e3o dever\u00e1 usar os recursos de informa\u00e7\u00e3o do website.<\/p>\n","protected":false},"excerpt":{"rendered":"<p>Pol\u00edtica da U-INTOSAI para cookies e autoriza\u00e7\u00e3o autom\u00e1tica A pol\u00edtica de cookies e autoriza\u00e7\u00e3o autom\u00e1tica (Pol\u00edtica de Cookies) aplica-se aos recursos de informa\u00e7\u00e3o da plataforma de educa\u00e7\u00e3o on-line da Universidade INTOSAI (U-INTOSAI). Para entender como usamos os seus dados pessoais, leia a Pol\u00edtica de Cookies e a nossa Pol\u00edtica de Privacidade. Como funcionam as cookies [&hellip;]<\/p>\n","protected":false},"author":1,"featured_media":0,"parent":0,"menu_order":0,"comment_status":"closed","ping_status":"closed","template":"","meta":{"_acf_changed":false,"pmpro_default_level":"","footnotes":""},"class_list":["post-9512","page","type-page","status-publish","hentry","pmpro-has-access"],"acf":[],"yoast_head":"<!-- This site is optimized with the Yoast SEO plugin v27.3 - https:\/\/yoast.com\/product\/yoast-seo-wordpress\/ -->\n<title>Pol\u00edtica de Cookies | U-INTOSAI<\/title>\n<meta name=\"description\" content=\"Pol\u00edtica de Cookies\" \/>\n<meta name=\"robots\" content=\"index, follow, max-snippet:-1, max-image-preview:large, max-video-preview:-1\" \/>\n<link rel=\"canonical\" href=\"https:\/\/u-intosai.org\/pt-pt\/politica-de-cookies\/\" \/>\n<meta property=\"og:locale\" content=\"pt_PT\" \/>\n<meta property=\"og:type\" content=\"article\" \/>\n<meta property=\"og:title\" content=\"Pol\u00edtica de Cookies | U-INTOSAI\" \/>\n<meta property=\"og:description\" content=\"Pol\u00edtica de Cookies\" \/>\n<meta property=\"og:url\" content=\"https:\/\/u-intosai.org\/pt-pt\/politica-de-cookies\/\" \/>\n<meta property=\"og:site_name\" content=\"U-INTOSAI\" \/>\n<meta property=\"article:modified_time\" content=\"2021-10-05T17:10:13+00:00\" \/>\n<meta property=\"og:image\" content=\"https:\/\/u-intosai.org\/wp-content\/uploads\/2022\/01\/video-poster-11920x1080-1.jpg\" \/>\n\t<meta property=\"og:image:width\" content=\"1920\" \/>\n\t<meta property=\"og:image:height\" content=\"1080\" \/>\n\t<meta property=\"og:image:type\" content=\"image\/jpeg\" \/>\n<meta name=\"twitter:card\" content=\"summary_large_image\" \/>\n<meta name=\"twitter:site\" content=\"@Incosai2019\" \/>\n<meta name=\"twitter:label1\" content=\"Tempo estimado de leitura\" \/>\n\t<meta name=\"twitter:data1\" content=\"4 minutos\" \/>\n<script type=\"application\/ld+json\" class=\"yoast-schema-graph\">{\"@context\":\"https:\\\/\\\/schema.org\",\"@graph\":[{\"@type\":\"WebPage\",\"@id\":\"https:\\\/\\\/u-intosai.org\\\/pt-pt\\\/politica-de-cookies\\\/\",\"url\":\"https:\\\/\\\/u-intosai.org\\\/pt-pt\\\/politica-de-cookies\\\/\",\"name\":\"Pol\u00edtica de Cookies | U-INTOSAI\",\"isPartOf\":{\"@id\":\"https:\\\/\\\/u-intosai.org\\\/pt-pt\\\/#website\"},\"datePublished\":\"2021-10-05T17:06:14+00:00\",\"dateModified\":\"2021-10-05T17:10:13+00:00\",\"description\":\"Pol\u00edtica de Cookies\",\"breadcrumb\":{\"@id\":\"https:\\\/\\\/u-intosai.org\\\/pt-pt\\\/politica-de-cookies\\\/#breadcrumb\"},\"inLanguage\":\"pt-PT\",\"potentialAction\":[{\"@type\":\"ReadAction\",\"target\":[\"https:\\\/\\\/u-intosai.org\\\/pt-pt\\\/politica-de-cookies\\\/\"]}]},{\"@type\":\"BreadcrumbList\",\"@id\":\"https:\\\/\\\/u-intosai.org\\\/pt-pt\\\/politica-de-cookies\\\/#breadcrumb\",\"itemListElement\":[{\"@type\":\"ListItem\",\"position\":1,\"name\":\"U-INTOSAI\",\"item\":\"https:\\\/\\\/u-intosai.org\\\/pt-pt\\\/\"},{\"@type\":\"ListItem\",\"position\":2,\"name\":\"Pol\u00edtica de Cookies\"}]},{\"@type\":\"WebSite\",\"@id\":\"https:\\\/\\\/u-intosai.org\\\/pt-pt\\\/#website\",\"url\":\"https:\\\/\\\/u-intosai.org\\\/pt-pt\\\/\",\"name\":\"U-INTOSAI\",\"description\":\"U-INTOSAI is an open online educational platform for all INTOSAI members created as a unique space for exchanging experience and advanced knowledge.\",\"publisher\":{\"@id\":\"https:\\\/\\\/u-intosai.org\\\/pt-pt\\\/#organization\"},\"potentialAction\":[{\"@type\":\"SearchAction\",\"target\":{\"@type\":\"EntryPoint\",\"urlTemplate\":\"https:\\\/\\\/u-intosai.org\\\/pt-pt\\\/?s={search_term_string}\"},\"query-input\":{\"@type\":\"PropertyValueSpecification\",\"valueRequired\":true,\"valueName\":\"search_term_string\"}}],\"inLanguage\":\"pt-PT\"},{\"@type\":\"Organization\",\"@id\":\"https:\\\/\\\/u-intosai.org\\\/pt-pt\\\/#organization\",\"name\":\"U-INTOSAI \u2014 University of INTOSAI\",\"url\":\"https:\\\/\\\/u-intosai.org\\\/pt-pt\\\/\",\"logo\":{\"@type\":\"ImageObject\",\"inLanguage\":\"pt-PT\",\"@id\":\"https:\\\/\\\/u-intosai.org\\\/pt-pt\\\/#\\\/schema\\\/logo\\\/image\\\/\",\"url\":\"https:\\\/\\\/u-intosai.org\\\/wp-content\\\/uploads\\\/2021\\\/08\\\/miniu-intosai-logo.png\",\"contentUrl\":\"https:\\\/\\\/u-intosai.org\\\/wp-content\\\/uploads\\\/2021\\\/08\\\/miniu-intosai-logo.png\",\"width\":1000,\"height\":479,\"caption\":\"U-INTOSAI \u2014 University of INTOSAI\"},\"image\":{\"@id\":\"https:\\\/\\\/u-intosai.org\\\/pt-pt\\\/#\\\/schema\\\/logo\\\/image\\\/\"},\"sameAs\":[\"https:\\\/\\\/x.com\\\/Incosai2019\",\"https:\\\/\\\/www.youtube.com\\\/channel\\\/UCjD--8sXtgxoPrxRQ_rz5GQ\"]}]}<\/script>\n<!-- \/ Yoast SEO plugin. -->","yoast_head_json":{"title":"Pol\u00edtica de Cookies | U-INTOSAI","description":"Pol\u00edtica de Cookies","robots":{"index":"index","follow":"follow","max-snippet":"max-snippet:-1","max-image-preview":"max-image-preview:large","max-video-preview":"max-video-preview:-1"},"canonical":"https:\/\/u-intosai.org\/pt-pt\/politica-de-cookies\/","og_locale":"pt_PT","og_type":"article","og_title":"Pol\u00edtica de Cookies | U-INTOSAI","og_description":"Pol\u00edtica de Cookies","og_url":"https:\/\/u-intosai.org\/pt-pt\/politica-de-cookies\/","og_site_name":"U-INTOSAI","article_modified_time":"2021-10-05T17:10:13+00:00","og_image":[{"width":1920,"height":1080,"url":"https:\/\/u-intosai.org\/wp-content\/uploads\/2022\/01\/video-poster-11920x1080-1.jpg","type":"image\/jpeg"}],"twitter_card":"summary_large_image","twitter_site":"@Incosai2019","twitter_misc":{"Tempo estimado de leitura":"4 minutos"},"schema":{"@context":"https:\/\/schema.org","@graph":[{"@type":"WebPage","@id":"https:\/\/u-intosai.org\/pt-pt\/politica-de-cookies\/","url":"https:\/\/u-intosai.org\/pt-pt\/politica-de-cookies\/","name":"Pol\u00edtica de Cookies | U-INTOSAI","isPartOf":{"@id":"https:\/\/u-intosai.org\/pt-pt\/#website"},"datePublished":"2021-10-05T17:06:14+00:00","dateModified":"2021-10-05T17:10:13+00:00","description":"Pol\u00edtica de Cookies","breadcrumb":{"@id":"https:\/\/u-intosai.org\/pt-pt\/politica-de-cookies\/#breadcrumb"},"inLanguage":"pt-PT","potentialAction":[{"@type":"ReadAction","target":["https:\/\/u-intosai.org\/pt-pt\/politica-de-cookies\/"]}]},{"@type":"BreadcrumbList","@id":"https:\/\/u-intosai.org\/pt-pt\/politica-de-cookies\/#breadcrumb","itemListElement":[{"@type":"ListItem","position":1,"name":"U-INTOSAI","item":"https:\/\/u-intosai.org\/pt-pt\/"},{"@type":"ListItem","position":2,"name":"Pol\u00edtica de Cookies"}]},{"@type":"WebSite","@id":"https:\/\/u-intosai.org\/pt-pt\/#website","url":"https:\/\/u-intosai.org\/pt-pt\/","name":"U-INTOSAI","description":"U-INTOSAI is an open online educational platform for all INTOSAI members created as a unique space for exchanging experience and advanced knowledge.","publisher":{"@id":"https:\/\/u-intosai.org\/pt-pt\/#organization"},"potentialAction":[{"@type":"SearchAction","target":{"@type":"EntryPoint","urlTemplate":"https:\/\/u-intosai.org\/pt-pt\/?s={search_term_string}"},"query-input":{"@type":"PropertyValueSpecification","valueRequired":true,"valueName":"search_term_string"}}],"inLanguage":"pt-PT"},{"@type":"Organization","@id":"https:\/\/u-intosai.org\/pt-pt\/#organization","name":"U-INTOSAI \u2014 University of INTOSAI","url":"https:\/\/u-intosai.org\/pt-pt\/","logo":{"@type":"ImageObject","inLanguage":"pt-PT","@id":"https:\/\/u-intosai.org\/pt-pt\/#\/schema\/logo\/image\/","url":"https:\/\/u-intosai.org\/wp-content\/uploads\/2021\/08\/miniu-intosai-logo.png","contentUrl":"https:\/\/u-intosai.org\/wp-content\/uploads\/2021\/08\/miniu-intosai-logo.png","width":1000,"height":479,"caption":"U-INTOSAI \u2014 University of INTOSAI"},"image":{"@id":"https:\/\/u-intosai.org\/pt-pt\/#\/schema\/logo\/image\/"},"sameAs":["https:\/\/x.com\/Incosai2019","https:\/\/www.youtube.com\/channel\/UCjD--8sXtgxoPrxRQ_rz5GQ"]}]}},"_links":{"self":[{"href":"https:\/\/u-intosai.org\/pt-pt\/wp-json\/wp\/v2\/pages\/9512","targetHints":{"allow":["GET"]}}],"collection":[{"href":"https:\/\/u-intosai.org\/pt-pt\/wp-json\/wp\/v2\/pages"}],"about":[{"href":"https:\/\/u-intosai.org\/pt-pt\/wp-json\/wp\/v2\/types\/page"}],"author":[{"embeddable":true,"href":"https:\/\/u-intosai.org\/pt-pt\/wp-json\/wp\/v2\/users\/1"}],"replies":[{"embeddable":true,"href":"https:\/\/u-intosai.org\/pt-pt\/wp-json\/wp\/v2\/comments?post=9512"}],"version-history":[{"count":2,"href":"https:\/\/u-intosai.org\/pt-pt\/wp-json\/wp\/v2\/pages\/9512\/revisions"}],"predecessor-version":[{"id":9514,"href":"https:\/\/u-intosai.org\/pt-pt\/wp-json\/wp\/v2\/pages\/9512\/revisions\/9514"}],"wp:attachment":[{"href":"https:\/\/u-intosai.org\/pt-pt\/wp-json\/wp\/v2\/media?parent=9512"}],"curies":[{"name":"wp","href":"https:\/\/api.w.org\/{rel}","templated":true}]}}