{"id":9517,"date":"2021-10-05T17:35:37","date_gmt":"2021-10-05T17:35:37","guid":{"rendered":"https:\/\/u-intosai.org\/sobre-nos\/"},"modified":"2023-04-25T23:07:35","modified_gmt":"2023-04-25T20:07:35","slug":"sobre-nos","status":"publish","type":"page","link":"https:\/\/u-intosai.org\/pt-pt\/sobre-nos\/","title":{"rendered":"Sobre n\u00f3s"},"content":{"rendered":"<div class=\"wpb-content-wrapper\"><p>[vc_row][vc_column][vc_custom_heading text=&#8221;Universidade para Comunidade da INTOSAI&#8221; font_container=&#8221;tag:h1|text_align:center&#8221; use_theme_fonts=&#8221;yes&#8221; css=&#8221;.vc_custom_1649424591113{margin-bottom: 29px !important;}&#8221;][vc_custom_heading text=&#8221;Educando os auditores do futuro&#8221; font_container=&#8221;tag:h2|text_align:center&#8221; use_theme_fonts=&#8221;yes&#8221; css=&#8221;.vc_custom_1607628239993{margin-bottom: 29px !important;}&#8221;][vc_column_text]<\/p>\n<p style=\"text-align: justify;\">Um dos resultados do XXIII Congresso da INTOSAI foi a aprova\u00e7\u00e3o da <a href=\"https:\/\/intosairussia.org\/images\/docs\/moscowdeclaration\/Moscow-declaration(EN).pdf\" target=\"_blank\" rel=\"noopener\">Declara\u00e7\u00e3o de Moscovo<\/a>. A relev\u00e2ncia e a import\u00e2ncia da implementa\u00e7\u00e3o dos seus princ\u00edpios n\u00e3o deixam d\u00favidas, o que tem sido confirmado repetidamente no contexto da pandemia.<\/p>\n<p>[\/vc_column_text][\/vc_column][\/vc_row][vc_row][vc_column][vc_images_carousel images=&#8221;9527,9555,9541,9520,9534&#8243; img_size=&#8221;full&#8221; onclick=&#8221;link_no&#8221; autoplay=&#8221;yes&#8221; css_animation=&#8221;bounceIn&#8221;][\/vc_column][\/vc_row][vc_row][vc_column][vc_column_text]<a href=\"https:\/\/ach.gov.ru\/\">O Tribunal de Contas da Federa\u00e7\u00e3o da R\u00fassia<\/a><u>,<\/u> como <a href=\"https:\/\/intosairussia.org\/intosai-chair\/about-chair.html\">Presidente da INTOSAI,<\/a> assume a sua responsabilidade n\u00e3o s\u00f3 pela qualidade dos documentos finais adotados, mas tamb\u00e9m pela implementa\u00e7\u00e3o das suas disposi\u00e7\u00f5es nas atividades pr\u00e1ticas, em benef\u00edcio de toda a comunidade de auditoria.<\/p>\n<p>Uma das tarefas priorit\u00e1rias para atingir este objetivo \u00e9 garantir a abertura e a acessibilidade dos conhecimentos acumulados pela\u00a0 <a href=\"https:\/\/www.intosai.org\/\">comunidade da<\/a><u> INTOSAI<\/u>, para uma troca ativa de experi\u00eancias e o desenvolvimento das capacidades profissionais e novas compet\u00eancias dos auditores, de acordo com os 10 princ\u00edpios anunciados na <a href=\"https:\/\/intosairussia.org\/images\/docs\/moscowdeclaration\/Moscow-declaration(EN).pdf\">Declara\u00e7\u00e3o de Moscovo,<\/a> bem como com as disposi\u00e7\u00f5es dos documentos que ser\u00e3o adotados nos Congressos subsequentes da INTOSAI. A <strong>Universidade para Comunidade da INTOSAI<\/strong>\u00a0(doravante, U-INTOSAI) atende amplamente a este prop\u00f3sito.<\/p>\n<p>U-INTOSAI \u00e9 uma plataforma de educa\u00e7\u00e3o aberta on-line para todos os membros da INTOSAI, que proporcionar\u00e1 um espa\u00e7o \u00fanico para compartilhar experi\u00eancias e conhecimentos de ponta.<\/p>\n<p>A Universidade oferecer\u00e1 a toda a comunidade de auditoria global n\u00e3o apenas formatos educacionais cl\u00e1ssicos (<a href=\"https:\/\/u-intosai.org\/pt-pt\/courses\/\">cursos on-line<\/a>, webinars), mas tamb\u00e9m usar\u00e1 os melhores projetos e manuais pr\u00e1ticos da INTOSAI e integrar\u00e1 as iniciativas acad\u00e9micas existentes para educar os auditores do futuro.[\/vc_column_text][vc_custom_heading text=&#8221;Principais caracter\u00edsticas da U-INTOSAI&#8221; font_container=&#8221;tag:h2|text_align:center&#8221; use_theme_fonts=&#8221;yes&#8221; css=&#8221;.vc_custom_1633455585544{margin-bottom: 29px !important;}&#8221;][\/vc_column][\/vc_row][vc_row][vc_column width=&#8221;1\/6&#8243;][\/vc_column][vc_column width=&#8221;1\/6&#8243;][\/vc_column][vc_column width=&#8221;1\/6&#8243;][\/vc_column][vc_column width=&#8221;1\/6&#8243;][\/vc_column][vc_column width=&#8221;1\/6&#8243;][\/vc_column][vc_column width=&#8221;1\/6&#8243;][\/vc_column][\/vc_row][vc_row][vc_column width=&#8221;1\/2&#8243; css=&#8221;.vc_custom_1613663237433{margin-top: -60px !important;}&#8221;][stm_icon_box hover_pos=&#8221;none&#8221; icon=&#8221;fas fa-file-alt&#8221; icon_size=&#8221;40&#8243; icon_height=&#8221;10&#8243; icon_color=&#8221;#960755&#8243; css_icon=&#8221;.vc_custom_1613665259867{margin-left: 45% !important;}&#8221;][\/stm_icon_box][vc_cta h2=&#8221;&#8221; txt_align=&#8221;center&#8221;]<\/p>\n<h3 style=\"text-align: center;\">Ferramenta para promover os documentos finais da INTOSAI<\/h3>\n<h3>\u00a0<\/h3>\n<p>[\/vc_cta][\/vc_column][vc_column width=&#8221;1\/2&#8243; css=&#8221;.vc_custom_1613663244082{margin-top: -60px !important;}&#8221;][stm_icon_box hover_pos=&#8221;none&#8221; icon=&#8221;fas fa-database&#8221; icon_size=&#8221;40&#8243; icon_height=&#8221;10&#8243; icon_color=&#8221;#960755&#8243; css_icon=&#8221;.vc_custom_1613665267195{margin-left: 45% !important;}&#8221;][\/stm_icon_box][vc_cta h2=&#8221;&#8221;]<\/p>\n<h3 style=\"text-align: center;\">Reposit\u00f3rio da pr\u00e1tica e conhecimentos acumulados durante anos pela comunidade da INTOSAI<\/h3>\n<p>[\/vc_cta][\/vc_column][\/vc_row][vc_row][vc_column width=&#8221;1\/6&#8243;][\/vc_column][vc_column width=&#8221;1\/6&#8243;][\/vc_column][vc_column width=&#8221;1\/6&#8243;][\/vc_column][vc_column width=&#8221;1\/6&#8243;][\/vc_column][vc_column width=&#8221;1\/6&#8243;][\/vc_column][vc_column width=&#8221;1\/6&#8243;][\/vc_column][\/vc_row][vc_row][vc_column width=&#8221;1\/2&#8243; css=&#8221;.vc_custom_1613663249744{margin-top: -60px !important;}&#8221;][stm_icon_box hover_pos=&#8221;none&#8221; icon=&#8221;fas fa-briefcase&#8221; icon_size=&#8221;40&#8243; icon_height=&#8221;10&#8243; icon_color=&#8221;#960755&#8243; css_icon=&#8221;.vc_custom_1613665324812{margin-left: 45% !important;}&#8221;][\/stm_icon_box][vc_cta h2=&#8221;&#8221; txt_align=&#8221;center&#8221;]<\/p>\n<h3 style=\"text-align: center;\">Centro de excel\u00eancia para a comunidade de auditoria que refor\u00e7a o crescimento das capacidades e da influ\u00eancia global das Institui\u00e7\u00f5es Superiores de Controlo (ISC)<\/h3>\n<p>[\/vc_cta][\/vc_column][vc_column width=&#8221;1\/2&#8243; css=&#8221;.vc_custom_1613663255064{margin-top: -60px !important;}&#8221;][stm_icon_box hover_pos=&#8221;none&#8221; icon=&#8221;fa fa-envelope-open&#8221; icon_size=&#8221;40&#8243; icon_height=&#8221;10&#8243; icon_color=&#8221;#960755&#8243; css_icon=&#8221;.vc_custom_1653293123212{margin-left: 45% !important;}&#8221;][\/stm_icon_box][vc_cta h2=&#8221;&#8221;]<\/p>\n<h3 style=\"text-align: center;\">Uma plataforma aberta para educar auditores do futuro e consolidar as iniciativas educacionais existentes da INTOSAI<\/h3>\n<h3>\u00a0<\/h3>\n<p>[\/vc_cta][\/vc_column][\/vc_row][vc_row css=&#8221;.vc_custom_1435816078010{margin-bottom: 15px !important;}&#8221;][vc_column width=&#8221;1\/2&#8243;][vc_column_text css=&#8221;.vc_custom_1633456038169{margin-bottom: 32px !important;}&#8221;]Conhecimentos profissionais excepcionais, bem como normas, diretrizes e as melhores pr\u00e1ticas em auditoria do setor p\u00fablico, desenvolvidas pelos especialistas dos Comit\u00e9s Espec\u00edficos da INTOSAI e da Iniciativa de Desenvolvimento da INTOSAI (IDI), s\u00e3o agora a principal fonte de informa\u00e7\u00e3o para as ISC na adapta\u00e7\u00e3o individual das suas atividades.[\/vc_column_text][vc_tta_tabs][vc_tta_section title=&#8221;FORMA\u00c7\u00c3O&#8221; tab_id=&#8221;1532604609823-e6c605b3-04c5&#8243;][vc_column_text]<\/p>\n<ul>\n<li>Cursos<\/li>\n<li>Semin\u00e1rios e webinars<\/li>\n<li>Palestras<\/li>\n<\/ul>\n<p>[\/vc_column_text][\/vc_tta_section][vc_tta_section title=&#8221;PESQUISA&#8221; tab_id=&#8221;1532604609845-4edaaecf-303f&#8221;][vc_column_text]<\/p>\n<ul>\n<li>Projetos cient\u00edficos<\/li>\n<li>Bases de dados para an\u00e1lise<\/li>\n<li>Publica\u00e7\u00f5es<\/li>\n<\/ul>\n<p>[\/vc_column_text][\/vc_tta_section][vc_tta_section title=&#8221;ATIVIDADES&#8221; tab_id=&#8221;1607627645233-0cc3e844-f4e7&#8243;][vc_column_text]<\/p>\n<ul>\n<li>Confer\u00eancias cientificas e pr\u00e1ticas<\/li>\n<li>Hackathons<\/li>\n<li>Debates p\u00fablicos<\/li>\n<li>Projetos Especiais<\/li>\n<\/ul>\n<p>[\/vc_column_text][\/vc_tta_section][vc_tta_section title=&#8221;BASE DE CONHECIMENTOS&#8221; tab_id=&#8221;1607627787370-dfe795c7-def1&#8243;][vc_column_text]<\/p>\n<ul>\n<li>Bibliotecas digitais<\/li>\n<li>Refer\u00eancias<\/li>\n<li>Compila\u00e7\u00e3o de boas pr\u00e1ticas<\/li>\n<\/ul>\n<p>[\/vc_column_text][\/vc_tta_section][\/vc_tta_tabs][\/vc_column][vc_column width=&#8221;1\/2&#8243;][vc_custom_heading text=&#8221;Membros e utilizadores da U-INTOSAI:&#8221; font_container=&#8221;tag:h3|text_align:left&#8221; use_theme_fonts=&#8221;yes&#8221; css=&#8221;.vc_custom_1649424627460{margin-bottom: 29px !important;}&#8221;][vc_column_text css=&#8221;.vc_custom_1633456105595{margin-bottom: 32px !important;}&#8221;]<\/p>\n<ul>\n<li>Secretariado e especialistas da INTOSAI<\/li>\n<li>Pessoal das ISC<\/li>\n<li>Alunos<\/li>\n<li>Especialistas internacionais e organiza\u00e7\u00f5es de pesquisa (de an\u00e1lise)<\/li>\n<li>Representantes da sociedade civil e dos<em> media<\/em><\/li>\n<\/ul>\n<p>Em paralelo, no contexto de um mundo em mudan\u00e7a vertiginosa, a penetra\u00e7\u00e3o de tecnologias de informa\u00e7\u00e3o em todas as esferas da vida e o crescente n\u00famero de problemas sociais, ecol\u00f3gicos e epidemiol\u00f3gicos, torna necess\u00e1rio o desenvolvimento constante das novas compet\u00eancias dos auditores, tal como o desenvolvimento das capacidades das ISC, com vista ao desempenho qualitativo e eficaz das suas fun\u00e7\u00f5es.[\/vc_column_text][\/vc_column][\/vc_row][vc_row][vc_column][vc_custom_heading text=&#8221;EM COLABORA\u00c7\u00c3O COM&#8221; font_container=&#8221;tag:h2|text_align:center&#8221; use_theme_fonts=&#8221;yes&#8221; css=&#8221;.vc_custom_1660209406628{margin-bottom: 29px !important;}&#8221;][vc_gallery images=&#8221;18154,18213,18196,18205,18188,30567&#8243; img_size=&#8221;290&#215;100&#8243; onclick=&#8221;&#8221;][\/vc_column][\/vc_row]<\/p>\n<\/div>","protected":false},"excerpt":{"rendered":"<p>[vc_row][vc_column][vc_custom_heading text=&#8221;Universidade para Comunidade da INTOSAI&#8221; font_container=&#8221;tag:h1|text_align:center&#8221; use_theme_fonts=&#8221;yes&#8221; css=&#8221;.vc_custom_1649424591113{margin-bottom: 29px !important;}&#8221;][vc_custom_heading text=&#8221;Educando os auditores do futuro&#8221; font_container=&#8221;tag:h2|text_align:center&#8221; use_theme_fonts=&#8221;yes&#8221; css=&#8221;.vc_custom_1607628239993{margin-bottom: 29px !important;}&#8221;][vc_column_text] Um dos resultados do XXIII Congresso da INTOSAI foi a aprova\u00e7\u00e3o da Declara\u00e7\u00e3o de Moscovo. A relev\u00e2ncia e a import\u00e2ncia da implementa\u00e7\u00e3o dos seus princ\u00edpios n\u00e3o deixam d\u00favidas, o que tem sido confirmado repetidamente [&hellip;]<\/p>\n","protected":false},"author":1,"featured_media":0,"parent":0,"menu_order":0,"comment_status":"closed","ping_status":"closed","template":"","meta":{"_acf_changed":false,"pmpro_default_level":"","footnotes":""},"class_list":["post-9517","page","type-page","status-publish","hentry","pmpro-has-access"],"acf":[],"yoast_head":"<!-- This site is optimized with the Yoast SEO plugin v27.3 - https:\/\/yoast.com\/product\/yoast-seo-wordpress\/ -->\n<title>Sobre n\u00f3s | U-INTOSAI<\/title>\n<meta name=\"description\" content=\"Sobre n\u00f3s\" \/>\n<meta name=\"robots\" content=\"index, follow, max-snippet:-1, max-image-preview:large, max-video-preview:-1\" \/>\n<link rel=\"canonical\" href=\"https:\/\/u-intosai.org\/pt-pt\/sobre-nos\/\" \/>\n<meta property=\"og:locale\" content=\"pt_PT\" \/>\n<meta property=\"og:type\" content=\"article\" \/>\n<meta property=\"og:title\" content=\"Sobre n\u00f3s | U-INTOSAI\" \/>\n<meta property=\"og:description\" content=\"Sobre n\u00f3s\" \/>\n<meta property=\"og:url\" content=\"https:\/\/u-intosai.org\/pt-pt\/sobre-nos\/\" \/>\n<meta property=\"og:site_name\" content=\"U-INTOSAI\" \/>\n<meta property=\"article:modified_time\" content=\"2023-04-25T20:07:35+00:00\" \/>\n<meta property=\"og:image\" content=\"https:\/\/u-intosai.org\/wp-content\/uploads\/2022\/01\/video-poster-11920x1080-1.jpg\" \/>\n\t<meta property=\"og:image:width\" content=\"1920\" \/>\n\t<meta property=\"og:image:height\" content=\"1080\" \/>\n\t<meta property=\"og:image:type\" content=\"image\/jpeg\" \/>\n<meta name=\"twitter:card\" content=\"summary_large_image\" \/>\n<meta name=\"twitter:site\" content=\"@Incosai2019\" \/>\n<meta name=\"twitter:label1\" content=\"Tempo estimado de leitura\" \/>\n\t<meta name=\"twitter:data1\" content=\"3 minutos\" \/>\n<script type=\"application\/ld+json\" class=\"yoast-schema-graph\">{\"@context\":\"https:\\\/\\\/schema.org\",\"@graph\":[{\"@type\":\"WebPage\",\"@id\":\"https:\\\/\\\/u-intosai.org\\\/pt-pt\\\/sobre-nos\\\/\",\"url\":\"https:\\\/\\\/u-intosai.org\\\/pt-pt\\\/sobre-nos\\\/\",\"name\":\"Sobre n\u00f3s | U-INTOSAI\",\"isPartOf\":{\"@id\":\"https:\\\/\\\/u-intosai.org\\\/pt-pt\\\/#website\"},\"datePublished\":\"2021-10-05T17:35:37+00:00\",\"dateModified\":\"2023-04-25T20:07:35+00:00\",\"description\":\"Sobre n\u00f3s\",\"breadcrumb\":{\"@id\":\"https:\\\/\\\/u-intosai.org\\\/pt-pt\\\/sobre-nos\\\/#breadcrumb\"},\"inLanguage\":\"pt-PT\",\"potentialAction\":[{\"@type\":\"ReadAction\",\"target\":[\"https:\\\/\\\/u-intosai.org\\\/pt-pt\\\/sobre-nos\\\/\"]}]},{\"@type\":\"BreadcrumbList\",\"@id\":\"https:\\\/\\\/u-intosai.org\\\/pt-pt\\\/sobre-nos\\\/#breadcrumb\",\"itemListElement\":[{\"@type\":\"ListItem\",\"position\":1,\"name\":\"U-INTOSAI\",\"item\":\"https:\\\/\\\/u-intosai.org\\\/pt-pt\\\/\"},{\"@type\":\"ListItem\",\"position\":2,\"name\":\"Sobre n\u00f3s\"}]},{\"@type\":\"WebSite\",\"@id\":\"https:\\\/\\\/u-intosai.org\\\/pt-pt\\\/#website\",\"url\":\"https:\\\/\\\/u-intosai.org\\\/pt-pt\\\/\",\"name\":\"U-INTOSAI\",\"description\":\"U-INTOSAI is an open online educational platform for all INTOSAI members created as a unique space for exchanging experience and advanced knowledge.\",\"publisher\":{\"@id\":\"https:\\\/\\\/u-intosai.org\\\/pt-pt\\\/#organization\"},\"potentialAction\":[{\"@type\":\"SearchAction\",\"target\":{\"@type\":\"EntryPoint\",\"urlTemplate\":\"https:\\\/\\\/u-intosai.org\\\/pt-pt\\\/?s={search_term_string}\"},\"query-input\":{\"@type\":\"PropertyValueSpecification\",\"valueRequired\":true,\"valueName\":\"search_term_string\"}}],\"inLanguage\":\"pt-PT\"},{\"@type\":\"Organization\",\"@id\":\"https:\\\/\\\/u-intosai.org\\\/pt-pt\\\/#organization\",\"name\":\"U-INTOSAI \u2014 University of INTOSAI\",\"url\":\"https:\\\/\\\/u-intosai.org\\\/pt-pt\\\/\",\"logo\":{\"@type\":\"ImageObject\",\"inLanguage\":\"pt-PT\",\"@id\":\"https:\\\/\\\/u-intosai.org\\\/pt-pt\\\/#\\\/schema\\\/logo\\\/image\\\/\",\"url\":\"https:\\\/\\\/u-intosai.org\\\/wp-content\\\/uploads\\\/2021\\\/08\\\/miniu-intosai-logo.png\",\"contentUrl\":\"https:\\\/\\\/u-intosai.org\\\/wp-content\\\/uploads\\\/2021\\\/08\\\/miniu-intosai-logo.png\",\"width\":1000,\"height\":479,\"caption\":\"U-INTOSAI \u2014 University of INTOSAI\"},\"image\":{\"@id\":\"https:\\\/\\\/u-intosai.org\\\/pt-pt\\\/#\\\/schema\\\/logo\\\/image\\\/\"},\"sameAs\":[\"https:\\\/\\\/x.com\\\/Incosai2019\",\"https:\\\/\\\/www.youtube.com\\\/channel\\\/UCjD--8sXtgxoPrxRQ_rz5GQ\"]}]}<\/script>\n<!-- \/ Yoast SEO plugin. -->","yoast_head_json":{"title":"Sobre n\u00f3s | U-INTOSAI","description":"Sobre n\u00f3s","robots":{"index":"index","follow":"follow","max-snippet":"max-snippet:-1","max-image-preview":"max-image-preview:large","max-video-preview":"max-video-preview:-1"},"canonical":"https:\/\/u-intosai.org\/pt-pt\/sobre-nos\/","og_locale":"pt_PT","og_type":"article","og_title":"Sobre n\u00f3s | U-INTOSAI","og_description":"Sobre n\u00f3s","og_url":"https:\/\/u-intosai.org\/pt-pt\/sobre-nos\/","og_site_name":"U-INTOSAI","article_modified_time":"2023-04-25T20:07:35+00:00","og_image":[{"width":1920,"height":1080,"url":"https:\/\/u-intosai.org\/wp-content\/uploads\/2022\/01\/video-poster-11920x1080-1.jpg","type":"image\/jpeg"}],"twitter_card":"summary_large_image","twitter_site":"@Incosai2019","twitter_misc":{"Tempo estimado de leitura":"3 minutos"},"schema":{"@context":"https:\/\/schema.org","@graph":[{"@type":"WebPage","@id":"https:\/\/u-intosai.org\/pt-pt\/sobre-nos\/","url":"https:\/\/u-intosai.org\/pt-pt\/sobre-nos\/","name":"Sobre n\u00f3s | U-INTOSAI","isPartOf":{"@id":"https:\/\/u-intosai.org\/pt-pt\/#website"},"datePublished":"2021-10-05T17:35:37+00:00","dateModified":"2023-04-25T20:07:35+00:00","description":"Sobre n\u00f3s","breadcrumb":{"@id":"https:\/\/u-intosai.org\/pt-pt\/sobre-nos\/#breadcrumb"},"inLanguage":"pt-PT","potentialAction":[{"@type":"ReadAction","target":["https:\/\/u-intosai.org\/pt-pt\/sobre-nos\/"]}]},{"@type":"BreadcrumbList","@id":"https:\/\/u-intosai.org\/pt-pt\/sobre-nos\/#breadcrumb","itemListElement":[{"@type":"ListItem","position":1,"name":"U-INTOSAI","item":"https:\/\/u-intosai.org\/pt-pt\/"},{"@type":"ListItem","position":2,"name":"Sobre n\u00f3s"}]},{"@type":"WebSite","@id":"https:\/\/u-intosai.org\/pt-pt\/#website","url":"https:\/\/u-intosai.org\/pt-pt\/","name":"U-INTOSAI","description":"U-INTOSAI is an open online educational platform for all INTOSAI members created as a unique space for exchanging experience and advanced knowledge.","publisher":{"@id":"https:\/\/u-intosai.org\/pt-pt\/#organization"},"potentialAction":[{"@type":"SearchAction","target":{"@type":"EntryPoint","urlTemplate":"https:\/\/u-intosai.org\/pt-pt\/?s={search_term_string}"},"query-input":{"@type":"PropertyValueSpecification","valueRequired":true,"valueName":"search_term_string"}}],"inLanguage":"pt-PT"},{"@type":"Organization","@id":"https:\/\/u-intosai.org\/pt-pt\/#organization","name":"U-INTOSAI \u2014 University of INTOSAI","url":"https:\/\/u-intosai.org\/pt-pt\/","logo":{"@type":"ImageObject","inLanguage":"pt-PT","@id":"https:\/\/u-intosai.org\/pt-pt\/#\/schema\/logo\/image\/","url":"https:\/\/u-intosai.org\/wp-content\/uploads\/2021\/08\/miniu-intosai-logo.png","contentUrl":"https:\/\/u-intosai.org\/wp-content\/uploads\/2021\/08\/miniu-intosai-logo.png","width":1000,"height":479,"caption":"U-INTOSAI \u2014 University of INTOSAI"},"image":{"@id":"https:\/\/u-intosai.org\/pt-pt\/#\/schema\/logo\/image\/"},"sameAs":["https:\/\/x.com\/Incosai2019","https:\/\/www.youtube.com\/channel\/UCjD--8sXtgxoPrxRQ_rz5GQ"]}]}},"_links":{"self":[{"href":"https:\/\/u-intosai.org\/pt-pt\/wp-json\/wp\/v2\/pages\/9517","targetHints":{"allow":["GET"]}}],"collection":[{"href":"https:\/\/u-intosai.org\/pt-pt\/wp-json\/wp\/v2\/pages"}],"about":[{"href":"https:\/\/u-intosai.org\/pt-pt\/wp-json\/wp\/v2\/types\/page"}],"author":[{"embeddable":true,"href":"https:\/\/u-intosai.org\/pt-pt\/wp-json\/wp\/v2\/users\/1"}],"replies":[{"embeddable":true,"href":"https:\/\/u-intosai.org\/pt-pt\/wp-json\/wp\/v2\/comments?post=9517"}],"version-history":[{"count":25,"href":"https:\/\/u-intosai.org\/pt-pt\/wp-json\/wp\/v2\/pages\/9517\/revisions"}],"predecessor-version":[{"id":30577,"href":"https:\/\/u-intosai.org\/pt-pt\/wp-json\/wp\/v2\/pages\/9517\/revisions\/30577"}],"wp:attachment":[{"href":"https:\/\/u-intosai.org\/pt-pt\/wp-json\/wp\/v2\/media?parent=9517"}],"curies":[{"name":"wp","href":"https:\/\/api.w.org\/{rel}","templated":true}]}}