{"id":9708,"date":"2021-10-06T08:16:40","date_gmt":"2021-10-06T08:16:40","guid":{"rendered":"https:\/\/u-intosai.org\/pagina\/"},"modified":"2026-04-13T14:47:40","modified_gmt":"2026-04-13T11:47:40","slug":"pagina","status":"publish","type":"page","link":"https:\/\/u-intosai.org\/pt-pt\/","title":{"rendered":"Pagina"},"content":{"rendered":"<div class=\"wpb-content-wrapper\"><p>[vc_row css=&#8221;.vc_custom_1536745839740{margin-bottom: 0px !important;}&#8221;][vc_column css=&#8221;.vc_custom_1536745834183{margin-bottom: 0px !important;}&#8221;][rev_slider_vc alias=&#8221;main-slider-en-12&#8243;][\/vc_column][\/vc_row][vc_row css=&#8221;.vc_custom_1536823288236{margin-bottom: 44px !important;}&#8221;][vc_column][stm_lms_courses_categories style=&#8221;style_4&#8243; css=&#8221;.vc_custom_1606171506667{margin-top: -147px !important;}&#8221; taxonomy=&#8221;139, 140, 141, 142, 143&#8243;][\/vc_column][\/vc_row][vc_row][vc_column][vc_cta h2=&#8221;Universidade Digital para Comunidade da INTOSAI (U-INTOSAI)&#8221; txt_align=&#8221;center&#8221; add_button=&#8221;bottom&#8221; btn_title=&#8221;Princ\u00edpios orientadores da U-INTOSAI&#8221; btn_style=&#8221;gradient-custom&#8221; btn_gradient_custom_color_1=&#8221;#960555&#8243; btn_gradient_custom_color_2=&#8221;#934985&#8243; btn_size=&#8221;lg&#8221; btn_align=&#8221;center&#8221; btn_i_icon_fontawesome=&#8221;fas fa-book&#8221; btn_css_animation=&#8221;bounceInLeft&#8221; btn_add_icon=&#8221;true&#8221; btn_link=&#8221;url:https%3A%2F%2Fu-intosai.org%2Fdocs%2FU-INTOSAI-Guidelines.pdf|target:_blank|&#8221;]<\/p>\n<p>Universidade Digital para Comunidade da INTOSAI (U-INTOSAI) \u00e9 um projeto iniciado pelo Tribunal de Contas da Federa\u00e7\u00e3o da R\u00fassia na qualidade de Presidente da INTOSAI. O projeto visa satisfazer a necessidade da comunidade internacional de auditores de consolidar as atividades para promover as capacidades dos \u00f3rg\u00e3os da INTOSAI e das ISC individuais. O marco conceptual para a cria\u00e7\u00e3o da Universidade foi inicialmente definido no 23 Congresso da INTOSAI em Moscovo, em setembro de 2019, como uma das tarefas priorit\u00e1rias da Presid\u00eancia do Tribunal de Contas da Federa\u00e7\u00e3o da R\u00fassia na organiza\u00e7\u00e3o. Ap\u00f3s um trabalho preliminar com as principais partes interessadas no desenvolvimento das capacidades da INTOSAI, a implementa\u00e7\u00e3o do projeto foi aprovada na 74 reuni\u00e3o do Comit\u00e9 Diretivo da INTOSAI, em novembro de 2020.<\/p>\n<p>[\/vc_cta][\/vc_column][\/vc_row][vc_row gap=&#8221;15&#8243; css_animation=&#8221;fadeInUp&#8221; css=&#8221;.vc_custom_1664817712168{margin-top: 15px !important;margin-right: 15px !important;margin-bottom: 15px !important;margin-left: 15px !important;}&#8221;][vc_column width=&#8221;1\/3&#8243;][vc_column_text]<\/p>\n<h2 style=\"text-align: center;\">Curso<\/h2>\n<h2 style=\"text-align: center;\"><span class=\"sbs-count-cpt\">287 <\/span><\/h2>\n<p>[\/vc_column_text][\/vc_column][vc_column width=&#8221;1\/3&#8243;][vc_column_text]<\/p>\n<h2 style=\"text-align: center;\">Li\u00e7\u00e3o<\/h2>\n<h2 style=\"text-align: center;\"><span class=\"sbs-count-cpt\">2,388 <\/span><\/h2>\n<p>[\/vc_column_text][\/vc_column][vc_column width=&#8221;1\/3&#8243;][vc_column_text]<\/p>\n<h2 style=\"text-align: center;\">Autor<\/h2>\n<h2 style=\"text-align: center;\"><div class=\"sbs-count-roles\">58 <\/div><\/h2>\n<p>[\/vc_column_text][\/vc_column][\/vc_row][vc_row el_class=&#8221;overflowed_content&#8221;][vc_column][vc_empty_space height=&#8221;107px&#8221; tablet_height=&#8221;70&#8243; mobile_height=&#8221;50&#8243;][stm_lms_courses_grid hide_load_more=&#8221;hidden&#8221; per_row=&#8221;4&#8243; image_size=&#8221;2000&#215;1125&#8243; posts_per_page=&#8221;32&#8243; title=&#8221;CURSOS EM DESTAQUE&#8221;][vc_btn title=&#8221;Ver mais&#8221; style=&#8221;gradient-custom&#8221; gradient_custom_color_1=&#8221;#960555&#8243; gradient_custom_color_2=&#8221;#934985&#8243; size=&#8221;lg&#8221; align=&#8221;center&#8221; i_icon_fontawesome=&#8221;fa fa-angle-double-right&#8221; add_icon=&#8221;true&#8221; link=&#8221;url:https%3A%2F%2Fu-intosai.org%2Fpt-pt%2Fcourses%2F|title:Cursos|target:_blank|&#8221;][\/vc_column][\/vc_row][vc_row css=&#8221;.vc_custom_1436164243861{margin-bottom: 28px !important;}&#8221;][vc_column][vc_empty_space height=&#8221;107px&#8221; tablet_height=&#8221;70&#8243; mobile_height=&#8221;50&#8243;][vc_custom_heading text=&#8221;NOT\u00cdCIAS E MATERIAIS&#8221; font_container=&#8221;tag:h2|text_align:center&#8221; use_theme_fonts=&#8221;yes&#8221; css=&#8221;.vc_custom_1607631954762{margin-bottom: -13px !important;}&#8221;][vc_row_inner css=&#8221;.vc_custom_1536751636857{margin-bottom: 47px !important;}&#8221;][vc_column_inner][stm_color_separator css=&#8221;.vc_custom_1437023252855{margin-top: 7px !important;margin-bottom: 0px !important;}&#8221;][\/vc_column_inner][\/vc_row_inner][vc_row_inner][vc_column_inner][stm_post_list post_list_per_row=&#8221;3&#8243; post_list_show_date=&#8221;true&#8221; post_list_show_cats=&#8221;true&#8221; post_list_show_tags=&#8221;true&#8221; post_list_show_comments=&#8221;true&#8221; post_list_per_page=&#8221;9&#8243;][\/vc_column_inner][\/vc_row_inner][vc_btn title=&#8221;Todas as not\u00edcias&#8221; style=&#8221;gradient-custom&#8221; gradient_custom_color_1=&#8221;#960555&#8243; gradient_custom_color_2=&#8221;#934985&#8243; size=&#8221;lg&#8221; align=&#8221;center&#8221; i_icon_fontawesome=&#8221;fa fa-angle-double-right&#8221; add_icon=&#8221;true&#8221; link=&#8221;url:https%3A%2F%2Fu-intosai.org%2Fpt-pt%2Fcategory%2Fnoticia%2F|title:Todas%20as%20not%C3%ADcias|target:_blank|&#8221;][\/vc_column][\/vc_row][vc_row disable_element=&#8221;yes&#8221;][vc_column][vc_empty_space height=&#8221;107px&#8221; tablet_height=&#8221;70&#8243; mobile_height=&#8221;50&#8243;][vc_custom_heading text=&#8221;COMIT\u00c9S E ORGANIZA\u00c7\u00d5ES REGIONAIS&#8221; font_container=&#8221;tag:h2|text_align:center&#8221; use_theme_fonts=&#8221;yes&#8221; css=&#8221;.vc_custom_1652953493186{margin-bottom: -13px !important;}&#8221;][stm_color_separator css=&#8221;.vc_custom_1437023252855{margin-top: 7px !important;margin-bottom: 0px !important;}&#8221;][vc_empty_space height=&#8221;50 px&#8221; tablet_height=&#8221;70&#8243; mobile_height=&#8221;50&#8243;][stm_lms_courses_categories number=&#8221;6&#8243; style=&#8221;style_5&#8243; taxonomy=&#8221;160, 173, 161, 162, 163, 167, 164, 168, 380, 169, 165, 166, 170, 171&#8243;][\/vc_column][\/vc_row][vc_row][vc_column][vc_empty_space height=&#8221;107px&#8221; tablet_height=&#8221;70&#8243; mobile_height=&#8221;50&#8243;][vc_custom_heading text=&#8221;CATEGORIAS TEM\u00c1TICAS&#8221; font_container=&#8221;tag:h2|text_align:center&#8221; use_theme_fonts=&#8221;yes&#8221; css=&#8221;.vc_custom_1608735828645{margin-bottom: -13px !important;}&#8221;][stm_color_separator css=&#8221;.vc_custom_1437023252855{margin-top: 7px !important;margin-bottom: 0px !important;}&#8221;][vc_empty_space][stm_lms_courses_categories number=&#8221;6&#8243; style=&#8221;style_3&#8243; taxonomy=&#8221;144, 143, 145, 146, 147, 148, 149, 150, 151, 278, 139, 141, 152, 153, 154, 155, 156, 142, 157, 140, 158, 387, 740, 754&#8243;][\/vc_column][\/vc_row][vc_row][vc_column][vc_custom_heading text=&#8221;EM COLABORA\u00c7\u00c3O COM&#8221; font_container=&#8221;tag:h2|text_align:center&#8221; use_theme_fonts=&#8221;yes&#8221; css=&#8221;.vc_custom_1660209760846{margin-bottom: -13px !important;}&#8221;][stm_color_separator css=&#8221;.vc_custom_1437023252855{margin-top: 7px !important;margin-bottom: 0px !important;}&#8221;][vc_empty_space height=&#8221;50 px&#8221;][vc_gallery images=&#8221;18154,18213,18196,18205,18188,30567&#8243; img_size=&#8221;290&#215;100&#8243; onclick=&#8221;&#8221;][\/vc_column][\/vc_row]<\/p>\n<\/div>","protected":false},"excerpt":{"rendered":"<p>[vc_row css=&#8221;.vc_custom_1536745839740{margin-bottom: 0px !important;}&#8221;][vc_column css=&#8221;.vc_custom_1536745834183{margin-bottom: 0px !important;}&#8221;][rev_slider_vc alias=&#8221;main-slider-en-12&#8243;][\/vc_column][\/vc_row][vc_row css=&#8221;.vc_custom_1536823288236{margin-bottom: 44px !important;}&#8221;][vc_column][stm_lms_courses_categories style=&#8221;style_4&#8243; css=&#8221;.vc_custom_1606171506667{margin-top: -147px !important;}&#8221; taxonomy=&#8221;139, 140, 141, 142, 143&#8243;][\/vc_column][\/vc_row][vc_row][vc_column][vc_cta h2=&#8221;Universidade Digital para Comunidade da INTOSAI (U-INTOSAI)&#8221; txt_align=&#8221;center&#8221; add_button=&#8221;bottom&#8221; btn_title=&#8221;Princ\u00edpios orientadores da U-INTOSAI&#8221; btn_style=&#8221;gradient-custom&#8221; btn_gradient_custom_color_1=&#8221;#960555&#8243; btn_gradient_custom_color_2=&#8221;#934985&#8243; btn_size=&#8221;lg&#8221; btn_align=&#8221;center&#8221; btn_i_icon_fontawesome=&#8221;fas fa-book&#8221; btn_css_animation=&#8221;bounceInLeft&#8221; btn_add_icon=&#8221;true&#8221; btn_link=&#8221;url:https%3A%2F%2Fu-intosai.org%2Fdocs%2FU-INTOSAI-Guidelines.pdf|target:_blank|&#8221;] Universidade Digital para Comunidade da INTOSAI (U-INTOSAI) \u00e9 um projeto iniciado pelo [&hellip;]<\/p>\n","protected":false},"author":1,"featured_media":12179,"parent":0,"menu_order":0,"comment_status":"closed","ping_status":"closed","template":"","meta":{"_acf_changed":false,"pmpro_default_level":"","footnotes":""},"class_list":["post-9708","page","type-page","status-publish","has-post-thumbnail","hentry","pmpro-has-access"],"acf":[],"yoast_head":"<!-- This site is optimized with the Yoast SEO plugin v27.4 - https:\/\/yoast.com\/product\/yoast-seo-wordpress\/ -->\n<title>U-INTOSAI \u2013 Universidade para Comunidade da INTOSAI<\/title>\n<meta name=\"description\" content=\"U-INTOSAI \u00e9 uma plataforma de educa\u00e7\u00e3o on-line para todos os membros da INTOSAI, criada como um espa\u00e7o \u00fanico para partilhar experi\u00eancias e conhecimento.\" \/>\n<meta name=\"robots\" content=\"index, follow, max-snippet:-1, max-image-preview:large, max-video-preview:-1\" \/>\n<link rel=\"canonical\" href=\"https:\/\/u-intosai.org\/pt-pt\/\" \/>\n<meta property=\"og:locale\" content=\"pt_PT\" \/>\n<meta property=\"og:type\" content=\"article\" \/>\n<meta property=\"og:title\" content=\"U-INTOSAI \u2013 Universidade para Comunidade da INTOSAI\" \/>\n<meta property=\"og:description\" content=\"U-INTOSAI \u00e9 uma plataforma de educa\u00e7\u00e3o on-line para todos os membros da INTOSAI, criada como um espa\u00e7o \u00fanico para partilhar experi\u00eancias e conhecimento.\" \/>\n<meta property=\"og:url\" content=\"https:\/\/u-intosai.org\/pt-pt\/\" \/>\n<meta property=\"og:site_name\" content=\"U-INTOSAI\" \/>\n<meta property=\"article:modified_time\" content=\"2026-04-13T11:47:40+00:00\" \/>\n<meta property=\"og:image\" content=\"https:\/\/u-intosai.org\/wp-content\/uploads\/2022\/01\/video-poster-11920x1080-1.jpg\" \/>\n\t<meta property=\"og:image:width\" content=\"1920\" \/>\n\t<meta property=\"og:image:height\" content=\"1080\" \/>\n\t<meta property=\"og:image:type\" content=\"image\/jpeg\" \/>\n<meta name=\"twitter:card\" content=\"summary_large_image\" \/>\n<meta name=\"twitter:title\" content=\"U-INTOSAI \u2013 Universidade para Comunidade da INTOSAI\" \/>\n<meta name=\"twitter:description\" content=\"U-INTOSAI \u00e9 uma plataforma de educa\u00e7\u00e3o on-line para todos os membros da INTOSAI, criada como um espa\u00e7o \u00fanico para partilhar experi\u00eancias e conhecimento.\" \/>\n<meta name=\"twitter:image\" content=\"https:\/\/u-intosai.org\/wp-content\/uploads\/2022\/01\/video-poster-11920x1080-1.jpg\" \/>\n<meta name=\"twitter:site\" content=\"@Incosai2019\" \/>\n<meta name=\"twitter:label1\" content=\"Tempo estimado de leitura\" \/>\n\t<meta name=\"twitter:data1\" content=\"2 minutos\" \/>\n<script type=\"application\/ld+json\" class=\"yoast-schema-graph\">{\"@context\":\"https:\\\/\\\/schema.org\",\"@graph\":[{\"@type\":\"WebPage\",\"@id\":\"https:\\\/\\\/u-intosai.org\\\/pt-pt\\\/\",\"url\":\"https:\\\/\\\/u-intosai.org\\\/pt-pt\\\/\",\"name\":\"U-INTOSAI \u2013 Universidade para Comunidade da INTOSAI\",\"isPartOf\":{\"@id\":\"https:\\\/\\\/u-intosai.org\\\/pt-pt\\\/#website\"},\"primaryImageOfPage\":{\"@id\":\"https:\\\/\\\/u-intosai.org\\\/pt-pt\\\/#primaryimage\"},\"image\":{\"@id\":\"https:\\\/\\\/u-intosai.org\\\/pt-pt\\\/#primaryimage\"},\"thumbnailUrl\":\"https:\\\/\\\/u-intosai.org\\\/wp-content\\\/uploads\\\/2022\\\/01\\\/video-poster-11920x1080-1.jpg\",\"datePublished\":\"2021-10-06T08:16:40+00:00\",\"dateModified\":\"2026-04-13T11:47:40+00:00\",\"description\":\"U-INTOSAI \u00e9 uma plataforma de educa\u00e7\u00e3o on-line para todos os membros da INTOSAI, criada como um espa\u00e7o \u00fanico para partilhar experi\u00eancias e conhecimento.\",\"breadcrumb\":{\"@id\":\"https:\\\/\\\/u-intosai.org\\\/pt-pt\\\/#breadcrumb\"},\"inLanguage\":\"pt-PT\",\"potentialAction\":[{\"@type\":\"ReadAction\",\"target\":[\"https:\\\/\\\/u-intosai.org\\\/pt-pt\\\/\"]}]},{\"@type\":\"ImageObject\",\"inLanguage\":\"pt-PT\",\"@id\":\"https:\\\/\\\/u-intosai.org\\\/pt-pt\\\/#primaryimage\",\"url\":\"https:\\\/\\\/u-intosai.org\\\/wp-content\\\/uploads\\\/2022\\\/01\\\/video-poster-11920x1080-1.jpg\",\"contentUrl\":\"https:\\\/\\\/u-intosai.org\\\/wp-content\\\/uploads\\\/2022\\\/01\\\/video-poster-11920x1080-1.jpg\",\"width\":1920,\"height\":1080},{\"@type\":\"BreadcrumbList\",\"@id\":\"https:\\\/\\\/u-intosai.org\\\/pt-pt\\\/#breadcrumb\",\"itemListElement\":[{\"@type\":\"ListItem\",\"position\":1,\"name\":\"U-INTOSAI\",\"item\":\"https:\\\/\\\/u-intosai.org\\\/pt-pt\\\/\"},{\"@type\":\"ListItem\",\"position\":2,\"name\":\"Pagina\"}]},{\"@type\":\"WebSite\",\"@id\":\"https:\\\/\\\/u-intosai.org\\\/pt-pt\\\/#website\",\"url\":\"https:\\\/\\\/u-intosai.org\\\/pt-pt\\\/\",\"name\":\"U-INTOSAI\",\"description\":\"U-INTOSAI is an open online educational platform for all INTOSAI members created as a unique space for exchanging experience and advanced knowledge.\",\"publisher\":{\"@id\":\"https:\\\/\\\/u-intosai.org\\\/pt-pt\\\/#organization\"},\"potentialAction\":[{\"@type\":\"SearchAction\",\"target\":{\"@type\":\"EntryPoint\",\"urlTemplate\":\"https:\\\/\\\/u-intosai.org\\\/pt-pt\\\/?s={search_term_string}\"},\"query-input\":{\"@type\":\"PropertyValueSpecification\",\"valueRequired\":true,\"valueName\":\"search_term_string\"}}],\"inLanguage\":\"pt-PT\"},{\"@type\":\"Organization\",\"@id\":\"https:\\\/\\\/u-intosai.org\\\/pt-pt\\\/#organization\",\"name\":\"U-INTOSAI \u2014 University of INTOSAI\",\"url\":\"https:\\\/\\\/u-intosai.org\\\/pt-pt\\\/\",\"logo\":{\"@type\":\"ImageObject\",\"inLanguage\":\"pt-PT\",\"@id\":\"https:\\\/\\\/u-intosai.org\\\/pt-pt\\\/#\\\/schema\\\/logo\\\/image\\\/\",\"url\":\"https:\\\/\\\/u-intosai.org\\\/wp-content\\\/uploads\\\/2021\\\/08\\\/miniu-intosai-logo.png\",\"contentUrl\":\"https:\\\/\\\/u-intosai.org\\\/wp-content\\\/uploads\\\/2021\\\/08\\\/miniu-intosai-logo.png\",\"width\":1000,\"height\":479,\"caption\":\"U-INTOSAI \u2014 University of INTOSAI\"},\"image\":{\"@id\":\"https:\\\/\\\/u-intosai.org\\\/pt-pt\\\/#\\\/schema\\\/logo\\\/image\\\/\"},\"sameAs\":[\"https:\\\/\\\/x.com\\\/Incosai2019\",\"https:\\\/\\\/www.youtube.com\\\/channel\\\/UCjD--8sXtgxoPrxRQ_rz5GQ\"]}]}<\/script>\n<!-- \/ Yoast SEO plugin. -->","yoast_head_json":{"title":"U-INTOSAI \u2013 Universidade para Comunidade da INTOSAI","description":"U-INTOSAI \u00e9 uma plataforma de educa\u00e7\u00e3o on-line para todos os membros da INTOSAI, criada como um espa\u00e7o \u00fanico para partilhar experi\u00eancias e conhecimento.","robots":{"index":"index","follow":"follow","max-snippet":"max-snippet:-1","max-image-preview":"max-image-preview:large","max-video-preview":"max-video-preview:-1"},"canonical":"https:\/\/u-intosai.org\/pt-pt\/","og_locale":"pt_PT","og_type":"article","og_title":"U-INTOSAI \u2013 Universidade para Comunidade da INTOSAI","og_description":"U-INTOSAI \u00e9 uma plataforma de educa\u00e7\u00e3o on-line para todos os membros da INTOSAI, criada como um espa\u00e7o \u00fanico para partilhar experi\u00eancias e conhecimento.","og_url":"https:\/\/u-intosai.org\/pt-pt\/","og_site_name":"U-INTOSAI","article_modified_time":"2026-04-13T11:47:40+00:00","og_image":[{"width":1920,"height":1080,"url":"https:\/\/u-intosai.org\/wp-content\/uploads\/2022\/01\/video-poster-11920x1080-1.jpg","type":"image\/jpeg"}],"twitter_card":"summary_large_image","twitter_title":"U-INTOSAI \u2013 Universidade para Comunidade da INTOSAI","twitter_description":"U-INTOSAI \u00e9 uma plataforma de educa\u00e7\u00e3o on-line para todos os membros da INTOSAI, criada como um espa\u00e7o \u00fanico para partilhar experi\u00eancias e conhecimento.","twitter_image":"https:\/\/u-intosai.org\/wp-content\/uploads\/2022\/01\/video-poster-11920x1080-1.jpg","twitter_site":"@Incosai2019","twitter_misc":{"Tempo estimado de leitura":"2 minutos"},"schema":{"@context":"https:\/\/schema.org","@graph":[{"@type":"WebPage","@id":"https:\/\/u-intosai.org\/pt-pt\/","url":"https:\/\/u-intosai.org\/pt-pt\/","name":"U-INTOSAI \u2013 Universidade para Comunidade da INTOSAI","isPartOf":{"@id":"https:\/\/u-intosai.org\/pt-pt\/#website"},"primaryImageOfPage":{"@id":"https:\/\/u-intosai.org\/pt-pt\/#primaryimage"},"image":{"@id":"https:\/\/u-intosai.org\/pt-pt\/#primaryimage"},"thumbnailUrl":"https:\/\/u-intosai.org\/wp-content\/uploads\/2022\/01\/video-poster-11920x1080-1.jpg","datePublished":"2021-10-06T08:16:40+00:00","dateModified":"2026-04-13T11:47:40+00:00","description":"U-INTOSAI \u00e9 uma plataforma de educa\u00e7\u00e3o on-line para todos os membros da INTOSAI, criada como um espa\u00e7o \u00fanico para partilhar experi\u00eancias e conhecimento.","breadcrumb":{"@id":"https:\/\/u-intosai.org\/pt-pt\/#breadcrumb"},"inLanguage":"pt-PT","potentialAction":[{"@type":"ReadAction","target":["https:\/\/u-intosai.org\/pt-pt\/"]}]},{"@type":"ImageObject","inLanguage":"pt-PT","@id":"https:\/\/u-intosai.org\/pt-pt\/#primaryimage","url":"https:\/\/u-intosai.org\/wp-content\/uploads\/2022\/01\/video-poster-11920x1080-1.jpg","contentUrl":"https:\/\/u-intosai.org\/wp-content\/uploads\/2022\/01\/video-poster-11920x1080-1.jpg","width":1920,"height":1080},{"@type":"BreadcrumbList","@id":"https:\/\/u-intosai.org\/pt-pt\/#breadcrumb","itemListElement":[{"@type":"ListItem","position":1,"name":"U-INTOSAI","item":"https:\/\/u-intosai.org\/pt-pt\/"},{"@type":"ListItem","position":2,"name":"Pagina"}]},{"@type":"WebSite","@id":"https:\/\/u-intosai.org\/pt-pt\/#website","url":"https:\/\/u-intosai.org\/pt-pt\/","name":"U-INTOSAI","description":"U-INTOSAI is an open online educational platform for all INTOSAI members created as a unique space for exchanging experience and advanced knowledge.","publisher":{"@id":"https:\/\/u-intosai.org\/pt-pt\/#organization"},"potentialAction":[{"@type":"SearchAction","target":{"@type":"EntryPoint","urlTemplate":"https:\/\/u-intosai.org\/pt-pt\/?s={search_term_string}"},"query-input":{"@type":"PropertyValueSpecification","valueRequired":true,"valueName":"search_term_string"}}],"inLanguage":"pt-PT"},{"@type":"Organization","@id":"https:\/\/u-intosai.org\/pt-pt\/#organization","name":"U-INTOSAI \u2014 University of INTOSAI","url":"https:\/\/u-intosai.org\/pt-pt\/","logo":{"@type":"ImageObject","inLanguage":"pt-PT","@id":"https:\/\/u-intosai.org\/pt-pt\/#\/schema\/logo\/image\/","url":"https:\/\/u-intosai.org\/wp-content\/uploads\/2021\/08\/miniu-intosai-logo.png","contentUrl":"https:\/\/u-intosai.org\/wp-content\/uploads\/2021\/08\/miniu-intosai-logo.png","width":1000,"height":479,"caption":"U-INTOSAI \u2014 University of INTOSAI"},"image":{"@id":"https:\/\/u-intosai.org\/pt-pt\/#\/schema\/logo\/image\/"},"sameAs":["https:\/\/x.com\/Incosai2019","https:\/\/www.youtube.com\/channel\/UCjD--8sXtgxoPrxRQ_rz5GQ"]}]}},"_links":{"self":[{"href":"https:\/\/u-intosai.org\/pt-pt\/wp-json\/wp\/v2\/pages\/9708","targetHints":{"allow":["GET"]}}],"collection":[{"href":"https:\/\/u-intosai.org\/pt-pt\/wp-json\/wp\/v2\/pages"}],"about":[{"href":"https:\/\/u-intosai.org\/pt-pt\/wp-json\/wp\/v2\/types\/page"}],"author":[{"embeddable":true,"href":"https:\/\/u-intosai.org\/pt-pt\/wp-json\/wp\/v2\/users\/1"}],"replies":[{"embeddable":true,"href":"https:\/\/u-intosai.org\/pt-pt\/wp-json\/wp\/v2\/comments?post=9708"}],"version-history":[{"count":32,"href":"https:\/\/u-intosai.org\/pt-pt\/wp-json\/wp\/v2\/pages\/9708\/revisions"}],"predecessor-version":[{"id":50270,"href":"https:\/\/u-intosai.org\/pt-pt\/wp-json\/wp\/v2\/pages\/9708\/revisions\/50270"}],"wp:featuredmedia":[{"embeddable":true,"href":"https:\/\/u-intosai.org\/pt-pt\/wp-json\/wp\/v2\/media\/12179"}],"wp:attachment":[{"href":"https:\/\/u-intosai.org\/pt-pt\/wp-json\/wp\/v2\/media?parent=9708"}],"curies":[{"name":"wp","href":"https:\/\/api.w.org\/{rel}","templated":true}]}}