{"id":9810,"date":"2021-10-06T09:09:29","date_gmt":"2021-10-06T09:09:29","guid":{"rendered":"https:\/\/u-intosai.org\/podcasts\/isc-dos-estados-unidos\/"},"modified":"2022-08-11T00:14:21","modified_gmt":"2022-08-10T21:14:21","slug":"isc-dos-estados-unidos","status":"publish","type":"page","link":"https:\/\/u-intosai.org\/pt-pt\/podcasts\/isc-dos-estados-unidos\/","title":{"rendered":"ISC dos Estados Unidos"},"content":{"rendered":"<div class=\"wpb-content-wrapper\"><p>[vc_row][vc_column][vc_custom_heading text=&#8221;ISC dos Estados Unidos&#8221; font_container=&#8221;tag:h1|text_align:left&#8221; use_theme_fonts=&#8221;yes&#8221;][vc_column_text]<\/p>\n<p><a href=\"https:\/\/www.gao.gov\/podcast\" target=\"_blank\" rel=\"noopener\">ISC dos Estados Unidos<\/a><\/p>\n<p>Este podcast trata de diversos t\u00f3picos. Desde os conceitos b\u00e1sicos de auditoria at\u00e9 os resultados das auditorias e medidas estatais para proteger a popula\u00e7\u00e3o.<\/p>\n<p>Idioma: ingl\u00eas<\/p>\n<p>[\/vc_column_text][vc_raw_html]PGlmcmFtZSBhbGxvdz0iYXV0b3BsYXkgKjsgZW5jcnlwdGVkLW1lZGlhICo7IGZ1bGxzY3JlZW4gKjsgY2xpcGJvYXJkLXdyaXRlIiBmcmFtZWJvcmRlcj0iMCIgaGVpZ2h0PSI0NTAiIHN0eWxlPSJ3aWR0aDoxMDAlO21heC13aWR0aDo2NjBweDtvdmVyZmxvdzpoaWRkZW47YmFja2dyb3VuZDp0cmFuc3BhcmVudDsiIHNhbmRib3g9ImFsbG93LWZvcm1zIGFsbG93LXBvcHVwcyBhbGxvdy1zYW1lLW9yaWdpbiBhbGxvdy1zY3JpcHRzIGFsbG93LXN0b3JhZ2UtYWNjZXNzLWJ5LXVzZXItYWN0aXZhdGlvbiBhbGxvdy10b3AtbmF2aWdhdGlvbi1ieS11c2VyLWFjdGl2YXRpb24iIHNyYz0iaHR0cHM6Ly9lbWJlZC5wb2RjYXN0cy5hcHBsZS5jb20vdXMvcG9kY2FzdC9nb3Zlcm5tZW50LWFjY291bnRhYmlsaXR5LW9mZmljZS1nYW8tcG9kY2FzdC13YXRjaGRvZy9pZDM1ODU1NTgwNiI+PC9pZnJhbWU+[\/vc_raw_html][\/vc_column][\/vc_row]<\/p>\n<\/div>","protected":false},"excerpt":{"rendered":"<p>[vc_row][vc_column][vc_custom_heading text=&#8221;ISC dos Estados Unidos&#8221; font_container=&#8221;tag:h1|text_align:left&#8221; use_theme_fonts=&#8221;yes&#8221;][vc_column_text] ISC dos Estados Unidos Este podcast trata de diversos t\u00f3picos. Desde os conceitos b\u00e1sicos de auditoria at\u00e9 os resultados das auditorias e medidas estatais para proteger a popula\u00e7\u00e3o. Idioma: ingl\u00eas [\/vc_column_text][vc_raw_html]PGlmcmFtZSBhbGxvdz0iYXV0b3BsYXkgKjsgZW5jcnlwdGVkLW1lZGlhICo7IGZ1bGxzY3JlZW4gKjsgY2xpcGJvYXJkLXdyaXRlIiBmcmFtZWJvcmRlcj0iMCIgaGVpZ2h0PSI0NTAiIHN0eWxlPSJ3aWR0aDoxMDAlO21heC13aWR0aDo2NjBweDtvdmVyZmxvdzpoaWRkZW47YmFja2dyb3VuZDp0cmFuc3BhcmVudDsiIHNhbmRib3g9ImFsbG93LWZvcm1zIGFsbG93LXBvcHVwcyBhbGxvdy1zYW1lLW9yaWdpbiBhbGxvdy1zY3JpcHRzIGFsbG93LXN0b3JhZ2UtYWNjZXNzLWJ5LXVzZXItYWN0aXZhdGlvbiBhbGxvdy10b3AtbmF2aWdhdGlvbi1ieS11c2VyLWFjdGl2YXRpb24iIHNyYz0iaHR0cHM6Ly9lbWJlZC5wb2RjYXN0cy5hcHBsZS5jb20vdXMvcG9kY2FzdC9nb3Zlcm5tZW50LWFjY291bnRhYmlsaXR5LW9mZmljZS1nYW8tcG9kY2FzdC13YXRjaGRvZy9pZDM1ODU1NTgwNiI+PC9pZnJhbWU+[\/vc_raw_html][\/vc_column][\/vc_row]<\/p>\n","protected":false},"author":1,"featured_media":9811,"parent":9773,"menu_order":0,"comment_status":"closed","ping_status":"closed","template":"","meta":{"_acf_changed":false,"pmpro_default_level":"","footnotes":""},"class_list":["post-9810","page","type-page","status-publish","has-post-thumbnail","hentry","pmpro-has-access"],"acf":[],"yoast_head":"<!-- This site is optimized with the Yoast SEO plugin v27.3 - https:\/\/yoast.com\/product\/yoast-seo-wordpress\/ -->\n<title>ISC dos Estados Unidos | U-INTOSAI<\/title>\n<meta name=\"description\" content=\"ISC dos Estados Unidos\" \/>\n<meta name=\"robots\" content=\"index, follow, max-snippet:-1, max-image-preview:large, max-video-preview:-1\" \/>\n<link rel=\"canonical\" href=\"https:\/\/u-intosai.org\/pt-pt\/podcasts\/isc-dos-estados-unidos\/\" \/>\n<meta property=\"og:locale\" content=\"pt_PT\" \/>\n<meta property=\"og:type\" content=\"article\" \/>\n<meta property=\"og:title\" content=\"ISC dos Estados Unidos | U-INTOSAI\" \/>\n<meta property=\"og:description\" content=\"ISC dos Estados Unidos\" \/>\n<meta property=\"og:url\" content=\"https:\/\/u-intosai.org\/pt-pt\/podcasts\/isc-dos-estados-unidos\/\" \/>\n<meta property=\"og:site_name\" content=\"U-INTOSAI\" \/>\n<meta property=\"article:modified_time\" content=\"2022-08-10T21:14:21+00:00\" \/>\n<meta property=\"og:image\" content=\"https:\/\/u-intosai.org\/wp-content\/uploads\/2021\/07\/gao-gov-icon-800-mod.jpg\" \/>\n\t<meta property=\"og:image:width\" content=\"800\" \/>\n\t<meta property=\"og:image:height\" content=\"800\" \/>\n\t<meta property=\"og:image:type\" content=\"image\/jpeg\" \/>\n<meta name=\"twitter:card\" content=\"summary_large_image\" \/>\n<meta name=\"twitter:site\" content=\"@Incosai2019\" \/>\n<meta name=\"twitter:label1\" content=\"Tempo estimado de leitura\" \/>\n\t<meta name=\"twitter:data1\" content=\"1 minuto\" \/>\n<script type=\"application\/ld+json\" class=\"yoast-schema-graph\">{\"@context\":\"https:\\\/\\\/schema.org\",\"@graph\":[{\"@type\":\"WebPage\",\"@id\":\"https:\\\/\\\/u-intosai.org\\\/pt-pt\\\/podcasts\\\/isc-dos-estados-unidos\\\/\",\"url\":\"https:\\\/\\\/u-intosai.org\\\/pt-pt\\\/podcasts\\\/isc-dos-estados-unidos\\\/\",\"name\":\"ISC dos Estados Unidos | U-INTOSAI\",\"isPartOf\":{\"@id\":\"https:\\\/\\\/u-intosai.org\\\/pt-pt\\\/#website\"},\"primaryImageOfPage\":{\"@id\":\"https:\\\/\\\/u-intosai.org\\\/pt-pt\\\/podcasts\\\/isc-dos-estados-unidos\\\/#primaryimage\"},\"image\":{\"@id\":\"https:\\\/\\\/u-intosai.org\\\/pt-pt\\\/podcasts\\\/isc-dos-estados-unidos\\\/#primaryimage\"},\"thumbnailUrl\":\"https:\\\/\\\/u-intosai.org\\\/wp-content\\\/uploads\\\/2021\\\/07\\\/gao-gov-icon-800-mod.jpg\",\"datePublished\":\"2021-10-06T09:09:29+00:00\",\"dateModified\":\"2022-08-10T21:14:21+00:00\",\"description\":\"ISC dos Estados Unidos\",\"breadcrumb\":{\"@id\":\"https:\\\/\\\/u-intosai.org\\\/pt-pt\\\/podcasts\\\/isc-dos-estados-unidos\\\/#breadcrumb\"},\"inLanguage\":\"pt-PT\",\"potentialAction\":[{\"@type\":\"ReadAction\",\"target\":[\"https:\\\/\\\/u-intosai.org\\\/pt-pt\\\/podcasts\\\/isc-dos-estados-unidos\\\/\"]}]},{\"@type\":\"ImageObject\",\"inLanguage\":\"pt-PT\",\"@id\":\"https:\\\/\\\/u-intosai.org\\\/pt-pt\\\/podcasts\\\/isc-dos-estados-unidos\\\/#primaryimage\",\"url\":\"https:\\\/\\\/u-intosai.org\\\/wp-content\\\/uploads\\\/2021\\\/07\\\/gao-gov-icon-800-mod.jpg\",\"contentUrl\":\"https:\\\/\\\/u-intosai.org\\\/wp-content\\\/uploads\\\/2021\\\/07\\\/gao-gov-icon-800-mod.jpg\",\"width\":800,\"height\":800},{\"@type\":\"BreadcrumbList\",\"@id\":\"https:\\\/\\\/u-intosai.org\\\/pt-pt\\\/podcasts\\\/isc-dos-estados-unidos\\\/#breadcrumb\",\"itemListElement\":[{\"@type\":\"ListItem\",\"position\":1,\"name\":\"U-INTOSAI\",\"item\":\"https:\\\/\\\/u-intosai.org\\\/pt-pt\\\/\"},{\"@type\":\"ListItem\",\"position\":2,\"name\":\"Podcasts\",\"item\":\"https:\\\/\\\/u-intosai.org\\\/pt-pt\\\/podcasts\\\/\"},{\"@type\":\"ListItem\",\"position\":3,\"name\":\"ISC dos Estados Unidos\"}]},{\"@type\":\"WebSite\",\"@id\":\"https:\\\/\\\/u-intosai.org\\\/pt-pt\\\/#website\",\"url\":\"https:\\\/\\\/u-intosai.org\\\/pt-pt\\\/\",\"name\":\"U-INTOSAI\",\"description\":\"U-INTOSAI is an open online educational platform for all INTOSAI members created as a unique space for exchanging experience and advanced knowledge.\",\"publisher\":{\"@id\":\"https:\\\/\\\/u-intosai.org\\\/pt-pt\\\/#organization\"},\"potentialAction\":[{\"@type\":\"SearchAction\",\"target\":{\"@type\":\"EntryPoint\",\"urlTemplate\":\"https:\\\/\\\/u-intosai.org\\\/pt-pt\\\/?s={search_term_string}\"},\"query-input\":{\"@type\":\"PropertyValueSpecification\",\"valueRequired\":true,\"valueName\":\"search_term_string\"}}],\"inLanguage\":\"pt-PT\"},{\"@type\":\"Organization\",\"@id\":\"https:\\\/\\\/u-intosai.org\\\/pt-pt\\\/#organization\",\"name\":\"U-INTOSAI \u2014 University of INTOSAI\",\"url\":\"https:\\\/\\\/u-intosai.org\\\/pt-pt\\\/\",\"logo\":{\"@type\":\"ImageObject\",\"inLanguage\":\"pt-PT\",\"@id\":\"https:\\\/\\\/u-intosai.org\\\/pt-pt\\\/#\\\/schema\\\/logo\\\/image\\\/\",\"url\":\"https:\\\/\\\/u-intosai.org\\\/wp-content\\\/uploads\\\/2021\\\/08\\\/miniu-intosai-logo.png\",\"contentUrl\":\"https:\\\/\\\/u-intosai.org\\\/wp-content\\\/uploads\\\/2021\\\/08\\\/miniu-intosai-logo.png\",\"width\":1000,\"height\":479,\"caption\":\"U-INTOSAI \u2014 University of INTOSAI\"},\"image\":{\"@id\":\"https:\\\/\\\/u-intosai.org\\\/pt-pt\\\/#\\\/schema\\\/logo\\\/image\\\/\"},\"sameAs\":[\"https:\\\/\\\/x.com\\\/Incosai2019\",\"https:\\\/\\\/www.youtube.com\\\/channel\\\/UCjD--8sXtgxoPrxRQ_rz5GQ\"]}]}<\/script>\n<!-- \/ Yoast SEO plugin. -->","yoast_head_json":{"title":"ISC dos Estados Unidos | U-INTOSAI","description":"ISC dos Estados Unidos","robots":{"index":"index","follow":"follow","max-snippet":"max-snippet:-1","max-image-preview":"max-image-preview:large","max-video-preview":"max-video-preview:-1"},"canonical":"https:\/\/u-intosai.org\/pt-pt\/podcasts\/isc-dos-estados-unidos\/","og_locale":"pt_PT","og_type":"article","og_title":"ISC dos Estados Unidos | U-INTOSAI","og_description":"ISC dos Estados Unidos","og_url":"https:\/\/u-intosai.org\/pt-pt\/podcasts\/isc-dos-estados-unidos\/","og_site_name":"U-INTOSAI","article_modified_time":"2022-08-10T21:14:21+00:00","og_image":[{"width":800,"height":800,"url":"https:\/\/u-intosai.org\/wp-content\/uploads\/2021\/07\/gao-gov-icon-800-mod.jpg","type":"image\/jpeg"}],"twitter_card":"summary_large_image","twitter_site":"@Incosai2019","twitter_misc":{"Tempo estimado de leitura":"1 minuto"},"schema":{"@context":"https:\/\/schema.org","@graph":[{"@type":"WebPage","@id":"https:\/\/u-intosai.org\/pt-pt\/podcasts\/isc-dos-estados-unidos\/","url":"https:\/\/u-intosai.org\/pt-pt\/podcasts\/isc-dos-estados-unidos\/","name":"ISC dos Estados Unidos | U-INTOSAI","isPartOf":{"@id":"https:\/\/u-intosai.org\/pt-pt\/#website"},"primaryImageOfPage":{"@id":"https:\/\/u-intosai.org\/pt-pt\/podcasts\/isc-dos-estados-unidos\/#primaryimage"},"image":{"@id":"https:\/\/u-intosai.org\/pt-pt\/podcasts\/isc-dos-estados-unidos\/#primaryimage"},"thumbnailUrl":"https:\/\/u-intosai.org\/wp-content\/uploads\/2021\/07\/gao-gov-icon-800-mod.jpg","datePublished":"2021-10-06T09:09:29+00:00","dateModified":"2022-08-10T21:14:21+00:00","description":"ISC dos Estados Unidos","breadcrumb":{"@id":"https:\/\/u-intosai.org\/pt-pt\/podcasts\/isc-dos-estados-unidos\/#breadcrumb"},"inLanguage":"pt-PT","potentialAction":[{"@type":"ReadAction","target":["https:\/\/u-intosai.org\/pt-pt\/podcasts\/isc-dos-estados-unidos\/"]}]},{"@type":"ImageObject","inLanguage":"pt-PT","@id":"https:\/\/u-intosai.org\/pt-pt\/podcasts\/isc-dos-estados-unidos\/#primaryimage","url":"https:\/\/u-intosai.org\/wp-content\/uploads\/2021\/07\/gao-gov-icon-800-mod.jpg","contentUrl":"https:\/\/u-intosai.org\/wp-content\/uploads\/2021\/07\/gao-gov-icon-800-mod.jpg","width":800,"height":800},{"@type":"BreadcrumbList","@id":"https:\/\/u-intosai.org\/pt-pt\/podcasts\/isc-dos-estados-unidos\/#breadcrumb","itemListElement":[{"@type":"ListItem","position":1,"name":"U-INTOSAI","item":"https:\/\/u-intosai.org\/pt-pt\/"},{"@type":"ListItem","position":2,"name":"Podcasts","item":"https:\/\/u-intosai.org\/pt-pt\/podcasts\/"},{"@type":"ListItem","position":3,"name":"ISC dos Estados Unidos"}]},{"@type":"WebSite","@id":"https:\/\/u-intosai.org\/pt-pt\/#website","url":"https:\/\/u-intosai.org\/pt-pt\/","name":"U-INTOSAI","description":"U-INTOSAI is an open online educational platform for all INTOSAI members created as a unique space for exchanging experience and advanced knowledge.","publisher":{"@id":"https:\/\/u-intosai.org\/pt-pt\/#organization"},"potentialAction":[{"@type":"SearchAction","target":{"@type":"EntryPoint","urlTemplate":"https:\/\/u-intosai.org\/pt-pt\/?s={search_term_string}"},"query-input":{"@type":"PropertyValueSpecification","valueRequired":true,"valueName":"search_term_string"}}],"inLanguage":"pt-PT"},{"@type":"Organization","@id":"https:\/\/u-intosai.org\/pt-pt\/#organization","name":"U-INTOSAI \u2014 University of INTOSAI","url":"https:\/\/u-intosai.org\/pt-pt\/","logo":{"@type":"ImageObject","inLanguage":"pt-PT","@id":"https:\/\/u-intosai.org\/pt-pt\/#\/schema\/logo\/image\/","url":"https:\/\/u-intosai.org\/wp-content\/uploads\/2021\/08\/miniu-intosai-logo.png","contentUrl":"https:\/\/u-intosai.org\/wp-content\/uploads\/2021\/08\/miniu-intosai-logo.png","width":1000,"height":479,"caption":"U-INTOSAI \u2014 University of INTOSAI"},"image":{"@id":"https:\/\/u-intosai.org\/pt-pt\/#\/schema\/logo\/image\/"},"sameAs":["https:\/\/x.com\/Incosai2019","https:\/\/www.youtube.com\/channel\/UCjD--8sXtgxoPrxRQ_rz5GQ"]}]}},"_links":{"self":[{"href":"https:\/\/u-intosai.org\/pt-pt\/wp-json\/wp\/v2\/pages\/9810","targetHints":{"allow":["GET"]}}],"collection":[{"href":"https:\/\/u-intosai.org\/pt-pt\/wp-json\/wp\/v2\/pages"}],"about":[{"href":"https:\/\/u-intosai.org\/pt-pt\/wp-json\/wp\/v2\/types\/page"}],"author":[{"embeddable":true,"href":"https:\/\/u-intosai.org\/pt-pt\/wp-json\/wp\/v2\/users\/1"}],"replies":[{"embeddable":true,"href":"https:\/\/u-intosai.org\/pt-pt\/wp-json\/wp\/v2\/comments?post=9810"}],"version-history":[{"count":6,"href":"https:\/\/u-intosai.org\/pt-pt\/wp-json\/wp\/v2\/pages\/9810\/revisions"}],"predecessor-version":[{"id":18801,"href":"https:\/\/u-intosai.org\/pt-pt\/wp-json\/wp\/v2\/pages\/9810\/revisions\/18801"}],"up":[{"embeddable":true,"href":"https:\/\/u-intosai.org\/pt-pt\/wp-json\/wp\/v2\/pages\/9773"}],"wp:featuredmedia":[{"embeddable":true,"href":"https:\/\/u-intosai.org\/pt-pt\/wp-json\/wp\/v2\/media\/9811"}],"wp:attachment":[{"href":"https:\/\/u-intosai.org\/pt-pt\/wp-json\/wp\/v2\/media?parent=9810"}],"curies":[{"name":"wp","href":"https:\/\/api.w.org\/{rel}","templated":true}]}}